{"id":21985,"date":"2023-03-11T21:12:59","date_gmt":"2023-03-11T21:12:59","guid":{"rendered":"https:\/\/rls-wacon.de\/produkt\/indicateur-ca\/"},"modified":"2023-03-11T21:12:59","modified_gmt":"2023-03-11T20:12:59","slug":"indicateur-ca","status":"publish","type":"product","link":"https:\/\/rls-wacon.de\/fr\/produkt\/indicateur-ca\/","title":{"rendered":"Indicateur CA"},"content":{"rendered":"<hr title=\"Plage d'analyse\" class=\"system-pagebreak\">\n<table class=\"wacon-table\" style=\"width: 240px; height: 105px;\">\n<tbody>\n<tr>\n<td>Plage de mesure Sycon 3000 C<\/td>\n<td>Unit\u00e9 de mesure<\/td>\n<\/tr>\n<tr>\n<td>0,15 &#8230; 3,00<\/td>\n<td>\u00b0dH<\/td>\n<\/tr>\n<tr>\n<td>2,67 &#8230; 53,4<\/td>\n<td>ppm<\/td>\n<\/tr>\n<tr>\n<td>0,27 &#8230; 5,34<\/td>\n<td>\u00b0f<\/td>\n<\/tr>\n<tr>\n<td>0,19 &#8230; 3,76<\/td>\n<td>\u00b0e<\/td>\n<\/tr>\n<\/tbody>\n<\/table>\n<hr title=\"Analyseurs compatibles\" class=\"system-pagebreak\">\n<table class=\"wacon-table\" style=\"width: 611px; height: 177px;\">\n<tbody>\n<tr>\n<td>Appareil<\/td>\n<td>Compatible<\/td>\n<td>Remarque<\/td>\n<\/tr>\n<tr>\n<td>Sycon 2500<\/td>\n<td>non<\/td>\n<td>Analyseur retir\u00e9 du march\u00e9, remplac\u00e9 par l&rsquo;analyseur Sycon 2502<\/td>\n<\/tr>\n<tr>\n<td>Sycon 2501<\/td>\n<td>non<\/td>\n<td>Analyseur retir\u00e9, remplac\u00e9 par l&rsquo;analyseur Sycon 2502<\/td>\n<\/tr>\n<tr>\n<td>Sycon 2502<\/td>\n<td>non<\/td>\n<td> <\/td>\n<\/tr>\n<tr>\n<td>Sycon 2800<\/td>\n<td>non<\/td>\n<td> <\/td>\n<\/tr>\n<tr>\n<td>Sycon 3000 C<\/td>\n<td>oui<\/td>\n<td> Analyseur retir\u00e9 du march\u00e9, remplac\u00e9 par l&rsquo;analyseur Sycon 2800<\/td>\n<\/tr>\n<\/tbody>\n<\/table>\n<hr title=\"Donn\u00e9es techniques\" class=\"system-pagebreak\">\n<table class=\"wacon-table\">\n<tbody>\n<tr>\n<td>Param\u00e8tre<\/td>\n<td>Valeur \/ Plage<\/td>\n<\/tr>\n<tr>\n<td>Dur\u00e9e de vie<\/td>\n<td>24 mois<\/td>\n<\/tr>\n<tr>\n<td>Quantit\u00e9<\/td>\n<td>500 ml<\/td>\n<\/tr>\n<tr>\n<td>Bouteille<\/td>\n<td>angulaire<\/td>\n<\/tr>\n<\/tbody>\n<\/table>\n","protected":false},"excerpt":{"rendered":"<p>L&rsquo;indicateur CA 3 est un indicateur de duret\u00e9 carbonat\u00e9e destin\u00e9 \u00e0 \u00eatre utilis\u00e9 dans l&rsquo;analyseur Sycon 3000 C. Il est utilis\u00e9 pour d\u00e9terminer la duret\u00e9 carbonat\u00e9e de l&rsquo;eau.<\/p>\n<p>Comme tous nos indicateurs pour nos propres analyseurs, le CA 3 pr\u00e9sente les caract\u00e9ristiques suivantes<\/p>\n<ul>\n<li>Utilisation de mati\u00e8res premi\u00e8res de qualit\u00e9<\/li>\n<li>Fabrication selon notre propre recette<\/li>\n<li>Dur\u00e9e de conservation de 24 mois<\/li>\n<\/ul><\/p>\n","protected":false},"featured_media":0,"template":"","meta":{"_acf_changed":false},"product_brand":[],"product_cat":[969],"product_tag":[],"class_list":{"0":"post-21985","1":"product","2":"type-product","3":"status-publish","5":"product_cat-non-classe","7":"first","8":"instock","9":"shipping-taxable","10":"purchasable","11":"product-type-variable"},"exclude_global_add_ons":[],"addons":[],"acf":[],"yoast_head":"<!-- This site is optimized with the Yoast SEO Premium plugin v27.5 (Yoast SEO v27.5) - https:\/\/yoast.com\/product\/yoast-seo-premium-wordpress\/ -->\n<title>Indicateur CA - RLS Wacon analytics<\/title>\n<meta name=\"robots\" content=\"index, follow, max-snippet:-1, max-image-preview:large, max-video-preview:-1\" \/>\n<link rel=\"canonical\" href=\"https:\/\/rls-wacon.de\/produkt\/indikator-ca\/\" \/>\n<meta property=\"og:locale\" content=\"fr_FR\" \/>\n<meta property=\"og:type\" content=\"article\" \/>\n<meta property=\"og:title\" content=\"Indicateur CA\" \/>\n<meta property=\"og:description\" content=\"L&#039;indicateur CA 3 est un indicateur de duret\u00e9 carbonat\u00e9e destin\u00e9 \u00e0 \u00eatre utilis\u00e9 dans l&#039;analyseur Sycon 3000 C. Il est utilis\u00e9 pour d\u00e9terminer la duret\u00e9 carbonat\u00e9e de l&#039;eau. Comme tous nos indicateurs pour nos propres analyseurs, le CA 3 pr\u00e9sente les caract\u00e9ristiques suivantes Utilisation de mati\u00e8res premi\u00e8res de qualit\u00e9 Fabrication selon notre propre recette Dur\u00e9e de conservation de 24 mois\" \/>\n<meta property=\"og:url\" content=\"https:\/\/rls-wacon.de\/produkt\/indikator-ca\/\" \/>\n<meta property=\"og:site_name\" content=\"RLS Wacon analytics\" \/>\n<meta name=\"twitter:card\" content=\"summary_large_image\" \/>\n<meta name=\"twitter:label1\" content=\"Disponibilit\u00e9\" \/>\n\t<meta name=\"twitter:data1\" content=\"En stock\" \/>\n<script type=\"application\/ld+json\" class=\"yoast-schema-graph\">{\"@context\":\"https:\\\/\\\/schema.org\",\"@graph\":[{\"@type\":\"WebPage\",\"@id\":\"https:\\\/\\\/rls-wacon.de\\\/produkt\\\/indikator-ca\\\/\",\"url\":\"https:\\\/\\\/rls-wacon.de\\\/produkt\\\/indikator-ca\\\/\",\"name\":\"Indicateur CA - RLS Wacon analytics\",\"isPartOf\":{\"@id\":\"https:\\\/\\\/rls-wacon.de\\\/#website\"},\"datePublished\":\"2023-03-11T21:12:59+00:00\",\"breadcrumb\":{\"@id\":\"https:\\\/\\\/rls-wacon.de\\\/produkt\\\/indikator-ca\\\/#breadcrumb\"},\"inLanguage\":\"fr-FR\",\"potentialAction\":[{\"@type\":\"ReadAction\",\"target\":[\"https:\\\/\\\/rls-wacon.de\\\/produkt\\\/indikator-ca\\\/\"]}]},{\"@type\":\"BreadcrumbList\",\"@id\":\"https:\\\/\\\/rls-wacon.de\\\/produkt\\\/indikator-ca\\\/#breadcrumb\",\"itemListElement\":[{\"@type\":\"ListItem\",\"position\":1,\"name\":\"Page d'accueil\",\"item\":\"https:\\\/\\\/rls-wacon.de\\\/\"},{\"@type\":\"ListItem\",\"position\":2,\"name\":\"Boutique\",\"item\":\"https:\\\/\\\/rls-wacon.de\\\/shop\\\/\"},{\"@type\":\"ListItem\",\"position\":3,\"name\":\"Indicateur CA\"}]},{\"@type\":\"WebSite\",\"@id\":\"https:\\\/\\\/rls-wacon.de\\\/#website\",\"url\":\"https:\\\/\\\/rls-wacon.de\\\/\",\"name\":\"RLS Wacon analytics GmbH\",\"description\":\"Experts for water monitoring\",\"publisher\":{\"@id\":\"https:\\\/\\\/rls-wacon.de\\\/#organization\"},\"potentialAction\":[{\"@type\":\"SearchAction\",\"target\":{\"@type\":\"EntryPoint\",\"urlTemplate\":\"https:\\\/\\\/rls-wacon.de\\\/?s={search_term_string}\"},\"query-input\":{\"@type\":\"PropertyValueSpecification\",\"valueRequired\":true,\"valueName\":\"search_term_string\"}}],\"inLanguage\":\"fr-FR\"},{\"@type\":\"Organization\",\"@id\":\"https:\\\/\\\/rls-wacon.de\\\/#organization\",\"name\":\"RLS Wacon analytics GmbH\",\"url\":\"https:\\\/\\\/rls-wacon.de\\\/\",\"logo\":{\"@type\":\"ImageObject\",\"inLanguage\":\"fr-FR\",\"@id\":\"https:\\\/\\\/rls-wacon.de\\\/#\\\/schema\\\/logo\\\/image\\\/\",\"url\":\"https:\\\/\\\/rls-wacon.de\\\/wp-content\\\/uploads\\\/2022\\\/10\\\/RLSWacon-analytics-Logo-BR-RZ-9_17-768x1591.png\",\"contentUrl\":\"https:\\\/\\\/rls-wacon.de\\\/wp-content\\\/uploads\\\/2022\\\/10\\\/RLSWacon-analytics-Logo-BR-RZ-9_17-768x1591.png\",\"width\":768,\"height\":159,\"caption\":\"RLS Wacon analytics GmbH\"},\"image\":{\"@id\":\"https:\\\/\\\/rls-wacon.de\\\/#\\\/schema\\\/logo\\\/image\\\/\"}}]}<\/script>\n<meta property=\"og:availability\" content=\"instock\" \/>\n<meta property=\"product:availability\" content=\"instock\" \/>\n<meta property=\"product:condition\" content=\"new\" \/>\n<!-- \/ Yoast SEO Premium plugin. -->","yoast_head_json":{"title":"Indicateur CA - RLS Wacon analytics","robots":{"index":"index","follow":"follow","max-snippet":"max-snippet:-1","max-image-preview":"max-image-preview:large","max-video-preview":"max-video-preview:-1"},"canonical":"https:\/\/rls-wacon.de\/produkt\/indikator-ca\/","og_locale":"fr_FR","og_type":"article","og_title":"Indicateur CA","og_description":"L'indicateur CA 3 est un indicateur de duret\u00e9 carbonat\u00e9e destin\u00e9 \u00e0 \u00eatre utilis\u00e9 dans l'analyseur Sycon 3000 C. Il est utilis\u00e9 pour d\u00e9terminer la duret\u00e9 carbonat\u00e9e de l'eau. Comme tous nos indicateurs pour nos propres analyseurs, le CA 3 pr\u00e9sente les caract\u00e9ristiques suivantes Utilisation de mati\u00e8res premi\u00e8res de qualit\u00e9 Fabrication selon notre propre recette Dur\u00e9e de conservation de 24 mois","og_url":"https:\/\/rls-wacon.de\/produkt\/indikator-ca\/","og_site_name":"RLS Wacon analytics","twitter_card":"summary_large_image","twitter_misc":{"Disponibilit\u00e9":"En stock"},"schema":{"@context":"https:\/\/schema.org","@graph":[{"@type":"WebPage","@id":"https:\/\/rls-wacon.de\/produkt\/indikator-ca\/","url":"https:\/\/rls-wacon.de\/produkt\/indikator-ca\/","name":"Indicateur CA - RLS Wacon analytics","isPartOf":{"@id":"https:\/\/rls-wacon.de\/#website"},"datePublished":"2023-03-11T21:12:59+00:00","breadcrumb":{"@id":"https:\/\/rls-wacon.de\/produkt\/indikator-ca\/#breadcrumb"},"inLanguage":"fr-FR","potentialAction":[{"@type":"ReadAction","target":["https:\/\/rls-wacon.de\/produkt\/indikator-ca\/"]}]},{"@type":"BreadcrumbList","@id":"https:\/\/rls-wacon.de\/produkt\/indikator-ca\/#breadcrumb","itemListElement":[{"@type":"ListItem","position":1,"name":"Page d'accueil","item":"https:\/\/rls-wacon.de\/"},{"@type":"ListItem","position":2,"name":"Boutique","item":"https:\/\/rls-wacon.de\/shop\/"},{"@type":"ListItem","position":3,"name":"Indicateur CA"}]},{"@type":"WebSite","@id":"https:\/\/rls-wacon.de\/#website","url":"https:\/\/rls-wacon.de\/","name":"RLS Wacon analytics GmbH","description":"Experts for water monitoring","publisher":{"@id":"https:\/\/rls-wacon.de\/#organization"},"potentialAction":[{"@type":"SearchAction","target":{"@type":"EntryPoint","urlTemplate":"https:\/\/rls-wacon.de\/?s={search_term_string}"},"query-input":{"@type":"PropertyValueSpecification","valueRequired":true,"valueName":"search_term_string"}}],"inLanguage":"fr-FR"},{"@type":"Organization","@id":"https:\/\/rls-wacon.de\/#organization","name":"RLS Wacon analytics GmbH","url":"https:\/\/rls-wacon.de\/","logo":{"@type":"ImageObject","inLanguage":"fr-FR","@id":"https:\/\/rls-wacon.de\/#\/schema\/logo\/image\/","url":"https:\/\/rls-wacon.de\/wp-content\/uploads\/2022\/10\/RLSWacon-analytics-Logo-BR-RZ-9_17-768x1591.png","contentUrl":"https:\/\/rls-wacon.de\/wp-content\/uploads\/2022\/10\/RLSWacon-analytics-Logo-BR-RZ-9_17-768x1591.png","width":768,"height":159,"caption":"RLS Wacon analytics GmbH"},"image":{"@id":"https:\/\/rls-wacon.de\/#\/schema\/logo\/image\/"}}]},"og_availability":"instock","product_availability":"instock","product_condition":"new"},"_links":{"self":[{"href":"https:\/\/rls-wacon.de\/fr\/wp-json\/wp\/v2\/product\/21985","targetHints":{"allow":["GET"]}}],"collection":[{"href":"https:\/\/rls-wacon.de\/fr\/wp-json\/wp\/v2\/product"}],"about":[{"href":"https:\/\/rls-wacon.de\/fr\/wp-json\/wp\/v2\/types\/product"}],"version-history":[{"count":0,"href":"https:\/\/rls-wacon.de\/fr\/wp-json\/wp\/v2\/product\/21985\/revisions"}],"wp:attachment":[{"href":"https:\/\/rls-wacon.de\/fr\/wp-json\/wp\/v2\/media?parent=21985"}],"wp:term":[{"taxonomy":"product_brand","embeddable":true,"href":"https:\/\/rls-wacon.de\/fr\/wp-json\/wp\/v2\/product_brand?post=21985"},{"taxonomy":"product_cat","embeddable":true,"href":"https:\/\/rls-wacon.de\/fr\/wp-json\/wp\/v2\/product_cat?post=21985"},{"taxonomy":"product_tag","embeddable":true,"href":"https:\/\/rls-wacon.de\/fr\/wp-json\/wp\/v2\/product_tag?post=21985"}],"curies":[{"name":"wp","href":"https:\/\/api.w.org\/{rel}","templated":true}]}}