{"id":21999,"date":"2023-03-11T21:13:02","date_gmt":"2023-03-11T21:13:02","guid":{"rendered":"https:\/\/rls-wacon.de\/produkt\/indicateur-ha\/"},"modified":"2026-02-16T19:06:43","modified_gmt":"2026-02-16T18:06:43","slug":"indicateur-ha","status":"publish","type":"product","link":"https:\/\/rls-wacon.de\/fr\/produkt\/indicateur-ha\/","title":{"rendered":"Indicateur HA"},"content":{"rendered":"<hr class=\"system-pagebreak\" title=\"Plage d'analyse\" \/>\n<table class=\"wacon-table\" style=\"width: 240px; height: 105px;\">\n<tbody>\n<tr>\n<td>Plage de mesure Sycon 3000H<\/td>\n<td>Unit\u00e9 de mesure<\/td>\n<\/tr>\n<tr>\n<td>0,02 &#8230; 0,30<\/td>\n<td>\u00b0dH<\/td>\n<\/tr>\n<tr>\n<td>0,36 &#8230; 5,34<\/td>\n<td>ppm<\/td>\n<\/tr>\n<tr>\n<td>0,04 &#8230; 0,53<\/td>\n<td>\u00b0f<\/td>\n<\/tr>\n<tr>\n<td>0,03 &#8230; 0,37<\/td>\n<td>\u00b0e<\/td>\n<\/tr>\n<\/tbody>\n<\/table>\n<hr class=\"system-pagebreak\" title=\"Analyseurs compatibles\" \/>\n<table class=\"wacon-table\">\n<tbody>\n<tr>\n<td>Appareil<\/td>\n<td>Compatible<\/td>\n<td>Remarque<\/td>\n<\/tr>\n<tr>\n<td>Sycon 2500<\/td>\n<td>non<\/td>\n<td>Analyseur retir\u00e9 du march\u00e9, remplac\u00e9 par l&rsquo;analyseur Sycon 2502<\/td>\n<\/tr>\n<tr>\n<td>Sycon 2501<\/td>\n<td>non<\/td>\n<td>Analyseur retir\u00e9, remplac\u00e9 par l&rsquo;analyseur Sycon 2502<\/td>\n<\/tr>\n<tr>\n<td>Sycon 2502<\/td>\n<td>non<\/td>\n<td><\/td>\n<\/tr>\n<tr>\n<td>Sycon 2800<\/td>\n<td>non<\/td>\n<td><\/td>\n<\/tr>\n<tr>\n<td>Sycon 3000<\/td>\n<td>oui<\/td>\n<td>Analyseur retir\u00e9 du march\u00e9, remplac\u00e9 par l&rsquo;analyseur Sycon 2800<\/td>\n<\/tr>\n<\/tbody>\n<\/table>\n<hr class=\"system-pagebreak\" title=\"Donn\u00e9es techniques\" \/>\n<table class=\"wacon-table\">\n<tbody>\n<tr>\n<td>Param\u00e8tre<\/td>\n<td>Valeur \/ Plage<\/td>\n<\/tr>\n<tr>\n<td>Dur\u00e9e de vie<\/td>\n<td>24 mois<\/td>\n<\/tr>\n<tr>\n<td>Quantit\u00e9<\/td>\n<td>500 ml<\/td>\n<\/tr>\n<tr>\n<td>Bouteille<\/td>\n<td>angulaire<\/td>\n<\/tr>\n<\/tbody>\n<\/table>\n","protected":false},"excerpt":{"rendered":"<p>L&rsquo;indicateur HA 0,3 est un indicateur de duret\u00e9 r\u00e9siduelle ou totale \u00e0 utiliser avec l&rsquo;analyseur Sycon 3000H.<\/p>\n<p>Comme tous nos indicateurs pour nos propres analyseurs, le HA 0,3 se distingue par les caract\u00e9ristiques suivantes<\/p>\n<ul>\n<li>Utilisation de mati\u00e8res premi\u00e8res de qualit\u00e9<\/li>\n<li>Fabrication selon notre propre recette<\/li>\n<li>Dur\u00e9e de conservation de 24 mois<\/li>\n<\/ul>\n<p>L&rsquo;indicateur HA 0,3 est \u00e9galement disponible dans un pack avantageux de 4 bouteilles.<\/p>\n","protected":false},"featured_media":20944,"template":"","meta":{"_acf_changed":false},"product_brand":[],"product_cat":[969],"product_tag":[971,972,970],"class_list":{"0":"post-21999","1":"product","2":"type-product","3":"status-publish","4":"has-post-thumbnail","6":"product_cat-non-classe","7":"product_tag-les-femmes","8":"product_tag-sycon-3000-fr","9":"product_tag-wasserhaerte-chauffage-a-leau","11":"first","12":"instock","13":"shipping-taxable","14":"purchasable","15":"product-type-variable"},"exclude_global_add_ons":[],"addons":[],"acf":[],"yoast_head":"<!-- This site is optimized with the Yoast SEO Premium plugin v27.5 (Yoast SEO v27.5) - https:\/\/yoast.com\/product\/yoast-seo-premium-wordpress\/ -->\n<title>Indicateur HA - RLS Wacon analytics<\/title>\n<meta name=\"description\" content=\"L&#039;indicateur HA 0,3 est un indicateur de duret\u00e9 r\u00e9siduelle ou totale \u00e0 utiliser avec l&#039;analyseur Sycon 3000H.Comme tous nos indicateurs pour nos\u2026\" \/>\n<meta name=\"robots\" content=\"index, follow, max-snippet:-1, max-image-preview:large, max-video-preview:-1\" \/>\n<link rel=\"canonical\" href=\"https:\/\/rls-wacon.de\/fr\/produkt\/indicateur-ha\/\" \/>\n<meta property=\"og:locale\" content=\"fr_FR\" \/>\n<meta property=\"og:type\" content=\"article\" \/>\n<meta property=\"og:title\" content=\"Indicateur HA\" \/>\n<meta property=\"og:description\" content=\"L&#039;indicateur HA 0,3 est un indicateur de duret\u00e9 r\u00e9siduelle ou totale \u00e0 utiliser avec l&#039;analyseur Sycon 3000H.Comme tous nos indicateurs pour nos\u2026\" \/>\n<meta property=\"og:url\" content=\"https:\/\/rls-wacon.de\/fr\/produkt\/indicateur-ha\/\" \/>\n<meta property=\"og:site_name\" content=\"RLS Wacon analytics\" \/>\n<meta property=\"article:modified_time\" content=\"2026-02-16T18:06:43+00:00\" \/>\n<meta property=\"og:image\" content=\"https:\/\/rls-wacon.de\/wp-content\/uploads\/2023\/03\/indikator-ha-0-3.jpg\" \/>\n\t<meta property=\"og:image:width\" content=\"1920\" \/>\n\t<meta property=\"og:image:height\" content=\"1280\" \/>\n\t<meta property=\"og:image:type\" content=\"image\/jpeg\" \/>\n<meta name=\"twitter:card\" content=\"summary_large_image\" \/>\n<meta name=\"twitter:label1\" content=\"Disponibilit\u00e9\" \/>\n\t<meta name=\"twitter:data1\" content=\"En stock\" \/>\n<script type=\"application\/ld+json\" class=\"yoast-schema-graph\">{\"@context\":\"https:\\\/\\\/schema.org\",\"@graph\":[{\"@type\":\"WebPage\",\"@id\":\"https:\\\/\\\/rls-wacon.de\\\/fr\\\/produkt\\\/indicateur-ha\\\/\",\"url\":\"https:\\\/\\\/rls-wacon.de\\\/fr\\\/produkt\\\/indicateur-ha\\\/\",\"name\":\"Indicateur HA - RLS Wacon analytics\",\"isPartOf\":{\"@id\":\"https:\\\/\\\/rls-wacon.de\\\/#website\"},\"primaryImageOfPage\":{\"@id\":\"https:\\\/\\\/rls-wacon.de\\\/fr\\\/produkt\\\/indicateur-ha\\\/#primaryimage\"},\"image\":{\"@id\":\"https:\\\/\\\/rls-wacon.de\\\/fr\\\/produkt\\\/indicateur-ha\\\/#primaryimage\"},\"thumbnailUrl\":\"https:\\\/\\\/rls-wacon.de\\\/wp-content\\\/uploads\\\/2023\\\/03\\\/indikator-ha-0-3.jpg\",\"datePublished\":\"2023-03-11T21:13:02+00:00\",\"dateModified\":\"2026-02-16T18:06:43+00:00\",\"description\":\"L'indicateur HA 0,3 est un indicateur de duret\u00e9 r\u00e9siduelle ou totale \u00e0 utiliser avec l'analyseur Sycon 3000H.Comme tous nos indicateurs pour nos\u2026\",\"breadcrumb\":{\"@id\":\"https:\\\/\\\/rls-wacon.de\\\/fr\\\/produkt\\\/indicateur-ha\\\/#breadcrumb\"},\"inLanguage\":\"fr-FR\",\"potentialAction\":[{\"@type\":\"ReadAction\",\"target\":[\"https:\\\/\\\/rls-wacon.de\\\/fr\\\/produkt\\\/indicateur-ha\\\/\"]}]},{\"@type\":\"ImageObject\",\"inLanguage\":\"fr-FR\",\"@id\":\"https:\\\/\\\/rls-wacon.de\\\/fr\\\/produkt\\\/indicateur-ha\\\/#primaryimage\",\"url\":\"https:\\\/\\\/rls-wacon.de\\\/wp-content\\\/uploads\\\/2023\\\/03\\\/indikator-ha-0-3.jpg\",\"contentUrl\":\"https:\\\/\\\/rls-wacon.de\\\/wp-content\\\/uploads\\\/2023\\\/03\\\/indikator-ha-0-3.jpg\",\"width\":1920,\"height\":1280,\"caption\":\"indicateur-ha-0-3\"},{\"@type\":\"BreadcrumbList\",\"@id\":\"https:\\\/\\\/rls-wacon.de\\\/fr\\\/produkt\\\/indicateur-ha\\\/#breadcrumb\",\"itemListElement\":[{\"@type\":\"ListItem\",\"position\":1,\"name\":\"Page d'accueil\",\"item\":\"https:\\\/\\\/rls-wacon.de\\\/\"},{\"@type\":\"ListItem\",\"position\":2,\"name\":\"Boutique\",\"item\":\"https:\\\/\\\/rls-wacon.de\\\/shop\\\/\"},{\"@type\":\"ListItem\",\"position\":3,\"name\":\"Indicateur HA\"}]},{\"@type\":\"WebSite\",\"@id\":\"https:\\\/\\\/rls-wacon.de\\\/#website\",\"url\":\"https:\\\/\\\/rls-wacon.de\\\/\",\"name\":\"RLS Wacon analytics GmbH\",\"description\":\"Experts for water monitoring\",\"publisher\":{\"@id\":\"https:\\\/\\\/rls-wacon.de\\\/#organization\"},\"potentialAction\":[{\"@type\":\"SearchAction\",\"target\":{\"@type\":\"EntryPoint\",\"urlTemplate\":\"https:\\\/\\\/rls-wacon.de\\\/?s={search_term_string}\"},\"query-input\":{\"@type\":\"PropertyValueSpecification\",\"valueRequired\":true,\"valueName\":\"search_term_string\"}}],\"inLanguage\":\"fr-FR\"},{\"@type\":\"Organization\",\"@id\":\"https:\\\/\\\/rls-wacon.de\\\/#organization\",\"name\":\"RLS Wacon analytics GmbH\",\"url\":\"https:\\\/\\\/rls-wacon.de\\\/\",\"logo\":{\"@type\":\"ImageObject\",\"inLanguage\":\"fr-FR\",\"@id\":\"https:\\\/\\\/rls-wacon.de\\\/#\\\/schema\\\/logo\\\/image\\\/\",\"url\":\"https:\\\/\\\/rls-wacon.de\\\/wp-content\\\/uploads\\\/2022\\\/10\\\/RLSWacon-analytics-Logo-BR-RZ-9_17-768x1591.png\",\"contentUrl\":\"https:\\\/\\\/rls-wacon.de\\\/wp-content\\\/uploads\\\/2022\\\/10\\\/RLSWacon-analytics-Logo-BR-RZ-9_17-768x1591.png\",\"width\":768,\"height\":159,\"caption\":\"RLS Wacon analytics GmbH\"},\"image\":{\"@id\":\"https:\\\/\\\/rls-wacon.de\\\/#\\\/schema\\\/logo\\\/image\\\/\"}}]}<\/script>\n<meta property=\"og:availability\" content=\"instock\" \/>\n<meta property=\"product:availability\" content=\"instock\" \/>\n<meta property=\"product:condition\" content=\"new\" \/>\n<!-- \/ Yoast SEO Premium plugin. -->","yoast_head_json":{"title":"Indicateur HA - RLS Wacon analytics","description":"L'indicateur HA 0,3 est un indicateur de duret\u00e9 r\u00e9siduelle ou totale \u00e0 utiliser avec l'analyseur Sycon 3000H.Comme tous nos indicateurs pour nos\u2026","robots":{"index":"index","follow":"follow","max-snippet":"max-snippet:-1","max-image-preview":"max-image-preview:large","max-video-preview":"max-video-preview:-1"},"canonical":"https:\/\/rls-wacon.de\/fr\/produkt\/indicateur-ha\/","og_locale":"fr_FR","og_type":"article","og_title":"Indicateur HA","og_description":"L'indicateur HA 0,3 est un indicateur de duret\u00e9 r\u00e9siduelle ou totale \u00e0 utiliser avec l'analyseur Sycon 3000H.Comme tous nos indicateurs pour nos\u2026","og_url":"https:\/\/rls-wacon.de\/fr\/produkt\/indicateur-ha\/","og_site_name":"RLS Wacon analytics","article_modified_time":"2026-02-16T18:06:43+00:00","og_image":[{"width":1920,"height":1280,"url":"https:\/\/rls-wacon.de\/wp-content\/uploads\/2023\/03\/indikator-ha-0-3.jpg","type":"image\/jpeg"}],"twitter_card":"summary_large_image","twitter_misc":{"Disponibilit\u00e9":"En stock"},"schema":{"@context":"https:\/\/schema.org","@graph":[{"@type":"WebPage","@id":"https:\/\/rls-wacon.de\/fr\/produkt\/indicateur-ha\/","url":"https:\/\/rls-wacon.de\/fr\/produkt\/indicateur-ha\/","name":"Indicateur HA - RLS Wacon analytics","isPartOf":{"@id":"https:\/\/rls-wacon.de\/#website"},"primaryImageOfPage":{"@id":"https:\/\/rls-wacon.de\/fr\/produkt\/indicateur-ha\/#primaryimage"},"image":{"@id":"https:\/\/rls-wacon.de\/fr\/produkt\/indicateur-ha\/#primaryimage"},"thumbnailUrl":"https:\/\/rls-wacon.de\/wp-content\/uploads\/2023\/03\/indikator-ha-0-3.jpg","datePublished":"2023-03-11T21:13:02+00:00","dateModified":"2026-02-16T18:06:43+00:00","description":"L'indicateur HA 0,3 est un indicateur de duret\u00e9 r\u00e9siduelle ou totale \u00e0 utiliser avec l'analyseur Sycon 3000H.Comme tous nos indicateurs pour nos\u2026","breadcrumb":{"@id":"https:\/\/rls-wacon.de\/fr\/produkt\/indicateur-ha\/#breadcrumb"},"inLanguage":"fr-FR","potentialAction":[{"@type":"ReadAction","target":["https:\/\/rls-wacon.de\/fr\/produkt\/indicateur-ha\/"]}]},{"@type":"ImageObject","inLanguage":"fr-FR","@id":"https:\/\/rls-wacon.de\/fr\/produkt\/indicateur-ha\/#primaryimage","url":"https:\/\/rls-wacon.de\/wp-content\/uploads\/2023\/03\/indikator-ha-0-3.jpg","contentUrl":"https:\/\/rls-wacon.de\/wp-content\/uploads\/2023\/03\/indikator-ha-0-3.jpg","width":1920,"height":1280,"caption":"indicateur-ha-0-3"},{"@type":"BreadcrumbList","@id":"https:\/\/rls-wacon.de\/fr\/produkt\/indicateur-ha\/#breadcrumb","itemListElement":[{"@type":"ListItem","position":1,"name":"Page d'accueil","item":"https:\/\/rls-wacon.de\/"},{"@type":"ListItem","position":2,"name":"Boutique","item":"https:\/\/rls-wacon.de\/shop\/"},{"@type":"ListItem","position":3,"name":"Indicateur HA"}]},{"@type":"WebSite","@id":"https:\/\/rls-wacon.de\/#website","url":"https:\/\/rls-wacon.de\/","name":"RLS Wacon analytics GmbH","description":"Experts for water monitoring","publisher":{"@id":"https:\/\/rls-wacon.de\/#organization"},"potentialAction":[{"@type":"SearchAction","target":{"@type":"EntryPoint","urlTemplate":"https:\/\/rls-wacon.de\/?s={search_term_string}"},"query-input":{"@type":"PropertyValueSpecification","valueRequired":true,"valueName":"search_term_string"}}],"inLanguage":"fr-FR"},{"@type":"Organization","@id":"https:\/\/rls-wacon.de\/#organization","name":"RLS Wacon analytics GmbH","url":"https:\/\/rls-wacon.de\/","logo":{"@type":"ImageObject","inLanguage":"fr-FR","@id":"https:\/\/rls-wacon.de\/#\/schema\/logo\/image\/","url":"https:\/\/rls-wacon.de\/wp-content\/uploads\/2022\/10\/RLSWacon-analytics-Logo-BR-RZ-9_17-768x1591.png","contentUrl":"https:\/\/rls-wacon.de\/wp-content\/uploads\/2022\/10\/RLSWacon-analytics-Logo-BR-RZ-9_17-768x1591.png","width":768,"height":159,"caption":"RLS Wacon analytics GmbH"},"image":{"@id":"https:\/\/rls-wacon.de\/#\/schema\/logo\/image\/"}}]},"og_availability":"instock","product_availability":"instock","product_condition":"new"},"_links":{"self":[{"href":"https:\/\/rls-wacon.de\/fr\/wp-json\/wp\/v2\/product\/21999","targetHints":{"allow":["GET"]}}],"collection":[{"href":"https:\/\/rls-wacon.de\/fr\/wp-json\/wp\/v2\/product"}],"about":[{"href":"https:\/\/rls-wacon.de\/fr\/wp-json\/wp\/v2\/types\/product"}],"version-history":[{"count":1,"href":"https:\/\/rls-wacon.de\/fr\/wp-json\/wp\/v2\/product\/21999\/revisions"}],"predecessor-version":[{"id":28602,"href":"https:\/\/rls-wacon.de\/fr\/wp-json\/wp\/v2\/product\/21999\/revisions\/28602"}],"wp:featuredmedia":[{"embeddable":true,"href":"https:\/\/rls-wacon.de\/fr\/wp-json\/wp\/v2\/media\/20944"}],"wp:attachment":[{"href":"https:\/\/rls-wacon.de\/fr\/wp-json\/wp\/v2\/media?parent=21999"}],"wp:term":[{"taxonomy":"product_brand","embeddable":true,"href":"https:\/\/rls-wacon.de\/fr\/wp-json\/wp\/v2\/product_brand?post=21999"},{"taxonomy":"product_cat","embeddable":true,"href":"https:\/\/rls-wacon.de\/fr\/wp-json\/wp\/v2\/product_cat?post=21999"},{"taxonomy":"product_tag","embeddable":true,"href":"https:\/\/rls-wacon.de\/fr\/wp-json\/wp\/v2\/product_tag?post=21999"}],"curies":[{"name":"wp","href":"https:\/\/api.w.org\/{rel}","templated":true}]}}