{"id":22055,"date":"2023-03-11T21:13:05","date_gmt":"2023-03-11T21:13:05","guid":{"rendered":"https:\/\/rls-wacon.de\/produkt\/limesplus\/"},"modified":"2026-02-16T19:15:09","modified_gmt":"2026-02-16T18:15:09","slug":"limesplus","status":"publish","type":"product","link":"https:\/\/rls-wacon.de\/fr\/produkt\/limesplus\/","title":{"rendered":"LIMESPLUS"},"content":{"rendered":"<ul>\n<li>Surveillance fiable et pr\u00e9cise de la duret\u00e9 de l&rsquo;eau, gr\u00e2ce \u00e0 l&rsquo;utilisation d&rsquo;un indicateur calibr\u00e9 en laboratoire.<\/li>\n<li>Surveillance d&rsquo;une valeur limite d\u00e9finie d\u00e9termin\u00e9e par l&rsquo;indicateur LHV utilis\u00e9.<\/li>\n<li>Pas de r\u00e9ponse retard\u00e9e par rapport \u00e0 un capteur \u00e0 r\u00e9sine gonflante.<\/li>\n<li>Pas d&rsquo;\u00e9talonnage et pas d&rsquo;effet de d\u00e9rive par rapport \u00e0 une mesure par \u00e9lectrode.<\/li>\n<li>Pas d&rsquo;usure ou de r\u00e9g\u00e9n\u00e9ration du capteur n\u00e9cessaire.<\/li>\n<li>C\u00e2bles de connexion s\u00e9par\u00e9s pour l&rsquo;alimentation, le relais et le contact d&rsquo;entr\u00e9e.<\/li>\n<li>Indication de l&rsquo;\u00e9tat par quatre LED pour le respect des limites, l&rsquo;\u00e9tat de l&rsquo;analyse, l&rsquo;\u00e9tat de l&rsquo;appareil et l&rsquo;entretien \u00e0 venir.<\/li>\n<\/ul>\n<h3>Informations sur le produit LIMESPLUS<\/h3>\n<ul>\n<li>Indicateur d&rsquo;\u00e9tat LED<\/li>\n<li>sans distinction de langue<\/li>\n<li>Suppression de la premi\u00e8re valeur pour \u00e9viter les fausses alertes<\/li>\n<li>Dur\u00e9e de rin\u00e7age r\u00e9glable en fonction de la longueur de la conduite d&rsquo;alimentation<\/li>\n<li>Fonctionnement automatique par intervalles : contr\u00f4le des valeurs limites de l&rsquo;installation \u00e0 intervalles r\u00e9glables de 10, 20 ou 30 minutes.<\/li>\n<li>Connexions :\n<ul>\n<li>2 sorties libres de potentiel :\n<ul>\n<li>D\u00e9passement de la valeur limite<\/li>\n<li>Dysfonctionnement de l&rsquo;appareil<\/li>\n<\/ul>\n<\/li>\n<li>Contact d&rsquo;entr\u00e9e pour interrupteur sans potentiel\n<ul>\n<li>d\u00e9marrage externe de l&rsquo;analyse<\/li>\n<li>Mise en pause de l&rsquo;intervalle interne par un commutateur de flux<\/li>\n<\/ul>\n<\/li>\n<\/ul>\n<\/li>\n<li>Programme de diagnostic pour tester les modules<\/li>\n<\/ul>\n","protected":false},"excerpt":{"rendered":"<p>Les contr\u00f4leurs de duret\u00e9 Limes permettent de surveiller les syst\u00e8mes d&rsquo;osmose inverse de mani\u00e8re \u00e9conomique, avec une analyse chimique fiable.<\/p>\n<p>&nbsp;<\/p>\n","protected":false},"featured_media":29173,"template":"","meta":{"_acf_changed":false},"product_brand":[],"product_cat":[402,374],"product_tag":[],"class_list":{"0":"post-22055","1":"product","2":"type-product","3":"status-publish","4":"has-post-thumbnail","6":"product_cat-gesamthaerte-online","7":"product_cat-limes","9":"first","10":"instock","11":"shipping-taxable","12":"purchasable","13":"product-type-simple"},"exclude_global_add_ons":[],"addons":[],"acf":[],"yoast_head":"<!-- This site is optimized with the Yoast SEO Premium plugin v27.3 (Yoast SEO v27.4) - https:\/\/yoast.com\/product\/yoast-seo-premium-wordpress\/ -->\n<title>LIMESPLUS - RLS Wacon analytics<\/title>\n<meta name=\"description\" content=\"Les contr\u00f4leurs de duret\u00e9 Limes permettent de surveiller les syst\u00e8mes d&#039;osmose inverse de mani\u00e8re \u00e9conomique, avec une analyse chimique fiable.\" \/>\n<meta name=\"robots\" content=\"index, follow, max-snippet:-1, max-image-preview:large, max-video-preview:-1\" \/>\n<link rel=\"canonical\" href=\"https:\/\/rls-wacon.de\/fr\/produkt\/limesplus\/\" \/>\n<meta property=\"og:locale\" content=\"fr_FR\" \/>\n<meta property=\"og:type\" content=\"article\" \/>\n<meta property=\"og:title\" content=\"LIMESPLUS\" \/>\n<meta property=\"og:description\" content=\"Les contr\u00f4leurs de duret\u00e9 Limes permettent de surveiller les syst\u00e8mes d&#039;osmose inverse de mani\u00e8re \u00e9conomique, avec une analyse chimique fiable.\" \/>\n<meta property=\"og:url\" content=\"https:\/\/rls-wacon.de\/fr\/produkt\/limesplus\/\" \/>\n<meta property=\"og:site_name\" content=\"RLS Wacon analytics\" \/>\n<meta property=\"article:modified_time\" content=\"2026-02-16T18:15:09+00:00\" \/>\n<meta property=\"og:image\" content=\"https:\/\/rls-wacon.de\/wp-content\/uploads\/2023\/03\/LimesPlus-scaled.webp\" \/>\n\t<meta property=\"og:image:width\" content=\"2079\" \/>\n\t<meta property=\"og:image:height\" content=\"2560\" \/>\n\t<meta property=\"og:image:type\" content=\"image\/jpeg\" \/>\n<meta name=\"twitter:card\" content=\"summary_large_image\" \/>\n<meta name=\"twitter:label1\" content=\"Prix\" \/>\n\t<meta name=\"twitter:data1\" content=\"9.999,00&nbsp;&euro;\" \/>\n\t<meta name=\"twitter:label2\" content=\"Disponibilit\u00e9\" \/>\n\t<meta name=\"twitter:data2\" content=\"En stock\" \/>\n<script type=\"application\/ld+json\" class=\"yoast-schema-graph\">{\"@context\":\"https:\\\/\\\/schema.org\",\"@graph\":[{\"@type\":\"WebPage\",\"@id\":\"https:\\\/\\\/rls-wacon.de\\\/fr\\\/produkt\\\/limesplus\\\/\",\"url\":\"https:\\\/\\\/rls-wacon.de\\\/fr\\\/produkt\\\/limesplus\\\/\",\"name\":\"LIMESPLUS - RLS Wacon analytics\",\"isPartOf\":{\"@id\":\"https:\\\/\\\/rls-wacon.de\\\/#website\"},\"primaryImageOfPage\":{\"@id\":\"https:\\\/\\\/rls-wacon.de\\\/fr\\\/produkt\\\/limesplus\\\/#primaryimage\"},\"image\":{\"@id\":\"https:\\\/\\\/rls-wacon.de\\\/fr\\\/produkt\\\/limesplus\\\/#primaryimage\"},\"thumbnailUrl\":\"https:\\\/\\\/rls-wacon.de\\\/wp-content\\\/uploads\\\/2026\\\/02\\\/LimesPlus-im-neuen-Gehaeuse.png\",\"datePublished\":\"2023-03-11T21:13:05+00:00\",\"dateModified\":\"2026-02-16T18:15:09+00:00\",\"description\":\"Les contr\u00f4leurs de duret\u00e9 Limes permettent de surveiller les syst\u00e8mes d'osmose inverse de mani\u00e8re \u00e9conomique, avec une analyse chimique fiable.\",\"breadcrumb\":{\"@id\":\"https:\\\/\\\/rls-wacon.de\\\/fr\\\/produkt\\\/limesplus\\\/#breadcrumb\"},\"inLanguage\":\"fr-FR\",\"potentialAction\":[{\"@type\":\"ReadAction\",\"target\":[\"https:\\\/\\\/rls-wacon.de\\\/fr\\\/produkt\\\/limesplus\\\/\"]}]},{\"@type\":\"ImageObject\",\"inLanguage\":\"fr-FR\",\"@id\":\"https:\\\/\\\/rls-wacon.de\\\/fr\\\/produkt\\\/limesplus\\\/#primaryimage\",\"url\":\"https:\\\/\\\/rls-wacon.de\\\/wp-content\\\/uploads\\\/2026\\\/02\\\/LimesPlus-im-neuen-Gehaeuse.png\",\"contentUrl\":\"https:\\\/\\\/rls-wacon.de\\\/wp-content\\\/uploads\\\/2026\\\/02\\\/LimesPlus-im-neuen-Gehaeuse.png\",\"width\":1065,\"height\":1293},{\"@type\":\"BreadcrumbList\",\"@id\":\"https:\\\/\\\/rls-wacon.de\\\/fr\\\/produkt\\\/limesplus\\\/#breadcrumb\",\"itemListElement\":[{\"@type\":\"ListItem\",\"position\":1,\"name\":\"Page d'accueil\",\"item\":\"https:\\\/\\\/rls-wacon.de\\\/\"},{\"@type\":\"ListItem\",\"position\":2,\"name\":\"Boutique\",\"item\":\"https:\\\/\\\/rls-wacon.de\\\/shop\\\/\"},{\"@type\":\"ListItem\",\"position\":3,\"name\":\"LIMESPLUS\"}]},{\"@type\":\"WebSite\",\"@id\":\"https:\\\/\\\/rls-wacon.de\\\/#website\",\"url\":\"https:\\\/\\\/rls-wacon.de\\\/\",\"name\":\"RLS Wacon analytics GmbH\",\"description\":\"Experts for water monitoring\",\"publisher\":{\"@id\":\"https:\\\/\\\/rls-wacon.de\\\/#organization\"},\"potentialAction\":[{\"@type\":\"SearchAction\",\"target\":{\"@type\":\"EntryPoint\",\"urlTemplate\":\"https:\\\/\\\/rls-wacon.de\\\/?s={search_term_string}\"},\"query-input\":{\"@type\":\"PropertyValueSpecification\",\"valueRequired\":true,\"valueName\":\"search_term_string\"}}],\"inLanguage\":\"fr-FR\"},{\"@type\":\"Organization\",\"@id\":\"https:\\\/\\\/rls-wacon.de\\\/#organization\",\"name\":\"RLS Wacon analytics GmbH\",\"url\":\"https:\\\/\\\/rls-wacon.de\\\/\",\"logo\":{\"@type\":\"ImageObject\",\"inLanguage\":\"fr-FR\",\"@id\":\"https:\\\/\\\/rls-wacon.de\\\/#\\\/schema\\\/logo\\\/image\\\/\",\"url\":\"https:\\\/\\\/rls-wacon.de\\\/wp-content\\\/uploads\\\/2022\\\/10\\\/RLSWacon-analytics-Logo-BR-RZ-9_17-768x1591.png\",\"contentUrl\":\"https:\\\/\\\/rls-wacon.de\\\/wp-content\\\/uploads\\\/2022\\\/10\\\/RLSWacon-analytics-Logo-BR-RZ-9_17-768x1591.png\",\"width\":768,\"height\":159,\"caption\":\"RLS Wacon analytics GmbH\"},\"image\":{\"@id\":\"https:\\\/\\\/rls-wacon.de\\\/#\\\/schema\\\/logo\\\/image\\\/\"}}]}<\/script>\n<meta property=\"product:price:amount\" content=\"9999.00\" \/>\n<meta property=\"product:price:currency\" content=\"EUR\" \/>\n<meta property=\"og:availability\" content=\"instock\" \/>\n<meta property=\"product:availability\" content=\"instock\" \/>\n<meta property=\"product:retailer_item_id\" content=\"30-003502\" \/>\n<meta property=\"product:condition\" content=\"new\" \/>\n<!-- \/ Yoast SEO Premium plugin. -->","yoast_head_json":{"title":"LIMESPLUS - RLS Wacon analytics","description":"Les contr\u00f4leurs de duret\u00e9 Limes permettent de surveiller les syst\u00e8mes d'osmose inverse de mani\u00e8re \u00e9conomique, avec une analyse chimique fiable.","robots":{"index":"index","follow":"follow","max-snippet":"max-snippet:-1","max-image-preview":"max-image-preview:large","max-video-preview":"max-video-preview:-1"},"canonical":"https:\/\/rls-wacon.de\/fr\/produkt\/limesplus\/","og_locale":"fr_FR","og_type":"article","og_title":"LIMESPLUS","og_description":"Les contr\u00f4leurs de duret\u00e9 Limes permettent de surveiller les syst\u00e8mes d'osmose inverse de mani\u00e8re \u00e9conomique, avec une analyse chimique fiable.","og_url":"https:\/\/rls-wacon.de\/fr\/produkt\/limesplus\/","og_site_name":"RLS Wacon analytics","article_modified_time":"2026-02-16T18:15:09+00:00","og_image":[{"width":2079,"height":2560,"url":"https:\/\/rls-wacon.de\/wp-content\/uploads\/2023\/03\/LimesPlus-scaled.webp","type":"image\/jpeg"}],"twitter_card":"summary_large_image","twitter_misc":{"Prix":"9.999,00&nbsp;&euro;","Disponibilit\u00e9":"En stock"},"schema":{"@context":"https:\/\/schema.org","@graph":[{"@type":"WebPage","@id":"https:\/\/rls-wacon.de\/fr\/produkt\/limesplus\/","url":"https:\/\/rls-wacon.de\/fr\/produkt\/limesplus\/","name":"LIMESPLUS - RLS Wacon analytics","isPartOf":{"@id":"https:\/\/rls-wacon.de\/#website"},"primaryImageOfPage":{"@id":"https:\/\/rls-wacon.de\/fr\/produkt\/limesplus\/#primaryimage"},"image":{"@id":"https:\/\/rls-wacon.de\/fr\/produkt\/limesplus\/#primaryimage"},"thumbnailUrl":"https:\/\/rls-wacon.de\/wp-content\/uploads\/2026\/02\/LimesPlus-im-neuen-Gehaeuse.png","datePublished":"2023-03-11T21:13:05+00:00","dateModified":"2026-02-16T18:15:09+00:00","description":"Les contr\u00f4leurs de duret\u00e9 Limes permettent de surveiller les syst\u00e8mes d'osmose inverse de mani\u00e8re \u00e9conomique, avec une analyse chimique fiable.","breadcrumb":{"@id":"https:\/\/rls-wacon.de\/fr\/produkt\/limesplus\/#breadcrumb"},"inLanguage":"fr-FR","potentialAction":[{"@type":"ReadAction","target":["https:\/\/rls-wacon.de\/fr\/produkt\/limesplus\/"]}]},{"@type":"ImageObject","inLanguage":"fr-FR","@id":"https:\/\/rls-wacon.de\/fr\/produkt\/limesplus\/#primaryimage","url":"https:\/\/rls-wacon.de\/wp-content\/uploads\/2026\/02\/LimesPlus-im-neuen-Gehaeuse.png","contentUrl":"https:\/\/rls-wacon.de\/wp-content\/uploads\/2026\/02\/LimesPlus-im-neuen-Gehaeuse.png","width":1065,"height":1293},{"@type":"BreadcrumbList","@id":"https:\/\/rls-wacon.de\/fr\/produkt\/limesplus\/#breadcrumb","itemListElement":[{"@type":"ListItem","position":1,"name":"Page d'accueil","item":"https:\/\/rls-wacon.de\/"},{"@type":"ListItem","position":2,"name":"Boutique","item":"https:\/\/rls-wacon.de\/shop\/"},{"@type":"ListItem","position":3,"name":"LIMESPLUS"}]},{"@type":"WebSite","@id":"https:\/\/rls-wacon.de\/#website","url":"https:\/\/rls-wacon.de\/","name":"RLS Wacon analytics GmbH","description":"Experts for water monitoring","publisher":{"@id":"https:\/\/rls-wacon.de\/#organization"},"potentialAction":[{"@type":"SearchAction","target":{"@type":"EntryPoint","urlTemplate":"https:\/\/rls-wacon.de\/?s={search_term_string}"},"query-input":{"@type":"PropertyValueSpecification","valueRequired":true,"valueName":"search_term_string"}}],"inLanguage":"fr-FR"},{"@type":"Organization","@id":"https:\/\/rls-wacon.de\/#organization","name":"RLS Wacon analytics GmbH","url":"https:\/\/rls-wacon.de\/","logo":{"@type":"ImageObject","inLanguage":"fr-FR","@id":"https:\/\/rls-wacon.de\/#\/schema\/logo\/image\/","url":"https:\/\/rls-wacon.de\/wp-content\/uploads\/2022\/10\/RLSWacon-analytics-Logo-BR-RZ-9_17-768x1591.png","contentUrl":"https:\/\/rls-wacon.de\/wp-content\/uploads\/2022\/10\/RLSWacon-analytics-Logo-BR-RZ-9_17-768x1591.png","width":768,"height":159,"caption":"RLS Wacon analytics GmbH"},"image":{"@id":"https:\/\/rls-wacon.de\/#\/schema\/logo\/image\/"}}]},"product_price_amount":"9999.00","product_price_currency":"EUR","og_availability":"instock","product_availability":"instock","product_retailer_item_id":"30-003502","product_condition":"new"},"_links":{"self":[{"href":"https:\/\/rls-wacon.de\/fr\/wp-json\/wp\/v2\/product\/22055","targetHints":{"allow":["GET"]}}],"collection":[{"href":"https:\/\/rls-wacon.de\/fr\/wp-json\/wp\/v2\/product"}],"about":[{"href":"https:\/\/rls-wacon.de\/fr\/wp-json\/wp\/v2\/types\/product"}],"version-history":[{"count":1,"href":"https:\/\/rls-wacon.de\/fr\/wp-json\/wp\/v2\/product\/22055\/revisions"}],"predecessor-version":[{"id":28615,"href":"https:\/\/rls-wacon.de\/fr\/wp-json\/wp\/v2\/product\/22055\/revisions\/28615"}],"wp:featuredmedia":[{"embeddable":true,"href":"https:\/\/rls-wacon.de\/fr\/wp-json\/wp\/v2\/media\/29173"}],"wp:attachment":[{"href":"https:\/\/rls-wacon.de\/fr\/wp-json\/wp\/v2\/media?parent=22055"}],"wp:term":[{"taxonomy":"product_brand","embeddable":true,"href":"https:\/\/rls-wacon.de\/fr\/wp-json\/wp\/v2\/product_brand?post=22055"},{"taxonomy":"product_cat","embeddable":true,"href":"https:\/\/rls-wacon.de\/fr\/wp-json\/wp\/v2\/product_cat?post=22055"},{"taxonomy":"product_tag","embeddable":true,"href":"https:\/\/rls-wacon.de\/fr\/wp-json\/wp\/v2\/product_tag?post=22055"}],"curies":[{"name":"wp","href":"https:\/\/api.w.org\/{rel}","templated":true}]}}