{"id":22209,"date":"2023-10-24T15:04:21","date_gmt":"2023-10-24T15:04:21","guid":{"rendered":"https:\/\/rls-wacon.de\/produkt\/eclairage-du-peigne-kl51-y-peigne-f\/"},"modified":"2026-02-16T19:43:09","modified_gmt":"2026-02-16T18:43:09","slug":"eclairage-du-peigne-kl51-y-peigne-f","status":"publish","type":"product","link":"https:\/\/rls-wacon.de\/fr\/produkt\/eclairage-du-peigne-kl51-y-peigne-f\/","title":{"rendered":"\u00c9clairage du peigne KL51-Y (peigne F)"},"content":{"rendered":"<hr class=\"system-pagebreak\" title=\"Sp\u00e9cifications\" \/>\n<table class=\"rls-table\">\n<tbody>\n<tr>\n<td>Param\u00e8tre<\/td>\n<td>Valeur<\/td>\n<\/tr>\n<tr>\n<td>Tension de fonctionnement<\/td>\n<td>11 &#8230; 26 V AC\/DC<\/td>\n<\/tr>\n<tr>\n<td>Consommation \u00e9lectrique<\/td>\n<td>4 VA<\/td>\n<\/tr>\n<tr>\n<td>Temp\u00e9rature ambiante<\/td>\n<td>-20\u00b0C \u00e0 60 \u00b0C<\/td>\n<\/tr>\n<tr>\n<td>Classe de protection<\/td>\n<td>\u00e9tanche \u00e0 l&rsquo;eau jusqu&rsquo;\u00e0 IP 67<\/td>\n<\/tr>\n<tr>\n<td>Dimensions<\/td>\n<td>210 x 68 mm<\/td>\n<\/tr>\n<tr>\n<td>Profondeur d&rsquo;encastrement<\/td>\n<td>40 mm<\/td>\n<\/tr>\n<tr>\n<td>Poids<\/td>\n<td>400 g<\/td>\n<\/tr>\n<\/tbody>\n<\/table>\n<hr class=\"system-pagebreak\" title=\"Donn\u00e9es techniques\" \/>\n<table class=\"rls-table\">\n<tbody>\n<tr>\n<td>Param\u00e8tre<\/td>\n<td>Valeur<\/td>\n<\/tr>\n<tr>\n<td>Couleur de la LED<\/td>\n<td>jaune<\/td>\n<\/tr>\n<tr>\n<td>Intensit\u00e9 lumineuse<\/td>\n<td>90 lx (\u00e0 1 m de distance)<\/td>\n<\/tr>\n<tr>\n<td>Panneau avant<\/td>\n<td>PMMA Plexiglas Cristal de glace<\/td>\n<\/tr>\n<tr>\n<td>Dimension de la vitre avant<\/td>\n<td>150 x 52,6 mm (pointu)<\/td>\n<\/tr>\n<tr>\n<td>Hauteur du contour<\/td>\n<td>3 mm<\/td>\n<\/tr>\n<tr>\n<td>C\u00e2ble d&rsquo;alimentation<\/td>\n<td>4 x 0,5 mm\u00b2, longueur 50 cm, \u00d6lflex, embouts de c\u00e2ble<\/td>\n<\/tr>\n<\/tbody>\n<\/table>\n<hr class=\"system-pagebreak\" title=\"Affectation des c\u00e2bles\" \/>\n<table class=\"rls-table\">\n<tbody>\n<tr>\n<td>Conducteur<\/td>\n<td>Affectation<\/td>\n<\/tr>\n<tr>\n<td>Fil 1<\/td>\n<td>Vcc<\/td>\n<\/tr>\n<tr>\n<td>Fil 2<\/td>\n<td>Vcc<\/td>\n<\/tr>\n<tr>\n<td>Fil 3<\/td>\n<td>Entr\u00e9e F\u00dc (collecteur)<\/td>\n<\/tr>\n<tr>\n<td>Fil 4<\/td>\n<td>Sortie F\u00dc (\u00e9metteur)<\/td>\n<\/tr>\n<\/tbody>\n<\/table>\n","protected":false},"excerpt":{"rendered":"<p>L&rsquo;\u00e9clairage \u00e0 peigne KL51-Y (peigne F) est \u00e9quip\u00e9 de LED super lumineuses, de haute qualit\u00e9 et d&rsquo;une dur\u00e9e de vie particuli\u00e8rement longue. Une adaptation m\u00e9canique \u00e0 vos conditions sur place est toujours possible.<\/p>\n<p>Les caract\u00e9ristiques particuli\u00e8res sont<\/p>\n<ul>\n<li>conception \u00e9lectrique extr\u00eamement robuste<\/li>\n<li>pas d&rsquo;endommagement des LED par des variations \u00e9lectriques<\/li>\n<li>insensible \u00e0 l&rsquo;encrassement<\/li>\n<li>\u00e9tanche \u00e0 l&rsquo;eau jusqu&rsquo;\u00e0 IP 67<\/li>\n<\/ul>\n<p>L&rsquo;\u00e9clairage de peigne KL51-Y (peigne F) est utilis\u00e9 dans la zone de peigne des escaliers m\u00e9caniques.<\/p>\n<p><img decoding=\"async\" class=\"alignnone size-medium wp-image-18919\" src=\"https:\/\/rls-wacon.de\/wp-content\/uploads\/2023\/10\/KL51-F-Kamm-Frontscheibe-300x100.jpg\" alt=\"\" width=\"300\" height=\"100\" srcset=\"https:\/\/rls-wacon.de\/wp-content\/uploads\/2023\/10\/KL51-F-Kamm-Frontscheibe-300x100.jpg 300w, https:\/\/rls-wacon.de\/wp-content\/uploads\/2023\/10\/KL51-F-Kamm-Frontscheibe-1024x340.jpg 1024w, https:\/\/rls-wacon.de\/wp-content\/uploads\/2023\/10\/KL51-F-Kamm-Frontscheibe-768x255.jpg 768w, https:\/\/rls-wacon.de\/wp-content\/uploads\/2023\/10\/KL51-F-Kamm-Frontscheibe-600x199.jpg 600w, https:\/\/rls-wacon.de\/wp-content\/uploads\/2023\/10\/KL51-F-Kamm-Frontscheibe.jpg 1417w\" sizes=\"(max-width: 300px) 100vw, 300px\" \/><\/p>\n","protected":false},"featured_media":18916,"template":"","meta":{"_acf_changed":false},"product_brand":[],"product_cat":[1050],"product_tag":[],"class_list":{"0":"post-22209","1":"product","2":"type-product","3":"status-publish","4":"has-post-thumbnail","6":"product_cat-eclairages-a-peigne","8":"first","9":"instock","10":"shipping-taxable","11":"purchasable","12":"product-type-simple"},"exclude_global_add_ons":[],"addons":[],"acf":[],"yoast_head":"<!-- This site is optimized with the Yoast SEO Premium plugin v27.3 (Yoast SEO v27.3) - https:\/\/yoast.com\/product\/yoast-seo-premium-wordpress\/ -->\n<title>\u00c9clairage du peigne KL51-Y (peigne F) - RLS Wacon analytics<\/title>\n<meta name=\"description\" content=\"L&#039;\u00e9clairage \u00e0 peigne KL51-Y (peigne F) est \u00e9quip\u00e9 de LED super lumineuses, de haute qualit\u00e9 et d&#039;une dur\u00e9e de vie particuli\u00e8rement longue.\" \/>\n<meta name=\"robots\" content=\"index, follow, max-snippet:-1, max-image-preview:large, max-video-preview:-1\" \/>\n<link rel=\"canonical\" href=\"https:\/\/rls-wacon.de\/fr\/produkt\/eclairage-du-peigne-kl51-y-peigne-f\/\" \/>\n<meta property=\"og:locale\" content=\"fr_FR\" \/>\n<meta property=\"og:type\" content=\"article\" \/>\n<meta property=\"og:title\" content=\"\u00c9clairage du peigne KL51-Y (peigne F)\" \/>\n<meta property=\"og:description\" content=\"L&#039;\u00e9clairage \u00e0 peigne KL51-Y (peigne F) est \u00e9quip\u00e9 de LED super lumineuses, de haute qualit\u00e9 et d&#039;une dur\u00e9e de vie particuli\u00e8rement longue.\" \/>\n<meta property=\"og:url\" content=\"https:\/\/rls-wacon.de\/fr\/produkt\/eclairage-du-peigne-kl51-y-peigne-f\/\" \/>\n<meta property=\"og:site_name\" content=\"RLS Wacon analytics\" \/>\n<meta property=\"article:modified_time\" content=\"2026-02-16T18:43:09+00:00\" \/>\n<meta property=\"og:image\" content=\"https:\/\/rls-wacon.de\/wp-content\/uploads\/2023\/10\/KL51.jpg\" \/>\n\t<meta property=\"og:image:width\" content=\"1417\" \/>\n\t<meta property=\"og:image:height\" content=\"463\" \/>\n\t<meta property=\"og:image:type\" content=\"image\/jpeg\" \/>\n<meta name=\"twitter:card\" content=\"summary_large_image\" \/>\n<meta name=\"twitter:label1\" content=\"Prix\" \/>\n\t<meta name=\"twitter:data1\" content=\"9.999,00&nbsp;&euro;\" \/>\n\t<meta name=\"twitter:label2\" content=\"Disponibilit\u00e9\" \/>\n\t<meta name=\"twitter:data2\" content=\"En stock\" \/>\n<script type=\"application\/ld+json\" class=\"yoast-schema-graph\">{\"@context\":\"https:\\\/\\\/schema.org\",\"@graph\":[{\"@type\":\"WebPage\",\"@id\":\"https:\\\/\\\/rls-wacon.de\\\/fr\\\/produkt\\\/eclairage-du-peigne-kl51-y-peigne-f\\\/\",\"url\":\"https:\\\/\\\/rls-wacon.de\\\/fr\\\/produkt\\\/eclairage-du-peigne-kl51-y-peigne-f\\\/\",\"name\":\"\u00c9clairage du peigne KL51-Y (peigne F) - RLS Wacon analytics\",\"isPartOf\":{\"@id\":\"https:\\\/\\\/rls-wacon.de\\\/#website\"},\"primaryImageOfPage\":{\"@id\":\"https:\\\/\\\/rls-wacon.de\\\/fr\\\/produkt\\\/eclairage-du-peigne-kl51-y-peigne-f\\\/#primaryimage\"},\"image\":{\"@id\":\"https:\\\/\\\/rls-wacon.de\\\/fr\\\/produkt\\\/eclairage-du-peigne-kl51-y-peigne-f\\\/#primaryimage\"},\"thumbnailUrl\":\"https:\\\/\\\/rls-wacon.de\\\/wp-content\\\/uploads\\\/2023\\\/10\\\/KL51.jpg\",\"datePublished\":\"2023-10-24T15:04:21+00:00\",\"dateModified\":\"2026-02-16T18:43:09+00:00\",\"description\":\"L'\u00e9clairage \u00e0 peigne KL51-Y (peigne F) est \u00e9quip\u00e9 de LED super lumineuses, de haute qualit\u00e9 et d'une dur\u00e9e de vie particuli\u00e8rement longue.\",\"breadcrumb\":{\"@id\":\"https:\\\/\\\/rls-wacon.de\\\/fr\\\/produkt\\\/eclairage-du-peigne-kl51-y-peigne-f\\\/#breadcrumb\"},\"inLanguage\":\"fr-FR\",\"potentialAction\":[{\"@type\":\"ReadAction\",\"target\":[\"https:\\\/\\\/rls-wacon.de\\\/fr\\\/produkt\\\/eclairage-du-peigne-kl51-y-peigne-f\\\/\"]}]},{\"@type\":\"ImageObject\",\"inLanguage\":\"fr-FR\",\"@id\":\"https:\\\/\\\/rls-wacon.de\\\/fr\\\/produkt\\\/eclairage-du-peigne-kl51-y-peigne-f\\\/#primaryimage\",\"url\":\"https:\\\/\\\/rls-wacon.de\\\/wp-content\\\/uploads\\\/2023\\\/10\\\/KL51.jpg\",\"contentUrl\":\"https:\\\/\\\/rls-wacon.de\\\/wp-content\\\/uploads\\\/2023\\\/10\\\/KL51.jpg\",\"width\":1417,\"height\":463,\"caption\":\"SONY DSC\"},{\"@type\":\"BreadcrumbList\",\"@id\":\"https:\\\/\\\/rls-wacon.de\\\/fr\\\/produkt\\\/eclairage-du-peigne-kl51-y-peigne-f\\\/#breadcrumb\",\"itemListElement\":[{\"@type\":\"ListItem\",\"position\":1,\"name\":\"Page d'accueil\",\"item\":\"https:\\\/\\\/rls-wacon.de\\\/\"},{\"@type\":\"ListItem\",\"position\":2,\"name\":\"Boutique\",\"item\":\"https:\\\/\\\/rls-wacon.de\\\/shop\\\/\"},{\"@type\":\"ListItem\",\"position\":3,\"name\":\"\u00c9clairage du peigne KL51-Y (peigne F)\"}]},{\"@type\":\"WebSite\",\"@id\":\"https:\\\/\\\/rls-wacon.de\\\/#website\",\"url\":\"https:\\\/\\\/rls-wacon.de\\\/\",\"name\":\"RLS Wacon analytics GmbH\",\"description\":\"Experts for water monitoring\",\"publisher\":{\"@id\":\"https:\\\/\\\/rls-wacon.de\\\/#organization\"},\"potentialAction\":[{\"@type\":\"SearchAction\",\"target\":{\"@type\":\"EntryPoint\",\"urlTemplate\":\"https:\\\/\\\/rls-wacon.de\\\/?s={search_term_string}\"},\"query-input\":{\"@type\":\"PropertyValueSpecification\",\"valueRequired\":true,\"valueName\":\"search_term_string\"}}],\"inLanguage\":\"fr-FR\"},{\"@type\":\"Organization\",\"@id\":\"https:\\\/\\\/rls-wacon.de\\\/#organization\",\"name\":\"RLS Wacon analytics GmbH\",\"url\":\"https:\\\/\\\/rls-wacon.de\\\/\",\"logo\":{\"@type\":\"ImageObject\",\"inLanguage\":\"fr-FR\",\"@id\":\"https:\\\/\\\/rls-wacon.de\\\/#\\\/schema\\\/logo\\\/image\\\/\",\"url\":\"https:\\\/\\\/rls-wacon.de\\\/wp-content\\\/uploads\\\/2022\\\/10\\\/RLSWacon-analytics-Logo-BR-RZ-9_17-768x1591.png\",\"contentUrl\":\"https:\\\/\\\/rls-wacon.de\\\/wp-content\\\/uploads\\\/2022\\\/10\\\/RLSWacon-analytics-Logo-BR-RZ-9_17-768x1591.png\",\"width\":768,\"height\":159,\"caption\":\"RLS Wacon analytics GmbH\"},\"image\":{\"@id\":\"https:\\\/\\\/rls-wacon.de\\\/#\\\/schema\\\/logo\\\/image\\\/\"}}]}<\/script>\n<meta property=\"product:price:amount\" content=\"9999.00\" \/>\n<meta property=\"product:price:currency\" content=\"EUR\" \/>\n<meta property=\"og:availability\" content=\"instock\" \/>\n<meta property=\"product:availability\" content=\"instock\" \/>\n<meta property=\"product:retailer_item_id\" content=\"80-000633\" \/>\n<meta property=\"product:condition\" content=\"new\" \/>\n<!-- \/ Yoast SEO Premium plugin. -->","yoast_head_json":{"title":"\u00c9clairage du peigne KL51-Y (peigne F) - RLS Wacon analytics","description":"L'\u00e9clairage \u00e0 peigne KL51-Y (peigne F) est \u00e9quip\u00e9 de LED super lumineuses, de haute qualit\u00e9 et d'une dur\u00e9e de vie particuli\u00e8rement longue.","robots":{"index":"index","follow":"follow","max-snippet":"max-snippet:-1","max-image-preview":"max-image-preview:large","max-video-preview":"max-video-preview:-1"},"canonical":"https:\/\/rls-wacon.de\/fr\/produkt\/eclairage-du-peigne-kl51-y-peigne-f\/","og_locale":"fr_FR","og_type":"article","og_title":"\u00c9clairage du peigne KL51-Y (peigne F)","og_description":"L'\u00e9clairage \u00e0 peigne KL51-Y (peigne F) est \u00e9quip\u00e9 de LED super lumineuses, de haute qualit\u00e9 et d'une dur\u00e9e de vie particuli\u00e8rement longue.","og_url":"https:\/\/rls-wacon.de\/fr\/produkt\/eclairage-du-peigne-kl51-y-peigne-f\/","og_site_name":"RLS Wacon analytics","article_modified_time":"2026-02-16T18:43:09+00:00","og_image":[{"width":1417,"height":463,"url":"https:\/\/rls-wacon.de\/wp-content\/uploads\/2023\/10\/KL51.jpg","type":"image\/jpeg"}],"twitter_card":"summary_large_image","twitter_misc":{"Prix":"9.999,00&nbsp;&euro;","Disponibilit\u00e9":"En stock"},"schema":{"@context":"https:\/\/schema.org","@graph":[{"@type":"WebPage","@id":"https:\/\/rls-wacon.de\/fr\/produkt\/eclairage-du-peigne-kl51-y-peigne-f\/","url":"https:\/\/rls-wacon.de\/fr\/produkt\/eclairage-du-peigne-kl51-y-peigne-f\/","name":"\u00c9clairage du peigne KL51-Y (peigne F) - RLS Wacon analytics","isPartOf":{"@id":"https:\/\/rls-wacon.de\/#website"},"primaryImageOfPage":{"@id":"https:\/\/rls-wacon.de\/fr\/produkt\/eclairage-du-peigne-kl51-y-peigne-f\/#primaryimage"},"image":{"@id":"https:\/\/rls-wacon.de\/fr\/produkt\/eclairage-du-peigne-kl51-y-peigne-f\/#primaryimage"},"thumbnailUrl":"https:\/\/rls-wacon.de\/wp-content\/uploads\/2023\/10\/KL51.jpg","datePublished":"2023-10-24T15:04:21+00:00","dateModified":"2026-02-16T18:43:09+00:00","description":"L'\u00e9clairage \u00e0 peigne KL51-Y (peigne F) est \u00e9quip\u00e9 de LED super lumineuses, de haute qualit\u00e9 et d'une dur\u00e9e de vie particuli\u00e8rement longue.","breadcrumb":{"@id":"https:\/\/rls-wacon.de\/fr\/produkt\/eclairage-du-peigne-kl51-y-peigne-f\/#breadcrumb"},"inLanguage":"fr-FR","potentialAction":[{"@type":"ReadAction","target":["https:\/\/rls-wacon.de\/fr\/produkt\/eclairage-du-peigne-kl51-y-peigne-f\/"]}]},{"@type":"ImageObject","inLanguage":"fr-FR","@id":"https:\/\/rls-wacon.de\/fr\/produkt\/eclairage-du-peigne-kl51-y-peigne-f\/#primaryimage","url":"https:\/\/rls-wacon.de\/wp-content\/uploads\/2023\/10\/KL51.jpg","contentUrl":"https:\/\/rls-wacon.de\/wp-content\/uploads\/2023\/10\/KL51.jpg","width":1417,"height":463,"caption":"SONY DSC"},{"@type":"BreadcrumbList","@id":"https:\/\/rls-wacon.de\/fr\/produkt\/eclairage-du-peigne-kl51-y-peigne-f\/#breadcrumb","itemListElement":[{"@type":"ListItem","position":1,"name":"Page d'accueil","item":"https:\/\/rls-wacon.de\/"},{"@type":"ListItem","position":2,"name":"Boutique","item":"https:\/\/rls-wacon.de\/shop\/"},{"@type":"ListItem","position":3,"name":"\u00c9clairage du peigne KL51-Y (peigne F)"}]},{"@type":"WebSite","@id":"https:\/\/rls-wacon.de\/#website","url":"https:\/\/rls-wacon.de\/","name":"RLS Wacon analytics GmbH","description":"Experts for water monitoring","publisher":{"@id":"https:\/\/rls-wacon.de\/#organization"},"potentialAction":[{"@type":"SearchAction","target":{"@type":"EntryPoint","urlTemplate":"https:\/\/rls-wacon.de\/?s={search_term_string}"},"query-input":{"@type":"PropertyValueSpecification","valueRequired":true,"valueName":"search_term_string"}}],"inLanguage":"fr-FR"},{"@type":"Organization","@id":"https:\/\/rls-wacon.de\/#organization","name":"RLS Wacon analytics GmbH","url":"https:\/\/rls-wacon.de\/","logo":{"@type":"ImageObject","inLanguage":"fr-FR","@id":"https:\/\/rls-wacon.de\/#\/schema\/logo\/image\/","url":"https:\/\/rls-wacon.de\/wp-content\/uploads\/2022\/10\/RLSWacon-analytics-Logo-BR-RZ-9_17-768x1591.png","contentUrl":"https:\/\/rls-wacon.de\/wp-content\/uploads\/2022\/10\/RLSWacon-analytics-Logo-BR-RZ-9_17-768x1591.png","width":768,"height":159,"caption":"RLS Wacon analytics GmbH"},"image":{"@id":"https:\/\/rls-wacon.de\/#\/schema\/logo\/image\/"}}]},"product_price_amount":"9999.00","product_price_currency":"EUR","og_availability":"instock","product_availability":"instock","product_retailer_item_id":"80-000633","product_condition":"new"},"_links":{"self":[{"href":"https:\/\/rls-wacon.de\/fr\/wp-json\/wp\/v2\/product\/22209","targetHints":{"allow":["GET"]}}],"collection":[{"href":"https:\/\/rls-wacon.de\/fr\/wp-json\/wp\/v2\/product"}],"about":[{"href":"https:\/\/rls-wacon.de\/fr\/wp-json\/wp\/v2\/types\/product"}],"version-history":[{"count":1,"href":"https:\/\/rls-wacon.de\/fr\/wp-json\/wp\/v2\/product\/22209\/revisions"}],"predecessor-version":[{"id":28662,"href":"https:\/\/rls-wacon.de\/fr\/wp-json\/wp\/v2\/product\/22209\/revisions\/28662"}],"wp:featuredmedia":[{"embeddable":true,"href":"https:\/\/rls-wacon.de\/fr\/wp-json\/wp\/v2\/media\/18916"}],"wp:attachment":[{"href":"https:\/\/rls-wacon.de\/fr\/wp-json\/wp\/v2\/media?parent=22209"}],"wp:term":[{"taxonomy":"product_brand","embeddable":true,"href":"https:\/\/rls-wacon.de\/fr\/wp-json\/wp\/v2\/product_brand?post=22209"},{"taxonomy":"product_cat","embeddable":true,"href":"https:\/\/rls-wacon.de\/fr\/wp-json\/wp\/v2\/product_cat?post=22209"},{"taxonomy":"product_tag","embeddable":true,"href":"https:\/\/rls-wacon.de\/fr\/wp-json\/wp\/v2\/product_tag?post=22209"}],"curies":[{"name":"wp","href":"https:\/\/api.w.org\/{rel}","templated":true}]}}