{"id":22212,"date":"2023-10-24T15:04:22","date_gmt":"2023-10-24T15:04:22","guid":{"rendered":"https:\/\/rls-wacon.de\/produkt\/eclairage-de-peigne-kl80-rn\/"},"modified":"2026-02-16T19:44:48","modified_gmt":"2026-02-16T18:44:48","slug":"eclairage-de-peigne-kl80-rn","status":"publish","type":"product","link":"https:\/\/rls-wacon.de\/fr\/produkt\/eclairage-de-peigne-kl80-rn\/","title":{"rendered":"\u00c9clairage de peigne KL80 RN"},"content":{"rendered":"<hr class=\"system-pagebreak\" title=\"Sp\u00e9cifications\" \/>\n<table class=\"rls-table\">\n<tbody>\n<tr>\n<td>Param\u00e8tre<\/td>\n<td>Valeur<\/td>\n<\/tr>\n<tr>\n<td>Tension de fonctionnement<\/td>\n<td>16 &#8230; 28 V AC\/DC \/ 16 &#8230; 36 V DC<\/td>\n<\/tr>\n<tr>\n<td>Consommation \u00e9lectrique<\/td>\n<td>3 VA<\/td>\n<\/tr>\n<tr>\n<td>Temp\u00e9rature ambiante<\/td>\n<td>-20\u00b0C \u00e0 60 \u00b0C<\/td>\n<\/tr>\n<tr>\n<td>Classe de protection<\/td>\n<td>IP 67<\/td>\n<\/tr>\n<tr>\n<td>Dimensions<\/td>\n<td>232 x 55 mm<\/td>\n<\/tr>\n<tr>\n<td>Profondeur d&rsquo;encastrement<\/td>\n<td>34 mm<\/td>\n<\/tr>\n<tr>\n<td>Poids<\/td>\n<td>310 g<\/td>\n<\/tr>\n<\/tbody>\n<\/table>\n<hr class=\"system-pagebreak\" title=\"Donn\u00e9es techniques\" \/>\n<table class=\"rls-table\">\n<tbody>\n<tr>\n<td>Param\u00e8tre<\/td>\n<td>Valeur<\/td>\n<\/tr>\n<tr>\n<td>Couleur de la LED<\/td>\n<td>jaune, jaune clignotant, vert, blanc, rouge\/vert\/vert clignotant<\/td>\n<\/tr>\n<tr>\n<td>Intensit\u00e9 lumineuse (distance de 0,5 m)<\/td>\n<td>150 lx (jaune), 490 lx (blanc)<\/td>\n<\/tr>\n<tr>\n<td>Panneau avant<\/td>\n<td>PMMA Plexiglas Cristal de glace<\/td>\n<\/tr>\n<tr>\n<td>Dimensions de la vitre avant<\/td>\n<td>182 x 36 mm<\/td>\n<\/tr>\n<tr>\n<td>Hauteur du contour<\/td>\n<td>2 mm<\/td>\n<\/tr>\n<tr>\n<td>C\u00e2ble d&rsquo;alimentation<\/td>\n<td>2 x 0,5 mm\u00b2, longueur 30 cm, \u00d6lflex<\/td>\n<\/tr>\n<tr>\n<td>Connecteur<\/td>\n<td>HAN 3A (STI), plastique<\/td>\n<\/tr>\n<\/tbody>\n<\/table>\n<hr class=\"system-pagebreak\" title=\"Affectation des c\u00e2bles\" \/>\n<table class=\"rls-table\">\n<tbody>\n<tr>\n<td>Broche<\/td>\n<td>Affectation<\/td>\n<\/tr>\n<tr>\n<td>Broche 1<\/td>\n<td>Vcc<\/td>\n<\/tr>\n<tr>\n<td>Broche 2<\/td>\n<td>Vcc<\/td>\n<\/tr>\n<tr>\n<td>Broche 3<\/td>\n<td>non affect\u00e9e \/ mode clignotant<\/td>\n<\/tr>\n<\/tbody>\n<\/table>\n","protected":false},"excerpt":{"rendered":"<p>La d\u00e9coupe visible de la vitre frontale de l&rsquo;\u00e9clairage \u00e0 peigne KL80 RN est inclin\u00e9e vers la droite. L&rsquo;utilisation de LED dans l&rsquo;\u00e9clairage \u00e0 peigne KL80 RN garantit une longue dur\u00e9e de vie.<\/p>\n<p>Les caract\u00e9ristiques particuli\u00e8res sont<\/p>\n<ul>\n<li>\u00e9clairage LED tr\u00e8s lumineux<\/li>\n<li>conception \u00e9lectrique extr\u00eamement robuste, les variations \u00e9lectriques n&rsquo;endommagent pas les LED<\/li>\n<li>faible consommation d&rsquo;\u00e9nergie<\/li>\n<li>durable<\/li>\n<li>insensible \u00e0 l&rsquo;encrassement<\/li>\n<li>IP 67<\/li>\n<\/ul>\n<p>L&rsquo;\u00e9clairage de peigne KL80 RN est utilis\u00e9 dans la zone de peigne des escaliers m\u00e9caniques.<\/p>\n<p><img decoding=\"async\" class=\"alignnone size-medium wp-image-18696\" src=\"https:\/\/rls-wacon.de\/wp-content\/uploads\/2023\/10\/KL80-RN-v3.1.1-300x73.jpg\" alt=\"\" width=\"300\" height=\"73\" srcset=\"https:\/\/rls-wacon.de\/wp-content\/uploads\/2023\/10\/KL80-RN-v3.1.1-300x73.jpg 300w, https:\/\/rls-wacon.de\/wp-content\/uploads\/2023\/10\/KL80-RN-v3.1.1-768x188.jpg 768w, https:\/\/rls-wacon.de\/wp-content\/uploads\/2023\/10\/KL80-RN-v3.1.1-600x147.jpg 600w, https:\/\/rls-wacon.de\/wp-content\/uploads\/2023\/10\/KL80-RN-v3.1.1.jpg 945w\" sizes=\"(max-width: 300px) 100vw, 300px\" \/><\/p>\n","protected":false},"featured_media":18678,"template":"","meta":{"_acf_changed":false},"product_brand":[],"product_cat":[1050],"product_tag":[],"class_list":{"0":"post-22212","1":"product","2":"type-product","3":"status-publish","4":"has-post-thumbnail","6":"product_cat-eclairages-a-peigne","8":"first","9":"instock","10":"shipping-taxable","11":"purchasable","12":"product-type-variable"},"exclude_global_add_ons":[],"addons":[],"acf":[],"yoast_head":"<!-- This site is optimized with the Yoast SEO Premium plugin v27.3 (Yoast SEO v27.3) - https:\/\/yoast.com\/product\/yoast-seo-premium-wordpress\/ -->\n<title>\u00c9clairage de peigne KL80 RN - RLS Wacon analytics<\/title>\n<meta name=\"description\" content=\"La d\u00e9coupe visible de la vitre frontale de l&#039;\u00e9clairage \u00e0 peigne KL80 RN est inclin\u00e9e vers la droite.\" \/>\n<meta name=\"robots\" content=\"index, follow, max-snippet:-1, max-image-preview:large, max-video-preview:-1\" \/>\n<link rel=\"canonical\" href=\"https:\/\/rls-wacon.de\/fr\/produkt\/eclairage-de-peigne-kl80-rn\/\" \/>\n<meta property=\"og:locale\" content=\"fr_FR\" \/>\n<meta property=\"og:type\" content=\"article\" \/>\n<meta property=\"og:title\" content=\"\u00c9clairage de peigne KL80 RN\" \/>\n<meta property=\"og:description\" content=\"La d\u00e9coupe visible de la vitre frontale de l&#039;\u00e9clairage \u00e0 peigne KL80 RN est inclin\u00e9e vers la droite.\" \/>\n<meta property=\"og:url\" content=\"https:\/\/rls-wacon.de\/fr\/produkt\/eclairage-de-peigne-kl80-rn\/\" \/>\n<meta property=\"og:site_name\" content=\"RLS Wacon analytics\" \/>\n<meta property=\"article:modified_time\" content=\"2026-02-16T18:44:48+00:00\" \/>\n<meta property=\"og:image\" content=\"https:\/\/rls-wacon.de\/wp-content\/uploads\/2023\/10\/KL80-RN.jpg\" \/>\n\t<meta property=\"og:image:width\" content=\"2560\" \/>\n\t<meta property=\"og:image:height\" content=\"610\" \/>\n\t<meta property=\"og:image:type\" content=\"image\/jpeg\" \/>\n<meta name=\"twitter:card\" content=\"summary_large_image\" \/>\n<meta name=\"twitter:label1\" content=\"Disponibilit\u00e9\" \/>\n\t<meta name=\"twitter:data1\" content=\"En stock\" \/>\n<script type=\"application\/ld+json\" class=\"yoast-schema-graph\">{\"@context\":\"https:\\\/\\\/schema.org\",\"@graph\":[{\"@type\":\"WebPage\",\"@id\":\"https:\\\/\\\/rls-wacon.de\\\/fr\\\/produkt\\\/eclairage-de-peigne-kl80-rn\\\/\",\"url\":\"https:\\\/\\\/rls-wacon.de\\\/fr\\\/produkt\\\/eclairage-de-peigne-kl80-rn\\\/\",\"name\":\"\u00c9clairage de peigne KL80 RN - RLS Wacon analytics\",\"isPartOf\":{\"@id\":\"https:\\\/\\\/rls-wacon.de\\\/#website\"},\"primaryImageOfPage\":{\"@id\":\"https:\\\/\\\/rls-wacon.de\\\/fr\\\/produkt\\\/eclairage-de-peigne-kl80-rn\\\/#primaryimage\"},\"image\":{\"@id\":\"https:\\\/\\\/rls-wacon.de\\\/fr\\\/produkt\\\/eclairage-de-peigne-kl80-rn\\\/#primaryimage\"},\"thumbnailUrl\":\"https:\\\/\\\/rls-wacon.de\\\/wp-content\\\/uploads\\\/2023\\\/10\\\/KL80-RN.jpg\",\"datePublished\":\"2023-10-24T15:04:22+00:00\",\"dateModified\":\"2026-02-16T18:44:48+00:00\",\"description\":\"La d\u00e9coupe visible de la vitre frontale de l'\u00e9clairage \u00e0 peigne KL80 RN est inclin\u00e9e vers la droite.\",\"breadcrumb\":{\"@id\":\"https:\\\/\\\/rls-wacon.de\\\/fr\\\/produkt\\\/eclairage-de-peigne-kl80-rn\\\/#breadcrumb\"},\"inLanguage\":\"fr-FR\",\"potentialAction\":[{\"@type\":\"ReadAction\",\"target\":[\"https:\\\/\\\/rls-wacon.de\\\/fr\\\/produkt\\\/eclairage-de-peigne-kl80-rn\\\/\"]}]},{\"@type\":\"ImageObject\",\"inLanguage\":\"fr-FR\",\"@id\":\"https:\\\/\\\/rls-wacon.de\\\/fr\\\/produkt\\\/eclairage-de-peigne-kl80-rn\\\/#primaryimage\",\"url\":\"https:\\\/\\\/rls-wacon.de\\\/wp-content\\\/uploads\\\/2023\\\/10\\\/KL80-RN.jpg\",\"contentUrl\":\"https:\\\/\\\/rls-wacon.de\\\/wp-content\\\/uploads\\\/2023\\\/10\\\/KL80-RN.jpg\",\"width\":2560,\"height\":610},{\"@type\":\"BreadcrumbList\",\"@id\":\"https:\\\/\\\/rls-wacon.de\\\/fr\\\/produkt\\\/eclairage-de-peigne-kl80-rn\\\/#breadcrumb\",\"itemListElement\":[{\"@type\":\"ListItem\",\"position\":1,\"name\":\"Page d'accueil\",\"item\":\"https:\\\/\\\/rls-wacon.de\\\/\"},{\"@type\":\"ListItem\",\"position\":2,\"name\":\"Boutique\",\"item\":\"https:\\\/\\\/rls-wacon.de\\\/shop\\\/\"},{\"@type\":\"ListItem\",\"position\":3,\"name\":\"\u00c9clairage de peigne KL80 RN\"}]},{\"@type\":\"WebSite\",\"@id\":\"https:\\\/\\\/rls-wacon.de\\\/#website\",\"url\":\"https:\\\/\\\/rls-wacon.de\\\/\",\"name\":\"RLS Wacon analytics GmbH\",\"description\":\"Experts for water monitoring\",\"publisher\":{\"@id\":\"https:\\\/\\\/rls-wacon.de\\\/#organization\"},\"potentialAction\":[{\"@type\":\"SearchAction\",\"target\":{\"@type\":\"EntryPoint\",\"urlTemplate\":\"https:\\\/\\\/rls-wacon.de\\\/?s={search_term_string}\"},\"query-input\":{\"@type\":\"PropertyValueSpecification\",\"valueRequired\":true,\"valueName\":\"search_term_string\"}}],\"inLanguage\":\"fr-FR\"},{\"@type\":\"Organization\",\"@id\":\"https:\\\/\\\/rls-wacon.de\\\/#organization\",\"name\":\"RLS Wacon analytics GmbH\",\"url\":\"https:\\\/\\\/rls-wacon.de\\\/\",\"logo\":{\"@type\":\"ImageObject\",\"inLanguage\":\"fr-FR\",\"@id\":\"https:\\\/\\\/rls-wacon.de\\\/#\\\/schema\\\/logo\\\/image\\\/\",\"url\":\"https:\\\/\\\/rls-wacon.de\\\/wp-content\\\/uploads\\\/2022\\\/10\\\/RLSWacon-analytics-Logo-BR-RZ-9_17-768x1591.png\",\"contentUrl\":\"https:\\\/\\\/rls-wacon.de\\\/wp-content\\\/uploads\\\/2022\\\/10\\\/RLSWacon-analytics-Logo-BR-RZ-9_17-768x1591.png\",\"width\":768,\"height\":159,\"caption\":\"RLS Wacon analytics GmbH\"},\"image\":{\"@id\":\"https:\\\/\\\/rls-wacon.de\\\/#\\\/schema\\\/logo\\\/image\\\/\"}}]}<\/script>\n<meta property=\"og:availability\" content=\"instock\" \/>\n<meta property=\"product:availability\" content=\"instock\" \/>\n<meta property=\"product:condition\" content=\"new\" \/>\n<!-- \/ Yoast SEO Premium plugin. -->","yoast_head_json":{"title":"\u00c9clairage de peigne KL80 RN - RLS Wacon analytics","description":"La d\u00e9coupe visible de la vitre frontale de l'\u00e9clairage \u00e0 peigne KL80 RN est inclin\u00e9e vers la droite.","robots":{"index":"index","follow":"follow","max-snippet":"max-snippet:-1","max-image-preview":"max-image-preview:large","max-video-preview":"max-video-preview:-1"},"canonical":"https:\/\/rls-wacon.de\/fr\/produkt\/eclairage-de-peigne-kl80-rn\/","og_locale":"fr_FR","og_type":"article","og_title":"\u00c9clairage de peigne KL80 RN","og_description":"La d\u00e9coupe visible de la vitre frontale de l'\u00e9clairage \u00e0 peigne KL80 RN est inclin\u00e9e vers la droite.","og_url":"https:\/\/rls-wacon.de\/fr\/produkt\/eclairage-de-peigne-kl80-rn\/","og_site_name":"RLS Wacon analytics","article_modified_time":"2026-02-16T18:44:48+00:00","og_image":[{"width":2560,"height":610,"url":"https:\/\/rls-wacon.de\/wp-content\/uploads\/2023\/10\/KL80-RN.jpg","type":"image\/jpeg"}],"twitter_card":"summary_large_image","twitter_misc":{"Disponibilit\u00e9":"En stock"},"schema":{"@context":"https:\/\/schema.org","@graph":[{"@type":"WebPage","@id":"https:\/\/rls-wacon.de\/fr\/produkt\/eclairage-de-peigne-kl80-rn\/","url":"https:\/\/rls-wacon.de\/fr\/produkt\/eclairage-de-peigne-kl80-rn\/","name":"\u00c9clairage de peigne KL80 RN - RLS Wacon analytics","isPartOf":{"@id":"https:\/\/rls-wacon.de\/#website"},"primaryImageOfPage":{"@id":"https:\/\/rls-wacon.de\/fr\/produkt\/eclairage-de-peigne-kl80-rn\/#primaryimage"},"image":{"@id":"https:\/\/rls-wacon.de\/fr\/produkt\/eclairage-de-peigne-kl80-rn\/#primaryimage"},"thumbnailUrl":"https:\/\/rls-wacon.de\/wp-content\/uploads\/2023\/10\/KL80-RN.jpg","datePublished":"2023-10-24T15:04:22+00:00","dateModified":"2026-02-16T18:44:48+00:00","description":"La d\u00e9coupe visible de la vitre frontale de l'\u00e9clairage \u00e0 peigne KL80 RN est inclin\u00e9e vers la droite.","breadcrumb":{"@id":"https:\/\/rls-wacon.de\/fr\/produkt\/eclairage-de-peigne-kl80-rn\/#breadcrumb"},"inLanguage":"fr-FR","potentialAction":[{"@type":"ReadAction","target":["https:\/\/rls-wacon.de\/fr\/produkt\/eclairage-de-peigne-kl80-rn\/"]}]},{"@type":"ImageObject","inLanguage":"fr-FR","@id":"https:\/\/rls-wacon.de\/fr\/produkt\/eclairage-de-peigne-kl80-rn\/#primaryimage","url":"https:\/\/rls-wacon.de\/wp-content\/uploads\/2023\/10\/KL80-RN.jpg","contentUrl":"https:\/\/rls-wacon.de\/wp-content\/uploads\/2023\/10\/KL80-RN.jpg","width":2560,"height":610},{"@type":"BreadcrumbList","@id":"https:\/\/rls-wacon.de\/fr\/produkt\/eclairage-de-peigne-kl80-rn\/#breadcrumb","itemListElement":[{"@type":"ListItem","position":1,"name":"Page d'accueil","item":"https:\/\/rls-wacon.de\/"},{"@type":"ListItem","position":2,"name":"Boutique","item":"https:\/\/rls-wacon.de\/shop\/"},{"@type":"ListItem","position":3,"name":"\u00c9clairage de peigne KL80 RN"}]},{"@type":"WebSite","@id":"https:\/\/rls-wacon.de\/#website","url":"https:\/\/rls-wacon.de\/","name":"RLS Wacon analytics GmbH","description":"Experts for water monitoring","publisher":{"@id":"https:\/\/rls-wacon.de\/#organization"},"potentialAction":[{"@type":"SearchAction","target":{"@type":"EntryPoint","urlTemplate":"https:\/\/rls-wacon.de\/?s={search_term_string}"},"query-input":{"@type":"PropertyValueSpecification","valueRequired":true,"valueName":"search_term_string"}}],"inLanguage":"fr-FR"},{"@type":"Organization","@id":"https:\/\/rls-wacon.de\/#organization","name":"RLS Wacon analytics GmbH","url":"https:\/\/rls-wacon.de\/","logo":{"@type":"ImageObject","inLanguage":"fr-FR","@id":"https:\/\/rls-wacon.de\/#\/schema\/logo\/image\/","url":"https:\/\/rls-wacon.de\/wp-content\/uploads\/2022\/10\/RLSWacon-analytics-Logo-BR-RZ-9_17-768x1591.png","contentUrl":"https:\/\/rls-wacon.de\/wp-content\/uploads\/2022\/10\/RLSWacon-analytics-Logo-BR-RZ-9_17-768x1591.png","width":768,"height":159,"caption":"RLS Wacon analytics GmbH"},"image":{"@id":"https:\/\/rls-wacon.de\/#\/schema\/logo\/image\/"}}]},"og_availability":"instock","product_availability":"instock","product_condition":"new"},"_links":{"self":[{"href":"https:\/\/rls-wacon.de\/fr\/wp-json\/wp\/v2\/product\/22212","targetHints":{"allow":["GET"]}}],"collection":[{"href":"https:\/\/rls-wacon.de\/fr\/wp-json\/wp\/v2\/product"}],"about":[{"href":"https:\/\/rls-wacon.de\/fr\/wp-json\/wp\/v2\/types\/product"}],"version-history":[{"count":1,"href":"https:\/\/rls-wacon.de\/fr\/wp-json\/wp\/v2\/product\/22212\/revisions"}],"predecessor-version":[{"id":28665,"href":"https:\/\/rls-wacon.de\/fr\/wp-json\/wp\/v2\/product\/22212\/revisions\/28665"}],"wp:featuredmedia":[{"embeddable":true,"href":"https:\/\/rls-wacon.de\/fr\/wp-json\/wp\/v2\/media\/18678"}],"wp:attachment":[{"href":"https:\/\/rls-wacon.de\/fr\/wp-json\/wp\/v2\/media?parent=22212"}],"wp:term":[{"taxonomy":"product_brand","embeddable":true,"href":"https:\/\/rls-wacon.de\/fr\/wp-json\/wp\/v2\/product_brand?post=22212"},{"taxonomy":"product_cat","embeddable":true,"href":"https:\/\/rls-wacon.de\/fr\/wp-json\/wp\/v2\/product_cat?post=22212"},{"taxonomy":"product_tag","embeddable":true,"href":"https:\/\/rls-wacon.de\/fr\/wp-json\/wp\/v2\/product_tag?post=22212"}],"curies":[{"name":"wp","href":"https:\/\/api.w.org\/{rel}","templated":true}]}}