{"id":22214,"date":"2023-10-24T15:04:20","date_gmt":"2023-10-24T15:04:20","guid":{"rendered":"https:\/\/rls-wacon.de\/produkt\/indicateur-de-direction-rs7400\/"},"modified":"2026-02-16T19:45:27","modified_gmt":"2026-02-16T18:45:27","slug":"indicateur-de-direction-rs7400","status":"publish","type":"product","link":"https:\/\/rls-wacon.de\/fr\/produkt\/indicateur-de-direction-rs7400\/","title":{"rendered":"Indicateur de direction RS7400"},"content":{"rendered":"<hr class=\"system-pagebreak\" title=\"Sp\u00e9cifications\" \/>\n<table class=\"rls-table\">\n<tbody>\n<tr>\n<td>Param\u00e8tre<\/td>\n<td>Valeur<\/td>\n<\/tr>\n<tr>\n<td>Tension de fonctionnement<\/td>\n<td>16 &#8230; 28 VAC \/ 16 &#8230; 36 VDC<\/td>\n<\/tr>\n<tr>\n<td>Consommation \u00e9lectrique<\/td>\n<td>typ. 2,6 VA<\/td>\n<\/tr>\n<tr>\n<td>Temp\u00e9rature ambiante<\/td>\n<td>&#8211; 20 \u00b0C \u00e0 60 \u00b0C<\/td>\n<\/tr>\n<tr>\n<td>Classe de protection<\/td>\n<td>IP 67<\/td>\n<\/tr>\n<tr>\n<td>Profondeur d&rsquo;encastrement<\/td>\n<td>56 mm<\/td>\n<\/tr>\n<\/tbody>\n<\/table>\n<hr class=\"system-pagebreak\" title=\"Donn\u00e9es techniques\" \/>\n<table class=\"rls-table\">\n<tbody>\n<tr>\n<td>Param\u00e8tre<\/td>\n<td>Valeur<\/td>\n<\/tr>\n<tr>\n<td>Couleur de la LED<\/td>\n<td>blanc, jaune<\/td>\n<\/tr>\n<tr>\n<td>Intensit\u00e9 lumineuse<\/td>\n<td>typ. 60 lx (distance de 0,5 m)<\/td>\n<\/tr>\n<tr>\n<td>Dur\u00e9e de vie des LED<\/td>\n<td>50.000 h<\/td>\n<\/tr>\n<tr>\n<td>Panneau avant<\/td>\n<td>d = 74,5 mm, droit<\/td>\n<\/tr>\n<tr>\n<td>Raccordement<\/td>\n<td>3 x 0,5 mm\u00b2, longueur 30 cm, embouts de c\u00e2ble<\/td>\n<\/tr>\n<\/tbody>\n<\/table>\n","protected":false},"excerpt":{"rendered":"<p>Le feu indicateur de direction RS7400 avec contr\u00f4le de fonctionnement est une fl\u00e8che directionnelle r\u00e9tro\u00e9clair\u00e9e. Le feu RS7400 pr\u00e9sente un contraste optique \u00e9lev\u00e9 tout en consommant peu et en offrant un \u00e9clairage homog\u00e8ne.<\/p>\n<p>Les caract\u00e9ristiques particuli\u00e8res sont<\/p>\n<ul>\n<li>surveillance du fonctionnement en option<\/li>\n<li>\u00e0 installer dans des colonnes carr\u00e9es ou des socles de 75 mm de diam\u00e8tre<\/li>\n<li>\u00e9cran frontal droit, interchangeable<\/li>\n<li>grande plage de tension d&rsquo;entr\u00e9e<\/li>\n<li>robuste et durable<\/li>\n<li>aucun symbole n&rsquo;est visible lorsque l&rsquo;appareil est hors tension<\/li>\n<li>Version sp\u00e9ciale pour 12 V possible<\/li>\n<\/ul>\n<p>Domaines d&rsquo;application de l&rsquo;indicateur de direction RS7400 :<\/p>\n<ul>\n<li>\u00c9quipements de transport de passagers<\/li>\n<li>Gestion des flux de trafic<\/li>\n<\/ul>\n","protected":false},"featured_media":19422,"template":"","meta":{"_acf_changed":false},"product_brand":[],"product_cat":[1049],"product_tag":[],"class_list":{"0":"post-22214","1":"product","2":"type-product","3":"status-publish","4":"has-post-thumbnail","6":"product_cat-indicateur-de-direction","7":"pa_frontscheibe-74-mm-fr","9":"first","10":"instock","11":"shipping-taxable","12":"purchasable","13":"product-type-variable"},"exclude_global_add_ons":[],"addons":[],"acf":[],"yoast_head":"<!-- This site is optimized with the Yoast SEO Premium plugin v27.3 (Yoast SEO v27.4) - https:\/\/yoast.com\/product\/yoast-seo-premium-wordpress\/ -->\n<title>Indicateur de direction RS7400 - RLS Wacon analytics<\/title>\n<meta name=\"description\" content=\"Le feu indicateur de direction RS7400 avec contr\u00f4le de fonctionnement est une fl\u00e8che directionnelle r\u00e9tro\u00e9clair\u00e9e.\" \/>\n<meta name=\"robots\" content=\"index, follow, max-snippet:-1, max-image-preview:large, max-video-preview:-1\" \/>\n<link rel=\"canonical\" href=\"https:\/\/rls-wacon.de\/fr\/produkt\/indicateur-de-direction-rs7400\/\" \/>\n<meta property=\"og:locale\" content=\"fr_FR\" \/>\n<meta property=\"og:type\" content=\"article\" \/>\n<meta property=\"og:title\" content=\"Indicateur de direction RS7400\" \/>\n<meta property=\"og:description\" content=\"Le feu indicateur de direction RS7400 avec contr\u00f4le de fonctionnement est une fl\u00e8che directionnelle r\u00e9tro\u00e9clair\u00e9e.\" \/>\n<meta property=\"og:url\" content=\"https:\/\/rls-wacon.de\/fr\/produkt\/indicateur-de-direction-rs7400\/\" \/>\n<meta property=\"og:site_name\" content=\"RLS Wacon analytics\" \/>\n<meta property=\"article:modified_time\" content=\"2026-02-16T18:45:27+00:00\" \/>\n<meta property=\"og:image\" content=\"https:\/\/rls-wacon.de\/wp-content\/uploads\/2025\/02\/RX-7400.jpg\" \/>\n\t<meta property=\"og:image:width\" content=\"1818\" \/>\n\t<meta property=\"og:image:height\" content=\"1920\" \/>\n\t<meta property=\"og:image:type\" content=\"image\/jpeg\" \/>\n<meta name=\"twitter:card\" content=\"summary_large_image\" \/>\n<meta name=\"twitter:label1\" content=\"Disponibilit\u00e9\" \/>\n\t<meta name=\"twitter:data1\" content=\"En stock\" \/>\n<script type=\"application\/ld+json\" class=\"yoast-schema-graph\">{\"@context\":\"https:\\\/\\\/schema.org\",\"@graph\":[{\"@type\":\"WebPage\",\"@id\":\"https:\\\/\\\/rls-wacon.de\\\/fr\\\/produkt\\\/indicateur-de-direction-rs7400\\\/\",\"url\":\"https:\\\/\\\/rls-wacon.de\\\/fr\\\/produkt\\\/indicateur-de-direction-rs7400\\\/\",\"name\":\"Indicateur de direction RS7400 - RLS Wacon analytics\",\"isPartOf\":{\"@id\":\"https:\\\/\\\/rls-wacon.de\\\/#website\"},\"primaryImageOfPage\":{\"@id\":\"https:\\\/\\\/rls-wacon.de\\\/fr\\\/produkt\\\/indicateur-de-direction-rs7400\\\/#primaryimage\"},\"image\":{\"@id\":\"https:\\\/\\\/rls-wacon.de\\\/fr\\\/produkt\\\/indicateur-de-direction-rs7400\\\/#primaryimage\"},\"thumbnailUrl\":\"https:\\\/\\\/rls-wacon.de\\\/wp-content\\\/uploads\\\/2025\\\/02\\\/RX-7400.jpg\",\"datePublished\":\"2023-10-24T15:04:20+00:00\",\"dateModified\":\"2026-02-16T18:45:27+00:00\",\"description\":\"Le feu indicateur de direction RS7400 avec contr\u00f4le de fonctionnement est une fl\u00e8che directionnelle r\u00e9tro\u00e9clair\u00e9e.\",\"breadcrumb\":{\"@id\":\"https:\\\/\\\/rls-wacon.de\\\/fr\\\/produkt\\\/indicateur-de-direction-rs7400\\\/#breadcrumb\"},\"inLanguage\":\"fr-FR\",\"potentialAction\":[{\"@type\":\"ReadAction\",\"target\":[\"https:\\\/\\\/rls-wacon.de\\\/fr\\\/produkt\\\/indicateur-de-direction-rs7400\\\/\"]}]},{\"@type\":\"ImageObject\",\"inLanguage\":\"fr-FR\",\"@id\":\"https:\\\/\\\/rls-wacon.de\\\/fr\\\/produkt\\\/indicateur-de-direction-rs7400\\\/#primaryimage\",\"url\":\"https:\\\/\\\/rls-wacon.de\\\/wp-content\\\/uploads\\\/2025\\\/02\\\/RX-7400.jpg\",\"contentUrl\":\"https:\\\/\\\/rls-wacon.de\\\/wp-content\\\/uploads\\\/2025\\\/02\\\/RX-7400.jpg\",\"width\":1818,\"height\":1920},{\"@type\":\"BreadcrumbList\",\"@id\":\"https:\\\/\\\/rls-wacon.de\\\/fr\\\/produkt\\\/indicateur-de-direction-rs7400\\\/#breadcrumb\",\"itemListElement\":[{\"@type\":\"ListItem\",\"position\":1,\"name\":\"Page d'accueil\",\"item\":\"https:\\\/\\\/rls-wacon.de\\\/\"},{\"@type\":\"ListItem\",\"position\":2,\"name\":\"Boutique\",\"item\":\"https:\\\/\\\/rls-wacon.de\\\/shop\\\/\"},{\"@type\":\"ListItem\",\"position\":3,\"name\":\"Indicateur de direction RS7400\"}]},{\"@type\":\"WebSite\",\"@id\":\"https:\\\/\\\/rls-wacon.de\\\/#website\",\"url\":\"https:\\\/\\\/rls-wacon.de\\\/\",\"name\":\"RLS Wacon analytics GmbH\",\"description\":\"Experts for water monitoring\",\"publisher\":{\"@id\":\"https:\\\/\\\/rls-wacon.de\\\/#organization\"},\"potentialAction\":[{\"@type\":\"SearchAction\",\"target\":{\"@type\":\"EntryPoint\",\"urlTemplate\":\"https:\\\/\\\/rls-wacon.de\\\/?s={search_term_string}\"},\"query-input\":{\"@type\":\"PropertyValueSpecification\",\"valueRequired\":true,\"valueName\":\"search_term_string\"}}],\"inLanguage\":\"fr-FR\"},{\"@type\":\"Organization\",\"@id\":\"https:\\\/\\\/rls-wacon.de\\\/#organization\",\"name\":\"RLS Wacon analytics GmbH\",\"url\":\"https:\\\/\\\/rls-wacon.de\\\/\",\"logo\":{\"@type\":\"ImageObject\",\"inLanguage\":\"fr-FR\",\"@id\":\"https:\\\/\\\/rls-wacon.de\\\/#\\\/schema\\\/logo\\\/image\\\/\",\"url\":\"https:\\\/\\\/rls-wacon.de\\\/wp-content\\\/uploads\\\/2022\\\/10\\\/RLSWacon-analytics-Logo-BR-RZ-9_17-768x1591.png\",\"contentUrl\":\"https:\\\/\\\/rls-wacon.de\\\/wp-content\\\/uploads\\\/2022\\\/10\\\/RLSWacon-analytics-Logo-BR-RZ-9_17-768x1591.png\",\"width\":768,\"height\":159,\"caption\":\"RLS Wacon analytics GmbH\"},\"image\":{\"@id\":\"https:\\\/\\\/rls-wacon.de\\\/#\\\/schema\\\/logo\\\/image\\\/\"}}]}<\/script>\n<meta property=\"og:availability\" content=\"instock\" \/>\n<meta property=\"product:availability\" content=\"instock\" \/>\n<meta property=\"product:condition\" content=\"new\" \/>\n<!-- \/ Yoast SEO Premium plugin. -->","yoast_head_json":{"title":"Indicateur de direction RS7400 - RLS Wacon analytics","description":"Le feu indicateur de direction RS7400 avec contr\u00f4le de fonctionnement est une fl\u00e8che directionnelle r\u00e9tro\u00e9clair\u00e9e.","robots":{"index":"index","follow":"follow","max-snippet":"max-snippet:-1","max-image-preview":"max-image-preview:large","max-video-preview":"max-video-preview:-1"},"canonical":"https:\/\/rls-wacon.de\/fr\/produkt\/indicateur-de-direction-rs7400\/","og_locale":"fr_FR","og_type":"article","og_title":"Indicateur de direction RS7400","og_description":"Le feu indicateur de direction RS7400 avec contr\u00f4le de fonctionnement est une fl\u00e8che directionnelle r\u00e9tro\u00e9clair\u00e9e.","og_url":"https:\/\/rls-wacon.de\/fr\/produkt\/indicateur-de-direction-rs7400\/","og_site_name":"RLS Wacon analytics","article_modified_time":"2026-02-16T18:45:27+00:00","og_image":[{"width":1818,"height":1920,"url":"https:\/\/rls-wacon.de\/wp-content\/uploads\/2025\/02\/RX-7400.jpg","type":"image\/jpeg"}],"twitter_card":"summary_large_image","twitter_misc":{"Disponibilit\u00e9":"En stock"},"schema":{"@context":"https:\/\/schema.org","@graph":[{"@type":"WebPage","@id":"https:\/\/rls-wacon.de\/fr\/produkt\/indicateur-de-direction-rs7400\/","url":"https:\/\/rls-wacon.de\/fr\/produkt\/indicateur-de-direction-rs7400\/","name":"Indicateur de direction RS7400 - RLS Wacon analytics","isPartOf":{"@id":"https:\/\/rls-wacon.de\/#website"},"primaryImageOfPage":{"@id":"https:\/\/rls-wacon.de\/fr\/produkt\/indicateur-de-direction-rs7400\/#primaryimage"},"image":{"@id":"https:\/\/rls-wacon.de\/fr\/produkt\/indicateur-de-direction-rs7400\/#primaryimage"},"thumbnailUrl":"https:\/\/rls-wacon.de\/wp-content\/uploads\/2025\/02\/RX-7400.jpg","datePublished":"2023-10-24T15:04:20+00:00","dateModified":"2026-02-16T18:45:27+00:00","description":"Le feu indicateur de direction RS7400 avec contr\u00f4le de fonctionnement est une fl\u00e8che directionnelle r\u00e9tro\u00e9clair\u00e9e.","breadcrumb":{"@id":"https:\/\/rls-wacon.de\/fr\/produkt\/indicateur-de-direction-rs7400\/#breadcrumb"},"inLanguage":"fr-FR","potentialAction":[{"@type":"ReadAction","target":["https:\/\/rls-wacon.de\/fr\/produkt\/indicateur-de-direction-rs7400\/"]}]},{"@type":"ImageObject","inLanguage":"fr-FR","@id":"https:\/\/rls-wacon.de\/fr\/produkt\/indicateur-de-direction-rs7400\/#primaryimage","url":"https:\/\/rls-wacon.de\/wp-content\/uploads\/2025\/02\/RX-7400.jpg","contentUrl":"https:\/\/rls-wacon.de\/wp-content\/uploads\/2025\/02\/RX-7400.jpg","width":1818,"height":1920},{"@type":"BreadcrumbList","@id":"https:\/\/rls-wacon.de\/fr\/produkt\/indicateur-de-direction-rs7400\/#breadcrumb","itemListElement":[{"@type":"ListItem","position":1,"name":"Page d'accueil","item":"https:\/\/rls-wacon.de\/"},{"@type":"ListItem","position":2,"name":"Boutique","item":"https:\/\/rls-wacon.de\/shop\/"},{"@type":"ListItem","position":3,"name":"Indicateur de direction RS7400"}]},{"@type":"WebSite","@id":"https:\/\/rls-wacon.de\/#website","url":"https:\/\/rls-wacon.de\/","name":"RLS Wacon analytics GmbH","description":"Experts for water monitoring","publisher":{"@id":"https:\/\/rls-wacon.de\/#organization"},"potentialAction":[{"@type":"SearchAction","target":{"@type":"EntryPoint","urlTemplate":"https:\/\/rls-wacon.de\/?s={search_term_string}"},"query-input":{"@type":"PropertyValueSpecification","valueRequired":true,"valueName":"search_term_string"}}],"inLanguage":"fr-FR"},{"@type":"Organization","@id":"https:\/\/rls-wacon.de\/#organization","name":"RLS Wacon analytics GmbH","url":"https:\/\/rls-wacon.de\/","logo":{"@type":"ImageObject","inLanguage":"fr-FR","@id":"https:\/\/rls-wacon.de\/#\/schema\/logo\/image\/","url":"https:\/\/rls-wacon.de\/wp-content\/uploads\/2022\/10\/RLSWacon-analytics-Logo-BR-RZ-9_17-768x1591.png","contentUrl":"https:\/\/rls-wacon.de\/wp-content\/uploads\/2022\/10\/RLSWacon-analytics-Logo-BR-RZ-9_17-768x1591.png","width":768,"height":159,"caption":"RLS Wacon analytics GmbH"},"image":{"@id":"https:\/\/rls-wacon.de\/#\/schema\/logo\/image\/"}}]},"og_availability":"instock","product_availability":"instock","product_condition":"new"},"_links":{"self":[{"href":"https:\/\/rls-wacon.de\/fr\/wp-json\/wp\/v2\/product\/22214","targetHints":{"allow":["GET"]}}],"collection":[{"href":"https:\/\/rls-wacon.de\/fr\/wp-json\/wp\/v2\/product"}],"about":[{"href":"https:\/\/rls-wacon.de\/fr\/wp-json\/wp\/v2\/types\/product"}],"version-history":[{"count":1,"href":"https:\/\/rls-wacon.de\/fr\/wp-json\/wp\/v2\/product\/22214\/revisions"}],"predecessor-version":[{"id":28666,"href":"https:\/\/rls-wacon.de\/fr\/wp-json\/wp\/v2\/product\/22214\/revisions\/28666"}],"wp:featuredmedia":[{"embeddable":true,"href":"https:\/\/rls-wacon.de\/fr\/wp-json\/wp\/v2\/media\/19422"}],"wp:attachment":[{"href":"https:\/\/rls-wacon.de\/fr\/wp-json\/wp\/v2\/media?parent=22214"}],"wp:term":[{"taxonomy":"product_brand","embeddable":true,"href":"https:\/\/rls-wacon.de\/fr\/wp-json\/wp\/v2\/product_brand?post=22214"},{"taxonomy":"product_cat","embeddable":true,"href":"https:\/\/rls-wacon.de\/fr\/wp-json\/wp\/v2\/product_cat?post=22214"},{"taxonomy":"product_tag","embeddable":true,"href":"https:\/\/rls-wacon.de\/fr\/wp-json\/wp\/v2\/product_tag?post=22214"}],"curies":[{"name":"wp","href":"https:\/\/api.w.org\/{rel}","templated":true}]}}