{"id":22240,"date":"2023-10-24T15:04:27","date_gmt":"2023-10-24T15:04:27","guid":{"rendered":"https:\/\/rls-wacon.de\/produkt\/eclairage-de-peigne-klt102\/"},"modified":"2026-02-16T19:50:13","modified_gmt":"2026-02-16T18:50:13","slug":"eclairage-de-peigne-klt102","status":"publish","type":"product","link":"https:\/\/rls-wacon.de\/fr\/produkt\/eclairage-de-peigne-klt102\/","title":{"rendered":"\u00c9clairage de peigne KLT102"},"content":{"rendered":"<hr class=\"system-pagebreak\" title=\"Sp\u00e9cifications\" \/>\n<table class=\"rls-table\">\n<tbody>\n<tr>\n<td>Param\u00e8tre<\/td>\n<td>Valeur<\/td>\n<\/tr>\n<tr>\n<td>Tension de fonctionnement<\/td>\n<td>24V : 16 &#8230; 28 V AC<\/p>\n<p>230V : 230 VAC<\/td>\n<\/tr>\n<tr>\n<td>Consommation \u00e9lectrique<\/td>\n<td>4 VA<\/td>\n<\/tr>\n<tr>\n<td>Temp\u00e9rature ambiante<\/td>\n<td>-20\u00b0C \u00e0 60 \u00b0C<\/td>\n<\/tr>\n<tr>\n<td>Classe de protection<\/td>\n<td>IP 67<\/td>\n<\/tr>\n<tr>\n<td>Dimensions ext\u00e9rieures<\/td>\n<td>KLT102 : 232 x 82 mm<\/p>\n<p>KLT102-A : 324 x 82 mm<\/td>\n<\/tr>\n<tr>\n<td>Profondeur d&rsquo;encastrement<\/td>\n<td>52 mm<\/td>\n<\/tr>\n<tr>\n<td>Poids<\/td>\n<td>KLT102 : 580g<\/p>\n<p>KLT102-A : 600 g<\/td>\n<\/tr>\n<\/tbody>\n<\/table>\n<hr class=\"system-pagebreak\" title=\"Donn\u00e9es techniques\" \/>\n<table class=\"rls-table\">\n<tbody>\n<tr>\n<td>Param\u00e8tre<\/td>\n<td>Valeur<\/td>\n<\/tr>\n<tr>\n<td>Couleur de la LED<\/td>\n<td>jaune, blanc<\/td>\n<\/tr>\n<tr>\n<td>Intensit\u00e9 lumineuse<\/p>\n<p>(1 m de distance)<\/td>\n<td>320 lx (blanc), 70 lx (jaune)<\/td>\n<\/tr>\n<tr>\n<td>Panneau avant<\/td>\n<td>PMMA Plexiglas Cristal de glace<\/td>\n<\/tr>\n<tr>\n<td>Dimensions de la vitre avant<\/td>\n<td>169 x 69 mm<\/td>\n<\/tr>\n<tr>\n<td>Hauteur du contour<\/td>\n<td>2 mm<\/td>\n<\/tr>\n<tr>\n<td>C\u00e2ble d&rsquo;alimentation<\/td>\n<td>2 x 0,5 mm\u00b2, longueur 30 cm, \u00d6lflex, embout de c\u00e2ble<\/td>\n<\/tr>\n<\/tbody>\n<\/table>\n<p>&nbsp;<\/p>\n","protected":false},"excerpt":{"rendered":"<p>La d\u00e9coupe visible de la vitre avant de l&rsquo;\u00e9clairage \u00e0 peigne KLT102(-A) est asym\u00e9trique. L&rsquo;utilisation de LED dans l&rsquo;\u00e9clairage \u00e0 peigne KLT102(-A) garantit une longue dur\u00e9e de vie.<\/p>\n<p>Les caract\u00e9ristiques particuli\u00e8res sont<\/p>\n<ul>\n<li>\u00e9clairage LED tr\u00e8s lumineux<\/li>\n<li>conception \u00e9lectrique extr\u00eamement robuste, les variations \u00e9lectriques n&rsquo;endommagent pas les LED<\/li>\n<li>faible consommation d&rsquo;\u00e9nergie<\/li>\n<li>durable<\/li>\n<li>insensible \u00e0 l&rsquo;encrassement<\/li>\n<li>IP 67<\/li>\n<\/ul>\n<p>L&rsquo;\u00e9clairage de peigne KLT102(-A) est utilis\u00e9 dans la zone de peigne des escaliers m\u00e9caniques.<\/p>\n<p>KLT102 :<\/p>\n<p><img decoding=\"async\" class=\"alignnone size-medium wp-image-18833\" src=\"https:\/\/rls-wacon.de\/wp-content\/uploads\/2023\/10\/KLT102-X-Frontscheibe-300x105.jpg\" alt=\"\" width=\"300\" height=\"105\" srcset=\"https:\/\/rls-wacon.de\/wp-content\/uploads\/2023\/10\/KLT102-X-Frontscheibe-300x105.jpg 300w, https:\/\/rls-wacon.de\/wp-content\/uploads\/2023\/10\/KLT102-X-Frontscheibe-1024x360.jpg 1024w, https:\/\/rls-wacon.de\/wp-content\/uploads\/2023\/10\/KLT102-X-Frontscheibe-768x270.jpg 768w, https:\/\/rls-wacon.de\/wp-content\/uploads\/2023\/10\/KLT102-X-Frontscheibe-1536x540.jpg 1536w, https:\/\/rls-wacon.de\/wp-content\/uploads\/2023\/10\/KLT102-X-Frontscheibe-600x211.jpg 600w, https:\/\/rls-wacon.de\/wp-content\/uploads\/2023\/10\/KLT102-X-Frontscheibe.jpg 1890w\" sizes=\"(max-width: 300px) 100vw, 300px\" \/><\/p>\n<p>KLT102-A :<\/p>\n<p><img decoding=\"async\" class=\"alignnone wp-image-18838\" src=\"https:\/\/rls-wacon.de\/wp-content\/uploads\/2023\/10\/KLT102-A-X-Frontscheibe-300x76.jpg\" alt=\"\" width=\"413\" height=\"105\" srcset=\"https:\/\/rls-wacon.de\/wp-content\/uploads\/2023\/10\/KLT102-A-X-Frontscheibe-300x76.jpg 300w, https:\/\/rls-wacon.de\/wp-content\/uploads\/2023\/10\/KLT102-A-X-Frontscheibe-1024x261.jpg 1024w, https:\/\/rls-wacon.de\/wp-content\/uploads\/2023\/10\/KLT102-A-X-Frontscheibe-768x195.jpg 768w, https:\/\/rls-wacon.de\/wp-content\/uploads\/2023\/10\/KLT102-A-X-Frontscheibe-1536x391.jpg 1536w, https:\/\/rls-wacon.de\/wp-content\/uploads\/2023\/10\/KLT102-A-X-Frontscheibe-600x153.jpg 600w, https:\/\/rls-wacon.de\/wp-content\/uploads\/2023\/10\/KLT102-A-X-Frontscheibe.jpg 1890w\" sizes=\"(max-width: 413px) 100vw, 413px\" \/><\/p>\n","protected":false},"featured_media":18853,"template":"","meta":{"_acf_changed":false},"product_brand":[],"product_cat":[450],"product_tag":[],"class_list":{"0":"post-22240","1":"product","2":"type-product","3":"status-publish","4":"has-post-thumbnail","6":"product_cat-kammbeleuchtungen","8":"first","9":"instock","10":"shipping-taxable","11":"purchasable","12":"product-type-variable"},"exclude_global_add_ons":[],"addons":[],"acf":[],"yoast_head":"<!-- This site is optimized with the Yoast SEO Premium plugin v27.3 (Yoast SEO v27.4) - https:\/\/yoast.com\/product\/yoast-seo-premium-wordpress\/ -->\n<title>\u00c9clairage de peigne KLT102 - RLS Wacon analytics<\/title>\n<meta name=\"description\" content=\"La d\u00e9coupe visible de la vitre avant de l&#039;\u00e9clairage \u00e0 peigne KLT102(-A) est asym\u00e9trique.\" \/>\n<meta name=\"robots\" content=\"index, follow, max-snippet:-1, max-image-preview:large, max-video-preview:-1\" \/>\n<link rel=\"canonical\" href=\"https:\/\/rls-wacon.de\/fr\/produkt\/eclairage-de-peigne-klt102\/\" \/>\n<meta property=\"og:locale\" content=\"fr_FR\" \/>\n<meta property=\"og:type\" content=\"article\" \/>\n<meta property=\"og:title\" content=\"\u00c9clairage de peigne KLT102\" \/>\n<meta property=\"og:description\" content=\"La d\u00e9coupe visible de la vitre avant de l&#039;\u00e9clairage \u00e0 peigne KLT102(-A) est asym\u00e9trique.\" \/>\n<meta property=\"og:url\" content=\"https:\/\/rls-wacon.de\/fr\/produkt\/eclairage-de-peigne-klt102\/\" \/>\n<meta property=\"og:site_name\" content=\"RLS Wacon analytics\" \/>\n<meta property=\"article:modified_time\" content=\"2026-02-16T18:50:13+00:00\" \/>\n<meta property=\"og:image\" content=\"https:\/\/rls-wacon.de\/wp-content\/uploads\/2025\/02\/KLT102-Y.jpg\" \/>\n\t<meta property=\"og:image:width\" content=\"1417\" \/>\n\t<meta property=\"og:image:height\" content=\"490\" \/>\n\t<meta property=\"og:image:type\" content=\"image\/jpeg\" \/>\n<meta name=\"twitter:card\" content=\"summary_large_image\" \/>\n<meta name=\"twitter:label1\" content=\"Disponibilit\u00e9\" \/>\n\t<meta name=\"twitter:data1\" content=\"En stock\" \/>\n<script type=\"application\/ld+json\" class=\"yoast-schema-graph\">{\"@context\":\"https:\\\/\\\/schema.org\",\"@graph\":[{\"@type\":\"WebPage\",\"@id\":\"https:\\\/\\\/rls-wacon.de\\\/fr\\\/produkt\\\/eclairage-de-peigne-klt102\\\/\",\"url\":\"https:\\\/\\\/rls-wacon.de\\\/fr\\\/produkt\\\/eclairage-de-peigne-klt102\\\/\",\"name\":\"\u00c9clairage de peigne KLT102 - RLS Wacon analytics\",\"isPartOf\":{\"@id\":\"https:\\\/\\\/rls-wacon.de\\\/#website\"},\"primaryImageOfPage\":{\"@id\":\"https:\\\/\\\/rls-wacon.de\\\/fr\\\/produkt\\\/eclairage-de-peigne-klt102\\\/#primaryimage\"},\"image\":{\"@id\":\"https:\\\/\\\/rls-wacon.de\\\/fr\\\/produkt\\\/eclairage-de-peigne-klt102\\\/#primaryimage\"},\"thumbnailUrl\":\"https:\\\/\\\/rls-wacon.de\\\/wp-content\\\/uploads\\\/2025\\\/02\\\/KLT102-Y.jpg\",\"datePublished\":\"2023-10-24T15:04:27+00:00\",\"dateModified\":\"2026-02-16T18:50:13+00:00\",\"description\":\"La d\u00e9coupe visible de la vitre avant de l'\u00e9clairage \u00e0 peigne KLT102(-A) est asym\u00e9trique.\",\"breadcrumb\":{\"@id\":\"https:\\\/\\\/rls-wacon.de\\\/fr\\\/produkt\\\/eclairage-de-peigne-klt102\\\/#breadcrumb\"},\"inLanguage\":\"fr-FR\",\"potentialAction\":[{\"@type\":\"ReadAction\",\"target\":[\"https:\\\/\\\/rls-wacon.de\\\/fr\\\/produkt\\\/eclairage-de-peigne-klt102\\\/\"]}]},{\"@type\":\"ImageObject\",\"inLanguage\":\"fr-FR\",\"@id\":\"https:\\\/\\\/rls-wacon.de\\\/fr\\\/produkt\\\/eclairage-de-peigne-klt102\\\/#primaryimage\",\"url\":\"https:\\\/\\\/rls-wacon.de\\\/wp-content\\\/uploads\\\/2025\\\/02\\\/KLT102-Y.jpg\",\"contentUrl\":\"https:\\\/\\\/rls-wacon.de\\\/wp-content\\\/uploads\\\/2025\\\/02\\\/KLT102-Y.jpg\",\"width\":1417,\"height\":490,\"caption\":\"SONY DSC\"},{\"@type\":\"BreadcrumbList\",\"@id\":\"https:\\\/\\\/rls-wacon.de\\\/fr\\\/produkt\\\/eclairage-de-peigne-klt102\\\/#breadcrumb\",\"itemListElement\":[{\"@type\":\"ListItem\",\"position\":1,\"name\":\"Page d'accueil\",\"item\":\"https:\\\/\\\/rls-wacon.de\\\/\"},{\"@type\":\"ListItem\",\"position\":2,\"name\":\"Boutique\",\"item\":\"https:\\\/\\\/rls-wacon.de\\\/shop\\\/\"},{\"@type\":\"ListItem\",\"position\":3,\"name\":\"\u00c9clairage de peigne KLT102\"}]},{\"@type\":\"WebSite\",\"@id\":\"https:\\\/\\\/rls-wacon.de\\\/#website\",\"url\":\"https:\\\/\\\/rls-wacon.de\\\/\",\"name\":\"RLS Wacon analytics GmbH\",\"description\":\"Experts for water monitoring\",\"publisher\":{\"@id\":\"https:\\\/\\\/rls-wacon.de\\\/#organization\"},\"potentialAction\":[{\"@type\":\"SearchAction\",\"target\":{\"@type\":\"EntryPoint\",\"urlTemplate\":\"https:\\\/\\\/rls-wacon.de\\\/?s={search_term_string}\"},\"query-input\":{\"@type\":\"PropertyValueSpecification\",\"valueRequired\":true,\"valueName\":\"search_term_string\"}}],\"inLanguage\":\"fr-FR\"},{\"@type\":\"Organization\",\"@id\":\"https:\\\/\\\/rls-wacon.de\\\/#organization\",\"name\":\"RLS Wacon analytics GmbH\",\"url\":\"https:\\\/\\\/rls-wacon.de\\\/\",\"logo\":{\"@type\":\"ImageObject\",\"inLanguage\":\"fr-FR\",\"@id\":\"https:\\\/\\\/rls-wacon.de\\\/#\\\/schema\\\/logo\\\/image\\\/\",\"url\":\"https:\\\/\\\/rls-wacon.de\\\/wp-content\\\/uploads\\\/2022\\\/10\\\/RLSWacon-analytics-Logo-BR-RZ-9_17-768x1591.png\",\"contentUrl\":\"https:\\\/\\\/rls-wacon.de\\\/wp-content\\\/uploads\\\/2022\\\/10\\\/RLSWacon-analytics-Logo-BR-RZ-9_17-768x1591.png\",\"width\":768,\"height\":159,\"caption\":\"RLS Wacon analytics GmbH\"},\"image\":{\"@id\":\"https:\\\/\\\/rls-wacon.de\\\/#\\\/schema\\\/logo\\\/image\\\/\"}}]}<\/script>\n<meta property=\"og:availability\" content=\"instock\" \/>\n<meta property=\"product:availability\" content=\"instock\" \/>\n<meta property=\"product:condition\" content=\"new\" \/>\n<!-- \/ Yoast SEO Premium plugin. -->","yoast_head_json":{"title":"\u00c9clairage de peigne KLT102 - RLS Wacon analytics","description":"La d\u00e9coupe visible de la vitre avant de l'\u00e9clairage \u00e0 peigne KLT102(-A) est asym\u00e9trique.","robots":{"index":"index","follow":"follow","max-snippet":"max-snippet:-1","max-image-preview":"max-image-preview:large","max-video-preview":"max-video-preview:-1"},"canonical":"https:\/\/rls-wacon.de\/fr\/produkt\/eclairage-de-peigne-klt102\/","og_locale":"fr_FR","og_type":"article","og_title":"\u00c9clairage de peigne KLT102","og_description":"La d\u00e9coupe visible de la vitre avant de l'\u00e9clairage \u00e0 peigne KLT102(-A) est asym\u00e9trique.","og_url":"https:\/\/rls-wacon.de\/fr\/produkt\/eclairage-de-peigne-klt102\/","og_site_name":"RLS Wacon analytics","article_modified_time":"2026-02-16T18:50:13+00:00","og_image":[{"width":1417,"height":490,"url":"https:\/\/rls-wacon.de\/wp-content\/uploads\/2025\/02\/KLT102-Y.jpg","type":"image\/jpeg"}],"twitter_card":"summary_large_image","twitter_misc":{"Disponibilit\u00e9":"En stock"},"schema":{"@context":"https:\/\/schema.org","@graph":[{"@type":"WebPage","@id":"https:\/\/rls-wacon.de\/fr\/produkt\/eclairage-de-peigne-klt102\/","url":"https:\/\/rls-wacon.de\/fr\/produkt\/eclairage-de-peigne-klt102\/","name":"\u00c9clairage de peigne KLT102 - RLS Wacon analytics","isPartOf":{"@id":"https:\/\/rls-wacon.de\/#website"},"primaryImageOfPage":{"@id":"https:\/\/rls-wacon.de\/fr\/produkt\/eclairage-de-peigne-klt102\/#primaryimage"},"image":{"@id":"https:\/\/rls-wacon.de\/fr\/produkt\/eclairage-de-peigne-klt102\/#primaryimage"},"thumbnailUrl":"https:\/\/rls-wacon.de\/wp-content\/uploads\/2025\/02\/KLT102-Y.jpg","datePublished":"2023-10-24T15:04:27+00:00","dateModified":"2026-02-16T18:50:13+00:00","description":"La d\u00e9coupe visible de la vitre avant de l'\u00e9clairage \u00e0 peigne KLT102(-A) est asym\u00e9trique.","breadcrumb":{"@id":"https:\/\/rls-wacon.de\/fr\/produkt\/eclairage-de-peigne-klt102\/#breadcrumb"},"inLanguage":"fr-FR","potentialAction":[{"@type":"ReadAction","target":["https:\/\/rls-wacon.de\/fr\/produkt\/eclairage-de-peigne-klt102\/"]}]},{"@type":"ImageObject","inLanguage":"fr-FR","@id":"https:\/\/rls-wacon.de\/fr\/produkt\/eclairage-de-peigne-klt102\/#primaryimage","url":"https:\/\/rls-wacon.de\/wp-content\/uploads\/2025\/02\/KLT102-Y.jpg","contentUrl":"https:\/\/rls-wacon.de\/wp-content\/uploads\/2025\/02\/KLT102-Y.jpg","width":1417,"height":490,"caption":"SONY DSC"},{"@type":"BreadcrumbList","@id":"https:\/\/rls-wacon.de\/fr\/produkt\/eclairage-de-peigne-klt102\/#breadcrumb","itemListElement":[{"@type":"ListItem","position":1,"name":"Page d'accueil","item":"https:\/\/rls-wacon.de\/"},{"@type":"ListItem","position":2,"name":"Boutique","item":"https:\/\/rls-wacon.de\/shop\/"},{"@type":"ListItem","position":3,"name":"\u00c9clairage de peigne KLT102"}]},{"@type":"WebSite","@id":"https:\/\/rls-wacon.de\/#website","url":"https:\/\/rls-wacon.de\/","name":"RLS Wacon analytics GmbH","description":"Experts for water monitoring","publisher":{"@id":"https:\/\/rls-wacon.de\/#organization"},"potentialAction":[{"@type":"SearchAction","target":{"@type":"EntryPoint","urlTemplate":"https:\/\/rls-wacon.de\/?s={search_term_string}"},"query-input":{"@type":"PropertyValueSpecification","valueRequired":true,"valueName":"search_term_string"}}],"inLanguage":"fr-FR"},{"@type":"Organization","@id":"https:\/\/rls-wacon.de\/#organization","name":"RLS Wacon analytics GmbH","url":"https:\/\/rls-wacon.de\/","logo":{"@type":"ImageObject","inLanguage":"fr-FR","@id":"https:\/\/rls-wacon.de\/#\/schema\/logo\/image\/","url":"https:\/\/rls-wacon.de\/wp-content\/uploads\/2022\/10\/RLSWacon-analytics-Logo-BR-RZ-9_17-768x1591.png","contentUrl":"https:\/\/rls-wacon.de\/wp-content\/uploads\/2022\/10\/RLSWacon-analytics-Logo-BR-RZ-9_17-768x1591.png","width":768,"height":159,"caption":"RLS Wacon analytics GmbH"},"image":{"@id":"https:\/\/rls-wacon.de\/#\/schema\/logo\/image\/"}}]},"og_availability":"instock","product_availability":"instock","product_condition":"new"},"_links":{"self":[{"href":"https:\/\/rls-wacon.de\/fr\/wp-json\/wp\/v2\/product\/22240","targetHints":{"allow":["GET"]}}],"collection":[{"href":"https:\/\/rls-wacon.de\/fr\/wp-json\/wp\/v2\/product"}],"about":[{"href":"https:\/\/rls-wacon.de\/fr\/wp-json\/wp\/v2\/types\/product"}],"version-history":[{"count":1,"href":"https:\/\/rls-wacon.de\/fr\/wp-json\/wp\/v2\/product\/22240\/revisions"}],"predecessor-version":[{"id":28674,"href":"https:\/\/rls-wacon.de\/fr\/wp-json\/wp\/v2\/product\/22240\/revisions\/28674"}],"wp:featuredmedia":[{"embeddable":true,"href":"https:\/\/rls-wacon.de\/fr\/wp-json\/wp\/v2\/media\/18853"}],"wp:attachment":[{"href":"https:\/\/rls-wacon.de\/fr\/wp-json\/wp\/v2\/media?parent=22240"}],"wp:term":[{"taxonomy":"product_brand","embeddable":true,"href":"https:\/\/rls-wacon.de\/fr\/wp-json\/wp\/v2\/product_brand?post=22240"},{"taxonomy":"product_cat","embeddable":true,"href":"https:\/\/rls-wacon.de\/fr\/wp-json\/wp\/v2\/product_cat?post=22240"},{"taxonomy":"product_tag","embeddable":true,"href":"https:\/\/rls-wacon.de\/fr\/wp-json\/wp\/v2\/product_tag?post=22240"}],"curies":[{"name":"wp","href":"https:\/\/api.w.org\/{rel}","templated":true}]}}