{"id":29505,"date":"2026-03-11T11:21:07","date_gmt":"2026-03-11T10:21:07","guid":{"rendered":"https:\/\/rls-wacon.de\/produkt\/durete-totale-serie-h25\/"},"modified":"2026-03-18T15:27:39","modified_gmt":"2026-03-18T14:27:39","slug":"durete-totale-serie-h25","status":"publish","type":"product","link":"https:\/\/rls-wacon.de\/fr\/produkt\/durete-totale-serie-h25\/","title":{"rendered":"Duret\u00e9 totale S\u00e9rie H25"},"content":{"rendered":"<h2>Indicateur de valeur totale s\u00e9rie H25<\/h2>\n<h3>A quoi sert la mesure de la valeur totale ?<\/h3>\n<p>La valeur totale (ou valeur de l&rsquo;eau) d\u00e9crit la concentration des ions alcalino-terreux dissous dans l&rsquo;eau, en particulier le calcium et le magn\u00e9sium. Une mesure fiable de la duret\u00e9 est indispensable dans de nombreux domaines du traitement de l&rsquo;eau : <\/p>\n<ul class=\"feature-list\">\n<li><strong>l&rsquo;eau d&rsquo;alimentation des chaudi\u00e8res et la production de vapeur :<\/strong> M\u00eame des r\u00e9sidus minimes entra\u00eenent des d\u00e9p\u00f4ts de calcaire (scaling) qui peuvent d\u00e9t\u00e9riorer le transfert de chaleur et causer des dommages \u00e0 l&rsquo;installation.<\/li>\n<li><strong>Surveillance de l&rsquo;\u00e9changeur d&rsquo;ions :<\/strong> la mesure pr\u00e9cise des r\u00e9sines permet une d\u00e9tection pr\u00e9coce des ruptures de r\u00e9sine et une r\u00e9g\u00e9n\u00e9ration adapt\u00e9e aux besoins.<\/li>\n<li><strong>Syst\u00e8mes d&rsquo;osmose inverse :<\/strong> contr\u00f4le continu de la qualit\u00e9 du perm\u00e9at pour prot\u00e9ger les processus en aval.<\/li>\n<li><strong>Syst\u00e8mes d&rsquo;eau de refroidissement :<\/strong> pr\u00e9vention des d\u00e9p\u00f4ts et de la corrosion dans les tours de refroidissement et les \u00e9changeurs de chaleur.<\/li>\n<li>Eau <strong>potable et eau industrielle :<\/strong> contr\u00f4le de la qualit\u00e9 de l&rsquo;eau conform\u00e9ment aux exigences de l&rsquo;entreprise.<\/li>\n<\/ul>\n<p>Dans le traitement industriel de l&rsquo;eau, la surveillance pr\u00e9cise et continue des teneurs r\u00e9siduelles est essentielle pour un fonctionnement s\u00fbr, efficace et \u00e9conomique des installations.<\/p>\n<h3>Comment fonctionne l&rsquo;indicateur ?<\/h3>\n<p>Les indicateurs H25 sont des r\u00e9actifs liquides color\u00e9s destin\u00e9s \u00e0 l&rsquo;analyse enti\u00e8rement automatis\u00e9e de l&rsquo;eau avec les analyseurs de la gamme SYCON de RLS Wacon. Le principe de mesure est bas\u00e9 sur une r\u00e9action colorim\u00e9trique : <\/p>\n<p>L&rsquo;analyseur pr\u00e9l\u00e8ve automatiquement un \u00e9chantillon d&rsquo;eau \u00e0 intervalles librement configurables, ajoute l&rsquo;indicateur avec pr\u00e9cision et mesure la coloration r\u00e9sultante par photom\u00e9trie. L&rsquo;intensit\u00e9 de la couleur est directement proportionnelle \u00e0 la concentration de l&rsquo;eau. <\/p>\n<p>L&rsquo;\u00e9chantillonnage et l&rsquo;analyse enti\u00e8rement automatis\u00e9s \u00e9liminent les erreurs de l&rsquo;op\u00e9rateur et garantissent une surveillance sans faille 24h\/24 et 7j\/7, m\u00eame dans les endroits difficiles d&rsquo;acc\u00e8s.<\/p>\n<h3>Avantages de la s\u00e9rie H25<\/h3>\n<ul class=\"feature-list\">\n<li>11 niveaux de concentration de 0,02 \u00e0 10 \u00b0dH\n<p style=\"text-indent: 30px; font-style: italic;\">Une s\u00e9lection pr\u00e9cise pour chaque gamme de mesure et chaque valeur limite<\/p>\n<\/li>\n<li>Mesures enti\u00e8rement automatis\u00e9es avec les analyseurs SYCON\n<p style=\"text-indent: 30px; font-style: italic;\">Surveillance 24h\/24 et 7j\/7 sans intervention manuelle<\/p>\n<\/li>\n<li>Compatible avec SYCON 2602, 2702, 2802 et SYCON BoB\n<p style=\"text-indent: 30px; font-style: italic;\">Possibilit\u00e9s d&rsquo;utilisation flexibles pour les appareils de limite et de plage de mesure<\/p>\n<\/li>\n<li>Mati\u00e8res premi\u00e8res de haute qualit\u00e9 et recette propre\n<p style=\"text-indent: 30px; font-style: italic;\">Fabrication par RLS Wacon &#8211; Fabriqu\u00e9 en Allemagne<\/p>\n<\/li>\n<li>Fabrication en interne et \u00e9talonnage de lots individuels\n<p style=\"text-indent: 30px; font-style: italic;\">Une qualit\u00e9 et une pr\u00e9cision constantes \u00e0 chaque livraison<\/p>\n<\/li>\n<li>Dur\u00e9e de conservation de 24 mois \u00e0 compter de la date de fabrication\n<p style=\"text-indent: 30px; font-style: italic;\">Stockage rentable et gestion flexible des stocks<\/p>\n<\/li>\n<li>Disponible en bouteille individuelle (500 ml) et en paquet avantageux (4 \u00d7 500 ml)\n<p style=\"text-indent: 30px; font-style: italic;\">Des contenants \u00e9conomiques pour tous les besoins<\/p>\n<\/li>\n<\/ul>\n","protected":false},"excerpt":{"rendered":"<p>Indicateur de valeur totale s\u00e9rie H25 A quoi sert la mesure de la valeur totale ? La valeur totale (ou valeur de l&rsquo;eau) d\u00e9crit la concentration des ions alcalino-terreux dissous dans l&rsquo;eau, en particulier le calcium et le magn\u00e9sium. Une mesure fiable de la duret\u00e9 est indispensable dans de nombreux domaines du traitement de l&rsquo;eau [&hellip;]<\/p>\n","protected":false},"featured_media":20687,"template":"","meta":{"_acf_changed":false},"product_brand":[],"product_cat":[990,978],"product_tag":[],"class_list":{"0":"post-29505","1":"product","2":"type-product","3":"status-publish","4":"has-post-thumbnail","6":"product_cat-durete-totale-fr","7":"product_cat-reactifs","9":"first","10":"instock","11":"shipping-taxable","12":"purchasable","13":"product-type-variable"},"exclude_global_add_ons":[],"addons":[],"acf":[],"yoast_head":"<!-- This site is optimized with the Yoast SEO Premium plugin v27.3 (Yoast SEO v27.4) - https:\/\/yoast.com\/product\/yoast-seo-premium-wordpress\/ -->\n<title>Duret\u00e9 totale S\u00e9rie H25 - RLS Wacon analytics<\/title>\n<meta name=\"description\" content=\"Les indicateurs de la s\u00e9rie H25 sont des indicateurs de duret\u00e9 r\u00e9siduelle ou de\" \/>\n<meta name=\"robots\" content=\"index, follow, max-snippet:-1, max-image-preview:large, max-video-preview:-1\" \/>\n<link rel=\"canonical\" href=\"https:\/\/rls-wacon.de\/fr\/produkt\/durete-totale-serie-h25\/\" \/>\n<meta property=\"og:locale\" content=\"fr_FR\" \/>\n<meta property=\"og:type\" content=\"article\" \/>\n<meta property=\"og:title\" content=\"Duret\u00e9 totale S\u00e9rie H25\" \/>\n<meta property=\"og:description\" content=\"Les indicateurs de la s\u00e9rie H25 sont des indicateurs de duret\u00e9 r\u00e9siduelle ou de\" \/>\n<meta property=\"og:url\" content=\"https:\/\/rls-wacon.de\/fr\/produkt\/durete-totale-serie-h25\/\" \/>\n<meta property=\"og:site_name\" content=\"RLS Wacon analytics\" \/>\n<meta property=\"article:modified_time\" content=\"2026-03-18T14:27:39+00:00\" \/>\n<meta property=\"og:image\" content=\"https:\/\/rls-wacon.de\/wp-content\/uploads\/2023\/03\/32-484155-Vorteilspackung-Indikator-H25-03-Gebinde-4-x-500-ml-scaled.jpg\" \/>\n\t<meta property=\"og:image:width\" content=\"2560\" \/>\n\t<meta property=\"og:image:height\" content=\"1707\" \/>\n\t<meta property=\"og:image:type\" content=\"image\/jpeg\" \/>\n<meta name=\"twitter:card\" content=\"summary_large_image\" \/>\n<meta name=\"twitter:label1\" content=\"Disponibilit\u00e9\" \/>\n\t<meta name=\"twitter:data1\" content=\"En stock\" \/>\n<script type=\"application\/ld+json\" class=\"yoast-schema-graph\">{\"@context\":\"https:\\\/\\\/schema.org\",\"@graph\":[{\"@type\":\"WebPage\",\"@id\":\"https:\\\/\\\/rls-wacon.de\\\/fr\\\/produkt\\\/durete-totale-serie-h25\\\/\",\"url\":\"https:\\\/\\\/rls-wacon.de\\\/fr\\\/produkt\\\/durete-totale-serie-h25\\\/\",\"name\":\"Duret\u00e9 totale S\u00e9rie H25 - RLS Wacon analytics\",\"isPartOf\":{\"@id\":\"https:\\\/\\\/rls-wacon.de\\\/#website\"},\"primaryImageOfPage\":{\"@id\":\"https:\\\/\\\/rls-wacon.de\\\/fr\\\/produkt\\\/durete-totale-serie-h25\\\/#primaryimage\"},\"image\":{\"@id\":\"https:\\\/\\\/rls-wacon.de\\\/fr\\\/produkt\\\/durete-totale-serie-h25\\\/#primaryimage\"},\"thumbnailUrl\":\"https:\\\/\\\/rls-wacon.de\\\/wp-content\\\/uploads\\\/2023\\\/03\\\/32-484155-Vorteilspackung-Indikator-H25-03-Gebinde-4-x-500-ml-scaled.jpg\",\"datePublished\":\"2026-03-11T10:21:07+00:00\",\"dateModified\":\"2026-03-18T14:27:39+00:00\",\"description\":\"Les indicateurs de la s\u00e9rie H25 sont des indicateurs de duret\u00e9 r\u00e9siduelle ou de\",\"breadcrumb\":{\"@id\":\"https:\\\/\\\/rls-wacon.de\\\/fr\\\/produkt\\\/durete-totale-serie-h25\\\/#breadcrumb\"},\"inLanguage\":\"fr-FR\",\"potentialAction\":[{\"@type\":\"ReadAction\",\"target\":[\"https:\\\/\\\/rls-wacon.de\\\/fr\\\/produkt\\\/durete-totale-serie-h25\\\/\"]}]},{\"@type\":\"ImageObject\",\"inLanguage\":\"fr-FR\",\"@id\":\"https:\\\/\\\/rls-wacon.de\\\/fr\\\/produkt\\\/durete-totale-serie-h25\\\/#primaryimage\",\"url\":\"https:\\\/\\\/rls-wacon.de\\\/wp-content\\\/uploads\\\/2023\\\/03\\\/32-484155-Vorteilspackung-Indikator-H25-03-Gebinde-4-x-500-ml-scaled.jpg\",\"contentUrl\":\"https:\\\/\\\/rls-wacon.de\\\/wp-content\\\/uploads\\\/2023\\\/03\\\/32-484155-Vorteilspackung-Indikator-H25-03-Gebinde-4-x-500-ml-scaled.jpg\",\"width\":2560,\"height\":1707,\"caption\":\"32-484155 Conditionnement avantageux Indicateur H25 - 0,3 (bidon de 4 x 500 ml)\"},{\"@type\":\"BreadcrumbList\",\"@id\":\"https:\\\/\\\/rls-wacon.de\\\/fr\\\/produkt\\\/durete-totale-serie-h25\\\/#breadcrumb\",\"itemListElement\":[{\"@type\":\"ListItem\",\"position\":1,\"name\":\"Page d'accueil\",\"item\":\"https:\\\/\\\/rls-wacon.de\\\/\"},{\"@type\":\"ListItem\",\"position\":2,\"name\":\"Boutique\",\"item\":\"https:\\\/\\\/rls-wacon.de\\\/shop\\\/\"},{\"@type\":\"ListItem\",\"position\":3,\"name\":\"Duret\u00e9 totale S\u00e9rie H25\"}]},{\"@type\":\"WebSite\",\"@id\":\"https:\\\/\\\/rls-wacon.de\\\/#website\",\"url\":\"https:\\\/\\\/rls-wacon.de\\\/\",\"name\":\"RLS Wacon analytics GmbH\",\"description\":\"Experts for water monitoring\",\"publisher\":{\"@id\":\"https:\\\/\\\/rls-wacon.de\\\/#organization\"},\"potentialAction\":[{\"@type\":\"SearchAction\",\"target\":{\"@type\":\"EntryPoint\",\"urlTemplate\":\"https:\\\/\\\/rls-wacon.de\\\/?s={search_term_string}\"},\"query-input\":{\"@type\":\"PropertyValueSpecification\",\"valueRequired\":true,\"valueName\":\"search_term_string\"}}],\"inLanguage\":\"fr-FR\"},{\"@type\":\"Organization\",\"@id\":\"https:\\\/\\\/rls-wacon.de\\\/#organization\",\"name\":\"RLS Wacon analytics GmbH\",\"url\":\"https:\\\/\\\/rls-wacon.de\\\/\",\"logo\":{\"@type\":\"ImageObject\",\"inLanguage\":\"fr-FR\",\"@id\":\"https:\\\/\\\/rls-wacon.de\\\/#\\\/schema\\\/logo\\\/image\\\/\",\"url\":\"https:\\\/\\\/rls-wacon.de\\\/wp-content\\\/uploads\\\/2022\\\/10\\\/RLSWacon-analytics-Logo-BR-RZ-9_17-768x1591.png\",\"contentUrl\":\"https:\\\/\\\/rls-wacon.de\\\/wp-content\\\/uploads\\\/2022\\\/10\\\/RLSWacon-analytics-Logo-BR-RZ-9_17-768x1591.png\",\"width\":768,\"height\":159,\"caption\":\"RLS Wacon analytics GmbH\"},\"image\":{\"@id\":\"https:\\\/\\\/rls-wacon.de\\\/#\\\/schema\\\/logo\\\/image\\\/\"}}]}<\/script>\n<meta property=\"og:availability\" content=\"instock\" \/>\n<meta property=\"product:availability\" content=\"instock\" \/>\n<meta property=\"product:condition\" content=\"new\" \/>\n<!-- \/ Yoast SEO Premium plugin. -->","yoast_head_json":{"title":"Duret\u00e9 totale S\u00e9rie H25 - RLS Wacon analytics","description":"Les indicateurs de la s\u00e9rie H25 sont des indicateurs de duret\u00e9 r\u00e9siduelle ou de","robots":{"index":"index","follow":"follow","max-snippet":"max-snippet:-1","max-image-preview":"max-image-preview:large","max-video-preview":"max-video-preview:-1"},"canonical":"https:\/\/rls-wacon.de\/fr\/produkt\/durete-totale-serie-h25\/","og_locale":"fr_FR","og_type":"article","og_title":"Duret\u00e9 totale S\u00e9rie H25","og_description":"Les indicateurs de la s\u00e9rie H25 sont des indicateurs de duret\u00e9 r\u00e9siduelle ou de","og_url":"https:\/\/rls-wacon.de\/fr\/produkt\/durete-totale-serie-h25\/","og_site_name":"RLS Wacon analytics","article_modified_time":"2026-03-18T14:27:39+00:00","og_image":[{"width":2560,"height":1707,"url":"https:\/\/rls-wacon.de\/wp-content\/uploads\/2023\/03\/32-484155-Vorteilspackung-Indikator-H25-03-Gebinde-4-x-500-ml-scaled.jpg","type":"image\/jpeg"}],"twitter_card":"summary_large_image","twitter_misc":{"Disponibilit\u00e9":"En stock"},"schema":{"@context":"https:\/\/schema.org","@graph":[{"@type":"WebPage","@id":"https:\/\/rls-wacon.de\/fr\/produkt\/durete-totale-serie-h25\/","url":"https:\/\/rls-wacon.de\/fr\/produkt\/durete-totale-serie-h25\/","name":"Duret\u00e9 totale S\u00e9rie H25 - RLS Wacon analytics","isPartOf":{"@id":"https:\/\/rls-wacon.de\/#website"},"primaryImageOfPage":{"@id":"https:\/\/rls-wacon.de\/fr\/produkt\/durete-totale-serie-h25\/#primaryimage"},"image":{"@id":"https:\/\/rls-wacon.de\/fr\/produkt\/durete-totale-serie-h25\/#primaryimage"},"thumbnailUrl":"https:\/\/rls-wacon.de\/wp-content\/uploads\/2023\/03\/32-484155-Vorteilspackung-Indikator-H25-03-Gebinde-4-x-500-ml-scaled.jpg","datePublished":"2026-03-11T10:21:07+00:00","dateModified":"2026-03-18T14:27:39+00:00","description":"Les indicateurs de la s\u00e9rie H25 sont des indicateurs de duret\u00e9 r\u00e9siduelle ou de","breadcrumb":{"@id":"https:\/\/rls-wacon.de\/fr\/produkt\/durete-totale-serie-h25\/#breadcrumb"},"inLanguage":"fr-FR","potentialAction":[{"@type":"ReadAction","target":["https:\/\/rls-wacon.de\/fr\/produkt\/durete-totale-serie-h25\/"]}]},{"@type":"ImageObject","inLanguage":"fr-FR","@id":"https:\/\/rls-wacon.de\/fr\/produkt\/durete-totale-serie-h25\/#primaryimage","url":"https:\/\/rls-wacon.de\/wp-content\/uploads\/2023\/03\/32-484155-Vorteilspackung-Indikator-H25-03-Gebinde-4-x-500-ml-scaled.jpg","contentUrl":"https:\/\/rls-wacon.de\/wp-content\/uploads\/2023\/03\/32-484155-Vorteilspackung-Indikator-H25-03-Gebinde-4-x-500-ml-scaled.jpg","width":2560,"height":1707,"caption":"32-484155 Conditionnement avantageux Indicateur H25 - 0,3 (bidon de 4 x 500 ml)"},{"@type":"BreadcrumbList","@id":"https:\/\/rls-wacon.de\/fr\/produkt\/durete-totale-serie-h25\/#breadcrumb","itemListElement":[{"@type":"ListItem","position":1,"name":"Page d'accueil","item":"https:\/\/rls-wacon.de\/"},{"@type":"ListItem","position":2,"name":"Boutique","item":"https:\/\/rls-wacon.de\/shop\/"},{"@type":"ListItem","position":3,"name":"Duret\u00e9 totale S\u00e9rie H25"}]},{"@type":"WebSite","@id":"https:\/\/rls-wacon.de\/#website","url":"https:\/\/rls-wacon.de\/","name":"RLS Wacon analytics GmbH","description":"Experts for water monitoring","publisher":{"@id":"https:\/\/rls-wacon.de\/#organization"},"potentialAction":[{"@type":"SearchAction","target":{"@type":"EntryPoint","urlTemplate":"https:\/\/rls-wacon.de\/?s={search_term_string}"},"query-input":{"@type":"PropertyValueSpecification","valueRequired":true,"valueName":"search_term_string"}}],"inLanguage":"fr-FR"},{"@type":"Organization","@id":"https:\/\/rls-wacon.de\/#organization","name":"RLS Wacon analytics GmbH","url":"https:\/\/rls-wacon.de\/","logo":{"@type":"ImageObject","inLanguage":"fr-FR","@id":"https:\/\/rls-wacon.de\/#\/schema\/logo\/image\/","url":"https:\/\/rls-wacon.de\/wp-content\/uploads\/2022\/10\/RLSWacon-analytics-Logo-BR-RZ-9_17-768x1591.png","contentUrl":"https:\/\/rls-wacon.de\/wp-content\/uploads\/2022\/10\/RLSWacon-analytics-Logo-BR-RZ-9_17-768x1591.png","width":768,"height":159,"caption":"RLS Wacon analytics GmbH"},"image":{"@id":"https:\/\/rls-wacon.de\/#\/schema\/logo\/image\/"}}]},"og_availability":"instock","product_availability":"instock","product_condition":"new"},"_links":{"self":[{"href":"https:\/\/rls-wacon.de\/fr\/wp-json\/wp\/v2\/product\/29505","targetHints":{"allow":["GET"]}}],"collection":[{"href":"https:\/\/rls-wacon.de\/fr\/wp-json\/wp\/v2\/product"}],"about":[{"href":"https:\/\/rls-wacon.de\/fr\/wp-json\/wp\/v2\/types\/product"}],"version-history":[{"count":3,"href":"https:\/\/rls-wacon.de\/fr\/wp-json\/wp\/v2\/product\/29505\/revisions"}],"predecessor-version":[{"id":30468,"href":"https:\/\/rls-wacon.de\/fr\/wp-json\/wp\/v2\/product\/29505\/revisions\/30468"}],"wp:featuredmedia":[{"embeddable":true,"href":"https:\/\/rls-wacon.de\/fr\/wp-json\/wp\/v2\/media\/20687"}],"wp:attachment":[{"href":"https:\/\/rls-wacon.de\/fr\/wp-json\/wp\/v2\/media?parent=29505"}],"wp:term":[{"taxonomy":"product_brand","embeddable":true,"href":"https:\/\/rls-wacon.de\/fr\/wp-json\/wp\/v2\/product_brand?post=29505"},{"taxonomy":"product_cat","embeddable":true,"href":"https:\/\/rls-wacon.de\/fr\/wp-json\/wp\/v2\/product_cat?post=29505"},{"taxonomy":"product_tag","embeddable":true,"href":"https:\/\/rls-wacon.de\/fr\/wp-json\/wp\/v2\/product_tag?post=29505"}],"curies":[{"name":"wp","href":"https:\/\/api.w.org\/{rel}","templated":true}]}}