{"id":30375,"date":"2026-03-17T15:56:49","date_gmt":"2026-03-17T14:56:49","guid":{"rendered":"https:\/\/rls-wacon.de\/produkt\/valeur-totale-de-la-serie-lhv\/"},"modified":"2026-04-16T15:32:26","modified_gmt":"2026-04-16T13:32:26","slug":"valeur-totale-de-la-serie-lhv","status":"publish","type":"product","link":"https:\/\/rls-wacon.de\/fr\/produkt\/valeur-totale-de-la-serie-lhv\/","title":{"rendered":"Valeur totale de la s\u00e9rie LHV"},"content":{"rendered":"<h2>Indicateur de duret\u00e9 totale S\u00e9rie LHV<\/h2>\n<h3>A quoi sert la mesure de la duret\u00e9 totale avec LHV ?<\/h3>\n<p>La s\u00e9rie LHV est sp\u00e9cialement con\u00e7ue pour la mesure de la duret\u00e9 totale avec les analyseurs de la s\u00e9rie LIMES. Les appareils LIMES fonctionnent comme de simples d\u00e9tecteurs de limite et surveillent en permanence si une valeur limite de duret\u00e9 d\u00e9finie est d\u00e9pass\u00e9e ou non. <\/p>\n<p>Domaines d&rsquo;application typiques :<\/p>\n<ul class=\"feature-list\">\n<li><strong>Adoucisseurs :<\/strong> surveillance de l&rsquo;eau de sortie des \u00e9changeurs d&rsquo;ions &#8211; d\u00e9tection imm\u00e9diate des ruptures de r\u00e9sine.<\/li>\n<li><strong>Eau d&rsquo;alimentation de la chaudi\u00e8re :<\/strong> s&rsquo;assurer que la duret\u00e9 r\u00e9siduelle requise est respect\u00e9e afin d&rsquo;\u00e9viter les d\u00e9p\u00f4ts de calcaire.<\/li>\n<li><strong>Syst\u00e8mes d&rsquo;osmose inverse :<\/strong> contr\u00f4le continu de la qualit\u00e9 du perm\u00e9at.<\/li>\n<li><strong>Traitement de l&rsquo;eau potable :<\/strong> contr\u00f4le automatis\u00e9 de la qualit\u00e9 de la duret\u00e9 de l&rsquo;eau.<\/li>\n<\/ul>\n<p>Le syst\u00e8me LIMES offre une solution rentable pour la surveillance automatique de la duret\u00e9, qui \u00e9met une alarme fiable d\u00e8s qu&rsquo;une valeur limite est d\u00e9pass\u00e9e.<\/p>\n<h3>Comment fonctionne l&rsquo;indicateur ?<\/h3>\n<p>Les indicateurs LHV sont des r\u00e9actifs liquides color\u00e9s pour le contr\u00f4le automatique des valeurs limites avec les analyseurs LIMES (LIMES Base, LIMES Plus). L&rsquo;appareil pr\u00e9l\u00e8ve automatiquement un \u00e9chantillon d&rsquo;eau, ajoute l&rsquo;indicateur et \u00e9value la r\u00e9action color\u00e9e. <\/p>\n<p>Contrairement aux appareils \u00e0 plage de mesure, le syst\u00e8me LIMES ne fournit pas de valeurs de mesure exactes, mais surveille si la valeur limite r\u00e9gl\u00e9e est respect\u00e9e. En cas de d\u00e9passement, un message d&rsquo;alarme est \u00e9mis &#8211; id\u00e9al pour la surveillance fiable des installations d&rsquo;adoucissement. <\/p>\n<h3>Avantages de la s\u00e9rie LHV<\/h3>\n<ul class=\"feature-list\">\n<li>4 niveaux de valeurs limites de 0,1 \u00e0 7 \u00b0dH\n<p style=\"text-indent: 30px; font-style: italic;\">Sensibilit\u00e9 adapt\u00e9e \u00e0 diff\u00e9rentes applications<\/p>\n<\/li>\n<li>Sp\u00e9cialement con\u00e7u pour les analyseurs LIMES\n<p style=\"text-indent: 30px; font-style: italic;\">Adaptation optimale au principe de mesure LIMES<\/p>\n<\/li>\n<li>Surveillance fiable des seuils 24h\/24 et 7j\/7\n<p style=\"text-indent: 30px; font-style: italic;\">Alerte imm\u00e9diate en cas de d\u00e9passement de la valeur limite<\/p>\n<\/li>\n<li>Bouteilles de 750 ml &#8211; plus grand volume pour une dur\u00e9e de vie plus longue\n<p style=\"text-indent: 30px; font-style: italic;\">Moins de changements fr\u00e9quents d&rsquo;indicateurs<\/p>\n<\/li>\n<li>Fabrication en interne et \u00e9talonnage de lots individuels\n<p style=\"text-indent: 30px; font-style: italic;\">Une qualit\u00e9 \u00e9lev\u00e9e et constante &#8211; Made in Germany<\/p>\n<\/li>\n<li>Dur\u00e9e de conservation de 24 mois \u00e0 compter de la date de fabrication\n<p style=\"text-indent: 30px; font-style: italic;\">Stockage rentable<\/p>\n<\/li>\n<\/ul>\n","protected":false},"excerpt":{"rendered":"<p>Indicateur de duret\u00e9 totale S\u00e9rie LHV A quoi sert la mesure de la duret\u00e9 totale avec LHV ? La s\u00e9rie LHV est sp\u00e9cialement con\u00e7ue pour la mesure de la duret\u00e9 totale avec les analyseurs de la s\u00e9rie LIMES. Les appareils LIMES fonctionnent comme de simples d\u00e9tecteurs de limite et surveillent en permanence si une valeur [&hellip;]<\/p>\n","protected":false},"featured_media":21975,"template":"","meta":{"_acf_changed":false},"product_brand":[],"product_cat":[1039,990,978],"product_tag":[2247,2244,2239,2245,2246,2237,2243,2241,2235],"class_list":{"0":"post-30375","1":"product","2":"type-product","3":"status-publish","4":"has-post-thumbnail","6":"product_cat-analytique-en-ligne","7":"product_cat-durete-totale-fr","8":"product_cat-reactifs","9":"product_tag-adoucissement","10":"product_tag-echangeur-dions","11":"product_tag-indicateur","12":"product_tag-lhv","13":"product_tag-limes","14":"product_tag-taux-dhumidite","15":"product_tag-traitement-de-leau","16":"product_tag-valeur-limite","17":"product_tag-valeur-totale","19":"first","20":"instock","21":"shipping-taxable","22":"purchasable","23":"product-type-variable"},"exclude_global_add_ons":[],"addons":[],"acf":[],"yoast_head":"<!-- This site is optimized with the Yoast SEO Premium plugin v27.5 (Yoast SEO v27.5) - https:\/\/yoast.com\/product\/yoast-seo-premium-wordpress\/ -->\n<title>Indicateur s\u00e9rie LHV | LIMES Surveillance des valeurs limites totales | RLS Wacon<\/title>\n<meta name=\"description\" content=\"Indicateur s\u00e9rie LHV pour le contr\u00f4le automatique des valeurs limites totales avec les analyseurs LIMES. 4 niveaux de valeurs limites (0,1-7 \u00b0dH), 750 ml. Fabriqu\u00e9 en Allemagne.\" \/>\n<meta name=\"robots\" content=\"index, follow, max-snippet:-1, max-image-preview:large, max-video-preview:-1\" \/>\n<link rel=\"canonical\" href=\"https:\/\/rls-wacon.de\/fr\/produkt\/valeur-totale-de-la-serie-lhv\/\" \/>\n<meta property=\"og:locale\" content=\"fr_FR\" \/>\n<meta property=\"og:type\" content=\"article\" \/>\n<meta property=\"og:title\" content=\"Valeur totale de la s\u00e9rie LHV\" \/>\n<meta property=\"og:description\" content=\"Indicateur s\u00e9rie LHV pour le contr\u00f4le automatique des valeurs limites totales avec les analyseurs LIMES. 4 niveaux de valeurs limites (0,1-7 \u00b0dH), 750 ml. Fabriqu\u00e9 en Allemagne.\" \/>\n<meta property=\"og:url\" content=\"https:\/\/rls-wacon.de\/fr\/produkt\/valeur-totale-de-la-serie-lhv\/\" \/>\n<meta property=\"og:site_name\" content=\"RLS Wacon analytics\" \/>\n<meta property=\"article:modified_time\" content=\"2026-04-16T13:32:26+00:00\" \/>\n<meta property=\"og:image\" content=\"https:\/\/rls-wacon.de\/wp-content\/uploads\/2023\/03\/indikator-lhv-0-1-scaled.jpg\" \/>\n\t<meta property=\"og:image:width\" content=\"2560\" \/>\n\t<meta property=\"og:image:height\" content=\"1707\" \/>\n\t<meta property=\"og:image:type\" content=\"image\/jpeg\" \/>\n<meta name=\"twitter:card\" content=\"summary_large_image\" \/>\n<meta name=\"twitter:label1\" content=\"Disponibilit\u00e9\" \/>\n\t<meta name=\"twitter:data1\" content=\"En stock\" \/>\n<script type=\"application\/ld+json\" class=\"yoast-schema-graph\">{\"@context\":\"https:\\\/\\\/schema.org\",\"@graph\":[{\"@type\":\"WebPage\",\"@id\":\"https:\\\/\\\/rls-wacon.de\\\/fr\\\/produkt\\\/valeur-totale-de-la-serie-lhv\\\/\",\"url\":\"https:\\\/\\\/rls-wacon.de\\\/fr\\\/produkt\\\/valeur-totale-de-la-serie-lhv\\\/\",\"name\":\"Indicateur s\u00e9rie LHV | LIMES Surveillance des valeurs limites totales | RLS Wacon\",\"isPartOf\":{\"@id\":\"https:\\\/\\\/rls-wacon.de\\\/#website\"},\"primaryImageOfPage\":{\"@id\":\"https:\\\/\\\/rls-wacon.de\\\/fr\\\/produkt\\\/valeur-totale-de-la-serie-lhv\\\/#primaryimage\"},\"image\":{\"@id\":\"https:\\\/\\\/rls-wacon.de\\\/fr\\\/produkt\\\/valeur-totale-de-la-serie-lhv\\\/#primaryimage\"},\"thumbnailUrl\":\"https:\\\/\\\/rls-wacon.de\\\/wp-content\\\/uploads\\\/2023\\\/03\\\/indikator-lhv-0-1-scaled.jpg\",\"datePublished\":\"2026-03-17T14:56:49+00:00\",\"dateModified\":\"2026-04-16T13:32:26+00:00\",\"description\":\"Indicateur s\u00e9rie LHV pour le contr\u00f4le automatique des valeurs limites totales avec les analyseurs LIMES. 4 niveaux de valeurs limites (0,1-7 \u00b0dH), 750 ml. Fabriqu\u00e9 en Allemagne.\",\"breadcrumb\":{\"@id\":\"https:\\\/\\\/rls-wacon.de\\\/fr\\\/produkt\\\/valeur-totale-de-la-serie-lhv\\\/#breadcrumb\"},\"inLanguage\":\"fr-FR\",\"potentialAction\":[{\"@type\":\"ReadAction\",\"target\":[\"https:\\\/\\\/rls-wacon.de\\\/fr\\\/produkt\\\/valeur-totale-de-la-serie-lhv\\\/\"]}]},{\"@type\":\"ImageObject\",\"inLanguage\":\"fr-FR\",\"@id\":\"https:\\\/\\\/rls-wacon.de\\\/fr\\\/produkt\\\/valeur-totale-de-la-serie-lhv\\\/#primaryimage\",\"url\":\"https:\\\/\\\/rls-wacon.de\\\/wp-content\\\/uploads\\\/2023\\\/03\\\/indikator-lhv-0-1-scaled.jpg\",\"contentUrl\":\"https:\\\/\\\/rls-wacon.de\\\/wp-content\\\/uploads\\\/2023\\\/03\\\/indikator-lhv-0-1-scaled.jpg\",\"width\":2560,\"height\":1707,\"caption\":\"indicateur-lhv-0-1\"},{\"@type\":\"BreadcrumbList\",\"@id\":\"https:\\\/\\\/rls-wacon.de\\\/fr\\\/produkt\\\/valeur-totale-de-la-serie-lhv\\\/#breadcrumb\",\"itemListElement\":[{\"@type\":\"ListItem\",\"position\":1,\"name\":\"Page d'accueil\",\"item\":\"https:\\\/\\\/rls-wacon.de\\\/\"},{\"@type\":\"ListItem\",\"position\":2,\"name\":\"Boutique\",\"item\":\"https:\\\/\\\/rls-wacon.de\\\/shop\\\/\"},{\"@type\":\"ListItem\",\"position\":3,\"name\":\"Valeur totale de la s\u00e9rie LHV\"}]},{\"@type\":\"WebSite\",\"@id\":\"https:\\\/\\\/rls-wacon.de\\\/#website\",\"url\":\"https:\\\/\\\/rls-wacon.de\\\/\",\"name\":\"RLS Wacon analytics GmbH\",\"description\":\"Experts for water monitoring\",\"publisher\":{\"@id\":\"https:\\\/\\\/rls-wacon.de\\\/#organization\"},\"potentialAction\":[{\"@type\":\"SearchAction\",\"target\":{\"@type\":\"EntryPoint\",\"urlTemplate\":\"https:\\\/\\\/rls-wacon.de\\\/?s={search_term_string}\"},\"query-input\":{\"@type\":\"PropertyValueSpecification\",\"valueRequired\":true,\"valueName\":\"search_term_string\"}}],\"inLanguage\":\"fr-FR\"},{\"@type\":\"Organization\",\"@id\":\"https:\\\/\\\/rls-wacon.de\\\/#organization\",\"name\":\"RLS Wacon analytics GmbH\",\"url\":\"https:\\\/\\\/rls-wacon.de\\\/\",\"logo\":{\"@type\":\"ImageObject\",\"inLanguage\":\"fr-FR\",\"@id\":\"https:\\\/\\\/rls-wacon.de\\\/#\\\/schema\\\/logo\\\/image\\\/\",\"url\":\"https:\\\/\\\/rls-wacon.de\\\/wp-content\\\/uploads\\\/2022\\\/10\\\/RLSWacon-analytics-Logo-BR-RZ-9_17-768x1591.png\",\"contentUrl\":\"https:\\\/\\\/rls-wacon.de\\\/wp-content\\\/uploads\\\/2022\\\/10\\\/RLSWacon-analytics-Logo-BR-RZ-9_17-768x1591.png\",\"width\":768,\"height\":159,\"caption\":\"RLS Wacon analytics GmbH\"},\"image\":{\"@id\":\"https:\\\/\\\/rls-wacon.de\\\/#\\\/schema\\\/logo\\\/image\\\/\"}}]}<\/script>\n<meta property=\"og:availability\" content=\"instock\" \/>\n<meta property=\"product:availability\" content=\"instock\" \/>\n<meta property=\"product:condition\" content=\"new\" \/>\n<!-- \/ Yoast SEO Premium plugin. -->","yoast_head_json":{"title":"Indicateur s\u00e9rie LHV | LIMES Surveillance des valeurs limites totales | RLS Wacon","description":"Indicateur s\u00e9rie LHV pour le contr\u00f4le automatique des valeurs limites totales avec les analyseurs LIMES. 4 niveaux de valeurs limites (0,1-7 \u00b0dH), 750 ml. Fabriqu\u00e9 en Allemagne.","robots":{"index":"index","follow":"follow","max-snippet":"max-snippet:-1","max-image-preview":"max-image-preview:large","max-video-preview":"max-video-preview:-1"},"canonical":"https:\/\/rls-wacon.de\/fr\/produkt\/valeur-totale-de-la-serie-lhv\/","og_locale":"fr_FR","og_type":"article","og_title":"Valeur totale de la s\u00e9rie LHV","og_description":"Indicateur s\u00e9rie LHV pour le contr\u00f4le automatique des valeurs limites totales avec les analyseurs LIMES. 4 niveaux de valeurs limites (0,1-7 \u00b0dH), 750 ml. Fabriqu\u00e9 en Allemagne.","og_url":"https:\/\/rls-wacon.de\/fr\/produkt\/valeur-totale-de-la-serie-lhv\/","og_site_name":"RLS Wacon analytics","article_modified_time":"2026-04-16T13:32:26+00:00","og_image":[{"width":2560,"height":1707,"url":"https:\/\/rls-wacon.de\/wp-content\/uploads\/2023\/03\/indikator-lhv-0-1-scaled.jpg","type":"image\/jpeg"}],"twitter_card":"summary_large_image","twitter_misc":{"Disponibilit\u00e9":"En stock"},"schema":{"@context":"https:\/\/schema.org","@graph":[{"@type":"WebPage","@id":"https:\/\/rls-wacon.de\/fr\/produkt\/valeur-totale-de-la-serie-lhv\/","url":"https:\/\/rls-wacon.de\/fr\/produkt\/valeur-totale-de-la-serie-lhv\/","name":"Indicateur s\u00e9rie LHV | LIMES Surveillance des valeurs limites totales | RLS Wacon","isPartOf":{"@id":"https:\/\/rls-wacon.de\/#website"},"primaryImageOfPage":{"@id":"https:\/\/rls-wacon.de\/fr\/produkt\/valeur-totale-de-la-serie-lhv\/#primaryimage"},"image":{"@id":"https:\/\/rls-wacon.de\/fr\/produkt\/valeur-totale-de-la-serie-lhv\/#primaryimage"},"thumbnailUrl":"https:\/\/rls-wacon.de\/wp-content\/uploads\/2023\/03\/indikator-lhv-0-1-scaled.jpg","datePublished":"2026-03-17T14:56:49+00:00","dateModified":"2026-04-16T13:32:26+00:00","description":"Indicateur s\u00e9rie LHV pour le contr\u00f4le automatique des valeurs limites totales avec les analyseurs LIMES. 4 niveaux de valeurs limites (0,1-7 \u00b0dH), 750 ml. Fabriqu\u00e9 en Allemagne.","breadcrumb":{"@id":"https:\/\/rls-wacon.de\/fr\/produkt\/valeur-totale-de-la-serie-lhv\/#breadcrumb"},"inLanguage":"fr-FR","potentialAction":[{"@type":"ReadAction","target":["https:\/\/rls-wacon.de\/fr\/produkt\/valeur-totale-de-la-serie-lhv\/"]}]},{"@type":"ImageObject","inLanguage":"fr-FR","@id":"https:\/\/rls-wacon.de\/fr\/produkt\/valeur-totale-de-la-serie-lhv\/#primaryimage","url":"https:\/\/rls-wacon.de\/wp-content\/uploads\/2023\/03\/indikator-lhv-0-1-scaled.jpg","contentUrl":"https:\/\/rls-wacon.de\/wp-content\/uploads\/2023\/03\/indikator-lhv-0-1-scaled.jpg","width":2560,"height":1707,"caption":"indicateur-lhv-0-1"},{"@type":"BreadcrumbList","@id":"https:\/\/rls-wacon.de\/fr\/produkt\/valeur-totale-de-la-serie-lhv\/#breadcrumb","itemListElement":[{"@type":"ListItem","position":1,"name":"Page d'accueil","item":"https:\/\/rls-wacon.de\/"},{"@type":"ListItem","position":2,"name":"Boutique","item":"https:\/\/rls-wacon.de\/shop\/"},{"@type":"ListItem","position":3,"name":"Valeur totale de la s\u00e9rie LHV"}]},{"@type":"WebSite","@id":"https:\/\/rls-wacon.de\/#website","url":"https:\/\/rls-wacon.de\/","name":"RLS Wacon analytics GmbH","description":"Experts for water monitoring","publisher":{"@id":"https:\/\/rls-wacon.de\/#organization"},"potentialAction":[{"@type":"SearchAction","target":{"@type":"EntryPoint","urlTemplate":"https:\/\/rls-wacon.de\/?s={search_term_string}"},"query-input":{"@type":"PropertyValueSpecification","valueRequired":true,"valueName":"search_term_string"}}],"inLanguage":"fr-FR"},{"@type":"Organization","@id":"https:\/\/rls-wacon.de\/#organization","name":"RLS Wacon analytics GmbH","url":"https:\/\/rls-wacon.de\/","logo":{"@type":"ImageObject","inLanguage":"fr-FR","@id":"https:\/\/rls-wacon.de\/#\/schema\/logo\/image\/","url":"https:\/\/rls-wacon.de\/wp-content\/uploads\/2022\/10\/RLSWacon-analytics-Logo-BR-RZ-9_17-768x1591.png","contentUrl":"https:\/\/rls-wacon.de\/wp-content\/uploads\/2022\/10\/RLSWacon-analytics-Logo-BR-RZ-9_17-768x1591.png","width":768,"height":159,"caption":"RLS Wacon analytics GmbH"},"image":{"@id":"https:\/\/rls-wacon.de\/#\/schema\/logo\/image\/"}}]},"og_availability":"instock","product_availability":"instock","product_condition":"new"},"_links":{"self":[{"href":"https:\/\/rls-wacon.de\/fr\/wp-json\/wp\/v2\/product\/30375","targetHints":{"allow":["GET"]}}],"collection":[{"href":"https:\/\/rls-wacon.de\/fr\/wp-json\/wp\/v2\/product"}],"about":[{"href":"https:\/\/rls-wacon.de\/fr\/wp-json\/wp\/v2\/types\/product"}],"version-history":[{"count":1,"href":"https:\/\/rls-wacon.de\/fr\/wp-json\/wp\/v2\/product\/30375\/revisions"}],"predecessor-version":[{"id":31337,"href":"https:\/\/rls-wacon.de\/fr\/wp-json\/wp\/v2\/product\/30375\/revisions\/31337"}],"wp:featuredmedia":[{"embeddable":true,"href":"https:\/\/rls-wacon.de\/fr\/wp-json\/wp\/v2\/media\/21975"}],"wp:attachment":[{"href":"https:\/\/rls-wacon.de\/fr\/wp-json\/wp\/v2\/media?parent=30375"}],"wp:term":[{"taxonomy":"product_brand","embeddable":true,"href":"https:\/\/rls-wacon.de\/fr\/wp-json\/wp\/v2\/product_brand?post=30375"},{"taxonomy":"product_cat","embeddable":true,"href":"https:\/\/rls-wacon.de\/fr\/wp-json\/wp\/v2\/product_cat?post=30375"},{"taxonomy":"product_tag","embeddable":true,"href":"https:\/\/rls-wacon.de\/fr\/wp-json\/wp\/v2\/product_tag?post=30375"}],"curies":[{"name":"wp","href":"https:\/\/api.w.org\/{rel}","templated":true}]}}