{"id":30421,"date":"2026-03-17T14:29:35","date_gmt":"2026-03-17T13:29:35","guid":{"rendered":"https:\/\/rls-wacon.de\/produkt\/fer-serie-fe\/"},"modified":"2026-03-18T15:27:33","modified_gmt":"2026-03-18T14:27:33","slug":"fer-serie-fe","status":"publish","type":"product","link":"https:\/\/rls-wacon.de\/fr\/produkt\/fer-serie-fe\/","title":{"rendered":"Fer S\u00e9rie Fe"},"content":{"rendered":"<h2>Indicateur Fer S\u00e9rie Fe<\/h2>\n<h3>A quoi sert le fer ?<\/h3>\n<p>Le fer (Fe) est l&rsquo;un des \u00e9l\u00e9ments les plus fr\u00e9quents dans l&rsquo;eau et peut \u00eatre d&rsquo;origine naturelle ou \u00eatre introduit dans l&rsquo;eau par la corrosion des canalisations. Le contr\u00f4le de la concentration en fer est indispensable dans de nombreux domaines : <\/p>\n<ul class=\"feature-list\">\n<li><strong>Traitement de l&rsquo;eau potable :<\/strong> la valeur limite pour l&rsquo;eau potable est de 0,2 mg\/l de fer (ordonnance sur l&rsquo;eau potable). Des niveaux \u00e9lev\u00e9s de fer entra\u00eenent une coloration ind\u00e9sirable et un go\u00fbt m\u00e9tallique. <\/li>\n<li><strong>Eau d&rsquo;alimentation des chaudi\u00e8res :<\/strong> le fer provoque des d\u00e9p\u00f4ts dans les chaudi\u00e8res et les syst\u00e8mes de vapeur, ce qui peut entra\u00eener des risques de corrosion.<\/li>\n<li><strong>Eau de refroidissement :<\/strong> les d\u00e9p\u00f4ts de fer r\u00e9duisent la capacit\u00e9 de transfert de chaleur et obstruent les canalisations.<\/li>\n<li><strong>Usines de production d&rsquo;eau :<\/strong> surveillance de la d\u00e9ferrisation &#8211; contr\u00f4le du bon fonctionnement des filtres \u00e0 fer.<\/li>\n<\/ul>\n<h3>Comment fonctionne l&rsquo;indicateur ?<\/h3>\n<p>Les indicateurs de fer sont des r\u00e9actifs liquides color\u00e9s pour la d\u00e9termination enti\u00e8rement automatique du fer avec l&rsquo;analyseur de fer SYCON. L&rsquo;appareil pr\u00e9l\u00e8ve automatiquement un \u00e9chantillon d&rsquo;eau, ajoute l&rsquo;indicateur et mesure la coloration par photom\u00e9trie. <\/p>\n<p>Deux gammes de mesure sont disponibles : L&rsquo;indicateur LRS (Low Range) pour les faibles concentrations (0,01-0,5 mg\/l) et l&rsquo;indicateur HRS (High Range) pour les concentrations plus \u00e9lev\u00e9es (0,2-6,0 mg\/l).<\/p>\n<h3>Avantages de la s\u00e9rie Fe<\/h3>\n<ul class=\"feature-list\">\n<li>Deux plages de mesure : LRS (0,01-0,5 mg\/l) et HRS (0,2-6,0 mg\/l)\n<p style=\"text-indent: 30px; font-style: italic;\">Mesure pr\u00e9cise aussi bien \u00e0 l&rsquo;\u00e9tat de traces qu&rsquo;\u00e0 des concentrations plus \u00e9lev\u00e9es<\/p>\n<\/li>\n<li>Valeurs limites librement configurables sur l&rsquo;appareil\n<p style=\"text-indent: 30px; font-style: italic;\">Valeurs limites : 0,03 \/ 0,05 \/ 0,1 \/ 0,2 \/ 0,3 \/ 0,4 \/ 0,5 \/ 0,6 mg\/l<\/p>\n<\/li>\n<li>Mesure enti\u00e8rement automatique avec le SYCON Fe\n<p style=\"text-indent: 30px; font-style: italic;\">Surveillance continue 24h\/24 et 7j\/7<\/p>\n<\/li>\n<li>Mati\u00e8res premi\u00e8res de haute qualit\u00e9 et recette propre\n<p style=\"text-indent: 30px; font-style: italic;\">Fabrication par RLS Wacon &#8211; Fabriqu\u00e9 en Allemagne<\/p>\n<\/li>\n<li>Calibrage de lots individuels pour une qualit\u00e9 constante\n<p style=\"text-indent: 30px; font-style: italic;\">La plus haute pr\u00e9cision pour chaque livraison<\/p>\n<\/li>\n<li>Dur\u00e9e de conservation de 24 mois\n<p style=\"text-indent: 30px; font-style: italic;\">Stockage rentable<\/p>\n<\/li>\n<\/ul>\n","protected":false},"excerpt":{"rendered":"<p>Indicateur Fer S\u00e9rie Fe A quoi sert le fer ? Le fer (Fe) est l&rsquo;un des \u00e9l\u00e9ments les plus fr\u00e9quents dans l&rsquo;eau et peut \u00eatre d&rsquo;origine naturelle ou \u00eatre introduit dans l&rsquo;eau par la corrosion des canalisations. Le contr\u00f4le de la concentration en fer est indispensable dans de nombreux domaines : Traitement de l&rsquo;eau potable [&hellip;]<\/p>\n","protected":false},"featured_media":1546,"template":"","meta":{"_acf_changed":false},"product_brand":[],"product_cat":[979,978],"product_tag":[2330,2331,2327,2326,2329,2239,2328,2319,2243],"class_list":{"0":"post-30421","1":"product","2":"type-product","3":"status-publish","4":"has-post-thumbnail","6":"product_cat-fer-fr","7":"product_cat-reactifs","8":"product_tag-deferrisation","9":"product_tag-eau-potable","10":"product_tag-fe","11":"product_tag-fer","12":"product_tag-hrs","13":"product_tag-indicateur","14":"product_tag-lrs","15":"product_tag-sycon","16":"product_tag-traitement-de-leau","18":"first","19":"instock","20":"shipping-taxable","21":"purchasable","22":"product-type-variable"},"exclude_global_add_ons":[],"addons":[],"acf":[],"yoast_head":"<!-- This site is optimized with the Yoast SEO Premium plugin v27.3 (Yoast SEO v27.3) - https:\/\/yoast.com\/product\/yoast-seo-premium-wordpress\/ -->\n<title>Indicateur de fer s\u00e9rie Fe | Analyseur de fer SYCON | RLS Wacon<\/title>\n<meta name=\"description\" content=\"Indicateur S\u00e9rie Fe pour la d\u00e9termination automatique du fer avec le SYCON Fe. Deux plages de mesure : LRS (0,01-0,5 mg\/l) et HRS (0,2-6 mg\/l). Fabriqu\u00e9 en Allemagne.\" \/>\n<meta name=\"robots\" content=\"index, follow, max-snippet:-1, max-image-preview:large, max-video-preview:-1\" \/>\n<link rel=\"canonical\" href=\"https:\/\/rls-wacon.de\/fr\/produkt\/fer-serie-fe\/\" \/>\n<meta property=\"og:locale\" content=\"fr_FR\" \/>\n<meta property=\"og:type\" content=\"article\" \/>\n<meta property=\"og:title\" content=\"Fer S\u00e9rie Fe\" \/>\n<meta property=\"og:description\" content=\"Indicateur S\u00e9rie Fe pour la d\u00e9termination automatique du fer avec le SYCON Fe. Deux plages de mesure : LRS (0,01-0,5 mg\/l) et HRS (0,2-6 mg\/l). Fabriqu\u00e9 en Allemagne.\" \/>\n<meta property=\"og:url\" content=\"https:\/\/rls-wacon.de\/fr\/produkt\/fer-serie-fe\/\" \/>\n<meta property=\"og:site_name\" content=\"RLS Wacon analytics\" \/>\n<meta property=\"article:modified_time\" content=\"2026-03-18T14:27:33+00:00\" \/>\n<meta property=\"og:image\" content=\"https:\/\/rls-wacon.de\/wp-content\/uploads\/2023\/03\/indikator-fe-lrs-scaled.jpg\" \/>\n\t<meta property=\"og:image:width\" content=\"2560\" \/>\n\t<meta property=\"og:image:height\" content=\"1707\" \/>\n\t<meta property=\"og:image:type\" content=\"image\/jpeg\" \/>\n<meta name=\"twitter:card\" content=\"summary_large_image\" \/>\n<meta name=\"twitter:label1\" content=\"Disponibilit\u00e9\" \/>\n\t<meta name=\"twitter:data1\" content=\"En stock\" \/>\n<script type=\"application\/ld+json\" class=\"yoast-schema-graph\">{\"@context\":\"https:\\\/\\\/schema.org\",\"@graph\":[{\"@type\":\"WebPage\",\"@id\":\"https:\\\/\\\/rls-wacon.de\\\/fr\\\/produkt\\\/fer-serie-fe\\\/\",\"url\":\"https:\\\/\\\/rls-wacon.de\\\/fr\\\/produkt\\\/fer-serie-fe\\\/\",\"name\":\"Indicateur de fer s\u00e9rie Fe | Analyseur de fer SYCON | RLS Wacon\",\"isPartOf\":{\"@id\":\"https:\\\/\\\/rls-wacon.de\\\/#website\"},\"primaryImageOfPage\":{\"@id\":\"https:\\\/\\\/rls-wacon.de\\\/fr\\\/produkt\\\/fer-serie-fe\\\/#primaryimage\"},\"image\":{\"@id\":\"https:\\\/\\\/rls-wacon.de\\\/fr\\\/produkt\\\/fer-serie-fe\\\/#primaryimage\"},\"thumbnailUrl\":\"https:\\\/\\\/rls-wacon.de\\\/wp-content\\\/uploads\\\/2023\\\/03\\\/indikator-fe-lrs-scaled.jpg\",\"datePublished\":\"2026-03-17T13:29:35+00:00\",\"dateModified\":\"2026-03-18T14:27:33+00:00\",\"description\":\"Indicateur S\u00e9rie Fe pour la d\u00e9termination automatique du fer avec le SYCON Fe. Deux plages de mesure : LRS (0,01-0,5 mg\\\/l) et HRS (0,2-6 mg\\\/l). Fabriqu\u00e9 en Allemagne.\",\"breadcrumb\":{\"@id\":\"https:\\\/\\\/rls-wacon.de\\\/fr\\\/produkt\\\/fer-serie-fe\\\/#breadcrumb\"},\"inLanguage\":\"fr-FR\",\"potentialAction\":[{\"@type\":\"ReadAction\",\"target\":[\"https:\\\/\\\/rls-wacon.de\\\/fr\\\/produkt\\\/fer-serie-fe\\\/\"]}]},{\"@type\":\"ImageObject\",\"inLanguage\":\"fr-FR\",\"@id\":\"https:\\\/\\\/rls-wacon.de\\\/fr\\\/produkt\\\/fer-serie-fe\\\/#primaryimage\",\"url\":\"https:\\\/\\\/rls-wacon.de\\\/wp-content\\\/uploads\\\/2023\\\/03\\\/indikator-fe-lrs-scaled.jpg\",\"contentUrl\":\"https:\\\/\\\/rls-wacon.de\\\/wp-content\\\/uploads\\\/2023\\\/03\\\/indikator-fe-lrs-scaled.jpg\",\"width\":2560,\"height\":1707,\"caption\":\"indikator-fe-lrs\"},{\"@type\":\"BreadcrumbList\",\"@id\":\"https:\\\/\\\/rls-wacon.de\\\/fr\\\/produkt\\\/fer-serie-fe\\\/#breadcrumb\",\"itemListElement\":[{\"@type\":\"ListItem\",\"position\":1,\"name\":\"Page d'accueil\",\"item\":\"https:\\\/\\\/rls-wacon.de\\\/\"},{\"@type\":\"ListItem\",\"position\":2,\"name\":\"Boutique\",\"item\":\"https:\\\/\\\/rls-wacon.de\\\/shop\\\/\"},{\"@type\":\"ListItem\",\"position\":3,\"name\":\"Fer S\u00e9rie Fe\"}]},{\"@type\":\"WebSite\",\"@id\":\"https:\\\/\\\/rls-wacon.de\\\/#website\",\"url\":\"https:\\\/\\\/rls-wacon.de\\\/\",\"name\":\"RLS Wacon analytics GmbH\",\"description\":\"Experts for water monitoring\",\"publisher\":{\"@id\":\"https:\\\/\\\/rls-wacon.de\\\/#organization\"},\"potentialAction\":[{\"@type\":\"SearchAction\",\"target\":{\"@type\":\"EntryPoint\",\"urlTemplate\":\"https:\\\/\\\/rls-wacon.de\\\/?s={search_term_string}\"},\"query-input\":{\"@type\":\"PropertyValueSpecification\",\"valueRequired\":true,\"valueName\":\"search_term_string\"}}],\"inLanguage\":\"fr-FR\"},{\"@type\":\"Organization\",\"@id\":\"https:\\\/\\\/rls-wacon.de\\\/#organization\",\"name\":\"RLS Wacon analytics GmbH\",\"url\":\"https:\\\/\\\/rls-wacon.de\\\/\",\"logo\":{\"@type\":\"ImageObject\",\"inLanguage\":\"fr-FR\",\"@id\":\"https:\\\/\\\/rls-wacon.de\\\/#\\\/schema\\\/logo\\\/image\\\/\",\"url\":\"https:\\\/\\\/rls-wacon.de\\\/wp-content\\\/uploads\\\/2022\\\/10\\\/RLSWacon-analytics-Logo-BR-RZ-9_17-768x1591.png\",\"contentUrl\":\"https:\\\/\\\/rls-wacon.de\\\/wp-content\\\/uploads\\\/2022\\\/10\\\/RLSWacon-analytics-Logo-BR-RZ-9_17-768x1591.png\",\"width\":768,\"height\":159,\"caption\":\"RLS Wacon analytics GmbH\"},\"image\":{\"@id\":\"https:\\\/\\\/rls-wacon.de\\\/#\\\/schema\\\/logo\\\/image\\\/\"}}]}<\/script>\n<meta property=\"og:availability\" content=\"instock\" \/>\n<meta property=\"product:availability\" content=\"instock\" \/>\n<meta property=\"product:condition\" content=\"new\" \/>\n<!-- \/ Yoast SEO Premium plugin. -->","yoast_head_json":{"title":"Indicateur de fer s\u00e9rie Fe | Analyseur de fer SYCON | RLS Wacon","description":"Indicateur S\u00e9rie Fe pour la d\u00e9termination automatique du fer avec le SYCON Fe. Deux plages de mesure : LRS (0,01-0,5 mg\/l) et HRS (0,2-6 mg\/l). Fabriqu\u00e9 en Allemagne.","robots":{"index":"index","follow":"follow","max-snippet":"max-snippet:-1","max-image-preview":"max-image-preview:large","max-video-preview":"max-video-preview:-1"},"canonical":"https:\/\/rls-wacon.de\/fr\/produkt\/fer-serie-fe\/","og_locale":"fr_FR","og_type":"article","og_title":"Fer S\u00e9rie Fe","og_description":"Indicateur S\u00e9rie Fe pour la d\u00e9termination automatique du fer avec le SYCON Fe. Deux plages de mesure : LRS (0,01-0,5 mg\/l) et HRS (0,2-6 mg\/l). Fabriqu\u00e9 en Allemagne.","og_url":"https:\/\/rls-wacon.de\/fr\/produkt\/fer-serie-fe\/","og_site_name":"RLS Wacon analytics","article_modified_time":"2026-03-18T14:27:33+00:00","og_image":[{"width":2560,"height":1707,"url":"https:\/\/rls-wacon.de\/wp-content\/uploads\/2023\/03\/indikator-fe-lrs-scaled.jpg","type":"image\/jpeg"}],"twitter_card":"summary_large_image","twitter_misc":{"Disponibilit\u00e9":"En stock"},"schema":{"@context":"https:\/\/schema.org","@graph":[{"@type":"WebPage","@id":"https:\/\/rls-wacon.de\/fr\/produkt\/fer-serie-fe\/","url":"https:\/\/rls-wacon.de\/fr\/produkt\/fer-serie-fe\/","name":"Indicateur de fer s\u00e9rie Fe | Analyseur de fer SYCON | RLS Wacon","isPartOf":{"@id":"https:\/\/rls-wacon.de\/#website"},"primaryImageOfPage":{"@id":"https:\/\/rls-wacon.de\/fr\/produkt\/fer-serie-fe\/#primaryimage"},"image":{"@id":"https:\/\/rls-wacon.de\/fr\/produkt\/fer-serie-fe\/#primaryimage"},"thumbnailUrl":"https:\/\/rls-wacon.de\/wp-content\/uploads\/2023\/03\/indikator-fe-lrs-scaled.jpg","datePublished":"2026-03-17T13:29:35+00:00","dateModified":"2026-03-18T14:27:33+00:00","description":"Indicateur S\u00e9rie Fe pour la d\u00e9termination automatique du fer avec le SYCON Fe. Deux plages de mesure : LRS (0,01-0,5 mg\/l) et HRS (0,2-6 mg\/l). Fabriqu\u00e9 en Allemagne.","breadcrumb":{"@id":"https:\/\/rls-wacon.de\/fr\/produkt\/fer-serie-fe\/#breadcrumb"},"inLanguage":"fr-FR","potentialAction":[{"@type":"ReadAction","target":["https:\/\/rls-wacon.de\/fr\/produkt\/fer-serie-fe\/"]}]},{"@type":"ImageObject","inLanguage":"fr-FR","@id":"https:\/\/rls-wacon.de\/fr\/produkt\/fer-serie-fe\/#primaryimage","url":"https:\/\/rls-wacon.de\/wp-content\/uploads\/2023\/03\/indikator-fe-lrs-scaled.jpg","contentUrl":"https:\/\/rls-wacon.de\/wp-content\/uploads\/2023\/03\/indikator-fe-lrs-scaled.jpg","width":2560,"height":1707,"caption":"indikator-fe-lrs"},{"@type":"BreadcrumbList","@id":"https:\/\/rls-wacon.de\/fr\/produkt\/fer-serie-fe\/#breadcrumb","itemListElement":[{"@type":"ListItem","position":1,"name":"Page d'accueil","item":"https:\/\/rls-wacon.de\/"},{"@type":"ListItem","position":2,"name":"Boutique","item":"https:\/\/rls-wacon.de\/shop\/"},{"@type":"ListItem","position":3,"name":"Fer S\u00e9rie Fe"}]},{"@type":"WebSite","@id":"https:\/\/rls-wacon.de\/#website","url":"https:\/\/rls-wacon.de\/","name":"RLS Wacon analytics GmbH","description":"Experts for water monitoring","publisher":{"@id":"https:\/\/rls-wacon.de\/#organization"},"potentialAction":[{"@type":"SearchAction","target":{"@type":"EntryPoint","urlTemplate":"https:\/\/rls-wacon.de\/?s={search_term_string}"},"query-input":{"@type":"PropertyValueSpecification","valueRequired":true,"valueName":"search_term_string"}}],"inLanguage":"fr-FR"},{"@type":"Organization","@id":"https:\/\/rls-wacon.de\/#organization","name":"RLS Wacon analytics GmbH","url":"https:\/\/rls-wacon.de\/","logo":{"@type":"ImageObject","inLanguage":"fr-FR","@id":"https:\/\/rls-wacon.de\/#\/schema\/logo\/image\/","url":"https:\/\/rls-wacon.de\/wp-content\/uploads\/2022\/10\/RLSWacon-analytics-Logo-BR-RZ-9_17-768x1591.png","contentUrl":"https:\/\/rls-wacon.de\/wp-content\/uploads\/2022\/10\/RLSWacon-analytics-Logo-BR-RZ-9_17-768x1591.png","width":768,"height":159,"caption":"RLS Wacon analytics GmbH"},"image":{"@id":"https:\/\/rls-wacon.de\/#\/schema\/logo\/image\/"}}]},"og_availability":"instock","product_availability":"instock","product_condition":"new"},"_links":{"self":[{"href":"https:\/\/rls-wacon.de\/fr\/wp-json\/wp\/v2\/product\/30421","targetHints":{"allow":["GET"]}}],"collection":[{"href":"https:\/\/rls-wacon.de\/fr\/wp-json\/wp\/v2\/product"}],"about":[{"href":"https:\/\/rls-wacon.de\/fr\/wp-json\/wp\/v2\/types\/product"}],"version-history":[{"count":1,"href":"https:\/\/rls-wacon.de\/fr\/wp-json\/wp\/v2\/product\/30421\/revisions"}],"predecessor-version":[{"id":30441,"href":"https:\/\/rls-wacon.de\/fr\/wp-json\/wp\/v2\/product\/30421\/revisions\/30441"}],"wp:featuredmedia":[{"embeddable":true,"href":"https:\/\/rls-wacon.de\/fr\/wp-json\/wp\/v2\/media\/1546"}],"wp:attachment":[{"href":"https:\/\/rls-wacon.de\/fr\/wp-json\/wp\/v2\/media?parent=30421"}],"wp:term":[{"taxonomy":"product_brand","embeddable":true,"href":"https:\/\/rls-wacon.de\/fr\/wp-json\/wp\/v2\/product_brand?post=30421"},{"taxonomy":"product_cat","embeddable":true,"href":"https:\/\/rls-wacon.de\/fr\/wp-json\/wp\/v2\/product_cat?post=30421"},{"taxonomy":"product_tag","embeddable":true,"href":"https:\/\/rls-wacon.de\/fr\/wp-json\/wp\/v2\/product_tag?post=30421"}],"curies":[{"name":"wp","href":"https:\/\/api.w.org\/{rel}","templated":true}]}}