{"id":30504,"date":"2026-03-17T12:27:47","date_gmt":"2026-03-17T11:27:47","guid":{"rendered":"https:\/\/rls-wacon.de\/produkt\/carbonates-serie-c25\/"},"modified":"2026-04-16T15:27:21","modified_gmt":"2026-04-16T13:27:21","slug":"carbonates-serie-c25","status":"publish","type":"product","link":"https:\/\/rls-wacon.de\/fr\/produkt\/carbonates-serie-c25\/","title":{"rendered":"Carbonates s\u00e9rie C25"},"content":{"rendered":"<h2>Indicateur de teneur en carbonate s\u00e9rie C25<\/h2>\n<h3>A quoi sert la mesure du taux de carbonate ?<\/h3>\n<p>La duret\u00e9 carbonat\u00e9e (ou duret\u00e9 temporaire) d\u00e9crit la proportion de la duret\u00e9 de l&rsquo;eau caus\u00e9e par les ions hydrog\u00e9nocarbonate (HCO\u2083-). Le contr\u00f4le de la teneur en carbonate est essentiel dans de nombreux domaines du traitement de l&rsquo;eau : <\/p>\n<ul class=\"feature-list\">\n<li><strong>les syst\u00e8mes d&rsquo;eau de refroidissement :<\/strong> La teneur en carbonate affecte directement l&rsquo;\u00e9quilibre calcaire\/acide carbonique. Des valeurs trop \u00e9lev\u00e9es entra\u00eenent un gonflement du calcaire dans les tours de refroidissement et les \u00e9changeurs de chaleur. <\/li>\n<li><strong>Eau d&rsquo;alimentation de chaudi\u00e8re :<\/strong> le bicarbonate se d\u00e9compose en carbonate et en CO\u2082 lorsqu&rsquo;il est chauff\u00e9, ce qui entra\u00eene une corrosion du syst\u00e8me vapeur\/condensat.<\/li>\n<li>Eau <strong>de piscine et de baignade :<\/strong> la teneur en carbonate est un param\u00e8tre important pour l&rsquo;\u00e9quilibre de l&rsquo;eau selon Langelier ou l&rsquo;indice LSI.<\/li>\n<li><strong>Eau potable :<\/strong> la teneur en carbonate influence le go\u00fbt et la tendance \u00e0 la formation de tartre dans les conduites.<\/li>\n<\/ul>\n<h3>Comment fonctionne l&rsquo;indicateur ?<\/h3>\n<p>Les indicateurs C25 sont des r\u00e9actifs liquides color\u00e9s pour l&rsquo;analyse enti\u00e8rement automatique de l&rsquo;eau avec les analyseurs de la gamme SYCON. L&rsquo;appareil SYCON pr\u00e9l\u00e8ve automatiquement un \u00e9chantillon d&rsquo;eau, ajoute l&rsquo;indicateur avec pr\u00e9cision et mesure la coloration r\u00e9sultante par photom\u00e9trie. <\/p>\n<p>Selon le mode de l&rsquo;appareil, le syst\u00e8me fonctionne comme un contr\u00f4leur de valeurs limites (SYCON 2602) ou comme un appareil de plage de mesure (SYCON 2702, 2802) avec une sortie de valeurs de mesure continue.<\/p>\n<h3>Avantages de la s\u00e9rie C25<\/h3>\n<ul class=\"feature-list\">\n<li>4 niveaux de concentration de 1 \u00e0 3 \u00b0dKH\n<p style=\"text-indent: 30px; font-style: italic;\">Un choix adapt\u00e9 aux diff\u00e9rentes applications<\/p>\n<\/li>\n<li>Possibilit\u00e9 de fonctionnement en mode valeur limite et plage de mesure\n<p style=\"text-indent: 30px; font-style: italic;\">Flexibilit\u00e9 d&rsquo;utilisation avec SYCON 2602, 2702 et 2802<\/p>\n<\/li>\n<li>Mesure enti\u00e8rement automatique 24 heures sur 24\n<p style=\"text-indent: 30px; font-style: italic;\">Surveillance sans faille et sans intervention manuelle<\/p>\n<\/li>\n<li>Mati\u00e8res premi\u00e8res de haute qualit\u00e9 et recette propre\n<p style=\"text-indent: 30px; font-style: italic;\">Fabrication par RLS Wacon &#8211; Fabriqu\u00e9 en Allemagne<\/p>\n<\/li>\n<li>\u00c9talonnage de lots individuels\n<p style=\"text-indent: 30px; font-style: italic;\">Une pr\u00e9cision \u00e9lev\u00e9e et constante \u00e0 chaque livraison<\/p>\n<\/li>\n<li>Dur\u00e9e de vie de 24 mois, disponible en bidons de 500 ml et de 4.\n<p style=\"text-indent: 30px; font-style: italic;\">Des contenants \u00e9conomiques pour tous les besoins<\/p>\n<\/li>\n<\/ul>\n","protected":false},"excerpt":{"rendered":"<p>Indicateur de teneur en carbonate s\u00e9rie C25 A quoi sert la mesure du taux de carbonate ? La duret\u00e9 carbonat\u00e9e (ou duret\u00e9 temporaire) d\u00e9crit la proportion de la duret\u00e9 de l&rsquo;eau caus\u00e9e par les ions hydrog\u00e9nocarbonate (HCO\u2083-). Le contr\u00f4le de la teneur en carbonate est essentiel dans de nombreux domaines du traitement de l&rsquo;eau : [&hellip;]<\/p>\n","protected":false},"featured_media":1242,"template":"","meta":{"_acf_changed":false},"product_brand":[],"product_cat":[1044,978],"product_tag":[2404,2320,2405,2239,2402,2319,2403,2243,2241],"class_list":{"0":"post-30504","1":"product","2":"type-product","3":"status-publish","4":"has-post-thumbnail","6":"product_cat-durete-carbonatee","7":"product_cat-reactifs","8":"product_tag-c25","9":"product_tag-eau-dalimentation-de-la-chaudiere","10":"product_tag-eau-de-refroidissement","11":"product_tag-indicateur","12":"product_tag-plage-de-mesure","13":"product_tag-sycon","14":"product_tag-taux-de-carbonate","15":"product_tag-traitement-de-leau","16":"product_tag-valeur-limite","18":"first","19":"instock","20":"shipping-taxable","21":"purchasable","22":"product-type-variable"},"exclude_global_add_ons":[],"addons":[],"acf":[],"yoast_head":"<!-- This site is optimized with the Yoast SEO Premium plugin v27.5 (Yoast SEO v27.5) - https:\/\/yoast.com\/product\/yoast-seo-premium-wordpress\/ -->\n<title>Indicateur de teneur en carbonate s\u00e9rie C25 | Analyseurs SYCON | RLS Wacon<\/title>\n<meta name=\"description\" content=\"Indicateur s\u00e9rie C25 pour la d\u00e9termination automatique de la teneur en carbonate avec les analyseurs SYCON. 4 niveaux de concentration (1-3 \u00b0dKH), 500 ml. Fabriqu\u00e9 en Allemagne.\" \/>\n<meta name=\"robots\" content=\"index, follow, max-snippet:-1, max-image-preview:large, max-video-preview:-1\" \/>\n<link rel=\"canonical\" href=\"https:\/\/rls-wacon.de\/fr\/produkt\/carbonates-serie-c25\/\" \/>\n<meta property=\"og:locale\" content=\"fr_FR\" \/>\n<meta property=\"og:type\" content=\"article\" \/>\n<meta property=\"og:title\" content=\"Carbonates s\u00e9rie C25\" \/>\n<meta property=\"og:description\" content=\"Indicateur s\u00e9rie C25 pour la d\u00e9termination automatique de la teneur en carbonate avec les analyseurs SYCON. 4 niveaux de concentration (1-3 \u00b0dKH), 500 ml. Fabriqu\u00e9 en Allemagne.\" \/>\n<meta property=\"og:url\" content=\"https:\/\/rls-wacon.de\/fr\/produkt\/carbonates-serie-c25\/\" \/>\n<meta property=\"og:site_name\" content=\"RLS Wacon analytics\" \/>\n<meta property=\"article:modified_time\" content=\"2026-04-16T13:27:21+00:00\" \/>\n<meta property=\"og:image\" content=\"https:\/\/rls-wacon.de\/wp-content\/uploads\/2023\/03\/32-086125-Indikator-C25-1-500ml-scaled.jpg\" \/>\n\t<meta property=\"og:image:width\" content=\"2560\" \/>\n\t<meta property=\"og:image:height\" content=\"1707\" \/>\n\t<meta property=\"og:image:type\" content=\"image\/jpeg\" \/>\n<meta name=\"twitter:card\" content=\"summary_large_image\" \/>\n<meta name=\"twitter:label1\" content=\"Disponibilit\u00e9\" \/>\n\t<meta name=\"twitter:data1\" content=\"En stock\" \/>\n<script type=\"application\/ld+json\" class=\"yoast-schema-graph\">{\"@context\":\"https:\\\/\\\/schema.org\",\"@graph\":[{\"@type\":\"WebPage\",\"@id\":\"https:\\\/\\\/rls-wacon.de\\\/fr\\\/produkt\\\/carbonates-serie-c25\\\/\",\"url\":\"https:\\\/\\\/rls-wacon.de\\\/fr\\\/produkt\\\/carbonates-serie-c25\\\/\",\"name\":\"Indicateur de teneur en carbonate s\u00e9rie C25 | Analyseurs SYCON | RLS Wacon\",\"isPartOf\":{\"@id\":\"https:\\\/\\\/rls-wacon.de\\\/#website\"},\"primaryImageOfPage\":{\"@id\":\"https:\\\/\\\/rls-wacon.de\\\/fr\\\/produkt\\\/carbonates-serie-c25\\\/#primaryimage\"},\"image\":{\"@id\":\"https:\\\/\\\/rls-wacon.de\\\/fr\\\/produkt\\\/carbonates-serie-c25\\\/#primaryimage\"},\"thumbnailUrl\":\"https:\\\/\\\/rls-wacon.de\\\/wp-content\\\/uploads\\\/2023\\\/03\\\/32-086125-Indikator-C25-1-500ml-scaled.jpg\",\"datePublished\":\"2026-03-17T11:27:47+00:00\",\"dateModified\":\"2026-04-16T13:27:21+00:00\",\"description\":\"Indicateur s\u00e9rie C25 pour la d\u00e9termination automatique de la teneur en carbonate avec les analyseurs SYCON. 4 niveaux de concentration (1-3 \u00b0dKH), 500 ml. Fabriqu\u00e9 en Allemagne.\",\"breadcrumb\":{\"@id\":\"https:\\\/\\\/rls-wacon.de\\\/fr\\\/produkt\\\/carbonates-serie-c25\\\/#breadcrumb\"},\"inLanguage\":\"fr-FR\",\"potentialAction\":[{\"@type\":\"ReadAction\",\"target\":[\"https:\\\/\\\/rls-wacon.de\\\/fr\\\/produkt\\\/carbonates-serie-c25\\\/\"]}]},{\"@type\":\"ImageObject\",\"inLanguage\":\"fr-FR\",\"@id\":\"https:\\\/\\\/rls-wacon.de\\\/fr\\\/produkt\\\/carbonates-serie-c25\\\/#primaryimage\",\"url\":\"https:\\\/\\\/rls-wacon.de\\\/wp-content\\\/uploads\\\/2023\\\/03\\\/32-086125-Indikator-C25-1-500ml-scaled.jpg\",\"contentUrl\":\"https:\\\/\\\/rls-wacon.de\\\/wp-content\\\/uploads\\\/2023\\\/03\\\/32-086125-Indikator-C25-1-500ml-scaled.jpg\",\"width\":2560,\"height\":1707,\"caption\":\"32-086125 Indikator C25 - 1 (500ml)\"},{\"@type\":\"BreadcrumbList\",\"@id\":\"https:\\\/\\\/rls-wacon.de\\\/fr\\\/produkt\\\/carbonates-serie-c25\\\/#breadcrumb\",\"itemListElement\":[{\"@type\":\"ListItem\",\"position\":1,\"name\":\"Page d'accueil\",\"item\":\"https:\\\/\\\/rls-wacon.de\\\/\"},{\"@type\":\"ListItem\",\"position\":2,\"name\":\"Boutique\",\"item\":\"https:\\\/\\\/rls-wacon.de\\\/shop\\\/\"},{\"@type\":\"ListItem\",\"position\":3,\"name\":\"Carbonates s\u00e9rie C25\"}]},{\"@type\":\"WebSite\",\"@id\":\"https:\\\/\\\/rls-wacon.de\\\/#website\",\"url\":\"https:\\\/\\\/rls-wacon.de\\\/\",\"name\":\"RLS Wacon analytics GmbH\",\"description\":\"Experts for water monitoring\",\"publisher\":{\"@id\":\"https:\\\/\\\/rls-wacon.de\\\/#organization\"},\"potentialAction\":[{\"@type\":\"SearchAction\",\"target\":{\"@type\":\"EntryPoint\",\"urlTemplate\":\"https:\\\/\\\/rls-wacon.de\\\/?s={search_term_string}\"},\"query-input\":{\"@type\":\"PropertyValueSpecification\",\"valueRequired\":true,\"valueName\":\"search_term_string\"}}],\"inLanguage\":\"fr-FR\"},{\"@type\":\"Organization\",\"@id\":\"https:\\\/\\\/rls-wacon.de\\\/#organization\",\"name\":\"RLS Wacon analytics GmbH\",\"url\":\"https:\\\/\\\/rls-wacon.de\\\/\",\"logo\":{\"@type\":\"ImageObject\",\"inLanguage\":\"fr-FR\",\"@id\":\"https:\\\/\\\/rls-wacon.de\\\/#\\\/schema\\\/logo\\\/image\\\/\",\"url\":\"https:\\\/\\\/rls-wacon.de\\\/wp-content\\\/uploads\\\/2022\\\/10\\\/RLSWacon-analytics-Logo-BR-RZ-9_17-768x1591.png\",\"contentUrl\":\"https:\\\/\\\/rls-wacon.de\\\/wp-content\\\/uploads\\\/2022\\\/10\\\/RLSWacon-analytics-Logo-BR-RZ-9_17-768x1591.png\",\"width\":768,\"height\":159,\"caption\":\"RLS Wacon analytics GmbH\"},\"image\":{\"@id\":\"https:\\\/\\\/rls-wacon.de\\\/#\\\/schema\\\/logo\\\/image\\\/\"}}]}<\/script>\n<meta property=\"og:availability\" content=\"instock\" \/>\n<meta property=\"product:availability\" content=\"instock\" \/>\n<meta property=\"product:condition\" content=\"new\" \/>\n<!-- \/ Yoast SEO Premium plugin. -->","yoast_head_json":{"title":"Indicateur de teneur en carbonate s\u00e9rie C25 | Analyseurs SYCON | RLS Wacon","description":"Indicateur s\u00e9rie C25 pour la d\u00e9termination automatique de la teneur en carbonate avec les analyseurs SYCON. 4 niveaux de concentration (1-3 \u00b0dKH), 500 ml. Fabriqu\u00e9 en Allemagne.","robots":{"index":"index","follow":"follow","max-snippet":"max-snippet:-1","max-image-preview":"max-image-preview:large","max-video-preview":"max-video-preview:-1"},"canonical":"https:\/\/rls-wacon.de\/fr\/produkt\/carbonates-serie-c25\/","og_locale":"fr_FR","og_type":"article","og_title":"Carbonates s\u00e9rie C25","og_description":"Indicateur s\u00e9rie C25 pour la d\u00e9termination automatique de la teneur en carbonate avec les analyseurs SYCON. 4 niveaux de concentration (1-3 \u00b0dKH), 500 ml. Fabriqu\u00e9 en Allemagne.","og_url":"https:\/\/rls-wacon.de\/fr\/produkt\/carbonates-serie-c25\/","og_site_name":"RLS Wacon analytics","article_modified_time":"2026-04-16T13:27:21+00:00","og_image":[{"width":2560,"height":1707,"url":"https:\/\/rls-wacon.de\/wp-content\/uploads\/2023\/03\/32-086125-Indikator-C25-1-500ml-scaled.jpg","type":"image\/jpeg"}],"twitter_card":"summary_large_image","twitter_misc":{"Disponibilit\u00e9":"En stock"},"schema":{"@context":"https:\/\/schema.org","@graph":[{"@type":"WebPage","@id":"https:\/\/rls-wacon.de\/fr\/produkt\/carbonates-serie-c25\/","url":"https:\/\/rls-wacon.de\/fr\/produkt\/carbonates-serie-c25\/","name":"Indicateur de teneur en carbonate s\u00e9rie C25 | Analyseurs SYCON | RLS Wacon","isPartOf":{"@id":"https:\/\/rls-wacon.de\/#website"},"primaryImageOfPage":{"@id":"https:\/\/rls-wacon.de\/fr\/produkt\/carbonates-serie-c25\/#primaryimage"},"image":{"@id":"https:\/\/rls-wacon.de\/fr\/produkt\/carbonates-serie-c25\/#primaryimage"},"thumbnailUrl":"https:\/\/rls-wacon.de\/wp-content\/uploads\/2023\/03\/32-086125-Indikator-C25-1-500ml-scaled.jpg","datePublished":"2026-03-17T11:27:47+00:00","dateModified":"2026-04-16T13:27:21+00:00","description":"Indicateur s\u00e9rie C25 pour la d\u00e9termination automatique de la teneur en carbonate avec les analyseurs SYCON. 4 niveaux de concentration (1-3 \u00b0dKH), 500 ml. Fabriqu\u00e9 en Allemagne.","breadcrumb":{"@id":"https:\/\/rls-wacon.de\/fr\/produkt\/carbonates-serie-c25\/#breadcrumb"},"inLanguage":"fr-FR","potentialAction":[{"@type":"ReadAction","target":["https:\/\/rls-wacon.de\/fr\/produkt\/carbonates-serie-c25\/"]}]},{"@type":"ImageObject","inLanguage":"fr-FR","@id":"https:\/\/rls-wacon.de\/fr\/produkt\/carbonates-serie-c25\/#primaryimage","url":"https:\/\/rls-wacon.de\/wp-content\/uploads\/2023\/03\/32-086125-Indikator-C25-1-500ml-scaled.jpg","contentUrl":"https:\/\/rls-wacon.de\/wp-content\/uploads\/2023\/03\/32-086125-Indikator-C25-1-500ml-scaled.jpg","width":2560,"height":1707,"caption":"32-086125 Indikator C25 - 1 (500ml)"},{"@type":"BreadcrumbList","@id":"https:\/\/rls-wacon.de\/fr\/produkt\/carbonates-serie-c25\/#breadcrumb","itemListElement":[{"@type":"ListItem","position":1,"name":"Page d'accueil","item":"https:\/\/rls-wacon.de\/"},{"@type":"ListItem","position":2,"name":"Boutique","item":"https:\/\/rls-wacon.de\/shop\/"},{"@type":"ListItem","position":3,"name":"Carbonates s\u00e9rie C25"}]},{"@type":"WebSite","@id":"https:\/\/rls-wacon.de\/#website","url":"https:\/\/rls-wacon.de\/","name":"RLS Wacon analytics GmbH","description":"Experts for water monitoring","publisher":{"@id":"https:\/\/rls-wacon.de\/#organization"},"potentialAction":[{"@type":"SearchAction","target":{"@type":"EntryPoint","urlTemplate":"https:\/\/rls-wacon.de\/?s={search_term_string}"},"query-input":{"@type":"PropertyValueSpecification","valueRequired":true,"valueName":"search_term_string"}}],"inLanguage":"fr-FR"},{"@type":"Organization","@id":"https:\/\/rls-wacon.de\/#organization","name":"RLS Wacon analytics GmbH","url":"https:\/\/rls-wacon.de\/","logo":{"@type":"ImageObject","inLanguage":"fr-FR","@id":"https:\/\/rls-wacon.de\/#\/schema\/logo\/image\/","url":"https:\/\/rls-wacon.de\/wp-content\/uploads\/2022\/10\/RLSWacon-analytics-Logo-BR-RZ-9_17-768x1591.png","contentUrl":"https:\/\/rls-wacon.de\/wp-content\/uploads\/2022\/10\/RLSWacon-analytics-Logo-BR-RZ-9_17-768x1591.png","width":768,"height":159,"caption":"RLS Wacon analytics GmbH"},"image":{"@id":"https:\/\/rls-wacon.de\/#\/schema\/logo\/image\/"}}]},"og_availability":"instock","product_availability":"instock","product_condition":"new"},"_links":{"self":[{"href":"https:\/\/rls-wacon.de\/fr\/wp-json\/wp\/v2\/product\/30504","targetHints":{"allow":["GET"]}}],"collection":[{"href":"https:\/\/rls-wacon.de\/fr\/wp-json\/wp\/v2\/product"}],"about":[{"href":"https:\/\/rls-wacon.de\/fr\/wp-json\/wp\/v2\/types\/product"}],"version-history":[{"count":1,"href":"https:\/\/rls-wacon.de\/fr\/wp-json\/wp\/v2\/product\/30504\/revisions"}],"predecessor-version":[{"id":30521,"href":"https:\/\/rls-wacon.de\/fr\/wp-json\/wp\/v2\/product\/30504\/revisions\/30521"}],"wp:featuredmedia":[{"embeddable":true,"href":"https:\/\/rls-wacon.de\/fr\/wp-json\/wp\/v2\/media\/1242"}],"wp:attachment":[{"href":"https:\/\/rls-wacon.de\/fr\/wp-json\/wp\/v2\/media?parent=30504"}],"wp:term":[{"taxonomy":"product_brand","embeddable":true,"href":"https:\/\/rls-wacon.de\/fr\/wp-json\/wp\/v2\/product_brand?post=30504"},{"taxonomy":"product_cat","embeddable":true,"href":"https:\/\/rls-wacon.de\/fr\/wp-json\/wp\/v2\/product_cat?post=30504"},{"taxonomy":"product_tag","embeddable":true,"href":"https:\/\/rls-wacon.de\/fr\/wp-json\/wp\/v2\/product_tag?post=30504"}],"curies":[{"name":"wp","href":"https:\/\/api.w.org\/{rel}","templated":true}]}}