{"id":30858,"date":"2026-03-19T16:16:44","date_gmt":"2026-03-19T15:16:44","guid":{"rendered":"https:\/\/rls-wacon.de\/produkt\/surveillance-de-la-vitesse-rc3\/"},"modified":"2026-03-19T16:16:44","modified_gmt":"2026-03-19T15:16:44","slug":"surveillance-de-la-vitesse-rc3","status":"publish","type":"product","link":"https:\/\/rls-wacon.de\/fr\/produkt\/surveillance-de-la-vitesse-rc3\/","title":{"rendered":"Surveillance de la vitesse RC3"},"content":{"rendered":"<h2 style=\"color: #df0029;\">Surveillance de la vitesse RC3 pour escaliers m\u00e9caniques<\/h2>\n<h3 style=\"color: #df0029;\">Pourquoi surveiller la vitesse des escaliers m\u00e9caniques ?<\/h3>\n<p>Le contr\u00f4le de vitesse est un \u00e9l\u00e9ment critique pour la s\u00e9curit\u00e9 de tout escalier m\u00e9canique. Conform\u00e9ment \u00e0 la norme europ\u00e9enne EN 115:2008, les escaliers m\u00e9caniques doivent \u00eatre \u00e9quip\u00e9s d&rsquo;un syst\u00e8me fiable de surveillance de la vitesse qui arr\u00eate imm\u00e9diatement le moteur en cas d&rsquo;\u00e9cart de vitesse dangereux. <strong>Une vitesse de rotation incorrecte peut entra\u00eener de graves accidents<\/strong>, que ce soit en raison d&rsquo;une acc\u00e9l\u00e9ration soudaine (survitesse), d&rsquo;un freinage inattendu (sous-vitesse) ou d&rsquo;une inversion du sens de rotation. <\/p>\n<p>Le contr\u00f4leur de vitesse RC3 de RLS Wacon est un composant de s\u00e9curit\u00e9 homologu\u00e9 par le T\u00dcV, qui est utilis\u00e9 avec succ\u00e8s depuis des ann\u00e9es dans les escaliers m\u00e9caniques et les trottoirs roulants du monde entier. Il surveille de mani\u00e8re fiable trois plages de vitesse et d\u00e9tecte quatre \u00e9tats de danger diff\u00e9rents, qui entra\u00eenent chacun l&rsquo;arr\u00eat imm\u00e9diat du moteur de l&rsquo;escalier m\u00e9canique. <\/p>\n<h3 style=\"color: #df0029;\">Comment fonctionne le contr\u00f4le de vitesse RC3 ?<\/h3>\n<p>Le RC3 d\u00e9tecte la vitesse de rotation du moteur de l&rsquo;escalier m\u00e9canique via deux d\u00e9tecteurs de proximit\u00e9 inductifs (capteurs NAMUR) mont\u00e9s sur le volant d&rsquo;inertie du moteur. Les capteurs sont aliment\u00e9s directement par l&rsquo;appareil en 9 V CC (50 mA maximum par sortie) et ne n\u00e9cessitent aucune source d&rsquo;alimentation externe. Il est possible d&rsquo;adapter des capteurs \u00e0 2 fils (NAMUR) ainsi que des capteurs \u00e0 3 fils.  <\/p>\n<p>L&rsquo;appareil surveille en permanence trois plages de vitesse et distingue quatre crit\u00e8res d&rsquo;arr\u00eat :<\/p>\n<table class=\"h3-table\">\n<thead>\n<tr>\n<th style=\"background-color: #df0029; color: #ffffff;\">Crit\u00e8re d&rsquo;arr\u00eat<\/th>\n<th style=\"background-color: #df0029; color: #ffffff;\">Valeur seuil<\/th>\n<th style=\"background-color: #df0029; color: #ffffff;\">R\u00e9action<\/th>\n<\/tr>\n<\/thead>\n<tbody>\n<tr>\n<td><strong>Sous-r\u00e9gime<\/strong><\/td>\n<td>&lt; 19,5 % <sub>T\/MNN<\/sub><\/td>\n<td>Arr\u00eat apr\u00e8s 2,6 secondes<\/td>\n<\/tr>\n<tr>\n<td><strong>Survitesse<\/strong><\/td>\n<td>&gt; 117 % <sub>T\/MNN<\/sub><\/td>\n<td>Arr\u00eat imm\u00e9diat<\/td>\n<\/tr>\n<tr>\n<td><strong>Inversion du sens de rotation<\/strong><\/td>\n<td>Chute de &gt; 19,5 % \u00e0 &lt; 19,5 % <sub>UPMNENN<\/sub><\/td>\n<td>Arr\u00eat imm\u00e9diat<\/td>\n<\/tr>\n<tr>\n<td><strong>D\u00e9faillance du capteur<\/strong><\/td>\n<td>Court-circuit, interruption, oscillation<\/td>\n<td>Arr\u00eat imm\u00e9diat<\/td>\n<\/tr>\n<\/tbody>\n<\/table>\n<p>A chaque mise sous tension, le RC3 effectue un autotest automatique (2,8 secondes maximum). Les capteurs sont alors d\u00e9connect\u00e9s et les quatre conditions de d\u00e9connexion sont simul\u00e9es par un g\u00e9n\u00e9rateur de balayage interne. Ce n&rsquo;est qu&rsquo;une fois l&rsquo;autotest r\u00e9ussi et le contact du contacteur moteur ferm\u00e9 que la LED verte \u00ab\u00a0NORMAL\u00a0\u00bb s&rsquo;allume et que les relais de sortie lib\u00e8rent le moteur.  <\/p>\n<p>La sortie de s\u00e9curit\u00e9 pour la commande d&rsquo;escalier contient en interne deux contacts de travail sans potentiel (bornes 17\/18) mont\u00e9s en s\u00e9rie, qui sont boucl\u00e9s dans la cha\u00eene de s\u00e9curit\u00e9 et prot\u00e9g\u00e9s contre les surcharges par le fusible F2 (2 Atr.). Sur le bornier STATUS, des contacts libres de potentiel suppl\u00e9mentaires sont disponibles pour le message d&rsquo;\u00e9tat (NORMAL\/FEHLER) ainsi qu&rsquo;un signal de capteur trait\u00e9 (sortie optocoupl\u00e9e). <\/p>\n<p>La premi\u00e8re erreur entra\u00eenant l&rsquo;arr\u00eat est indiqu\u00e9e par l&rsquo;un des quatre voyants du panneau avant (LO, HI, SENS FAIL, NORMAL). La remise en service ne peut \u00eatre effectu\u00e9e qu&rsquo;en appuyant sur le bouton RESET &#8211; localement ou via l&rsquo;entr\u00e9e RESET externe (broche 1\/2) &#8211; apr\u00e8s v\u00e9rification par un personnel qualifi\u00e9. En cas de d\u00e9faut du capteur ou d&rsquo;erreur interne, il n&rsquo;est pas possible de red\u00e9marrer sans avoir pr\u00e9alablement corrig\u00e9 l&rsquo;erreur.  <\/p>\n<h3 style=\"color: #df0029;\">Fr\u00e9quences nominales des capteurs disponibles<\/h3>\n<p>Le RC3 est disponible en six fr\u00e9quences nominales de capteur diff\u00e9rentes. La fr\u00e9quence nominale correspond \u00e0 la fr\u00e9quence des impulsions du capteur lorsque le moteur de l&rsquo;escalier m\u00e9canique tourne \u00e0 100 % de sa vitesse nominale : <\/p>\n<table class=\"h3-table\">\n<thead>\n<tr>\n<th style=\"background-color: #df0029; color: #ffffff;\">Fr\u00e9quence nominale<\/th>\n<th style=\"background-color: #df0029; color: #ffffff;\">N\u00b0 d&rsquo;article vertical<\/th>\n<th style=\"background-color: #df0029; color: #ffffff;\">R\u00e9f\u00e9rence horizontale <\/th>\n<\/tr>\n<\/thead>\n<tbody>\n<tr>\n<td>66\u2154 Hz<\/td>\n<td>80-200300<\/td>\n<td>80-200304<\/td>\n<\/tr>\n<tr>\n<td>80 Hz<\/td>\n<td>80-200303<\/td>\n<td>80-200305<\/td>\n<\/tr>\n<tr>\n<td>100 Hz<\/td>\n<td>80-200301<\/td>\n<td>80-200306<\/td>\n<\/tr>\n<tr>\n<td>250 Hz<\/td>\n<td>80-200302<\/td>\n<td>80-200307<\/td>\n<\/tr>\n<tr>\n<td>333 Hz<\/td>\n<td>80-200311<\/td>\n<td>80-200314<\/td>\n<\/tr>\n<tr>\n<td>500 Hz<\/td>\n<td>80-200315<\/td>\n<td>80-200316<\/td>\n<\/tr>\n<\/tbody>\n<\/table>\n<h3 style=\"color: #df0029;\">Avantages de la surveillance de la vitesse RC3<\/h3>\n<ul class=\"feature-list\">\n<li>Approuv\u00e9 par le T\u00dcV selon la norme EN 115:2008\n<p style=\"text-indent: 30px; font-style: italic;\">S\u00e9curit\u00e9 certifi\u00e9e pour une utilisation dans les escaliers m\u00e9caniques conform\u00e9ment \u00e0 la norme europ\u00e9enne<\/p>\n<\/li>\n<li>Six fr\u00e9quences nominales de capteurs disponibles\n<p style=\"text-indent: 30px; font-style: italic;\">66\u2154, 80, 100, 250, 333 et 500 Hz &#8211; convient \u00e0 diff\u00e9rents rapports de transmission et nombres de cames<\/p>\n<\/li>\n<li>Autotest automatique \u00e0 chaque mise sous tension\n<p style=\"text-indent: 30px; font-style: italic;\">Les quatre conditions d&rsquo;arr\u00eat sont simul\u00e9es en interne &#8211; s\u00e9curit\u00e9 de fonctionnement maximale<\/p>\n<\/li>\n<li>Quatre crit\u00e8res d&rsquo;arr\u00eat ind\u00e9pendants\n<p style=\"text-indent: 30px; font-style: italic;\">La sous-vitesse, la survitesse, l&rsquo;inversion du sens de rotation et la d\u00e9faillance du capteur sont d\u00e9tect\u00e9es de mani\u00e8re fiable.<\/p>\n<\/li>\n<li>Conception compacte avec montage sur rail DIN\n<p style=\"text-indent: 30px; font-style: italic;\">64 \u00d7 104 \u00d7 135 mm &#8211; installation facile dans l&rsquo;armoire \u00e9lectrique, verticale ou horizontale<\/p>\n<\/li>\n<li>Faible consommation d&rsquo;\u00e9nergie, inf\u00e9rieure \u00e0 5 VA\n<p style=\"text-indent: 30px; font-style: italic;\">\u00c9conomies d&rsquo;\u00e9nergie en fonctionnement continu \u00e0 230 V CA<\/p>\n<\/li>\n<li>Alimentation int\u00e9gr\u00e9e des capteurs 9 V DC\n<p style=\"text-indent: 30px; font-style: italic;\">Aucune source d&rsquo;alimentation externe n\u00e9cessaire pour les d\u00e9tecteurs de proximit\u00e9 &#8211; Compatible 2 fils (NAMUR) et 3 fils<\/p>\n<\/li>\n<\/ul>\n","protected":false},"excerpt":{"rendered":"<p>Surveillance de la vitesse RC3 pour escaliers m\u00e9caniques Pourquoi surveiller la vitesse des escaliers m\u00e9caniques ? Le contr\u00f4le de vitesse est un \u00e9l\u00e9ment critique pour la s\u00e9curit\u00e9 de tout escalier m\u00e9canique. Conform\u00e9ment \u00e0 la norme europ\u00e9enne EN 115:2008, les escaliers m\u00e9caniques doivent \u00eatre \u00e9quip\u00e9s d&rsquo;un syst\u00e8me fiable de surveillance de la vitesse qui arr\u00eate imm\u00e9diatement [&hellip;]<\/p>\n","protected":false},"featured_media":2832,"template":"","meta":{"_acf_changed":false},"product_brand":[],"product_cat":[1046],"product_tag":[2462,2463,2464,2465,2466,2467,2468,2469],"class_list":{"0":"post-30858","1":"product","2":"type-product","3":"status-publish","4":"has-post-thumbnail","6":"product_cat-surveillance-de-la-vitesse","7":"product_tag-drehzahluberwachung","8":"product_tag-en-115","9":"product_tag-fahrsteig","10":"product_tag-fahrtreppe","11":"product_tag-geschwindigkeitsuberwachung","12":"product_tag-namur","13":"product_tag-rc3","14":"product_tag-sensoruberwachung","15":"pa_einbaurichtung-horizontal-fr","16":"pa_einbaurichtung-vertical-fr","18":"first","19":"instock","20":"shipping-taxable","21":"purchasable","22":"product-type-variable"},"exclude_global_add_ons":[],"addons":[],"acf":[],"yoast_head":"<!-- This site is optimized with the Yoast SEO Premium plugin v27.3 (Yoast SEO v27.3) - https:\/\/yoast.com\/product\/yoast-seo-premium-wordpress\/ -->\n<title>Contr\u00f4le de vitesse RC3 pour escaliers m\u00e9caniques | Certifi\u00e9 T\u00dcV | RLS Wacon<\/title>\n<meta name=\"description\" content=\"Surveillance de la vitesse RC3 pour les moteurs d&#039;escaliers m\u00e9caniques. Approuv\u00e9 par le T\u00dcV selon la norme EN 115:2008. Six fr\u00e9quences nominales, autotest automatique, montage sur rail DIN. Fabriqu\u00e9 en Allemagne.\" \/>\n<meta name=\"robots\" content=\"index, follow, max-snippet:-1, max-image-preview:large, max-video-preview:-1\" \/>\n<link rel=\"canonical\" href=\"https:\/\/rls-wacon.de\/fr\/produkt\/surveillance-de-la-vitesse-rc3\/\" \/>\n<meta property=\"og:locale\" content=\"fr_FR\" \/>\n<meta property=\"og:type\" content=\"article\" \/>\n<meta property=\"og:title\" content=\"Surveillance de la vitesse RC3\" \/>\n<meta property=\"og:description\" content=\"Surveillance de la vitesse RC3 pour les moteurs d&#039;escaliers m\u00e9caniques. Approuv\u00e9 par le T\u00dcV selon la norme EN 115:2008. Six fr\u00e9quences nominales, autotest automatique, montage sur rail DIN. Fabriqu\u00e9 en Allemagne.\" \/>\n<meta property=\"og:url\" content=\"https:\/\/rls-wacon.de\/fr\/produkt\/surveillance-de-la-vitesse-rc3\/\" \/>\n<meta property=\"og:site_name\" content=\"RLS Wacon analytics\" \/>\n<meta property=\"og:image\" content=\"https:\/\/rls-wacon.de\/wp-content\/uploads\/2023\/10\/drehzahlueberwachung-rc3-66-hz-vertikaler-einbau.2_f.jpg\" \/>\n\t<meta property=\"og:image:width\" content=\"1920\" \/>\n\t<meta property=\"og:image:height\" content=\"1357\" \/>\n\t<meta property=\"og:image:type\" content=\"image\/jpeg\" \/>\n<meta name=\"twitter:card\" content=\"summary_large_image\" \/>\n<meta name=\"twitter:label1\" content=\"Disponibilit\u00e9\" \/>\n\t<meta name=\"twitter:data1\" content=\"En stock\" \/>\n<script type=\"application\/ld+json\" class=\"yoast-schema-graph\">{\"@context\":\"https:\\\/\\\/schema.org\",\"@graph\":[{\"@type\":\"WebPage\",\"@id\":\"https:\\\/\\\/rls-wacon.de\\\/fr\\\/produkt\\\/surveillance-de-la-vitesse-rc3\\\/\",\"url\":\"https:\\\/\\\/rls-wacon.de\\\/fr\\\/produkt\\\/surveillance-de-la-vitesse-rc3\\\/\",\"name\":\"Contr\u00f4le de vitesse RC3 pour escaliers m\u00e9caniques | Certifi\u00e9 T\u00dcV | RLS Wacon\",\"isPartOf\":{\"@id\":\"https:\\\/\\\/rls-wacon.de\\\/#website\"},\"primaryImageOfPage\":{\"@id\":\"https:\\\/\\\/rls-wacon.de\\\/fr\\\/produkt\\\/surveillance-de-la-vitesse-rc3\\\/#primaryimage\"},\"image\":{\"@id\":\"https:\\\/\\\/rls-wacon.de\\\/fr\\\/produkt\\\/surveillance-de-la-vitesse-rc3\\\/#primaryimage\"},\"thumbnailUrl\":\"https:\\\/\\\/rls-wacon.de\\\/wp-content\\\/uploads\\\/2023\\\/10\\\/drehzahlueberwachung-rc3-66-hz-vertikaler-einbau.2_f.jpg\",\"datePublished\":\"2026-03-19T15:16:44+00:00\",\"description\":\"Surveillance de la vitesse RC3 pour les moteurs d'escaliers m\u00e9caniques. Approuv\u00e9 par le T\u00dcV selon la norme EN 115:2008. Six fr\u00e9quences nominales, autotest automatique, montage sur rail DIN. Fabriqu\u00e9 en Allemagne.\",\"breadcrumb\":{\"@id\":\"https:\\\/\\\/rls-wacon.de\\\/fr\\\/produkt\\\/surveillance-de-la-vitesse-rc3\\\/#breadcrumb\"},\"inLanguage\":\"fr-FR\",\"potentialAction\":[{\"@type\":\"ReadAction\",\"target\":[\"https:\\\/\\\/rls-wacon.de\\\/fr\\\/produkt\\\/surveillance-de-la-vitesse-rc3\\\/\"]}]},{\"@type\":\"ImageObject\",\"inLanguage\":\"fr-FR\",\"@id\":\"https:\\\/\\\/rls-wacon.de\\\/fr\\\/produkt\\\/surveillance-de-la-vitesse-rc3\\\/#primaryimage\",\"url\":\"https:\\\/\\\/rls-wacon.de\\\/wp-content\\\/uploads\\\/2023\\\/10\\\/drehzahlueberwachung-rc3-66-hz-vertikaler-einbau.2_f.jpg\",\"contentUrl\":\"https:\\\/\\\/rls-wacon.de\\\/wp-content\\\/uploads\\\/2023\\\/10\\\/drehzahlueberwachung-rc3-66-hz-vertikaler-einbau.2_f.jpg\",\"width\":1920,\"height\":1357,\"caption\":\"Drehzahl\u00fcberwachung RC3\"},{\"@type\":\"BreadcrumbList\",\"@id\":\"https:\\\/\\\/rls-wacon.de\\\/fr\\\/produkt\\\/surveillance-de-la-vitesse-rc3\\\/#breadcrumb\",\"itemListElement\":[{\"@type\":\"ListItem\",\"position\":1,\"name\":\"Page d'accueil\",\"item\":\"https:\\\/\\\/rls-wacon.de\\\/\"},{\"@type\":\"ListItem\",\"position\":2,\"name\":\"Boutique\",\"item\":\"https:\\\/\\\/rls-wacon.de\\\/shop\\\/\"},{\"@type\":\"ListItem\",\"position\":3,\"name\":\"Surveillance de la vitesse RC3\"}]},{\"@type\":\"WebSite\",\"@id\":\"https:\\\/\\\/rls-wacon.de\\\/#website\",\"url\":\"https:\\\/\\\/rls-wacon.de\\\/\",\"name\":\"RLS Wacon analytics GmbH\",\"description\":\"Experts for water monitoring\",\"publisher\":{\"@id\":\"https:\\\/\\\/rls-wacon.de\\\/#organization\"},\"potentialAction\":[{\"@type\":\"SearchAction\",\"target\":{\"@type\":\"EntryPoint\",\"urlTemplate\":\"https:\\\/\\\/rls-wacon.de\\\/?s={search_term_string}\"},\"query-input\":{\"@type\":\"PropertyValueSpecification\",\"valueRequired\":true,\"valueName\":\"search_term_string\"}}],\"inLanguage\":\"fr-FR\"},{\"@type\":\"Organization\",\"@id\":\"https:\\\/\\\/rls-wacon.de\\\/#organization\",\"name\":\"RLS Wacon analytics GmbH\",\"url\":\"https:\\\/\\\/rls-wacon.de\\\/\",\"logo\":{\"@type\":\"ImageObject\",\"inLanguage\":\"fr-FR\",\"@id\":\"https:\\\/\\\/rls-wacon.de\\\/#\\\/schema\\\/logo\\\/image\\\/\",\"url\":\"https:\\\/\\\/rls-wacon.de\\\/wp-content\\\/uploads\\\/2022\\\/10\\\/RLSWacon-analytics-Logo-BR-RZ-9_17-768x1591.png\",\"contentUrl\":\"https:\\\/\\\/rls-wacon.de\\\/wp-content\\\/uploads\\\/2022\\\/10\\\/RLSWacon-analytics-Logo-BR-RZ-9_17-768x1591.png\",\"width\":768,\"height\":159,\"caption\":\"RLS Wacon analytics GmbH\"},\"image\":{\"@id\":\"https:\\\/\\\/rls-wacon.de\\\/#\\\/schema\\\/logo\\\/image\\\/\"}}]}<\/script>\n<meta property=\"og:availability\" content=\"instock\" \/>\n<meta property=\"product:availability\" content=\"instock\" \/>\n<meta property=\"product:condition\" content=\"new\" \/>\n<!-- \/ Yoast SEO Premium plugin. -->","yoast_head_json":{"title":"Contr\u00f4le de vitesse RC3 pour escaliers m\u00e9caniques | Certifi\u00e9 T\u00dcV | RLS Wacon","description":"Surveillance de la vitesse RC3 pour les moteurs d'escaliers m\u00e9caniques. Approuv\u00e9 par le T\u00dcV selon la norme EN 115:2008. Six fr\u00e9quences nominales, autotest automatique, montage sur rail DIN. Fabriqu\u00e9 en Allemagne.","robots":{"index":"index","follow":"follow","max-snippet":"max-snippet:-1","max-image-preview":"max-image-preview:large","max-video-preview":"max-video-preview:-1"},"canonical":"https:\/\/rls-wacon.de\/fr\/produkt\/surveillance-de-la-vitesse-rc3\/","og_locale":"fr_FR","og_type":"article","og_title":"Surveillance de la vitesse RC3","og_description":"Surveillance de la vitesse RC3 pour les moteurs d'escaliers m\u00e9caniques. Approuv\u00e9 par le T\u00dcV selon la norme EN 115:2008. Six fr\u00e9quences nominales, autotest automatique, montage sur rail DIN. Fabriqu\u00e9 en Allemagne.","og_url":"https:\/\/rls-wacon.de\/fr\/produkt\/surveillance-de-la-vitesse-rc3\/","og_site_name":"RLS Wacon analytics","og_image":[{"width":1920,"height":1357,"url":"https:\/\/rls-wacon.de\/wp-content\/uploads\/2023\/10\/drehzahlueberwachung-rc3-66-hz-vertikaler-einbau.2_f.jpg","type":"image\/jpeg"}],"twitter_card":"summary_large_image","twitter_misc":{"Disponibilit\u00e9":"En stock"},"schema":{"@context":"https:\/\/schema.org","@graph":[{"@type":"WebPage","@id":"https:\/\/rls-wacon.de\/fr\/produkt\/surveillance-de-la-vitesse-rc3\/","url":"https:\/\/rls-wacon.de\/fr\/produkt\/surveillance-de-la-vitesse-rc3\/","name":"Contr\u00f4le de vitesse RC3 pour escaliers m\u00e9caniques | Certifi\u00e9 T\u00dcV | RLS Wacon","isPartOf":{"@id":"https:\/\/rls-wacon.de\/#website"},"primaryImageOfPage":{"@id":"https:\/\/rls-wacon.de\/fr\/produkt\/surveillance-de-la-vitesse-rc3\/#primaryimage"},"image":{"@id":"https:\/\/rls-wacon.de\/fr\/produkt\/surveillance-de-la-vitesse-rc3\/#primaryimage"},"thumbnailUrl":"https:\/\/rls-wacon.de\/wp-content\/uploads\/2023\/10\/drehzahlueberwachung-rc3-66-hz-vertikaler-einbau.2_f.jpg","datePublished":"2026-03-19T15:16:44+00:00","description":"Surveillance de la vitesse RC3 pour les moteurs d'escaliers m\u00e9caniques. Approuv\u00e9 par le T\u00dcV selon la norme EN 115:2008. Six fr\u00e9quences nominales, autotest automatique, montage sur rail DIN. Fabriqu\u00e9 en Allemagne.","breadcrumb":{"@id":"https:\/\/rls-wacon.de\/fr\/produkt\/surveillance-de-la-vitesse-rc3\/#breadcrumb"},"inLanguage":"fr-FR","potentialAction":[{"@type":"ReadAction","target":["https:\/\/rls-wacon.de\/fr\/produkt\/surveillance-de-la-vitesse-rc3\/"]}]},{"@type":"ImageObject","inLanguage":"fr-FR","@id":"https:\/\/rls-wacon.de\/fr\/produkt\/surveillance-de-la-vitesse-rc3\/#primaryimage","url":"https:\/\/rls-wacon.de\/wp-content\/uploads\/2023\/10\/drehzahlueberwachung-rc3-66-hz-vertikaler-einbau.2_f.jpg","contentUrl":"https:\/\/rls-wacon.de\/wp-content\/uploads\/2023\/10\/drehzahlueberwachung-rc3-66-hz-vertikaler-einbau.2_f.jpg","width":1920,"height":1357,"caption":"Drehzahl\u00fcberwachung RC3"},{"@type":"BreadcrumbList","@id":"https:\/\/rls-wacon.de\/fr\/produkt\/surveillance-de-la-vitesse-rc3\/#breadcrumb","itemListElement":[{"@type":"ListItem","position":1,"name":"Page d'accueil","item":"https:\/\/rls-wacon.de\/"},{"@type":"ListItem","position":2,"name":"Boutique","item":"https:\/\/rls-wacon.de\/shop\/"},{"@type":"ListItem","position":3,"name":"Surveillance de la vitesse RC3"}]},{"@type":"WebSite","@id":"https:\/\/rls-wacon.de\/#website","url":"https:\/\/rls-wacon.de\/","name":"RLS Wacon analytics GmbH","description":"Experts for water monitoring","publisher":{"@id":"https:\/\/rls-wacon.de\/#organization"},"potentialAction":[{"@type":"SearchAction","target":{"@type":"EntryPoint","urlTemplate":"https:\/\/rls-wacon.de\/?s={search_term_string}"},"query-input":{"@type":"PropertyValueSpecification","valueRequired":true,"valueName":"search_term_string"}}],"inLanguage":"fr-FR"},{"@type":"Organization","@id":"https:\/\/rls-wacon.de\/#organization","name":"RLS Wacon analytics GmbH","url":"https:\/\/rls-wacon.de\/","logo":{"@type":"ImageObject","inLanguage":"fr-FR","@id":"https:\/\/rls-wacon.de\/#\/schema\/logo\/image\/","url":"https:\/\/rls-wacon.de\/wp-content\/uploads\/2022\/10\/RLSWacon-analytics-Logo-BR-RZ-9_17-768x1591.png","contentUrl":"https:\/\/rls-wacon.de\/wp-content\/uploads\/2022\/10\/RLSWacon-analytics-Logo-BR-RZ-9_17-768x1591.png","width":768,"height":159,"caption":"RLS Wacon analytics GmbH"},"image":{"@id":"https:\/\/rls-wacon.de\/#\/schema\/logo\/image\/"}}]},"og_availability":"instock","product_availability":"instock","product_condition":"new"},"_links":{"self":[{"href":"https:\/\/rls-wacon.de\/fr\/wp-json\/wp\/v2\/product\/30858","targetHints":{"allow":["GET"]}}],"collection":[{"href":"https:\/\/rls-wacon.de\/fr\/wp-json\/wp\/v2\/product"}],"about":[{"href":"https:\/\/rls-wacon.de\/fr\/wp-json\/wp\/v2\/types\/product"}],"version-history":[{"count":0,"href":"https:\/\/rls-wacon.de\/fr\/wp-json\/wp\/v2\/product\/30858\/revisions"}],"wp:featuredmedia":[{"embeddable":true,"href":"https:\/\/rls-wacon.de\/fr\/wp-json\/wp\/v2\/media\/2832"}],"wp:attachment":[{"href":"https:\/\/rls-wacon.de\/fr\/wp-json\/wp\/v2\/media?parent=30858"}],"wp:term":[{"taxonomy":"product_brand","embeddable":true,"href":"https:\/\/rls-wacon.de\/fr\/wp-json\/wp\/v2\/product_brand?post=30858"},{"taxonomy":"product_cat","embeddable":true,"href":"https:\/\/rls-wacon.de\/fr\/wp-json\/wp\/v2\/product_cat?post=30858"},{"taxonomy":"product_tag","embeddable":true,"href":"https:\/\/rls-wacon.de\/fr\/wp-json\/wp\/v2\/product_tag?post=30858"}],"curies":[{"name":"wp","href":"https:\/\/api.w.org\/{rel}","templated":true}]}}