{"id":30917,"date":"2026-03-24T13:10:25","date_gmt":"2026-03-24T12:10:25","guid":{"rendered":"https:\/\/rls-wacon.de\/produkt\/capteur-de-precipitations-irss88\/"},"modified":"2026-03-24T13:10:25","modified_gmt":"2026-03-24T12:10:25","slug":"capteur-de-precipitations-irss88","status":"publish","type":"product","link":"https:\/\/rls-wacon.de\/fr\/produkt\/capteur-de-precipitations-irss88\/","title":{"rendered":"Capteur de pr\u00e9cipitations IRSS88"},"content":{"rendered":"<h2 style=\"color: #df0029;\">Capteurs de pr\u00e9cipitations IRSS88 et IRSS88T &#8211; D\u00e9tection fiable de tous les types de pr\u00e9cipitations<\/h2>\n<h3 style=\"color: #df0029;\">Pourquoi utiliser un capteur de pr\u00e9cipitations ?<\/h3>\n<p>La d\u00e9tection fiable des pr\u00e9cipitations est essentielle dans de nombreux domaines d&rsquo;application, de la gestion du trafic routier \u00e0 la gestion des b\u00e2timents en passant par les stations d&rsquo;\u00e9puration.  <strong>Une d\u00e9tection erron\u00e9e ou retard\u00e9e des pr\u00e9cipitations peut entra\u00eener des accidents, des processus inefficaces ou des dommages mat\u00e9riels.<\/strong><\/p>\n<p>Les capteurs de pr\u00e9cipitations IRSS88 et IRSS88T de RLS Wacon sont des d\u00e9tecteurs opto\u00e9lectroniques de pr\u00e9cipitations qui sont utilis\u00e9s avec succ\u00e8s depuis des ann\u00e9es dans les syst\u00e8mes de contr\u00f4le du trafic, les stations d&rsquo;\u00e9puration et la gestion des b\u00e2timents dans le monde entier. Ils d\u00e9tectent de mani\u00e8re fiable tous les types de pr\u00e9cipitations atmosph\u00e9riques &#8211; pluie, bruine, gr\u00eale et neige &#8211; et convainquent par leur r\u00e9action instantan\u00e9e et leur extr\u00eame robustesse. L&rsquo;IRSS88T offre en outre une mesure int\u00e9gr\u00e9e de la temp\u00e9rature avec une r\u00e9solution de 0,1 \u00b0C, des sorties relais libres de potentiel et une interface RS232.  <\/p>\n<h3 style=\"color: #df0029;\">Comment fonctionnent les capteurs de pr\u00e9cipitations IRSS88 \/ IRSS88T ?<\/h3>\n<p>Bas\u00e9s sur le principe d&rsquo;une cellule photo\u00e9lectrique avec une technologie infrarouge haute performance, les capteurs g\u00e9n\u00e8rent une surface de d\u00e9tection active d&rsquo;environ 120 \u00d7 25 mm. Cette surface est suffisante pour d\u00e9tecter de mani\u00e8re fiable m\u00eame les faibles densit\u00e9s de pr\u00e9cipitations avec les particules les plus petites.<\/p>\n<p>Le principe opto-\u00e9lectronique r\u00e9agit sans d\u00e9lai aux particules qui traversent la zone de d\u00e9tection. La micro\u00e9lectronique ultrasensible est insensible \u00e0 tout type de lumi\u00e8re parasite, m\u00eame \u00e0 un rayonnement solaire intense. Le bo\u00eetier enti\u00e8rement m\u00e9tallique assure une protection efficace contre les rayonnements HF.  <\/p>\n<h3 style=\"color: #df0029;\">Sorties de signal IRSS88<\/h3>\n<p>L&rsquo;IRSS88 dispose de trois sorties de signal :<\/p>\n<table class=\"h3-table\">\n<thead>\n<tr>\n<th style=\"background-color: #df0029; color: #ffffff;\">Sortie<\/th>\n<th style=\"background-color: #df0029; color: #ffffff;\">D\u00e9signation<\/th>\n<th style=\"background-color: #df0029; color: #ffffff;\">Fonction<\/th>\n<\/tr>\n<\/thead>\n<tbody>\n<tr>\n<td><strong>POUT<\/strong><\/td>\n<td>Sortie d&rsquo;impulsion<\/td>\n<td>Sortie impulsionnelle non pond\u00e9r\u00e9e &#8211; proportionnelle au temps d&rsquo;interruption du faisceau IR<\/td>\n<\/tr>\n<tr>\n<td><strong>SOUT<\/strong><\/td>\n<td>Sortie \u00e9valu\u00e9e<\/td>\n<td>Activ\u00e9e lorsque le nombre d&rsquo;impulsions d\u00e9fini (1-15) est d\u00e9pass\u00e9 dans un intervalle de temps d&rsquo;environ 95 secondes.<\/td>\n<\/tr>\n<tr>\n<td><strong>SACT<\/strong><\/td>\n<td>Signal actif du capteur<\/td>\n<td>Signale le bon fonctionnement du capteur &#8211; passe \u00e0 LOW en cas d&rsquo;encrassement ou d&rsquo;occupation permanente (&gt; 4 s)<\/td>\n<\/tr>\n<\/tbody>\n<\/table>\n<p>Toutes les sorties sont des collecteurs ouverts PNP et n\u00e9cessitent des r\u00e9sistances pull-down (recommand\u00e9es : 1-10 k\u03a9). Toutes les sorties sont prot\u00e9g\u00e9es contre les courts-circuits. <\/p>\n<h3 style=\"color: #df0029;\">Fonctions suppl\u00e9mentaires de l&rsquo;IRSS88T<\/h3>\n<p>L&rsquo;IRSS88T contient un capteur de temp\u00e9rature s\u00e9par\u00e9 dans un montage en aluminium sur le bo\u00eetier du noyau. Il est ainsi possible de mesurer la temp\u00e9rature ambiante \u00e0 0,1 \u00b0C pr\u00e8s et de commander une sortie de commutation sans potentiel via une fonction d&rsquo;hyst\u00e9r\u00e9sis de commutation. L&rsquo;hyst\u00e9r\u00e9sis peut \u00eatre r\u00e9gl\u00e9e \u00e0 volont\u00e9 entre 0 \u00b0C et 9 \u00b0C \u00e0 l&rsquo;aide de deux s\u00e9lecteurs rotatifs.  <\/p>\n<table class=\"h3-table\">\n<thead>\n<tr>\n<th style=\"background-color: #df0029; color: #ffffff;\">Sortie \/ Interface<\/th>\n<th style=\"background-color: #df0029; color: #ffffff;\">Fonction<\/th>\n<\/tr>\n<\/thead>\n<tbody>\n<tr>\n<td><strong>Relais de temp\u00e9rature<\/strong><\/td>\n<td>Sortie de commutation libre de potentiel &#8211; se ferme lorsque la temp\u00e9rature descend en dessous du seuil d\u00e9fini (T_EIN), s&rsquo;ouvre lorsque T_EIN + D_T_AUS<\/td>\n<\/tr>\n<tr>\n<td><strong>Relais de pr\u00e9cipitations<\/strong><\/td>\n<td>Sortie de commutation libre de potentiel &#8211; se ferme lorsqu&rsquo;une pr\u00e9cipitation est d\u00e9tect\u00e9e (p\u00e9riode d&rsquo;\u00e9valuation d&rsquo;environ 95 s)<\/td>\n<\/tr>\n<tr>\n<td><strong>Sortie analogique de temp\u00e9rature<\/strong><\/td>\n<td>10 mV par 1 \u00b0C, r\u00e9f\u00e9rence 2,73 V \u00e0 0 \u00b0C<\/td>\n<\/tr>\n<tr>\n<td><strong>Interface RS232<\/strong><\/td>\n<td>Sortie s\u00e9rielle des donn\u00e9es d&rsquo;\u00e9tat au format ASCII (9600 bauds, 8N1)<\/td>\n<\/tr>\n<\/tbody>\n<\/table>\n<h3 style=\"color: #df0029;\">Seuil de r\u00e9ponse r\u00e9glable<\/h3>\n<p>Un commutateur rotatif sur le circuit imprim\u00e9 du r\u00e9cepteur permet de r\u00e9gler le seuil de r\u00e9ponse de la sortie pond\u00e9r\u00e9e SOUT entre 1 et 15 impulsions par intervalle de temps (environ 95 s). Il est ainsi possible de supprimer de mani\u00e8re cibl\u00e9e la signalisation de pr\u00e9cipitations insignifiantes. Le r\u00e9glage d&rsquo;usine est de 4 impulsions.  <\/p>\n<h3 style=\"color: #df0029;\">Avantages des capteurs de pr\u00e9cipitations IRSS88 \/ IRSS88T<\/h3>\n<ul class=\"feature-list\">\n<li>Enregistrement fiable de tous les types de pr\u00e9cipitations\n<p style=\"text-indent: 30px; font-style: italic;\">La pluie, la bruine, la gr\u00eale et la neige sont d\u00e9tect\u00e9es de mani\u00e8re fiable, m\u00eame si la taille des particules est infime.<\/p>\n<\/li>\n<li>R\u00e9action instantan\u00e9e\n<p style=\"text-indent: 30px; font-style: italic;\">Le principe opto\u00e9lectronique r\u00e9agit imm\u00e9diatement aux particules dans la zone de d\u00e9tection<\/p>\n<\/li>\n<li>Bo\u00eetier en acier inoxydable extr\u00eamement robuste avec indice de protection IP68\n<p style=\"text-indent: 30px; font-style: italic;\">Bo\u00eetier \u00e9tanche enti\u00e8rement m\u00e9tallique en acier inoxydable (V2A) &#8211; adapt\u00e9 aux conditions environnementales extr\u00eames<\/p>\n<\/li>\n<li>Insensible \u00e0 la lumi\u00e8re parasite\n<p style=\"text-indent: 30px; font-style: italic;\">Fonctionnement fiable m\u00eame en cas d&rsquo;ensoleillement intense gr\u00e2ce \u00e0 la technologie IR hautement s\u00e9lective<\/p>\n<\/li>\n<li>Sortie d&rsquo;alarme en cas d&rsquo;encrassement\n<p style=\"text-indent: 30px; font-style: italic;\">La sortie SACT informe l&rsquo;op\u00e9rateur en cas d&rsquo;encrassement important ou de givrage des fen\u00eatres du capteur.<\/p>\n<\/li>\n<li>C\u00e2ble de connexion possible jusqu&rsquo;\u00e0 1000 m\n<p style=\"text-indent: 30px; font-style: italic;\">Une large gamme de tensions de fonctionnement (9-18 V DC) et une faible consommation de courant permettent de longues distances de c\u00e2blage.<\/p>\n<\/li>\n<li>Seuil de r\u00e9ponse r\u00e9glable\n<p style=\"text-indent: 30px; font-style: italic;\">Commutateur rotatif pour 1 \u00e0 15 impulsions par intervalle de temps &#8211; les pr\u00e9cipitations insignifiantes peuvent \u00eatre supprim\u00e9es<\/p>\n<\/li>\n<li>IRSS88T : mesure de temp\u00e9rature int\u00e9gr\u00e9e avec une r\u00e9solution de 0,1 \u00b0C\n<p style=\"text-indent: 30px; font-style: italic;\">Capteur de temp\u00e9rature s\u00e9par\u00e9 avec hyst\u00e9r\u00e9sis de commutation r\u00e9glable, sortie de temp\u00e9rature analogique et protocole de donn\u00e9es RS232<\/p>\n<\/li>\n<\/ul>\n","protected":false},"excerpt":{"rendered":"<p>Capteurs de pr\u00e9cipitations IRSS88 et IRSS88T &#8211; D\u00e9tection fiable de tous les types de pr\u00e9cipitations Pourquoi utiliser un capteur de pr\u00e9cipitations ? La d\u00e9tection fiable des pr\u00e9cipitations est essentielle dans de nombreux domaines d&rsquo;application, de la gestion du trafic routier \u00e0 la gestion des b\u00e2timents en passant par les stations d&rsquo;\u00e9puration. Une d\u00e9tection erron\u00e9e ou [&hellip;]<\/p>\n","protected":false},"featured_media":15513,"template":"","meta":{"_acf_changed":false},"product_brand":[],"product_cat":[1418],"product_tag":[2522,2521,2519,2523,2524,2520,2527,2528,2526,2529,2525],"class_list":{"0":"post-30917","1":"product","2":"type-product","3":"status-publish","4":"has-post-thumbnail","6":"product_cat-sensores-de-precipitacao","7":"product_tag-sensor-de-neve","8":"product_tag-sensor-de-chuva","9":"product_tag-sensor-de-precipitacao","10":"product_tag-infravermelho","11":"product_tag-ip68","12":"product_tag-irss88","13":"product_tag-irss88t","14":"product_tag-medicao-de-temperatura","15":"product_tag-meteorologia","16":"product_tag-rs232","17":"product_tag-tecnologia-de-controle-de-trafego","19":"first","20":"instock","21":"shipping-taxable","22":"purchasable","23":"product-type-variable"},"exclude_global_add_ons":[],"addons":[],"acf":[],"yoast_head":"<!-- This site is optimized with the Yoast SEO Premium plugin v27.3 (Yoast SEO v27.3) - https:\/\/yoast.com\/product\/yoast-seo-premium-wordpress\/ -->\n<title>Capteur de pr\u00e9cipitations IRSS88 \/ IRSS88T | Acier inoxydable | RLS Wacon<\/title>\n<meta name=\"description\" content=\"D\u00e9tecteurs de pr\u00e9cipitations IRSS88 et IRSS88T - d\u00e9tecteurs opto\u00e9lectroniques pour la pluie, la neige, la gr\u00eale et la bruine. Bo\u00eetier en acier inoxydable, d\u00e9tection sans d\u00e9lai. IRSS88T avec mesure de la temp\u00e9rature et RS232. Fabriqu\u00e9 en Allemagne.\" \/>\n<meta name=\"robots\" content=\"index, follow, max-snippet:-1, max-image-preview:large, max-video-preview:-1\" \/>\n<link rel=\"canonical\" href=\"https:\/\/rls-wacon.de\/fr\/produkt\/capteur-de-precipitations-irss88\/\" \/>\n<meta property=\"og:locale\" content=\"fr_FR\" \/>\n<meta property=\"og:type\" content=\"article\" \/>\n<meta property=\"og:title\" content=\"Capteur de pr\u00e9cipitations IRSS88\" \/>\n<meta property=\"og:description\" content=\"D\u00e9tecteurs de pr\u00e9cipitations IRSS88 et IRSS88T - d\u00e9tecteurs opto\u00e9lectroniques pour la pluie, la neige, la gr\u00eale et la bruine. Bo\u00eetier en acier inoxydable, d\u00e9tection sans d\u00e9lai. IRSS88T avec mesure de la temp\u00e9rature et RS232. Fabriqu\u00e9 en Allemagne.\" \/>\n<meta property=\"og:url\" content=\"https:\/\/rls-wacon.de\/fr\/produkt\/capteur-de-precipitations-irss88\/\" \/>\n<meta property=\"og:site_name\" content=\"RLS Wacon analytics\" \/>\n<meta property=\"og:image\" content=\"https:\/\/rls-wacon.de\/wp-content\/uploads\/2023\/10\/IRSS88.webp\" \/>\n\t<meta property=\"og:image:width\" content=\"1417\" \/>\n\t<meta property=\"og:image:height\" content=\"1104\" \/>\n\t<meta property=\"og:image:type\" content=\"image\/webp\" \/>\n<meta name=\"twitter:card\" content=\"summary_large_image\" \/>\n<meta name=\"twitter:label1\" content=\"Disponibilit\u00e9\" \/>\n\t<meta name=\"twitter:data1\" content=\"En stock\" \/>\n<script type=\"application\/ld+json\" class=\"yoast-schema-graph\">{\"@context\":\"https:\\\/\\\/schema.org\",\"@graph\":[{\"@type\":\"WebPage\",\"@id\":\"https:\\\/\\\/rls-wacon.de\\\/fr\\\/produkt\\\/capteur-de-precipitations-irss88\\\/\",\"url\":\"https:\\\/\\\/rls-wacon.de\\\/fr\\\/produkt\\\/capteur-de-precipitations-irss88\\\/\",\"name\":\"Capteur de pr\u00e9cipitations IRSS88 \\\/ IRSS88T | Acier inoxydable | RLS Wacon\",\"isPartOf\":{\"@id\":\"https:\\\/\\\/rls-wacon.de\\\/#website\"},\"primaryImageOfPage\":{\"@id\":\"https:\\\/\\\/rls-wacon.de\\\/fr\\\/produkt\\\/capteur-de-precipitations-irss88\\\/#primaryimage\"},\"image\":{\"@id\":\"https:\\\/\\\/rls-wacon.de\\\/fr\\\/produkt\\\/capteur-de-precipitations-irss88\\\/#primaryimage\"},\"thumbnailUrl\":\"https:\\\/\\\/rls-wacon.de\\\/wp-content\\\/uploads\\\/2023\\\/10\\\/IRSS88.webp\",\"datePublished\":\"2026-03-24T12:10:25+00:00\",\"description\":\"D\u00e9tecteurs de pr\u00e9cipitations IRSS88 et IRSS88T - d\u00e9tecteurs opto\u00e9lectroniques pour la pluie, la neige, la gr\u00eale et la bruine. Bo\u00eetier en acier inoxydable, d\u00e9tection sans d\u00e9lai. IRSS88T avec mesure de la temp\u00e9rature et RS232. Fabriqu\u00e9 en Allemagne.\",\"breadcrumb\":{\"@id\":\"https:\\\/\\\/rls-wacon.de\\\/fr\\\/produkt\\\/capteur-de-precipitations-irss88\\\/#breadcrumb\"},\"inLanguage\":\"fr-FR\",\"potentialAction\":[{\"@type\":\"ReadAction\",\"target\":[\"https:\\\/\\\/rls-wacon.de\\\/fr\\\/produkt\\\/capteur-de-precipitations-irss88\\\/\"]}]},{\"@type\":\"ImageObject\",\"inLanguage\":\"fr-FR\",\"@id\":\"https:\\\/\\\/rls-wacon.de\\\/fr\\\/produkt\\\/capteur-de-precipitations-irss88\\\/#primaryimage\",\"url\":\"https:\\\/\\\/rls-wacon.de\\\/wp-content\\\/uploads\\\/2023\\\/10\\\/IRSS88.webp\",\"contentUrl\":\"https:\\\/\\\/rls-wacon.de\\\/wp-content\\\/uploads\\\/2023\\\/10\\\/IRSS88.webp\",\"width\":1417,\"height\":1104,\"caption\":\"Niederschlagssensor IRSS88\"},{\"@type\":\"BreadcrumbList\",\"@id\":\"https:\\\/\\\/rls-wacon.de\\\/fr\\\/produkt\\\/capteur-de-precipitations-irss88\\\/#breadcrumb\",\"itemListElement\":[{\"@type\":\"ListItem\",\"position\":1,\"name\":\"Page d'accueil\",\"item\":\"https:\\\/\\\/rls-wacon.de\\\/\"},{\"@type\":\"ListItem\",\"position\":2,\"name\":\"Boutique\",\"item\":\"https:\\\/\\\/rls-wacon.de\\\/shop\\\/\"},{\"@type\":\"ListItem\",\"position\":3,\"name\":\"Capteur de pr\u00e9cipitations IRSS88\"}]},{\"@type\":\"WebSite\",\"@id\":\"https:\\\/\\\/rls-wacon.de\\\/#website\",\"url\":\"https:\\\/\\\/rls-wacon.de\\\/\",\"name\":\"RLS Wacon analytics GmbH\",\"description\":\"Experts for water monitoring\",\"publisher\":{\"@id\":\"https:\\\/\\\/rls-wacon.de\\\/#organization\"},\"potentialAction\":[{\"@type\":\"SearchAction\",\"target\":{\"@type\":\"EntryPoint\",\"urlTemplate\":\"https:\\\/\\\/rls-wacon.de\\\/?s={search_term_string}\"},\"query-input\":{\"@type\":\"PropertyValueSpecification\",\"valueRequired\":true,\"valueName\":\"search_term_string\"}}],\"inLanguage\":\"fr-FR\"},{\"@type\":\"Organization\",\"@id\":\"https:\\\/\\\/rls-wacon.de\\\/#organization\",\"name\":\"RLS Wacon analytics GmbH\",\"url\":\"https:\\\/\\\/rls-wacon.de\\\/\",\"logo\":{\"@type\":\"ImageObject\",\"inLanguage\":\"fr-FR\",\"@id\":\"https:\\\/\\\/rls-wacon.de\\\/#\\\/schema\\\/logo\\\/image\\\/\",\"url\":\"https:\\\/\\\/rls-wacon.de\\\/wp-content\\\/uploads\\\/2022\\\/10\\\/RLSWacon-analytics-Logo-BR-RZ-9_17-768x1591.png\",\"contentUrl\":\"https:\\\/\\\/rls-wacon.de\\\/wp-content\\\/uploads\\\/2022\\\/10\\\/RLSWacon-analytics-Logo-BR-RZ-9_17-768x1591.png\",\"width\":768,\"height\":159,\"caption\":\"RLS Wacon analytics GmbH\"},\"image\":{\"@id\":\"https:\\\/\\\/rls-wacon.de\\\/#\\\/schema\\\/logo\\\/image\\\/\"}}]}<\/script>\n<meta property=\"og:availability\" content=\"instock\" \/>\n<meta property=\"product:availability\" content=\"instock\" \/>\n<meta property=\"product:condition\" content=\"new\" \/>\n<!-- \/ Yoast SEO Premium plugin. -->","yoast_head_json":{"title":"Capteur de pr\u00e9cipitations IRSS88 \/ IRSS88T | Acier inoxydable | RLS Wacon","description":"D\u00e9tecteurs de pr\u00e9cipitations IRSS88 et IRSS88T - d\u00e9tecteurs opto\u00e9lectroniques pour la pluie, la neige, la gr\u00eale et la bruine. Bo\u00eetier en acier inoxydable, d\u00e9tection sans d\u00e9lai. IRSS88T avec mesure de la temp\u00e9rature et RS232. Fabriqu\u00e9 en Allemagne.","robots":{"index":"index","follow":"follow","max-snippet":"max-snippet:-1","max-image-preview":"max-image-preview:large","max-video-preview":"max-video-preview:-1"},"canonical":"https:\/\/rls-wacon.de\/fr\/produkt\/capteur-de-precipitations-irss88\/","og_locale":"fr_FR","og_type":"article","og_title":"Capteur de pr\u00e9cipitations IRSS88","og_description":"D\u00e9tecteurs de pr\u00e9cipitations IRSS88 et IRSS88T - d\u00e9tecteurs opto\u00e9lectroniques pour la pluie, la neige, la gr\u00eale et la bruine. Bo\u00eetier en acier inoxydable, d\u00e9tection sans d\u00e9lai. IRSS88T avec mesure de la temp\u00e9rature et RS232. Fabriqu\u00e9 en Allemagne.","og_url":"https:\/\/rls-wacon.de\/fr\/produkt\/capteur-de-precipitations-irss88\/","og_site_name":"RLS Wacon analytics","og_image":[{"width":1417,"height":1104,"url":"https:\/\/rls-wacon.de\/wp-content\/uploads\/2023\/10\/IRSS88.webp","type":"image\/webp"}],"twitter_card":"summary_large_image","twitter_misc":{"Disponibilit\u00e9":"En stock"},"schema":{"@context":"https:\/\/schema.org","@graph":[{"@type":"WebPage","@id":"https:\/\/rls-wacon.de\/fr\/produkt\/capteur-de-precipitations-irss88\/","url":"https:\/\/rls-wacon.de\/fr\/produkt\/capteur-de-precipitations-irss88\/","name":"Capteur de pr\u00e9cipitations IRSS88 \/ IRSS88T | Acier inoxydable | RLS Wacon","isPartOf":{"@id":"https:\/\/rls-wacon.de\/#website"},"primaryImageOfPage":{"@id":"https:\/\/rls-wacon.de\/fr\/produkt\/capteur-de-precipitations-irss88\/#primaryimage"},"image":{"@id":"https:\/\/rls-wacon.de\/fr\/produkt\/capteur-de-precipitations-irss88\/#primaryimage"},"thumbnailUrl":"https:\/\/rls-wacon.de\/wp-content\/uploads\/2023\/10\/IRSS88.webp","datePublished":"2026-03-24T12:10:25+00:00","description":"D\u00e9tecteurs de pr\u00e9cipitations IRSS88 et IRSS88T - d\u00e9tecteurs opto\u00e9lectroniques pour la pluie, la neige, la gr\u00eale et la bruine. Bo\u00eetier en acier inoxydable, d\u00e9tection sans d\u00e9lai. IRSS88T avec mesure de la temp\u00e9rature et RS232. Fabriqu\u00e9 en Allemagne.","breadcrumb":{"@id":"https:\/\/rls-wacon.de\/fr\/produkt\/capteur-de-precipitations-irss88\/#breadcrumb"},"inLanguage":"fr-FR","potentialAction":[{"@type":"ReadAction","target":["https:\/\/rls-wacon.de\/fr\/produkt\/capteur-de-precipitations-irss88\/"]}]},{"@type":"ImageObject","inLanguage":"fr-FR","@id":"https:\/\/rls-wacon.de\/fr\/produkt\/capteur-de-precipitations-irss88\/#primaryimage","url":"https:\/\/rls-wacon.de\/wp-content\/uploads\/2023\/10\/IRSS88.webp","contentUrl":"https:\/\/rls-wacon.de\/wp-content\/uploads\/2023\/10\/IRSS88.webp","width":1417,"height":1104,"caption":"Niederschlagssensor IRSS88"},{"@type":"BreadcrumbList","@id":"https:\/\/rls-wacon.de\/fr\/produkt\/capteur-de-precipitations-irss88\/#breadcrumb","itemListElement":[{"@type":"ListItem","position":1,"name":"Page d'accueil","item":"https:\/\/rls-wacon.de\/"},{"@type":"ListItem","position":2,"name":"Boutique","item":"https:\/\/rls-wacon.de\/shop\/"},{"@type":"ListItem","position":3,"name":"Capteur de pr\u00e9cipitations IRSS88"}]},{"@type":"WebSite","@id":"https:\/\/rls-wacon.de\/#website","url":"https:\/\/rls-wacon.de\/","name":"RLS Wacon analytics GmbH","description":"Experts for water monitoring","publisher":{"@id":"https:\/\/rls-wacon.de\/#organization"},"potentialAction":[{"@type":"SearchAction","target":{"@type":"EntryPoint","urlTemplate":"https:\/\/rls-wacon.de\/?s={search_term_string}"},"query-input":{"@type":"PropertyValueSpecification","valueRequired":true,"valueName":"search_term_string"}}],"inLanguage":"fr-FR"},{"@type":"Organization","@id":"https:\/\/rls-wacon.de\/#organization","name":"RLS Wacon analytics GmbH","url":"https:\/\/rls-wacon.de\/","logo":{"@type":"ImageObject","inLanguage":"fr-FR","@id":"https:\/\/rls-wacon.de\/#\/schema\/logo\/image\/","url":"https:\/\/rls-wacon.de\/wp-content\/uploads\/2022\/10\/RLSWacon-analytics-Logo-BR-RZ-9_17-768x1591.png","contentUrl":"https:\/\/rls-wacon.de\/wp-content\/uploads\/2022\/10\/RLSWacon-analytics-Logo-BR-RZ-9_17-768x1591.png","width":768,"height":159,"caption":"RLS Wacon analytics GmbH"},"image":{"@id":"https:\/\/rls-wacon.de\/#\/schema\/logo\/image\/"}}]},"og_availability":"instock","product_availability":"instock","product_condition":"new"},"_links":{"self":[{"href":"https:\/\/rls-wacon.de\/fr\/wp-json\/wp\/v2\/product\/30917","targetHints":{"allow":["GET"]}}],"collection":[{"href":"https:\/\/rls-wacon.de\/fr\/wp-json\/wp\/v2\/product"}],"about":[{"href":"https:\/\/rls-wacon.de\/fr\/wp-json\/wp\/v2\/types\/product"}],"version-history":[{"count":0,"href":"https:\/\/rls-wacon.de\/fr\/wp-json\/wp\/v2\/product\/30917\/revisions"}],"wp:featuredmedia":[{"embeddable":true,"href":"https:\/\/rls-wacon.de\/fr\/wp-json\/wp\/v2\/media\/15513"}],"wp:attachment":[{"href":"https:\/\/rls-wacon.de\/fr\/wp-json\/wp\/v2\/media?parent=30917"}],"wp:term":[{"taxonomy":"product_brand","embeddable":true,"href":"https:\/\/rls-wacon.de\/fr\/wp-json\/wp\/v2\/product_brand?post=30917"},{"taxonomy":"product_cat","embeddable":true,"href":"https:\/\/rls-wacon.de\/fr\/wp-json\/wp\/v2\/product_cat?post=30917"},{"taxonomy":"product_tag","embeddable":true,"href":"https:\/\/rls-wacon.de\/fr\/wp-json\/wp\/v2\/product_tag?post=30917"}],"curies":[{"name":"wp","href":"https:\/\/api.w.org\/{rel}","templated":true}]}}