{"id":12642,"date":"2024-04-10T11:42:52","date_gmt":"2024-04-10T09:42:52","guid":{"rendered":"https:\/\/new.rls-wacon.de\/consulta-sobre-reparos\/"},"modified":"2025-08-13T15:54:42","modified_gmt":"2025-08-13T13:54:42","slug":"consulta-sobre-reparos","status":"publish","type":"page","link":"https:\/\/rls-wacon.de\/pt-br\/consulta-sobre-reparos\/","title":{"rendered":"Consulta sobre reparos"},"content":{"rendered":"\t\t<div data-elementor-type=\"wp-page\" data-elementor-id=\"12642\" class=\"elementor elementor-12642 elementor-10118\" wpc-filter-elementor-widget=\"1\" data-elementor-post-type=\"page\">\n\t\t\t\t<div class=\"elementor-element elementor-element-e3a226e e-con-full e-flex e-con e-parent\" data-id=\"e3a226e\" data-element_type=\"container\" data-e-type=\"container\" data-settings=\"{&quot;background_background&quot;:&quot;classic&quot;}\">\n\t\t<div class=\"elementor-element elementor-element-cd7f9bc e-con-full e-flex e-con e-child\" data-id=\"cd7f9bc\" data-element_type=\"container\" data-e-type=\"container\" data-settings=\"{&quot;background_background&quot;:&quot;classic&quot;}\">\n\t\t\t\t<div class=\"elementor-element elementor-element-fd68a7c elementor-widget elementor-widget-heading\" data-id=\"fd68a7c\" data-element_type=\"widget\" data-e-type=\"widget\" data-widget_type=\"heading.default\">\n\t\t\t\t\t<h1 class=\"elementor-heading-title elementor-size-default\">Consulta sobre reparos<\/h1>\t\t\t\t<\/div>\n\t\t\t\t<\/div>\n\t\t\t\t<\/div>\n\t\t<div class=\"elementor-element elementor-element-c9eef1c e-con-full e-flex e-con e-parent\" data-id=\"c9eef1c\" data-element_type=\"container\" data-e-type=\"container\" data-settings=\"{&quot;background_background&quot;:&quot;classic&quot;}\">\n\t\t\t\t<div class=\"elementor-element elementor-element-5231e10 elementor-widget__width-inherit elementor-widget elementor-widget-image\" data-id=\"5231e10\" data-element_type=\"widget\" data-e-type=\"widget\" data-widget_type=\"image.default\">\n\t\t\t\t\t\t\t\t\t\t\t\t\t\t\t<img fetchpriority=\"high\" decoding=\"async\" width=\"1280\" height=\"853\" src=\"https:\/\/rls-wacon.de\/wp-content\/uploads\/2024\/04\/pexels-blaz-erzetic-2628105-c0b574cb.webp\" class=\"attachment-full size-full wp-image-12643\" alt=\"Consulta sobre reparos\" srcset=\"https:\/\/rls-wacon.de\/wp-content\/uploads\/2024\/04\/pexels-blaz-erzetic-2628105-c0b574cb.webp 1280w, https:\/\/rls-wacon.de\/wp-content\/uploads\/2024\/04\/pexels-blaz-erzetic-2628105-c0b574cb-300x200.webp 300w, https:\/\/rls-wacon.de\/wp-content\/uploads\/2024\/04\/pexels-blaz-erzetic-2628105-c0b574cb-1024x682.webp 1024w, https:\/\/rls-wacon.de\/wp-content\/uploads\/2024\/04\/pexels-blaz-erzetic-2628105-c0b574cb-768x512.webp 768w, https:\/\/rls-wacon.de\/wp-content\/uploads\/2024\/04\/pexels-blaz-erzetic-2628105-c0b574cb-600x400.webp 600w\" sizes=\"(max-width: 1280px) 100vw, 1280px\" \/>\t\t\t\t\t\t\t\t\t\t\t\t\t\t\t<\/div>\n\t\t\t\t<div class=\"elementor-element elementor-element-6254281 elementor-widget__width-inherit elementor-widget elementor-widget-text-editor\" data-id=\"6254281\" data-element_type=\"widget\" data-e-type=\"widget\" data-widget_type=\"text-editor.default\">\n\t\t\t\t\t\t\t\t\t<div class=\"uk-width-1-2@m\"><h5>Somente um reparo pode ajudar?<\/h5><div class=\"uk-panel uk-margin\"><div class=\"uk-panel uk-margin\"><p>Para oferecer a voc\u00ea o melhor servi\u00e7o poss\u00edvel, tamb\u00e9m realizamos reparos e manuten\u00e7\u00e3o em nossos aparelhos.<\/p><p>Basta nos enviar seu dispositivo. N\u00f3s o verificaremos e forneceremos a voc\u00ea uma estimativa de custo mediante solicita\u00e7\u00e3o. Depois que voc\u00ea aprovar o reparo, consertaremos o aparelho e o testaremos exaustivamente em nosso laborat\u00f3rio de \u00e1gua.  <\/p><p>Com o nosso servi\u00e7o de reparos, oferecemos a voc\u00ea suporte r\u00e1pido e competente para os seus dispositivos &#8211; por um longo per\u00edodo de tempo. Tamb\u00e9m cuidamos de aparelhos que est\u00e3o em uso h\u00e1 muitos anos. <\/p><p>Se um reparo n\u00e3o for mais econ\u00f4mico ou se voc\u00ea quiser fazer o upgrade para uma gera\u00e7\u00e3o mais recente de aparelhos, podemos oferecer a voc\u00ea nossos novos aparelhos em condi\u00e7\u00f5es atraentes.<\/p><\/div><\/div><\/div>\t\t\t\t\t\t\t\t<\/div>\n\t\t\t\t<\/div>\n\t\t<div class=\"elementor-element elementor-element-8e938d0 e-flex e-con-boxed e-con e-parent\" data-id=\"8e938d0\" data-element_type=\"container\" data-e-type=\"container\" data-settings=\"{&quot;background_background&quot;:&quot;classic&quot;}\">\n\t\t\t\t\t<div class=\"e-con-inner\">\n\t\t\t\t<div class=\"elementor-element elementor-element-f3bf526 elementor-widget elementor-widget-shortcode\" data-id=\"f3bf526\" data-element_type=\"widget\" data-e-type=\"widget\" data-widget_type=\"shortcode.default\">\n\t\t\t\t\t\t\t<div class=\"elementor-shortcode\"><p class=\"wpcf7-contact-form-not-found\"><strong>Erro:<\/strong> Formul\u00e1rio de contato n\u00e3o encontrado.<\/p><\/div>\n\t\t\t\t\t\t<\/div>\n\t\t\t\t\t<\/div>\n\t\t\t\t<\/div>\n\t\t<div class=\"elementor-element elementor-element-cd46f0b e-con-full e-flex e-con e-parent\" data-id=\"cd46f0b\" data-element_type=\"container\" data-e-type=\"container\" data-settings=\"{&quot;shape_divider_top&quot;:&quot;mountains&quot;}\">\n\t\t\t\t<div class=\"elementor-shape elementor-shape-top\" aria-hidden=\"true\" data-negative=\"false\">\n\t\t\t<svg xmlns=\"http:\/\/www.w3.org\/2000\/svg\" viewBox=\"0 0 1000 100\" preserveAspectRatio=\"none\">\n\t<path class=\"elementor-shape-fill\" opacity=\"0.33\" d=\"M473,67.3c-203.9,88.3-263.1-34-320.3,0C66,119.1,0,59.7,0,59.7V0h1000v59.7 c0,0-62.1,26.1-94.9,29.3c-32.8,3.3-62.8-12.3-75.8-22.1C806,49.6,745.3,8.7,694.9,4.7S492.4,59,473,67.3z\"\/>\n\t<path class=\"elementor-shape-fill\" opacity=\"0.66\" d=\"M734,67.3c-45.5,0-77.2-23.2-129.1-39.1c-28.6-8.7-150.3-10.1-254,39.1 s-91.7-34.4-149.2,0C115.7,118.3,0,39.8,0,39.8V0h1000v36.5c0,0-28.2-18.5-92.1-18.5C810.2,18.1,775.7,67.3,734,67.3z\"\/>\n\t<path class=\"elementor-shape-fill\" d=\"M766.1,28.9c-200-57.5-266,65.5-395.1,19.5C242,1.8,242,5.4,184.8,20.6C128,35.8,132.3,44.9,89.9,52.5C28.6,63.7,0,0,0,0 h1000c0,0-9.9,40.9-83.6,48.1S829.6,47,766.1,28.9z\"\/>\n<\/svg>\t\t<\/div>\n\t\t\t\t<\/div>\n\t\t<div class=\"elementor-element elementor-element-b3a970a e-con-full e-flex e-con e-parent\" data-id=\"b3a970a\" data-element_type=\"container\" data-e-type=\"container\">\n\t\t<a class=\"elementor-element elementor-element-389d964 e-con-full e-flex e-con e-child\" data-id=\"389d964\" data-element_type=\"container\" data-e-type=\"container\" href=\"https:\/\/rls-wacon.de\/technischer-support\/\">\n\t\t\t\t<div class=\"elementor-element elementor-element-9b729e9 headline-bottom elementor-widget elementor-widget-heading\" data-id=\"9b729e9\" data-element_type=\"widget\" data-e-type=\"widget\" data-widget_type=\"heading.default\">\n\t\t\t\t\t<h2 class=\"elementor-heading-title elementor-size-default\">Suporte t\u00e9cnico<\/h2>\t\t\t\t<\/div>\n\t\t\t\t<div class=\"elementor-element elementor-element-5cb224d elementor-widget-divider--view-line elementor-widget elementor-widget-divider\" data-id=\"5cb224d\" data-element_type=\"widget\" data-e-type=\"widget\" data-widget_type=\"divider.default\">\n\t\t\t\t\t\t\t<div class=\"elementor-divider\">\n\t\t\t<span class=\"elementor-divider-separator\">\n\t\t\t\t\t\t<\/span>\n\t\t<\/div>\n\t\t\t\t\t\t<\/div>\n\t\t\t\t<div class=\"elementor-element elementor-element-0faa775 elementor-widget elementor-widget-heading\" data-id=\"0faa775\" data-element_type=\"widget\" data-e-type=\"widget\" data-widget_type=\"heading.default\">\n\t\t\t\t\t<h2 class=\"elementor-heading-title elementor-size-default\">Voc\u00ea precisa de suporte para um de nossos produtos?<br>Entre em contato conosco agora.<\/h2>\t\t\t\t<\/div>\n\t\t\t\t<\/a>\n\t\t<a class=\"elementor-element elementor-element-bed1b20 e-con-full e-flex e-con e-child\" data-id=\"bed1b20\" data-element_type=\"container\" data-e-type=\"container\" href=\"https:\/\/rls-wacon.de\/altgeraeteruecknahme\/\">\n\t\t\t\t<div class=\"elementor-element elementor-element-4a7aec3 headline-bottom elementor-widget elementor-widget-heading\" data-id=\"4a7aec3\" data-element_type=\"widget\" data-e-type=\"widget\" data-widget_type=\"heading.default\">\n\t\t\t\t\t<h2 class=\"elementor-heading-title elementor-size-default\">Devolu\u00e7\u00e3o e descarte de aparelhos antigos<\/h2>\t\t\t\t<\/div>\n\t\t\t\t<div class=\"elementor-element elementor-element-6a9e97a elementor-widget-divider--view-line elementor-widget elementor-widget-divider\" data-id=\"6a9e97a\" data-element_type=\"widget\" data-e-type=\"widget\" data-widget_type=\"divider.default\">\n\t\t\t\t\t\t\t<div class=\"elementor-divider\">\n\t\t\t<span class=\"elementor-divider-separator\">\n\t\t\t\t\t\t<\/span>\n\t\t<\/div>\n\t\t\t\t\t\t<\/div>\n\t\t\t\t<div class=\"elementor-element elementor-element-16f7dde elementor-widget elementor-widget-heading\" data-id=\"16f7dde\" data-element_type=\"widget\" data-e-type=\"widget\" data-widget_type=\"heading.default\">\n\t\t\t\t\t<h2 class=\"elementor-heading-title elementor-size-default\">Voc\u00ea est\u00e1 procurando informa\u00e7\u00f5es sobre a recupera\u00e7\u00e3o de aparelhos antigos e o descarte de nossos produtos? Clique aqui. <\/h2>\t\t\t\t<\/div>\n\t\t\t\t<\/a>\n\t\t\t\t<\/div>\n\t\t\t\t<\/div>\n\t\t","protected":false},"excerpt":{"rendered":"<p>Consulta sobre reparos Somente um reparo pode ajudar? Para oferecer a voc\u00ea o melhor servi\u00e7o poss\u00edvel, tamb\u00e9m realizamos reparos e manuten\u00e7\u00e3o em nossos aparelhos. Basta nos enviar seu dispositivo. N\u00f3s o verificaremos e forneceremos a voc\u00ea uma estimativa de custo mediante solicita\u00e7\u00e3o. Depois que voc\u00ea aprovar o reparo, consertaremos o aparelho e o testaremos exaustivamente [&hellip;]<\/p>\n","protected":false},"author":2,"featured_media":0,"parent":0,"menu_order":0,"comment_status":"closed","ping_status":"closed","template":"","meta":{"_acf_changed":false,"footnotes":""},"class_list":["post-12642","page","type-page","status-publish","hentry"],"acf":[],"yoast_head":"<!-- This site is optimized with the Yoast SEO Premium plugin v27.3 (Yoast SEO v27.4) - https:\/\/yoast.com\/product\/yoast-seo-premium-wordpress\/ -->\n<title>Consulta sobre reparos - RLS Wacon analytics<\/title>\n<meta name=\"robots\" content=\"index, follow, max-snippet:-1, max-image-preview:large, max-video-preview:-1\" \/>\n<link rel=\"canonical\" href=\"https:\/\/rls-wacon.de\/reparaturanfrage\/\" \/>\n<meta property=\"og:locale\" content=\"pt_BR\" \/>\n<meta property=\"og:type\" content=\"article\" \/>\n<meta property=\"og:title\" content=\"Consulta sobre reparos\" \/>\n<meta property=\"og:description\" content=\"Consulta sobre reparos Somente um reparo pode ajudar? Para oferecer a voc\u00ea o melhor servi\u00e7o poss\u00edvel, tamb\u00e9m realizamos reparos e manuten\u00e7\u00e3o em nossos aparelhos. Basta nos enviar seu dispositivo. N\u00f3s o verificaremos e forneceremos a voc\u00ea uma estimativa de custo mediante solicita\u00e7\u00e3o. Depois que voc\u00ea aprovar o reparo, consertaremos o aparelho e o testaremos exaustivamente [&hellip;]\" \/>\n<meta property=\"og:url\" content=\"https:\/\/rls-wacon.de\/reparaturanfrage\/\" \/>\n<meta property=\"og:site_name\" content=\"RLS Wacon analytics\" \/>\n<meta property=\"article:modified_time\" content=\"2025-08-13T13:54:42+00:00\" \/>\n<meta property=\"og:image\" content=\"https:\/\/rls-wacon.de\/wp-content\/uploads\/2024\/04\/pexels-blaz-erzetic-2628105-c0b574cb.webp\" \/>\n\t<meta property=\"og:image:width\" content=\"1280\" \/>\n\t<meta property=\"og:image:height\" content=\"853\" \/>\n\t<meta property=\"og:image:type\" content=\"image\/webp\" \/>\n<meta name=\"twitter:card\" content=\"summary_large_image\" \/>\n<meta name=\"twitter:label1\" content=\"Est. tempo de leitura\" \/>\n\t<meta name=\"twitter:data1\" content=\"1 minuto\" \/>\n<script type=\"application\/ld+json\" class=\"yoast-schema-graph\">{\"@context\":\"https:\\\/\\\/schema.org\",\"@graph\":[{\"@type\":\"WebPage\",\"@id\":\"https:\\\/\\\/rls-wacon.de\\\/reparaturanfrage\\\/\",\"url\":\"https:\\\/\\\/rls-wacon.de\\\/reparaturanfrage\\\/\",\"name\":\"Consulta sobre reparos - RLS Wacon analytics\",\"isPartOf\":{\"@id\":\"https:\\\/\\\/rls-wacon.de\\\/#website\"},\"primaryImageOfPage\":{\"@id\":\"https:\\\/\\\/rls-wacon.de\\\/reparaturanfrage\\\/#primaryimage\"},\"image\":{\"@id\":\"https:\\\/\\\/rls-wacon.de\\\/reparaturanfrage\\\/#primaryimage\"},\"thumbnailUrl\":\"https:\\\/\\\/rls-wacon.de\\\/wp-content\\\/uploads\\\/2024\\\/04\\\/pexels-blaz-erzetic-2628105-c0b574cb.webp\",\"datePublished\":\"2024-04-10T09:42:52+00:00\",\"dateModified\":\"2025-08-13T13:54:42+00:00\",\"breadcrumb\":{\"@id\":\"https:\\\/\\\/rls-wacon.de\\\/reparaturanfrage\\\/#breadcrumb\"},\"inLanguage\":\"pt-BR\",\"potentialAction\":[{\"@type\":\"ReadAction\",\"target\":[\"https:\\\/\\\/rls-wacon.de\\\/reparaturanfrage\\\/\"]}]},{\"@type\":\"ImageObject\",\"inLanguage\":\"pt-BR\",\"@id\":\"https:\\\/\\\/rls-wacon.de\\\/reparaturanfrage\\\/#primaryimage\",\"url\":\"https:\\\/\\\/rls-wacon.de\\\/wp-content\\\/uploads\\\/2024\\\/04\\\/pexels-blaz-erzetic-2628105-c0b574cb.webp\",\"contentUrl\":\"https:\\\/\\\/rls-wacon.de\\\/wp-content\\\/uploads\\\/2024\\\/04\\\/pexels-blaz-erzetic-2628105-c0b574cb.webp\"},{\"@type\":\"BreadcrumbList\",\"@id\":\"https:\\\/\\\/rls-wacon.de\\\/reparaturanfrage\\\/#breadcrumb\",\"itemListElement\":[{\"@type\":\"ListItem\",\"position\":1,\"name\":\"Startseite\",\"item\":\"https:\\\/\\\/rls-wacon.de\\\/pt-br\\\/\"},{\"@type\":\"ListItem\",\"position\":2,\"name\":\"Consulta sobre reparos\"}]},{\"@type\":\"WebSite\",\"@id\":\"https:\\\/\\\/rls-wacon.de\\\/#website\",\"url\":\"https:\\\/\\\/rls-wacon.de\\\/\",\"name\":\"RLS Wacon analytics GmbH\",\"description\":\"Experts for water monitoring\",\"publisher\":{\"@id\":\"https:\\\/\\\/rls-wacon.de\\\/#organization\"},\"potentialAction\":[{\"@type\":\"SearchAction\",\"target\":{\"@type\":\"EntryPoint\",\"urlTemplate\":\"https:\\\/\\\/rls-wacon.de\\\/?s={search_term_string}\"},\"query-input\":{\"@type\":\"PropertyValueSpecification\",\"valueRequired\":true,\"valueName\":\"search_term_string\"}}],\"inLanguage\":\"pt-BR\"},{\"@type\":\"Organization\",\"@id\":\"https:\\\/\\\/rls-wacon.de\\\/#organization\",\"name\":\"RLS Wacon analytics GmbH\",\"url\":\"https:\\\/\\\/rls-wacon.de\\\/\",\"logo\":{\"@type\":\"ImageObject\",\"inLanguage\":\"pt-BR\",\"@id\":\"https:\\\/\\\/rls-wacon.de\\\/#\\\/schema\\\/logo\\\/image\\\/\",\"url\":\"https:\\\/\\\/rls-wacon.de\\\/wp-content\\\/uploads\\\/2022\\\/10\\\/RLSWacon-analytics-Logo-BR-RZ-9_17-768x1591.png\",\"contentUrl\":\"https:\\\/\\\/rls-wacon.de\\\/wp-content\\\/uploads\\\/2022\\\/10\\\/RLSWacon-analytics-Logo-BR-RZ-9_17-768x1591.png\",\"width\":768,\"height\":159,\"caption\":\"RLS Wacon analytics GmbH\"},\"image\":{\"@id\":\"https:\\\/\\\/rls-wacon.de\\\/#\\\/schema\\\/logo\\\/image\\\/\"}}]}<\/script>\n<!-- \/ Yoast SEO Premium plugin. -->","yoast_head_json":{"title":"Consulta sobre reparos - RLS Wacon analytics","robots":{"index":"index","follow":"follow","max-snippet":"max-snippet:-1","max-image-preview":"max-image-preview:large","max-video-preview":"max-video-preview:-1"},"canonical":"https:\/\/rls-wacon.de\/reparaturanfrage\/","og_locale":"pt_BR","og_type":"article","og_title":"Consulta sobre reparos","og_description":"Consulta sobre reparos Somente um reparo pode ajudar? Para oferecer a voc\u00ea o melhor servi\u00e7o poss\u00edvel, tamb\u00e9m realizamos reparos e manuten\u00e7\u00e3o em nossos aparelhos. Basta nos enviar seu dispositivo. N\u00f3s o verificaremos e forneceremos a voc\u00ea uma estimativa de custo mediante solicita\u00e7\u00e3o. Depois que voc\u00ea aprovar o reparo, consertaremos o aparelho e o testaremos exaustivamente [&hellip;]","og_url":"https:\/\/rls-wacon.de\/reparaturanfrage\/","og_site_name":"RLS Wacon analytics","article_modified_time":"2025-08-13T13:54:42+00:00","og_image":[{"width":1280,"height":853,"url":"https:\/\/rls-wacon.de\/wp-content\/uploads\/2024\/04\/pexels-blaz-erzetic-2628105-c0b574cb.webp","type":"image\/webp"}],"twitter_card":"summary_large_image","twitter_misc":{"Est. tempo de leitura":"1 minuto"},"schema":{"@context":"https:\/\/schema.org","@graph":[{"@type":"WebPage","@id":"https:\/\/rls-wacon.de\/reparaturanfrage\/","url":"https:\/\/rls-wacon.de\/reparaturanfrage\/","name":"Consulta sobre reparos - RLS Wacon analytics","isPartOf":{"@id":"https:\/\/rls-wacon.de\/#website"},"primaryImageOfPage":{"@id":"https:\/\/rls-wacon.de\/reparaturanfrage\/#primaryimage"},"image":{"@id":"https:\/\/rls-wacon.de\/reparaturanfrage\/#primaryimage"},"thumbnailUrl":"https:\/\/rls-wacon.de\/wp-content\/uploads\/2024\/04\/pexels-blaz-erzetic-2628105-c0b574cb.webp","datePublished":"2024-04-10T09:42:52+00:00","dateModified":"2025-08-13T13:54:42+00:00","breadcrumb":{"@id":"https:\/\/rls-wacon.de\/reparaturanfrage\/#breadcrumb"},"inLanguage":"pt-BR","potentialAction":[{"@type":"ReadAction","target":["https:\/\/rls-wacon.de\/reparaturanfrage\/"]}]},{"@type":"ImageObject","inLanguage":"pt-BR","@id":"https:\/\/rls-wacon.de\/reparaturanfrage\/#primaryimage","url":"https:\/\/rls-wacon.de\/wp-content\/uploads\/2024\/04\/pexels-blaz-erzetic-2628105-c0b574cb.webp","contentUrl":"https:\/\/rls-wacon.de\/wp-content\/uploads\/2024\/04\/pexels-blaz-erzetic-2628105-c0b574cb.webp"},{"@type":"BreadcrumbList","@id":"https:\/\/rls-wacon.de\/reparaturanfrage\/#breadcrumb","itemListElement":[{"@type":"ListItem","position":1,"name":"Startseite","item":"https:\/\/rls-wacon.de\/pt-br\/"},{"@type":"ListItem","position":2,"name":"Consulta sobre reparos"}]},{"@type":"WebSite","@id":"https:\/\/rls-wacon.de\/#website","url":"https:\/\/rls-wacon.de\/","name":"RLS Wacon analytics GmbH","description":"Experts for water monitoring","publisher":{"@id":"https:\/\/rls-wacon.de\/#organization"},"potentialAction":[{"@type":"SearchAction","target":{"@type":"EntryPoint","urlTemplate":"https:\/\/rls-wacon.de\/?s={search_term_string}"},"query-input":{"@type":"PropertyValueSpecification","valueRequired":true,"valueName":"search_term_string"}}],"inLanguage":"pt-BR"},{"@type":"Organization","@id":"https:\/\/rls-wacon.de\/#organization","name":"RLS Wacon analytics GmbH","url":"https:\/\/rls-wacon.de\/","logo":{"@type":"ImageObject","inLanguage":"pt-BR","@id":"https:\/\/rls-wacon.de\/#\/schema\/logo\/image\/","url":"https:\/\/rls-wacon.de\/wp-content\/uploads\/2022\/10\/RLSWacon-analytics-Logo-BR-RZ-9_17-768x1591.png","contentUrl":"https:\/\/rls-wacon.de\/wp-content\/uploads\/2022\/10\/RLSWacon-analytics-Logo-BR-RZ-9_17-768x1591.png","width":768,"height":159,"caption":"RLS Wacon analytics GmbH"},"image":{"@id":"https:\/\/rls-wacon.de\/#\/schema\/logo\/image\/"}}]}},"_links":{"self":[{"href":"https:\/\/rls-wacon.de\/pt-br\/wp-json\/wp\/v2\/pages\/12642","targetHints":{"allow":["GET"]}}],"collection":[{"href":"https:\/\/rls-wacon.de\/pt-br\/wp-json\/wp\/v2\/pages"}],"about":[{"href":"https:\/\/rls-wacon.de\/pt-br\/wp-json\/wp\/v2\/types\/page"}],"author":[{"embeddable":true,"href":"https:\/\/rls-wacon.de\/pt-br\/wp-json\/wp\/v2\/users\/2"}],"replies":[{"embeddable":true,"href":"https:\/\/rls-wacon.de\/pt-br\/wp-json\/wp\/v2\/comments?post=12642"}],"version-history":[{"count":2,"href":"https:\/\/rls-wacon.de\/pt-br\/wp-json\/wp\/v2\/pages\/12642\/revisions"}],"predecessor-version":[{"id":22742,"href":"https:\/\/rls-wacon.de\/pt-br\/wp-json\/wp\/v2\/pages\/12642\/revisions\/22742"}],"wp:attachment":[{"href":"https:\/\/rls-wacon.de\/pt-br\/wp-json\/wp\/v2\/media?parent=12642"}],"curies":[{"name":"wp","href":"https:\/\/api.w.org\/{rel}","templated":true}]}}