{"id":12646,"date":"2024-04-03T11:55:21","date_gmt":"2024-04-03T09:55:21","guid":{"rendered":"https:\/\/new.rls-wacon.de\/certificados\/"},"modified":"2025-08-13T15:54:42","modified_gmt":"2025-08-13T13:54:42","slug":"certificados","status":"publish","type":"page","link":"https:\/\/rls-wacon.de\/pt-br\/certificados\/","title":{"rendered":"Certificados"},"content":{"rendered":"\t\t<div data-elementor-type=\"wp-page\" data-elementor-id=\"12646\" class=\"elementor elementor-12646 elementor-9965\" wpc-filter-elementor-widget=\"1\" data-elementor-post-type=\"page\">\n\t\t\t\t<div class=\"elementor-element elementor-element-8f9cc7a e-con-full e-flex e-con e-parent\" data-id=\"8f9cc7a\" data-element_type=\"container\" data-e-type=\"container\" data-settings=\"{&quot;background_background&quot;:&quot;classic&quot;}\">\n\t\t<div class=\"elementor-element elementor-element-506ceb7 e-con-full e-flex e-con e-child\" data-id=\"506ceb7\" data-element_type=\"container\" data-e-type=\"container\" data-settings=\"{&quot;background_background&quot;:&quot;classic&quot;}\">\n\t\t\t\t<div class=\"elementor-element elementor-element-88ee8b0 elementor-widget elementor-widget-heading\" data-id=\"88ee8b0\" data-element_type=\"widget\" data-e-type=\"widget\" data-widget_type=\"heading.default\">\n\t\t\t\t\t<h1 class=\"elementor-heading-title elementor-size-default\">Associa\u00e7\u00f5es<\/h1>\t\t\t\t<\/div>\n\t\t\t\t<\/div>\n\t\t\t\t<\/div>\n\t\t<div class=\"elementor-element elementor-element-f4ac313 e-con-full e-flex e-con e-parent\" data-id=\"f4ac313\" data-element_type=\"container\" data-e-type=\"container\" data-settings=\"{&quot;background_background&quot;:&quot;classic&quot;}\">\n\t\t<div class=\"elementor-element elementor-element-82dbf3b e-con-full e-flex e-con e-child\" data-id=\"82dbf3b\" data-element_type=\"container\" data-e-type=\"container\">\n\t\t\t\t<div class=\"elementor-element elementor-element-f40dfad aboutus-img elementor-widget elementor-widget-image\" data-id=\"f40dfad\" data-element_type=\"widget\" data-e-type=\"widget\" data-widget_type=\"image.default\">\n\t\t\t\t\t\t\t\t\t\t\t\t\t\t\t<img fetchpriority=\"high\" decoding=\"async\" width=\"768\" height=\"505\" src=\"https:\/\/rls-wacon.de\/wp-content\/uploads\/2024\/02\/Logo_Verband_Deutscher_Maschinen-_und_Anlagenbau.svg-768x505.png\" class=\"attachment-medium_large size-medium_large wp-image-12849\" alt=\"Logo_Verband_Deutscher_Maschinen-_und_Anlagenbau.svg\" srcset=\"https:\/\/rls-wacon.de\/wp-content\/uploads\/2024\/02\/Logo_Verband_Deutscher_Maschinen-_und_Anlagenbau.svg-768x505.png 768w, https:\/\/rls-wacon.de\/wp-content\/uploads\/2024\/02\/Logo_Verband_Deutscher_Maschinen-_und_Anlagenbau.svg-300x197.png 300w, https:\/\/rls-wacon.de\/wp-content\/uploads\/2024\/02\/Logo_Verband_Deutscher_Maschinen-_und_Anlagenbau.svg-1024x673.png 1024w, https:\/\/rls-wacon.de\/wp-content\/uploads\/2024\/02\/Logo_Verband_Deutscher_Maschinen-_und_Anlagenbau.svg-1536x1009.png 1536w, https:\/\/rls-wacon.de\/wp-content\/uploads\/2024\/02\/Logo_Verband_Deutscher_Maschinen-_und_Anlagenbau.svg-2048x1346.png 2048w, https:\/\/rls-wacon.de\/wp-content\/uploads\/2024\/02\/Logo_Verband_Deutscher_Maschinen-_und_Anlagenbau.svg-600x394.png 600w\" sizes=\"(max-width: 768px) 100vw, 768px\" \/>\t\t\t\t\t\t\t\t\t\t\t\t\t\t\t<\/div>\n\t\t\t\t<div class=\"elementor-element elementor-element-afae1b3 elementor-widget elementor-widget-text-editor\" data-id=\"afae1b3\" data-element_type=\"widget\" data-e-type=\"widget\" data-widget_type=\"text-editor.default\">\n\t\t\t\t\t\t\t\t\t<p>Com mais de 3.500 membros, a VDMA \u00e9 a maior associa\u00e7\u00e3o de redes e uma importante voz do setor de engenharia mec\u00e2nica na Alemanha e na Europa. A associa\u00e7\u00e3o representa os interesses econ\u00f4micos, t\u00e9cnicos e cient\u00edficos comuns desse setor altamente relevante do ponto de vista econ\u00f4mico e social.<\/p>\t\t\t\t\t\t\t\t<\/div>\n\t\t\t\t<\/div>\n\t\t<div class=\"elementor-element elementor-element-2aad800 e-con-full e-flex e-con e-child\" data-id=\"2aad800\" data-element_type=\"container\" data-e-type=\"container\">\n\t\t\t\t<div class=\"elementor-element elementor-element-19dc4bf aboutus-img elementor-widget elementor-widget-image\" data-id=\"19dc4bf\" data-element_type=\"widget\" data-e-type=\"widget\" data-widget_type=\"image.default\">\n\t\t\t\t\t\t\t\t\t\t\t\t\t\t\t<img decoding=\"async\" width=\"800\" height=\"260\" src=\"https:\/\/rls-wacon.de\/wp-content\/uploads\/2023\/03\/GermanWaterPartnership-Logo.gif\" class=\"attachment-full size-full wp-image-5641\" alt=\"GermanWaterPartnership-Logo\" \/>\t\t\t\t\t\t\t\t\t\t\t\t\t\t\t<\/div>\n\t\t\t\t<div class=\"elementor-element elementor-element-f3d332c elementor-widget elementor-widget-text-editor\" data-id=\"f3d332c\" data-element_type=\"widget\" data-e-type=\"widget\" data-widget_type=\"text-editor.default\">\n\t\t\t\t\t\t\t\t\t<p>A rede da German Water Partnership GWP re\u00fane empresas p\u00fablicas e privadas, associa\u00e7\u00f5es comerciais e institui\u00e7\u00f5es p\u00fablicas. Juntamente com mais de 300 outros membros, a RLS Wacon Analytics representa o setor de \u00e1gua alem\u00e3o em competi\u00e7\u00f5es internacionais sob a marca GWP. <\/p>\t\t\t\t\t\t\t\t<\/div>\n\t\t\t\t<\/div>\n\t\t\t\t<\/div>\n\t\t<div class=\"elementor-element elementor-element-2ac4e41 e-con-full e-flex e-con e-parent\" data-id=\"2ac4e41\" data-element_type=\"container\" data-e-type=\"container\" data-settings=\"{&quot;background_background&quot;:&quot;classic&quot;}\">\n\t\t<div class=\"elementor-element elementor-element-b5c22f4 e-con-full e-flex e-con e-child\" data-id=\"b5c22f4\" data-element_type=\"container\" data-e-type=\"container\">\n\t\t\t\t<div class=\"elementor-element elementor-element-80642f8 aboutus-img elementor-widget elementor-widget-image\" data-id=\"80642f8\" data-element_type=\"widget\" data-e-type=\"widget\" data-widget_type=\"image.default\">\n\t\t\t\t\t\t\t\t\t\t\t\t\t\t\t<img decoding=\"async\" width=\"768\" height=\"237\" src=\"https:\/\/rls-wacon.de\/wp-content\/uploads\/2024\/08\/Steam_NetworkUK_logo-768x237.jpg\" class=\"attachment-medium_large size-medium_large wp-image-16784\" alt=\"Steam_NetworkUK_logo\" srcset=\"https:\/\/rls-wacon.de\/wp-content\/uploads\/2024\/08\/Steam_NetworkUK_logo-768x237.jpg 768w, https:\/\/rls-wacon.de\/wp-content\/uploads\/2024\/08\/Steam_NetworkUK_logo-300x93.jpg 300w, https:\/\/rls-wacon.de\/wp-content\/uploads\/2024\/08\/Steam_NetworkUK_logo-1024x316.jpg 1024w, https:\/\/rls-wacon.de\/wp-content\/uploads\/2024\/08\/Steam_NetworkUK_logo-1536x474.jpg 1536w, https:\/\/rls-wacon.de\/wp-content\/uploads\/2024\/08\/Steam_NetworkUK_logo-2048x632.jpg 2048w, https:\/\/rls-wacon.de\/wp-content\/uploads\/2024\/08\/Steam_NetworkUK_logo-600x185.jpg 600w\" sizes=\"(max-width: 768px) 100vw, 768px\" \/>\t\t\t\t\t\t\t\t\t\t\t\t\t\t\t<\/div>\n\t\t\t\t<div class=\"elementor-element elementor-element-261ffad elementor-widget elementor-widget-text-editor\" data-id=\"261ffad\" data-element_type=\"widget\" data-e-type=\"widget\" data-widget_type=\"text-editor.default\">\n\t\t\t\t\t\t\t\t\t<p>A Steam Network UK \u00e9 uma jovem rede industrial para empresas do setor de caldeiras a vapor, cujo objetivo \u00e9 conectar os principais fabricantes, prestadores de servi\u00e7os e fornecedores do Reino Unido e de outros pa\u00edses.<\/p>\t\t\t\t\t\t\t\t<\/div>\n\t\t\t\t<\/div>\n\t\t\t\t<\/div>\n\t\t<div class=\"elementor-element elementor-element-ee0c8db e-con-full e-flex e-con e-parent\" data-id=\"ee0c8db\" data-element_type=\"container\" data-e-type=\"container\" data-settings=\"{&quot;background_background&quot;:&quot;classic&quot;}\">\n\t\t<div class=\"elementor-element elementor-element-4864855 e-con-full e-flex e-con e-child\" data-id=\"4864855\" data-element_type=\"container\" data-e-type=\"container\" data-settings=\"{&quot;background_background&quot;:&quot;classic&quot;}\">\n\t\t\t\t<div class=\"elementor-element elementor-element-6d66cba elementor-widget elementor-widget-heading\" data-id=\"6d66cba\" data-element_type=\"widget\" data-e-type=\"widget\" data-widget_type=\"heading.default\">\n\t\t\t\t\t<h1 class=\"elementor-heading-title elementor-size-default\">Certificados<\/h1>\t\t\t\t<\/div>\n\t\t\t\t<\/div>\n\t\t\t\t<\/div>\n\t\t<div class=\"elementor-element elementor-element-54bcea0 e-con-full e-flex e-con e-parent\" data-id=\"54bcea0\" data-element_type=\"container\" data-e-type=\"container\" data-settings=\"{&quot;background_background&quot;:&quot;classic&quot;}\">\n\t\t\t\t<div class=\"elementor-element elementor-element-291f244 elementor-widget elementor-widget-text-editor\" data-id=\"291f244\" data-element_type=\"widget\" data-e-type=\"widget\" data-widget_type=\"text-editor.default\">\n\t\t\t\t\t\t\t\t\t<p>Al\u00e9m das autoriza\u00e7\u00f5es exigidas por lei, alguns produtos requerem certifica\u00e7\u00e3o adicional. Temos muitos anos de experi\u00eancia na aprova\u00e7\u00e3o de sensores que s\u00e3o testados por tipo e usados em aplica\u00e7\u00f5es relevantes para a seguran\u00e7a, entre outras coisas. Al\u00e9m da aprova\u00e7\u00e3o \u00fanica em um laborat\u00f3rio externo credenciado, esses certificados tamb\u00e9m exigem inspe\u00e7\u00f5es regulares no local. <\/p>\t\t\t\t\t\t\t\t<\/div>\n\t\t\t\t<\/div>\n\t\t<div class=\"elementor-element elementor-element-6bdd448 e-con-full e-flex e-con e-parent\" data-id=\"6bdd448\" data-element_type=\"container\" data-e-type=\"container\" data-settings=\"{&quot;background_background&quot;:&quot;classic&quot;}\">\n\t\t<div class=\"elementor-element elementor-element-ecf2fcb e-con-full e-flex e-con e-child\" data-id=\"ecf2fcb\" data-element_type=\"container\" data-e-type=\"container\">\n\t\t\t\t<div class=\"elementor-element elementor-element-3f07fff cert-img elementor-widget elementor-widget-image\" data-id=\"3f07fff\" data-element_type=\"widget\" data-e-type=\"widget\" data-widget_type=\"image.default\">\n\t\t\t\t\t\t\t\t\t\t\t\t\t\t\t<img loading=\"lazy\" decoding=\"async\" width=\"909\" height=\"1286\" src=\"https:\/\/rls-wacon.de\/wp-content\/uploads\/2024\/07\/ISO9001.webp\" class=\"attachment-full size-full wp-image-14967\" alt=\"Certificados\" \/>\t\t\t\t\t\t\t\t\t\t\t\t\t\t\t<\/div>\n\t\t\t\t<div class=\"elementor-element elementor-element-e58a4cd elementor-widget elementor-widget-heading\" data-id=\"e58a4cd\" data-element_type=\"widget\" data-e-type=\"widget\" data-widget_type=\"heading.default\">\n\t\t\t\t\t<h4 class=\"elementor-heading-title elementor-size-default\">Sistema de gerenciamento DIN EN ISO 9001  <\/h4>\t\t\t\t<\/div>\n\t\t\t\t<div class=\"elementor-element elementor-element-766e2aa elementor-widget elementor-widget-text-editor\" data-id=\"766e2aa\" data-element_type=\"widget\" data-e-type=\"widget\" data-widget_type=\"text-editor.default\">\n\t\t\t\t\t\t\t\t\t<p>Nossa empresa \u00e9 certificada de acordo com os padr\u00f5es de gerenciamento de qualidade DIN EN ISO 9001. Esse reconhecimento enfatiza nosso compromisso com os mais altos padr\u00f5es de qualidade e com a melhoria cont\u00ednua em todas as \u00e1reas de nossa empresa. Os clientes podem ter certeza de que nossos servi\u00e7os sempre atendem aos requisitos exigentes desse padr\u00e3o internacional.  <\/p>\t\t\t\t\t\t\t\t<\/div>\n\t\t\t\t<\/div>\n\t\t<div class=\"elementor-element elementor-element-39646e1 e-con-full e-flex e-con e-child\" data-id=\"39646e1\" data-element_type=\"container\" data-e-type=\"container\">\n\t\t\t\t<div class=\"elementor-element elementor-element-5e30489 cert-img elementor-widget elementor-widget-image\" data-id=\"5e30489\" data-element_type=\"widget\" data-e-type=\"widget\" data-widget_type=\"image.default\">\n\t\t\t\t\t\t\t\t\t\t\t\t\t\t\t<img loading=\"lazy\" decoding=\"async\" width=\"724\" height=\"1024\" src=\"https:\/\/rls-wacon.de\/wp-content\/uploads\/2024\/04\/Wasserueberwachungseinrichtung-WUeV100-724x1024-1.webp\" class=\"attachment-full size-full wp-image-10362\" alt=\"Certificados\" srcset=\"https:\/\/rls-wacon.de\/wp-content\/uploads\/2024\/04\/Wasserueberwachungseinrichtung-WUeV100-724x1024-1.webp 724w, https:\/\/rls-wacon.de\/wp-content\/uploads\/2024\/04\/Wasserueberwachungseinrichtung-WUeV100-724x1024-1-212x300.webp 212w, https:\/\/rls-wacon.de\/wp-content\/uploads\/2024\/04\/Wasserueberwachungseinrichtung-WUeV100-724x1024-1-300x424.webp 300w, https:\/\/rls-wacon.de\/wp-content\/uploads\/2024\/04\/Wasserueberwachungseinrichtung-WUeV100-724x1024-1-600x849.webp 600w\" sizes=\"(max-width: 724px) 100vw, 724px\" \/>\t\t\t\t\t\t\t\t\t\t\t\t\t\t\t<\/div>\n\t\t\t\t<div class=\"elementor-element elementor-element-80ab27e elementor-widget elementor-widget-heading\" data-id=\"80ab27e\" data-element_type=\"widget\" data-e-type=\"widget\" data-widget_type=\"heading.default\">\n\t\t\t\t\t<h4 class=\"elementor-heading-title elementor-size-default\">Dispositivo de monitoramento de \u00e1gua  <\/h4>\t\t\t\t<\/div>\n\t\t\t\t<div class=\"elementor-element elementor-element-533ef9d elementor-widget elementor-widget-text-editor\" data-id=\"533ef9d\" data-element_type=\"widget\" data-e-type=\"widget\" data-widget_type=\"text-editor.default\">\n\t\t\t\t\t\t\t\t\t<p>Nosso analisador SYCON BOB \u00e9 certificado de acordo com os padr\u00f5es da folha de teste de componentes WAUE (Water Monitoring Equipment) 0009 para equipamentos de monitoramento de \u00e1gua com teste de tipo. Isso o torna ideal para opera\u00e7\u00f5es de caldeiras a vapor com altos requisitos de monitoramento de \u00e1gua. <\/p>\t\t\t\t\t\t\t\t<\/div>\n\t\t\t\t<\/div>\n\t\t\t\t<\/div>\n\t\t<div class=\"elementor-element elementor-element-228e277 e-flex e-con-boxed e-con e-parent\" data-id=\"228e277\" data-element_type=\"container\" data-e-type=\"container\" data-settings=\"{&quot;background_background&quot;:&quot;classic&quot;,&quot;shape_divider_bottom&quot;:&quot;mountains&quot;}\">\n\t\t\t\t\t<div class=\"e-con-inner\">\n\t\t\t\t<div class=\"elementor-shape elementor-shape-bottom\" aria-hidden=\"true\" data-negative=\"false\">\n\t\t\t<svg xmlns=\"http:\/\/www.w3.org\/2000\/svg\" viewBox=\"0 0 1000 100\" preserveAspectRatio=\"none\">\n\t<path class=\"elementor-shape-fill\" opacity=\"0.33\" d=\"M473,67.3c-203.9,88.3-263.1-34-320.3,0C66,119.1,0,59.7,0,59.7V0h1000v59.7 c0,0-62.1,26.1-94.9,29.3c-32.8,3.3-62.8-12.3-75.8-22.1C806,49.6,745.3,8.7,694.9,4.7S492.4,59,473,67.3z\"\/>\n\t<path class=\"elementor-shape-fill\" opacity=\"0.66\" d=\"M734,67.3c-45.5,0-77.2-23.2-129.1-39.1c-28.6-8.7-150.3-10.1-254,39.1 s-91.7-34.4-149.2,0C115.7,118.3,0,39.8,0,39.8V0h1000v36.5c0,0-28.2-18.5-92.1-18.5C810.2,18.1,775.7,67.3,734,67.3z\"\/>\n\t<path class=\"elementor-shape-fill\" d=\"M766.1,28.9c-200-57.5-266,65.5-395.1,19.5C242,1.8,242,5.4,184.8,20.6C128,35.8,132.3,44.9,89.9,52.5C28.6,63.7,0,0,0,0 h1000c0,0-9.9,40.9-83.6,48.1S829.6,47,766.1,28.9z\"\/>\n<\/svg>\t\t<\/div>\n\t\t\t\t<div class=\"elementor-element elementor-element-f731d43 elementor-widget elementor-widget-spacer\" data-id=\"f731d43\" data-element_type=\"widget\" data-e-type=\"widget\" data-widget_type=\"spacer.default\">\n\t\t\t\t\t\t\t<div class=\"elementor-spacer\">\n\t\t\t<div class=\"elementor-spacer-inner\"><\/div>\n\t\t<\/div>\n\t\t\t\t\t\t<\/div>\n\t\t\t\t\t<\/div>\n\t\t\t\t<\/div>\n\t\t\t\t<\/div>\n\t\t","protected":false},"excerpt":{"rendered":"<p>Associa\u00e7\u00f5es Com mais de 3.500 membros, a VDMA \u00e9 a maior associa\u00e7\u00e3o de redes e uma importante voz do setor de engenharia mec\u00e2nica na Alemanha e na Europa. A associa\u00e7\u00e3o representa os interesses econ\u00f4micos, t\u00e9cnicos e cient\u00edficos comuns desse setor altamente relevante do ponto de vista econ\u00f4mico e social. A rede da German Water Partnership [&hellip;]<\/p>\n","protected":false},"author":2,"featured_media":0,"parent":0,"menu_order":0,"comment_status":"closed","ping_status":"closed","template":"","meta":{"_acf_changed":false,"footnotes":""},"class_list":["post-12646","page","type-page","status-publish","hentry"],"acf":[],"yoast_head":"<!-- This site is optimized with the Yoast SEO Premium plugin v27.3 (Yoast SEO v27.3) - https:\/\/yoast.com\/product\/yoast-seo-premium-wordpress\/ -->\n<title>Certificados - RLS Wacon analytics<\/title>\n<meta name=\"description\" content=\"Aqui voc\u00ea pode obter uma vis\u00e3o dos certificados e associa\u00e7\u00f5es da RLS Wacon analytics GmbH.\" \/>\n<meta name=\"robots\" content=\"index, follow, max-snippet:-1, max-image-preview:large, max-video-preview:-1\" \/>\n<link rel=\"canonical\" href=\"https:\/\/rls-wacon.de\/zertifikate\/\" \/>\n<meta property=\"og:locale\" content=\"pt_BR\" \/>\n<meta property=\"og:type\" content=\"article\" \/>\n<meta property=\"og:title\" content=\"Certificados\" \/>\n<meta property=\"og:description\" content=\"Aqui voc\u00ea pode obter uma vis\u00e3o dos certificados e associa\u00e7\u00f5es da RLS Wacon analytics GmbH.\" \/>\n<meta property=\"og:url\" content=\"https:\/\/rls-wacon.de\/zertifikate\/\" \/>\n<meta property=\"og:site_name\" content=\"RLS Wacon analytics\" \/>\n<meta property=\"article:modified_time\" content=\"2025-08-13T13:54:42+00:00\" \/>\n<meta property=\"og:image\" content=\"https:\/\/rls-wacon.de\/wp-content\/uploads\/2024\/02\/Logo_Verband_Deutscher_Maschinen-_und_Anlagenbau.svg.webp\" \/>\n\t<meta property=\"og:image:width\" content=\"1920\" \/>\n\t<meta property=\"og:image:height\" content=\"1262\" \/>\n\t<meta property=\"og:image:type\" content=\"image\/webp\" \/>\n<meta name=\"twitter:card\" content=\"summary_large_image\" \/>\n<meta name=\"twitter:label1\" content=\"Est. tempo de leitura\" \/>\n\t<meta name=\"twitter:data1\" content=\"2 minutos\" \/>\n<script type=\"application\/ld+json\" class=\"yoast-schema-graph\">{\"@context\":\"https:\\\/\\\/schema.org\",\"@graph\":[{\"@type\":\"WebPage\",\"@id\":\"https:\\\/\\\/rls-wacon.de\\\/zertifikate\\\/\",\"url\":\"https:\\\/\\\/rls-wacon.de\\\/zertifikate\\\/\",\"name\":\"Certificados - RLS Wacon analytics\",\"isPartOf\":{\"@id\":\"https:\\\/\\\/rls-wacon.de\\\/#website\"},\"primaryImageOfPage\":{\"@id\":\"https:\\\/\\\/rls-wacon.de\\\/zertifikate\\\/#primaryimage\"},\"image\":{\"@id\":\"https:\\\/\\\/rls-wacon.de\\\/zertifikate\\\/#primaryimage\"},\"thumbnailUrl\":\"https:\\\/\\\/rls-wacon.de\\\/wp-content\\\/uploads\\\/2024\\\/02\\\/Logo_Verband_Deutscher_Maschinen-_und_Anlagenbau.svg-768x505.png\",\"datePublished\":\"2024-04-03T09:55:21+00:00\",\"dateModified\":\"2025-08-13T13:54:42+00:00\",\"description\":\"Aqui voc\u00ea pode obter uma vis\u00e3o dos certificados e associa\u00e7\u00f5es da RLS Wacon analytics GmbH.\",\"breadcrumb\":{\"@id\":\"https:\\\/\\\/rls-wacon.de\\\/zertifikate\\\/#breadcrumb\"},\"inLanguage\":\"pt-BR\",\"potentialAction\":[{\"@type\":\"ReadAction\",\"target\":[\"https:\\\/\\\/rls-wacon.de\\\/zertifikate\\\/\"]}]},{\"@type\":\"ImageObject\",\"inLanguage\":\"pt-BR\",\"@id\":\"https:\\\/\\\/rls-wacon.de\\\/zertifikate\\\/#primaryimage\",\"url\":\"https:\\\/\\\/rls-wacon.de\\\/wp-content\\\/uploads\\\/2024\\\/02\\\/Logo_Verband_Deutscher_Maschinen-_und_Anlagenbau.svg-768x505.png\",\"contentUrl\":\"https:\\\/\\\/rls-wacon.de\\\/wp-content\\\/uploads\\\/2024\\\/02\\\/Logo_Verband_Deutscher_Maschinen-_und_Anlagenbau.svg-768x505.png\"},{\"@type\":\"BreadcrumbList\",\"@id\":\"https:\\\/\\\/rls-wacon.de\\\/zertifikate\\\/#breadcrumb\",\"itemListElement\":[{\"@type\":\"ListItem\",\"position\":1,\"name\":\"Startseite\",\"item\":\"https:\\\/\\\/rls-wacon.de\\\/pt-br\\\/\"},{\"@type\":\"ListItem\",\"position\":2,\"name\":\"Certificados\"}]},{\"@type\":\"WebSite\",\"@id\":\"https:\\\/\\\/rls-wacon.de\\\/#website\",\"url\":\"https:\\\/\\\/rls-wacon.de\\\/\",\"name\":\"RLS Wacon analytics GmbH\",\"description\":\"Experts for water monitoring\",\"publisher\":{\"@id\":\"https:\\\/\\\/rls-wacon.de\\\/#organization\"},\"potentialAction\":[{\"@type\":\"SearchAction\",\"target\":{\"@type\":\"EntryPoint\",\"urlTemplate\":\"https:\\\/\\\/rls-wacon.de\\\/?s={search_term_string}\"},\"query-input\":{\"@type\":\"PropertyValueSpecification\",\"valueRequired\":true,\"valueName\":\"search_term_string\"}}],\"inLanguage\":\"pt-BR\"},{\"@type\":\"Organization\",\"@id\":\"https:\\\/\\\/rls-wacon.de\\\/#organization\",\"name\":\"RLS Wacon analytics GmbH\",\"url\":\"https:\\\/\\\/rls-wacon.de\\\/\",\"logo\":{\"@type\":\"ImageObject\",\"inLanguage\":\"pt-BR\",\"@id\":\"https:\\\/\\\/rls-wacon.de\\\/#\\\/schema\\\/logo\\\/image\\\/\",\"url\":\"https:\\\/\\\/rls-wacon.de\\\/wp-content\\\/uploads\\\/2022\\\/10\\\/RLSWacon-analytics-Logo-BR-RZ-9_17-768x1591.png\",\"contentUrl\":\"https:\\\/\\\/rls-wacon.de\\\/wp-content\\\/uploads\\\/2022\\\/10\\\/RLSWacon-analytics-Logo-BR-RZ-9_17-768x1591.png\",\"width\":768,\"height\":159,\"caption\":\"RLS Wacon analytics GmbH\"},\"image\":{\"@id\":\"https:\\\/\\\/rls-wacon.de\\\/#\\\/schema\\\/logo\\\/image\\\/\"}}]}<\/script>\n<!-- \/ Yoast SEO Premium plugin. -->","yoast_head_json":{"title":"Certificados - RLS Wacon analytics","description":"Aqui voc\u00ea pode obter uma vis\u00e3o dos certificados e associa\u00e7\u00f5es da RLS Wacon analytics GmbH.","robots":{"index":"index","follow":"follow","max-snippet":"max-snippet:-1","max-image-preview":"max-image-preview:large","max-video-preview":"max-video-preview:-1"},"canonical":"https:\/\/rls-wacon.de\/zertifikate\/","og_locale":"pt_BR","og_type":"article","og_title":"Certificados","og_description":"Aqui voc\u00ea pode obter uma vis\u00e3o dos certificados e associa\u00e7\u00f5es da RLS Wacon analytics GmbH.","og_url":"https:\/\/rls-wacon.de\/zertifikate\/","og_site_name":"RLS Wacon analytics","article_modified_time":"2025-08-13T13:54:42+00:00","og_image":[{"width":1920,"height":1262,"url":"https:\/\/rls-wacon.de\/wp-content\/uploads\/2024\/02\/Logo_Verband_Deutscher_Maschinen-_und_Anlagenbau.svg.webp","type":"image\/webp"}],"twitter_card":"summary_large_image","twitter_misc":{"Est. tempo de leitura":"2 minutos"},"schema":{"@context":"https:\/\/schema.org","@graph":[{"@type":"WebPage","@id":"https:\/\/rls-wacon.de\/zertifikate\/","url":"https:\/\/rls-wacon.de\/zertifikate\/","name":"Certificados - RLS Wacon analytics","isPartOf":{"@id":"https:\/\/rls-wacon.de\/#website"},"primaryImageOfPage":{"@id":"https:\/\/rls-wacon.de\/zertifikate\/#primaryimage"},"image":{"@id":"https:\/\/rls-wacon.de\/zertifikate\/#primaryimage"},"thumbnailUrl":"https:\/\/rls-wacon.de\/wp-content\/uploads\/2024\/02\/Logo_Verband_Deutscher_Maschinen-_und_Anlagenbau.svg-768x505.png","datePublished":"2024-04-03T09:55:21+00:00","dateModified":"2025-08-13T13:54:42+00:00","description":"Aqui voc\u00ea pode obter uma vis\u00e3o dos certificados e associa\u00e7\u00f5es da RLS Wacon analytics GmbH.","breadcrumb":{"@id":"https:\/\/rls-wacon.de\/zertifikate\/#breadcrumb"},"inLanguage":"pt-BR","potentialAction":[{"@type":"ReadAction","target":["https:\/\/rls-wacon.de\/zertifikate\/"]}]},{"@type":"ImageObject","inLanguage":"pt-BR","@id":"https:\/\/rls-wacon.de\/zertifikate\/#primaryimage","url":"https:\/\/rls-wacon.de\/wp-content\/uploads\/2024\/02\/Logo_Verband_Deutscher_Maschinen-_und_Anlagenbau.svg-768x505.png","contentUrl":"https:\/\/rls-wacon.de\/wp-content\/uploads\/2024\/02\/Logo_Verband_Deutscher_Maschinen-_und_Anlagenbau.svg-768x505.png"},{"@type":"BreadcrumbList","@id":"https:\/\/rls-wacon.de\/zertifikate\/#breadcrumb","itemListElement":[{"@type":"ListItem","position":1,"name":"Startseite","item":"https:\/\/rls-wacon.de\/pt-br\/"},{"@type":"ListItem","position":2,"name":"Certificados"}]},{"@type":"WebSite","@id":"https:\/\/rls-wacon.de\/#website","url":"https:\/\/rls-wacon.de\/","name":"RLS Wacon analytics GmbH","description":"Experts for water monitoring","publisher":{"@id":"https:\/\/rls-wacon.de\/#organization"},"potentialAction":[{"@type":"SearchAction","target":{"@type":"EntryPoint","urlTemplate":"https:\/\/rls-wacon.de\/?s={search_term_string}"},"query-input":{"@type":"PropertyValueSpecification","valueRequired":true,"valueName":"search_term_string"}}],"inLanguage":"pt-BR"},{"@type":"Organization","@id":"https:\/\/rls-wacon.de\/#organization","name":"RLS Wacon analytics GmbH","url":"https:\/\/rls-wacon.de\/","logo":{"@type":"ImageObject","inLanguage":"pt-BR","@id":"https:\/\/rls-wacon.de\/#\/schema\/logo\/image\/","url":"https:\/\/rls-wacon.de\/wp-content\/uploads\/2022\/10\/RLSWacon-analytics-Logo-BR-RZ-9_17-768x1591.png","contentUrl":"https:\/\/rls-wacon.de\/wp-content\/uploads\/2022\/10\/RLSWacon-analytics-Logo-BR-RZ-9_17-768x1591.png","width":768,"height":159,"caption":"RLS Wacon analytics GmbH"},"image":{"@id":"https:\/\/rls-wacon.de\/#\/schema\/logo\/image\/"}}]}},"_links":{"self":[{"href":"https:\/\/rls-wacon.de\/pt-br\/wp-json\/wp\/v2\/pages\/12646","targetHints":{"allow":["GET"]}}],"collection":[{"href":"https:\/\/rls-wacon.de\/pt-br\/wp-json\/wp\/v2\/pages"}],"about":[{"href":"https:\/\/rls-wacon.de\/pt-br\/wp-json\/wp\/v2\/types\/page"}],"author":[{"embeddable":true,"href":"https:\/\/rls-wacon.de\/pt-br\/wp-json\/wp\/v2\/users\/2"}],"replies":[{"embeddable":true,"href":"https:\/\/rls-wacon.de\/pt-br\/wp-json\/wp\/v2\/comments?post=12646"}],"version-history":[{"count":2,"href":"https:\/\/rls-wacon.de\/pt-br\/wp-json\/wp\/v2\/pages\/12646\/revisions"}],"predecessor-version":[{"id":22739,"href":"https:\/\/rls-wacon.de\/pt-br\/wp-json\/wp\/v2\/pages\/12646\/revisions\/22739"}],"wp:attachment":[{"href":"https:\/\/rls-wacon.de\/pt-br\/wp-json\/wp\/v2\/media?parent=12646"}],"curies":[{"name":"wp","href":"https:\/\/api.w.org\/{rel}","templated":true}]}}