{"id":22732,"date":"2024-02-26T16:37:29","date_gmt":"2024-02-26T15:37:29","guid":{"rendered":"https:\/\/rls-wacon.de\/descarte-e-devolucao-de-aparelhos-antigos\/"},"modified":"2025-08-13T15:54:39","modified_gmt":"2025-08-13T13:54:39","slug":"descarte-e-devolucao-de-aparelhos-antigos","status":"publish","type":"page","link":"https:\/\/rls-wacon.de\/pt-br\/descarte-e-devolucao-de-aparelhos-antigos\/","title":{"rendered":"Descarte e devolu\u00e7\u00e3o de aparelhos antigos"},"content":{"rendered":"\t\t<div data-elementor-type=\"wp-page\" data-elementor-id=\"22732\" class=\"elementor elementor-22732 elementor-5263\" wpc-filter-elementor-widget=\"1\" data-elementor-post-type=\"page\">\n\t\t\t\t<div class=\"elementor-element elementor-element-2f569a7 e-con-full e-flex e-con e-parent\" data-id=\"2f569a7\" data-element_type=\"container\" data-e-type=\"container\" data-settings=\"{&quot;background_background&quot;:&quot;classic&quot;}\">\n\t\t<div class=\"elementor-element elementor-element-f88bf74 e-con-full e-flex e-con e-child\" data-id=\"f88bf74\" data-element_type=\"container\" data-e-type=\"container\" data-settings=\"{&quot;background_background&quot;:&quot;classic&quot;}\">\n\t\t\t\t<div class=\"elementor-element elementor-element-a1d3528 elementor-widget elementor-widget-heading\" data-id=\"a1d3528\" data-element_type=\"widget\" data-e-type=\"widget\" data-widget_type=\"heading.default\">\n\t\t\t\t\t<h1 class=\"elementor-heading-title elementor-size-default\">Elimina\u00e7\u00e3o de res\u00edduos<\/h1>\t\t\t\t<\/div>\n\t\t\t\t<\/div>\n\t\t\t\t<\/div>\n\t\t<div class=\"elementor-element elementor-element-4fcf11c e-con-full e-flex e-con e-parent\" data-id=\"4fcf11c\" data-element_type=\"container\" data-e-type=\"container\" data-settings=\"{&quot;background_background&quot;:&quot;classic&quot;}\">\n\t\t\t\t<div class=\"elementor-element elementor-element-b6f5cf0 elementor-widget__width-inherit elementor-widget elementor-widget-image\" data-id=\"b6f5cf0\" data-element_type=\"widget\" data-e-type=\"widget\" data-widget_type=\"image.default\">\n\t\t\t\t\t\t\t\t\t\t\t\t\t\t\t<img fetchpriority=\"high\" decoding=\"async\" width=\"448\" height=\"640\" src=\"https:\/\/rls-wacon.de\/wp-content\/uploads\/2024\/04\/durchgestrichene_muelltonne_mit_balken-fd66d2b4.webp\" class=\"attachment-full size-full wp-image-22733\" alt=\"Entsorgung &amp; Altger\u00e4ter\u00fccknahme\" srcset=\"https:\/\/rls-wacon.de\/wp-content\/uploads\/2024\/04\/durchgestrichene_muelltonne_mit_balken-fd66d2b4.webp 448w, https:\/\/rls-wacon.de\/wp-content\/uploads\/2024\/04\/durchgestrichene_muelltonne_mit_balken-fd66d2b4-210x300.webp 210w, https:\/\/rls-wacon.de\/wp-content\/uploads\/2024\/04\/durchgestrichene_muelltonne_mit_balken-fd66d2b4-300x429.webp 300w\" sizes=\"(max-width: 448px) 100vw, 448px\" \/>\t\t\t\t\t\t\t\t\t\t\t\t\t\t\t<\/div>\n\t\t\t\t<div class=\"elementor-element elementor-element-66c9090 elementor-widget__width-inherit elementor-widget elementor-widget-text-editor\" data-id=\"66c9090\" data-element_type=\"widget\" data-e-type=\"widget\" data-widget_type=\"text-editor.default\">\n\t\t\t\t\t\t\t\t\t<div class=\"uk-panel uk-margin-remove-vertical\"><h5>Um reparo n\u00e3o faz mais sentido?<\/h5><p>Esta p\u00e1gina informa voc\u00ea sobre o procedimento na Uni\u00e3o Europeia com rela\u00e7\u00e3o \u00e0s Diretivas da UE 2002\/96\/EC e 2008\/12\/EC para o descarte ambientalmente correto de um dispositivo el\u00e9trico com uma bateria dentro. O analisador foi projetado como equipamento el\u00e9trico profissional para uso comercial (B2B). As diretivas foram transpostas para a legisla\u00e7\u00e3o nacional nos estados membros e podem diferir localmente em alguns aspectos. Em caso de d\u00favida, entre em contato com a empresa local de descarte de res\u00edduos antes de descartar o analisador.   <\/p><\/div><h5>Descarte da bateria<\/h5><div class=\"uk-panel uk-margin\"><p>Os analisadores com visor cont\u00eam uma bateria CR2032 para armazenar a data, a hora e os par\u00e2metros de status. Ao substituir a bateria, ela n\u00e3o deve ser descartada como lixo municipal. A bateria tamb\u00e9m deve ser removida antes de voc\u00ea devolver o dispositivo para reciclagem. As baterias vazias podem ser entregues em pontos de coleta p\u00fablicos. Como alternativa, a bateria pode ser entregue em qualquer lugar onde voc\u00ea possa comprar uma bateria do mesmo tipo.    <\/p><\/div><p> <\/p>\t\t\t\t\t\t\t\t<\/div>\n\t\t\t\t<\/div>\n\t\t<div class=\"elementor-element elementor-element-bd8c024 e-con-full e-flex e-con e-parent\" data-id=\"bd8c024\" data-element_type=\"container\" data-e-type=\"container\" data-settings=\"{&quot;background_background&quot;:&quot;classic&quot;}\">\n\t\t\t\t<div class=\"elementor-element elementor-element-883fedf elementor-widget__width-inherit elementor-widget elementor-widget-text-editor\" data-id=\"883fedf\" data-element_type=\"widget\" data-e-type=\"widget\" data-widget_type=\"text-editor.default\">\n\t\t\t\t\t\t\t\t\t<h5>Descarte de analisadores retirados de servi\u00e7o<\/h5><div class=\"uk-panel uk-margin\"><p>A obriga\u00e7\u00e3o de descarte do fabricante de aparelhos usados comercialmente se aplica a aparelhos colocados no mercado ap\u00f3s 13 de agosto de 2005.<\/p><p>Os aparelhos el\u00e9tricos identificados com esse s\u00edmbolo n\u00e3o devem ser descartados no lixo municipal. Devolva o dispositivo aos sistemas de descarte e coleta de aparelhos el\u00e9tricos para reciclagem. Como alternativa, voc\u00ea pode devolver os analisadores desativados para n\u00f3s ou para o seu revendedor para descarte.  <\/p><p>Descarte o dispositivo e a bateria separadamente. Por motivos de prote\u00e7\u00e3o de dados, remova ou exclua o cart\u00e3o SD do dispositivo antes de descart\u00e1-lo. <\/p><\/div>\t\t\t\t\t\t\t\t<\/div>\n\t\t\t\t<\/div>\n\t\t<div class=\"elementor-element elementor-element-1f83f6a e-con-full e-flex e-con e-parent\" data-id=\"1f83f6a\" data-element_type=\"container\" data-e-type=\"container\" data-settings=\"{&quot;background_background&quot;:&quot;classic&quot;}\">\n\t\t<div class=\"elementor-element elementor-element-2af8739 e-con-full e-flex e-con e-child\" data-id=\"2af8739\" data-element_type=\"container\" data-e-type=\"container\" data-settings=\"{&quot;background_background&quot;:&quot;classic&quot;}\">\n\t\t\t\t<div class=\"elementor-element elementor-element-e0919a9 elementor-widget elementor-widget-heading\" data-id=\"e0919a9\" data-element_type=\"widget\" data-e-type=\"widget\" data-widget_type=\"heading.default\">\n\t\t\t\t\t<h1 class=\"elementor-heading-title elementor-size-default\">Devolu\u00e7\u00e3o de aparelhos antigos<\/h1>\t\t\t\t<\/div>\n\t\t\t\t<\/div>\n\t\t\t\t<\/div>\n\t\t<div class=\"elementor-element elementor-element-1893bfa e-con-full e-flex e-con e-parent\" data-id=\"1893bfa\" data-element_type=\"container\" data-e-type=\"container\" data-settings=\"{&quot;background_background&quot;:&quot;classic&quot;}\">\n\t\t\t\t<div class=\"elementor-element elementor-element-51df4a7 elementor-widget__width-inherit elementor-widget elementor-widget-text-editor\" data-id=\"51df4a7\" data-element_type=\"widget\" data-e-type=\"widget\" data-widget_type=\"text-editor.default\">\n\t\t\t\t\t\t\t\t\t<h5>Procedimento para envio de analisadores desativados ao fabricante para descarte (RLS Wacon analytics GmbH)<\/h5><div class=\"uk-panel uk-margin\"><p><strong>1. informe-nos antes de enviar seus analisadores desativados<\/strong><br>&#8211; ligando para <a href=\"tel:\/\/+4951212812624\"> +49 (0) 5121 28 126 24<\/a><br>&#8211; enviando um e-mail informal (informando o n\u00famero de s\u00e9rie) para <a href=\"mailto:support@rls-wacon.de\">support@rls-wacon.de<\/a><\/p><p><strong>2. Aguarde uma resposta<\/strong><br>&#8211; No caso de reclama\u00e7\u00f5es de garantia, voc\u00ea receber\u00e1 uma etiqueta de devolu\u00e7\u00e3o gratuita<\/p><p><strong>3. Limpe o dispositivo antes de embal\u00e1-lo<\/strong><br>&#8211; Para a seguran\u00e7a da equipe do servi\u00e7o de transporte e de nossos funcion\u00e1rios, pedimos que voc\u00ea remova aproximadamente os reagentes dos tubos, bombas e c\u00e2maras de medi\u00e7\u00e3o<br>&#8211; Se poss\u00edvel, embale esses componentes afetados em sacos \u00e0 prova de rasgo e \u00e0 prova de l\u00edquidos<\/p><p><strong>4. se poss\u00edvel, use a embalagem original<\/strong><br>&#8211; Se a embalagem original n\u00e3o estiver mais dispon\u00edvel, certifique-se de que ela esteja suficientemente acolchoada<\/p><p><strong>5. etiquete sua remessa com as palavras PARA ELIMINA\u00c7\u00c3O ou RECEP\u00c7\u00c3O DE REEEE<br><\/strong><\/p><p><strong>6. Envie a encomenda para o seguinte endere\u00e7o:<\/strong><br>RLS Wacon analytics GmbH<br>&#8211; Entsorgungsservice<br>Schinkelstr. 11<br>D-31137 Hildesheim <\/p><\/div>\t\t\t\t\t\t\t\t<\/div>\n\t\t\t\t<\/div>\n\t\t<div class=\"elementor-element elementor-element-9d2a2c5 e-flex e-con-boxed e-con e-parent\" data-id=\"9d2a2c5\" data-element_type=\"container\" data-e-type=\"container\" data-settings=\"{&quot;background_background&quot;:&quot;classic&quot;,&quot;shape_divider_bottom&quot;:&quot;mountains&quot;}\">\n\t\t\t\t\t<div class=\"e-con-inner\">\n\t\t\t\t<div class=\"elementor-shape elementor-shape-bottom\" aria-hidden=\"true\" data-negative=\"false\">\n\t\t\t<svg xmlns=\"http:\/\/www.w3.org\/2000\/svg\" viewBox=\"0 0 1000 100\" preserveAspectRatio=\"none\">\n\t<path class=\"elementor-shape-fill\" opacity=\"0.33\" d=\"M473,67.3c-203.9,88.3-263.1-34-320.3,0C66,119.1,0,59.7,0,59.7V0h1000v59.7 c0,0-62.1,26.1-94.9,29.3c-32.8,3.3-62.8-12.3-75.8-22.1C806,49.6,745.3,8.7,694.9,4.7S492.4,59,473,67.3z\"\/>\n\t<path class=\"elementor-shape-fill\" opacity=\"0.66\" d=\"M734,67.3c-45.5,0-77.2-23.2-129.1-39.1c-28.6-8.7-150.3-10.1-254,39.1 s-91.7-34.4-149.2,0C115.7,118.3,0,39.8,0,39.8V0h1000v36.5c0,0-28.2-18.5-92.1-18.5C810.2,18.1,775.7,67.3,734,67.3z\"\/>\n\t<path class=\"elementor-shape-fill\" d=\"M766.1,28.9c-200-57.5-266,65.5-395.1,19.5C242,1.8,242,5.4,184.8,20.6C128,35.8,132.3,44.9,89.9,52.5C28.6,63.7,0,0,0,0 h1000c0,0-9.9,40.9-83.6,48.1S829.6,47,766.1,28.9z\"\/>\n<\/svg>\t\t<\/div>\n\t\t\t\t<div class=\"elementor-element elementor-element-43f0013 elementor-widget elementor-widget-spacer\" data-id=\"43f0013\" data-element_type=\"widget\" data-e-type=\"widget\" data-widget_type=\"spacer.default\">\n\t\t\t\t\t\t\t<div class=\"elementor-spacer\">\n\t\t\t<div class=\"elementor-spacer-inner\"><\/div>\n\t\t<\/div>\n\t\t\t\t\t\t<\/div>\n\t\t\t\t\t<\/div>\n\t\t\t\t<\/div>\n\t\t<div class=\"elementor-element elementor-element-e04ef99 e-con-full e-flex e-con e-parent\" data-id=\"e04ef99\" data-element_type=\"container\" data-e-type=\"container\">\n\t\t<a class=\"elementor-element elementor-element-1ac8c99 e-con-full e-flex e-con e-child\" data-id=\"1ac8c99\" data-element_type=\"container\" data-e-type=\"container\" href=\"https:\/\/rls-wacon.de\/technischer-support\/\">\n\t\t\t\t<div class=\"elementor-element elementor-element-49dfc26 elementor-widget elementor-widget-heading\" data-id=\"49dfc26\" data-element_type=\"widget\" data-e-type=\"widget\" data-widget_type=\"heading.default\">\n\t\t\t\t\t<h2 class=\"elementor-heading-title elementor-size-default\">Suporte t\u00e9cnico<\/h2>\t\t\t\t<\/div>\n\t\t\t\t<div class=\"elementor-element elementor-element-6001c4a elementor-widget-divider--view-line elementor-widget elementor-widget-divider\" data-id=\"6001c4a\" data-element_type=\"widget\" data-e-type=\"widget\" data-widget_type=\"divider.default\">\n\t\t\t\t\t\t\t<div class=\"elementor-divider\">\n\t\t\t<span class=\"elementor-divider-separator\">\n\t\t\t\t\t\t<\/span>\n\t\t<\/div>\n\t\t\t\t\t\t<\/div>\n\t\t\t\t<div class=\"elementor-element elementor-element-612b00c elementor-widget elementor-widget-heading\" data-id=\"612b00c\" data-element_type=\"widget\" data-e-type=\"widget\" data-widget_type=\"heading.default\">\n\t\t\t\t\t<h2 class=\"elementor-heading-title elementor-size-default\">Voc\u00ea precisa de suporte para um de nossos produtos?<br>Entre em contato conosco agora.<\/h2>\t\t\t\t<\/div>\n\t\t\t\t<\/a>\n\t\t<a class=\"elementor-element elementor-element-6a78ad0 e-con-full e-flex e-con e-child\" data-id=\"6a78ad0\" data-element_type=\"container\" data-e-type=\"container\" href=\"https:\/\/rls-wacon.de\/reparaturanfrage\/\">\n\t\t\t\t<div class=\"elementor-element elementor-element-6c21ff2 elementor-widget elementor-widget-heading\" data-id=\"6c21ff2\" data-element_type=\"widget\" data-e-type=\"widget\" data-widget_type=\"heading.default\">\n\t\t\t\t\t<h2 class=\"elementor-heading-title elementor-size-default\">Consulta sobre reparos<\/h2>\t\t\t\t<\/div>\n\t\t\t\t<div class=\"elementor-element elementor-element-870a2f7 elementor-widget-divider--view-line elementor-widget elementor-widget-divider\" data-id=\"870a2f7\" data-element_type=\"widget\" data-e-type=\"widget\" data-widget_type=\"divider.default\">\n\t\t\t\t\t\t\t<div class=\"elementor-divider\">\n\t\t\t<span class=\"elementor-divider-separator\">\n\t\t\t\t\t\t<\/span>\n\t\t<\/div>\n\t\t\t\t\t\t<\/div>\n\t\t\t\t<div class=\"elementor-element elementor-element-96b0384 elementor-widget elementor-widget-heading\" data-id=\"96b0384\" data-element_type=\"widget\" data-e-type=\"widget\" data-widget_type=\"heading.default\">\n\t\t\t\t\t<h2 class=\"elementor-heading-title elementor-size-default\">Voc\u00ea gostaria de ter um de nossos produtos reparado? Para saber mais. <\/h2>\t\t\t\t<\/div>\n\t\t\t\t<\/a>\n\t\t\t\t<\/div>\n\t\t\t\t<\/div>\n\t\t","protected":false},"excerpt":{"rendered":"<p>Elimina\u00e7\u00e3o de res\u00edduos Um reparo n\u00e3o faz mais sentido? Esta p\u00e1gina informa voc\u00ea sobre o procedimento na Uni\u00e3o Europeia com rela\u00e7\u00e3o \u00e0s Diretivas da UE 2002\/96\/EC e 2008\/12\/EC para o descarte ambientalmente correto de um dispositivo el\u00e9trico com uma bateria dentro. O analisador foi projetado como equipamento el\u00e9trico profissional para uso comercial (B2B). As diretivas [&hellip;]<\/p>\n","protected":false},"author":4,"featured_media":0,"parent":0,"menu_order":0,"comment_status":"closed","ping_status":"closed","template":"","meta":{"_acf_changed":false,"footnotes":""},"class_list":["post-22732","page","type-page","status-publish","hentry"],"acf":[],"yoast_head":"<!-- This site is optimized with the Yoast SEO Premium plugin v27.3 (Yoast SEO v27.3) - https:\/\/yoast.com\/product\/yoast-seo-premium-wordpress\/ -->\n<title>Descarte e devolu\u00e7\u00e3o de aparelhos antigos - RLS Wacon analytics<\/title>\n<meta name=\"robots\" content=\"index, follow, max-snippet:-1, max-image-preview:large, max-video-preview:-1\" \/>\n<link rel=\"canonical\" href=\"https:\/\/rls-wacon.de\/altgeraeteruecknahme\/\" \/>\n<meta property=\"og:locale\" content=\"pt_BR\" \/>\n<meta property=\"og:type\" content=\"article\" \/>\n<meta property=\"og:title\" content=\"Descarte e devolu\u00e7\u00e3o de aparelhos antigos\" \/>\n<meta property=\"og:description\" content=\"Elimina\u00e7\u00e3o de res\u00edduos Um reparo n\u00e3o faz mais sentido? Esta p\u00e1gina informa voc\u00ea sobre o procedimento na Uni\u00e3o Europeia com rela\u00e7\u00e3o \u00e0s Diretivas da UE 2002\/96\/EC e 2008\/12\/EC para o descarte ambientalmente correto de um dispositivo el\u00e9trico com uma bateria dentro. O analisador foi projetado como equipamento el\u00e9trico profissional para uso comercial (B2B). As diretivas [&hellip;]\" \/>\n<meta property=\"og:url\" content=\"https:\/\/rls-wacon.de\/altgeraeteruecknahme\/\" \/>\n<meta property=\"og:site_name\" content=\"RLS Wacon analytics\" \/>\n<meta property=\"article:modified_time\" content=\"2025-08-13T13:54:39+00:00\" \/>\n<meta property=\"og:image\" content=\"https:\/\/rls-wacon.de\/wp-content\/uploads\/2024\/04\/durchgestrichene_muelltonne_mit_balken-fd66d2b4.webp\" \/>\n\t<meta property=\"og:image:width\" content=\"448\" \/>\n\t<meta property=\"og:image:height\" content=\"640\" \/>\n\t<meta property=\"og:image:type\" content=\"image\/webp\" \/>\n<meta name=\"twitter:card\" content=\"summary_large_image\" \/>\n<meta name=\"twitter:label1\" content=\"Est. tempo de leitura\" \/>\n\t<meta name=\"twitter:data1\" content=\"2 minutos\" \/>\n<script type=\"application\/ld+json\" class=\"yoast-schema-graph\">{\"@context\":\"https:\\\/\\\/schema.org\",\"@graph\":[{\"@type\":\"WebPage\",\"@id\":\"https:\\\/\\\/rls-wacon.de\\\/altgeraeteruecknahme\\\/\",\"url\":\"https:\\\/\\\/rls-wacon.de\\\/altgeraeteruecknahme\\\/\",\"name\":\"Descarte e devolu\u00e7\u00e3o de aparelhos antigos - RLS Wacon analytics\",\"isPartOf\":{\"@id\":\"https:\\\/\\\/rls-wacon.de\\\/#website\"},\"primaryImageOfPage\":{\"@id\":\"https:\\\/\\\/rls-wacon.de\\\/altgeraeteruecknahme\\\/#primaryimage\"},\"image\":{\"@id\":\"https:\\\/\\\/rls-wacon.de\\\/altgeraeteruecknahme\\\/#primaryimage\"},\"thumbnailUrl\":\"https:\\\/\\\/rls-wacon.de\\\/wp-content\\\/uploads\\\/2024\\\/04\\\/durchgestrichene_muelltonne_mit_balken-fd66d2b4.webp\",\"datePublished\":\"2024-02-26T15:37:29+00:00\",\"dateModified\":\"2025-08-13T13:54:39+00:00\",\"breadcrumb\":{\"@id\":\"https:\\\/\\\/rls-wacon.de\\\/altgeraeteruecknahme\\\/#breadcrumb\"},\"inLanguage\":\"pt-BR\",\"potentialAction\":[{\"@type\":\"ReadAction\",\"target\":[\"https:\\\/\\\/rls-wacon.de\\\/altgeraeteruecknahme\\\/\"]}]},{\"@type\":\"ImageObject\",\"inLanguage\":\"pt-BR\",\"@id\":\"https:\\\/\\\/rls-wacon.de\\\/altgeraeteruecknahme\\\/#primaryimage\",\"url\":\"https:\\\/\\\/rls-wacon.de\\\/wp-content\\\/uploads\\\/2024\\\/04\\\/durchgestrichene_muelltonne_mit_balken-fd66d2b4.webp\",\"contentUrl\":\"https:\\\/\\\/rls-wacon.de\\\/wp-content\\\/uploads\\\/2024\\\/04\\\/durchgestrichene_muelltonne_mit_balken-fd66d2b4.webp\"},{\"@type\":\"BreadcrumbList\",\"@id\":\"https:\\\/\\\/rls-wacon.de\\\/altgeraeteruecknahme\\\/#breadcrumb\",\"itemListElement\":[{\"@type\":\"ListItem\",\"position\":1,\"name\":\"Startseite\",\"item\":\"https:\\\/\\\/rls-wacon.de\\\/pt-br\\\/\"},{\"@type\":\"ListItem\",\"position\":2,\"name\":\"Descarte e devolu\u00e7\u00e3o de aparelhos antigos\"}]},{\"@type\":\"WebSite\",\"@id\":\"https:\\\/\\\/rls-wacon.de\\\/#website\",\"url\":\"https:\\\/\\\/rls-wacon.de\\\/\",\"name\":\"RLS Wacon analytics GmbH\",\"description\":\"Experts for water monitoring\",\"publisher\":{\"@id\":\"https:\\\/\\\/rls-wacon.de\\\/#organization\"},\"potentialAction\":[{\"@type\":\"SearchAction\",\"target\":{\"@type\":\"EntryPoint\",\"urlTemplate\":\"https:\\\/\\\/rls-wacon.de\\\/?s={search_term_string}\"},\"query-input\":{\"@type\":\"PropertyValueSpecification\",\"valueRequired\":true,\"valueName\":\"search_term_string\"}}],\"inLanguage\":\"pt-BR\"},{\"@type\":\"Organization\",\"@id\":\"https:\\\/\\\/rls-wacon.de\\\/#organization\",\"name\":\"RLS Wacon analytics GmbH\",\"url\":\"https:\\\/\\\/rls-wacon.de\\\/\",\"logo\":{\"@type\":\"ImageObject\",\"inLanguage\":\"pt-BR\",\"@id\":\"https:\\\/\\\/rls-wacon.de\\\/#\\\/schema\\\/logo\\\/image\\\/\",\"url\":\"https:\\\/\\\/rls-wacon.de\\\/wp-content\\\/uploads\\\/2022\\\/10\\\/RLSWacon-analytics-Logo-BR-RZ-9_17-768x1591.png\",\"contentUrl\":\"https:\\\/\\\/rls-wacon.de\\\/wp-content\\\/uploads\\\/2022\\\/10\\\/RLSWacon-analytics-Logo-BR-RZ-9_17-768x1591.png\",\"width\":768,\"height\":159,\"caption\":\"RLS Wacon analytics GmbH\"},\"image\":{\"@id\":\"https:\\\/\\\/rls-wacon.de\\\/#\\\/schema\\\/logo\\\/image\\\/\"}}]}<\/script>\n<!-- \/ Yoast SEO Premium plugin. -->","yoast_head_json":{"title":"Descarte e devolu\u00e7\u00e3o de aparelhos antigos - RLS Wacon analytics","robots":{"index":"index","follow":"follow","max-snippet":"max-snippet:-1","max-image-preview":"max-image-preview:large","max-video-preview":"max-video-preview:-1"},"canonical":"https:\/\/rls-wacon.de\/altgeraeteruecknahme\/","og_locale":"pt_BR","og_type":"article","og_title":"Descarte e devolu\u00e7\u00e3o de aparelhos antigos","og_description":"Elimina\u00e7\u00e3o de res\u00edduos Um reparo n\u00e3o faz mais sentido? Esta p\u00e1gina informa voc\u00ea sobre o procedimento na Uni\u00e3o Europeia com rela\u00e7\u00e3o \u00e0s Diretivas da UE 2002\/96\/EC e 2008\/12\/EC para o descarte ambientalmente correto de um dispositivo el\u00e9trico com uma bateria dentro. O analisador foi projetado como equipamento el\u00e9trico profissional para uso comercial (B2B). As diretivas [&hellip;]","og_url":"https:\/\/rls-wacon.de\/altgeraeteruecknahme\/","og_site_name":"RLS Wacon analytics","article_modified_time":"2025-08-13T13:54:39+00:00","og_image":[{"width":448,"height":640,"url":"https:\/\/rls-wacon.de\/wp-content\/uploads\/2024\/04\/durchgestrichene_muelltonne_mit_balken-fd66d2b4.webp","type":"image\/webp"}],"twitter_card":"summary_large_image","twitter_misc":{"Est. tempo de leitura":"2 minutos"},"schema":{"@context":"https:\/\/schema.org","@graph":[{"@type":"WebPage","@id":"https:\/\/rls-wacon.de\/altgeraeteruecknahme\/","url":"https:\/\/rls-wacon.de\/altgeraeteruecknahme\/","name":"Descarte e devolu\u00e7\u00e3o de aparelhos antigos - RLS Wacon analytics","isPartOf":{"@id":"https:\/\/rls-wacon.de\/#website"},"primaryImageOfPage":{"@id":"https:\/\/rls-wacon.de\/altgeraeteruecknahme\/#primaryimage"},"image":{"@id":"https:\/\/rls-wacon.de\/altgeraeteruecknahme\/#primaryimage"},"thumbnailUrl":"https:\/\/rls-wacon.de\/wp-content\/uploads\/2024\/04\/durchgestrichene_muelltonne_mit_balken-fd66d2b4.webp","datePublished":"2024-02-26T15:37:29+00:00","dateModified":"2025-08-13T13:54:39+00:00","breadcrumb":{"@id":"https:\/\/rls-wacon.de\/altgeraeteruecknahme\/#breadcrumb"},"inLanguage":"pt-BR","potentialAction":[{"@type":"ReadAction","target":["https:\/\/rls-wacon.de\/altgeraeteruecknahme\/"]}]},{"@type":"ImageObject","inLanguage":"pt-BR","@id":"https:\/\/rls-wacon.de\/altgeraeteruecknahme\/#primaryimage","url":"https:\/\/rls-wacon.de\/wp-content\/uploads\/2024\/04\/durchgestrichene_muelltonne_mit_balken-fd66d2b4.webp","contentUrl":"https:\/\/rls-wacon.de\/wp-content\/uploads\/2024\/04\/durchgestrichene_muelltonne_mit_balken-fd66d2b4.webp"},{"@type":"BreadcrumbList","@id":"https:\/\/rls-wacon.de\/altgeraeteruecknahme\/#breadcrumb","itemListElement":[{"@type":"ListItem","position":1,"name":"Startseite","item":"https:\/\/rls-wacon.de\/pt-br\/"},{"@type":"ListItem","position":2,"name":"Descarte e devolu\u00e7\u00e3o de aparelhos antigos"}]},{"@type":"WebSite","@id":"https:\/\/rls-wacon.de\/#website","url":"https:\/\/rls-wacon.de\/","name":"RLS Wacon analytics GmbH","description":"Experts for water monitoring","publisher":{"@id":"https:\/\/rls-wacon.de\/#organization"},"potentialAction":[{"@type":"SearchAction","target":{"@type":"EntryPoint","urlTemplate":"https:\/\/rls-wacon.de\/?s={search_term_string}"},"query-input":{"@type":"PropertyValueSpecification","valueRequired":true,"valueName":"search_term_string"}}],"inLanguage":"pt-BR"},{"@type":"Organization","@id":"https:\/\/rls-wacon.de\/#organization","name":"RLS Wacon analytics GmbH","url":"https:\/\/rls-wacon.de\/","logo":{"@type":"ImageObject","inLanguage":"pt-BR","@id":"https:\/\/rls-wacon.de\/#\/schema\/logo\/image\/","url":"https:\/\/rls-wacon.de\/wp-content\/uploads\/2022\/10\/RLSWacon-analytics-Logo-BR-RZ-9_17-768x1591.png","contentUrl":"https:\/\/rls-wacon.de\/wp-content\/uploads\/2022\/10\/RLSWacon-analytics-Logo-BR-RZ-9_17-768x1591.png","width":768,"height":159,"caption":"RLS Wacon analytics GmbH"},"image":{"@id":"https:\/\/rls-wacon.de\/#\/schema\/logo\/image\/"}}]}},"_links":{"self":[{"href":"https:\/\/rls-wacon.de\/pt-br\/wp-json\/wp\/v2\/pages\/22732","targetHints":{"allow":["GET"]}}],"collection":[{"href":"https:\/\/rls-wacon.de\/pt-br\/wp-json\/wp\/v2\/pages"}],"about":[{"href":"https:\/\/rls-wacon.de\/pt-br\/wp-json\/wp\/v2\/types\/page"}],"author":[{"embeddable":true,"href":"https:\/\/rls-wacon.de\/pt-br\/wp-json\/wp\/v2\/users\/4"}],"replies":[{"embeddable":true,"href":"https:\/\/rls-wacon.de\/pt-br\/wp-json\/wp\/v2\/comments?post=22732"}],"version-history":[{"count":1,"href":"https:\/\/rls-wacon.de\/pt-br\/wp-json\/wp\/v2\/pages\/22732\/revisions"}],"predecessor-version":[{"id":22734,"href":"https:\/\/rls-wacon.de\/pt-br\/wp-json\/wp\/v2\/pages\/22732\/revisions\/22734"}],"wp:attachment":[{"href":"https:\/\/rls-wacon.de\/pt-br\/wp-json\/wp\/v2\/media?parent=22732"}],"curies":[{"name":"wp","href":"https:\/\/api.w.org\/{rel}","templated":true}]}}