{"id":22875,"date":"2023-10-24T15:04:34","date_gmt":"2023-10-24T13:04:34","guid":{"rendered":"https:\/\/rls-wacon.de\/produkt\/iluminacao-de-espaco-entre-degraus-sl800\/"},"modified":"2023-10-24T15:04:34","modified_gmt":"2023-10-24T13:04:34","slug":"iluminacao-de-espaco-entre-degraus-sl800","status":"publish","type":"product","link":"https:\/\/rls-wacon.de\/pt-br\/produkt\/iluminacao-de-espaco-entre-degraus-sl800\/","title":{"rendered":"Ilumina\u00e7\u00e3o de espa\u00e7o entre degraus SL800"},"content":{"rendered":"<hr class=\"system-pagebreak\" title=\"Especifica\u00e7\u00f5es\">\n<table class=\"rls-table\">\n<tbody>\n<tr>\n<td>Par\u00e2metros<\/td>\n<td>Valor<\/td>\n<\/tr>\n<tr>\n<td>Tens\u00e3o operacional<\/td>\n<td>24 V DC +\/- 5 %<\/td>\n<\/tr>\n<tr>\n<td>Consumo de energia<\/td>\n<td>10 VA (m\u00e1x. 11 VA)<\/td>\n<\/tr>\n<tr>\n<td>Temperatura ambiente<\/td>\n<td>-20\u00b0C a 60 \u00b0C<\/td>\n<\/tr>\n<tr>\n<td>Classe de prote\u00e7\u00e3o<\/td>\n<td>IP 67<\/td>\n<\/tr>\n<tr>\n<td>Dimens\u00f5es<\/td>\n<td>850 x 30 x 33 mm<\/td>\n<\/tr>\n<tr>\n<td>Peso<\/td>\n<td>aprox. 0,2 kg <\/td>\n<\/tr>\n<\/tbody>\n<\/table>\n<p>&nbsp;<\/p>\n<table class=\"rls-table\">\n<tbody>\n<tr>\n<td>Cor<\/td>\n<td>Ocupa\u00e7\u00e3o<\/td>\n<\/tr>\n<tr>\n<td>vermelho (fio 1)<\/td>\n<td>Vcc (24 V CC)<\/td>\n<\/tr>\n<tr>\n<td>branco (fio 2)<\/td>\n<td>GND<\/td>\n<\/tr>\n<\/tbody>\n<\/table>\n","protected":false},"excerpt":{"rendered":"<p>A ilumina\u00e7\u00e3o do v\u00e3o do degrau SL800-Y \u00e9 instalada abaixo dos degraus na \u00e1rea de entrada e sa\u00edda da escada rolante e \u00e9 usada para iluminar o v\u00e3o do degrau na \u00e1rea do pente. Durante o movimento cont\u00ednuo dos degraus, \u00e9 gerado um efeito intermitente que chama a aten\u00e7\u00e3o do usu\u00e1rio para a escada rolante. <\/p>\n<p>Os recursos especiais s\u00e3o:<\/p>\n<ul>\n<li>48 LEDs SMD superbrilhantes<\/li>\n<li>Baixo consumo de energia<\/li>\n<li>Ilumina\u00e7\u00e3o muito brilhante e homog\u00eanea<\/li>\n<li>Robusto e dur\u00e1vel<\/li>\n<\/ul>\n<p>&nbsp;<\/p>\n<p>A ilumina\u00e7\u00e3o do v\u00e3o do degrau SL800-Y \u00e9 usada em escadas rolantes.<\/p>\n<p>&nbsp;<\/p>\n","protected":false},"featured_media":0,"template":"","meta":{"_acf_changed":false},"product_brand":[],"product_cat":[515],"product_tag":[],"class_list":{"0":"post-22875","1":"product","2":"type-product","3":"status-publish","5":"product_cat-nao-categorizado","7":"first","8":"instock","9":"shipping-taxable","10":"purchasable","11":"product-type-simple"},"exclude_global_add_ons":[],"addons":[],"acf":[],"yoast_head":"<!-- This site is optimized with the Yoast SEO Premium plugin v27.3 (Yoast SEO v27.4) - https:\/\/yoast.com\/product\/yoast-seo-premium-wordpress\/ -->\n<title>Ilumina\u00e7\u00e3o de espa\u00e7o entre degraus SL800 - RLS Wacon analytics<\/title>\n<meta name=\"robots\" content=\"index, follow, max-snippet:-1, max-image-preview:large, max-video-preview:-1\" \/>\n<link rel=\"canonical\" href=\"https:\/\/rls-wacon.de\/produkt\/step-gap-lighting-sl800\/\" \/>\n<meta property=\"og:locale\" content=\"pt_BR\" \/>\n<meta property=\"og:type\" content=\"article\" \/>\n<meta property=\"og:title\" content=\"Ilumina\u00e7\u00e3o de espa\u00e7o entre degraus SL800\" \/>\n<meta property=\"og:description\" content=\"A ilumina\u00e7\u00e3o do v\u00e3o do degrau SL800-Y \u00e9 instalada abaixo dos degraus na \u00e1rea de entrada e sa\u00edda da escada rolante e \u00e9 usada para iluminar o v\u00e3o do degrau na \u00e1rea do pente. Durante o movimento cont\u00ednuo dos degraus, \u00e9 gerado um efeito intermitente que chama a aten\u00e7\u00e3o do usu\u00e1rio para a escada rolante.  Os recursos especiais s\u00e3o:  48 LEDs SMD superbrilhantes  Baixo consumo de energia  Ilumina\u00e7\u00e3o muito brilhante e homog\u00eanea  Robusto e dur\u00e1vel &nbsp; A ilumina\u00e7\u00e3o do v\u00e3o do degrau SL800-Y \u00e9 usada em escadas rolantes. &nbsp;\" \/>\n<meta property=\"og:url\" content=\"https:\/\/rls-wacon.de\/produkt\/step-gap-lighting-sl800\/\" \/>\n<meta property=\"og:site_name\" content=\"RLS Wacon analytics\" \/>\n<meta name=\"twitter:card\" content=\"summary_large_image\" \/>\n<meta name=\"twitter:label1\" content=\"Pre\u00e7o\" \/>\n\t<meta name=\"twitter:data1\" content=\"9.999,00&nbsp;&euro;\" \/>\n\t<meta name=\"twitter:label2\" content=\"Disponibilidade\" \/>\n\t<meta name=\"twitter:data2\" content=\"Em Estoque\" \/>\n<script type=\"application\/ld+json\" class=\"yoast-schema-graph\">{\"@context\":\"https:\\\/\\\/schema.org\",\"@graph\":[{\"@type\":\"WebPage\",\"@id\":\"https:\\\/\\\/rls-wacon.de\\\/produkt\\\/step-gap-lighting-sl800\\\/\",\"url\":\"https:\\\/\\\/rls-wacon.de\\\/produkt\\\/step-gap-lighting-sl800\\\/\",\"name\":\"Ilumina\u00e7\u00e3o de espa\u00e7o entre degraus SL800 - RLS Wacon analytics\",\"isPartOf\":{\"@id\":\"https:\\\/\\\/rls-wacon.de\\\/#website\"},\"datePublished\":\"2023-10-24T13:04:34+00:00\",\"breadcrumb\":{\"@id\":\"https:\\\/\\\/rls-wacon.de\\\/produkt\\\/step-gap-lighting-sl800\\\/#breadcrumb\"},\"inLanguage\":\"pt-BR\",\"potentialAction\":[{\"@type\":\"ReadAction\",\"target\":[\"https:\\\/\\\/rls-wacon.de\\\/produkt\\\/step-gap-lighting-sl800\\\/\"]}]},{\"@type\":\"BreadcrumbList\",\"@id\":\"https:\\\/\\\/rls-wacon.de\\\/produkt\\\/step-gap-lighting-sl800\\\/#breadcrumb\",\"itemListElement\":[{\"@type\":\"ListItem\",\"position\":1,\"name\":\"Startseite\",\"item\":\"https:\\\/\\\/rls-wacon.de\\\/pt-br\\\/\"},{\"@type\":\"ListItem\",\"position\":2,\"name\":\"Produtos\",\"item\":\"https:\\\/\\\/rls-wacon.de\\\/shop\\\/\"},{\"@type\":\"ListItem\",\"position\":3,\"name\":\"Ilumina\u00e7\u00e3o de espa\u00e7o entre degraus SL800\"}]},{\"@type\":\"WebSite\",\"@id\":\"https:\\\/\\\/rls-wacon.de\\\/#website\",\"url\":\"https:\\\/\\\/rls-wacon.de\\\/\",\"name\":\"RLS Wacon analytics GmbH\",\"description\":\"Experts for water monitoring\",\"publisher\":{\"@id\":\"https:\\\/\\\/rls-wacon.de\\\/#organization\"},\"potentialAction\":[{\"@type\":\"SearchAction\",\"target\":{\"@type\":\"EntryPoint\",\"urlTemplate\":\"https:\\\/\\\/rls-wacon.de\\\/?s={search_term_string}\"},\"query-input\":{\"@type\":\"PropertyValueSpecification\",\"valueRequired\":true,\"valueName\":\"search_term_string\"}}],\"inLanguage\":\"pt-BR\"},{\"@type\":\"Organization\",\"@id\":\"https:\\\/\\\/rls-wacon.de\\\/#organization\",\"name\":\"RLS Wacon analytics GmbH\",\"url\":\"https:\\\/\\\/rls-wacon.de\\\/\",\"logo\":{\"@type\":\"ImageObject\",\"inLanguage\":\"pt-BR\",\"@id\":\"https:\\\/\\\/rls-wacon.de\\\/#\\\/schema\\\/logo\\\/image\\\/\",\"url\":\"https:\\\/\\\/rls-wacon.de\\\/wp-content\\\/uploads\\\/2022\\\/10\\\/RLSWacon-analytics-Logo-BR-RZ-9_17-768x1591.png\",\"contentUrl\":\"https:\\\/\\\/rls-wacon.de\\\/wp-content\\\/uploads\\\/2022\\\/10\\\/RLSWacon-analytics-Logo-BR-RZ-9_17-768x1591.png\",\"width\":768,\"height\":159,\"caption\":\"RLS Wacon analytics GmbH\"},\"image\":{\"@id\":\"https:\\\/\\\/rls-wacon.de\\\/#\\\/schema\\\/logo\\\/image\\\/\"}}]}<\/script>\n<meta property=\"product:price:amount\" content=\"9999.00\" \/>\n<meta property=\"product:price:currency\" content=\"EUR\" \/>\n<meta property=\"og:availability\" content=\"instock\" \/>\n<meta property=\"product:availability\" content=\"instock\" \/>\n<meta property=\"product:condition\" content=\"new\" \/>\n<!-- \/ Yoast SEO Premium plugin. -->","yoast_head_json":{"title":"Ilumina\u00e7\u00e3o de espa\u00e7o entre degraus SL800 - RLS Wacon analytics","robots":{"index":"index","follow":"follow","max-snippet":"max-snippet:-1","max-image-preview":"max-image-preview:large","max-video-preview":"max-video-preview:-1"},"canonical":"https:\/\/rls-wacon.de\/produkt\/step-gap-lighting-sl800\/","og_locale":"pt_BR","og_type":"article","og_title":"Ilumina\u00e7\u00e3o de espa\u00e7o entre degraus SL800","og_description":"A ilumina\u00e7\u00e3o do v\u00e3o do degrau SL800-Y \u00e9 instalada abaixo dos degraus na \u00e1rea de entrada e sa\u00edda da escada rolante e \u00e9 usada para iluminar o v\u00e3o do degrau na \u00e1rea do pente. Durante o movimento cont\u00ednuo dos degraus, \u00e9 gerado um efeito intermitente que chama a aten\u00e7\u00e3o do usu\u00e1rio para a escada rolante.  Os recursos especiais s\u00e3o:  48 LEDs SMD superbrilhantes  Baixo consumo de energia  Ilumina\u00e7\u00e3o muito brilhante e homog\u00eanea  Robusto e dur\u00e1vel &nbsp; A ilumina\u00e7\u00e3o do v\u00e3o do degrau SL800-Y \u00e9 usada em escadas rolantes. &nbsp;","og_url":"https:\/\/rls-wacon.de\/produkt\/step-gap-lighting-sl800\/","og_site_name":"RLS Wacon analytics","twitter_card":"summary_large_image","twitter_misc":{"Pre\u00e7o":"9.999,00&nbsp;&euro;","Disponibilidade":"Em Estoque"},"schema":{"@context":"https:\/\/schema.org","@graph":[{"@type":"WebPage","@id":"https:\/\/rls-wacon.de\/produkt\/step-gap-lighting-sl800\/","url":"https:\/\/rls-wacon.de\/produkt\/step-gap-lighting-sl800\/","name":"Ilumina\u00e7\u00e3o de espa\u00e7o entre degraus SL800 - RLS Wacon analytics","isPartOf":{"@id":"https:\/\/rls-wacon.de\/#website"},"datePublished":"2023-10-24T13:04:34+00:00","breadcrumb":{"@id":"https:\/\/rls-wacon.de\/produkt\/step-gap-lighting-sl800\/#breadcrumb"},"inLanguage":"pt-BR","potentialAction":[{"@type":"ReadAction","target":["https:\/\/rls-wacon.de\/produkt\/step-gap-lighting-sl800\/"]}]},{"@type":"BreadcrumbList","@id":"https:\/\/rls-wacon.de\/produkt\/step-gap-lighting-sl800\/#breadcrumb","itemListElement":[{"@type":"ListItem","position":1,"name":"Startseite","item":"https:\/\/rls-wacon.de\/pt-br\/"},{"@type":"ListItem","position":2,"name":"Produtos","item":"https:\/\/rls-wacon.de\/shop\/"},{"@type":"ListItem","position":3,"name":"Ilumina\u00e7\u00e3o de espa\u00e7o entre degraus SL800"}]},{"@type":"WebSite","@id":"https:\/\/rls-wacon.de\/#website","url":"https:\/\/rls-wacon.de\/","name":"RLS Wacon analytics GmbH","description":"Experts for water monitoring","publisher":{"@id":"https:\/\/rls-wacon.de\/#organization"},"potentialAction":[{"@type":"SearchAction","target":{"@type":"EntryPoint","urlTemplate":"https:\/\/rls-wacon.de\/?s={search_term_string}"},"query-input":{"@type":"PropertyValueSpecification","valueRequired":true,"valueName":"search_term_string"}}],"inLanguage":"pt-BR"},{"@type":"Organization","@id":"https:\/\/rls-wacon.de\/#organization","name":"RLS Wacon analytics GmbH","url":"https:\/\/rls-wacon.de\/","logo":{"@type":"ImageObject","inLanguage":"pt-BR","@id":"https:\/\/rls-wacon.de\/#\/schema\/logo\/image\/","url":"https:\/\/rls-wacon.de\/wp-content\/uploads\/2022\/10\/RLSWacon-analytics-Logo-BR-RZ-9_17-768x1591.png","contentUrl":"https:\/\/rls-wacon.de\/wp-content\/uploads\/2022\/10\/RLSWacon-analytics-Logo-BR-RZ-9_17-768x1591.png","width":768,"height":159,"caption":"RLS Wacon analytics GmbH"},"image":{"@id":"https:\/\/rls-wacon.de\/#\/schema\/logo\/image\/"}}]},"product_price_amount":"9999.00","product_price_currency":"EUR","og_availability":"instock","product_availability":"instock","product_condition":"new"},"_links":{"self":[{"href":"https:\/\/rls-wacon.de\/pt-br\/wp-json\/wp\/v2\/product\/22875","targetHints":{"allow":["GET"]}}],"collection":[{"href":"https:\/\/rls-wacon.de\/pt-br\/wp-json\/wp\/v2\/product"}],"about":[{"href":"https:\/\/rls-wacon.de\/pt-br\/wp-json\/wp\/v2\/types\/product"}],"version-history":[{"count":0,"href":"https:\/\/rls-wacon.de\/pt-br\/wp-json\/wp\/v2\/product\/22875\/revisions"}],"wp:attachment":[{"href":"https:\/\/rls-wacon.de\/pt-br\/wp-json\/wp\/v2\/media?parent=22875"}],"wp:term":[{"taxonomy":"product_brand","embeddable":true,"href":"https:\/\/rls-wacon.de\/pt-br\/wp-json\/wp\/v2\/product_brand?post=22875"},{"taxonomy":"product_cat","embeddable":true,"href":"https:\/\/rls-wacon.de\/pt-br\/wp-json\/wp\/v2\/product_cat?post=22875"},{"taxonomy":"product_tag","embeddable":true,"href":"https:\/\/rls-wacon.de\/pt-br\/wp-json\/wp\/v2\/product_tag?post=22875"}],"curies":[{"name":"wp","href":"https:\/\/api.w.org\/{rel}","templated":true}]}}