{"id":22877,"date":"2023-10-24T15:04:35","date_gmt":"2023-10-24T15:04:35","guid":{"rendered":"https:\/\/rls-wacon.de\/produkt\/modulos-de-conexao-para-a-versao-c\/"},"modified":"2026-02-16T21:54:32","modified_gmt":"2026-02-16T20:54:32","slug":"modulos-de-conexao-para-a-versao-c","status":"publish","type":"product","link":"https:\/\/rls-wacon.de\/pt-br\/produkt\/modulos-de-conexao-para-a-versao-c\/","title":{"rendered":"M\u00f3dulos de conex\u00e3o para a vers\u00e3o C"},"content":{"rendered":"<p>M\u00f3dulo de conex\u00e3o para encadeamento de cadeias de m\u00f3dulos para cortinas de luz vers\u00e3o C.<\/p>\n","protected":false},"excerpt":{"rendered":"<p>Recurso especial do m\u00f3dulo de conex\u00e3o do transmissor da vers\u00e3o C:<\/p>\n<ul>\n<li>Design original da RUDOLPH<\/li>\n<\/ul>\n","protected":false},"featured_media":19346,"template":"","meta":{"_acf_changed":false},"product_brand":[],"product_cat":[1258,1261],"product_tag":[],"class_list":{"0":"post-22877","1":"product","2":"type-product","3":"status-publish","4":"has-post-thumbnail","6":"product_cat-cortina-de-luz","7":"product_cat-versao-c","9":"first","10":"instock","11":"shipping-taxable","12":"product-type-variable"},"exclude_global_add_ons":[],"addons":[],"acf":[],"yoast_head":"<!-- This site is optimized with the Yoast SEO Premium plugin v27.3 (Yoast SEO v27.3) - https:\/\/yoast.com\/product\/yoast-seo-premium-wordpress\/ -->\n<title>M\u00f3dulos de conex\u00e3o para a vers\u00e3o C - RLS Wacon analytics<\/title>\n<meta name=\"description\" content=\"Recurso especial do m\u00f3dulo de conex\u00e3o do transmissor da vers\u00e3o C: Design original da RUDOLPH\" \/>\n<meta name=\"robots\" content=\"index, follow, max-snippet:-1, max-image-preview:large, max-video-preview:-1\" \/>\n<link rel=\"canonical\" href=\"https:\/\/rls-wacon.de\/pt-br\/produkt\/modulos-de-conexao-para-a-versao-c\/\" \/>\n<meta property=\"og:locale\" content=\"pt_BR\" \/>\n<meta property=\"og:type\" content=\"article\" \/>\n<meta property=\"og:title\" content=\"M\u00f3dulos de conex\u00e3o para a vers\u00e3o C\" \/>\n<meta property=\"og:description\" content=\"Recurso especial do m\u00f3dulo de conex\u00e3o do transmissor da vers\u00e3o C: Design original da RUDOLPH\" \/>\n<meta property=\"og:url\" content=\"https:\/\/rls-wacon.de\/pt-br\/produkt\/modulos-de-conexao-para-a-versao-c\/\" \/>\n<meta property=\"og:site_name\" content=\"RLS Wacon analytics\" \/>\n<meta property=\"article:modified_time\" content=\"2026-02-16T20:54:32+00:00\" \/>\n<meta property=\"og:image\" content=\"https:\/\/rls-wacon.de\/wp-content\/uploads\/2024\/03\/Verbindungsmodul-C-Sender.jpg\" \/>\n\t<meta property=\"og:image:width\" content=\"827\" \/>\n\t<meta property=\"og:image:height\" content=\"620\" \/>\n\t<meta property=\"og:image:type\" content=\"image\/jpeg\" \/>\n<meta name=\"twitter:card\" content=\"summary_large_image\" \/>\n<meta name=\"twitter:label1\" content=\"Disponibilidade\" \/>\n\t<meta name=\"twitter:data1\" content=\"Em Estoque\" \/>\n<script type=\"application\/ld+json\" class=\"yoast-schema-graph\">{\"@context\":\"https:\\\/\\\/schema.org\",\"@graph\":[{\"@type\":\"WebPage\",\"@id\":\"https:\\\/\\\/rls-wacon.de\\\/pt-br\\\/produkt\\\/modulos-de-conexao-para-a-versao-c\\\/\",\"url\":\"https:\\\/\\\/rls-wacon.de\\\/pt-br\\\/produkt\\\/modulos-de-conexao-para-a-versao-c\\\/\",\"name\":\"M\u00f3dulos de conex\u00e3o para a vers\u00e3o C - RLS Wacon analytics\",\"isPartOf\":{\"@id\":\"https:\\\/\\\/rls-wacon.de\\\/#website\"},\"primaryImageOfPage\":{\"@id\":\"https:\\\/\\\/rls-wacon.de\\\/pt-br\\\/produkt\\\/modulos-de-conexao-para-a-versao-c\\\/#primaryimage\"},\"image\":{\"@id\":\"https:\\\/\\\/rls-wacon.de\\\/pt-br\\\/produkt\\\/modulos-de-conexao-para-a-versao-c\\\/#primaryimage\"},\"thumbnailUrl\":\"https:\\\/\\\/rls-wacon.de\\\/wp-content\\\/uploads\\\/2024\\\/03\\\/Verbindungsmodul-C-Sender.jpg\",\"datePublished\":\"2023-10-24T15:04:35+00:00\",\"dateModified\":\"2026-02-16T20:54:32+00:00\",\"description\":\"Recurso especial do m\u00f3dulo de conex\u00e3o do transmissor da vers\u00e3o C: Design original da RUDOLPH\",\"breadcrumb\":{\"@id\":\"https:\\\/\\\/rls-wacon.de\\\/pt-br\\\/produkt\\\/modulos-de-conexao-para-a-versao-c\\\/#breadcrumb\"},\"inLanguage\":\"pt-BR\",\"potentialAction\":[{\"@type\":\"ReadAction\",\"target\":[\"https:\\\/\\\/rls-wacon.de\\\/pt-br\\\/produkt\\\/modulos-de-conexao-para-a-versao-c\\\/\"]}]},{\"@type\":\"ImageObject\",\"inLanguage\":\"pt-BR\",\"@id\":\"https:\\\/\\\/rls-wacon.de\\\/pt-br\\\/produkt\\\/modulos-de-conexao-para-a-versao-c\\\/#primaryimage\",\"url\":\"https:\\\/\\\/rls-wacon.de\\\/wp-content\\\/uploads\\\/2024\\\/03\\\/Verbindungsmodul-C-Sender.jpg\",\"contentUrl\":\"https:\\\/\\\/rls-wacon.de\\\/wp-content\\\/uploads\\\/2024\\\/03\\\/Verbindungsmodul-C-Sender.jpg\",\"width\":827,\"height\":620},{\"@type\":\"BreadcrumbList\",\"@id\":\"https:\\\/\\\/rls-wacon.de\\\/pt-br\\\/produkt\\\/modulos-de-conexao-para-a-versao-c\\\/#breadcrumb\",\"itemListElement\":[{\"@type\":\"ListItem\",\"position\":1,\"name\":\"Startseite\",\"item\":\"https:\\\/\\\/rls-wacon.de\\\/pt-br\\\/\"},{\"@type\":\"ListItem\",\"position\":2,\"name\":\"Produtos\",\"item\":\"https:\\\/\\\/rls-wacon.de\\\/shop\\\/\"},{\"@type\":\"ListItem\",\"position\":3,\"name\":\"M\u00f3dulos de conex\u00e3o para a vers\u00e3o C\"}]},{\"@type\":\"WebSite\",\"@id\":\"https:\\\/\\\/rls-wacon.de\\\/#website\",\"url\":\"https:\\\/\\\/rls-wacon.de\\\/\",\"name\":\"RLS Wacon analytics GmbH\",\"description\":\"Experts for water monitoring\",\"publisher\":{\"@id\":\"https:\\\/\\\/rls-wacon.de\\\/#organization\"},\"potentialAction\":[{\"@type\":\"SearchAction\",\"target\":{\"@type\":\"EntryPoint\",\"urlTemplate\":\"https:\\\/\\\/rls-wacon.de\\\/?s={search_term_string}\"},\"query-input\":{\"@type\":\"PropertyValueSpecification\",\"valueRequired\":true,\"valueName\":\"search_term_string\"}}],\"inLanguage\":\"pt-BR\"},{\"@type\":\"Organization\",\"@id\":\"https:\\\/\\\/rls-wacon.de\\\/#organization\",\"name\":\"RLS Wacon analytics GmbH\",\"url\":\"https:\\\/\\\/rls-wacon.de\\\/\",\"logo\":{\"@type\":\"ImageObject\",\"inLanguage\":\"pt-BR\",\"@id\":\"https:\\\/\\\/rls-wacon.de\\\/#\\\/schema\\\/logo\\\/image\\\/\",\"url\":\"https:\\\/\\\/rls-wacon.de\\\/wp-content\\\/uploads\\\/2022\\\/10\\\/RLSWacon-analytics-Logo-BR-RZ-9_17-768x1591.png\",\"contentUrl\":\"https:\\\/\\\/rls-wacon.de\\\/wp-content\\\/uploads\\\/2022\\\/10\\\/RLSWacon-analytics-Logo-BR-RZ-9_17-768x1591.png\",\"width\":768,\"height\":159,\"caption\":\"RLS Wacon analytics GmbH\"},\"image\":{\"@id\":\"https:\\\/\\\/rls-wacon.de\\\/#\\\/schema\\\/logo\\\/image\\\/\"}}]}<\/script>\n<meta property=\"og:availability\" content=\"instock\" \/>\n<meta property=\"product:availability\" content=\"instock\" \/>\n<meta property=\"product:condition\" content=\"new\" \/>\n<!-- \/ Yoast SEO Premium plugin. -->","yoast_head_json":{"title":"M\u00f3dulos de conex\u00e3o para a vers\u00e3o C - RLS Wacon analytics","description":"Recurso especial do m\u00f3dulo de conex\u00e3o do transmissor da vers\u00e3o C: Design original da RUDOLPH","robots":{"index":"index","follow":"follow","max-snippet":"max-snippet:-1","max-image-preview":"max-image-preview:large","max-video-preview":"max-video-preview:-1"},"canonical":"https:\/\/rls-wacon.de\/pt-br\/produkt\/modulos-de-conexao-para-a-versao-c\/","og_locale":"pt_BR","og_type":"article","og_title":"M\u00f3dulos de conex\u00e3o para a vers\u00e3o C","og_description":"Recurso especial do m\u00f3dulo de conex\u00e3o do transmissor da vers\u00e3o C: Design original da RUDOLPH","og_url":"https:\/\/rls-wacon.de\/pt-br\/produkt\/modulos-de-conexao-para-a-versao-c\/","og_site_name":"RLS Wacon analytics","article_modified_time":"2026-02-16T20:54:32+00:00","og_image":[{"width":827,"height":620,"url":"https:\/\/rls-wacon.de\/wp-content\/uploads\/2024\/03\/Verbindungsmodul-C-Sender.jpg","type":"image\/jpeg"}],"twitter_card":"summary_large_image","twitter_misc":{"Disponibilidade":"Em Estoque"},"schema":{"@context":"https:\/\/schema.org","@graph":[{"@type":"WebPage","@id":"https:\/\/rls-wacon.de\/pt-br\/produkt\/modulos-de-conexao-para-a-versao-c\/","url":"https:\/\/rls-wacon.de\/pt-br\/produkt\/modulos-de-conexao-para-a-versao-c\/","name":"M\u00f3dulos de conex\u00e3o para a vers\u00e3o C - RLS Wacon analytics","isPartOf":{"@id":"https:\/\/rls-wacon.de\/#website"},"primaryImageOfPage":{"@id":"https:\/\/rls-wacon.de\/pt-br\/produkt\/modulos-de-conexao-para-a-versao-c\/#primaryimage"},"image":{"@id":"https:\/\/rls-wacon.de\/pt-br\/produkt\/modulos-de-conexao-para-a-versao-c\/#primaryimage"},"thumbnailUrl":"https:\/\/rls-wacon.de\/wp-content\/uploads\/2024\/03\/Verbindungsmodul-C-Sender.jpg","datePublished":"2023-10-24T15:04:35+00:00","dateModified":"2026-02-16T20:54:32+00:00","description":"Recurso especial do m\u00f3dulo de conex\u00e3o do transmissor da vers\u00e3o C: Design original da RUDOLPH","breadcrumb":{"@id":"https:\/\/rls-wacon.de\/pt-br\/produkt\/modulos-de-conexao-para-a-versao-c\/#breadcrumb"},"inLanguage":"pt-BR","potentialAction":[{"@type":"ReadAction","target":["https:\/\/rls-wacon.de\/pt-br\/produkt\/modulos-de-conexao-para-a-versao-c\/"]}]},{"@type":"ImageObject","inLanguage":"pt-BR","@id":"https:\/\/rls-wacon.de\/pt-br\/produkt\/modulos-de-conexao-para-a-versao-c\/#primaryimage","url":"https:\/\/rls-wacon.de\/wp-content\/uploads\/2024\/03\/Verbindungsmodul-C-Sender.jpg","contentUrl":"https:\/\/rls-wacon.de\/wp-content\/uploads\/2024\/03\/Verbindungsmodul-C-Sender.jpg","width":827,"height":620},{"@type":"BreadcrumbList","@id":"https:\/\/rls-wacon.de\/pt-br\/produkt\/modulos-de-conexao-para-a-versao-c\/#breadcrumb","itemListElement":[{"@type":"ListItem","position":1,"name":"Startseite","item":"https:\/\/rls-wacon.de\/pt-br\/"},{"@type":"ListItem","position":2,"name":"Produtos","item":"https:\/\/rls-wacon.de\/shop\/"},{"@type":"ListItem","position":3,"name":"M\u00f3dulos de conex\u00e3o para a vers\u00e3o C"}]},{"@type":"WebSite","@id":"https:\/\/rls-wacon.de\/#website","url":"https:\/\/rls-wacon.de\/","name":"RLS Wacon analytics GmbH","description":"Experts for water monitoring","publisher":{"@id":"https:\/\/rls-wacon.de\/#organization"},"potentialAction":[{"@type":"SearchAction","target":{"@type":"EntryPoint","urlTemplate":"https:\/\/rls-wacon.de\/?s={search_term_string}"},"query-input":{"@type":"PropertyValueSpecification","valueRequired":true,"valueName":"search_term_string"}}],"inLanguage":"pt-BR"},{"@type":"Organization","@id":"https:\/\/rls-wacon.de\/#organization","name":"RLS Wacon analytics GmbH","url":"https:\/\/rls-wacon.de\/","logo":{"@type":"ImageObject","inLanguage":"pt-BR","@id":"https:\/\/rls-wacon.de\/#\/schema\/logo\/image\/","url":"https:\/\/rls-wacon.de\/wp-content\/uploads\/2022\/10\/RLSWacon-analytics-Logo-BR-RZ-9_17-768x1591.png","contentUrl":"https:\/\/rls-wacon.de\/wp-content\/uploads\/2022\/10\/RLSWacon-analytics-Logo-BR-RZ-9_17-768x1591.png","width":768,"height":159,"caption":"RLS Wacon analytics GmbH"},"image":{"@id":"https:\/\/rls-wacon.de\/#\/schema\/logo\/image\/"}}]},"og_availability":"instock","product_availability":"instock","product_condition":"new"},"_links":{"self":[{"href":"https:\/\/rls-wacon.de\/pt-br\/wp-json\/wp\/v2\/product\/22877","targetHints":{"allow":["GET"]}}],"collection":[{"href":"https:\/\/rls-wacon.de\/pt-br\/wp-json\/wp\/v2\/product"}],"about":[{"href":"https:\/\/rls-wacon.de\/pt-br\/wp-json\/wp\/v2\/types\/product"}],"version-history":[{"count":1,"href":"https:\/\/rls-wacon.de\/pt-br\/wp-json\/wp\/v2\/product\/22877\/revisions"}],"predecessor-version":[{"id":28879,"href":"https:\/\/rls-wacon.de\/pt-br\/wp-json\/wp\/v2\/product\/22877\/revisions\/28879"}],"wp:featuredmedia":[{"embeddable":true,"href":"https:\/\/rls-wacon.de\/pt-br\/wp-json\/wp\/v2\/media\/19346"}],"wp:attachment":[{"href":"https:\/\/rls-wacon.de\/pt-br\/wp-json\/wp\/v2\/media?parent=22877"}],"wp:term":[{"taxonomy":"product_brand","embeddable":true,"href":"https:\/\/rls-wacon.de\/pt-br\/wp-json\/wp\/v2\/product_brand?post=22877"},{"taxonomy":"product_cat","embeddable":true,"href":"https:\/\/rls-wacon.de\/pt-br\/wp-json\/wp\/v2\/product_cat?post=22877"},{"taxonomy":"product_tag","embeddable":true,"href":"https:\/\/rls-wacon.de\/pt-br\/wp-json\/wp\/v2\/product_tag?post=22877"}],"curies":[{"name":"wp","href":"https:\/\/api.w.org\/{rel}","templated":true}]}}