{"id":22884,"date":"2023-10-24T15:04:36","date_gmt":"2023-10-24T15:04:36","guid":{"rendered":"https:\/\/rls-wacon.de\/produkt\/unidade-central-tlcu22-04\/"},"modified":"2026-02-16T21:55:07","modified_gmt":"2026-02-16T20:55:07","slug":"unidade-central-tlcu22-04","status":"publish","type":"product","link":"https:\/\/rls-wacon.de\/pt-br\/produkt\/unidade-central-tlcu22-04\/","title":{"rendered":"Unidade central (TLCU22-04)"},"content":{"rendered":"","protected":false},"excerpt":{"rendered":"<p>O circuito de rearmamento (WBS) consiste em m\u00f3dulos transmissores e receptores. Os sinais s\u00e3o controlados e analisados por meio da unidade central, que \u00e9 conectada \u00e0s cadeias de transmissores e receptores por meio de cabos adaptadores. Uma unidade central do circuito de espera suporta at\u00e9 99 m\u00f3dulos por lado da escada rolante. Para percursos mais longos, duas cortinas de luz (WBS) s\u00e3o usadas adequadamente.<\/p>\n","protected":false},"featured_media":17118,"template":"","meta":{"_acf_changed":false},"product_brand":[],"product_cat":[1258,1271],"product_tag":[],"class_list":{"0":"post-22884","1":"product","2":"type-product","3":"status-publish","4":"has-post-thumbnail","6":"product_cat-cortina-de-luz","7":"product_cat-unidade-central-de-processamento","9":"first","10":"instock","11":"shipping-taxable","12":"purchasable","13":"product-type-simple"},"exclude_global_add_ons":[],"addons":[],"acf":[],"yoast_head":"<!-- This site is optimized with the Yoast SEO Premium plugin v27.5 (Yoast SEO v27.5) - https:\/\/yoast.com\/product\/yoast-seo-premium-wordpress\/ -->\n<title>Unidade central (TLCU22-04) - RLS Wacon analytics<\/title>\n<meta name=\"description\" content=\"O circuito de rearmamento (WBS) consiste em m\u00f3dulos transmissores e receptores.\" \/>\n<meta name=\"robots\" content=\"index, follow, max-snippet:-1, max-image-preview:large, max-video-preview:-1\" \/>\n<link rel=\"canonical\" href=\"https:\/\/rls-wacon.de\/pt-br\/produkt\/unidade-central-tlcu22-04\/\" \/>\n<meta property=\"og:locale\" content=\"pt_BR\" \/>\n<meta property=\"og:type\" content=\"article\" \/>\n<meta property=\"og:title\" content=\"Unidade central (TLCU22-04)\" \/>\n<meta property=\"og:description\" content=\"O circuito de rearmamento (WBS) consiste em m\u00f3dulos transmissores e receptores.\" \/>\n<meta property=\"og:url\" content=\"https:\/\/rls-wacon.de\/pt-br\/produkt\/unidade-central-tlcu22-04\/\" \/>\n<meta property=\"og:site_name\" content=\"RLS Wacon analytics\" \/>\n<meta property=\"article:modified_time\" content=\"2026-02-16T20:55:07+00:00\" \/>\n<meta property=\"og:image\" content=\"https:\/\/rls-wacon.de\/wp-content\/uploads\/2023\/10\/TLCU.jpg\" \/>\n\t<meta property=\"og:image:width\" content=\"827\" \/>\n\t<meta property=\"og:image:height\" content=\"551\" \/>\n\t<meta property=\"og:image:type\" content=\"image\/jpeg\" \/>\n<meta name=\"twitter:card\" content=\"summary_large_image\" \/>\n<meta name=\"twitter:label1\" content=\"Pre\u00e7o\" \/>\n\t<meta name=\"twitter:data1\" content=\"9.999,00&nbsp;&euro;\" \/>\n\t<meta name=\"twitter:label2\" content=\"Disponibilidade\" \/>\n\t<meta name=\"twitter:data2\" content=\"Em Estoque\" \/>\n<script type=\"application\/ld+json\" class=\"yoast-schema-graph\">{\"@context\":\"https:\\\/\\\/schema.org\",\"@graph\":[{\"@type\":\"WebPage\",\"@id\":\"https:\\\/\\\/rls-wacon.de\\\/pt-br\\\/produkt\\\/unidade-central-tlcu22-04\\\/\",\"url\":\"https:\\\/\\\/rls-wacon.de\\\/pt-br\\\/produkt\\\/unidade-central-tlcu22-04\\\/\",\"name\":\"Unidade central (TLCU22-04) - RLS Wacon analytics\",\"isPartOf\":{\"@id\":\"https:\\\/\\\/rls-wacon.de\\\/#website\"},\"primaryImageOfPage\":{\"@id\":\"https:\\\/\\\/rls-wacon.de\\\/pt-br\\\/produkt\\\/unidade-central-tlcu22-04\\\/#primaryimage\"},\"image\":{\"@id\":\"https:\\\/\\\/rls-wacon.de\\\/pt-br\\\/produkt\\\/unidade-central-tlcu22-04\\\/#primaryimage\"},\"thumbnailUrl\":\"https:\\\/\\\/rls-wacon.de\\\/wp-content\\\/uploads\\\/2023\\\/10\\\/TLCU.jpg\",\"datePublished\":\"2023-10-24T15:04:36+00:00\",\"dateModified\":\"2026-02-16T20:55:07+00:00\",\"description\":\"O circuito de rearmamento (WBS) consiste em m\u00f3dulos transmissores e receptores.\",\"breadcrumb\":{\"@id\":\"https:\\\/\\\/rls-wacon.de\\\/pt-br\\\/produkt\\\/unidade-central-tlcu22-04\\\/#breadcrumb\"},\"inLanguage\":\"pt-BR\",\"potentialAction\":[{\"@type\":\"ReadAction\",\"target\":[\"https:\\\/\\\/rls-wacon.de\\\/pt-br\\\/produkt\\\/unidade-central-tlcu22-04\\\/\"]}]},{\"@type\":\"ImageObject\",\"inLanguage\":\"pt-BR\",\"@id\":\"https:\\\/\\\/rls-wacon.de\\\/pt-br\\\/produkt\\\/unidade-central-tlcu22-04\\\/#primaryimage\",\"url\":\"https:\\\/\\\/rls-wacon.de\\\/wp-content\\\/uploads\\\/2023\\\/10\\\/TLCU.jpg\",\"contentUrl\":\"https:\\\/\\\/rls-wacon.de\\\/wp-content\\\/uploads\\\/2023\\\/10\\\/TLCU.jpg\",\"width\":827,\"height\":551,\"caption\":\"Unidade central (TLCU22-04)\"},{\"@type\":\"BreadcrumbList\",\"@id\":\"https:\\\/\\\/rls-wacon.de\\\/pt-br\\\/produkt\\\/unidade-central-tlcu22-04\\\/#breadcrumb\",\"itemListElement\":[{\"@type\":\"ListItem\",\"position\":1,\"name\":\"Startseite\",\"item\":\"https:\\\/\\\/rls-wacon.de\\\/pt-br\\\/\"},{\"@type\":\"ListItem\",\"position\":2,\"name\":\"Produtos\",\"item\":\"https:\\\/\\\/rls-wacon.de\\\/shop\\\/\"},{\"@type\":\"ListItem\",\"position\":3,\"name\":\"Unidade central (TLCU22-04)\"}]},{\"@type\":\"WebSite\",\"@id\":\"https:\\\/\\\/rls-wacon.de\\\/#website\",\"url\":\"https:\\\/\\\/rls-wacon.de\\\/\",\"name\":\"RLS Wacon analytics GmbH\",\"description\":\"Experts for water monitoring\",\"publisher\":{\"@id\":\"https:\\\/\\\/rls-wacon.de\\\/#organization\"},\"potentialAction\":[{\"@type\":\"SearchAction\",\"target\":{\"@type\":\"EntryPoint\",\"urlTemplate\":\"https:\\\/\\\/rls-wacon.de\\\/?s={search_term_string}\"},\"query-input\":{\"@type\":\"PropertyValueSpecification\",\"valueRequired\":true,\"valueName\":\"search_term_string\"}}],\"inLanguage\":\"pt-BR\"},{\"@type\":\"Organization\",\"@id\":\"https:\\\/\\\/rls-wacon.de\\\/#organization\",\"name\":\"RLS Wacon analytics GmbH\",\"url\":\"https:\\\/\\\/rls-wacon.de\\\/\",\"logo\":{\"@type\":\"ImageObject\",\"inLanguage\":\"pt-BR\",\"@id\":\"https:\\\/\\\/rls-wacon.de\\\/#\\\/schema\\\/logo\\\/image\\\/\",\"url\":\"https:\\\/\\\/rls-wacon.de\\\/wp-content\\\/uploads\\\/2022\\\/10\\\/RLSWacon-analytics-Logo-BR-RZ-9_17-768x1591.png\",\"contentUrl\":\"https:\\\/\\\/rls-wacon.de\\\/wp-content\\\/uploads\\\/2022\\\/10\\\/RLSWacon-analytics-Logo-BR-RZ-9_17-768x1591.png\",\"width\":768,\"height\":159,\"caption\":\"RLS Wacon analytics GmbH\"},\"image\":{\"@id\":\"https:\\\/\\\/rls-wacon.de\\\/#\\\/schema\\\/logo\\\/image\\\/\"}}]}<\/script>\n<meta property=\"product:price:amount\" content=\"9999.00\" \/>\n<meta property=\"product:price:currency\" content=\"EUR\" \/>\n<meta property=\"og:availability\" content=\"instock\" \/>\n<meta property=\"product:availability\" content=\"instock\" \/>\n<meta property=\"product:condition\" content=\"new\" \/>\n<!-- \/ Yoast SEO Premium plugin. -->","yoast_head_json":{"title":"Unidade central (TLCU22-04) - RLS Wacon analytics","description":"O circuito de rearmamento (WBS) consiste em m\u00f3dulos transmissores e receptores.","robots":{"index":"index","follow":"follow","max-snippet":"max-snippet:-1","max-image-preview":"max-image-preview:large","max-video-preview":"max-video-preview:-1"},"canonical":"https:\/\/rls-wacon.de\/pt-br\/produkt\/unidade-central-tlcu22-04\/","og_locale":"pt_BR","og_type":"article","og_title":"Unidade central (TLCU22-04)","og_description":"O circuito de rearmamento (WBS) consiste em m\u00f3dulos transmissores e receptores.","og_url":"https:\/\/rls-wacon.de\/pt-br\/produkt\/unidade-central-tlcu22-04\/","og_site_name":"RLS Wacon analytics","article_modified_time":"2026-02-16T20:55:07+00:00","og_image":[{"width":827,"height":551,"url":"https:\/\/rls-wacon.de\/wp-content\/uploads\/2023\/10\/TLCU.jpg","type":"image\/jpeg"}],"twitter_card":"summary_large_image","twitter_misc":{"Pre\u00e7o":"9.999,00&nbsp;&euro;","Disponibilidade":"Em Estoque"},"schema":{"@context":"https:\/\/schema.org","@graph":[{"@type":"WebPage","@id":"https:\/\/rls-wacon.de\/pt-br\/produkt\/unidade-central-tlcu22-04\/","url":"https:\/\/rls-wacon.de\/pt-br\/produkt\/unidade-central-tlcu22-04\/","name":"Unidade central (TLCU22-04) - RLS Wacon analytics","isPartOf":{"@id":"https:\/\/rls-wacon.de\/#website"},"primaryImageOfPage":{"@id":"https:\/\/rls-wacon.de\/pt-br\/produkt\/unidade-central-tlcu22-04\/#primaryimage"},"image":{"@id":"https:\/\/rls-wacon.de\/pt-br\/produkt\/unidade-central-tlcu22-04\/#primaryimage"},"thumbnailUrl":"https:\/\/rls-wacon.de\/wp-content\/uploads\/2023\/10\/TLCU.jpg","datePublished":"2023-10-24T15:04:36+00:00","dateModified":"2026-02-16T20:55:07+00:00","description":"O circuito de rearmamento (WBS) consiste em m\u00f3dulos transmissores e receptores.","breadcrumb":{"@id":"https:\/\/rls-wacon.de\/pt-br\/produkt\/unidade-central-tlcu22-04\/#breadcrumb"},"inLanguage":"pt-BR","potentialAction":[{"@type":"ReadAction","target":["https:\/\/rls-wacon.de\/pt-br\/produkt\/unidade-central-tlcu22-04\/"]}]},{"@type":"ImageObject","inLanguage":"pt-BR","@id":"https:\/\/rls-wacon.de\/pt-br\/produkt\/unidade-central-tlcu22-04\/#primaryimage","url":"https:\/\/rls-wacon.de\/wp-content\/uploads\/2023\/10\/TLCU.jpg","contentUrl":"https:\/\/rls-wacon.de\/wp-content\/uploads\/2023\/10\/TLCU.jpg","width":827,"height":551,"caption":"Unidade central (TLCU22-04)"},{"@type":"BreadcrumbList","@id":"https:\/\/rls-wacon.de\/pt-br\/produkt\/unidade-central-tlcu22-04\/#breadcrumb","itemListElement":[{"@type":"ListItem","position":1,"name":"Startseite","item":"https:\/\/rls-wacon.de\/pt-br\/"},{"@type":"ListItem","position":2,"name":"Produtos","item":"https:\/\/rls-wacon.de\/shop\/"},{"@type":"ListItem","position":3,"name":"Unidade central (TLCU22-04)"}]},{"@type":"WebSite","@id":"https:\/\/rls-wacon.de\/#website","url":"https:\/\/rls-wacon.de\/","name":"RLS Wacon analytics GmbH","description":"Experts for water monitoring","publisher":{"@id":"https:\/\/rls-wacon.de\/#organization"},"potentialAction":[{"@type":"SearchAction","target":{"@type":"EntryPoint","urlTemplate":"https:\/\/rls-wacon.de\/?s={search_term_string}"},"query-input":{"@type":"PropertyValueSpecification","valueRequired":true,"valueName":"search_term_string"}}],"inLanguage":"pt-BR"},{"@type":"Organization","@id":"https:\/\/rls-wacon.de\/#organization","name":"RLS Wacon analytics GmbH","url":"https:\/\/rls-wacon.de\/","logo":{"@type":"ImageObject","inLanguage":"pt-BR","@id":"https:\/\/rls-wacon.de\/#\/schema\/logo\/image\/","url":"https:\/\/rls-wacon.de\/wp-content\/uploads\/2022\/10\/RLSWacon-analytics-Logo-BR-RZ-9_17-768x1591.png","contentUrl":"https:\/\/rls-wacon.de\/wp-content\/uploads\/2022\/10\/RLSWacon-analytics-Logo-BR-RZ-9_17-768x1591.png","width":768,"height":159,"caption":"RLS Wacon analytics GmbH"},"image":{"@id":"https:\/\/rls-wacon.de\/#\/schema\/logo\/image\/"}}]},"product_price_amount":"9999.00","product_price_currency":"EUR","og_availability":"instock","product_availability":"instock","product_condition":"new"},"_links":{"self":[{"href":"https:\/\/rls-wacon.de\/pt-br\/wp-json\/wp\/v2\/product\/22884","targetHints":{"allow":["GET"]}}],"collection":[{"href":"https:\/\/rls-wacon.de\/pt-br\/wp-json\/wp\/v2\/product"}],"about":[{"href":"https:\/\/rls-wacon.de\/pt-br\/wp-json\/wp\/v2\/types\/product"}],"version-history":[{"count":1,"href":"https:\/\/rls-wacon.de\/pt-br\/wp-json\/wp\/v2\/product\/22884\/revisions"}],"predecessor-version":[{"id":28880,"href":"https:\/\/rls-wacon.de\/pt-br\/wp-json\/wp\/v2\/product\/22884\/revisions\/28880"}],"wp:featuredmedia":[{"embeddable":true,"href":"https:\/\/rls-wacon.de\/pt-br\/wp-json\/wp\/v2\/media\/17118"}],"wp:attachment":[{"href":"https:\/\/rls-wacon.de\/pt-br\/wp-json\/wp\/v2\/media?parent=22884"}],"wp:term":[{"taxonomy":"product_brand","embeddable":true,"href":"https:\/\/rls-wacon.de\/pt-br\/wp-json\/wp\/v2\/product_brand?post=22884"},{"taxonomy":"product_cat","embeddable":true,"href":"https:\/\/rls-wacon.de\/pt-br\/wp-json\/wp\/v2\/product_cat?post=22884"},{"taxonomy":"product_tag","embeddable":true,"href":"https:\/\/rls-wacon.de\/pt-br\/wp-json\/wp\/v2\/product_tag?post=22884"}],"curies":[{"name":"wp","href":"https:\/\/api.w.org\/{rel}","templated":true}]}}