{"id":22930,"date":"2023-09-14T13:54:44","date_gmt":"2023-09-14T13:54:44","guid":{"rendered":"https:\/\/rls-wacon.de\/produkt\/sycon-2502-suporte-de-parede-24-v-ca-cc\/"},"modified":"2026-02-16T21:57:22","modified_gmt":"2026-02-16T20:57:22","slug":"sycon-2502-suporte-de-parede-24-v-ca-cc","status":"publish","type":"product","link":"https:\/\/rls-wacon.de\/pt-br\/produkt\/sycon-2502-suporte-de-parede-24-v-ca-cc\/","title":{"rendered":"SYCON 2502 Suporte de parede (24 V CA\/CC)"},"content":{"rendered":"<ul>\n<li>Monitoramento de um valor limite<\/li>\n<li>Dureza residual, dureza total ou dureza de carbonato (capacidade \u00e1cida)<\/li>\n<li>Alarme de defici\u00eancia do indicador \/ funcionalidade BOB<\/li>\n<li>Visor de status de LED<\/li>\n<li>neutro em termos de idioma<\/li>\n<li>Opera\u00e7\u00e3o autom\u00e1tica em intervalos. Tempo de intervalo ajust\u00e1vel por meio de microinterruptor.<\/li>\n<li>Interrup\u00e7\u00e3o de intervalo por interruptor externo fora dos tempos de opera\u00e7\u00e3o<\/li>\n<li>Conex\u00f5es:\n<ul>\n<li>3 sa\u00eddas sem potencial:\n<ul>\n<li>Valor limite excedido<\/li>\n<li>Falha no dispositivo<\/li>\n<li>An\u00e1lise ativa (por exemplo, v\u00e1lvula de \u00e1gua de resfriamento de um resfriador de amostras)<\/li>\n<\/ul>\n<\/li>\n<li>Entrada para contato livre de potencial para acionamento de an\u00e1lise externa ou pausa do intervalo de an\u00e1lise interna<\/li>\n<\/ul>\n<\/li>\n<\/ul>\n","protected":false},"excerpt":{"rendered":"<p>O SYCON 2502 \u00e9 o analisador ideal para o monitoramento de valores-limite de sistemas de abrandamento de \u00e1gua. Ele permite o acionamento da regenera\u00e7\u00e3o controlada por demanda e o monitoramento da recircula\u00e7\u00e3o de condensado para sua casa de caldeiras. O valor-limite do analisador SYCON 2502 \u00e9 determinado pelo indicador usado e monitorado em intervalos de tempo fixos. Se o valor limite for excedido, um sinal ser\u00e1 enviado ao sistema de controle.<\/p>\n","protected":false},"featured_media":6707,"template":"","meta":{"_acf_changed":false},"product_brand":[],"product_cat":[515],"product_tag":[],"class_list":{"0":"post-22930","1":"product","2":"type-product","3":"status-publish","4":"has-post-thumbnail","6":"product_cat-nao-categorizado","8":"first","9":"instock","10":"shipping-taxable","11":"purchasable","12":"product-type-simple"},"exclude_global_add_ons":[],"addons":[],"acf":[],"yoast_head":"<!-- This site is optimized with the Yoast SEO Premium plugin v27.3 (Yoast SEO v27.3) - https:\/\/yoast.com\/product\/yoast-seo-premium-wordpress\/ -->\n<title>SYCON 2502 Suporte de parede (24 V CA\/CC) - RLS Wacon analytics<\/title>\n<meta name=\"description\" content=\"O SYCON 2502 \u00e9 o analisador ideal para o monitoramento de valores-limite de sistemas de abrandamento de \u00e1gua.\" \/>\n<meta name=\"robots\" content=\"index, follow, max-snippet:-1, max-image-preview:large, max-video-preview:-1\" \/>\n<link rel=\"canonical\" href=\"https:\/\/rls-wacon.de\/pt-br\/produkt\/sycon-2502-suporte-de-parede-24-v-ca-cc\/\" \/>\n<meta property=\"og:locale\" content=\"pt_BR\" \/>\n<meta property=\"og:type\" content=\"article\" \/>\n<meta property=\"og:title\" content=\"SYCON 2502 Suporte de parede (24 V CA\/CC)\" \/>\n<meta property=\"og:description\" content=\"O SYCON 2502 \u00e9 o analisador ideal para o monitoramento de valores-limite de sistemas de abrandamento de \u00e1gua.\" \/>\n<meta property=\"og:url\" content=\"https:\/\/rls-wacon.de\/pt-br\/produkt\/sycon-2502-suporte-de-parede-24-v-ca-cc\/\" \/>\n<meta property=\"og:site_name\" content=\"RLS Wacon analytics\" \/>\n<meta property=\"article:modified_time\" content=\"2026-02-16T20:57:22+00:00\" \/>\n<meta property=\"og:image\" content=\"https:\/\/rls-wacon.de\/wp-content\/uploads\/2023\/03\/sycon-2502.5.jpg\" \/>\n\t<meta property=\"og:image:width\" content=\"517\" \/>\n\t<meta property=\"og:image:height\" content=\"538\" \/>\n\t<meta property=\"og:image:type\" content=\"image\/jpeg\" \/>\n<meta name=\"twitter:card\" content=\"summary_large_image\" \/>\n<meta name=\"twitter:label1\" content=\"Pre\u00e7o\" \/>\n\t<meta name=\"twitter:data1\" content=\"9.999,00&nbsp;&euro;\" \/>\n\t<meta name=\"twitter:label2\" content=\"Disponibilidade\" \/>\n\t<meta name=\"twitter:data2\" content=\"Em Estoque\" \/>\n<script type=\"application\/ld+json\" class=\"yoast-schema-graph\">{\"@context\":\"https:\\\/\\\/schema.org\",\"@graph\":[{\"@type\":\"WebPage\",\"@id\":\"https:\\\/\\\/rls-wacon.de\\\/pt-br\\\/produkt\\\/sycon-2502-suporte-de-parede-24-v-ca-cc\\\/\",\"url\":\"https:\\\/\\\/rls-wacon.de\\\/pt-br\\\/produkt\\\/sycon-2502-suporte-de-parede-24-v-ca-cc\\\/\",\"name\":\"SYCON 2502 Suporte de parede (24 V CA\\\/CC) - RLS Wacon analytics\",\"isPartOf\":{\"@id\":\"https:\\\/\\\/rls-wacon.de\\\/#website\"},\"primaryImageOfPage\":{\"@id\":\"https:\\\/\\\/rls-wacon.de\\\/pt-br\\\/produkt\\\/sycon-2502-suporte-de-parede-24-v-ca-cc\\\/#primaryimage\"},\"image\":{\"@id\":\"https:\\\/\\\/rls-wacon.de\\\/pt-br\\\/produkt\\\/sycon-2502-suporte-de-parede-24-v-ca-cc\\\/#primaryimage\"},\"thumbnailUrl\":\"https:\\\/\\\/rls-wacon.de\\\/wp-content\\\/uploads\\\/2023\\\/03\\\/sycon-2502.5.jpg\",\"datePublished\":\"2023-09-14T13:54:44+00:00\",\"dateModified\":\"2026-02-16T20:57:22+00:00\",\"description\":\"O SYCON 2502 \u00e9 o analisador ideal para o monitoramento de valores-limite de sistemas de abrandamento de \u00e1gua.\",\"breadcrumb\":{\"@id\":\"https:\\\/\\\/rls-wacon.de\\\/pt-br\\\/produkt\\\/sycon-2502-suporte-de-parede-24-v-ca-cc\\\/#breadcrumb\"},\"inLanguage\":\"pt-BR\",\"potentialAction\":[{\"@type\":\"ReadAction\",\"target\":[\"https:\\\/\\\/rls-wacon.de\\\/pt-br\\\/produkt\\\/sycon-2502-suporte-de-parede-24-v-ca-cc\\\/\"]}]},{\"@type\":\"ImageObject\",\"inLanguage\":\"pt-BR\",\"@id\":\"https:\\\/\\\/rls-wacon.de\\\/pt-br\\\/produkt\\\/sycon-2502-suporte-de-parede-24-v-ca-cc\\\/#primaryimage\",\"url\":\"https:\\\/\\\/rls-wacon.de\\\/wp-content\\\/uploads\\\/2023\\\/03\\\/sycon-2502.5.jpg\",\"contentUrl\":\"https:\\\/\\\/rls-wacon.de\\\/wp-content\\\/uploads\\\/2023\\\/03\\\/sycon-2502.5.jpg\",\"width\":517,\"height\":538,\"caption\":\"sycon-2502.5\"},{\"@type\":\"BreadcrumbList\",\"@id\":\"https:\\\/\\\/rls-wacon.de\\\/pt-br\\\/produkt\\\/sycon-2502-suporte-de-parede-24-v-ca-cc\\\/#breadcrumb\",\"itemListElement\":[{\"@type\":\"ListItem\",\"position\":1,\"name\":\"Startseite\",\"item\":\"https:\\\/\\\/rls-wacon.de\\\/pt-br\\\/\"},{\"@type\":\"ListItem\",\"position\":2,\"name\":\"Produtos\",\"item\":\"https:\\\/\\\/rls-wacon.de\\\/shop\\\/\"},{\"@type\":\"ListItem\",\"position\":3,\"name\":\"SYCON 2502 Suporte de parede (24 V CA\\\/CC)\"}]},{\"@type\":\"WebSite\",\"@id\":\"https:\\\/\\\/rls-wacon.de\\\/#website\",\"url\":\"https:\\\/\\\/rls-wacon.de\\\/\",\"name\":\"RLS Wacon analytics GmbH\",\"description\":\"Experts for water monitoring\",\"publisher\":{\"@id\":\"https:\\\/\\\/rls-wacon.de\\\/#organization\"},\"potentialAction\":[{\"@type\":\"SearchAction\",\"target\":{\"@type\":\"EntryPoint\",\"urlTemplate\":\"https:\\\/\\\/rls-wacon.de\\\/?s={search_term_string}\"},\"query-input\":{\"@type\":\"PropertyValueSpecification\",\"valueRequired\":true,\"valueName\":\"search_term_string\"}}],\"inLanguage\":\"pt-BR\"},{\"@type\":\"Organization\",\"@id\":\"https:\\\/\\\/rls-wacon.de\\\/#organization\",\"name\":\"RLS Wacon analytics GmbH\",\"url\":\"https:\\\/\\\/rls-wacon.de\\\/\",\"logo\":{\"@type\":\"ImageObject\",\"inLanguage\":\"pt-BR\",\"@id\":\"https:\\\/\\\/rls-wacon.de\\\/#\\\/schema\\\/logo\\\/image\\\/\",\"url\":\"https:\\\/\\\/rls-wacon.de\\\/wp-content\\\/uploads\\\/2022\\\/10\\\/RLSWacon-analytics-Logo-BR-RZ-9_17-768x1591.png\",\"contentUrl\":\"https:\\\/\\\/rls-wacon.de\\\/wp-content\\\/uploads\\\/2022\\\/10\\\/RLSWacon-analytics-Logo-BR-RZ-9_17-768x1591.png\",\"width\":768,\"height\":159,\"caption\":\"RLS Wacon analytics GmbH\"},\"image\":{\"@id\":\"https:\\\/\\\/rls-wacon.de\\\/#\\\/schema\\\/logo\\\/image\\\/\"}}]}<\/script>\n<meta property=\"product:price:amount\" content=\"9999.00\" \/>\n<meta property=\"product:price:currency\" content=\"EUR\" \/>\n<meta property=\"og:availability\" content=\"instock\" \/>\n<meta property=\"product:availability\" content=\"instock\" \/>\n<meta property=\"product:condition\" content=\"new\" \/>\n<!-- \/ Yoast SEO Premium plugin. -->","yoast_head_json":{"title":"SYCON 2502 Suporte de parede (24 V CA\/CC) - RLS Wacon analytics","description":"O SYCON 2502 \u00e9 o analisador ideal para o monitoramento de valores-limite de sistemas de abrandamento de \u00e1gua.","robots":{"index":"index","follow":"follow","max-snippet":"max-snippet:-1","max-image-preview":"max-image-preview:large","max-video-preview":"max-video-preview:-1"},"canonical":"https:\/\/rls-wacon.de\/pt-br\/produkt\/sycon-2502-suporte-de-parede-24-v-ca-cc\/","og_locale":"pt_BR","og_type":"article","og_title":"SYCON 2502 Suporte de parede (24 V CA\/CC)","og_description":"O SYCON 2502 \u00e9 o analisador ideal para o monitoramento de valores-limite de sistemas de abrandamento de \u00e1gua.","og_url":"https:\/\/rls-wacon.de\/pt-br\/produkt\/sycon-2502-suporte-de-parede-24-v-ca-cc\/","og_site_name":"RLS Wacon analytics","article_modified_time":"2026-02-16T20:57:22+00:00","og_image":[{"width":517,"height":538,"url":"https:\/\/rls-wacon.de\/wp-content\/uploads\/2023\/03\/sycon-2502.5.jpg","type":"image\/jpeg"}],"twitter_card":"summary_large_image","twitter_misc":{"Pre\u00e7o":"9.999,00&nbsp;&euro;","Disponibilidade":"Em Estoque"},"schema":{"@context":"https:\/\/schema.org","@graph":[{"@type":"WebPage","@id":"https:\/\/rls-wacon.de\/pt-br\/produkt\/sycon-2502-suporte-de-parede-24-v-ca-cc\/","url":"https:\/\/rls-wacon.de\/pt-br\/produkt\/sycon-2502-suporte-de-parede-24-v-ca-cc\/","name":"SYCON 2502 Suporte de parede (24 V CA\/CC) - RLS Wacon analytics","isPartOf":{"@id":"https:\/\/rls-wacon.de\/#website"},"primaryImageOfPage":{"@id":"https:\/\/rls-wacon.de\/pt-br\/produkt\/sycon-2502-suporte-de-parede-24-v-ca-cc\/#primaryimage"},"image":{"@id":"https:\/\/rls-wacon.de\/pt-br\/produkt\/sycon-2502-suporte-de-parede-24-v-ca-cc\/#primaryimage"},"thumbnailUrl":"https:\/\/rls-wacon.de\/wp-content\/uploads\/2023\/03\/sycon-2502.5.jpg","datePublished":"2023-09-14T13:54:44+00:00","dateModified":"2026-02-16T20:57:22+00:00","description":"O SYCON 2502 \u00e9 o analisador ideal para o monitoramento de valores-limite de sistemas de abrandamento de \u00e1gua.","breadcrumb":{"@id":"https:\/\/rls-wacon.de\/pt-br\/produkt\/sycon-2502-suporte-de-parede-24-v-ca-cc\/#breadcrumb"},"inLanguage":"pt-BR","potentialAction":[{"@type":"ReadAction","target":["https:\/\/rls-wacon.de\/pt-br\/produkt\/sycon-2502-suporte-de-parede-24-v-ca-cc\/"]}]},{"@type":"ImageObject","inLanguage":"pt-BR","@id":"https:\/\/rls-wacon.de\/pt-br\/produkt\/sycon-2502-suporte-de-parede-24-v-ca-cc\/#primaryimage","url":"https:\/\/rls-wacon.de\/wp-content\/uploads\/2023\/03\/sycon-2502.5.jpg","contentUrl":"https:\/\/rls-wacon.de\/wp-content\/uploads\/2023\/03\/sycon-2502.5.jpg","width":517,"height":538,"caption":"sycon-2502.5"},{"@type":"BreadcrumbList","@id":"https:\/\/rls-wacon.de\/pt-br\/produkt\/sycon-2502-suporte-de-parede-24-v-ca-cc\/#breadcrumb","itemListElement":[{"@type":"ListItem","position":1,"name":"Startseite","item":"https:\/\/rls-wacon.de\/pt-br\/"},{"@type":"ListItem","position":2,"name":"Produtos","item":"https:\/\/rls-wacon.de\/shop\/"},{"@type":"ListItem","position":3,"name":"SYCON 2502 Suporte de parede (24 V CA\/CC)"}]},{"@type":"WebSite","@id":"https:\/\/rls-wacon.de\/#website","url":"https:\/\/rls-wacon.de\/","name":"RLS Wacon analytics GmbH","description":"Experts for water monitoring","publisher":{"@id":"https:\/\/rls-wacon.de\/#organization"},"potentialAction":[{"@type":"SearchAction","target":{"@type":"EntryPoint","urlTemplate":"https:\/\/rls-wacon.de\/?s={search_term_string}"},"query-input":{"@type":"PropertyValueSpecification","valueRequired":true,"valueName":"search_term_string"}}],"inLanguage":"pt-BR"},{"@type":"Organization","@id":"https:\/\/rls-wacon.de\/#organization","name":"RLS Wacon analytics GmbH","url":"https:\/\/rls-wacon.de\/","logo":{"@type":"ImageObject","inLanguage":"pt-BR","@id":"https:\/\/rls-wacon.de\/#\/schema\/logo\/image\/","url":"https:\/\/rls-wacon.de\/wp-content\/uploads\/2022\/10\/RLSWacon-analytics-Logo-BR-RZ-9_17-768x1591.png","contentUrl":"https:\/\/rls-wacon.de\/wp-content\/uploads\/2022\/10\/RLSWacon-analytics-Logo-BR-RZ-9_17-768x1591.png","width":768,"height":159,"caption":"RLS Wacon analytics GmbH"},"image":{"@id":"https:\/\/rls-wacon.de\/#\/schema\/logo\/image\/"}}]},"product_price_amount":"9999.00","product_price_currency":"EUR","og_availability":"instock","product_availability":"instock","product_condition":"new"},"_links":{"self":[{"href":"https:\/\/rls-wacon.de\/pt-br\/wp-json\/wp\/v2\/product\/22930","targetHints":{"allow":["GET"]}}],"collection":[{"href":"https:\/\/rls-wacon.de\/pt-br\/wp-json\/wp\/v2\/product"}],"about":[{"href":"https:\/\/rls-wacon.de\/pt-br\/wp-json\/wp\/v2\/types\/product"}],"version-history":[{"count":1,"href":"https:\/\/rls-wacon.de\/pt-br\/wp-json\/wp\/v2\/product\/22930\/revisions"}],"predecessor-version":[{"id":28884,"href":"https:\/\/rls-wacon.de\/pt-br\/wp-json\/wp\/v2\/product\/22930\/revisions\/28884"}],"wp:featuredmedia":[{"embeddable":true,"href":"https:\/\/rls-wacon.de\/pt-br\/wp-json\/wp\/v2\/media\/6707"}],"wp:attachment":[{"href":"https:\/\/rls-wacon.de\/pt-br\/wp-json\/wp\/v2\/media?parent=22930"}],"wp:term":[{"taxonomy":"product_brand","embeddable":true,"href":"https:\/\/rls-wacon.de\/pt-br\/wp-json\/wp\/v2\/product_brand?post=22930"},{"taxonomy":"product_cat","embeddable":true,"href":"https:\/\/rls-wacon.de\/pt-br\/wp-json\/wp\/v2\/product_cat?post=22930"},{"taxonomy":"product_tag","embeddable":true,"href":"https:\/\/rls-wacon.de\/pt-br\/wp-json\/wp\/v2\/product_tag?post=22930"}],"curies":[{"name":"wp","href":"https:\/\/api.w.org\/{rel}","templated":true}]}}