{"id":23066,"date":"2023-10-24T15:04:10","date_gmt":"2023-10-24T15:04:10","guid":{"rendered":"https:\/\/rls-wacon.de\/produkt\/suporte-de-aco-inoxidavel-para-modulos\/"},"modified":"2026-02-16T22:22:18","modified_gmt":"2026-02-16T21:22:18","slug":"suporte-de-aco-inoxidavel-para-modulos","status":"publish","type":"product","link":"https:\/\/rls-wacon.de\/pt-br\/produkt\/suporte-de-aco-inoxidavel-para-modulos\/","title":{"rendered":"Suporte de a\u00e7o inoxid\u00e1vel para m\u00f3dulos"},"content":{"rendered":"","protected":false},"excerpt":{"rendered":"<p>\u00c9 necess\u00e1rio um suporte de montagem de a\u00e7o inoxid\u00e1vel por m\u00f3dulo.<\/p>\n","protected":false},"featured_media":0,"template":"","meta":{"_acf_changed":false},"product_brand":[],"product_cat":[1258,1261,1259,1263,1384],"product_tag":[],"class_list":{"0":"post-23066","1":"product","2":"type-product","3":"status-publish","5":"product_cat-cortina-de-luz","6":"product_cat-versao-c","7":"product_cat-versao-d","8":"product_cat-versao-eletronica","9":"product_cat-versao-mo","11":"first","12":"instock","13":"shipping-taxable","14":"purchasable","15":"product-type-simple"},"exclude_global_add_ons":[],"addons":[],"acf":[],"yoast_head":"<!-- This site is optimized with the Yoast SEO Premium plugin v27.3 (Yoast SEO v27.3) - https:\/\/yoast.com\/product\/yoast-seo-premium-wordpress\/ -->\n<title>Suporte de a\u00e7o inoxid\u00e1vel para m\u00f3dulos - RLS Wacon analytics<\/title>\n<meta name=\"description\" content=\"\u00c9 necess\u00e1rio um suporte de montagem de a\u00e7o inoxid\u00e1vel por m\u00f3dulo.\" \/>\n<meta name=\"robots\" content=\"index, follow, max-snippet:-1, max-image-preview:large, max-video-preview:-1\" \/>\n<link rel=\"canonical\" href=\"https:\/\/rls-wacon.de\/pt-br\/produkt\/suporte-de-aco-inoxidavel-para-modulos\/\" \/>\n<meta property=\"og:locale\" content=\"pt_BR\" \/>\n<meta property=\"og:type\" content=\"article\" \/>\n<meta property=\"og:title\" content=\"Suporte de a\u00e7o inoxid\u00e1vel para m\u00f3dulos\" \/>\n<meta property=\"og:description\" content=\"\u00c9 necess\u00e1rio um suporte de montagem de a\u00e7o inoxid\u00e1vel por m\u00f3dulo.\" \/>\n<meta property=\"og:url\" content=\"https:\/\/rls-wacon.de\/pt-br\/produkt\/suporte-de-aco-inoxidavel-para-modulos\/\" \/>\n<meta property=\"og:site_name\" content=\"RLS Wacon analytics\" \/>\n<meta property=\"article:modified_time\" content=\"2026-02-16T21:22:18+00:00\" \/>\n<meta name=\"twitter:card\" content=\"summary_large_image\" \/>\n<meta name=\"twitter:label1\" content=\"Pre\u00e7o\" \/>\n\t<meta name=\"twitter:data1\" content=\"9.999,00&nbsp;&euro;\" \/>\n\t<meta name=\"twitter:label2\" content=\"Disponibilidade\" \/>\n\t<meta name=\"twitter:data2\" content=\"Em Estoque\" \/>\n<script type=\"application\/ld+json\" class=\"yoast-schema-graph\">{\"@context\":\"https:\\\/\\\/schema.org\",\"@graph\":[{\"@type\":\"WebPage\",\"@id\":\"https:\\\/\\\/rls-wacon.de\\\/pt-br\\\/produkt\\\/suporte-de-aco-inoxidavel-para-modulos\\\/\",\"url\":\"https:\\\/\\\/rls-wacon.de\\\/pt-br\\\/produkt\\\/suporte-de-aco-inoxidavel-para-modulos\\\/\",\"name\":\"Suporte de a\u00e7o inoxid\u00e1vel para m\u00f3dulos - RLS Wacon analytics\",\"isPartOf\":{\"@id\":\"https:\\\/\\\/rls-wacon.de\\\/#website\"},\"datePublished\":\"2023-10-24T15:04:10+00:00\",\"dateModified\":\"2026-02-16T21:22:18+00:00\",\"description\":\"\u00c9 necess\u00e1rio um suporte de montagem de a\u00e7o inoxid\u00e1vel por m\u00f3dulo.\",\"breadcrumb\":{\"@id\":\"https:\\\/\\\/rls-wacon.de\\\/pt-br\\\/produkt\\\/suporte-de-aco-inoxidavel-para-modulos\\\/#breadcrumb\"},\"inLanguage\":\"pt-BR\",\"potentialAction\":[{\"@type\":\"ReadAction\",\"target\":[\"https:\\\/\\\/rls-wacon.de\\\/pt-br\\\/produkt\\\/suporte-de-aco-inoxidavel-para-modulos\\\/\"]}]},{\"@type\":\"BreadcrumbList\",\"@id\":\"https:\\\/\\\/rls-wacon.de\\\/pt-br\\\/produkt\\\/suporte-de-aco-inoxidavel-para-modulos\\\/#breadcrumb\",\"itemListElement\":[{\"@type\":\"ListItem\",\"position\":1,\"name\":\"Startseite\",\"item\":\"https:\\\/\\\/rls-wacon.de\\\/pt-br\\\/\"},{\"@type\":\"ListItem\",\"position\":2,\"name\":\"Produtos\",\"item\":\"https:\\\/\\\/rls-wacon.de\\\/shop\\\/\"},{\"@type\":\"ListItem\",\"position\":3,\"name\":\"Suporte de a\u00e7o inoxid\u00e1vel para m\u00f3dulos\"}]},{\"@type\":\"WebSite\",\"@id\":\"https:\\\/\\\/rls-wacon.de\\\/#website\",\"url\":\"https:\\\/\\\/rls-wacon.de\\\/\",\"name\":\"RLS Wacon analytics GmbH\",\"description\":\"Experts for water monitoring\",\"publisher\":{\"@id\":\"https:\\\/\\\/rls-wacon.de\\\/#organization\"},\"potentialAction\":[{\"@type\":\"SearchAction\",\"target\":{\"@type\":\"EntryPoint\",\"urlTemplate\":\"https:\\\/\\\/rls-wacon.de\\\/?s={search_term_string}\"},\"query-input\":{\"@type\":\"PropertyValueSpecification\",\"valueRequired\":true,\"valueName\":\"search_term_string\"}}],\"inLanguage\":\"pt-BR\"},{\"@type\":\"Organization\",\"@id\":\"https:\\\/\\\/rls-wacon.de\\\/#organization\",\"name\":\"RLS Wacon analytics GmbH\",\"url\":\"https:\\\/\\\/rls-wacon.de\\\/\",\"logo\":{\"@type\":\"ImageObject\",\"inLanguage\":\"pt-BR\",\"@id\":\"https:\\\/\\\/rls-wacon.de\\\/#\\\/schema\\\/logo\\\/image\\\/\",\"url\":\"https:\\\/\\\/rls-wacon.de\\\/wp-content\\\/uploads\\\/2022\\\/10\\\/RLSWacon-analytics-Logo-BR-RZ-9_17-768x1591.png\",\"contentUrl\":\"https:\\\/\\\/rls-wacon.de\\\/wp-content\\\/uploads\\\/2022\\\/10\\\/RLSWacon-analytics-Logo-BR-RZ-9_17-768x1591.png\",\"width\":768,\"height\":159,\"caption\":\"RLS Wacon analytics GmbH\"},\"image\":{\"@id\":\"https:\\\/\\\/rls-wacon.de\\\/#\\\/schema\\\/logo\\\/image\\\/\"}}]}<\/script>\n<meta property=\"product:price:amount\" content=\"9999.00\" \/>\n<meta property=\"product:price:currency\" content=\"EUR\" \/>\n<meta property=\"og:availability\" content=\"instock\" \/>\n<meta property=\"product:availability\" content=\"instock\" \/>\n<meta property=\"product:condition\" content=\"new\" \/>\n<!-- \/ Yoast SEO Premium plugin. -->","yoast_head_json":{"title":"Suporte de a\u00e7o inoxid\u00e1vel para m\u00f3dulos - RLS Wacon analytics","description":"\u00c9 necess\u00e1rio um suporte de montagem de a\u00e7o inoxid\u00e1vel por m\u00f3dulo.","robots":{"index":"index","follow":"follow","max-snippet":"max-snippet:-1","max-image-preview":"max-image-preview:large","max-video-preview":"max-video-preview:-1"},"canonical":"https:\/\/rls-wacon.de\/pt-br\/produkt\/suporte-de-aco-inoxidavel-para-modulos\/","og_locale":"pt_BR","og_type":"article","og_title":"Suporte de a\u00e7o inoxid\u00e1vel para m\u00f3dulos","og_description":"\u00c9 necess\u00e1rio um suporte de montagem de a\u00e7o inoxid\u00e1vel por m\u00f3dulo.","og_url":"https:\/\/rls-wacon.de\/pt-br\/produkt\/suporte-de-aco-inoxidavel-para-modulos\/","og_site_name":"RLS Wacon analytics","article_modified_time":"2026-02-16T21:22:18+00:00","twitter_card":"summary_large_image","twitter_misc":{"Pre\u00e7o":"9.999,00&nbsp;&euro;","Disponibilidade":"Em Estoque"},"schema":{"@context":"https:\/\/schema.org","@graph":[{"@type":"WebPage","@id":"https:\/\/rls-wacon.de\/pt-br\/produkt\/suporte-de-aco-inoxidavel-para-modulos\/","url":"https:\/\/rls-wacon.de\/pt-br\/produkt\/suporte-de-aco-inoxidavel-para-modulos\/","name":"Suporte de a\u00e7o inoxid\u00e1vel para m\u00f3dulos - RLS Wacon analytics","isPartOf":{"@id":"https:\/\/rls-wacon.de\/#website"},"datePublished":"2023-10-24T15:04:10+00:00","dateModified":"2026-02-16T21:22:18+00:00","description":"\u00c9 necess\u00e1rio um suporte de montagem de a\u00e7o inoxid\u00e1vel por m\u00f3dulo.","breadcrumb":{"@id":"https:\/\/rls-wacon.de\/pt-br\/produkt\/suporte-de-aco-inoxidavel-para-modulos\/#breadcrumb"},"inLanguage":"pt-BR","potentialAction":[{"@type":"ReadAction","target":["https:\/\/rls-wacon.de\/pt-br\/produkt\/suporte-de-aco-inoxidavel-para-modulos\/"]}]},{"@type":"BreadcrumbList","@id":"https:\/\/rls-wacon.de\/pt-br\/produkt\/suporte-de-aco-inoxidavel-para-modulos\/#breadcrumb","itemListElement":[{"@type":"ListItem","position":1,"name":"Startseite","item":"https:\/\/rls-wacon.de\/pt-br\/"},{"@type":"ListItem","position":2,"name":"Produtos","item":"https:\/\/rls-wacon.de\/shop\/"},{"@type":"ListItem","position":3,"name":"Suporte de a\u00e7o inoxid\u00e1vel para m\u00f3dulos"}]},{"@type":"WebSite","@id":"https:\/\/rls-wacon.de\/#website","url":"https:\/\/rls-wacon.de\/","name":"RLS Wacon analytics GmbH","description":"Experts for water monitoring","publisher":{"@id":"https:\/\/rls-wacon.de\/#organization"},"potentialAction":[{"@type":"SearchAction","target":{"@type":"EntryPoint","urlTemplate":"https:\/\/rls-wacon.de\/?s={search_term_string}"},"query-input":{"@type":"PropertyValueSpecification","valueRequired":true,"valueName":"search_term_string"}}],"inLanguage":"pt-BR"},{"@type":"Organization","@id":"https:\/\/rls-wacon.de\/#organization","name":"RLS Wacon analytics GmbH","url":"https:\/\/rls-wacon.de\/","logo":{"@type":"ImageObject","inLanguage":"pt-BR","@id":"https:\/\/rls-wacon.de\/#\/schema\/logo\/image\/","url":"https:\/\/rls-wacon.de\/wp-content\/uploads\/2022\/10\/RLSWacon-analytics-Logo-BR-RZ-9_17-768x1591.png","contentUrl":"https:\/\/rls-wacon.de\/wp-content\/uploads\/2022\/10\/RLSWacon-analytics-Logo-BR-RZ-9_17-768x1591.png","width":768,"height":159,"caption":"RLS Wacon analytics GmbH"},"image":{"@id":"https:\/\/rls-wacon.de\/#\/schema\/logo\/image\/"}}]},"product_price_amount":"9999.00","product_price_currency":"EUR","og_availability":"instock","product_availability":"instock","product_condition":"new"},"_links":{"self":[{"href":"https:\/\/rls-wacon.de\/pt-br\/wp-json\/wp\/v2\/product\/23066","targetHints":{"allow":["GET"]}}],"collection":[{"href":"https:\/\/rls-wacon.de\/pt-br\/wp-json\/wp\/v2\/product"}],"about":[{"href":"https:\/\/rls-wacon.de\/pt-br\/wp-json\/wp\/v2\/types\/product"}],"version-history":[{"count":1,"href":"https:\/\/rls-wacon.de\/pt-br\/wp-json\/wp\/v2\/product\/23066\/revisions"}],"predecessor-version":[{"id":28927,"href":"https:\/\/rls-wacon.de\/pt-br\/wp-json\/wp\/v2\/product\/23066\/revisions\/28927"}],"wp:attachment":[{"href":"https:\/\/rls-wacon.de\/pt-br\/wp-json\/wp\/v2\/media?parent=23066"}],"wp:term":[{"taxonomy":"product_brand","embeddable":true,"href":"https:\/\/rls-wacon.de\/pt-br\/wp-json\/wp\/v2\/product_brand?post=23066"},{"taxonomy":"product_cat","embeddable":true,"href":"https:\/\/rls-wacon.de\/pt-br\/wp-json\/wp\/v2\/product_cat?post=23066"},{"taxonomy":"product_tag","embeddable":true,"href":"https:\/\/rls-wacon.de\/pt-br\/wp-json\/wp\/v2\/product_tag?post=23066"}],"curies":[{"name":"wp","href":"https:\/\/api.w.org\/{rel}","templated":true}]}}