{"id":23145,"date":"2023-10-24T15:04:18","date_gmt":"2023-10-24T15:04:18","guid":{"rendered":"https:\/\/rls-wacon.de\/produkt\/indicador-de-direcao-rs70114-w-b-q-check\/"},"modified":"2026-02-16T22:34:34","modified_gmt":"2026-02-16T21:34:34","slug":"indicador-de-direcao-rs70114-w-b-q-check","status":"publish","type":"product","link":"https:\/\/rls-wacon.de\/pt-br\/produkt\/indicador-de-direcao-rs70114-w-b-q-check\/","title":{"rendered":"Indicador de dire\u00e7\u00e3o RS70114-W-B\/Q-check"},"content":{"rendered":"<hr class=\"system-pagebreak\" title=\"Especifica\u00e7\u00f5es\" \/>\n<table class=\"rls-table\">\n<tbody>\n<tr>\n<td>Par\u00e2metro<\/td>\n<td>Valor<\/td>\n<\/tr>\n<tr>\n<td>Tens\u00e3o operacional<\/td>\n<td>16 &#8230; 28 V CA \/ 16 &#8230; 36 V CC<\/td>\n<\/tr>\n<tr>\n<td>Consumo de energia<\/td>\n<td>tip. 2,6 VA<\/td>\n<\/tr>\n<tr>\n<td>Temperatura ambiente<\/td>\n<td>-20\u00b0C a 60 \u00b0C<\/td>\n<\/tr>\n<tr>\n<td>Classe de prote\u00e7\u00e3o<\/td>\n<td>IP 67<\/td>\n<\/tr>\n<\/tbody>\n<\/table>\n<hr class=\"system-pagebreak\" title=\"Dados t\u00e9cnicos\" \/>\n<table class=\"rls-table\">\n<tbody>\n<tr>\n<td>Par\u00e2metro<\/td>\n<td>Valor<\/td>\n<\/tr>\n<tr>\n<td>Cor do LED<\/td>\n<td>branco<\/td>\n<\/tr>\n<tr>\n<td>Luminosidade<\/td>\n<td>tip. 30 lx (0,5 m de dist\u00e2ncia)<\/td>\n<\/tr>\n<tr>\n<td>Para-brisa dianteiro<\/td>\n<td>d = 70 mm, curvo<\/td>\n<\/tr>\n<tr>\n<td>Conex\u00e3o<\/td>\n<td>2 x 0,5 mm\u00b2, comprimento 30 cm, terminais de fio<\/td>\n<\/tr>\n<\/tbody>\n<\/table>\n","protected":false},"excerpt":{"rendered":"<p>O indicador de dire\u00e7\u00e3o RS70114-W-B\/Q-check com monitoramento de fun\u00e7\u00e3o \u00e9 uma seta de dire\u00e7\u00e3o branca retroiluminada que aponta para a direita em um fundo azul. O sem\u00e1foro RS70114-W-B\/Q-check tem um alto contraste \u00f3ptico com baixo consumo e ilumina\u00e7\u00e3o homog\u00eanea.<\/p>\n<p>Os recursos especiais s\u00e3o:<\/p>\n<ul>\n<li>Monitoramento de fun\u00e7\u00f5es<\/li>\n<li>Para instala\u00e7\u00e3o em colunas redondas com 114 mm de di\u00e2metro<\/li>\n<li>Tela frontal para instala\u00e7\u00e3o em recesso de 70 mm<\/li>\n<li>Para-brisa curvo<\/li>\n<li>Ampla faixa de tens\u00e3o de entrada<\/li>\n<li>Robusto e dur\u00e1vel<\/li>\n<li>Nenhum s\u00edmbolo reconhec\u00edvel no estado desenergizado<\/li>\n<li>Possibilidade de vers\u00e3o especial para 12 V<\/li>\n<\/ul>\n<p>\u00c1reas de aplica\u00e7\u00e3o do indicador de dire\u00e7\u00e3o RS70114-W-B\/Q-check:<\/p>\n<ul>\n<li>Instala\u00e7\u00f5es de transporte de passageiros<\/li>\n<li>Controle do fluxo de tr\u00e1fego<\/li>\n<li>Controle de acesso<\/li>\n<\/ul>\n","protected":false},"featured_media":0,"template":"","meta":{"_acf_changed":false},"product_brand":[],"product_cat":[1227],"product_tag":[],"class_list":{"0":"post-23145","1":"product","2":"type-product","3":"status-publish","5":"product_cat-indicador-de-direcao","7":"first","8":"instock","9":"shipping-taxable","10":"purchasable","11":"product-type-simple"},"exclude_global_add_ons":[],"addons":[],"acf":[],"yoast_head":"<!-- This site is optimized with the Yoast SEO Premium plugin v27.3 (Yoast SEO v27.3) - https:\/\/yoast.com\/product\/yoast-seo-premium-wordpress\/ -->\n<title>Indicador de dire\u00e7\u00e3o RS70114-W-B\/Q-check - RLS Wacon analytics<\/title>\n<meta name=\"description\" content=\"O indicador de dire\u00e7\u00e3o RS70114-W-B\/Q-check com monitoramento de fun\u00e7\u00e3o \u00e9 uma seta de dire\u00e7\u00e3o branca retroiluminada que aponta para a direita em um fundo\u2026\" \/>\n<meta name=\"robots\" content=\"index, follow, max-snippet:-1, max-image-preview:large, max-video-preview:-1\" \/>\n<link rel=\"canonical\" href=\"https:\/\/rls-wacon.de\/pt-br\/produkt\/indicador-de-direcao-rs70114-w-b-q-check\/\" \/>\n<meta property=\"og:locale\" content=\"pt_BR\" \/>\n<meta property=\"og:type\" content=\"article\" \/>\n<meta property=\"og:title\" content=\"Indicador de dire\u00e7\u00e3o RS70114-W-B\/Q-check\" \/>\n<meta property=\"og:description\" content=\"O indicador de dire\u00e7\u00e3o RS70114-W-B\/Q-check com monitoramento de fun\u00e7\u00e3o \u00e9 uma seta de dire\u00e7\u00e3o branca retroiluminada que aponta para a direita em um fundo\u2026\" \/>\n<meta property=\"og:url\" content=\"https:\/\/rls-wacon.de\/pt-br\/produkt\/indicador-de-direcao-rs70114-w-b-q-check\/\" \/>\n<meta property=\"og:site_name\" content=\"RLS Wacon analytics\" \/>\n<meta property=\"article:modified_time\" content=\"2026-02-16T21:34:34+00:00\" \/>\n<meta name=\"twitter:card\" content=\"summary_large_image\" \/>\n<meta name=\"twitter:label1\" content=\"Pre\u00e7o\" \/>\n\t<meta name=\"twitter:data1\" content=\"9.999,00&nbsp;&euro;\" \/>\n\t<meta name=\"twitter:label2\" content=\"Disponibilidade\" \/>\n\t<meta name=\"twitter:data2\" content=\"Em Estoque\" \/>\n<script type=\"application\/ld+json\" class=\"yoast-schema-graph\">{\"@context\":\"https:\\\/\\\/schema.org\",\"@graph\":[{\"@type\":\"WebPage\",\"@id\":\"https:\\\/\\\/rls-wacon.de\\\/pt-br\\\/produkt\\\/indicador-de-direcao-rs70114-w-b-q-check\\\/\",\"url\":\"https:\\\/\\\/rls-wacon.de\\\/pt-br\\\/produkt\\\/indicador-de-direcao-rs70114-w-b-q-check\\\/\",\"name\":\"Indicador de dire\u00e7\u00e3o RS70114-W-B\\\/Q-check - RLS Wacon analytics\",\"isPartOf\":{\"@id\":\"https:\\\/\\\/rls-wacon.de\\\/#website\"},\"datePublished\":\"2023-10-24T15:04:18+00:00\",\"dateModified\":\"2026-02-16T21:34:34+00:00\",\"description\":\"O indicador de dire\u00e7\u00e3o RS70114-W-B\\\/Q-check com monitoramento de fun\u00e7\u00e3o \u00e9 uma seta de dire\u00e7\u00e3o branca retroiluminada que aponta para a direita em um fundo\u2026\",\"breadcrumb\":{\"@id\":\"https:\\\/\\\/rls-wacon.de\\\/pt-br\\\/produkt\\\/indicador-de-direcao-rs70114-w-b-q-check\\\/#breadcrumb\"},\"inLanguage\":\"pt-BR\",\"potentialAction\":[{\"@type\":\"ReadAction\",\"target\":[\"https:\\\/\\\/rls-wacon.de\\\/pt-br\\\/produkt\\\/indicador-de-direcao-rs70114-w-b-q-check\\\/\"]}]},{\"@type\":\"BreadcrumbList\",\"@id\":\"https:\\\/\\\/rls-wacon.de\\\/pt-br\\\/produkt\\\/indicador-de-direcao-rs70114-w-b-q-check\\\/#breadcrumb\",\"itemListElement\":[{\"@type\":\"ListItem\",\"position\":1,\"name\":\"Startseite\",\"item\":\"https:\\\/\\\/rls-wacon.de\\\/pt-br\\\/\"},{\"@type\":\"ListItem\",\"position\":2,\"name\":\"Produtos\",\"item\":\"https:\\\/\\\/rls-wacon.de\\\/shop\\\/\"},{\"@type\":\"ListItem\",\"position\":3,\"name\":\"Indicador de dire\u00e7\u00e3o RS70114-W-B\\\/Q-check\"}]},{\"@type\":\"WebSite\",\"@id\":\"https:\\\/\\\/rls-wacon.de\\\/#website\",\"url\":\"https:\\\/\\\/rls-wacon.de\\\/\",\"name\":\"RLS Wacon analytics GmbH\",\"description\":\"Experts for water monitoring\",\"publisher\":{\"@id\":\"https:\\\/\\\/rls-wacon.de\\\/#organization\"},\"potentialAction\":[{\"@type\":\"SearchAction\",\"target\":{\"@type\":\"EntryPoint\",\"urlTemplate\":\"https:\\\/\\\/rls-wacon.de\\\/?s={search_term_string}\"},\"query-input\":{\"@type\":\"PropertyValueSpecification\",\"valueRequired\":true,\"valueName\":\"search_term_string\"}}],\"inLanguage\":\"pt-BR\"},{\"@type\":\"Organization\",\"@id\":\"https:\\\/\\\/rls-wacon.de\\\/#organization\",\"name\":\"RLS Wacon analytics GmbH\",\"url\":\"https:\\\/\\\/rls-wacon.de\\\/\",\"logo\":{\"@type\":\"ImageObject\",\"inLanguage\":\"pt-BR\",\"@id\":\"https:\\\/\\\/rls-wacon.de\\\/#\\\/schema\\\/logo\\\/image\\\/\",\"url\":\"https:\\\/\\\/rls-wacon.de\\\/wp-content\\\/uploads\\\/2022\\\/10\\\/RLSWacon-analytics-Logo-BR-RZ-9_17-768x1591.png\",\"contentUrl\":\"https:\\\/\\\/rls-wacon.de\\\/wp-content\\\/uploads\\\/2022\\\/10\\\/RLSWacon-analytics-Logo-BR-RZ-9_17-768x1591.png\",\"width\":768,\"height\":159,\"caption\":\"RLS Wacon analytics GmbH\"},\"image\":{\"@id\":\"https:\\\/\\\/rls-wacon.de\\\/#\\\/schema\\\/logo\\\/image\\\/\"}}]}<\/script>\n<meta property=\"product:price:amount\" content=\"9999.00\" \/>\n<meta property=\"product:price:currency\" content=\"EUR\" \/>\n<meta property=\"og:availability\" content=\"instock\" \/>\n<meta property=\"product:availability\" content=\"instock\" \/>\n<meta property=\"product:condition\" content=\"new\" \/>\n<!-- \/ Yoast SEO Premium plugin. -->","yoast_head_json":{"title":"Indicador de dire\u00e7\u00e3o RS70114-W-B\/Q-check - RLS Wacon analytics","description":"O indicador de dire\u00e7\u00e3o RS70114-W-B\/Q-check com monitoramento de fun\u00e7\u00e3o \u00e9 uma seta de dire\u00e7\u00e3o branca retroiluminada que aponta para a direita em um fundo\u2026","robots":{"index":"index","follow":"follow","max-snippet":"max-snippet:-1","max-image-preview":"max-image-preview:large","max-video-preview":"max-video-preview:-1"},"canonical":"https:\/\/rls-wacon.de\/pt-br\/produkt\/indicador-de-direcao-rs70114-w-b-q-check\/","og_locale":"pt_BR","og_type":"article","og_title":"Indicador de dire\u00e7\u00e3o RS70114-W-B\/Q-check","og_description":"O indicador de dire\u00e7\u00e3o RS70114-W-B\/Q-check com monitoramento de fun\u00e7\u00e3o \u00e9 uma seta de dire\u00e7\u00e3o branca retroiluminada que aponta para a direita em um fundo\u2026","og_url":"https:\/\/rls-wacon.de\/pt-br\/produkt\/indicador-de-direcao-rs70114-w-b-q-check\/","og_site_name":"RLS Wacon analytics","article_modified_time":"2026-02-16T21:34:34+00:00","twitter_card":"summary_large_image","twitter_misc":{"Pre\u00e7o":"9.999,00&nbsp;&euro;","Disponibilidade":"Em Estoque"},"schema":{"@context":"https:\/\/schema.org","@graph":[{"@type":"WebPage","@id":"https:\/\/rls-wacon.de\/pt-br\/produkt\/indicador-de-direcao-rs70114-w-b-q-check\/","url":"https:\/\/rls-wacon.de\/pt-br\/produkt\/indicador-de-direcao-rs70114-w-b-q-check\/","name":"Indicador de dire\u00e7\u00e3o RS70114-W-B\/Q-check - RLS Wacon analytics","isPartOf":{"@id":"https:\/\/rls-wacon.de\/#website"},"datePublished":"2023-10-24T15:04:18+00:00","dateModified":"2026-02-16T21:34:34+00:00","description":"O indicador de dire\u00e7\u00e3o RS70114-W-B\/Q-check com monitoramento de fun\u00e7\u00e3o \u00e9 uma seta de dire\u00e7\u00e3o branca retroiluminada que aponta para a direita em um fundo\u2026","breadcrumb":{"@id":"https:\/\/rls-wacon.de\/pt-br\/produkt\/indicador-de-direcao-rs70114-w-b-q-check\/#breadcrumb"},"inLanguage":"pt-BR","potentialAction":[{"@type":"ReadAction","target":["https:\/\/rls-wacon.de\/pt-br\/produkt\/indicador-de-direcao-rs70114-w-b-q-check\/"]}]},{"@type":"BreadcrumbList","@id":"https:\/\/rls-wacon.de\/pt-br\/produkt\/indicador-de-direcao-rs70114-w-b-q-check\/#breadcrumb","itemListElement":[{"@type":"ListItem","position":1,"name":"Startseite","item":"https:\/\/rls-wacon.de\/pt-br\/"},{"@type":"ListItem","position":2,"name":"Produtos","item":"https:\/\/rls-wacon.de\/shop\/"},{"@type":"ListItem","position":3,"name":"Indicador de dire\u00e7\u00e3o RS70114-W-B\/Q-check"}]},{"@type":"WebSite","@id":"https:\/\/rls-wacon.de\/#website","url":"https:\/\/rls-wacon.de\/","name":"RLS Wacon analytics GmbH","description":"Experts for water monitoring","publisher":{"@id":"https:\/\/rls-wacon.de\/#organization"},"potentialAction":[{"@type":"SearchAction","target":{"@type":"EntryPoint","urlTemplate":"https:\/\/rls-wacon.de\/?s={search_term_string}"},"query-input":{"@type":"PropertyValueSpecification","valueRequired":true,"valueName":"search_term_string"}}],"inLanguage":"pt-BR"},{"@type":"Organization","@id":"https:\/\/rls-wacon.de\/#organization","name":"RLS Wacon analytics GmbH","url":"https:\/\/rls-wacon.de\/","logo":{"@type":"ImageObject","inLanguage":"pt-BR","@id":"https:\/\/rls-wacon.de\/#\/schema\/logo\/image\/","url":"https:\/\/rls-wacon.de\/wp-content\/uploads\/2022\/10\/RLSWacon-analytics-Logo-BR-RZ-9_17-768x1591.png","contentUrl":"https:\/\/rls-wacon.de\/wp-content\/uploads\/2022\/10\/RLSWacon-analytics-Logo-BR-RZ-9_17-768x1591.png","width":768,"height":159,"caption":"RLS Wacon analytics GmbH"},"image":{"@id":"https:\/\/rls-wacon.de\/#\/schema\/logo\/image\/"}}]},"product_price_amount":"9999.00","product_price_currency":"EUR","og_availability":"instock","product_availability":"instock","product_condition":"new"},"_links":{"self":[{"href":"https:\/\/rls-wacon.de\/pt-br\/wp-json\/wp\/v2\/product\/23145","targetHints":{"allow":["GET"]}}],"collection":[{"href":"https:\/\/rls-wacon.de\/pt-br\/wp-json\/wp\/v2\/product"}],"about":[{"href":"https:\/\/rls-wacon.de\/pt-br\/wp-json\/wp\/v2\/types\/product"}],"version-history":[{"count":1,"href":"https:\/\/rls-wacon.de\/pt-br\/wp-json\/wp\/v2\/product\/23145\/revisions"}],"predecessor-version":[{"id":28949,"href":"https:\/\/rls-wacon.de\/pt-br\/wp-json\/wp\/v2\/product\/23145\/revisions\/28949"}],"wp:attachment":[{"href":"https:\/\/rls-wacon.de\/pt-br\/wp-json\/wp\/v2\/media?parent=23145"}],"wp:term":[{"taxonomy":"product_brand","embeddable":true,"href":"https:\/\/rls-wacon.de\/pt-br\/wp-json\/wp\/v2\/product_brand?post=23145"},{"taxonomy":"product_cat","embeddable":true,"href":"https:\/\/rls-wacon.de\/pt-br\/wp-json\/wp\/v2\/product_cat?post=23145"},{"taxonomy":"product_tag","embeddable":true,"href":"https:\/\/rls-wacon.de\/pt-br\/wp-json\/wp\/v2\/product_tag?post=23145"}],"curies":[{"name":"wp","href":"https:\/\/api.w.org\/{rel}","templated":true}]}}