{"id":23192,"date":"2023-10-24T15:04:21","date_gmt":"2023-10-24T15:04:21","guid":{"rendered":"https:\/\/rls-wacon.de\/produkt\/indicador-de-direcao-wb7400-w\/"},"modified":"2026-02-16T22:39:33","modified_gmt":"2026-02-16T21:39:33","slug":"indicador-de-direcao-wb7400-w","status":"publish","type":"product","link":"https:\/\/rls-wacon.de\/pt-br\/produkt\/indicador-de-direcao-wb7400-w\/","title":{"rendered":"Indicador de dire\u00e7\u00e3o WB7400-W"},"content":{"rendered":"<hr class=\"system-pagebreak\" title=\"Especifica\u00e7\u00f5es\" \/>\n<table class=\"rls-table\">\n<tbody>\n<tr>\n<td>Par\u00e2metro<\/td>\n<td>Valor<\/td>\n<\/tr>\n<tr>\n<td>Tens\u00e3o operacional<\/td>\n<td>16 &#8230; 28 V CA \/ 16 &#8230; 36 V CC<\/td>\n<\/tr>\n<tr>\n<td>Consumo de energia<\/td>\n<td>tip. 2,6 VA<\/td>\n<\/tr>\n<tr>\n<td>Temperatura ambiente<\/td>\n<td>-20\u00b0C a 60 \u00b0C<\/td>\n<\/tr>\n<tr>\n<td>Classe de prote\u00e7\u00e3o<\/td>\n<td>IP 67<\/td>\n<\/tr>\n<tr>\n<td>Profundidade de instala\u00e7\u00e3o<\/td>\n<td>56 mm<\/td>\n<\/tr>\n<\/tbody>\n<\/table>\n<hr class=\"system-pagebreak\" title=\"Dados t\u00e9cnicos\" \/>\n<table class=\"rls-table\">\n<tbody>\n<tr>\n<td>Par\u00e2metro<\/td>\n<td>Valor<\/td>\n<\/tr>\n<tr>\n<td>Cor do LED<\/td>\n<td>branco<\/td>\n<\/tr>\n<tr>\n<td>Luminosidade<\/td>\n<td>Tip. 60 lx (0,5 m de dist\u00e2ncia)<\/td>\n<\/tr>\n<tr>\n<td>Vida \u00fatil do LED<\/td>\n<td>50.000 h<\/td>\n<\/tr>\n<tr>\n<td>Para-brisa dianteiro<\/td>\n<td>d = 74,5 mm, curvo<\/td>\n<\/tr>\n<tr>\n<td>Conex\u00e3o<\/td>\n<td>2 x 0,5 mm\u00b2, comprimento 30 cm, terminais de fio<\/td>\n<\/tr>\n<\/tbody>\n<\/table>\n","protected":false},"excerpt":{"rendered":"<p>O indicador de dire\u00e7\u00e3o WB7400-W com monitoramento de fun\u00e7\u00e3o opcional \u00e9 um tri\u00e2ngulo retroiluminado branco com uma borda vermelha. O indicador de modo alternado WB7400-W tem um alto contraste \u00f3ptico com baixo consumo e ilumina\u00e7\u00e3o homog\u00eanea.<\/p>\n<p>Os recursos especiais s\u00e3o:<\/p>\n<ul>\n<li>Monitoramento ideal da fun\u00e7\u00e3o<\/li>\n<li>Para instala\u00e7\u00e3o em balaustradas com rebaixo de 75 mm<\/li>\n<li>Para-brisa curvo, substitu\u00edvel<\/li>\n<li>Ampla faixa de tens\u00e3o de entrada<\/li>\n<li>Robusto e dur\u00e1vel<\/li>\n<li>Nenhum s\u00edmbolo reconhec\u00edvel no estado desenergizado<\/li>\n<li>Possibilidade de vers\u00e3o especial para 12 V<\/li>\n<\/ul>\n<p>\u00c1reas de aplica\u00e7\u00e3o do indicador de dire\u00e7\u00e3o WB7400-W:<\/p>\n<ul>\n<li>Instala\u00e7\u00f5es de transporte de passageiros<\/li>\n<li>Controle do fluxo de tr\u00e1fego<\/li>\n<\/ul>\n","protected":false},"featured_media":20209,"template":"","meta":{"_acf_changed":false},"product_brand":[],"product_cat":[1227],"product_tag":[],"class_list":{"0":"post-23192","1":"product","2":"type-product","3":"status-publish","4":"has-post-thumbnail","6":"product_cat-indicador-de-direcao","7":"pa_frontscheibe-74-mm-pt-br","9":"first","10":"instock","11":"shipping-taxable","12":"purchasable","13":"product-type-variable"},"exclude_global_add_ons":[],"addons":[],"acf":[],"yoast_head":"<!-- This site is optimized with the Yoast SEO Premium plugin v27.3 (Yoast SEO v27.3) - https:\/\/yoast.com\/product\/yoast-seo-premium-wordpress\/ -->\n<title>Indicador de dire\u00e7\u00e3o WB7400-W - RLS Wacon analytics<\/title>\n<meta name=\"description\" content=\"O indicador de dire\u00e7\u00e3o WB7400-W com monitoramento de fun\u00e7\u00e3o opcional \u00e9 um tri\u00e2ngulo retroiluminado branco com uma borda vermelha.\" \/>\n<meta name=\"robots\" content=\"index, follow, max-snippet:-1, max-image-preview:large, max-video-preview:-1\" \/>\n<link rel=\"canonical\" href=\"https:\/\/rls-wacon.de\/pt-br\/produkt\/indicador-de-direcao-wb7400-w\/\" \/>\n<meta property=\"og:locale\" content=\"pt_BR\" \/>\n<meta property=\"og:type\" content=\"article\" \/>\n<meta property=\"og:title\" content=\"Indicador de dire\u00e7\u00e3o WB7400-W\" \/>\n<meta property=\"og:description\" content=\"O indicador de dire\u00e7\u00e3o WB7400-W com monitoramento de fun\u00e7\u00e3o opcional \u00e9 um tri\u00e2ngulo retroiluminado branco com uma borda vermelha.\" \/>\n<meta property=\"og:url\" content=\"https:\/\/rls-wacon.de\/pt-br\/produkt\/indicador-de-direcao-wb7400-w\/\" \/>\n<meta property=\"og:site_name\" content=\"RLS Wacon analytics\" \/>\n<meta property=\"article:modified_time\" content=\"2026-02-16T21:39:33+00:00\" \/>\n<meta property=\"og:image\" content=\"https:\/\/rls-wacon.de\/wp-content\/uploads\/2025\/04\/WX-7400.jpg\" \/>\n\t<meta property=\"og:image:width\" content=\"1795\" \/>\n\t<meta property=\"og:image:height\" content=\"1920\" \/>\n\t<meta property=\"og:image:type\" content=\"image\/jpeg\" \/>\n<meta name=\"twitter:card\" content=\"summary_large_image\" \/>\n<meta name=\"twitter:label1\" content=\"Disponibilidade\" \/>\n\t<meta name=\"twitter:data1\" content=\"Em Estoque\" \/>\n<script type=\"application\/ld+json\" class=\"yoast-schema-graph\">{\"@context\":\"https:\\\/\\\/schema.org\",\"@graph\":[{\"@type\":\"WebPage\",\"@id\":\"https:\\\/\\\/rls-wacon.de\\\/pt-br\\\/produkt\\\/indicador-de-direcao-wb7400-w\\\/\",\"url\":\"https:\\\/\\\/rls-wacon.de\\\/pt-br\\\/produkt\\\/indicador-de-direcao-wb7400-w\\\/\",\"name\":\"Indicador de dire\u00e7\u00e3o WB7400-W - RLS Wacon analytics\",\"isPartOf\":{\"@id\":\"https:\\\/\\\/rls-wacon.de\\\/#website\"},\"primaryImageOfPage\":{\"@id\":\"https:\\\/\\\/rls-wacon.de\\\/pt-br\\\/produkt\\\/indicador-de-direcao-wb7400-w\\\/#primaryimage\"},\"image\":{\"@id\":\"https:\\\/\\\/rls-wacon.de\\\/pt-br\\\/produkt\\\/indicador-de-direcao-wb7400-w\\\/#primaryimage\"},\"thumbnailUrl\":\"https:\\\/\\\/rls-wacon.de\\\/wp-content\\\/uploads\\\/2025\\\/04\\\/WX-7400.jpg\",\"datePublished\":\"2023-10-24T15:04:21+00:00\",\"dateModified\":\"2026-02-16T21:39:33+00:00\",\"description\":\"O indicador de dire\u00e7\u00e3o WB7400-W com monitoramento de fun\u00e7\u00e3o opcional \u00e9 um tri\u00e2ngulo retroiluminado branco com uma borda vermelha.\",\"breadcrumb\":{\"@id\":\"https:\\\/\\\/rls-wacon.de\\\/pt-br\\\/produkt\\\/indicador-de-direcao-wb7400-w\\\/#breadcrumb\"},\"inLanguage\":\"pt-BR\",\"potentialAction\":[{\"@type\":\"ReadAction\",\"target\":[\"https:\\\/\\\/rls-wacon.de\\\/pt-br\\\/produkt\\\/indicador-de-direcao-wb7400-w\\\/\"]}]},{\"@type\":\"ImageObject\",\"inLanguage\":\"pt-BR\",\"@id\":\"https:\\\/\\\/rls-wacon.de\\\/pt-br\\\/produkt\\\/indicador-de-direcao-wb7400-w\\\/#primaryimage\",\"url\":\"https:\\\/\\\/rls-wacon.de\\\/wp-content\\\/uploads\\\/2025\\\/04\\\/WX-7400.jpg\",\"contentUrl\":\"https:\\\/\\\/rls-wacon.de\\\/wp-content\\\/uploads\\\/2025\\\/04\\\/WX-7400.jpg\",\"width\":1795,\"height\":1920},{\"@type\":\"BreadcrumbList\",\"@id\":\"https:\\\/\\\/rls-wacon.de\\\/pt-br\\\/produkt\\\/indicador-de-direcao-wb7400-w\\\/#breadcrumb\",\"itemListElement\":[{\"@type\":\"ListItem\",\"position\":1,\"name\":\"Startseite\",\"item\":\"https:\\\/\\\/rls-wacon.de\\\/pt-br\\\/\"},{\"@type\":\"ListItem\",\"position\":2,\"name\":\"Produtos\",\"item\":\"https:\\\/\\\/rls-wacon.de\\\/shop\\\/\"},{\"@type\":\"ListItem\",\"position\":3,\"name\":\"Indicador de dire\u00e7\u00e3o WB7400-W\"}]},{\"@type\":\"WebSite\",\"@id\":\"https:\\\/\\\/rls-wacon.de\\\/#website\",\"url\":\"https:\\\/\\\/rls-wacon.de\\\/\",\"name\":\"RLS Wacon analytics GmbH\",\"description\":\"Experts for water monitoring\",\"publisher\":{\"@id\":\"https:\\\/\\\/rls-wacon.de\\\/#organization\"},\"potentialAction\":[{\"@type\":\"SearchAction\",\"target\":{\"@type\":\"EntryPoint\",\"urlTemplate\":\"https:\\\/\\\/rls-wacon.de\\\/?s={search_term_string}\"},\"query-input\":{\"@type\":\"PropertyValueSpecification\",\"valueRequired\":true,\"valueName\":\"search_term_string\"}}],\"inLanguage\":\"pt-BR\"},{\"@type\":\"Organization\",\"@id\":\"https:\\\/\\\/rls-wacon.de\\\/#organization\",\"name\":\"RLS Wacon analytics GmbH\",\"url\":\"https:\\\/\\\/rls-wacon.de\\\/\",\"logo\":{\"@type\":\"ImageObject\",\"inLanguage\":\"pt-BR\",\"@id\":\"https:\\\/\\\/rls-wacon.de\\\/#\\\/schema\\\/logo\\\/image\\\/\",\"url\":\"https:\\\/\\\/rls-wacon.de\\\/wp-content\\\/uploads\\\/2022\\\/10\\\/RLSWacon-analytics-Logo-BR-RZ-9_17-768x1591.png\",\"contentUrl\":\"https:\\\/\\\/rls-wacon.de\\\/wp-content\\\/uploads\\\/2022\\\/10\\\/RLSWacon-analytics-Logo-BR-RZ-9_17-768x1591.png\",\"width\":768,\"height\":159,\"caption\":\"RLS Wacon analytics GmbH\"},\"image\":{\"@id\":\"https:\\\/\\\/rls-wacon.de\\\/#\\\/schema\\\/logo\\\/image\\\/\"}}]}<\/script>\n<meta property=\"og:availability\" content=\"instock\" \/>\n<meta property=\"product:availability\" content=\"instock\" \/>\n<meta property=\"product:condition\" content=\"new\" \/>\n<!-- \/ Yoast SEO Premium plugin. -->","yoast_head_json":{"title":"Indicador de dire\u00e7\u00e3o WB7400-W - RLS Wacon analytics","description":"O indicador de dire\u00e7\u00e3o WB7400-W com monitoramento de fun\u00e7\u00e3o opcional \u00e9 um tri\u00e2ngulo retroiluminado branco com uma borda vermelha.","robots":{"index":"index","follow":"follow","max-snippet":"max-snippet:-1","max-image-preview":"max-image-preview:large","max-video-preview":"max-video-preview:-1"},"canonical":"https:\/\/rls-wacon.de\/pt-br\/produkt\/indicador-de-direcao-wb7400-w\/","og_locale":"pt_BR","og_type":"article","og_title":"Indicador de dire\u00e7\u00e3o WB7400-W","og_description":"O indicador de dire\u00e7\u00e3o WB7400-W com monitoramento de fun\u00e7\u00e3o opcional \u00e9 um tri\u00e2ngulo retroiluminado branco com uma borda vermelha.","og_url":"https:\/\/rls-wacon.de\/pt-br\/produkt\/indicador-de-direcao-wb7400-w\/","og_site_name":"RLS Wacon analytics","article_modified_time":"2026-02-16T21:39:33+00:00","og_image":[{"width":1795,"height":1920,"url":"https:\/\/rls-wacon.de\/wp-content\/uploads\/2025\/04\/WX-7400.jpg","type":"image\/jpeg"}],"twitter_card":"summary_large_image","twitter_misc":{"Disponibilidade":"Em Estoque"},"schema":{"@context":"https:\/\/schema.org","@graph":[{"@type":"WebPage","@id":"https:\/\/rls-wacon.de\/pt-br\/produkt\/indicador-de-direcao-wb7400-w\/","url":"https:\/\/rls-wacon.de\/pt-br\/produkt\/indicador-de-direcao-wb7400-w\/","name":"Indicador de dire\u00e7\u00e3o WB7400-W - RLS Wacon analytics","isPartOf":{"@id":"https:\/\/rls-wacon.de\/#website"},"primaryImageOfPage":{"@id":"https:\/\/rls-wacon.de\/pt-br\/produkt\/indicador-de-direcao-wb7400-w\/#primaryimage"},"image":{"@id":"https:\/\/rls-wacon.de\/pt-br\/produkt\/indicador-de-direcao-wb7400-w\/#primaryimage"},"thumbnailUrl":"https:\/\/rls-wacon.de\/wp-content\/uploads\/2025\/04\/WX-7400.jpg","datePublished":"2023-10-24T15:04:21+00:00","dateModified":"2026-02-16T21:39:33+00:00","description":"O indicador de dire\u00e7\u00e3o WB7400-W com monitoramento de fun\u00e7\u00e3o opcional \u00e9 um tri\u00e2ngulo retroiluminado branco com uma borda vermelha.","breadcrumb":{"@id":"https:\/\/rls-wacon.de\/pt-br\/produkt\/indicador-de-direcao-wb7400-w\/#breadcrumb"},"inLanguage":"pt-BR","potentialAction":[{"@type":"ReadAction","target":["https:\/\/rls-wacon.de\/pt-br\/produkt\/indicador-de-direcao-wb7400-w\/"]}]},{"@type":"ImageObject","inLanguage":"pt-BR","@id":"https:\/\/rls-wacon.de\/pt-br\/produkt\/indicador-de-direcao-wb7400-w\/#primaryimage","url":"https:\/\/rls-wacon.de\/wp-content\/uploads\/2025\/04\/WX-7400.jpg","contentUrl":"https:\/\/rls-wacon.de\/wp-content\/uploads\/2025\/04\/WX-7400.jpg","width":1795,"height":1920},{"@type":"BreadcrumbList","@id":"https:\/\/rls-wacon.de\/pt-br\/produkt\/indicador-de-direcao-wb7400-w\/#breadcrumb","itemListElement":[{"@type":"ListItem","position":1,"name":"Startseite","item":"https:\/\/rls-wacon.de\/pt-br\/"},{"@type":"ListItem","position":2,"name":"Produtos","item":"https:\/\/rls-wacon.de\/shop\/"},{"@type":"ListItem","position":3,"name":"Indicador de dire\u00e7\u00e3o WB7400-W"}]},{"@type":"WebSite","@id":"https:\/\/rls-wacon.de\/#website","url":"https:\/\/rls-wacon.de\/","name":"RLS Wacon analytics GmbH","description":"Experts for water monitoring","publisher":{"@id":"https:\/\/rls-wacon.de\/#organization"},"potentialAction":[{"@type":"SearchAction","target":{"@type":"EntryPoint","urlTemplate":"https:\/\/rls-wacon.de\/?s={search_term_string}"},"query-input":{"@type":"PropertyValueSpecification","valueRequired":true,"valueName":"search_term_string"}}],"inLanguage":"pt-BR"},{"@type":"Organization","@id":"https:\/\/rls-wacon.de\/#organization","name":"RLS Wacon analytics GmbH","url":"https:\/\/rls-wacon.de\/","logo":{"@type":"ImageObject","inLanguage":"pt-BR","@id":"https:\/\/rls-wacon.de\/#\/schema\/logo\/image\/","url":"https:\/\/rls-wacon.de\/wp-content\/uploads\/2022\/10\/RLSWacon-analytics-Logo-BR-RZ-9_17-768x1591.png","contentUrl":"https:\/\/rls-wacon.de\/wp-content\/uploads\/2022\/10\/RLSWacon-analytics-Logo-BR-RZ-9_17-768x1591.png","width":768,"height":159,"caption":"RLS Wacon analytics GmbH"},"image":{"@id":"https:\/\/rls-wacon.de\/#\/schema\/logo\/image\/"}}]},"og_availability":"instock","product_availability":"instock","product_condition":"new"},"_links":{"self":[{"href":"https:\/\/rls-wacon.de\/pt-br\/wp-json\/wp\/v2\/product\/23192","targetHints":{"allow":["GET"]}}],"collection":[{"href":"https:\/\/rls-wacon.de\/pt-br\/wp-json\/wp\/v2\/product"}],"about":[{"href":"https:\/\/rls-wacon.de\/pt-br\/wp-json\/wp\/v2\/types\/product"}],"version-history":[{"count":1,"href":"https:\/\/rls-wacon.de\/pt-br\/wp-json\/wp\/v2\/product\/23192\/revisions"}],"predecessor-version":[{"id":28958,"href":"https:\/\/rls-wacon.de\/pt-br\/wp-json\/wp\/v2\/product\/23192\/revisions\/28958"}],"wp:featuredmedia":[{"embeddable":true,"href":"https:\/\/rls-wacon.de\/pt-br\/wp-json\/wp\/v2\/media\/20209"}],"wp:attachment":[{"href":"https:\/\/rls-wacon.de\/pt-br\/wp-json\/wp\/v2\/media?parent=23192"}],"wp:term":[{"taxonomy":"product_brand","embeddable":true,"href":"https:\/\/rls-wacon.de\/pt-br\/wp-json\/wp\/v2\/product_brand?post=23192"},{"taxonomy":"product_cat","embeddable":true,"href":"https:\/\/rls-wacon.de\/pt-br\/wp-json\/wp\/v2\/product_cat?post=23192"},{"taxonomy":"product_tag","embeddable":true,"href":"https:\/\/rls-wacon.de\/pt-br\/wp-json\/wp\/v2\/product_tag?post=23192"}],"curies":[{"name":"wp","href":"https:\/\/api.w.org\/{rel}","templated":true}]}}