{"id":23197,"date":"2023-10-24T15:04:22","date_gmt":"2023-10-24T15:04:22","guid":{"rendered":"https:\/\/rls-wacon.de\/produkt\/iluminacao-de-pente-kl60-w\/"},"modified":"2026-02-16T22:41:09","modified_gmt":"2026-02-16T21:41:09","slug":"iluminacao-de-pente-kl60-w","status":"publish","type":"product","link":"https:\/\/rls-wacon.de\/pt-br\/produkt\/iluminacao-de-pente-kl60-w\/","title":{"rendered":"Ilumina\u00e7\u00e3o de pente KL60-W"},"content":{"rendered":"<hr class=\"system-pagebreak\" title=\"Especifica\u00e7\u00f5es\" \/>\n<table class=\"rls-table\">\n<tbody>\n<tr>\n<td>Par\u00e2metro<\/td>\n<td>Valor<\/td>\n<\/tr>\n<tr>\n<td>Tens\u00e3o operacional<\/td>\n<td>22 &#8230; 28 V CA\/CC<\/td>\n<\/tr>\n<tr>\n<td>Consumo de energia<\/td>\n<td>4 VA<\/td>\n<\/tr>\n<tr>\n<td>Temperatura ambiente<\/td>\n<td>-20\u00b0C a 60 \u00b0C<\/td>\n<\/tr>\n<tr>\n<td>Classe de prote\u00e7\u00e3o<\/td>\n<td>IP 67<\/td>\n<\/tr>\n<tr>\n<td>Dimens\u00f5es<\/td>\n<td>212 x 45 mm<\/td>\n<\/tr>\n<tr>\n<td>Profundidade de instala\u00e7\u00e3o<\/td>\n<td>22 mm<\/td>\n<\/tr>\n<tr>\n<td>Peso<\/td>\n<td>200 g<\/td>\n<\/tr>\n<\/tbody>\n<\/table>\n<hr class=\"system-pagebreak\" title=\"Dados t\u00e9cnicos\" \/>\n<table class=\"rls-table\">\n<tbody>\n<tr>\n<td>Par\u00e2metro<\/td>\n<td>Valor<\/td>\n<\/tr>\n<tr>\n<td>Cor do LED<\/td>\n<td>branco<\/td>\n<\/tr>\n<tr>\n<td>Luminosidade<\/td>\n<td>500 lx (1 m de dist\u00e2ncia)<\/td>\n<\/tr>\n<tr>\n<td>Tela frontal<\/td>\n<td>PMMA Plexiglas transparente<\/td>\n<\/tr>\n<tr>\n<td>Dimens\u00f5es do para-brisa<\/td>\n<td>150 x 28 mm<\/td>\n<\/tr>\n<tr>\n<td>Altura do contorno<\/td>\n<td>3 mm<\/td>\n<\/tr>\n<tr>\n<td>Cabo de alimenta\u00e7\u00e3o<\/td>\n<td>3 x 0,5 mm\u00b2, comprimento 20 cm, \u00d6lflex, terminais de arame<\/td>\n<\/tr>\n<\/tbody>\n<\/table>\n<hr class=\"system-pagebreak\" title=\"Atribui\u00e7\u00e3o de cabos\" \/>\n<table class=\"rls-table\">\n<tbody>\n<tr>\n<td>Fio<\/td>\n<td>Atribui\u00e7\u00e3o<\/td>\n<\/tr>\n<tr>\n<td>Fio 1<\/td>\n<td>Vcc<\/td>\n<\/tr>\n<tr>\n<td>Fio 2<\/td>\n<td>Vcc<\/td>\n<\/tr>\n<tr>\n<td>Fio 3<\/td>\n<td>n\u00e3o utilizado<\/td>\n<\/tr>\n<\/tbody>\n<\/table>\n","protected":false},"excerpt":{"rendered":"<p>A ilumina\u00e7\u00e3o do pente KL60-W \u00e9 equipada com LEDs superbrilhantes, de alta qualidade e particularmente duradouros. A adapta\u00e7\u00e3o mec\u00e2nica \u00e0s suas condi\u00e7\u00f5es no local \u00e9 poss\u00edvel a qualquer momento.<\/p>\n<p>Os recursos especiais s\u00e3o:<\/p>\n<ul>\n<li>Projeto el\u00e9trico extremamente robusto<\/li>\n<li>N\u00e3o h\u00e1 danos aos LEDs devido a flutua\u00e7\u00f5es el\u00e9tricas<\/li>\n<li>Insens\u00edvel \u00e0 sujeira<\/li>\n<li>\u00c0 prova d&#8217;\u00e1gua at\u00e9 IP 67<\/li>\n<\/ul>\n<p>A ilumina\u00e7\u00e3o do pente KL60-W \u00e9 usada na \u00e1rea do pente das escadas rolantes.<\/p>\n<p><img decoding=\"async\" class=\"alignnone size-medium wp-image-18892\" src=\"https:\/\/rls-wacon.de\/wp-content\/uploads\/2023\/10\/KL60-Frontscheibe-300x65.jpg\" alt=\"\" width=\"300\" height=\"65\" srcset=\"https:\/\/rls-wacon.de\/wp-content\/uploads\/2023\/10\/KL60-Frontscheibe-300x65.jpg 300w, https:\/\/rls-wacon.de\/wp-content\/uploads\/2023\/10\/KL60-Frontscheibe-1024x222.jpg 1024w, https:\/\/rls-wacon.de\/wp-content\/uploads\/2023\/10\/KL60-Frontscheibe-768x166.jpg 768w, https:\/\/rls-wacon.de\/wp-content\/uploads\/2023\/10\/KL60-Frontscheibe-600x130.jpg 600w, https:\/\/rls-wacon.de\/wp-content\/uploads\/2023\/10\/KL60-Frontscheibe.jpg 1417w\" sizes=\"(max-width: 300px) 100vw, 300px\" \/><\/p>\n","protected":false},"featured_media":18900,"template":"","meta":{"_acf_changed":false},"product_brand":[],"product_cat":[1402],"product_tag":[],"class_list":{"0":"post-23197","1":"product","2":"type-product","3":"status-publish","4":"has-post-thumbnail","6":"product_cat-iluminacao-do-pente","8":"first","9":"instock","10":"shipping-taxable","11":"purchasable","12":"product-type-simple"},"exclude_global_add_ons":[],"addons":[],"acf":[],"yoast_head":"<!-- This site is optimized with the Yoast SEO Premium plugin v27.3 (Yoast SEO v27.4) - https:\/\/yoast.com\/product\/yoast-seo-premium-wordpress\/ -->\n<title>Ilumina\u00e7\u00e3o de pente KL60-W - RLS Wacon analytics<\/title>\n<meta name=\"description\" content=\"A ilumina\u00e7\u00e3o do pente KL60-W \u00e9 equipada com LEDs superbrilhantes, de alta qualidade e particularmente duradouros.\" \/>\n<meta name=\"robots\" content=\"index, follow, max-snippet:-1, max-image-preview:large, max-video-preview:-1\" \/>\n<link rel=\"canonical\" href=\"https:\/\/rls-wacon.de\/pt-br\/produkt\/iluminacao-de-pente-kl60-w\/\" \/>\n<meta property=\"og:locale\" content=\"pt_BR\" \/>\n<meta property=\"og:type\" content=\"article\" \/>\n<meta property=\"og:title\" content=\"Ilumina\u00e7\u00e3o de pente KL60-W\" \/>\n<meta property=\"og:description\" content=\"A ilumina\u00e7\u00e3o do pente KL60-W \u00e9 equipada com LEDs superbrilhantes, de alta qualidade e particularmente duradouros.\" \/>\n<meta property=\"og:url\" content=\"https:\/\/rls-wacon.de\/pt-br\/produkt\/iluminacao-de-pente-kl60-w\/\" \/>\n<meta property=\"og:site_name\" content=\"RLS Wacon analytics\" \/>\n<meta property=\"article:modified_time\" content=\"2026-02-16T21:41:09+00:00\" \/>\n<meta property=\"og:image\" content=\"https:\/\/rls-wacon.de\/wp-content\/uploads\/2023\/10\/KL60-W.jpg\" \/>\n\t<meta property=\"og:image:width\" content=\"1417\" \/>\n\t<meta property=\"og:image:height\" content=\"299\" \/>\n\t<meta property=\"og:image:type\" content=\"image\/jpeg\" \/>\n<meta name=\"twitter:card\" content=\"summary_large_image\" \/>\n<meta name=\"twitter:label1\" content=\"Pre\u00e7o\" \/>\n\t<meta name=\"twitter:data1\" content=\"9.999,00&nbsp;&euro;\" \/>\n\t<meta name=\"twitter:label2\" content=\"Disponibilidade\" \/>\n\t<meta name=\"twitter:data2\" content=\"Em Estoque\" \/>\n<script type=\"application\/ld+json\" class=\"yoast-schema-graph\">{\"@context\":\"https:\\\/\\\/schema.org\",\"@graph\":[{\"@type\":\"WebPage\",\"@id\":\"https:\\\/\\\/rls-wacon.de\\\/pt-br\\\/produkt\\\/iluminacao-de-pente-kl60-w\\\/\",\"url\":\"https:\\\/\\\/rls-wacon.de\\\/pt-br\\\/produkt\\\/iluminacao-de-pente-kl60-w\\\/\",\"name\":\"Ilumina\u00e7\u00e3o de pente KL60-W - RLS Wacon analytics\",\"isPartOf\":{\"@id\":\"https:\\\/\\\/rls-wacon.de\\\/#website\"},\"primaryImageOfPage\":{\"@id\":\"https:\\\/\\\/rls-wacon.de\\\/pt-br\\\/produkt\\\/iluminacao-de-pente-kl60-w\\\/#primaryimage\"},\"image\":{\"@id\":\"https:\\\/\\\/rls-wacon.de\\\/pt-br\\\/produkt\\\/iluminacao-de-pente-kl60-w\\\/#primaryimage\"},\"thumbnailUrl\":\"https:\\\/\\\/rls-wacon.de\\\/wp-content\\\/uploads\\\/2023\\\/10\\\/KL60-W.jpg\",\"datePublished\":\"2023-10-24T15:04:22+00:00\",\"dateModified\":\"2026-02-16T21:41:09+00:00\",\"description\":\"A ilumina\u00e7\u00e3o do pente KL60-W \u00e9 equipada com LEDs superbrilhantes, de alta qualidade e particularmente duradouros.\",\"breadcrumb\":{\"@id\":\"https:\\\/\\\/rls-wacon.de\\\/pt-br\\\/produkt\\\/iluminacao-de-pente-kl60-w\\\/#breadcrumb\"},\"inLanguage\":\"pt-BR\",\"potentialAction\":[{\"@type\":\"ReadAction\",\"target\":[\"https:\\\/\\\/rls-wacon.de\\\/pt-br\\\/produkt\\\/iluminacao-de-pente-kl60-w\\\/\"]}]},{\"@type\":\"ImageObject\",\"inLanguage\":\"pt-BR\",\"@id\":\"https:\\\/\\\/rls-wacon.de\\\/pt-br\\\/produkt\\\/iluminacao-de-pente-kl60-w\\\/#primaryimage\",\"url\":\"https:\\\/\\\/rls-wacon.de\\\/wp-content\\\/uploads\\\/2023\\\/10\\\/KL60-W.jpg\",\"contentUrl\":\"https:\\\/\\\/rls-wacon.de\\\/wp-content\\\/uploads\\\/2023\\\/10\\\/KL60-W.jpg\",\"width\":1417,\"height\":299},{\"@type\":\"BreadcrumbList\",\"@id\":\"https:\\\/\\\/rls-wacon.de\\\/pt-br\\\/produkt\\\/iluminacao-de-pente-kl60-w\\\/#breadcrumb\",\"itemListElement\":[{\"@type\":\"ListItem\",\"position\":1,\"name\":\"Startseite\",\"item\":\"https:\\\/\\\/rls-wacon.de\\\/pt-br\\\/\"},{\"@type\":\"ListItem\",\"position\":2,\"name\":\"Produtos\",\"item\":\"https:\\\/\\\/rls-wacon.de\\\/shop\\\/\"},{\"@type\":\"ListItem\",\"position\":3,\"name\":\"Ilumina\u00e7\u00e3o de pente KL60-W\"}]},{\"@type\":\"WebSite\",\"@id\":\"https:\\\/\\\/rls-wacon.de\\\/#website\",\"url\":\"https:\\\/\\\/rls-wacon.de\\\/\",\"name\":\"RLS Wacon analytics GmbH\",\"description\":\"Experts for water monitoring\",\"publisher\":{\"@id\":\"https:\\\/\\\/rls-wacon.de\\\/#organization\"},\"potentialAction\":[{\"@type\":\"SearchAction\",\"target\":{\"@type\":\"EntryPoint\",\"urlTemplate\":\"https:\\\/\\\/rls-wacon.de\\\/?s={search_term_string}\"},\"query-input\":{\"@type\":\"PropertyValueSpecification\",\"valueRequired\":true,\"valueName\":\"search_term_string\"}}],\"inLanguage\":\"pt-BR\"},{\"@type\":\"Organization\",\"@id\":\"https:\\\/\\\/rls-wacon.de\\\/#organization\",\"name\":\"RLS Wacon analytics GmbH\",\"url\":\"https:\\\/\\\/rls-wacon.de\\\/\",\"logo\":{\"@type\":\"ImageObject\",\"inLanguage\":\"pt-BR\",\"@id\":\"https:\\\/\\\/rls-wacon.de\\\/#\\\/schema\\\/logo\\\/image\\\/\",\"url\":\"https:\\\/\\\/rls-wacon.de\\\/wp-content\\\/uploads\\\/2022\\\/10\\\/RLSWacon-analytics-Logo-BR-RZ-9_17-768x1591.png\",\"contentUrl\":\"https:\\\/\\\/rls-wacon.de\\\/wp-content\\\/uploads\\\/2022\\\/10\\\/RLSWacon-analytics-Logo-BR-RZ-9_17-768x1591.png\",\"width\":768,\"height\":159,\"caption\":\"RLS Wacon analytics GmbH\"},\"image\":{\"@id\":\"https:\\\/\\\/rls-wacon.de\\\/#\\\/schema\\\/logo\\\/image\\\/\"}}]}<\/script>\n<meta property=\"product:price:amount\" content=\"9999.00\" \/>\n<meta property=\"product:price:currency\" content=\"EUR\" \/>\n<meta property=\"og:availability\" content=\"instock\" \/>\n<meta property=\"product:availability\" content=\"instock\" \/>\n<meta property=\"product:retailer_item_id\" content=\"80-000632\" \/>\n<meta property=\"product:condition\" content=\"new\" \/>\n<!-- \/ Yoast SEO Premium plugin. -->","yoast_head_json":{"title":"Ilumina\u00e7\u00e3o de pente KL60-W - RLS Wacon analytics","description":"A ilumina\u00e7\u00e3o do pente KL60-W \u00e9 equipada com LEDs superbrilhantes, de alta qualidade e particularmente duradouros.","robots":{"index":"index","follow":"follow","max-snippet":"max-snippet:-1","max-image-preview":"max-image-preview:large","max-video-preview":"max-video-preview:-1"},"canonical":"https:\/\/rls-wacon.de\/pt-br\/produkt\/iluminacao-de-pente-kl60-w\/","og_locale":"pt_BR","og_type":"article","og_title":"Ilumina\u00e7\u00e3o de pente KL60-W","og_description":"A ilumina\u00e7\u00e3o do pente KL60-W \u00e9 equipada com LEDs superbrilhantes, de alta qualidade e particularmente duradouros.","og_url":"https:\/\/rls-wacon.de\/pt-br\/produkt\/iluminacao-de-pente-kl60-w\/","og_site_name":"RLS Wacon analytics","article_modified_time":"2026-02-16T21:41:09+00:00","og_image":[{"width":1417,"height":299,"url":"https:\/\/rls-wacon.de\/wp-content\/uploads\/2023\/10\/KL60-W.jpg","type":"image\/jpeg"}],"twitter_card":"summary_large_image","twitter_misc":{"Pre\u00e7o":"9.999,00&nbsp;&euro;","Disponibilidade":"Em Estoque"},"schema":{"@context":"https:\/\/schema.org","@graph":[{"@type":"WebPage","@id":"https:\/\/rls-wacon.de\/pt-br\/produkt\/iluminacao-de-pente-kl60-w\/","url":"https:\/\/rls-wacon.de\/pt-br\/produkt\/iluminacao-de-pente-kl60-w\/","name":"Ilumina\u00e7\u00e3o de pente KL60-W - RLS Wacon analytics","isPartOf":{"@id":"https:\/\/rls-wacon.de\/#website"},"primaryImageOfPage":{"@id":"https:\/\/rls-wacon.de\/pt-br\/produkt\/iluminacao-de-pente-kl60-w\/#primaryimage"},"image":{"@id":"https:\/\/rls-wacon.de\/pt-br\/produkt\/iluminacao-de-pente-kl60-w\/#primaryimage"},"thumbnailUrl":"https:\/\/rls-wacon.de\/wp-content\/uploads\/2023\/10\/KL60-W.jpg","datePublished":"2023-10-24T15:04:22+00:00","dateModified":"2026-02-16T21:41:09+00:00","description":"A ilumina\u00e7\u00e3o do pente KL60-W \u00e9 equipada com LEDs superbrilhantes, de alta qualidade e particularmente duradouros.","breadcrumb":{"@id":"https:\/\/rls-wacon.de\/pt-br\/produkt\/iluminacao-de-pente-kl60-w\/#breadcrumb"},"inLanguage":"pt-BR","potentialAction":[{"@type":"ReadAction","target":["https:\/\/rls-wacon.de\/pt-br\/produkt\/iluminacao-de-pente-kl60-w\/"]}]},{"@type":"ImageObject","inLanguage":"pt-BR","@id":"https:\/\/rls-wacon.de\/pt-br\/produkt\/iluminacao-de-pente-kl60-w\/#primaryimage","url":"https:\/\/rls-wacon.de\/wp-content\/uploads\/2023\/10\/KL60-W.jpg","contentUrl":"https:\/\/rls-wacon.de\/wp-content\/uploads\/2023\/10\/KL60-W.jpg","width":1417,"height":299},{"@type":"BreadcrumbList","@id":"https:\/\/rls-wacon.de\/pt-br\/produkt\/iluminacao-de-pente-kl60-w\/#breadcrumb","itemListElement":[{"@type":"ListItem","position":1,"name":"Startseite","item":"https:\/\/rls-wacon.de\/pt-br\/"},{"@type":"ListItem","position":2,"name":"Produtos","item":"https:\/\/rls-wacon.de\/shop\/"},{"@type":"ListItem","position":3,"name":"Ilumina\u00e7\u00e3o de pente KL60-W"}]},{"@type":"WebSite","@id":"https:\/\/rls-wacon.de\/#website","url":"https:\/\/rls-wacon.de\/","name":"RLS Wacon analytics GmbH","description":"Experts for water monitoring","publisher":{"@id":"https:\/\/rls-wacon.de\/#organization"},"potentialAction":[{"@type":"SearchAction","target":{"@type":"EntryPoint","urlTemplate":"https:\/\/rls-wacon.de\/?s={search_term_string}"},"query-input":{"@type":"PropertyValueSpecification","valueRequired":true,"valueName":"search_term_string"}}],"inLanguage":"pt-BR"},{"@type":"Organization","@id":"https:\/\/rls-wacon.de\/#organization","name":"RLS Wacon analytics GmbH","url":"https:\/\/rls-wacon.de\/","logo":{"@type":"ImageObject","inLanguage":"pt-BR","@id":"https:\/\/rls-wacon.de\/#\/schema\/logo\/image\/","url":"https:\/\/rls-wacon.de\/wp-content\/uploads\/2022\/10\/RLSWacon-analytics-Logo-BR-RZ-9_17-768x1591.png","contentUrl":"https:\/\/rls-wacon.de\/wp-content\/uploads\/2022\/10\/RLSWacon-analytics-Logo-BR-RZ-9_17-768x1591.png","width":768,"height":159,"caption":"RLS Wacon analytics GmbH"},"image":{"@id":"https:\/\/rls-wacon.de\/#\/schema\/logo\/image\/"}}]},"product_price_amount":"9999.00","product_price_currency":"EUR","og_availability":"instock","product_availability":"instock","product_retailer_item_id":"80-000632","product_condition":"new"},"_links":{"self":[{"href":"https:\/\/rls-wacon.de\/pt-br\/wp-json\/wp\/v2\/product\/23197","targetHints":{"allow":["GET"]}}],"collection":[{"href":"https:\/\/rls-wacon.de\/pt-br\/wp-json\/wp\/v2\/product"}],"about":[{"href":"https:\/\/rls-wacon.de\/pt-br\/wp-json\/wp\/v2\/types\/product"}],"version-history":[{"count":1,"href":"https:\/\/rls-wacon.de\/pt-br\/wp-json\/wp\/v2\/product\/23197\/revisions"}],"predecessor-version":[{"id":28961,"href":"https:\/\/rls-wacon.de\/pt-br\/wp-json\/wp\/v2\/product\/23197\/revisions\/28961"}],"wp:featuredmedia":[{"embeddable":true,"href":"https:\/\/rls-wacon.de\/pt-br\/wp-json\/wp\/v2\/media\/18900"}],"wp:attachment":[{"href":"https:\/\/rls-wacon.de\/pt-br\/wp-json\/wp\/v2\/media?parent=23197"}],"wp:term":[{"taxonomy":"product_brand","embeddable":true,"href":"https:\/\/rls-wacon.de\/pt-br\/wp-json\/wp\/v2\/product_brand?post=23197"},{"taxonomy":"product_cat","embeddable":true,"href":"https:\/\/rls-wacon.de\/pt-br\/wp-json\/wp\/v2\/product_cat?post=23197"},{"taxonomy":"product_tag","embeddable":true,"href":"https:\/\/rls-wacon.de\/pt-br\/wp-json\/wp\/v2\/product_tag?post=23197"}],"curies":[{"name":"wp","href":"https:\/\/api.w.org\/{rel}","templated":true}]}}