{"id":23247,"date":"2023-10-24T15:04:27","date_gmt":"2023-10-24T15:04:27","guid":{"rendered":"https:\/\/rls-wacon.de\/produkt\/iluminacao-de-pente-klt76\/"},"modified":"2026-02-16T22:45:09","modified_gmt":"2026-02-16T21:45:09","slug":"iluminacao-de-pente-klt76","status":"publish","type":"product","link":"https:\/\/rls-wacon.de\/pt-br\/produkt\/iluminacao-de-pente-klt76\/","title":{"rendered":"Ilumina\u00e7\u00e3o de pente KLT76"},"content":{"rendered":"<hr class=\"system-pagebreak\" title=\"Especifica\u00e7\u00f5es\" \/>\n<table class=\"rls-table\">\n<tbody>\n<tr>\n<td>Par\u00e2metro<\/td>\n<td>Valor<\/td>\n<\/tr>\n<tr>\n<td>Tens\u00e3o operacional<\/td>\n<td>24V: 16 &#8230; 28 V AC\/ 16 &#8230; 36 V DC<\/p>\n<p>230V: 230 VAC<\/td>\n<\/tr>\n<tr>\n<td>Consumo de energia<\/td>\n<td>5 VA<\/td>\n<\/tr>\n<tr>\n<td>Temperatura ambiente<\/td>\n<td>-20\u00b0C a 60 \u00b0C<\/td>\n<\/tr>\n<tr>\n<td>Classe de prote\u00e7\u00e3o<\/td>\n<td>IP 67<\/td>\n<\/tr>\n<tr>\n<td>Dimens\u00f5es<\/td>\n<td>460 x 60 mm<\/td>\n<\/tr>\n<tr>\n<td>Profundidade de instala\u00e7\u00e3o<\/td>\n<td>38 mm<\/td>\n<\/tr>\n<tr>\n<td>Peso<\/td>\n<td>620 g<\/td>\n<\/tr>\n<\/tbody>\n<\/table>\n<hr class=\"system-pagebreak\" title=\"Dados t\u00e9cnicos\" \/>\n<table class=\"rls-table\">\n<tbody>\n<tr>\n<td>Par\u00e2metro<\/td>\n<td>Valor<\/td>\n<\/tr>\n<tr>\n<td>Cor do LED<\/td>\n<td>vermelho\/verde, branco, amarelo<\/td>\n<\/tr>\n<tr>\n<td>Luminosidade (1 m de dist\u00e2ncia)<\/td>\n<td>120 lx (vermelho\/verde), 300 lx (branco, amarelo)<\/td>\n<\/tr>\n<tr>\n<td>Tela de vento<\/td>\n<td>PMMA Plexiglas cristal de gelo<\/td>\n<\/tr>\n<tr>\n<td>Dimens\u00f5es do para-brisa<\/td>\n<td>400 x 40 mm<\/td>\n<\/tr>\n<tr>\n<td>Altura do contorno<\/td>\n<td>2 mm<\/td>\n<\/tr>\n<tr>\n<td>Cabo de alimenta\u00e7\u00e3o<\/td>\n<td>3 x 0,5 mm\u00b2, comprimento 30 cm, \u00d6lflex, terminais de arame<\/td>\n<\/tr>\n<\/tbody>\n<\/table>\n<hr class=\"system-pagebreak\" title=\"Atribui\u00e7\u00e3o de cabos\" \/>\n<p>KLT76-G\/R<\/p>\n<table class=\"rls-table\">\n<tbody>\n<tr>\n<td>Fio<\/td>\n<td>Atribui\u00e7\u00e3o<\/td>\n<\/tr>\n<tr>\n<td>N\u00facleo 1<\/td>\n<td>COM<\/td>\n<\/tr>\n<tr>\n<td>Fio 2<\/td>\n<td>Vcc vermelho<\/td>\n<\/tr>\n<tr>\n<td>Fio 3<\/td>\n<td>Vcc verde<\/td>\n<\/tr>\n<\/tbody>\n<\/table>\n<p>KLT76 \/ KLT 230V<\/p>\n<table class=\"rls-table\">\n<tbody>\n<tr>\n<td>Fio<\/td>\n<td>Atribui\u00e7\u00e3o<\/td>\n<\/tr>\n<tr>\n<td>Fio 1<\/td>\n<td>Vcc<\/td>\n<\/tr>\n<tr>\n<td>Fio 2<\/td>\n<td>Vcc<\/td>\n<\/tr>\n<\/tbody>\n<\/table>\n","protected":false},"excerpt":{"rendered":"<p>A ilumina\u00e7\u00e3o vermelha\/verde comut\u00e1vel do pente KLT76-G\/R \u00e9 equipada com LEDs superbrilhantes, de alta qualidade e particularmente duradouros. A adapta\u00e7\u00e3o mec\u00e2nica \u00e0s suas condi\u00e7\u00f5es locais \u00e9 poss\u00edvel a qualquer momento.<\/p>\n<p>Os recursos especiais s\u00e3o:<\/p>\n<ul>\n<li>Ilumina\u00e7\u00e3o LED muito brilhante<\/li>\n<li>Design el\u00e9trico extremamente robusto, sem danos aos LEDs devido a flutua\u00e7\u00f5es el\u00e9tricas<\/li>\n<li>Dur\u00e1vel<\/li>\n<li>Insens\u00edvel \u00e0 sujeira<\/li>\n<li>\u00c0 prova d&#8217;\u00e1gua at\u00e9 IP 67<\/li>\n<\/ul>\n<p>A ilumina\u00e7\u00e3o do pente KLT76-G\/R \u00e9 usada na \u00e1rea do pente das escadas rolantes.<\/p>\n<p><img decoding=\"async\" class=\"alignnone size-medium wp-image-18777\" src=\"https:\/\/rls-wacon.de\/wp-content\/uploads\/2023\/10\/KLT76_-300x41.jpg\" alt=\"\" width=\"300\" height=\"41\" srcset=\"https:\/\/rls-wacon.de\/wp-content\/uploads\/2023\/10\/KLT76_-300x41.jpg 300w, https:\/\/rls-wacon.de\/wp-content\/uploads\/2023\/10\/KLT76_-1024x141.jpg 1024w, https:\/\/rls-wacon.de\/wp-content\/uploads\/2023\/10\/KLT76_-768x106.jpg 768w, https:\/\/rls-wacon.de\/wp-content\/uploads\/2023\/10\/KLT76_-600x83.jpg 600w, https:\/\/rls-wacon.de\/wp-content\/uploads\/2023\/10\/KLT76_.jpg 1287w\" sizes=\"(max-width: 300px) 100vw, 300px\" \/><\/p>\n","protected":false},"featured_media":18785,"template":"","meta":{"_acf_changed":false},"product_brand":[],"product_cat":[1402],"product_tag":[],"class_list":{"0":"post-23247","1":"product","2":"type-product","3":"status-publish","4":"has-post-thumbnail","6":"product_cat-iluminacao-do-pente","8":"first","9":"instock","10":"shipping-taxable","11":"purchasable","12":"product-type-variable"},"exclude_global_add_ons":[],"addons":[],"acf":[],"yoast_head":"<!-- This site is optimized with the Yoast SEO Premium plugin v27.3 (Yoast SEO v27.3) - https:\/\/yoast.com\/product\/yoast-seo-premium-wordpress\/ -->\n<title>Ilumina\u00e7\u00e3o de pente KLT76 - RLS Wacon analytics<\/title>\n<meta name=\"description\" content=\"A ilumina\u00e7\u00e3o vermelha\/verde comut\u00e1vel do pente KLT76-G\/R \u00e9 equipada com LEDs superbrilhantes, de alta qualidade e particularmente duradouros.\" \/>\n<meta name=\"robots\" content=\"index, follow, max-snippet:-1, max-image-preview:large, max-video-preview:-1\" \/>\n<link rel=\"canonical\" href=\"https:\/\/rls-wacon.de\/pt-br\/produkt\/iluminacao-de-pente-klt76\/\" \/>\n<meta property=\"og:locale\" content=\"pt_BR\" \/>\n<meta property=\"og:type\" content=\"article\" \/>\n<meta property=\"og:title\" content=\"Ilumina\u00e7\u00e3o de pente KLT76\" \/>\n<meta property=\"og:description\" content=\"A ilumina\u00e7\u00e3o vermelha\/verde comut\u00e1vel do pente KLT76-G\/R \u00e9 equipada com LEDs superbrilhantes, de alta qualidade e particularmente duradouros.\" \/>\n<meta property=\"og:url\" content=\"https:\/\/rls-wacon.de\/pt-br\/produkt\/iluminacao-de-pente-klt76\/\" \/>\n<meta property=\"og:site_name\" content=\"RLS Wacon analytics\" \/>\n<meta property=\"article:modified_time\" content=\"2026-02-16T21:45:09+00:00\" \/>\n<meta property=\"og:image\" content=\"https:\/\/rls-wacon.de\/wp-content\/uploads\/2023\/10\/KLT76.jpg\" \/>\n\t<meta property=\"og:image:width\" content=\"1890\" \/>\n\t<meta property=\"og:image:height\" content=\"251\" \/>\n\t<meta property=\"og:image:type\" content=\"image\/jpeg\" \/>\n<meta name=\"twitter:card\" content=\"summary_large_image\" \/>\n<meta name=\"twitter:label1\" content=\"Disponibilidade\" \/>\n\t<meta name=\"twitter:data1\" content=\"Em Estoque\" \/>\n<script type=\"application\/ld+json\" class=\"yoast-schema-graph\">{\"@context\":\"https:\\\/\\\/schema.org\",\"@graph\":[{\"@type\":\"WebPage\",\"@id\":\"https:\\\/\\\/rls-wacon.de\\\/pt-br\\\/produkt\\\/iluminacao-de-pente-klt76\\\/\",\"url\":\"https:\\\/\\\/rls-wacon.de\\\/pt-br\\\/produkt\\\/iluminacao-de-pente-klt76\\\/\",\"name\":\"Ilumina\u00e7\u00e3o de pente KLT76 - RLS Wacon analytics\",\"isPartOf\":{\"@id\":\"https:\\\/\\\/rls-wacon.de\\\/#website\"},\"primaryImageOfPage\":{\"@id\":\"https:\\\/\\\/rls-wacon.de\\\/pt-br\\\/produkt\\\/iluminacao-de-pente-klt76\\\/#primaryimage\"},\"image\":{\"@id\":\"https:\\\/\\\/rls-wacon.de\\\/pt-br\\\/produkt\\\/iluminacao-de-pente-klt76\\\/#primaryimage\"},\"thumbnailUrl\":\"https:\\\/\\\/rls-wacon.de\\\/wp-content\\\/uploads\\\/2023\\\/10\\\/KLT76.jpg\",\"datePublished\":\"2023-10-24T15:04:27+00:00\",\"dateModified\":\"2026-02-16T21:45:09+00:00\",\"description\":\"A ilumina\u00e7\u00e3o vermelha\\\/verde comut\u00e1vel do pente KLT76-G\\\/R \u00e9 equipada com LEDs superbrilhantes, de alta qualidade e particularmente duradouros.\",\"breadcrumb\":{\"@id\":\"https:\\\/\\\/rls-wacon.de\\\/pt-br\\\/produkt\\\/iluminacao-de-pente-klt76\\\/#breadcrumb\"},\"inLanguage\":\"pt-BR\",\"potentialAction\":[{\"@type\":\"ReadAction\",\"target\":[\"https:\\\/\\\/rls-wacon.de\\\/pt-br\\\/produkt\\\/iluminacao-de-pente-klt76\\\/\"]}]},{\"@type\":\"ImageObject\",\"inLanguage\":\"pt-BR\",\"@id\":\"https:\\\/\\\/rls-wacon.de\\\/pt-br\\\/produkt\\\/iluminacao-de-pente-klt76\\\/#primaryimage\",\"url\":\"https:\\\/\\\/rls-wacon.de\\\/wp-content\\\/uploads\\\/2023\\\/10\\\/KLT76.jpg\",\"contentUrl\":\"https:\\\/\\\/rls-wacon.de\\\/wp-content\\\/uploads\\\/2023\\\/10\\\/KLT76.jpg\",\"width\":1890,\"height\":251},{\"@type\":\"BreadcrumbList\",\"@id\":\"https:\\\/\\\/rls-wacon.de\\\/pt-br\\\/produkt\\\/iluminacao-de-pente-klt76\\\/#breadcrumb\",\"itemListElement\":[{\"@type\":\"ListItem\",\"position\":1,\"name\":\"Startseite\",\"item\":\"https:\\\/\\\/rls-wacon.de\\\/pt-br\\\/\"},{\"@type\":\"ListItem\",\"position\":2,\"name\":\"Produtos\",\"item\":\"https:\\\/\\\/rls-wacon.de\\\/shop\\\/\"},{\"@type\":\"ListItem\",\"position\":3,\"name\":\"Ilumina\u00e7\u00e3o de pente KLT76\"}]},{\"@type\":\"WebSite\",\"@id\":\"https:\\\/\\\/rls-wacon.de\\\/#website\",\"url\":\"https:\\\/\\\/rls-wacon.de\\\/\",\"name\":\"RLS Wacon analytics GmbH\",\"description\":\"Experts for water monitoring\",\"publisher\":{\"@id\":\"https:\\\/\\\/rls-wacon.de\\\/#organization\"},\"potentialAction\":[{\"@type\":\"SearchAction\",\"target\":{\"@type\":\"EntryPoint\",\"urlTemplate\":\"https:\\\/\\\/rls-wacon.de\\\/?s={search_term_string}\"},\"query-input\":{\"@type\":\"PropertyValueSpecification\",\"valueRequired\":true,\"valueName\":\"search_term_string\"}}],\"inLanguage\":\"pt-BR\"},{\"@type\":\"Organization\",\"@id\":\"https:\\\/\\\/rls-wacon.de\\\/#organization\",\"name\":\"RLS Wacon analytics GmbH\",\"url\":\"https:\\\/\\\/rls-wacon.de\\\/\",\"logo\":{\"@type\":\"ImageObject\",\"inLanguage\":\"pt-BR\",\"@id\":\"https:\\\/\\\/rls-wacon.de\\\/#\\\/schema\\\/logo\\\/image\\\/\",\"url\":\"https:\\\/\\\/rls-wacon.de\\\/wp-content\\\/uploads\\\/2022\\\/10\\\/RLSWacon-analytics-Logo-BR-RZ-9_17-768x1591.png\",\"contentUrl\":\"https:\\\/\\\/rls-wacon.de\\\/wp-content\\\/uploads\\\/2022\\\/10\\\/RLSWacon-analytics-Logo-BR-RZ-9_17-768x1591.png\",\"width\":768,\"height\":159,\"caption\":\"RLS Wacon analytics GmbH\"},\"image\":{\"@id\":\"https:\\\/\\\/rls-wacon.de\\\/#\\\/schema\\\/logo\\\/image\\\/\"}}]}<\/script>\n<meta property=\"og:availability\" content=\"instock\" \/>\n<meta property=\"product:availability\" content=\"instock\" \/>\n<meta property=\"product:condition\" content=\"new\" \/>\n<!-- \/ Yoast SEO Premium plugin. -->","yoast_head_json":{"title":"Ilumina\u00e7\u00e3o de pente KLT76 - RLS Wacon analytics","description":"A ilumina\u00e7\u00e3o vermelha\/verde comut\u00e1vel do pente KLT76-G\/R \u00e9 equipada com LEDs superbrilhantes, de alta qualidade e particularmente duradouros.","robots":{"index":"index","follow":"follow","max-snippet":"max-snippet:-1","max-image-preview":"max-image-preview:large","max-video-preview":"max-video-preview:-1"},"canonical":"https:\/\/rls-wacon.de\/pt-br\/produkt\/iluminacao-de-pente-klt76\/","og_locale":"pt_BR","og_type":"article","og_title":"Ilumina\u00e7\u00e3o de pente KLT76","og_description":"A ilumina\u00e7\u00e3o vermelha\/verde comut\u00e1vel do pente KLT76-G\/R \u00e9 equipada com LEDs superbrilhantes, de alta qualidade e particularmente duradouros.","og_url":"https:\/\/rls-wacon.de\/pt-br\/produkt\/iluminacao-de-pente-klt76\/","og_site_name":"RLS Wacon analytics","article_modified_time":"2026-02-16T21:45:09+00:00","og_image":[{"width":1890,"height":251,"url":"https:\/\/rls-wacon.de\/wp-content\/uploads\/2023\/10\/KLT76.jpg","type":"image\/jpeg"}],"twitter_card":"summary_large_image","twitter_misc":{"Disponibilidade":"Em Estoque"},"schema":{"@context":"https:\/\/schema.org","@graph":[{"@type":"WebPage","@id":"https:\/\/rls-wacon.de\/pt-br\/produkt\/iluminacao-de-pente-klt76\/","url":"https:\/\/rls-wacon.de\/pt-br\/produkt\/iluminacao-de-pente-klt76\/","name":"Ilumina\u00e7\u00e3o de pente KLT76 - RLS Wacon analytics","isPartOf":{"@id":"https:\/\/rls-wacon.de\/#website"},"primaryImageOfPage":{"@id":"https:\/\/rls-wacon.de\/pt-br\/produkt\/iluminacao-de-pente-klt76\/#primaryimage"},"image":{"@id":"https:\/\/rls-wacon.de\/pt-br\/produkt\/iluminacao-de-pente-klt76\/#primaryimage"},"thumbnailUrl":"https:\/\/rls-wacon.de\/wp-content\/uploads\/2023\/10\/KLT76.jpg","datePublished":"2023-10-24T15:04:27+00:00","dateModified":"2026-02-16T21:45:09+00:00","description":"A ilumina\u00e7\u00e3o vermelha\/verde comut\u00e1vel do pente KLT76-G\/R \u00e9 equipada com LEDs superbrilhantes, de alta qualidade e particularmente duradouros.","breadcrumb":{"@id":"https:\/\/rls-wacon.de\/pt-br\/produkt\/iluminacao-de-pente-klt76\/#breadcrumb"},"inLanguage":"pt-BR","potentialAction":[{"@type":"ReadAction","target":["https:\/\/rls-wacon.de\/pt-br\/produkt\/iluminacao-de-pente-klt76\/"]}]},{"@type":"ImageObject","inLanguage":"pt-BR","@id":"https:\/\/rls-wacon.de\/pt-br\/produkt\/iluminacao-de-pente-klt76\/#primaryimage","url":"https:\/\/rls-wacon.de\/wp-content\/uploads\/2023\/10\/KLT76.jpg","contentUrl":"https:\/\/rls-wacon.de\/wp-content\/uploads\/2023\/10\/KLT76.jpg","width":1890,"height":251},{"@type":"BreadcrumbList","@id":"https:\/\/rls-wacon.de\/pt-br\/produkt\/iluminacao-de-pente-klt76\/#breadcrumb","itemListElement":[{"@type":"ListItem","position":1,"name":"Startseite","item":"https:\/\/rls-wacon.de\/pt-br\/"},{"@type":"ListItem","position":2,"name":"Produtos","item":"https:\/\/rls-wacon.de\/shop\/"},{"@type":"ListItem","position":3,"name":"Ilumina\u00e7\u00e3o de pente KLT76"}]},{"@type":"WebSite","@id":"https:\/\/rls-wacon.de\/#website","url":"https:\/\/rls-wacon.de\/","name":"RLS Wacon analytics GmbH","description":"Experts for water monitoring","publisher":{"@id":"https:\/\/rls-wacon.de\/#organization"},"potentialAction":[{"@type":"SearchAction","target":{"@type":"EntryPoint","urlTemplate":"https:\/\/rls-wacon.de\/?s={search_term_string}"},"query-input":{"@type":"PropertyValueSpecification","valueRequired":true,"valueName":"search_term_string"}}],"inLanguage":"pt-BR"},{"@type":"Organization","@id":"https:\/\/rls-wacon.de\/#organization","name":"RLS Wacon analytics GmbH","url":"https:\/\/rls-wacon.de\/","logo":{"@type":"ImageObject","inLanguage":"pt-BR","@id":"https:\/\/rls-wacon.de\/#\/schema\/logo\/image\/","url":"https:\/\/rls-wacon.de\/wp-content\/uploads\/2022\/10\/RLSWacon-analytics-Logo-BR-RZ-9_17-768x1591.png","contentUrl":"https:\/\/rls-wacon.de\/wp-content\/uploads\/2022\/10\/RLSWacon-analytics-Logo-BR-RZ-9_17-768x1591.png","width":768,"height":159,"caption":"RLS Wacon analytics GmbH"},"image":{"@id":"https:\/\/rls-wacon.de\/#\/schema\/logo\/image\/"}}]},"og_availability":"instock","product_availability":"instock","product_condition":"new"},"_links":{"self":[{"href":"https:\/\/rls-wacon.de\/pt-br\/wp-json\/wp\/v2\/product\/23247","targetHints":{"allow":["GET"]}}],"collection":[{"href":"https:\/\/rls-wacon.de\/pt-br\/wp-json\/wp\/v2\/product"}],"about":[{"href":"https:\/\/rls-wacon.de\/pt-br\/wp-json\/wp\/v2\/types\/product"}],"version-history":[{"count":1,"href":"https:\/\/rls-wacon.de\/pt-br\/wp-json\/wp\/v2\/product\/23247\/revisions"}],"predecessor-version":[{"id":28968,"href":"https:\/\/rls-wacon.de\/pt-br\/wp-json\/wp\/v2\/product\/23247\/revisions\/28968"}],"wp:featuredmedia":[{"embeddable":true,"href":"https:\/\/rls-wacon.de\/pt-br\/wp-json\/wp\/v2\/media\/18785"}],"wp:attachment":[{"href":"https:\/\/rls-wacon.de\/pt-br\/wp-json\/wp\/v2\/media?parent=23247"}],"wp:term":[{"taxonomy":"product_brand","embeddable":true,"href":"https:\/\/rls-wacon.de\/pt-br\/wp-json\/wp\/v2\/product_brand?post=23247"},{"taxonomy":"product_cat","embeddable":true,"href":"https:\/\/rls-wacon.de\/pt-br\/wp-json\/wp\/v2\/product_cat?post=23247"},{"taxonomy":"product_tag","embeddable":true,"href":"https:\/\/rls-wacon.de\/pt-br\/wp-json\/wp\/v2\/product_tag?post=23247"}],"curies":[{"name":"wp","href":"https:\/\/api.w.org\/{rel}","templated":true}]}}