{"id":23313,"date":"2023-10-24T15:04:31","date_gmt":"2023-10-24T15:04:31","guid":{"rendered":"https:\/\/rls-wacon.de\/produkt\/sensor-de-radar-rms-2-m12\/"},"modified":"2026-02-16T22:50:56","modified_gmt":"2026-02-16T21:50:56","slug":"sensor-de-radar-rms-2-m12","status":"publish","type":"product","link":"https:\/\/rls-wacon.de\/pt-br\/produkt\/sensor-de-radar-rms-2-m12\/","title":{"rendered":"Sensor de radar RMS-2 (M12)"},"content":{"rendered":"<hr class=\"system-pagebreak\" title=\"Especifica\u00e7\u00f5es\" \/>\n<table class=\"rls-table\">\n<tbody>\n<tr>\n<td>Par\u00e2metro<\/td>\n<td>Valor<\/td>\n<td>m\u00edn.<\/td>\n<td>tip.<\/td>\n<td>m\u00e1x.<\/td>\n<\/tr>\n<tr>\n<td>Tens\u00e3o operacional<\/td>\n<td><\/td>\n<td>10 VDC<\/td>\n<td><\/td>\n<td>30 VCC<\/td>\n<\/tr>\n<tr>\n<td>Consumo de energia<\/td>\n<td><\/td>\n<td><\/td>\n<td>0,5 W<\/td>\n<td><\/td>\n<\/tr>\n<tr>\n<td>Faixa de temperatura<\/td>\n<td><\/td>\n<td>&#8211; 30 \u00b0C<\/td>\n<td><\/td>\n<td>80 \u00b0C<\/td>\n<\/tr>\n<tr>\n<td>Classe de prote\u00e7\u00e3o<\/td>\n<td>IP 66<\/td>\n<td><\/td>\n<td><\/td>\n<td><\/td>\n<\/tr>\n<tr>\n<td>Material do compartimento<\/td>\n<td>PC<\/td>\n<td><\/td>\n<td><\/td>\n<td><\/td>\n<\/tr>\n<tr>\n<td>Dimens\u00f5es<\/td>\n<td>65 x 50 x 35 mm<\/td>\n<td><\/td>\n<td><\/td>\n<td><\/td>\n<\/tr>\n<\/tbody>\n<\/table>\n<p>&nbsp;<\/p>\n<hr class=\"system-pagebreak\" title=\"Dados t\u00e9cnicos\" \/>\n<table class=\"rls-table\">\n<tbody>\n<tr>\n<td>Par\u00e2metro<\/td>\n<td>Valor<\/td>\n<td>m\u00edn.<\/td>\n<td>tip.<\/td>\n<td>m\u00e1x.<\/td>\n<\/tr>\n<tr>\n<td>Faixa de detec\u00e7\u00e3o<\/td>\n<td><\/td>\n<td>1 m<\/td>\n<td><\/td>\n<td>6 m<\/td>\n<\/tr>\n<tr>\n<td>\u00c2ngulo do feixe, horizontal<\/td>\n<td><\/td>\n<td><\/td>\n<td>70 \u00b0<\/td>\n<td><\/td>\n<\/tr>\n<tr>\n<td>\u00c2ngulo do feixe, vertical<\/td>\n<td><\/td>\n<td><\/td>\n<td>36 \u00b0<\/td>\n<td><\/td>\n<\/tr>\n<tr>\n<td>Pot\u00eancia de transmiss\u00e3o<\/td>\n<td><\/td>\n<td><\/td>\n<td>100 mW EIRP<\/td>\n<td><\/td>\n<\/tr>\n<tr>\n<td>Sa\u00edda de sinal<\/td>\n<td>baixo\/alto ativo, push pull<\/td>\n<td><\/td>\n<td><\/td>\n<td><\/td>\n<\/tr>\n<tr>\n<td>Comprimento ajust\u00e1vel do pulso de sa\u00edda<\/td>\n<td>1 s, 5 s, 10 s, 30 s<\/td>\n<td><\/td>\n<td><\/td>\n<td><\/td>\n<\/tr>\n<tr>\n<td>Conex\u00e3o<\/td>\n<td>M12 macho, 4 pinos<\/td>\n<td><\/td>\n<td><\/td>\n<td><\/td>\n<\/tr>\n<tr>\n<td>Dire\u00e7\u00e3o<\/td>\n<td>aproximada e\/ou distante<\/td>\n<td><\/td>\n<td><\/td>\n<td><\/td>\n<\/tr>\n<tr>\n<td>Alinhamento da antena<\/td>\n<td>0\u00b0<\/td>\n<td><\/td>\n<td><\/td>\n<td><\/td>\n<\/tr>\n<tr>\n<td>LED de status<\/td>\n<td>interno<\/td>\n<td><\/td>\n<td><\/td>\n<td><\/td>\n<\/tr>\n<\/tbody>\n<\/table>\n<p>&nbsp;<\/p>\n<hr class=\"system-pagebreak\" title=\"Padr\u00f5es\" \/>\n<table class=\"rls-table\">\n<tbody>\n<tr>\n<td>Padr\u00e3o<\/td>\n<\/tr>\n<tr>\n<td>ETSI EN300440-1 V1.3.1 (2001-09)<\/td>\n<\/tr>\n<tr>\n<td>ETSI EN300440-2 V1.1.1 (2001-09)<\/td>\n<\/tr>\n<tr>\n<td>VDE 0848(08\/2000) Parte 1<\/td>\n<\/tr>\n<tr>\n<td>VDE 0848(01\/1991) Parte 2<\/td>\n<\/tr>\n<tr>\n<td>Diretrizes do ICNIRP (04\/1998)<\/td>\n<\/tr>\n<tr>\n<td>EN50 081-1<\/td>\n<\/tr>\n<tr>\n<td>EN50 082-1<\/td>\n<\/tr>\n<\/tbody>\n<\/table>\n<p>&nbsp;<\/p>\n<hr class=\"system-pagebreak\" title=\"Atribui\u00e7\u00e3o de cabos\" \/>\n<table class=\"rls-table\">\n<tbody>\n<tr>\n<td>Pino M12<\/td>\n<td>Sinal<\/td>\n<\/tr>\n<tr>\n<td>1<\/td>\n<td>10 &#8230; 30 V CC<\/td>\n<\/tr>\n<tr>\n<td>2<\/td>\n<td>aproximadamente<\/td>\n<\/tr>\n<tr>\n<td>3<\/td>\n<td>Massa<\/td>\n<\/tr>\n<tr>\n<td>4<\/td>\n<td>remo\u00e7\u00e3o<\/td>\n<\/tr>\n<\/tbody>\n<\/table>\n","protected":false},"excerpt":{"rendered":"<p>O sensor de radar RMS-2 (M12) com sensibilidade ajust\u00e1vel \u00e9 um detector de movimento. Diferentemente de outros sensores, o RMS-2 distingue entre objetos que se aproximam e objetos em movimento. Essa informa\u00e7\u00e3o est\u00e1 dispon\u00edvel para o usu\u00e1rio por meio de duas sa\u00eddas de comuta\u00e7\u00e3o separadas. A sensibilidade do dispositivo pode ser configurada em quatro est\u00e1gios por meio de uma faixa de jumper interna. O RMS-2 (M12) \u00e9 conectado por meio de um conector de plugue padr\u00e3o do setor.<\/p>\n<p>Os recursos especiais s\u00e3o:<\/p>\n<ul>\n<li>Ajuste simples da sensibilidade no local de uso<\/li>\n<li>Tempo de comuta\u00e7\u00e3o ajust\u00e1vel para detec\u00e7\u00e3o de objetos<\/li>\n<li>Insens\u00edvel a movimentos laterais<\/li>\n<li>Sele\u00e7\u00e3o da faixa de medi\u00e7\u00e3o por montagem horizontal ou vertical<\/li>\n<li>Baixo consumo de energia<\/li>\n<li>Possibilidade de instala\u00e7\u00e3o oculta<\/li>\n<li>Livre de manuten\u00e7\u00e3o<\/li>\n<li>Montagem simples<\/li>\n<\/ul>\n<p>&nbsp;<\/p>\n<p>O sensor de radar RMS-2 (M12) \u00e9 usado principalmente nas seguintes \u00e1reas:<\/p>\n<ul>\n<li>Controle de acesso e entrada<\/li>\n<li>Controle de porta<\/li>\n<li>Reconhecimento de pessoas e objetos<\/li>\n<li>Detec\u00e7\u00e3o de movimento sens\u00edvel \u00e0 dire\u00e7\u00e3o<\/li>\n<\/ul>\n<p>&nbsp;<\/p>\n","protected":false},"featured_media":15525,"template":"","meta":{"_acf_changed":false},"product_brand":[],"product_cat":[1257],"product_tag":[],"class_list":{"0":"post-23313","1":"product","2":"type-product","3":"status-publish","4":"has-post-thumbnail","6":"product_cat-sensores-de-radar","8":"first","9":"instock","10":"shipping-taxable","11":"purchasable","12":"product-type-simple"},"exclude_global_add_ons":[],"addons":[],"acf":[],"yoast_head":"<!-- This site is optimized with the Yoast SEO Premium plugin v27.3 (Yoast SEO v27.3) - https:\/\/yoast.com\/product\/yoast-seo-premium-wordpress\/ -->\n<title>Sensor de radar RMS-2 (M12) - RLS Wacon analytics<\/title>\n<meta name=\"description\" content=\"O sensor de radar RMS-2 (M12) com sensibilidade ajust\u00e1vel \u00e9 um detector de movimento.\" \/>\n<meta name=\"robots\" content=\"index, follow, max-snippet:-1, max-image-preview:large, max-video-preview:-1\" \/>\n<link rel=\"canonical\" href=\"https:\/\/rls-wacon.de\/pt-br\/produkt\/sensor-de-radar-rms-2-m12\/\" \/>\n<meta property=\"og:locale\" content=\"pt_BR\" \/>\n<meta property=\"og:type\" content=\"article\" \/>\n<meta property=\"og:title\" content=\"Sensor de radar RMS-2 (M12)\" \/>\n<meta property=\"og:description\" content=\"O sensor de radar RMS-2 (M12) com sensibilidade ajust\u00e1vel \u00e9 um detector de movimento.\" \/>\n<meta property=\"og:url\" content=\"https:\/\/rls-wacon.de\/pt-br\/produkt\/sensor-de-radar-rms-2-m12\/\" \/>\n<meta property=\"og:site_name\" content=\"RLS Wacon analytics\" \/>\n<meta property=\"article:modified_time\" content=\"2026-02-16T21:50:56+00:00\" \/>\n<meta property=\"og:image\" content=\"https:\/\/rls-wacon.de\/wp-content\/uploads\/2023\/10\/DSC00204-scaled.webp\" \/>\n\t<meta property=\"og:image:width\" content=\"2560\" \/>\n\t<meta property=\"og:image:height\" content=\"1707\" \/>\n\t<meta property=\"og:image:type\" content=\"image\/jpeg\" \/>\n<meta name=\"twitter:card\" content=\"summary_large_image\" \/>\n<meta name=\"twitter:label1\" content=\"Pre\u00e7o\" \/>\n\t<meta name=\"twitter:data1\" content=\"9.999,00&nbsp;&euro;\" \/>\n\t<meta name=\"twitter:label2\" content=\"Disponibilidade\" \/>\n\t<meta name=\"twitter:data2\" content=\"Em Estoque\" \/>\n<script type=\"application\/ld+json\" class=\"yoast-schema-graph\">{\"@context\":\"https:\\\/\\\/schema.org\",\"@graph\":[{\"@type\":\"WebPage\",\"@id\":\"https:\\\/\\\/rls-wacon.de\\\/pt-br\\\/produkt\\\/sensor-de-radar-rms-2-m12\\\/\",\"url\":\"https:\\\/\\\/rls-wacon.de\\\/pt-br\\\/produkt\\\/sensor-de-radar-rms-2-m12\\\/\",\"name\":\"Sensor de radar RMS-2 (M12) - RLS Wacon analytics\",\"isPartOf\":{\"@id\":\"https:\\\/\\\/rls-wacon.de\\\/#website\"},\"primaryImageOfPage\":{\"@id\":\"https:\\\/\\\/rls-wacon.de\\\/pt-br\\\/produkt\\\/sensor-de-radar-rms-2-m12\\\/#primaryimage\"},\"image\":{\"@id\":\"https:\\\/\\\/rls-wacon.de\\\/pt-br\\\/produkt\\\/sensor-de-radar-rms-2-m12\\\/#primaryimage\"},\"thumbnailUrl\":\"https:\\\/\\\/rls-wacon.de\\\/wp-content\\\/uploads\\\/2023\\\/10\\\/DSC00204-scaled.webp\",\"datePublished\":\"2023-10-24T15:04:31+00:00\",\"dateModified\":\"2026-02-16T21:50:56+00:00\",\"description\":\"O sensor de radar RMS-2 (M12) com sensibilidade ajust\u00e1vel \u00e9 um detector de movimento.\",\"breadcrumb\":{\"@id\":\"https:\\\/\\\/rls-wacon.de\\\/pt-br\\\/produkt\\\/sensor-de-radar-rms-2-m12\\\/#breadcrumb\"},\"inLanguage\":\"pt-BR\",\"potentialAction\":[{\"@type\":\"ReadAction\",\"target\":[\"https:\\\/\\\/rls-wacon.de\\\/pt-br\\\/produkt\\\/sensor-de-radar-rms-2-m12\\\/\"]}]},{\"@type\":\"ImageObject\",\"inLanguage\":\"pt-BR\",\"@id\":\"https:\\\/\\\/rls-wacon.de\\\/pt-br\\\/produkt\\\/sensor-de-radar-rms-2-m12\\\/#primaryimage\",\"url\":\"https:\\\/\\\/rls-wacon.de\\\/wp-content\\\/uploads\\\/2023\\\/10\\\/DSC00204-scaled.webp\",\"contentUrl\":\"https:\\\/\\\/rls-wacon.de\\\/wp-content\\\/uploads\\\/2023\\\/10\\\/DSC00204-scaled.webp\",\"width\":2560,\"height\":1707,\"caption\":\"Sensor de radar RMS-2 (M12)\"},{\"@type\":\"BreadcrumbList\",\"@id\":\"https:\\\/\\\/rls-wacon.de\\\/pt-br\\\/produkt\\\/sensor-de-radar-rms-2-m12\\\/#breadcrumb\",\"itemListElement\":[{\"@type\":\"ListItem\",\"position\":1,\"name\":\"Startseite\",\"item\":\"https:\\\/\\\/rls-wacon.de\\\/pt-br\\\/\"},{\"@type\":\"ListItem\",\"position\":2,\"name\":\"Produtos\",\"item\":\"https:\\\/\\\/rls-wacon.de\\\/shop\\\/\"},{\"@type\":\"ListItem\",\"position\":3,\"name\":\"Sensor de radar RMS-2 (M12)\"}]},{\"@type\":\"WebSite\",\"@id\":\"https:\\\/\\\/rls-wacon.de\\\/#website\",\"url\":\"https:\\\/\\\/rls-wacon.de\\\/\",\"name\":\"RLS Wacon analytics GmbH\",\"description\":\"Experts for water monitoring\",\"publisher\":{\"@id\":\"https:\\\/\\\/rls-wacon.de\\\/#organization\"},\"potentialAction\":[{\"@type\":\"SearchAction\",\"target\":{\"@type\":\"EntryPoint\",\"urlTemplate\":\"https:\\\/\\\/rls-wacon.de\\\/?s={search_term_string}\"},\"query-input\":{\"@type\":\"PropertyValueSpecification\",\"valueRequired\":true,\"valueName\":\"search_term_string\"}}],\"inLanguage\":\"pt-BR\"},{\"@type\":\"Organization\",\"@id\":\"https:\\\/\\\/rls-wacon.de\\\/#organization\",\"name\":\"RLS Wacon analytics GmbH\",\"url\":\"https:\\\/\\\/rls-wacon.de\\\/\",\"logo\":{\"@type\":\"ImageObject\",\"inLanguage\":\"pt-BR\",\"@id\":\"https:\\\/\\\/rls-wacon.de\\\/#\\\/schema\\\/logo\\\/image\\\/\",\"url\":\"https:\\\/\\\/rls-wacon.de\\\/wp-content\\\/uploads\\\/2022\\\/10\\\/RLSWacon-analytics-Logo-BR-RZ-9_17-768x1591.png\",\"contentUrl\":\"https:\\\/\\\/rls-wacon.de\\\/wp-content\\\/uploads\\\/2022\\\/10\\\/RLSWacon-analytics-Logo-BR-RZ-9_17-768x1591.png\",\"width\":768,\"height\":159,\"caption\":\"RLS Wacon analytics GmbH\"},\"image\":{\"@id\":\"https:\\\/\\\/rls-wacon.de\\\/#\\\/schema\\\/logo\\\/image\\\/\"}}]}<\/script>\n<meta property=\"product:price:amount\" content=\"9999.00\" \/>\n<meta property=\"product:price:currency\" content=\"EUR\" \/>\n<meta property=\"og:availability\" content=\"instock\" \/>\n<meta property=\"product:availability\" content=\"instock\" \/>\n<meta property=\"product:condition\" content=\"new\" \/>\n<!-- \/ Yoast SEO Premium plugin. -->","yoast_head_json":{"title":"Sensor de radar RMS-2 (M12) - RLS Wacon analytics","description":"O sensor de radar RMS-2 (M12) com sensibilidade ajust\u00e1vel \u00e9 um detector de movimento.","robots":{"index":"index","follow":"follow","max-snippet":"max-snippet:-1","max-image-preview":"max-image-preview:large","max-video-preview":"max-video-preview:-1"},"canonical":"https:\/\/rls-wacon.de\/pt-br\/produkt\/sensor-de-radar-rms-2-m12\/","og_locale":"pt_BR","og_type":"article","og_title":"Sensor de radar RMS-2 (M12)","og_description":"O sensor de radar RMS-2 (M12) com sensibilidade ajust\u00e1vel \u00e9 um detector de movimento.","og_url":"https:\/\/rls-wacon.de\/pt-br\/produkt\/sensor-de-radar-rms-2-m12\/","og_site_name":"RLS Wacon analytics","article_modified_time":"2026-02-16T21:50:56+00:00","og_image":[{"width":2560,"height":1707,"url":"https:\/\/rls-wacon.de\/wp-content\/uploads\/2023\/10\/DSC00204-scaled.webp","type":"image\/jpeg"}],"twitter_card":"summary_large_image","twitter_misc":{"Pre\u00e7o":"9.999,00&nbsp;&euro;","Disponibilidade":"Em Estoque"},"schema":{"@context":"https:\/\/schema.org","@graph":[{"@type":"WebPage","@id":"https:\/\/rls-wacon.de\/pt-br\/produkt\/sensor-de-radar-rms-2-m12\/","url":"https:\/\/rls-wacon.de\/pt-br\/produkt\/sensor-de-radar-rms-2-m12\/","name":"Sensor de radar RMS-2 (M12) - RLS Wacon analytics","isPartOf":{"@id":"https:\/\/rls-wacon.de\/#website"},"primaryImageOfPage":{"@id":"https:\/\/rls-wacon.de\/pt-br\/produkt\/sensor-de-radar-rms-2-m12\/#primaryimage"},"image":{"@id":"https:\/\/rls-wacon.de\/pt-br\/produkt\/sensor-de-radar-rms-2-m12\/#primaryimage"},"thumbnailUrl":"https:\/\/rls-wacon.de\/wp-content\/uploads\/2023\/10\/DSC00204-scaled.webp","datePublished":"2023-10-24T15:04:31+00:00","dateModified":"2026-02-16T21:50:56+00:00","description":"O sensor de radar RMS-2 (M12) com sensibilidade ajust\u00e1vel \u00e9 um detector de movimento.","breadcrumb":{"@id":"https:\/\/rls-wacon.de\/pt-br\/produkt\/sensor-de-radar-rms-2-m12\/#breadcrumb"},"inLanguage":"pt-BR","potentialAction":[{"@type":"ReadAction","target":["https:\/\/rls-wacon.de\/pt-br\/produkt\/sensor-de-radar-rms-2-m12\/"]}]},{"@type":"ImageObject","inLanguage":"pt-BR","@id":"https:\/\/rls-wacon.de\/pt-br\/produkt\/sensor-de-radar-rms-2-m12\/#primaryimage","url":"https:\/\/rls-wacon.de\/wp-content\/uploads\/2023\/10\/DSC00204-scaled.webp","contentUrl":"https:\/\/rls-wacon.de\/wp-content\/uploads\/2023\/10\/DSC00204-scaled.webp","width":2560,"height":1707,"caption":"Sensor de radar RMS-2 (M12)"},{"@type":"BreadcrumbList","@id":"https:\/\/rls-wacon.de\/pt-br\/produkt\/sensor-de-radar-rms-2-m12\/#breadcrumb","itemListElement":[{"@type":"ListItem","position":1,"name":"Startseite","item":"https:\/\/rls-wacon.de\/pt-br\/"},{"@type":"ListItem","position":2,"name":"Produtos","item":"https:\/\/rls-wacon.de\/shop\/"},{"@type":"ListItem","position":3,"name":"Sensor de radar RMS-2 (M12)"}]},{"@type":"WebSite","@id":"https:\/\/rls-wacon.de\/#website","url":"https:\/\/rls-wacon.de\/","name":"RLS Wacon analytics GmbH","description":"Experts for water monitoring","publisher":{"@id":"https:\/\/rls-wacon.de\/#organization"},"potentialAction":[{"@type":"SearchAction","target":{"@type":"EntryPoint","urlTemplate":"https:\/\/rls-wacon.de\/?s={search_term_string}"},"query-input":{"@type":"PropertyValueSpecification","valueRequired":true,"valueName":"search_term_string"}}],"inLanguage":"pt-BR"},{"@type":"Organization","@id":"https:\/\/rls-wacon.de\/#organization","name":"RLS Wacon analytics GmbH","url":"https:\/\/rls-wacon.de\/","logo":{"@type":"ImageObject","inLanguage":"pt-BR","@id":"https:\/\/rls-wacon.de\/#\/schema\/logo\/image\/","url":"https:\/\/rls-wacon.de\/wp-content\/uploads\/2022\/10\/RLSWacon-analytics-Logo-BR-RZ-9_17-768x1591.png","contentUrl":"https:\/\/rls-wacon.de\/wp-content\/uploads\/2022\/10\/RLSWacon-analytics-Logo-BR-RZ-9_17-768x1591.png","width":768,"height":159,"caption":"RLS Wacon analytics GmbH"},"image":{"@id":"https:\/\/rls-wacon.de\/#\/schema\/logo\/image\/"}}]},"product_price_amount":"9999.00","product_price_currency":"EUR","og_availability":"instock","product_availability":"instock","product_condition":"new"},"_links":{"self":[{"href":"https:\/\/rls-wacon.de\/pt-br\/wp-json\/wp\/v2\/product\/23313","targetHints":{"allow":["GET"]}}],"collection":[{"href":"https:\/\/rls-wacon.de\/pt-br\/wp-json\/wp\/v2\/product"}],"about":[{"href":"https:\/\/rls-wacon.de\/pt-br\/wp-json\/wp\/v2\/types\/product"}],"version-history":[{"count":1,"href":"https:\/\/rls-wacon.de\/pt-br\/wp-json\/wp\/v2\/product\/23313\/revisions"}],"predecessor-version":[{"id":28978,"href":"https:\/\/rls-wacon.de\/pt-br\/wp-json\/wp\/v2\/product\/23313\/revisions\/28978"}],"wp:featuredmedia":[{"embeddable":true,"href":"https:\/\/rls-wacon.de\/pt-br\/wp-json\/wp\/v2\/media\/15525"}],"wp:attachment":[{"href":"https:\/\/rls-wacon.de\/pt-br\/wp-json\/wp\/v2\/media?parent=23313"}],"wp:term":[{"taxonomy":"product_brand","embeddable":true,"href":"https:\/\/rls-wacon.de\/pt-br\/wp-json\/wp\/v2\/product_brand?post=23313"},{"taxonomy":"product_cat","embeddable":true,"href":"https:\/\/rls-wacon.de\/pt-br\/wp-json\/wp\/v2\/product_cat?post=23313"},{"taxonomy":"product_tag","embeddable":true,"href":"https:\/\/rls-wacon.de\/pt-br\/wp-json\/wp\/v2\/product_tag?post=23313"}],"curies":[{"name":"wp","href":"https:\/\/api.w.org\/{rel}","templated":true}]}}