{"id":23326,"date":"2023-10-24T15:04:32","date_gmt":"2023-10-24T15:04:32","guid":{"rendered":"https:\/\/rls-wacon.de\/produkt\/adaptador-de-transmissor-para-conversao-da-versao-mo-para-d\/"},"modified":"2026-02-16T22:54:12","modified_gmt":"2026-02-16T21:54:12","slug":"adaptador-de-transmissor-para-conversao-da-versao-mo-para-d","status":"publish","type":"product","link":"https:\/\/rls-wacon.de\/pt-br\/produkt\/adaptador-de-transmissor-para-conversao-da-versao-mo-para-d\/","title":{"rendered":"Adaptador de transmissor para convers\u00e3o da vers\u00e3o MO para D"},"content":{"rendered":"","protected":false},"excerpt":{"rendered":"<p>As escadas rolantes com circuitos de espera da vers\u00e3o MO, que foi descontinuada, podem ser modernizadas com a vers\u00e3o D. Os m\u00f3dulos adaptadores est\u00e3o dispon\u00edveis para essa finalidade e podem ser simplesmente conectados aos cabos adaptadores existentes da vers\u00e3o anterior, tornando sua substitui\u00e7\u00e3o sup\u00e9rflua. Somente o transmissor e o receptor da nova vers\u00e3o precisam ser usados.<\/p>\n<p>Os recursos especiais do adaptador do transmissor para convers\u00e3o da vers\u00e3o MO para D s\u00e3o<\/p>\n<ul>\n<li>para conex\u00e3o ao cabo adaptador da vers\u00e3o MO existente<\/li>\n<li>Extremamente robusto e resistente a intemp\u00e9ries<\/li>\n<\/ul>\n","protected":false},"featured_media":19217,"template":"","meta":{"_acf_changed":false},"product_brand":[],"product_cat":[1258,1259,1384],"product_tag":[],"class_list":{"0":"post-23326","1":"product","2":"type-product","3":"status-publish","4":"has-post-thumbnail","6":"product_cat-cortina-de-luz","7":"product_cat-versao-d","8":"product_cat-versao-mo","10":"first","11":"instock","12":"shipping-taxable","13":"purchasable","14":"product-type-simple"},"exclude_global_add_ons":[],"addons":[],"acf":[],"yoast_head":"<!-- This site is optimized with the Yoast SEO Premium plugin v27.3 (Yoast SEO v27.3) - https:\/\/yoast.com\/product\/yoast-seo-premium-wordpress\/ -->\n<title>Adaptador de transmissor para convers\u00e3o da vers\u00e3o MO para D - RLS Wacon analytics<\/title>\n<meta name=\"description\" content=\"As escadas rolantes com circuitos de espera da vers\u00e3o MO, que foi descontinuada, podem ser modernizadas com a vers\u00e3o D.\" \/>\n<meta name=\"robots\" content=\"index, follow, max-snippet:-1, max-image-preview:large, max-video-preview:-1\" \/>\n<link rel=\"canonical\" href=\"https:\/\/rls-wacon.de\/pt-br\/produkt\/adaptador-de-transmissor-para-conversao-da-versao-mo-para-d\/\" \/>\n<meta property=\"og:locale\" content=\"pt_BR\" \/>\n<meta property=\"og:type\" content=\"article\" \/>\n<meta property=\"og:title\" content=\"Adaptador de transmissor para convers\u00e3o da vers\u00e3o MO para D\" \/>\n<meta property=\"og:description\" content=\"As escadas rolantes com circuitos de espera da vers\u00e3o MO, que foi descontinuada, podem ser modernizadas com a vers\u00e3o D.\" \/>\n<meta property=\"og:url\" content=\"https:\/\/rls-wacon.de\/pt-br\/produkt\/adaptador-de-transmissor-para-conversao-da-versao-mo-para-d\/\" \/>\n<meta property=\"og:site_name\" content=\"RLS Wacon analytics\" \/>\n<meta property=\"article:modified_time\" content=\"2026-02-16T21:54:12+00:00\" \/>\n<meta property=\"og:image\" content=\"https:\/\/rls-wacon.de\/wp-content\/uploads\/2023\/10\/Sender-Adapter-zur-Umruestung-MO-auf-D.jpg\" \/>\n\t<meta property=\"og:image:width\" content=\"945\" \/>\n\t<meta property=\"og:image:height\" content=\"573\" \/>\n\t<meta property=\"og:image:type\" content=\"image\/jpeg\" \/>\n<meta name=\"twitter:card\" content=\"summary_large_image\" \/>\n<meta name=\"twitter:label1\" content=\"Pre\u00e7o\" \/>\n\t<meta name=\"twitter:data1\" content=\"9.999,00&nbsp;&euro;\" \/>\n\t<meta name=\"twitter:label2\" content=\"Disponibilidade\" \/>\n\t<meta name=\"twitter:data2\" content=\"Em Estoque\" \/>\n<script type=\"application\/ld+json\" class=\"yoast-schema-graph\">{\"@context\":\"https:\\\/\\\/schema.org\",\"@graph\":[{\"@type\":\"WebPage\",\"@id\":\"https:\\\/\\\/rls-wacon.de\\\/pt-br\\\/produkt\\\/adaptador-de-transmissor-para-conversao-da-versao-mo-para-d\\\/\",\"url\":\"https:\\\/\\\/rls-wacon.de\\\/pt-br\\\/produkt\\\/adaptador-de-transmissor-para-conversao-da-versao-mo-para-d\\\/\",\"name\":\"Adaptador de transmissor para convers\u00e3o da vers\u00e3o MO para D - RLS Wacon analytics\",\"isPartOf\":{\"@id\":\"https:\\\/\\\/rls-wacon.de\\\/#website\"},\"primaryImageOfPage\":{\"@id\":\"https:\\\/\\\/rls-wacon.de\\\/pt-br\\\/produkt\\\/adaptador-de-transmissor-para-conversao-da-versao-mo-para-d\\\/#primaryimage\"},\"image\":{\"@id\":\"https:\\\/\\\/rls-wacon.de\\\/pt-br\\\/produkt\\\/adaptador-de-transmissor-para-conversao-da-versao-mo-para-d\\\/#primaryimage\"},\"thumbnailUrl\":\"https:\\\/\\\/rls-wacon.de\\\/wp-content\\\/uploads\\\/2023\\\/10\\\/Sender-Adapter-zur-Umruestung-MO-auf-D.jpg\",\"datePublished\":\"2023-10-24T15:04:32+00:00\",\"dateModified\":\"2026-02-16T21:54:12+00:00\",\"description\":\"As escadas rolantes com circuitos de espera da vers\u00e3o MO, que foi descontinuada, podem ser modernizadas com a vers\u00e3o D.\",\"breadcrumb\":{\"@id\":\"https:\\\/\\\/rls-wacon.de\\\/pt-br\\\/produkt\\\/adaptador-de-transmissor-para-conversao-da-versao-mo-para-d\\\/#breadcrumb\"},\"inLanguage\":\"pt-BR\",\"potentialAction\":[{\"@type\":\"ReadAction\",\"target\":[\"https:\\\/\\\/rls-wacon.de\\\/pt-br\\\/produkt\\\/adaptador-de-transmissor-para-conversao-da-versao-mo-para-d\\\/\"]}]},{\"@type\":\"ImageObject\",\"inLanguage\":\"pt-BR\",\"@id\":\"https:\\\/\\\/rls-wacon.de\\\/pt-br\\\/produkt\\\/adaptador-de-transmissor-para-conversao-da-versao-mo-para-d\\\/#primaryimage\",\"url\":\"https:\\\/\\\/rls-wacon.de\\\/wp-content\\\/uploads\\\/2023\\\/10\\\/Sender-Adapter-zur-Umruestung-MO-auf-D.jpg\",\"contentUrl\":\"https:\\\/\\\/rls-wacon.de\\\/wp-content\\\/uploads\\\/2023\\\/10\\\/Sender-Adapter-zur-Umruestung-MO-auf-D.jpg\",\"width\":945,\"height\":573},{\"@type\":\"BreadcrumbList\",\"@id\":\"https:\\\/\\\/rls-wacon.de\\\/pt-br\\\/produkt\\\/adaptador-de-transmissor-para-conversao-da-versao-mo-para-d\\\/#breadcrumb\",\"itemListElement\":[{\"@type\":\"ListItem\",\"position\":1,\"name\":\"Startseite\",\"item\":\"https:\\\/\\\/rls-wacon.de\\\/pt-br\\\/\"},{\"@type\":\"ListItem\",\"position\":2,\"name\":\"Produtos\",\"item\":\"https:\\\/\\\/rls-wacon.de\\\/shop\\\/\"},{\"@type\":\"ListItem\",\"position\":3,\"name\":\"Adaptador de transmissor para convers\u00e3o da vers\u00e3o MO para D\"}]},{\"@type\":\"WebSite\",\"@id\":\"https:\\\/\\\/rls-wacon.de\\\/#website\",\"url\":\"https:\\\/\\\/rls-wacon.de\\\/\",\"name\":\"RLS Wacon analytics GmbH\",\"description\":\"Experts for water monitoring\",\"publisher\":{\"@id\":\"https:\\\/\\\/rls-wacon.de\\\/#organization\"},\"potentialAction\":[{\"@type\":\"SearchAction\",\"target\":{\"@type\":\"EntryPoint\",\"urlTemplate\":\"https:\\\/\\\/rls-wacon.de\\\/?s={search_term_string}\"},\"query-input\":{\"@type\":\"PropertyValueSpecification\",\"valueRequired\":true,\"valueName\":\"search_term_string\"}}],\"inLanguage\":\"pt-BR\"},{\"@type\":\"Organization\",\"@id\":\"https:\\\/\\\/rls-wacon.de\\\/#organization\",\"name\":\"RLS Wacon analytics GmbH\",\"url\":\"https:\\\/\\\/rls-wacon.de\\\/\",\"logo\":{\"@type\":\"ImageObject\",\"inLanguage\":\"pt-BR\",\"@id\":\"https:\\\/\\\/rls-wacon.de\\\/#\\\/schema\\\/logo\\\/image\\\/\",\"url\":\"https:\\\/\\\/rls-wacon.de\\\/wp-content\\\/uploads\\\/2022\\\/10\\\/RLSWacon-analytics-Logo-BR-RZ-9_17-768x1591.png\",\"contentUrl\":\"https:\\\/\\\/rls-wacon.de\\\/wp-content\\\/uploads\\\/2022\\\/10\\\/RLSWacon-analytics-Logo-BR-RZ-9_17-768x1591.png\",\"width\":768,\"height\":159,\"caption\":\"RLS Wacon analytics GmbH\"},\"image\":{\"@id\":\"https:\\\/\\\/rls-wacon.de\\\/#\\\/schema\\\/logo\\\/image\\\/\"}}]}<\/script>\n<meta property=\"product:price:amount\" content=\"9999.00\" \/>\n<meta property=\"product:price:currency\" content=\"EUR\" \/>\n<meta property=\"og:availability\" content=\"instock\" \/>\n<meta property=\"product:availability\" content=\"instock\" \/>\n<meta property=\"product:condition\" content=\"new\" \/>\n<!-- \/ Yoast SEO Premium plugin. -->","yoast_head_json":{"title":"Adaptador de transmissor para convers\u00e3o da vers\u00e3o MO para D - RLS Wacon analytics","description":"As escadas rolantes com circuitos de espera da vers\u00e3o MO, que foi descontinuada, podem ser modernizadas com a vers\u00e3o D.","robots":{"index":"index","follow":"follow","max-snippet":"max-snippet:-1","max-image-preview":"max-image-preview:large","max-video-preview":"max-video-preview:-1"},"canonical":"https:\/\/rls-wacon.de\/pt-br\/produkt\/adaptador-de-transmissor-para-conversao-da-versao-mo-para-d\/","og_locale":"pt_BR","og_type":"article","og_title":"Adaptador de transmissor para convers\u00e3o da vers\u00e3o MO para D","og_description":"As escadas rolantes com circuitos de espera da vers\u00e3o MO, que foi descontinuada, podem ser modernizadas com a vers\u00e3o D.","og_url":"https:\/\/rls-wacon.de\/pt-br\/produkt\/adaptador-de-transmissor-para-conversao-da-versao-mo-para-d\/","og_site_name":"RLS Wacon analytics","article_modified_time":"2026-02-16T21:54:12+00:00","og_image":[{"width":945,"height":573,"url":"https:\/\/rls-wacon.de\/wp-content\/uploads\/2023\/10\/Sender-Adapter-zur-Umruestung-MO-auf-D.jpg","type":"image\/jpeg"}],"twitter_card":"summary_large_image","twitter_misc":{"Pre\u00e7o":"9.999,00&nbsp;&euro;","Disponibilidade":"Em Estoque"},"schema":{"@context":"https:\/\/schema.org","@graph":[{"@type":"WebPage","@id":"https:\/\/rls-wacon.de\/pt-br\/produkt\/adaptador-de-transmissor-para-conversao-da-versao-mo-para-d\/","url":"https:\/\/rls-wacon.de\/pt-br\/produkt\/adaptador-de-transmissor-para-conversao-da-versao-mo-para-d\/","name":"Adaptador de transmissor para convers\u00e3o da vers\u00e3o MO para D - RLS Wacon analytics","isPartOf":{"@id":"https:\/\/rls-wacon.de\/#website"},"primaryImageOfPage":{"@id":"https:\/\/rls-wacon.de\/pt-br\/produkt\/adaptador-de-transmissor-para-conversao-da-versao-mo-para-d\/#primaryimage"},"image":{"@id":"https:\/\/rls-wacon.de\/pt-br\/produkt\/adaptador-de-transmissor-para-conversao-da-versao-mo-para-d\/#primaryimage"},"thumbnailUrl":"https:\/\/rls-wacon.de\/wp-content\/uploads\/2023\/10\/Sender-Adapter-zur-Umruestung-MO-auf-D.jpg","datePublished":"2023-10-24T15:04:32+00:00","dateModified":"2026-02-16T21:54:12+00:00","description":"As escadas rolantes com circuitos de espera da vers\u00e3o MO, que foi descontinuada, podem ser modernizadas com a vers\u00e3o D.","breadcrumb":{"@id":"https:\/\/rls-wacon.de\/pt-br\/produkt\/adaptador-de-transmissor-para-conversao-da-versao-mo-para-d\/#breadcrumb"},"inLanguage":"pt-BR","potentialAction":[{"@type":"ReadAction","target":["https:\/\/rls-wacon.de\/pt-br\/produkt\/adaptador-de-transmissor-para-conversao-da-versao-mo-para-d\/"]}]},{"@type":"ImageObject","inLanguage":"pt-BR","@id":"https:\/\/rls-wacon.de\/pt-br\/produkt\/adaptador-de-transmissor-para-conversao-da-versao-mo-para-d\/#primaryimage","url":"https:\/\/rls-wacon.de\/wp-content\/uploads\/2023\/10\/Sender-Adapter-zur-Umruestung-MO-auf-D.jpg","contentUrl":"https:\/\/rls-wacon.de\/wp-content\/uploads\/2023\/10\/Sender-Adapter-zur-Umruestung-MO-auf-D.jpg","width":945,"height":573},{"@type":"BreadcrumbList","@id":"https:\/\/rls-wacon.de\/pt-br\/produkt\/adaptador-de-transmissor-para-conversao-da-versao-mo-para-d\/#breadcrumb","itemListElement":[{"@type":"ListItem","position":1,"name":"Startseite","item":"https:\/\/rls-wacon.de\/pt-br\/"},{"@type":"ListItem","position":2,"name":"Produtos","item":"https:\/\/rls-wacon.de\/shop\/"},{"@type":"ListItem","position":3,"name":"Adaptador de transmissor para convers\u00e3o da vers\u00e3o MO para D"}]},{"@type":"WebSite","@id":"https:\/\/rls-wacon.de\/#website","url":"https:\/\/rls-wacon.de\/","name":"RLS Wacon analytics GmbH","description":"Experts for water monitoring","publisher":{"@id":"https:\/\/rls-wacon.de\/#organization"},"potentialAction":[{"@type":"SearchAction","target":{"@type":"EntryPoint","urlTemplate":"https:\/\/rls-wacon.de\/?s={search_term_string}"},"query-input":{"@type":"PropertyValueSpecification","valueRequired":true,"valueName":"search_term_string"}}],"inLanguage":"pt-BR"},{"@type":"Organization","@id":"https:\/\/rls-wacon.de\/#organization","name":"RLS Wacon analytics GmbH","url":"https:\/\/rls-wacon.de\/","logo":{"@type":"ImageObject","inLanguage":"pt-BR","@id":"https:\/\/rls-wacon.de\/#\/schema\/logo\/image\/","url":"https:\/\/rls-wacon.de\/wp-content\/uploads\/2022\/10\/RLSWacon-analytics-Logo-BR-RZ-9_17-768x1591.png","contentUrl":"https:\/\/rls-wacon.de\/wp-content\/uploads\/2022\/10\/RLSWacon-analytics-Logo-BR-RZ-9_17-768x1591.png","width":768,"height":159,"caption":"RLS Wacon analytics GmbH"},"image":{"@id":"https:\/\/rls-wacon.de\/#\/schema\/logo\/image\/"}}]},"product_price_amount":"9999.00","product_price_currency":"EUR","og_availability":"instock","product_availability":"instock","product_condition":"new"},"_links":{"self":[{"href":"https:\/\/rls-wacon.de\/pt-br\/wp-json\/wp\/v2\/product\/23326","targetHints":{"allow":["GET"]}}],"collection":[{"href":"https:\/\/rls-wacon.de\/pt-br\/wp-json\/wp\/v2\/product"}],"about":[{"href":"https:\/\/rls-wacon.de\/pt-br\/wp-json\/wp\/v2\/types\/product"}],"version-history":[{"count":1,"href":"https:\/\/rls-wacon.de\/pt-br\/wp-json\/wp\/v2\/product\/23326\/revisions"}],"predecessor-version":[{"id":28984,"href":"https:\/\/rls-wacon.de\/pt-br\/wp-json\/wp\/v2\/product\/23326\/revisions\/28984"}],"wp:featuredmedia":[{"embeddable":true,"href":"https:\/\/rls-wacon.de\/pt-br\/wp-json\/wp\/v2\/media\/19217"}],"wp:attachment":[{"href":"https:\/\/rls-wacon.de\/pt-br\/wp-json\/wp\/v2\/media?parent=23326"}],"wp:term":[{"taxonomy":"product_brand","embeddable":true,"href":"https:\/\/rls-wacon.de\/pt-br\/wp-json\/wp\/v2\/product_brand?post=23326"},{"taxonomy":"product_cat","embeddable":true,"href":"https:\/\/rls-wacon.de\/pt-br\/wp-json\/wp\/v2\/product_cat?post=23326"},{"taxonomy":"product_tag","embeddable":true,"href":"https:\/\/rls-wacon.de\/pt-br\/wp-json\/wp\/v2\/product_tag?post=23326"}],"curies":[{"name":"wp","href":"https:\/\/api.w.org\/{rel}","templated":true}]}}