{"id":23351,"date":"2023-10-24T15:04:34","date_gmt":"2023-10-24T15:04:34","guid":{"rendered":"https:\/\/rls-wacon.de\/produkt\/iluminacao-de-espaco-entre-degraus-sl800-2\/"},"modified":"2026-02-16T22:55:29","modified_gmt":"2026-02-16T21:55:29","slug":"iluminacao-de-espaco-entre-degraus-sl800-2","status":"publish","type":"product","link":"https:\/\/rls-wacon.de\/pt-br\/produkt\/iluminacao-de-espaco-entre-degraus-sl800-2\/","title":{"rendered":"Ilumina\u00e7\u00e3o de espa\u00e7o entre degraus SL800"},"content":{"rendered":"<hr class=\"system-pagebreak\" title=\"Especifica\u00e7\u00f5es\" \/>\n<p>&nbsp;<\/p>\n<table class=\"rls-table\">\n<tbody>\n<tr>\n<td>Par\u00e2metro<\/td>\n<td>Valor<\/td>\n<\/tr>\n<tr>\n<td>Tens\u00e3o operacional<\/td>\n<td>24 V DC +\/- 5 %<\/td>\n<\/tr>\n<tr>\n<td>Consumo de energia<\/td>\n<td>10 VA (m\u00e1x. 11 VA)<\/td>\n<\/tr>\n<tr>\n<td>Temperatura ambiente<\/td>\n<td>-20\u00b0C a 60 \u00b0C<\/td>\n<\/tr>\n<tr>\n<td>Classe de prote\u00e7\u00e3o<\/td>\n<td>IP 67<\/td>\n<\/tr>\n<tr>\n<td>Dimens\u00f5es<\/td>\n<td>850 x 30 x 33 mm<\/td>\n<\/tr>\n<tr>\n<td>Peso<\/td>\n<td>aprox. 0,2 kg<\/td>\n<\/tr>\n<tr>\n<td>Conex\u00e3o<\/td>\n<td>SL800: 2&#215;0,5mm\u00b2, comprimento 100cm<\/p>\n<p>SL800-RG, SLX: 3&#215;0,5mm\u00b2, comprimento 100cm<\/p>\n<p>SL800-RGB: 4&#215;0,5mm\u00b2, comprimento 100cm<\/td>\n<\/tr>\n<\/tbody>\n<\/table>\n<p>SL800:<\/p>\n<table class=\"rls-table\">\n<tbody>\n<tr>\n<td>Cor<\/td>\n<td>Atribui\u00e7\u00e3o<\/td>\n<\/tr>\n<tr>\n<td>vermelho (fio 1)<\/td>\n<td>Vcc (24 V CC)<\/td>\n<\/tr>\n<tr>\n<td>branco (fio 2)<\/td>\n<td>GND<\/td>\n<\/tr>\n<\/tbody>\n<\/table>\n","protected":false},"excerpt":{"rendered":"<p>A ilumina\u00e7\u00e3o do v\u00e3o do degrau SL800 \u00e9 instalada abaixo dos degraus na \u00e1rea de entrada e sa\u00edda da escada rolante e \u00e9 usada para iluminar o v\u00e3o do degrau na \u00e1rea do pente. Durante o movimento cont\u00ednuo dos degraus, \u00e9 gerado um efeito intermitente que chama a aten\u00e7\u00e3o do usu\u00e1rio para a escada rolante.<\/p>\n<p>Os recursos especiais s\u00e3o:<\/p>\n<ul>\n<li>48 LEDs SMD superbrilhantes (72 LEDs SL800-RGB, 96 LEDs SLX800-RG)<\/li>\n<li>Baixo consumo de energia<\/li>\n<li>Ilumina\u00e7\u00e3o muito brilhante e homog\u00eanea<\/li>\n<li>Robusto e dur\u00e1vel<\/li>\n<\/ul>\n<p>A ilumina\u00e7\u00e3o do v\u00e3o do degrau SL800 \u00e9 usada em escadas rolantes.<\/p>\n<p><img decoding=\"async\" class=\"alignnone size-medium wp-image-18996\" src=\"https:\/\/rls-wacon.de\/wp-content\/uploads\/2023\/10\/SL800-300x12.jpg\" alt=\"\" width=\"300\" height=\"12\" srcset=\"https:\/\/rls-wacon.de\/wp-content\/uploads\/2023\/10\/SL800-300x12.jpg 300w, https:\/\/rls-wacon.de\/wp-content\/uploads\/2023\/10\/SL800-1024x40.jpg 1024w, https:\/\/rls-wacon.de\/wp-content\/uploads\/2023\/10\/SL800-768x30.jpg 768w, https:\/\/rls-wacon.de\/wp-content\/uploads\/2023\/10\/SL800-1536x59.jpg 1536w, https:\/\/rls-wacon.de\/wp-content\/uploads\/2023\/10\/SL800-2048x79.jpg 2048w, https:\/\/rls-wacon.de\/wp-content\/uploads\/2023\/10\/SL800-600x23.jpg 600w\" sizes=\"(max-width: 300px) 100vw, 300px\" \/><\/p>\n<p>&nbsp;<\/p>\n","protected":false},"featured_media":19005,"template":"","meta":{"_acf_changed":false},"product_brand":[],"product_cat":[451],"product_tag":[],"class_list":{"0":"post-23351","1":"product","2":"type-product","3":"status-publish","4":"has-post-thumbnail","6":"product_cat-stufenspaltbeleuchtungen","8":"first","9":"instock","10":"shipping-taxable","11":"purchasable","12":"product-type-variable"},"exclude_global_add_ons":[],"addons":[],"acf":[],"yoast_head":"<!-- This site is optimized with the Yoast SEO Premium plugin v27.3 (Yoast SEO v27.4) - https:\/\/yoast.com\/product\/yoast-seo-premium-wordpress\/ -->\n<title>Ilumina\u00e7\u00e3o de espa\u00e7o entre degraus SL800 - RLS Wacon analytics<\/title>\n<meta name=\"description\" content=\"A ilumina\u00e7\u00e3o do v\u00e3o do degrau SL800 \u00e9 instalada abaixo dos degraus na \u00e1rea de entrada e sa\u00edda da escada rolante e \u00e9 usada para iluminar o v\u00e3o do degrau na\u2026\" \/>\n<meta name=\"robots\" content=\"index, follow, max-snippet:-1, max-image-preview:large, max-video-preview:-1\" \/>\n<link rel=\"canonical\" href=\"https:\/\/rls-wacon.de\/pt-br\/produkt\/iluminacao-de-espaco-entre-degraus-sl800-2\/\" \/>\n<meta property=\"og:locale\" content=\"pt_BR\" \/>\n<meta property=\"og:type\" content=\"article\" \/>\n<meta property=\"og:title\" content=\"Ilumina\u00e7\u00e3o de espa\u00e7o entre degraus SL800\" \/>\n<meta property=\"og:description\" content=\"A ilumina\u00e7\u00e3o do v\u00e3o do degrau SL800 \u00e9 instalada abaixo dos degraus na \u00e1rea de entrada e sa\u00edda da escada rolante e \u00e9 usada para iluminar o v\u00e3o do degrau na\u2026\" \/>\n<meta property=\"og:url\" content=\"https:\/\/rls-wacon.de\/pt-br\/produkt\/iluminacao-de-espaco-entre-degraus-sl800-2\/\" \/>\n<meta property=\"og:site_name\" content=\"RLS Wacon analytics\" \/>\n<meta property=\"article:modified_time\" content=\"2026-02-16T21:55:29+00:00\" \/>\n<meta property=\"og:image\" content=\"https:\/\/rls-wacon.de\/wp-content\/uploads\/2023\/10\/SL800-R-Anwendung.jpg\" \/>\n\t<meta property=\"og:image:width\" content=\"1417\" \/>\n\t<meta property=\"og:image:height\" content=\"901\" \/>\n\t<meta property=\"og:image:type\" content=\"image\/jpeg\" \/>\n<meta name=\"twitter:card\" content=\"summary_large_image\" \/>\n<meta name=\"twitter:label1\" content=\"Disponibilidade\" \/>\n\t<meta name=\"twitter:data1\" content=\"Em Estoque\" \/>\n<script type=\"application\/ld+json\" class=\"yoast-schema-graph\">{\"@context\":\"https:\\\/\\\/schema.org\",\"@graph\":[{\"@type\":\"WebPage\",\"@id\":\"https:\\\/\\\/rls-wacon.de\\\/pt-br\\\/produkt\\\/iluminacao-de-espaco-entre-degraus-sl800-2\\\/\",\"url\":\"https:\\\/\\\/rls-wacon.de\\\/pt-br\\\/produkt\\\/iluminacao-de-espaco-entre-degraus-sl800-2\\\/\",\"name\":\"Ilumina\u00e7\u00e3o de espa\u00e7o entre degraus SL800 - RLS Wacon analytics\",\"isPartOf\":{\"@id\":\"https:\\\/\\\/rls-wacon.de\\\/#website\"},\"primaryImageOfPage\":{\"@id\":\"https:\\\/\\\/rls-wacon.de\\\/pt-br\\\/produkt\\\/iluminacao-de-espaco-entre-degraus-sl800-2\\\/#primaryimage\"},\"image\":{\"@id\":\"https:\\\/\\\/rls-wacon.de\\\/pt-br\\\/produkt\\\/iluminacao-de-espaco-entre-degraus-sl800-2\\\/#primaryimage\"},\"thumbnailUrl\":\"https:\\\/\\\/rls-wacon.de\\\/wp-content\\\/uploads\\\/2023\\\/10\\\/SL800-R-Anwendung.jpg\",\"datePublished\":\"2023-10-24T15:04:34+00:00\",\"dateModified\":\"2026-02-16T21:55:29+00:00\",\"description\":\"A ilumina\u00e7\u00e3o do v\u00e3o do degrau SL800 \u00e9 instalada abaixo dos degraus na \u00e1rea de entrada e sa\u00edda da escada rolante e \u00e9 usada para iluminar o v\u00e3o do degrau na\u2026\",\"breadcrumb\":{\"@id\":\"https:\\\/\\\/rls-wacon.de\\\/pt-br\\\/produkt\\\/iluminacao-de-espaco-entre-degraus-sl800-2\\\/#breadcrumb\"},\"inLanguage\":\"pt-BR\",\"potentialAction\":[{\"@type\":\"ReadAction\",\"target\":[\"https:\\\/\\\/rls-wacon.de\\\/pt-br\\\/produkt\\\/iluminacao-de-espaco-entre-degraus-sl800-2\\\/\"]}]},{\"@type\":\"ImageObject\",\"inLanguage\":\"pt-BR\",\"@id\":\"https:\\\/\\\/rls-wacon.de\\\/pt-br\\\/produkt\\\/iluminacao-de-espaco-entre-degraus-sl800-2\\\/#primaryimage\",\"url\":\"https:\\\/\\\/rls-wacon.de\\\/wp-content\\\/uploads\\\/2023\\\/10\\\/SL800-R-Anwendung.jpg\",\"contentUrl\":\"https:\\\/\\\/rls-wacon.de\\\/wp-content\\\/uploads\\\/2023\\\/10\\\/SL800-R-Anwendung.jpg\",\"width\":1417,\"height\":901},{\"@type\":\"BreadcrumbList\",\"@id\":\"https:\\\/\\\/rls-wacon.de\\\/pt-br\\\/produkt\\\/iluminacao-de-espaco-entre-degraus-sl800-2\\\/#breadcrumb\",\"itemListElement\":[{\"@type\":\"ListItem\",\"position\":1,\"name\":\"Startseite\",\"item\":\"https:\\\/\\\/rls-wacon.de\\\/pt-br\\\/\"},{\"@type\":\"ListItem\",\"position\":2,\"name\":\"Produtos\",\"item\":\"https:\\\/\\\/rls-wacon.de\\\/shop\\\/\"},{\"@type\":\"ListItem\",\"position\":3,\"name\":\"Ilumina\u00e7\u00e3o de espa\u00e7o entre degraus SL800\"}]},{\"@type\":\"WebSite\",\"@id\":\"https:\\\/\\\/rls-wacon.de\\\/#website\",\"url\":\"https:\\\/\\\/rls-wacon.de\\\/\",\"name\":\"RLS Wacon analytics GmbH\",\"description\":\"Experts for water monitoring\",\"publisher\":{\"@id\":\"https:\\\/\\\/rls-wacon.de\\\/#organization\"},\"potentialAction\":[{\"@type\":\"SearchAction\",\"target\":{\"@type\":\"EntryPoint\",\"urlTemplate\":\"https:\\\/\\\/rls-wacon.de\\\/?s={search_term_string}\"},\"query-input\":{\"@type\":\"PropertyValueSpecification\",\"valueRequired\":true,\"valueName\":\"search_term_string\"}}],\"inLanguage\":\"pt-BR\"},{\"@type\":\"Organization\",\"@id\":\"https:\\\/\\\/rls-wacon.de\\\/#organization\",\"name\":\"RLS Wacon analytics GmbH\",\"url\":\"https:\\\/\\\/rls-wacon.de\\\/\",\"logo\":{\"@type\":\"ImageObject\",\"inLanguage\":\"pt-BR\",\"@id\":\"https:\\\/\\\/rls-wacon.de\\\/#\\\/schema\\\/logo\\\/image\\\/\",\"url\":\"https:\\\/\\\/rls-wacon.de\\\/wp-content\\\/uploads\\\/2022\\\/10\\\/RLSWacon-analytics-Logo-BR-RZ-9_17-768x1591.png\",\"contentUrl\":\"https:\\\/\\\/rls-wacon.de\\\/wp-content\\\/uploads\\\/2022\\\/10\\\/RLSWacon-analytics-Logo-BR-RZ-9_17-768x1591.png\",\"width\":768,\"height\":159,\"caption\":\"RLS Wacon analytics GmbH\"},\"image\":{\"@id\":\"https:\\\/\\\/rls-wacon.de\\\/#\\\/schema\\\/logo\\\/image\\\/\"}}]}<\/script>\n<meta property=\"og:availability\" content=\"instock\" \/>\n<meta property=\"product:availability\" content=\"instock\" \/>\n<meta property=\"product:condition\" content=\"new\" \/>\n<!-- \/ Yoast SEO Premium plugin. -->","yoast_head_json":{"title":"Ilumina\u00e7\u00e3o de espa\u00e7o entre degraus SL800 - RLS Wacon analytics","description":"A ilumina\u00e7\u00e3o do v\u00e3o do degrau SL800 \u00e9 instalada abaixo dos degraus na \u00e1rea de entrada e sa\u00edda da escada rolante e \u00e9 usada para iluminar o v\u00e3o do degrau na\u2026","robots":{"index":"index","follow":"follow","max-snippet":"max-snippet:-1","max-image-preview":"max-image-preview:large","max-video-preview":"max-video-preview:-1"},"canonical":"https:\/\/rls-wacon.de\/pt-br\/produkt\/iluminacao-de-espaco-entre-degraus-sl800-2\/","og_locale":"pt_BR","og_type":"article","og_title":"Ilumina\u00e7\u00e3o de espa\u00e7o entre degraus SL800","og_description":"A ilumina\u00e7\u00e3o do v\u00e3o do degrau SL800 \u00e9 instalada abaixo dos degraus na \u00e1rea de entrada e sa\u00edda da escada rolante e \u00e9 usada para iluminar o v\u00e3o do degrau na\u2026","og_url":"https:\/\/rls-wacon.de\/pt-br\/produkt\/iluminacao-de-espaco-entre-degraus-sl800-2\/","og_site_name":"RLS Wacon analytics","article_modified_time":"2026-02-16T21:55:29+00:00","og_image":[{"width":1417,"height":901,"url":"https:\/\/rls-wacon.de\/wp-content\/uploads\/2023\/10\/SL800-R-Anwendung.jpg","type":"image\/jpeg"}],"twitter_card":"summary_large_image","twitter_misc":{"Disponibilidade":"Em Estoque"},"schema":{"@context":"https:\/\/schema.org","@graph":[{"@type":"WebPage","@id":"https:\/\/rls-wacon.de\/pt-br\/produkt\/iluminacao-de-espaco-entre-degraus-sl800-2\/","url":"https:\/\/rls-wacon.de\/pt-br\/produkt\/iluminacao-de-espaco-entre-degraus-sl800-2\/","name":"Ilumina\u00e7\u00e3o de espa\u00e7o entre degraus SL800 - RLS Wacon analytics","isPartOf":{"@id":"https:\/\/rls-wacon.de\/#website"},"primaryImageOfPage":{"@id":"https:\/\/rls-wacon.de\/pt-br\/produkt\/iluminacao-de-espaco-entre-degraus-sl800-2\/#primaryimage"},"image":{"@id":"https:\/\/rls-wacon.de\/pt-br\/produkt\/iluminacao-de-espaco-entre-degraus-sl800-2\/#primaryimage"},"thumbnailUrl":"https:\/\/rls-wacon.de\/wp-content\/uploads\/2023\/10\/SL800-R-Anwendung.jpg","datePublished":"2023-10-24T15:04:34+00:00","dateModified":"2026-02-16T21:55:29+00:00","description":"A ilumina\u00e7\u00e3o do v\u00e3o do degrau SL800 \u00e9 instalada abaixo dos degraus na \u00e1rea de entrada e sa\u00edda da escada rolante e \u00e9 usada para iluminar o v\u00e3o do degrau na\u2026","breadcrumb":{"@id":"https:\/\/rls-wacon.de\/pt-br\/produkt\/iluminacao-de-espaco-entre-degraus-sl800-2\/#breadcrumb"},"inLanguage":"pt-BR","potentialAction":[{"@type":"ReadAction","target":["https:\/\/rls-wacon.de\/pt-br\/produkt\/iluminacao-de-espaco-entre-degraus-sl800-2\/"]}]},{"@type":"ImageObject","inLanguage":"pt-BR","@id":"https:\/\/rls-wacon.de\/pt-br\/produkt\/iluminacao-de-espaco-entre-degraus-sl800-2\/#primaryimage","url":"https:\/\/rls-wacon.de\/wp-content\/uploads\/2023\/10\/SL800-R-Anwendung.jpg","contentUrl":"https:\/\/rls-wacon.de\/wp-content\/uploads\/2023\/10\/SL800-R-Anwendung.jpg","width":1417,"height":901},{"@type":"BreadcrumbList","@id":"https:\/\/rls-wacon.de\/pt-br\/produkt\/iluminacao-de-espaco-entre-degraus-sl800-2\/#breadcrumb","itemListElement":[{"@type":"ListItem","position":1,"name":"Startseite","item":"https:\/\/rls-wacon.de\/pt-br\/"},{"@type":"ListItem","position":2,"name":"Produtos","item":"https:\/\/rls-wacon.de\/shop\/"},{"@type":"ListItem","position":3,"name":"Ilumina\u00e7\u00e3o de espa\u00e7o entre degraus SL800"}]},{"@type":"WebSite","@id":"https:\/\/rls-wacon.de\/#website","url":"https:\/\/rls-wacon.de\/","name":"RLS Wacon analytics GmbH","description":"Experts for water monitoring","publisher":{"@id":"https:\/\/rls-wacon.de\/#organization"},"potentialAction":[{"@type":"SearchAction","target":{"@type":"EntryPoint","urlTemplate":"https:\/\/rls-wacon.de\/?s={search_term_string}"},"query-input":{"@type":"PropertyValueSpecification","valueRequired":true,"valueName":"search_term_string"}}],"inLanguage":"pt-BR"},{"@type":"Organization","@id":"https:\/\/rls-wacon.de\/#organization","name":"RLS Wacon analytics GmbH","url":"https:\/\/rls-wacon.de\/","logo":{"@type":"ImageObject","inLanguage":"pt-BR","@id":"https:\/\/rls-wacon.de\/#\/schema\/logo\/image\/","url":"https:\/\/rls-wacon.de\/wp-content\/uploads\/2022\/10\/RLSWacon-analytics-Logo-BR-RZ-9_17-768x1591.png","contentUrl":"https:\/\/rls-wacon.de\/wp-content\/uploads\/2022\/10\/RLSWacon-analytics-Logo-BR-RZ-9_17-768x1591.png","width":768,"height":159,"caption":"RLS Wacon analytics GmbH"},"image":{"@id":"https:\/\/rls-wacon.de\/#\/schema\/logo\/image\/"}}]},"og_availability":"instock","product_availability":"instock","product_condition":"new"},"_links":{"self":[{"href":"https:\/\/rls-wacon.de\/pt-br\/wp-json\/wp\/v2\/product\/23351","targetHints":{"allow":["GET"]}}],"collection":[{"href":"https:\/\/rls-wacon.de\/pt-br\/wp-json\/wp\/v2\/product"}],"about":[{"href":"https:\/\/rls-wacon.de\/pt-br\/wp-json\/wp\/v2\/types\/product"}],"version-history":[{"count":1,"href":"https:\/\/rls-wacon.de\/pt-br\/wp-json\/wp\/v2\/product\/23351\/revisions"}],"predecessor-version":[{"id":28985,"href":"https:\/\/rls-wacon.de\/pt-br\/wp-json\/wp\/v2\/product\/23351\/revisions\/28985"}],"wp:featuredmedia":[{"embeddable":true,"href":"https:\/\/rls-wacon.de\/pt-br\/wp-json\/wp\/v2\/media\/19005"}],"wp:attachment":[{"href":"https:\/\/rls-wacon.de\/pt-br\/wp-json\/wp\/v2\/media?parent=23351"}],"wp:term":[{"taxonomy":"product_brand","embeddable":true,"href":"https:\/\/rls-wacon.de\/pt-br\/wp-json\/wp\/v2\/product_brand?post=23351"},{"taxonomy":"product_cat","embeddable":true,"href":"https:\/\/rls-wacon.de\/pt-br\/wp-json\/wp\/v2\/product_cat?post=23351"},{"taxonomy":"product_tag","embeddable":true,"href":"https:\/\/rls-wacon.de\/pt-br\/wp-json\/wp\/v2\/product_tag?post=23351"}],"curies":[{"name":"wp","href":"https:\/\/api.w.org\/{rel}","templated":true}]}}