{"id":23636,"date":"2023-03-11T21:12:59","date_gmt":"2023-03-11T21:12:59","guid":{"rendered":"https:\/\/rls-wacon.de\/produkt\/hanna-phep-5\/"},"modified":"2026-02-16T23:02:20","modified_gmt":"2026-02-16T22:02:20","slug":"hanna-phep-5","status":"publish","type":"product","link":"https:\/\/rls-wacon.de\/pt-br\/produkt\/hanna-phep-5\/","title":{"rendered":"Hanna pHep 5"},"content":{"rendered":"<table class=\"wacon-table\" style=\"height: 510px; width: 544px;\">\n<tbody>\n<tr>\n<td><strong>Testador de pH<\/strong><\/td>\n<td style=\"text-align: center;\"><strong><sup>pHep\u00ae4<\/sup><\/strong><\/td>\n<td style=\"text-align: center;\"><strong><sup>pHep\u00ae5<\/sup><\/strong><\/td>\n<\/tr>\n<tr>\n<td>N\u00famero do item<\/td>\n<td style=\"text-align: center;\">30-078140<\/td>\n<td style=\"text-align: center;\">30-078150<\/td>\n<\/tr>\n<tr>\n<td>Faixa de medi\u00e7\u00e3o pH<\/td>\n<td style=\"text-align: center;\" colspan=\"2\">-2,0 a 16,0 pH<\/td>\n<\/tr>\n<tr>\n<td>Faixa de medi\u00e7\u00e3o de temperatura<\/td>\n<td style=\"text-align: center;\" colspan=\"2\">-5,0 a 60,0\u00b0C<\/td>\n<\/tr>\n<tr>\n<td>Resolu\u00e7\u00e3o pH<\/td>\n<td style=\"text-align: center;\">0,1 pH<\/td>\n<td style=\"text-align: center;\">0,01 pH<\/td>\n<\/tr>\n<tr>\n<td>Resolu\u00e7\u00e3o de temperatura<\/td>\n<td style=\"text-align: center;\" colspan=\"2\">0,1\u00b0C<\/td>\n<\/tr>\n<tr>\n<td>Precis\u00e3o (a 20 \u00b0C) pH<\/td>\n<td style=\"text-align: center;\">\u00b10,1 pH<\/td>\n<td style=\"text-align: center;\">\u00b10,05 pH<\/td>\n<\/tr>\n<tr>\n<td>Precis\u00e3o (a 20\u00b0C) Temperatura<\/td>\n<td style=\"text-align: center;\" colspan=\"2\">\u00b10,5\u00b0C<\/td>\n<\/tr>\n<tr>\n<td>Calibra\u00e7\u00e3o de pH<\/td>\n<td style=\"text-align: center;\" colspan=\"2\">Calibra\u00e7\u00e3o autom\u00e1tica de um ou dois pontos com dois conjuntos de tamp\u00f5es padr\u00e3o (pH 4,01 &#8211; 7,01 &#8211; 10,01 ou 4,01 &#8211; 6,86, &#8211; 9,18)<\/td>\n<\/tr>\n<\/tbody>\n<\/table>\n","protected":false},"excerpt":{"rendered":"<p>Os testadores de pH da Hanna Instruments combinam desempenho e facilidade de uso em tamanho de bolso. Os dois testadores <sup>pHep\u00ae4<\/sup>e <sup>pHep\u00ae5<\/sup>s\u00e3o equipados com uma carca\u00e7a 100% \u00e0 prova d&#8217;\u00e1gua e flutuante, um eletrodo substitu\u00edvel com diafragma t\u00eaxtil e um sensor de temperatura integrado. Eles garantem medi\u00e7\u00f5es r\u00e1pidas e confi\u00e1veis no local e no laborat\u00f3rio. O valor do pH e a temperatura s\u00e3o exibidos simultaneamente no visor.<\/p>\n","protected":false},"featured_media":5913,"template":"","meta":{"_acf_changed":false},"product_brand":[],"product_cat":[1478],"product_tag":[],"class_list":{"0":"post-23636","1":"product","2":"type-product","3":"status-publish","4":"has-post-thumbnail","6":"product_cat-medidor-de-ph","8":"first","9":"instock","10":"shipping-taxable","11":"purchasable","12":"product-type-simple"},"exclude_global_add_ons":[],"addons":[],"acf":[],"yoast_head":"<!-- This site is optimized with the Yoast SEO Premium plugin v27.3 (Yoast SEO v27.3) - https:\/\/yoast.com\/product\/yoast-seo-premium-wordpress\/ -->\n<title>Hanna pHep 5 - RLS Wacon analytics<\/title>\n<meta name=\"description\" content=\"Os testadores de pH da Hanna Instruments combinam desempenho e facilidade de uso em tamanho de bolso.\" \/>\n<meta name=\"robots\" content=\"index, follow, max-snippet:-1, max-image-preview:large, max-video-preview:-1\" \/>\n<link rel=\"canonical\" href=\"https:\/\/rls-wacon.de\/pt-br\/produkt\/hanna-phep-5\/\" \/>\n<meta property=\"og:locale\" content=\"pt_BR\" \/>\n<meta property=\"og:type\" content=\"article\" \/>\n<meta property=\"og:title\" content=\"Hanna pHep 5\" \/>\n<meta property=\"og:description\" content=\"Os testadores de pH da Hanna Instruments combinam desempenho e facilidade de uso em tamanho de bolso.\" \/>\n<meta property=\"og:url\" content=\"https:\/\/rls-wacon.de\/pt-br\/produkt\/hanna-phep-5\/\" \/>\n<meta property=\"og:site_name\" content=\"RLS Wacon analytics\" \/>\n<meta property=\"article:modified_time\" content=\"2026-02-16T22:02:20+00:00\" \/>\n<meta property=\"og:image\" content=\"https:\/\/rls-wacon.de\/wp-content\/uploads\/2023\/03\/30-078140-Hanna-pHep-4-scaled.jpg\" \/>\n\t<meta property=\"og:image:width\" content=\"2560\" \/>\n\t<meta property=\"og:image:height\" content=\"1707\" \/>\n\t<meta property=\"og:image:type\" content=\"image\/jpeg\" \/>\n<meta name=\"twitter:card\" content=\"summary_large_image\" \/>\n<meta name=\"twitter:label1\" content=\"Pre\u00e7o\" \/>\n\t<meta name=\"twitter:data1\" content=\"9.999,00&nbsp;&euro;\" \/>\n\t<meta name=\"twitter:label2\" content=\"Disponibilidade\" \/>\n\t<meta name=\"twitter:data2\" content=\"Em Estoque\" \/>\n<script type=\"application\/ld+json\" class=\"yoast-schema-graph\">{\"@context\":\"https:\\\/\\\/schema.org\",\"@graph\":[{\"@type\":\"WebPage\",\"@id\":\"https:\\\/\\\/rls-wacon.de\\\/pt-br\\\/produkt\\\/hanna-phep-5\\\/\",\"url\":\"https:\\\/\\\/rls-wacon.de\\\/pt-br\\\/produkt\\\/hanna-phep-5\\\/\",\"name\":\"Hanna pHep 5 - RLS Wacon analytics\",\"isPartOf\":{\"@id\":\"https:\\\/\\\/rls-wacon.de\\\/#website\"},\"primaryImageOfPage\":{\"@id\":\"https:\\\/\\\/rls-wacon.de\\\/pt-br\\\/produkt\\\/hanna-phep-5\\\/#primaryimage\"},\"image\":{\"@id\":\"https:\\\/\\\/rls-wacon.de\\\/pt-br\\\/produkt\\\/hanna-phep-5\\\/#primaryimage\"},\"thumbnailUrl\":\"https:\\\/\\\/rls-wacon.de\\\/wp-content\\\/uploads\\\/2023\\\/03\\\/30-078140-Hanna-pHep-4-scaled.jpg\",\"datePublished\":\"2023-03-11T21:12:59+00:00\",\"dateModified\":\"2026-02-16T22:02:20+00:00\",\"description\":\"Os testadores de pH da Hanna Instruments combinam desempenho e facilidade de uso em tamanho de bolso.\",\"breadcrumb\":{\"@id\":\"https:\\\/\\\/rls-wacon.de\\\/pt-br\\\/produkt\\\/hanna-phep-5\\\/#breadcrumb\"},\"inLanguage\":\"pt-BR\",\"potentialAction\":[{\"@type\":\"ReadAction\",\"target\":[\"https:\\\/\\\/rls-wacon.de\\\/pt-br\\\/produkt\\\/hanna-phep-5\\\/\"]}]},{\"@type\":\"ImageObject\",\"inLanguage\":\"pt-BR\",\"@id\":\"https:\\\/\\\/rls-wacon.de\\\/pt-br\\\/produkt\\\/hanna-phep-5\\\/#primaryimage\",\"url\":\"https:\\\/\\\/rls-wacon.de\\\/wp-content\\\/uploads\\\/2023\\\/03\\\/30-078140-Hanna-pHep-4-scaled.jpg\",\"contentUrl\":\"https:\\\/\\\/rls-wacon.de\\\/wp-content\\\/uploads\\\/2023\\\/03\\\/30-078140-Hanna-pHep-4-scaled.jpg\",\"width\":2560,\"height\":1707,\"caption\":\"30-078140 Hanna pHep 4\"},{\"@type\":\"BreadcrumbList\",\"@id\":\"https:\\\/\\\/rls-wacon.de\\\/pt-br\\\/produkt\\\/hanna-phep-5\\\/#breadcrumb\",\"itemListElement\":[{\"@type\":\"ListItem\",\"position\":1,\"name\":\"Startseite\",\"item\":\"https:\\\/\\\/rls-wacon.de\\\/pt-br\\\/\"},{\"@type\":\"ListItem\",\"position\":2,\"name\":\"Produtos\",\"item\":\"https:\\\/\\\/rls-wacon.de\\\/shop\\\/\"},{\"@type\":\"ListItem\",\"position\":3,\"name\":\"Hanna pHep 5\"}]},{\"@type\":\"WebSite\",\"@id\":\"https:\\\/\\\/rls-wacon.de\\\/#website\",\"url\":\"https:\\\/\\\/rls-wacon.de\\\/\",\"name\":\"RLS Wacon analytics GmbH\",\"description\":\"Experts for water monitoring\",\"publisher\":{\"@id\":\"https:\\\/\\\/rls-wacon.de\\\/#organization\"},\"potentialAction\":[{\"@type\":\"SearchAction\",\"target\":{\"@type\":\"EntryPoint\",\"urlTemplate\":\"https:\\\/\\\/rls-wacon.de\\\/?s={search_term_string}\"},\"query-input\":{\"@type\":\"PropertyValueSpecification\",\"valueRequired\":true,\"valueName\":\"search_term_string\"}}],\"inLanguage\":\"pt-BR\"},{\"@type\":\"Organization\",\"@id\":\"https:\\\/\\\/rls-wacon.de\\\/#organization\",\"name\":\"RLS Wacon analytics GmbH\",\"url\":\"https:\\\/\\\/rls-wacon.de\\\/\",\"logo\":{\"@type\":\"ImageObject\",\"inLanguage\":\"pt-BR\",\"@id\":\"https:\\\/\\\/rls-wacon.de\\\/#\\\/schema\\\/logo\\\/image\\\/\",\"url\":\"https:\\\/\\\/rls-wacon.de\\\/wp-content\\\/uploads\\\/2022\\\/10\\\/RLSWacon-analytics-Logo-BR-RZ-9_17-768x1591.png\",\"contentUrl\":\"https:\\\/\\\/rls-wacon.de\\\/wp-content\\\/uploads\\\/2022\\\/10\\\/RLSWacon-analytics-Logo-BR-RZ-9_17-768x1591.png\",\"width\":768,\"height\":159,\"caption\":\"RLS Wacon analytics GmbH\"},\"image\":{\"@id\":\"https:\\\/\\\/rls-wacon.de\\\/#\\\/schema\\\/logo\\\/image\\\/\"}}]}<\/script>\n<meta property=\"product:price:amount\" content=\"9999.00\" \/>\n<meta property=\"product:price:currency\" content=\"EUR\" \/>\n<meta property=\"og:availability\" content=\"instock\" \/>\n<meta property=\"product:availability\" content=\"instock\" \/>\n<meta property=\"product:retailer_item_id\" content=\"30-078150\" \/>\n<meta property=\"product:condition\" content=\"new\" \/>\n<!-- \/ Yoast SEO Premium plugin. -->","yoast_head_json":{"title":"Hanna pHep 5 - RLS Wacon analytics","description":"Os testadores de pH da Hanna Instruments combinam desempenho e facilidade de uso em tamanho de bolso.","robots":{"index":"index","follow":"follow","max-snippet":"max-snippet:-1","max-image-preview":"max-image-preview:large","max-video-preview":"max-video-preview:-1"},"canonical":"https:\/\/rls-wacon.de\/pt-br\/produkt\/hanna-phep-5\/","og_locale":"pt_BR","og_type":"article","og_title":"Hanna pHep 5","og_description":"Os testadores de pH da Hanna Instruments combinam desempenho e facilidade de uso em tamanho de bolso.","og_url":"https:\/\/rls-wacon.de\/pt-br\/produkt\/hanna-phep-5\/","og_site_name":"RLS Wacon analytics","article_modified_time":"2026-02-16T22:02:20+00:00","og_image":[{"width":2560,"height":1707,"url":"https:\/\/rls-wacon.de\/wp-content\/uploads\/2023\/03\/30-078140-Hanna-pHep-4-scaled.jpg","type":"image\/jpeg"}],"twitter_card":"summary_large_image","twitter_misc":{"Pre\u00e7o":"9.999,00&nbsp;&euro;","Disponibilidade":"Em Estoque"},"schema":{"@context":"https:\/\/schema.org","@graph":[{"@type":"WebPage","@id":"https:\/\/rls-wacon.de\/pt-br\/produkt\/hanna-phep-5\/","url":"https:\/\/rls-wacon.de\/pt-br\/produkt\/hanna-phep-5\/","name":"Hanna pHep 5 - RLS Wacon analytics","isPartOf":{"@id":"https:\/\/rls-wacon.de\/#website"},"primaryImageOfPage":{"@id":"https:\/\/rls-wacon.de\/pt-br\/produkt\/hanna-phep-5\/#primaryimage"},"image":{"@id":"https:\/\/rls-wacon.de\/pt-br\/produkt\/hanna-phep-5\/#primaryimage"},"thumbnailUrl":"https:\/\/rls-wacon.de\/wp-content\/uploads\/2023\/03\/30-078140-Hanna-pHep-4-scaled.jpg","datePublished":"2023-03-11T21:12:59+00:00","dateModified":"2026-02-16T22:02:20+00:00","description":"Os testadores de pH da Hanna Instruments combinam desempenho e facilidade de uso em tamanho de bolso.","breadcrumb":{"@id":"https:\/\/rls-wacon.de\/pt-br\/produkt\/hanna-phep-5\/#breadcrumb"},"inLanguage":"pt-BR","potentialAction":[{"@type":"ReadAction","target":["https:\/\/rls-wacon.de\/pt-br\/produkt\/hanna-phep-5\/"]}]},{"@type":"ImageObject","inLanguage":"pt-BR","@id":"https:\/\/rls-wacon.de\/pt-br\/produkt\/hanna-phep-5\/#primaryimage","url":"https:\/\/rls-wacon.de\/wp-content\/uploads\/2023\/03\/30-078140-Hanna-pHep-4-scaled.jpg","contentUrl":"https:\/\/rls-wacon.de\/wp-content\/uploads\/2023\/03\/30-078140-Hanna-pHep-4-scaled.jpg","width":2560,"height":1707,"caption":"30-078140 Hanna pHep 4"},{"@type":"BreadcrumbList","@id":"https:\/\/rls-wacon.de\/pt-br\/produkt\/hanna-phep-5\/#breadcrumb","itemListElement":[{"@type":"ListItem","position":1,"name":"Startseite","item":"https:\/\/rls-wacon.de\/pt-br\/"},{"@type":"ListItem","position":2,"name":"Produtos","item":"https:\/\/rls-wacon.de\/shop\/"},{"@type":"ListItem","position":3,"name":"Hanna pHep 5"}]},{"@type":"WebSite","@id":"https:\/\/rls-wacon.de\/#website","url":"https:\/\/rls-wacon.de\/","name":"RLS Wacon analytics GmbH","description":"Experts for water monitoring","publisher":{"@id":"https:\/\/rls-wacon.de\/#organization"},"potentialAction":[{"@type":"SearchAction","target":{"@type":"EntryPoint","urlTemplate":"https:\/\/rls-wacon.de\/?s={search_term_string}"},"query-input":{"@type":"PropertyValueSpecification","valueRequired":true,"valueName":"search_term_string"}}],"inLanguage":"pt-BR"},{"@type":"Organization","@id":"https:\/\/rls-wacon.de\/#organization","name":"RLS Wacon analytics GmbH","url":"https:\/\/rls-wacon.de\/","logo":{"@type":"ImageObject","inLanguage":"pt-BR","@id":"https:\/\/rls-wacon.de\/#\/schema\/logo\/image\/","url":"https:\/\/rls-wacon.de\/wp-content\/uploads\/2022\/10\/RLSWacon-analytics-Logo-BR-RZ-9_17-768x1591.png","contentUrl":"https:\/\/rls-wacon.de\/wp-content\/uploads\/2022\/10\/RLSWacon-analytics-Logo-BR-RZ-9_17-768x1591.png","width":768,"height":159,"caption":"RLS Wacon analytics GmbH"},"image":{"@id":"https:\/\/rls-wacon.de\/#\/schema\/logo\/image\/"}}]},"product_price_amount":"9999.00","product_price_currency":"EUR","og_availability":"instock","product_availability":"instock","product_retailer_item_id":"30-078150","product_condition":"new"},"_links":{"self":[{"href":"https:\/\/rls-wacon.de\/pt-br\/wp-json\/wp\/v2\/product\/23636","targetHints":{"allow":["GET"]}}],"collection":[{"href":"https:\/\/rls-wacon.de\/pt-br\/wp-json\/wp\/v2\/product"}],"about":[{"href":"https:\/\/rls-wacon.de\/pt-br\/wp-json\/wp\/v2\/types\/product"}],"version-history":[{"count":1,"href":"https:\/\/rls-wacon.de\/pt-br\/wp-json\/wp\/v2\/product\/23636\/revisions"}],"predecessor-version":[{"id":28996,"href":"https:\/\/rls-wacon.de\/pt-br\/wp-json\/wp\/v2\/product\/23636\/revisions\/28996"}],"wp:featuredmedia":[{"embeddable":true,"href":"https:\/\/rls-wacon.de\/pt-br\/wp-json\/wp\/v2\/media\/5913"}],"wp:attachment":[{"href":"https:\/\/rls-wacon.de\/pt-br\/wp-json\/wp\/v2\/media?parent=23636"}],"wp:term":[{"taxonomy":"product_brand","embeddable":true,"href":"https:\/\/rls-wacon.de\/pt-br\/wp-json\/wp\/v2\/product_brand?post=23636"},{"taxonomy":"product_cat","embeddable":true,"href":"https:\/\/rls-wacon.de\/pt-br\/wp-json\/wp\/v2\/product_cat?post=23636"},{"taxonomy":"product_tag","embeddable":true,"href":"https:\/\/rls-wacon.de\/pt-br\/wp-json\/wp\/v2\/product_tag?post=23636"}],"curies":[{"name":"wp","href":"https:\/\/api.w.org\/{rel}","templated":true}]}}