{"id":23685,"date":"2023-03-11T21:13:02","date_gmt":"2023-03-11T21:13:02","guid":{"rendered":"https:\/\/rls-wacon.de\/produkt\/indicador-ha\/"},"modified":"2026-02-16T23:05:18","modified_gmt":"2026-02-16T22:05:18","slug":"indicador-ha","status":"publish","type":"product","link":"https:\/\/rls-wacon.de\/pt-br\/produkt\/indicador-ha\/","title":{"rendered":"Indicador HA"},"content":{"rendered":"<hr class=\"system-pagebreak\" title=\"\u00c1rea de an\u00e1lise\" \/>\n<table class=\"wacon-table\" style=\"width: 240px; height: 105px;\">\n<tbody>\n<tr>\n<td>Faixa de medi\u00e7\u00e3o Sycon 3000H<\/td>\n<td>Unidade de medi\u00e7\u00e3o<\/td>\n<\/tr>\n<tr>\n<td>0,02 &#8230; 0,30<\/td>\n<td>\u00b0dH<\/td>\n<\/tr>\n<tr>\n<td>0,36 &#8230; 5,34<\/td>\n<td>ppm<\/td>\n<\/tr>\n<tr>\n<td>0,04 &#8230; 0,53<\/td>\n<td>\u00b0f<\/td>\n<\/tr>\n<tr>\n<td>0,03 &#8230; 0,37<\/td>\n<td>\u00b0e<\/td>\n<\/tr>\n<\/tbody>\n<\/table>\n<hr class=\"system-pagebreak\" title=\"Analisadores compat\u00edveis\" \/>\n<table class=\"wacon-table\">\n<tbody>\n<tr>\n<td>Dispositivo<\/td>\n<td>Compat\u00edvel com voc\u00ea<\/td>\n<td>Observa\u00e7\u00e3o<\/td>\n<\/tr>\n<tr>\n<td>Sycon 2500<\/td>\n<td>n\u00e3o<\/td>\n<td>Analisador descontinuado, substitu\u00eddo pelo analisador Sycon 2502<\/td>\n<\/tr>\n<tr>\n<td>Sycon 2501<\/td>\n<td>n\u00e3o<\/td>\n<td>Analisador descontinuado, substitu\u00eddo pelo analisador Sycon 2502<\/td>\n<\/tr>\n<tr>\n<td>Sycon 2502<\/td>\n<td>n\u00e3o<\/td>\n<td><\/td>\n<\/tr>\n<tr>\n<td>Sycon 2800<\/td>\n<td>n\u00e3o<\/td>\n<td><\/td>\n<\/tr>\n<tr>\n<td>Sycon 3000<\/td>\n<td>Sim<\/td>\n<td>Analisador descontinuado, substitu\u00eddo pelo analisador Sycon 2800<\/td>\n<\/tr>\n<\/tbody>\n<\/table>\n<hr class=\"system-pagebreak\" title=\"Dados t\u00e9cnicos\" \/>\n<table class=\"wacon-table\">\n<tbody>\n<tr>\n<td>Par\u00e2metros<\/td>\n<td>Valor \/ Faixa<\/td>\n<\/tr>\n<tr>\n<td>Prazo de validade<\/td>\n<td>24 meses<\/td>\n<\/tr>\n<tr>\n<td>Quantidade<\/td>\n<td>500 ml<\/td>\n<\/tr>\n<tr>\n<td>Garrafa<\/td>\n<td>quadrado<\/td>\n<\/tr>\n<\/tbody>\n<\/table>\n","protected":false},"excerpt":{"rendered":"<p>O indicador HA 0,3 \u00e9 um indicador para determinar a dureza residual ou a dureza total para uso no analisador Sycon 3000H.<\/p>\n<p>Como todos os nossos indicadores para nossos pr\u00f3prios analisadores, o HA 0.3 \u00e9 caracterizado pelos seguintes recursos<\/p>\n<ul>\n<li>Uso de mat\u00e9rias-primas de alta qualidade<\/li>\n<li>Produ\u00e7\u00e3o de acordo com sua pr\u00f3pria receita<\/li>\n<li>Prazo de validade de 24 meses<\/li>\n<\/ul>\n<p>O indicador HA 0,3 tamb\u00e9m est\u00e1 dispon\u00edvel em um pacote de 4 frascos com pre\u00e7o favor\u00e1vel.<\/p>\n","protected":false},"featured_media":6653,"template":"","meta":{"_acf_changed":false},"product_brand":[],"product_cat":[515],"product_tag":[1560,1561,1562],"class_list":{"0":"post-23685","1":"product","2":"type-product","3":"status-publish","4":"has-post-thumbnail","6":"product_cat-nao-categorizado","7":"product_tag-dureza-da-agua","8":"product_tag-dureza-total-pt-br","9":"product_tag-sycon-3000-pt-br","11":"first","12":"instock","13":"shipping-taxable","14":"purchasable","15":"product-type-variable"},"exclude_global_add_ons":[],"addons":[],"acf":[],"yoast_head":"<!-- This site is optimized with the Yoast SEO Premium plugin v27.3 (Yoast SEO v27.3) - https:\/\/yoast.com\/product\/yoast-seo-premium-wordpress\/ -->\n<title>Indicador HA - RLS Wacon analytics<\/title>\n<meta name=\"description\" content=\"O indicador HA 0,3 \u00e9 um indicador para determinar a dureza residual ou a dureza total para uso no analisador Sycon 3000H.Como todos os nossos\u2026\" \/>\n<meta name=\"robots\" content=\"index, follow, max-snippet:-1, max-image-preview:large, max-video-preview:-1\" \/>\n<link rel=\"canonical\" href=\"https:\/\/rls-wacon.de\/pt-br\/produkt\/indicador-ha\/\" \/>\n<meta property=\"og:locale\" content=\"pt_BR\" \/>\n<meta property=\"og:type\" content=\"article\" \/>\n<meta property=\"og:title\" content=\"Indicador HA\" \/>\n<meta property=\"og:description\" content=\"O indicador HA 0,3 \u00e9 um indicador para determinar a dureza residual ou a dureza total para uso no analisador Sycon 3000H.Como todos os nossos\u2026\" \/>\n<meta property=\"og:url\" content=\"https:\/\/rls-wacon.de\/pt-br\/produkt\/indicador-ha\/\" \/>\n<meta property=\"og:site_name\" content=\"RLS Wacon analytics\" \/>\n<meta property=\"article:modified_time\" content=\"2026-02-16T22:05:18+00:00\" \/>\n<meta property=\"og:image\" content=\"https:\/\/rls-wacon.de\/wp-content\/uploads\/2023\/03\/indikator-ha-0-3.jpg\" \/>\n\t<meta property=\"og:image:width\" content=\"1920\" \/>\n\t<meta property=\"og:image:height\" content=\"1280\" \/>\n\t<meta property=\"og:image:type\" content=\"image\/jpeg\" \/>\n<meta name=\"twitter:card\" content=\"summary_large_image\" \/>\n<meta name=\"twitter:label1\" content=\"Disponibilidade\" \/>\n\t<meta name=\"twitter:data1\" content=\"Em Estoque\" \/>\n<script type=\"application\/ld+json\" class=\"yoast-schema-graph\">{\"@context\":\"https:\\\/\\\/schema.org\",\"@graph\":[{\"@type\":\"WebPage\",\"@id\":\"https:\\\/\\\/rls-wacon.de\\\/pt-br\\\/produkt\\\/indicador-ha\\\/\",\"url\":\"https:\\\/\\\/rls-wacon.de\\\/pt-br\\\/produkt\\\/indicador-ha\\\/\",\"name\":\"Indicador HA - RLS Wacon analytics\",\"isPartOf\":{\"@id\":\"https:\\\/\\\/rls-wacon.de\\\/#website\"},\"primaryImageOfPage\":{\"@id\":\"https:\\\/\\\/rls-wacon.de\\\/pt-br\\\/produkt\\\/indicador-ha\\\/#primaryimage\"},\"image\":{\"@id\":\"https:\\\/\\\/rls-wacon.de\\\/pt-br\\\/produkt\\\/indicador-ha\\\/#primaryimage\"},\"thumbnailUrl\":\"https:\\\/\\\/rls-wacon.de\\\/wp-content\\\/uploads\\\/2023\\\/03\\\/indikator-ha-0-3.jpg\",\"datePublished\":\"2023-03-11T21:13:02+00:00\",\"dateModified\":\"2026-02-16T22:05:18+00:00\",\"description\":\"O indicador HA 0,3 \u00e9 um indicador para determinar a dureza residual ou a dureza total para uso no analisador Sycon 3000H.Como todos os nossos\u2026\",\"breadcrumb\":{\"@id\":\"https:\\\/\\\/rls-wacon.de\\\/pt-br\\\/produkt\\\/indicador-ha\\\/#breadcrumb\"},\"inLanguage\":\"pt-BR\",\"potentialAction\":[{\"@type\":\"ReadAction\",\"target\":[\"https:\\\/\\\/rls-wacon.de\\\/pt-br\\\/produkt\\\/indicador-ha\\\/\"]}]},{\"@type\":\"ImageObject\",\"inLanguage\":\"pt-BR\",\"@id\":\"https:\\\/\\\/rls-wacon.de\\\/pt-br\\\/produkt\\\/indicador-ha\\\/#primaryimage\",\"url\":\"https:\\\/\\\/rls-wacon.de\\\/wp-content\\\/uploads\\\/2023\\\/03\\\/indikator-ha-0-3.jpg\",\"contentUrl\":\"https:\\\/\\\/rls-wacon.de\\\/wp-content\\\/uploads\\\/2023\\\/03\\\/indikator-ha-0-3.jpg\",\"width\":1920,\"height\":1280,\"caption\":\"indicador-ha-0-3\"},{\"@type\":\"BreadcrumbList\",\"@id\":\"https:\\\/\\\/rls-wacon.de\\\/pt-br\\\/produkt\\\/indicador-ha\\\/#breadcrumb\",\"itemListElement\":[{\"@type\":\"ListItem\",\"position\":1,\"name\":\"Startseite\",\"item\":\"https:\\\/\\\/rls-wacon.de\\\/pt-br\\\/\"},{\"@type\":\"ListItem\",\"position\":2,\"name\":\"Produtos\",\"item\":\"https:\\\/\\\/rls-wacon.de\\\/shop\\\/\"},{\"@type\":\"ListItem\",\"position\":3,\"name\":\"Indicador HA\"}]},{\"@type\":\"WebSite\",\"@id\":\"https:\\\/\\\/rls-wacon.de\\\/#website\",\"url\":\"https:\\\/\\\/rls-wacon.de\\\/\",\"name\":\"RLS Wacon analytics GmbH\",\"description\":\"Experts for water monitoring\",\"publisher\":{\"@id\":\"https:\\\/\\\/rls-wacon.de\\\/#organization\"},\"potentialAction\":[{\"@type\":\"SearchAction\",\"target\":{\"@type\":\"EntryPoint\",\"urlTemplate\":\"https:\\\/\\\/rls-wacon.de\\\/?s={search_term_string}\"},\"query-input\":{\"@type\":\"PropertyValueSpecification\",\"valueRequired\":true,\"valueName\":\"search_term_string\"}}],\"inLanguage\":\"pt-BR\"},{\"@type\":\"Organization\",\"@id\":\"https:\\\/\\\/rls-wacon.de\\\/#organization\",\"name\":\"RLS Wacon analytics GmbH\",\"url\":\"https:\\\/\\\/rls-wacon.de\\\/\",\"logo\":{\"@type\":\"ImageObject\",\"inLanguage\":\"pt-BR\",\"@id\":\"https:\\\/\\\/rls-wacon.de\\\/#\\\/schema\\\/logo\\\/image\\\/\",\"url\":\"https:\\\/\\\/rls-wacon.de\\\/wp-content\\\/uploads\\\/2022\\\/10\\\/RLSWacon-analytics-Logo-BR-RZ-9_17-768x1591.png\",\"contentUrl\":\"https:\\\/\\\/rls-wacon.de\\\/wp-content\\\/uploads\\\/2022\\\/10\\\/RLSWacon-analytics-Logo-BR-RZ-9_17-768x1591.png\",\"width\":768,\"height\":159,\"caption\":\"RLS Wacon analytics GmbH\"},\"image\":{\"@id\":\"https:\\\/\\\/rls-wacon.de\\\/#\\\/schema\\\/logo\\\/image\\\/\"}}]}<\/script>\n<meta property=\"og:availability\" content=\"instock\" \/>\n<meta property=\"product:availability\" content=\"instock\" \/>\n<meta property=\"product:condition\" content=\"new\" \/>\n<!-- \/ Yoast SEO Premium plugin. -->","yoast_head_json":{"title":"Indicador HA - RLS Wacon analytics","description":"O indicador HA 0,3 \u00e9 um indicador para determinar a dureza residual ou a dureza total para uso no analisador Sycon 3000H.Como todos os nossos\u2026","robots":{"index":"index","follow":"follow","max-snippet":"max-snippet:-1","max-image-preview":"max-image-preview:large","max-video-preview":"max-video-preview:-1"},"canonical":"https:\/\/rls-wacon.de\/pt-br\/produkt\/indicador-ha\/","og_locale":"pt_BR","og_type":"article","og_title":"Indicador HA","og_description":"O indicador HA 0,3 \u00e9 um indicador para determinar a dureza residual ou a dureza total para uso no analisador Sycon 3000H.Como todos os nossos\u2026","og_url":"https:\/\/rls-wacon.de\/pt-br\/produkt\/indicador-ha\/","og_site_name":"RLS Wacon analytics","article_modified_time":"2026-02-16T22:05:18+00:00","og_image":[{"width":1920,"height":1280,"url":"https:\/\/rls-wacon.de\/wp-content\/uploads\/2023\/03\/indikator-ha-0-3.jpg","type":"image\/jpeg"}],"twitter_card":"summary_large_image","twitter_misc":{"Disponibilidade":"Em Estoque"},"schema":{"@context":"https:\/\/schema.org","@graph":[{"@type":"WebPage","@id":"https:\/\/rls-wacon.de\/pt-br\/produkt\/indicador-ha\/","url":"https:\/\/rls-wacon.de\/pt-br\/produkt\/indicador-ha\/","name":"Indicador HA - RLS Wacon analytics","isPartOf":{"@id":"https:\/\/rls-wacon.de\/#website"},"primaryImageOfPage":{"@id":"https:\/\/rls-wacon.de\/pt-br\/produkt\/indicador-ha\/#primaryimage"},"image":{"@id":"https:\/\/rls-wacon.de\/pt-br\/produkt\/indicador-ha\/#primaryimage"},"thumbnailUrl":"https:\/\/rls-wacon.de\/wp-content\/uploads\/2023\/03\/indikator-ha-0-3.jpg","datePublished":"2023-03-11T21:13:02+00:00","dateModified":"2026-02-16T22:05:18+00:00","description":"O indicador HA 0,3 \u00e9 um indicador para determinar a dureza residual ou a dureza total para uso no analisador Sycon 3000H.Como todos os nossos\u2026","breadcrumb":{"@id":"https:\/\/rls-wacon.de\/pt-br\/produkt\/indicador-ha\/#breadcrumb"},"inLanguage":"pt-BR","potentialAction":[{"@type":"ReadAction","target":["https:\/\/rls-wacon.de\/pt-br\/produkt\/indicador-ha\/"]}]},{"@type":"ImageObject","inLanguage":"pt-BR","@id":"https:\/\/rls-wacon.de\/pt-br\/produkt\/indicador-ha\/#primaryimage","url":"https:\/\/rls-wacon.de\/wp-content\/uploads\/2023\/03\/indikator-ha-0-3.jpg","contentUrl":"https:\/\/rls-wacon.de\/wp-content\/uploads\/2023\/03\/indikator-ha-0-3.jpg","width":1920,"height":1280,"caption":"indicador-ha-0-3"},{"@type":"BreadcrumbList","@id":"https:\/\/rls-wacon.de\/pt-br\/produkt\/indicador-ha\/#breadcrumb","itemListElement":[{"@type":"ListItem","position":1,"name":"Startseite","item":"https:\/\/rls-wacon.de\/pt-br\/"},{"@type":"ListItem","position":2,"name":"Produtos","item":"https:\/\/rls-wacon.de\/shop\/"},{"@type":"ListItem","position":3,"name":"Indicador HA"}]},{"@type":"WebSite","@id":"https:\/\/rls-wacon.de\/#website","url":"https:\/\/rls-wacon.de\/","name":"RLS Wacon analytics GmbH","description":"Experts for water monitoring","publisher":{"@id":"https:\/\/rls-wacon.de\/#organization"},"potentialAction":[{"@type":"SearchAction","target":{"@type":"EntryPoint","urlTemplate":"https:\/\/rls-wacon.de\/?s={search_term_string}"},"query-input":{"@type":"PropertyValueSpecification","valueRequired":true,"valueName":"search_term_string"}}],"inLanguage":"pt-BR"},{"@type":"Organization","@id":"https:\/\/rls-wacon.de\/#organization","name":"RLS Wacon analytics GmbH","url":"https:\/\/rls-wacon.de\/","logo":{"@type":"ImageObject","inLanguage":"pt-BR","@id":"https:\/\/rls-wacon.de\/#\/schema\/logo\/image\/","url":"https:\/\/rls-wacon.de\/wp-content\/uploads\/2022\/10\/RLSWacon-analytics-Logo-BR-RZ-9_17-768x1591.png","contentUrl":"https:\/\/rls-wacon.de\/wp-content\/uploads\/2022\/10\/RLSWacon-analytics-Logo-BR-RZ-9_17-768x1591.png","width":768,"height":159,"caption":"RLS Wacon analytics GmbH"},"image":{"@id":"https:\/\/rls-wacon.de\/#\/schema\/logo\/image\/"}}]},"og_availability":"instock","product_availability":"instock","product_condition":"new"},"_links":{"self":[{"href":"https:\/\/rls-wacon.de\/pt-br\/wp-json\/wp\/v2\/product\/23685","targetHints":{"allow":["GET"]}}],"collection":[{"href":"https:\/\/rls-wacon.de\/pt-br\/wp-json\/wp\/v2\/product"}],"about":[{"href":"https:\/\/rls-wacon.de\/pt-br\/wp-json\/wp\/v2\/types\/product"}],"version-history":[{"count":1,"href":"https:\/\/rls-wacon.de\/pt-br\/wp-json\/wp\/v2\/product\/23685\/revisions"}],"predecessor-version":[{"id":29000,"href":"https:\/\/rls-wacon.de\/pt-br\/wp-json\/wp\/v2\/product\/23685\/revisions\/29000"}],"wp:featuredmedia":[{"embeddable":true,"href":"https:\/\/rls-wacon.de\/pt-br\/wp-json\/wp\/v2\/media\/6653"}],"wp:attachment":[{"href":"https:\/\/rls-wacon.de\/pt-br\/wp-json\/wp\/v2\/media?parent=23685"}],"wp:term":[{"taxonomy":"product_brand","embeddable":true,"href":"https:\/\/rls-wacon.de\/pt-br\/wp-json\/wp\/v2\/product_brand?post=23685"},{"taxonomy":"product_cat","embeddable":true,"href":"https:\/\/rls-wacon.de\/pt-br\/wp-json\/wp\/v2\/product_cat?post=23685"},{"taxonomy":"product_tag","embeddable":true,"href":"https:\/\/rls-wacon.de\/pt-br\/wp-json\/wp\/v2\/product_tag?post=23685"}],"curies":[{"name":"wp","href":"https:\/\/api.w.org\/{rel}","templated":true}]}}