{"id":23754,"date":"2023-03-11T21:13:05","date_gmt":"2023-03-11T21:13:05","guid":{"rendered":"https:\/\/rls-wacon.de\/produkt\/limesbase\/"},"modified":"2026-02-16T23:11:22","modified_gmt":"2026-02-16T22:11:22","slug":"limesbase","status":"publish","type":"product","link":"https:\/\/rls-wacon.de\/pt-br\/produkt\/limesbase\/","title":{"rendered":"LIMESBASE"},"content":{"rendered":"<ul>\n<li>Monitoramento confi\u00e1vel e preciso da dureza da \u00e1gua usando um indicador calibrado em laborat\u00f3rio.<\/li>\n<li>Monitoramento de um valor limite definido, determinado pelo indicador LHV usado.<\/li>\n<li>N\u00e3o h\u00e1 comportamento de resposta retardada em compara\u00e7\u00e3o com um sensor de resina de inchamento.<\/li>\n<li>Sem calibra\u00e7\u00e3o e sem efeitos de desvio em compara\u00e7\u00e3o com uma medi\u00e7\u00e3o de eletrodo.<\/li>\n<li>N\u00e3o h\u00e1 necessidade de desgaste ou regenera\u00e7\u00e3o do sensor.<\/li>\n<li>Cabos de conex\u00e3o separados para fonte de alimenta\u00e7\u00e3o, rel\u00e9 e contato de entrada.<\/li>\n<li>Visor de status com quatro LEDs para conformidade com o valor limite, status da an\u00e1lise, status do dispositivo e servi\u00e7o pendente.<\/li>\n<\/ul>\n<h3>Informa\u00e7\u00f5es sobre o produto LIMESBASE<\/h3>\n<ul>\n<li>Visor de status de LED<\/li>\n<li>neutro em termos de idioma<\/li>\n<li>Supress\u00e3o do primeiro valor para evitar alarmes falsos<\/li>\n<li>Opera\u00e7\u00e3o autom\u00e1tica em intervalos: verifica\u00e7\u00e3o do valor limite do sistema a cada 10 minutos<\/li>\n<li>Conex\u00f5es:\n<ul>\n<li>2 sa\u00eddas sem potencial:\n<ul>\n<li>Valor limite excedido<\/li>\n<li>Falha no dispositivo<\/li>\n<\/ul>\n<\/li>\n<\/ul>\n<\/li>\n<li>Pode ser facilmente atualizado para LIMESPLUS, se necess\u00e1rio<\/li>\n<\/ul>\n","protected":false},"excerpt":{"rendered":"<p>O LIMESBASE \u00e9 o modelo mais acess\u00edvel da s\u00e9rie Limes para voc\u00ea come\u00e7ar a monitorar a dureza da \u00e1gua on-line. Os dispositivos de monitoramento de dureza Limes permitem o monitoramento econ\u00f4mico de sistemas de osmose reversa com an\u00e1lise qu\u00edmica confi\u00e1vel.<\/p>\n","protected":false},"featured_media":29181,"template":"","meta":{"_acf_changed":false},"product_brand":[],"product_cat":[1482,1476],"product_tag":[],"class_list":{"0":"post-23754","1":"product","2":"type-product","3":"status-publish","4":"has-post-thumbnail","6":"product_cat-dureza-total-pt-br-2","7":"product_cat-limes-pt-br","9":"first","10":"instock","11":"shipping-taxable","12":"purchasable","13":"product-type-simple"},"exclude_global_add_ons":[],"addons":[],"acf":[],"yoast_head":"<!-- This site is optimized with the Yoast SEO Premium plugin v27.3 (Yoast SEO v27.4) - https:\/\/yoast.com\/product\/yoast-seo-premium-wordpress\/ -->\n<title>LIMESBASE - RLS Wacon analytics<\/title>\n<meta name=\"description\" content=\"O LIMESBASE \u00e9 o modelo mais acess\u00edvel da s\u00e9rie Limes para voc\u00ea come\u00e7ar a monitorar a dureza da \u00e1gua on-line.\" \/>\n<meta name=\"robots\" content=\"index, follow, max-snippet:-1, max-image-preview:large, max-video-preview:-1\" \/>\n<link rel=\"canonical\" href=\"https:\/\/rls-wacon.de\/pt-br\/produkt\/limesbase\/\" \/>\n<meta property=\"og:locale\" content=\"pt_BR\" \/>\n<meta property=\"og:type\" content=\"article\" \/>\n<meta property=\"og:title\" content=\"LIMESBASE\" \/>\n<meta property=\"og:description\" content=\"O LIMESBASE \u00e9 o modelo mais acess\u00edvel da s\u00e9rie Limes para voc\u00ea come\u00e7ar a monitorar a dureza da \u00e1gua on-line.\" \/>\n<meta property=\"og:url\" content=\"https:\/\/rls-wacon.de\/pt-br\/produkt\/limesbase\/\" \/>\n<meta property=\"og:site_name\" content=\"RLS Wacon analytics\" \/>\n<meta property=\"article:modified_time\" content=\"2026-02-16T22:11:22+00:00\" \/>\n<meta property=\"og:image\" content=\"https:\/\/rls-wacon.de\/wp-content\/uploads\/2023\/03\/limes-base-d.jpg\" \/>\n\t<meta property=\"og:image:width\" content=\"1128\" \/>\n\t<meta property=\"og:image:height\" content=\"1389\" \/>\n\t<meta property=\"og:image:type\" content=\"image\/jpeg\" \/>\n<meta name=\"twitter:card\" content=\"summary_large_image\" \/>\n<meta name=\"twitter:label1\" content=\"Pre\u00e7o\" \/>\n\t<meta name=\"twitter:data1\" content=\"9.999,00&nbsp;&euro;\" \/>\n\t<meta name=\"twitter:label2\" content=\"Disponibilidade\" \/>\n\t<meta name=\"twitter:data2\" content=\"Em Estoque\" \/>\n<script type=\"application\/ld+json\" class=\"yoast-schema-graph\">{\"@context\":\"https:\\\/\\\/schema.org\",\"@graph\":[{\"@type\":\"WebPage\",\"@id\":\"https:\\\/\\\/rls-wacon.de\\\/pt-br\\\/produkt\\\/limesbase\\\/\",\"url\":\"https:\\\/\\\/rls-wacon.de\\\/pt-br\\\/produkt\\\/limesbase\\\/\",\"name\":\"LIMESBASE - RLS Wacon analytics\",\"isPartOf\":{\"@id\":\"https:\\\/\\\/rls-wacon.de\\\/#website\"},\"primaryImageOfPage\":{\"@id\":\"https:\\\/\\\/rls-wacon.de\\\/pt-br\\\/produkt\\\/limesbase\\\/#primaryimage\"},\"image\":{\"@id\":\"https:\\\/\\\/rls-wacon.de\\\/pt-br\\\/produkt\\\/limesbase\\\/#primaryimage\"},\"thumbnailUrl\":\"https:\\\/\\\/rls-wacon.de\\\/wp-content\\\/uploads\\\/2023\\\/03\\\/LIMES-Base.png\",\"datePublished\":\"2023-03-11T21:13:05+00:00\",\"dateModified\":\"2026-02-16T22:11:22+00:00\",\"description\":\"O LIMESBASE \u00e9 o modelo mais acess\u00edvel da s\u00e9rie Limes para voc\u00ea come\u00e7ar a monitorar a dureza da \u00e1gua on-line.\",\"breadcrumb\":{\"@id\":\"https:\\\/\\\/rls-wacon.de\\\/pt-br\\\/produkt\\\/limesbase\\\/#breadcrumb\"},\"inLanguage\":\"pt-BR\",\"potentialAction\":[{\"@type\":\"ReadAction\",\"target\":[\"https:\\\/\\\/rls-wacon.de\\\/pt-br\\\/produkt\\\/limesbase\\\/\"]}]},{\"@type\":\"ImageObject\",\"inLanguage\":\"pt-BR\",\"@id\":\"https:\\\/\\\/rls-wacon.de\\\/pt-br\\\/produkt\\\/limesbase\\\/#primaryimage\",\"url\":\"https:\\\/\\\/rls-wacon.de\\\/wp-content\\\/uploads\\\/2023\\\/03\\\/LIMES-Base.png\",\"contentUrl\":\"https:\\\/\\\/rls-wacon.de\\\/wp-content\\\/uploads\\\/2023\\\/03\\\/LIMES-Base.png\",\"width\":1065,\"height\":1293},{\"@type\":\"BreadcrumbList\",\"@id\":\"https:\\\/\\\/rls-wacon.de\\\/pt-br\\\/produkt\\\/limesbase\\\/#breadcrumb\",\"itemListElement\":[{\"@type\":\"ListItem\",\"position\":1,\"name\":\"Startseite\",\"item\":\"https:\\\/\\\/rls-wacon.de\\\/pt-br\\\/\"},{\"@type\":\"ListItem\",\"position\":2,\"name\":\"Produtos\",\"item\":\"https:\\\/\\\/rls-wacon.de\\\/shop\\\/\"},{\"@type\":\"ListItem\",\"position\":3,\"name\":\"LIMESBASE\"}]},{\"@type\":\"WebSite\",\"@id\":\"https:\\\/\\\/rls-wacon.de\\\/#website\",\"url\":\"https:\\\/\\\/rls-wacon.de\\\/\",\"name\":\"RLS Wacon analytics GmbH\",\"description\":\"Experts for water monitoring\",\"publisher\":{\"@id\":\"https:\\\/\\\/rls-wacon.de\\\/#organization\"},\"potentialAction\":[{\"@type\":\"SearchAction\",\"target\":{\"@type\":\"EntryPoint\",\"urlTemplate\":\"https:\\\/\\\/rls-wacon.de\\\/?s={search_term_string}\"},\"query-input\":{\"@type\":\"PropertyValueSpecification\",\"valueRequired\":true,\"valueName\":\"search_term_string\"}}],\"inLanguage\":\"pt-BR\"},{\"@type\":\"Organization\",\"@id\":\"https:\\\/\\\/rls-wacon.de\\\/#organization\",\"name\":\"RLS Wacon analytics GmbH\",\"url\":\"https:\\\/\\\/rls-wacon.de\\\/\",\"logo\":{\"@type\":\"ImageObject\",\"inLanguage\":\"pt-BR\",\"@id\":\"https:\\\/\\\/rls-wacon.de\\\/#\\\/schema\\\/logo\\\/image\\\/\",\"url\":\"https:\\\/\\\/rls-wacon.de\\\/wp-content\\\/uploads\\\/2022\\\/10\\\/RLSWacon-analytics-Logo-BR-RZ-9_17-768x1591.png\",\"contentUrl\":\"https:\\\/\\\/rls-wacon.de\\\/wp-content\\\/uploads\\\/2022\\\/10\\\/RLSWacon-analytics-Logo-BR-RZ-9_17-768x1591.png\",\"width\":768,\"height\":159,\"caption\":\"RLS Wacon analytics GmbH\"},\"image\":{\"@id\":\"https:\\\/\\\/rls-wacon.de\\\/#\\\/schema\\\/logo\\\/image\\\/\"}}]}<\/script>\n<meta property=\"product:price:amount\" content=\"9999.00\" \/>\n<meta property=\"product:price:currency\" content=\"EUR\" \/>\n<meta property=\"og:availability\" content=\"instock\" \/>\n<meta property=\"product:availability\" content=\"instock\" \/>\n<meta property=\"product:retailer_item_id\" content=\"30-003501\" \/>\n<meta property=\"product:condition\" content=\"new\" \/>\n<!-- \/ Yoast SEO Premium plugin. -->","yoast_head_json":{"title":"LIMESBASE - RLS Wacon analytics","description":"O LIMESBASE \u00e9 o modelo mais acess\u00edvel da s\u00e9rie Limes para voc\u00ea come\u00e7ar a monitorar a dureza da \u00e1gua on-line.","robots":{"index":"index","follow":"follow","max-snippet":"max-snippet:-1","max-image-preview":"max-image-preview:large","max-video-preview":"max-video-preview:-1"},"canonical":"https:\/\/rls-wacon.de\/pt-br\/produkt\/limesbase\/","og_locale":"pt_BR","og_type":"article","og_title":"LIMESBASE","og_description":"O LIMESBASE \u00e9 o modelo mais acess\u00edvel da s\u00e9rie Limes para voc\u00ea come\u00e7ar a monitorar a dureza da \u00e1gua on-line.","og_url":"https:\/\/rls-wacon.de\/pt-br\/produkt\/limesbase\/","og_site_name":"RLS Wacon analytics","article_modified_time":"2026-02-16T22:11:22+00:00","og_image":[{"width":1128,"height":1389,"url":"https:\/\/rls-wacon.de\/wp-content\/uploads\/2023\/03\/limes-base-d.jpg","type":"image\/jpeg"}],"twitter_card":"summary_large_image","twitter_misc":{"Pre\u00e7o":"9.999,00&nbsp;&euro;","Disponibilidade":"Em Estoque"},"schema":{"@context":"https:\/\/schema.org","@graph":[{"@type":"WebPage","@id":"https:\/\/rls-wacon.de\/pt-br\/produkt\/limesbase\/","url":"https:\/\/rls-wacon.de\/pt-br\/produkt\/limesbase\/","name":"LIMESBASE - RLS Wacon analytics","isPartOf":{"@id":"https:\/\/rls-wacon.de\/#website"},"primaryImageOfPage":{"@id":"https:\/\/rls-wacon.de\/pt-br\/produkt\/limesbase\/#primaryimage"},"image":{"@id":"https:\/\/rls-wacon.de\/pt-br\/produkt\/limesbase\/#primaryimage"},"thumbnailUrl":"https:\/\/rls-wacon.de\/wp-content\/uploads\/2023\/03\/LIMES-Base.png","datePublished":"2023-03-11T21:13:05+00:00","dateModified":"2026-02-16T22:11:22+00:00","description":"O LIMESBASE \u00e9 o modelo mais acess\u00edvel da s\u00e9rie Limes para voc\u00ea come\u00e7ar a monitorar a dureza da \u00e1gua on-line.","breadcrumb":{"@id":"https:\/\/rls-wacon.de\/pt-br\/produkt\/limesbase\/#breadcrumb"},"inLanguage":"pt-BR","potentialAction":[{"@type":"ReadAction","target":["https:\/\/rls-wacon.de\/pt-br\/produkt\/limesbase\/"]}]},{"@type":"ImageObject","inLanguage":"pt-BR","@id":"https:\/\/rls-wacon.de\/pt-br\/produkt\/limesbase\/#primaryimage","url":"https:\/\/rls-wacon.de\/wp-content\/uploads\/2023\/03\/LIMES-Base.png","contentUrl":"https:\/\/rls-wacon.de\/wp-content\/uploads\/2023\/03\/LIMES-Base.png","width":1065,"height":1293},{"@type":"BreadcrumbList","@id":"https:\/\/rls-wacon.de\/pt-br\/produkt\/limesbase\/#breadcrumb","itemListElement":[{"@type":"ListItem","position":1,"name":"Startseite","item":"https:\/\/rls-wacon.de\/pt-br\/"},{"@type":"ListItem","position":2,"name":"Produtos","item":"https:\/\/rls-wacon.de\/shop\/"},{"@type":"ListItem","position":3,"name":"LIMESBASE"}]},{"@type":"WebSite","@id":"https:\/\/rls-wacon.de\/#website","url":"https:\/\/rls-wacon.de\/","name":"RLS Wacon analytics GmbH","description":"Experts for water monitoring","publisher":{"@id":"https:\/\/rls-wacon.de\/#organization"},"potentialAction":[{"@type":"SearchAction","target":{"@type":"EntryPoint","urlTemplate":"https:\/\/rls-wacon.de\/?s={search_term_string}"},"query-input":{"@type":"PropertyValueSpecification","valueRequired":true,"valueName":"search_term_string"}}],"inLanguage":"pt-BR"},{"@type":"Organization","@id":"https:\/\/rls-wacon.de\/#organization","name":"RLS Wacon analytics GmbH","url":"https:\/\/rls-wacon.de\/","logo":{"@type":"ImageObject","inLanguage":"pt-BR","@id":"https:\/\/rls-wacon.de\/#\/schema\/logo\/image\/","url":"https:\/\/rls-wacon.de\/wp-content\/uploads\/2022\/10\/RLSWacon-analytics-Logo-BR-RZ-9_17-768x1591.png","contentUrl":"https:\/\/rls-wacon.de\/wp-content\/uploads\/2022\/10\/RLSWacon-analytics-Logo-BR-RZ-9_17-768x1591.png","width":768,"height":159,"caption":"RLS Wacon analytics GmbH"},"image":{"@id":"https:\/\/rls-wacon.de\/#\/schema\/logo\/image\/"}}]},"product_price_amount":"9999.00","product_price_currency":"EUR","og_availability":"instock","product_availability":"instock","product_retailer_item_id":"30-003501","product_condition":"new"},"_links":{"self":[{"href":"https:\/\/rls-wacon.de\/pt-br\/wp-json\/wp\/v2\/product\/23754","targetHints":{"allow":["GET"]}}],"collection":[{"href":"https:\/\/rls-wacon.de\/pt-br\/wp-json\/wp\/v2\/product"}],"about":[{"href":"https:\/\/rls-wacon.de\/pt-br\/wp-json\/wp\/v2\/types\/product"}],"version-history":[{"count":1,"href":"https:\/\/rls-wacon.de\/pt-br\/wp-json\/wp\/v2\/product\/23754\/revisions"}],"predecessor-version":[{"id":29010,"href":"https:\/\/rls-wacon.de\/pt-br\/wp-json\/wp\/v2\/product\/23754\/revisions\/29010"}],"wp:featuredmedia":[{"embeddable":true,"href":"https:\/\/rls-wacon.de\/pt-br\/wp-json\/wp\/v2\/media\/29181"}],"wp:attachment":[{"href":"https:\/\/rls-wacon.de\/pt-br\/wp-json\/wp\/v2\/media?parent=23754"}],"wp:term":[{"taxonomy":"product_brand","embeddable":true,"href":"https:\/\/rls-wacon.de\/pt-br\/wp-json\/wp\/v2\/product_brand?post=23754"},{"taxonomy":"product_cat","embeddable":true,"href":"https:\/\/rls-wacon.de\/pt-br\/wp-json\/wp\/v2\/product_cat?post=23754"},{"taxonomy":"product_tag","embeddable":true,"href":"https:\/\/rls-wacon.de\/pt-br\/wp-json\/wp\/v2\/product_tag?post=23754"}],"curies":[{"name":"wp","href":"https:\/\/api.w.org\/{rel}","templated":true}]}}