{"id":23955,"date":"2023-03-11T22:13:12","date_gmt":"2023-03-11T21:13:12","guid":{"rendered":"https:\/\/rls-wacon.de\/produkt\/sycon-2802\/"},"modified":"2026-04-14T10:53:47","modified_gmt":"2026-04-14T08:53:47","slug":"sycon-2802","status":"publish","type":"product","link":"https:\/\/rls-wacon.de\/pt-br\/produkt\/sycon-2802\/","title":{"rendered":"SYCON 2802"},"content":{"rendered":"<h2 style=\"color: #0069b3;\">SYCON 2802 &#8211; Dispositivo de titula\u00e7\u00e3o premium para dureza da \u00e1gua com Modbus RTU<\/h2>\n<h3 style=\"color: #0069b3;\">Por que o SYCON 2802?<\/h3>\n<p>Em esta\u00e7\u00f5es de tratamento de \u00e1gua complexas, as maiores exig\u00eancias s\u00e3o colocadas no monitoramento do processo. Al\u00e9m da medi\u00e7\u00e3o precisa da dureza da \u00e1gua, os valores medidos devem ser transmitidos em tempo real para sistemas de controle de n\u00edvel superior (PLC, SCADA, sistemas de gerenciamento de edif\u00edcios). <strong>V\u00e1rios valores-limite permitem uma resposta diferenciada &#8211; por exemplo, um pr\u00e9-alarme se os valores forem ligeiramente excedidos e um desligamento de seguran\u00e7a se os valores forem cr\u00edticos.<\/strong><\/p>\n<p>O SYCON 2802 \u00e9 o carro-chefe da s\u00e9rie SYCON e combina todas as fun\u00e7\u00f5es do SYCON 2702 com interfaces e op\u00e7\u00f5es de controle adicionais. \u00c9 a primeira op\u00e7\u00e3o para aplica\u00e7\u00f5es industriais exigentes em que \u00e9 necess\u00e1ria uma integra\u00e7\u00e3o perfeita com a automa\u00e7\u00e3o da f\u00e1brica e a documenta\u00e7\u00e3o completa do processo.<\/p>\n<h3 style=\"color: #0069b3;\">O que \u00e9 o SYCON 2802?<\/h3>\n<p>O SYCON 2802 da RLS Wacon \u00e9 um dispositivo de titula\u00e7\u00e3o on-line totalmente autom\u00e1tico para a medi\u00e7\u00e3o quantitativa da dureza total ou dureza de carbonato (capacidade de \u00e1cido KS 4,3) em \u00e1gua industrial e de processo. Em compara\u00e7\u00e3o com o SYCON 2702, ele oferece duas sa\u00eddas de rel\u00e9 adicionais (4 no total), uma interface RS485 com protocolo Modbus RTU, uma segunda entrada digital e um segundo valor-limite livremente program\u00e1vel.<\/p>\n<p>O segundo valor-limite permite o monitoramento diferenciado: por exemplo, o valor-limite 1 pode ser configurado como um pr\u00e9-alarme e o valor-limite 2 como o alarme principal. Como alternativa, uma sobreposi\u00e7\u00e3o de \u00e1gua pode ser monitorada com dois valores-limite &#8211; com um valor-limite inferior e um superior para a dureza de mistura desejada.<\/p>\n<h3 style=\"color: #0069b3;\">Como funciona o SYCON 2802?<\/h3>\n<p>O princ\u00edpio de medi\u00e7\u00e3o \u00e9 id\u00eantico ao do SYCON 2702: <strong>m\u00e9todo de titula\u00e7\u00e3o colorim\u00e9trica<\/strong>. Uma amostra de \u00e1gua \u00e9 alimentada automaticamente na c\u00e9lula de medi\u00e7\u00e3o e o indicador (s\u00e9rie H25 ou s\u00e9rie C25) \u00e9 adicionado em etapas. O sensor RGB colorido, livre de manuten\u00e7\u00e3o, avalia a mudan\u00e7a de cor e calcula a concentra\u00e7\u00e3o exata de dureza. O tempo de an\u00e1lise \u00e9 de aproximadamente 3 minutos e o consumo do indicador \u00e9 inferior a 0,05 ml por an\u00e1lise.<\/p>\n<p>A diferen\u00e7a decisiva est\u00e1 nas interfaces estendidas: Por meio da interface RS485 com protocolo Modbus RTU, os valores medidos e os par\u00e2metros do dispositivo podem ser consultados diretamente de um PLC. A sa\u00edda anal\u00f3gica (0\/4-20 mA) tamb\u00e9m est\u00e1 dispon\u00edvel. Quatro sa\u00eddas de rel\u00e9 oferecem m\u00e1xima flexibilidade para sinaliza\u00e7\u00e3o e controle do sistema.<\/p>\n<h3 style=\"color: #0069b3;\">Fun\u00e7\u00f5es estendidas em compara\u00e7\u00e3o com o SYCON 2702<\/h3>\n<table class=\"h3-table\">\n<thead>\n<tr>\n<th style=\"background-color: #0069b3; color: #ffffff;\">Fun\u00e7\u00e3o<\/th>\n<th style=\"background-color: #0069b3; color: #ffffff;\">SYCON 2702<\/th>\n<th style=\"background-color: #0069b3; color: #ffffff;\">SYCON 2802<\/th>\n<\/tr>\n<\/thead>\n<tbody>\n<tr>\n<td><strong>Sa\u00eddas de rel\u00e9<\/strong><\/td>\n<td>2<\/td>\n<td><strong>4<\/strong><\/td>\n<\/tr>\n<tr>\n<td><strong>Valores-limite program\u00e1veis<\/strong><\/td>\n<td>1<\/td>\n<td><strong>2<\/strong><\/td>\n<\/tr>\n<tr>\n<td><strong>Entradas digitais<\/strong><\/td>\n<td>1<\/td>\n<td><strong>2<\/strong><\/td>\n<\/tr>\n<tr>\n<td><strong>RS485 \/ Modbus RTU<\/strong><\/td>\n<td>&#8211;<\/td>\n<td><strong>Sim<\/strong><\/td>\n<\/tr>\n<tr>\n<td><strong>Controle da v\u00e1lvula de \u00e1gua de resfriamento<\/strong><\/td>\n<td>&#8211;<\/td>\n<td><strong>Sim (via rel\u00e9 4)<\/strong><\/td>\n<\/tr>\n<tr>\n<td><strong>Sa\u00edda anal\u00f3gica 0\/4-20 mA<\/strong><\/td>\n<td>Sim<\/td>\n<td>Sim<\/td>\n<\/tr>\n<\/tbody>\n<\/table>\n<h3 style=\"color: #0069b3;\">Vantagens do SYCON 2802<\/h3>\n<ul class=\"feature-list\">\n<li>Determina\u00e7\u00e3o exata dos valores medidos pelo m\u00e9todo de titula\u00e7\u00e3o\n<p style=\"text-indent: 30px; font-style: italic;\">Determina\u00e7\u00e3o quantitativa da dureza da \u00e1gua com precis\u00e3o de \u00b1 5 % e repetibilidade de \u00b1 2,5 %<\/p>\n<\/li>\n<li>Interface RS485 com Modbus RTU\n<p style=\"text-indent: 30px; font-style: italic;\">Consulta direta dos valores medidos e dos par\u00e2metros do dispositivo por meio de um PLC &#8211; integra\u00e7\u00e3o perfeita \u00e0 automa\u00e7\u00e3o do sistema<\/p>\n<\/li>\n<li>Dois valores-limite livremente program\u00e1veis\n<p style=\"text-indent: 30px; font-style: italic;\">Pr\u00e9-alarme e alarme principal ou monitoramento de uma sobreposi\u00e7\u00e3o de \u00e1gua com valor limite inferior e superior<\/p>\n<\/li>\n<li>4 sa\u00eddas de rel\u00e9 sem potencial\n<p style=\"text-indent: 30px; font-style: italic;\">Valor limite 1, valor limite 2 \/ n\u00edvel do indicador, falha do dispositivo, an\u00e1lise ativa \/ v\u00e1lvula de \u00e1gua de resfriamento<\/p>\n<\/li>\n<li>Sa\u00edda anal\u00f3gica 0\/4-20 mA al\u00e9m do Modbus\n<p style=\"text-indent: 30px; font-style: italic;\">Sa\u00edda paralela do valor medido por meio de interface anal\u00f3gica e digital<\/p>\n<\/li>\n<li>2 entradas digitais\n<p style=\"text-indent: 30px; font-style: italic;\">In\u00edcio de an\u00e1lise externa, medidor de \u00e1gua, monitor de fluxo, reset de intervalo, reset remoto &#8211; configur\u00e1vel de forma flex\u00edvel<\/p>\n<\/li>\n<li>Controle de uma v\u00e1lvula de \u00e1gua de resfriamento externa\n<p style=\"text-indent: 30px; font-style: italic;\">O rel\u00e9 4 pode ser configurado para controlar automaticamente uma v\u00e1lvula do resfriador de amostras<\/p>\n<\/li>\n<li>Sensor colorido com autocalibra\u00e7\u00e3o\n<p style=\"text-indent: 30px; font-style: italic;\">Sem calibra\u00e7\u00e3o manual &#8211; compensa\u00e7\u00e3o autom\u00e1tica de luz ambiente, contamina\u00e7\u00e3o e turbidez<\/p>\n<\/li>\n<li>Consumo muito baixo de indicadores\n<p style=\"text-indent: 30px; font-style: italic;\">Menos de 0,05 ml por an\u00e1lise &#8211; pelo menos 10.000 an\u00e1lises por frasco de 500 ml<\/p>\n<\/li>\n<li>Tela gr\u00e1fica de 9 idiomas com cart\u00e3o SD\n<p style=\"text-indent: 30px; font-style: italic;\">Registro completo, assistente de instala\u00e7\u00e3o, atualiza\u00e7\u00f5es de software via cart\u00e3o SD<\/p>\n<\/li>\n<\/ul>\n","protected":false},"excerpt":{"rendered":"<p>SYCON 2802 &#8211; Dispositivo de titula\u00e7\u00e3o premium para dureza da \u00e1gua com Modbus RTU Por que o SYCON 2802? Em esta\u00e7\u00f5es de tratamento de \u00e1gua complexas, as maiores exig\u00eancias s\u00e3o colocadas no monitoramento do processo. Al\u00e9m da medi\u00e7\u00e3o precisa da dureza da \u00e1gua, os valores medidos devem ser transmitidos em tempo real para sistemas de [&hellip;]<\/p>\n","protected":false},"featured_media":31078,"template":"","meta":{"_acf_changed":false},"product_brand":[],"product_cat":[1483,1482,1475],"product_tag":[2571,2569,1560,2565,1561,2575,2294,2579,2577,2566,2573,2567],"class_list":{"0":"post-23955","1":"product","2":"type-product","3":"status-publish","4":"has-post-thumbnail","6":"product_cat-dureza-de-carbonato-pt-br","7":"product_cat-dureza-total-pt-br-2","8":"product_cat-sycon-pt-br","9":"product_tag-analise-da-agua","10":"product_tag-analise-on-line","11":"product_tag-dureza-da-agua","12":"product_tag-dureza-de-carbonato","13":"product_tag-dureza-total-pt-br","14":"product_tag-modbus-rtu","15":"product_tag-osmose-reversa","16":"product_tag-plc","17":"product_tag-rs485","18":"product_tag-sistema-de-amaciamento","19":"product_tag-sycon-2802","20":"product_tag-titulacao","21":"pa_bauart-caixa-ip54","22":"pa_bauart-suporte-de-parede-ip43","24":"first","25":"instock","26":"featured","27":"shipping-taxable","28":"purchasable","29":"product-type-variable","30":"has-default-attributes"},"exclude_global_add_ons":[],"addons":[],"acf":[],"yoast_head":"<!-- This site is optimized with the Yoast SEO Premium plugin v27.5 (Yoast SEO v27.5) - https:\/\/yoast.com\/product\/yoast-seo-premium-wordpress\/ -->\n<title>SYCON 2802 - RLS Wacon analytics<\/title>\n<meta name=\"description\" content=\"O SYCON 2802 \u00e9 o dispositivo de titula\u00e7\u00e3o premium da s\u00e9rie SYCON. RS485 Modbus RTU, 4 rel\u00e9s, 2 valores-limite, sa\u00edda anal\u00f3gica 4-20 mA, sensor de cor autocalibr\u00e1vel. Fabricado na Alemanha.\" \/>\n<meta name=\"robots\" content=\"index, follow, max-snippet:-1, max-image-preview:large, max-video-preview:-1\" \/>\n<link rel=\"canonical\" href=\"https:\/\/rls-wacon.de\/pt-br\/produkt\/sycon-2802\/\" \/>\n<meta property=\"og:locale\" content=\"pt_BR\" \/>\n<meta property=\"og:type\" content=\"article\" \/>\n<meta property=\"og:title\" content=\"SYCON 2802\" \/>\n<meta property=\"og:description\" content=\"O SYCON 2802 \u00e9 o dispositivo de titula\u00e7\u00e3o premium da s\u00e9rie SYCON. RS485 Modbus RTU, 4 rel\u00e9s, 2 valores-limite, sa\u00edda anal\u00f3gica 4-20 mA, sensor de cor autocalibr\u00e1vel. Fabricado na Alemanha.\" \/>\n<meta property=\"og:url\" content=\"https:\/\/rls-wacon.de\/pt-br\/produkt\/sycon-2802\/\" \/>\n<meta property=\"og:site_name\" content=\"RLS Wacon analytics\" \/>\n<meta property=\"article:modified_time\" content=\"2026-04-14T08:53:47+00:00\" \/>\n<meta property=\"og:image\" content=\"https:\/\/rls-wacon.de\/wp-content\/uploads\/2026\/03\/Sycon-2802-im-Gehaeuse-2.png\" \/>\n\t<meta property=\"og:image:width\" content=\"894\" \/>\n\t<meta property=\"og:image:height\" content=\"839\" \/>\n\t<meta property=\"og:image:type\" content=\"image\/png\" \/>\n<meta name=\"twitter:card\" content=\"summary_large_image\" \/>\n<meta name=\"twitter:label1\" content=\"Disponibilidade\" \/>\n\t<meta name=\"twitter:data1\" content=\"Em Estoque\" \/>\n<script type=\"application\/ld+json\" class=\"yoast-schema-graph\">{\"@context\":\"https:\\\/\\\/schema.org\",\"@graph\":[{\"@type\":\"WebPage\",\"@id\":\"https:\\\/\\\/rls-wacon.de\\\/pt-br\\\/produkt\\\/sycon-2802\\\/\",\"url\":\"https:\\\/\\\/rls-wacon.de\\\/pt-br\\\/produkt\\\/sycon-2802\\\/\",\"name\":\"SYCON 2802 - RLS Wacon analytics\",\"isPartOf\":{\"@id\":\"https:\\\/\\\/rls-wacon.de\\\/#website\"},\"primaryImageOfPage\":{\"@id\":\"https:\\\/\\\/rls-wacon.de\\\/pt-br\\\/produkt\\\/sycon-2802\\\/#primaryimage\"},\"image\":{\"@id\":\"https:\\\/\\\/rls-wacon.de\\\/pt-br\\\/produkt\\\/sycon-2802\\\/#primaryimage\"},\"thumbnailUrl\":\"https:\\\/\\\/rls-wacon.de\\\/wp-content\\\/uploads\\\/2026\\\/03\\\/Sycon-2802-im-Gehaeuse-2.png\",\"datePublished\":\"2023-03-11T21:13:12+00:00\",\"dateModified\":\"2026-04-14T08:53:47+00:00\",\"description\":\"O SYCON 2802 \u00e9 o dispositivo de titula\u00e7\u00e3o premium da s\u00e9rie SYCON. RS485 Modbus RTU, 4 rel\u00e9s, 2 valores-limite, sa\u00edda anal\u00f3gica 4-20 mA, sensor de cor autocalibr\u00e1vel. Fabricado na Alemanha.\",\"breadcrumb\":{\"@id\":\"https:\\\/\\\/rls-wacon.de\\\/pt-br\\\/produkt\\\/sycon-2802\\\/#breadcrumb\"},\"inLanguage\":\"pt-BR\",\"potentialAction\":[{\"@type\":\"ReadAction\",\"target\":[\"https:\\\/\\\/rls-wacon.de\\\/pt-br\\\/produkt\\\/sycon-2802\\\/\"]}]},{\"@type\":\"ImageObject\",\"inLanguage\":\"pt-BR\",\"@id\":\"https:\\\/\\\/rls-wacon.de\\\/pt-br\\\/produkt\\\/sycon-2802\\\/#primaryimage\",\"url\":\"https:\\\/\\\/rls-wacon.de\\\/wp-content\\\/uploads\\\/2026\\\/03\\\/Sycon-2802-im-Gehaeuse-2.png\",\"contentUrl\":\"https:\\\/\\\/rls-wacon.de\\\/wp-content\\\/uploads\\\/2026\\\/03\\\/Sycon-2802-im-Gehaeuse-2.png\",\"width\":894,\"height\":839},{\"@type\":\"BreadcrumbList\",\"@id\":\"https:\\\/\\\/rls-wacon.de\\\/pt-br\\\/produkt\\\/sycon-2802\\\/#breadcrumb\",\"itemListElement\":[{\"@type\":\"ListItem\",\"position\":1,\"name\":\"Startseite\",\"item\":\"https:\\\/\\\/rls-wacon.de\\\/pt-br\\\/\"},{\"@type\":\"ListItem\",\"position\":2,\"name\":\"Produtos\",\"item\":\"https:\\\/\\\/rls-wacon.de\\\/shop\\\/\"},{\"@type\":\"ListItem\",\"position\":3,\"name\":\"SYCON 2802\"}]},{\"@type\":\"WebSite\",\"@id\":\"https:\\\/\\\/rls-wacon.de\\\/#website\",\"url\":\"https:\\\/\\\/rls-wacon.de\\\/\",\"name\":\"RLS Wacon analytics GmbH\",\"description\":\"Experts for water monitoring\",\"publisher\":{\"@id\":\"https:\\\/\\\/rls-wacon.de\\\/#organization\"},\"potentialAction\":[{\"@type\":\"SearchAction\",\"target\":{\"@type\":\"EntryPoint\",\"urlTemplate\":\"https:\\\/\\\/rls-wacon.de\\\/?s={search_term_string}\"},\"query-input\":{\"@type\":\"PropertyValueSpecification\",\"valueRequired\":true,\"valueName\":\"search_term_string\"}}],\"inLanguage\":\"pt-BR\"},{\"@type\":\"Organization\",\"@id\":\"https:\\\/\\\/rls-wacon.de\\\/#organization\",\"name\":\"RLS Wacon analytics GmbH\",\"url\":\"https:\\\/\\\/rls-wacon.de\\\/\",\"logo\":{\"@type\":\"ImageObject\",\"inLanguage\":\"pt-BR\",\"@id\":\"https:\\\/\\\/rls-wacon.de\\\/#\\\/schema\\\/logo\\\/image\\\/\",\"url\":\"https:\\\/\\\/rls-wacon.de\\\/wp-content\\\/uploads\\\/2022\\\/10\\\/RLSWacon-analytics-Logo-BR-RZ-9_17-768x1591.png\",\"contentUrl\":\"https:\\\/\\\/rls-wacon.de\\\/wp-content\\\/uploads\\\/2022\\\/10\\\/RLSWacon-analytics-Logo-BR-RZ-9_17-768x1591.png\",\"width\":768,\"height\":159,\"caption\":\"RLS Wacon analytics GmbH\"},\"image\":{\"@id\":\"https:\\\/\\\/rls-wacon.de\\\/#\\\/schema\\\/logo\\\/image\\\/\"}}]}<\/script>\n<meta property=\"og:availability\" content=\"instock\" \/>\n<meta property=\"product:availability\" content=\"instock\" \/>\n<meta property=\"product:retailer_item_id\" content=\"30-210164\" \/>\n<meta property=\"product:condition\" content=\"new\" \/>\n<!-- \/ Yoast SEO Premium plugin. -->","yoast_head_json":{"title":"SYCON 2802 - RLS Wacon analytics","description":"O SYCON 2802 \u00e9 o dispositivo de titula\u00e7\u00e3o premium da s\u00e9rie SYCON. RS485 Modbus RTU, 4 rel\u00e9s, 2 valores-limite, sa\u00edda anal\u00f3gica 4-20 mA, sensor de cor autocalibr\u00e1vel. Fabricado na Alemanha.","robots":{"index":"index","follow":"follow","max-snippet":"max-snippet:-1","max-image-preview":"max-image-preview:large","max-video-preview":"max-video-preview:-1"},"canonical":"https:\/\/rls-wacon.de\/pt-br\/produkt\/sycon-2802\/","og_locale":"pt_BR","og_type":"article","og_title":"SYCON 2802","og_description":"O SYCON 2802 \u00e9 o dispositivo de titula\u00e7\u00e3o premium da s\u00e9rie SYCON. RS485 Modbus RTU, 4 rel\u00e9s, 2 valores-limite, sa\u00edda anal\u00f3gica 4-20 mA, sensor de cor autocalibr\u00e1vel. Fabricado na Alemanha.","og_url":"https:\/\/rls-wacon.de\/pt-br\/produkt\/sycon-2802\/","og_site_name":"RLS Wacon analytics","article_modified_time":"2026-04-14T08:53:47+00:00","og_image":[{"width":894,"height":839,"url":"https:\/\/rls-wacon.de\/wp-content\/uploads\/2026\/03\/Sycon-2802-im-Gehaeuse-2.png","type":"image\/png"}],"twitter_card":"summary_large_image","twitter_misc":{"Disponibilidade":"Em Estoque"},"schema":{"@context":"https:\/\/schema.org","@graph":[{"@type":"WebPage","@id":"https:\/\/rls-wacon.de\/pt-br\/produkt\/sycon-2802\/","url":"https:\/\/rls-wacon.de\/pt-br\/produkt\/sycon-2802\/","name":"SYCON 2802 - RLS Wacon analytics","isPartOf":{"@id":"https:\/\/rls-wacon.de\/#website"},"primaryImageOfPage":{"@id":"https:\/\/rls-wacon.de\/pt-br\/produkt\/sycon-2802\/#primaryimage"},"image":{"@id":"https:\/\/rls-wacon.de\/pt-br\/produkt\/sycon-2802\/#primaryimage"},"thumbnailUrl":"https:\/\/rls-wacon.de\/wp-content\/uploads\/2026\/03\/Sycon-2802-im-Gehaeuse-2.png","datePublished":"2023-03-11T21:13:12+00:00","dateModified":"2026-04-14T08:53:47+00:00","description":"O SYCON 2802 \u00e9 o dispositivo de titula\u00e7\u00e3o premium da s\u00e9rie SYCON. RS485 Modbus RTU, 4 rel\u00e9s, 2 valores-limite, sa\u00edda anal\u00f3gica 4-20 mA, sensor de cor autocalibr\u00e1vel. Fabricado na Alemanha.","breadcrumb":{"@id":"https:\/\/rls-wacon.de\/pt-br\/produkt\/sycon-2802\/#breadcrumb"},"inLanguage":"pt-BR","potentialAction":[{"@type":"ReadAction","target":["https:\/\/rls-wacon.de\/pt-br\/produkt\/sycon-2802\/"]}]},{"@type":"ImageObject","inLanguage":"pt-BR","@id":"https:\/\/rls-wacon.de\/pt-br\/produkt\/sycon-2802\/#primaryimage","url":"https:\/\/rls-wacon.de\/wp-content\/uploads\/2026\/03\/Sycon-2802-im-Gehaeuse-2.png","contentUrl":"https:\/\/rls-wacon.de\/wp-content\/uploads\/2026\/03\/Sycon-2802-im-Gehaeuse-2.png","width":894,"height":839},{"@type":"BreadcrumbList","@id":"https:\/\/rls-wacon.de\/pt-br\/produkt\/sycon-2802\/#breadcrumb","itemListElement":[{"@type":"ListItem","position":1,"name":"Startseite","item":"https:\/\/rls-wacon.de\/pt-br\/"},{"@type":"ListItem","position":2,"name":"Produtos","item":"https:\/\/rls-wacon.de\/shop\/"},{"@type":"ListItem","position":3,"name":"SYCON 2802"}]},{"@type":"WebSite","@id":"https:\/\/rls-wacon.de\/#website","url":"https:\/\/rls-wacon.de\/","name":"RLS Wacon analytics GmbH","description":"Experts for water monitoring","publisher":{"@id":"https:\/\/rls-wacon.de\/#organization"},"potentialAction":[{"@type":"SearchAction","target":{"@type":"EntryPoint","urlTemplate":"https:\/\/rls-wacon.de\/?s={search_term_string}"},"query-input":{"@type":"PropertyValueSpecification","valueRequired":true,"valueName":"search_term_string"}}],"inLanguage":"pt-BR"},{"@type":"Organization","@id":"https:\/\/rls-wacon.de\/#organization","name":"RLS Wacon analytics GmbH","url":"https:\/\/rls-wacon.de\/","logo":{"@type":"ImageObject","inLanguage":"pt-BR","@id":"https:\/\/rls-wacon.de\/#\/schema\/logo\/image\/","url":"https:\/\/rls-wacon.de\/wp-content\/uploads\/2022\/10\/RLSWacon-analytics-Logo-BR-RZ-9_17-768x1591.png","contentUrl":"https:\/\/rls-wacon.de\/wp-content\/uploads\/2022\/10\/RLSWacon-analytics-Logo-BR-RZ-9_17-768x1591.png","width":768,"height":159,"caption":"RLS Wacon analytics GmbH"},"image":{"@id":"https:\/\/rls-wacon.de\/#\/schema\/logo\/image\/"}}]},"og_availability":"instock","product_availability":"instock","product_retailer_item_id":"30-210164","product_condition":"new"},"_links":{"self":[{"href":"https:\/\/rls-wacon.de\/pt-br\/wp-json\/wp\/v2\/product\/23955","targetHints":{"allow":["GET"]}}],"collection":[{"href":"https:\/\/rls-wacon.de\/pt-br\/wp-json\/wp\/v2\/product"}],"about":[{"href":"https:\/\/rls-wacon.de\/pt-br\/wp-json\/wp\/v2\/types\/product"}],"version-history":[{"count":3,"href":"https:\/\/rls-wacon.de\/pt-br\/wp-json\/wp\/v2\/product\/23955\/revisions"}],"predecessor-version":[{"id":31290,"href":"https:\/\/rls-wacon.de\/pt-br\/wp-json\/wp\/v2\/product\/23955\/revisions\/31290"}],"wp:featuredmedia":[{"embeddable":true,"href":"https:\/\/rls-wacon.de\/pt-br\/wp-json\/wp\/v2\/media\/31078"}],"wp:attachment":[{"href":"https:\/\/rls-wacon.de\/pt-br\/wp-json\/wp\/v2\/media?parent=23955"}],"wp:term":[{"taxonomy":"product_brand","embeddable":true,"href":"https:\/\/rls-wacon.de\/pt-br\/wp-json\/wp\/v2\/product_brand?post=23955"},{"taxonomy":"product_cat","embeddable":true,"href":"https:\/\/rls-wacon.de\/pt-br\/wp-json\/wp\/v2\/product_cat?post=23955"},{"taxonomy":"product_tag","embeddable":true,"href":"https:\/\/rls-wacon.de\/pt-br\/wp-json\/wp\/v2\/product_tag?post=23955"}],"curies":[{"name":"wp","href":"https:\/\/api.w.org\/{rel}","templated":true}]}}