{"id":23991,"date":"2023-03-11T22:13:11","date_gmt":"2023-03-11T21:13:11","guid":{"rendered":"https:\/\/rls-wacon.de\/produkt\/sycon-2602\/"},"modified":"2026-03-25T15:50:24","modified_gmt":"2026-03-25T14:50:24","slug":"sycon-2602","status":"publish","type":"product","link":"https:\/\/rls-wacon.de\/pt-br\/produkt\/sycon-2602\/","title":{"rendered":"SYCON 2602"},"content":{"rendered":"<h2 style=\"color: #0069b3;\">SYCON 2602 &#8211; Monitoramento do valor-limite para dureza da \u00e1gua e dureza de carbonato<\/h2>\n<h3 style=\"color: #0069b3;\">Por que a dureza da \u00e1gua precisa ser monitorada?<\/h3>\n<p>No tratamento de \u00e1gua, o monitoramento confi\u00e1vel da dureza da \u00e1gua \u00e9 um fator decisivo para proteger os sistemas e processos posteriores. Os sistemas de abrandamento que funcionam com base em um trocador de \u00edons devem ser regenerados em tempo h\u00e1bil, antes que os \u00edons formadores de dureza (c\u00e1lcio e magn\u00e9sio) rompam o trocador. <strong>Uma ruptura pode levar \u00e0 incrusta\u00e7\u00e3o em tubula\u00e7\u00f5es, trocadores de calor e caldeiras a vapor<\/strong>, com custos consequentes consider\u00e1veis devido a perdas de energia, tempo de inatividade da produ\u00e7\u00e3o e limpeza dispendiosa. <\/p>\n<p>O monitoramento do valor limite tamb\u00e9m \u00e9 essencial para a prote\u00e7\u00e3o dos sistemas de osmose reversa: se a dureza permitida na \u00e1gua de alimenta\u00e7\u00e3o for excedida, h\u00e1 o risco de danos irrevers\u00edveis \u00e0 membrana devido \u00e0 incrusta\u00e7\u00e3o. A detec\u00e7\u00e3o precoce de uma quebra de dureza permite uma interven\u00e7\u00e3o imediata, seja por meio de um acionamento de regenera\u00e7\u00e3o controlado por demanda ou de um desligamento de seguran\u00e7a do sistema a jusante. <\/p>\n<h3 style=\"color: #0069b3;\">O que \u00e9 o SYCON 2602?<\/h3>\n<p>O SYCON 2602 da RLS Wacon \u00e9 um analisador on-line totalmente autom\u00e1tico para monitorar o valor-limite de dureza total ou dureza de carbonato (capacidade de \u00e1cido KS 4,3) em \u00e1gua industrial e de processo. Como modelo b\u00e1sico da s\u00e9rie SYCON, ele oferece uma avalia\u00e7\u00e3o confi\u00e1vel de aprova\u00e7\u00e3o\/reprova\u00e7\u00e3o da qualidade da \u00e1gua: o dispositivo verifica se o valor-limite definido pelo indicador usado foi atingido ou excedido em cada an\u00e1lise e informa o resultado por meio de at\u00e9 tr\u00eas sa\u00eddas de rel\u00e9 sem potencial. <\/p>\n<p>Al\u00e9m do status do valor-limite, o visor gr\u00e1fico colorido tamb\u00e9m mostra informa\u00e7\u00f5es como intervalo de an\u00e1lise, alimenta\u00e7\u00e3o do indicador, status do dispositivo e hist\u00f3rico de erros. O menu de navega\u00e7\u00e3o est\u00e1 dispon\u00edvel em nove idiomas: Alem\u00e3o, ingl\u00eas, franc\u00eas, italiano, espanhol, russo, polon\u00eas, holand\u00eas e dinamarqu\u00eas. <\/p>\n<h3 style=\"color: #0069b3;\">Como funciona o SYCON 2602?<\/h3>\n<p>O SYCON 2602 funciona de acordo com o princ\u00edpio do <strong>m\u00e9todo de valor limite colorim\u00e9trico<\/strong>. Para cada an\u00e1lise, uma amostra de \u00e1gua \u00e9 alimentada automaticamente na c\u00e9lula de medi\u00e7\u00e3o e o respectivo indicador (s\u00e9rie H25 para dureza total ou s\u00e9rie C25 para dureza de carbonato) \u00e9 adicionado. Um sensor colorido RGB livre de manuten\u00e7\u00e3o, combinado com um LED branco de alto desempenho, avalia a mudan\u00e7a de cor da amostra.  <\/p>\n<p>Se a dureza da \u00e1gua da amostra estiver abaixo do valor limite do indicador, a amostra descolore &#8211; o resultado \u00e9 &#8220;GOOD&#8221; (bom). Se n\u00e3o houver descolora\u00e7\u00e3o ou se ela for muito fraca, o valor-limite ser\u00e1 relatado como excedido (&#8220;POOR&#8221;) e o rel\u00e9 1 ser\u00e1 acionado. Ap\u00f3s a medi\u00e7\u00e3o, a c\u00e9lula de medi\u00e7\u00e3o \u00e9 automaticamente lavada com a press\u00e3o da linha para que nenhum res\u00edduo do indicador influencie a pr\u00f3xima an\u00e1lise.  <\/p>\n<p>O sensor de cor se calibra automaticamente contra a luz ambiente, a contamina\u00e7\u00e3o e a turbidez da amostra de \u00e1gua durante cada medi\u00e7\u00e3o. Um autodiagn\u00f3stico integrado com monitoramento de plausibilidade dos dados do sensor garante maior confiabilidade operacional. Todos os resultados de medi\u00e7\u00e3o s\u00e3o registrados automaticamente em um cart\u00e3o SD.  <\/p>\n<h3 style=\"color: #0069b3;\">Funcionalidade BOB &#8211; opera\u00e7\u00e3o sem supervis\u00e3o<\/h3>\n<p>O SYCON 2602 monitora automaticamente o fornecimento do indicador e sinaliza, por meio da sa\u00edda de rel\u00e9 configur\u00e1vel 3, quando o n\u00edvel de enchimento est\u00e1 baixo. A fun\u00e7\u00e3o BOB (opera\u00e7\u00e3o sem supervis\u00e3o) permite a opera\u00e7\u00e3o cont\u00ednua e sem supervis\u00e3o por pelo menos 72 horas &#8211; com um consumo de indicador inferior a 0,1 ml por an\u00e1lise e pelo menos 5.000 an\u00e1lises por frasco de 500 ml, \u00e9 poss\u00edvel operar por semanas sem reabastecimento. <\/p>\n<h3 style=\"color: #0069b3;\">Vantagens do SYCON 2602<\/h3>\n<ul class=\"feature-list\">\n<li>Monitoramento confi\u00e1vel do valor limite para dureza total e dureza de carbonato\n<p style=\"text-indent: 30px; font-style: italic;\">Avalia\u00e7\u00e3o autom\u00e1tica de bom\/ruim com alarme imediato via sa\u00edda de rel\u00e9<\/p>\n<\/li>\n<li>11 valores-limite para dureza total, 4 para dureza de carbonato\n<p style=\"text-indent: 30px; font-style: italic;\">De 0,02 a 10 \u00b0dH (dureza total) e de 1 a 3 \u00b0dH (dureza de carbonato) &#8211; adequado para todas as aplica\u00e7\u00f5es<\/p>\n<\/li>\n<li>Sensor colorido com autocalibra\u00e7\u00e3o\n<p style=\"text-indent: 30px; font-style: italic;\">N\u00e3o \u00e9 necess\u00e1ria calibra\u00e7\u00e3o manual &#8211; compensa\u00e7\u00e3o autom\u00e1tica para luz ambiente, contamina\u00e7\u00e3o e turbidez<\/p>\n<\/li>\n<li>Consumo muito baixo de indicadores\n<p style=\"text-indent: 30px; font-style: italic;\">Menos de 0,1 ml por an\u00e1lise &#8211; pelo menos 5.000 an\u00e1lises por frasco de 500 ml<\/p>\n<\/li>\n<li>Comissionamento simples usando o assistente de instala\u00e7\u00e3o\n<p style=\"text-indent: 30px; font-style: italic;\">Orienta\u00e7\u00e3o passo a passo no visor gr\u00e1fico &#8211; mesmo sem conhecimento pr\u00e9vio<\/p>\n<\/li>\n<li>3 sa\u00eddas de rel\u00e9 sem potencial\n<p style=\"text-indent: 30px; font-style: italic;\">Alarme de valor limite, falha do dispositivo e an\u00e1lise ativa \/ mensagem BOB \/ indicador de n\u00edvel de enchimento &#8211; livremente configur\u00e1vel<\/p>\n<\/li>\n<li>Baixo esfor\u00e7o de manuten\u00e7\u00e3o\n<p style=\"text-indent: 30px; font-style: italic;\">Tecnologia de bomba perist\u00e1ltica e lavagem autom\u00e1tica da c\u00e9lula de medi\u00e7\u00e3o com press\u00e3o da linha &#8211; Manuten\u00e7\u00e3o definida a cada 2 anos ou 30.000 an\u00e1lises<\/p>\n<\/li>\n<li>Tela gr\u00e1fica em 9 idiomas\n<p style=\"text-indent: 30px; font-style: italic;\">DE, EN, FR, IT, ES, RU, PL, NL, DK &#8211; ideal para uso internacional<\/p>\n<\/li>\n<li>Cart\u00e3o SD para registro de valores medidos\n<p style=\"text-indent: 30px; font-style: italic;\">Documenta\u00e7\u00e3o completa de todos os resultados da an\u00e1lise com registro de data e hora<\/p>\n<\/li>\n<li>Design compacto &#8211; suporte de parede ou caixa\n<p style=\"text-indent: 30px; font-style: italic;\">274 \u00d7 275 \u00d7 129 mm (suporte de parede IP43) ou 332 \u00d7 345 \u00d7 190 mm (caixa IP54)<\/p>\n<\/li>\n<\/ul>\n","protected":false},"excerpt":{"rendered":"<p>SYCON 2602 &#8211; Monitoramento do valor-limite para dureza da \u00e1gua e dureza de carbonato Por que a dureza da \u00e1gua precisa ser monitorada? No tratamento de \u00e1gua, o monitoramento confi\u00e1vel da dureza da \u00e1gua \u00e9 um fator decisivo para proteger os sistemas e processos posteriores. Os sistemas de abrandamento que funcionam com base em um [&hellip;]<\/p>\n","protected":false},"featured_media":27210,"template":"","meta":{"_acf_changed":false},"product_brand":[],"product_cat":[1483,1482,1475],"product_tag":[2571,2569,1560,2565,1561,2588,2294,2566,2586,2567],"class_list":{"0":"post-23991","1":"product","2":"type-product","3":"status-publish","4":"has-post-thumbnail","6":"product_cat-dureza-de-carbonato-pt-br","7":"product_cat-dureza-total-pt-br-2","8":"product_cat-sycon-pt-br","9":"product_tag-analise-da-agua","10":"product_tag-analise-on-line","11":"product_tag-dureza-da-agua","12":"product_tag-dureza-de-carbonato","13":"product_tag-dureza-total-pt-br","14":"product_tag-monitoramento-do-valor-limite","15":"product_tag-osmose-reversa","16":"product_tag-sistema-de-amaciamento","17":"product_tag-sycon-2602","18":"product_tag-titulacao","19":"pa_bauart-caixa-ip54","20":"pa_bauart-suporte-de-parede-ip43","22":"first","23":"instock","24":"featured","25":"shipping-taxable","26":"purchasable","27":"product-type-variable","28":"has-default-attributes"},"exclude_global_add_ons":[],"addons":[],"acf":[],"yoast_head":"<!-- This site is optimized with the Yoast SEO Premium plugin v27.3 (Yoast SEO v27.3) - https:\/\/yoast.com\/product\/yoast-seo-premium-wordpress\/ -->\n<title>SYCON 2602 - RLS Wacon analytics<\/title>\n<meta name=\"description\" content=\"O SYCON 2602 \u00e9 um dispositivo de monitoramento de valor limite totalmente autom\u00e1tico para dureza total e dureza de carbonato. M\u00e9todo colorim\u00e9trico, 3 sa\u00eddas de rel\u00e9, sensor de cor autocalibr\u00e1vel, cart\u00e3o SD. Fabricado na Alemanha.\" \/>\n<meta name=\"robots\" content=\"index, follow, max-snippet:-1, max-image-preview:large, max-video-preview:-1\" \/>\n<link rel=\"canonical\" href=\"https:\/\/rls-wacon.de\/pt-br\/produkt\/sycon-2602\/\" \/>\n<meta property=\"og:locale\" content=\"pt_BR\" \/>\n<meta property=\"og:type\" content=\"article\" \/>\n<meta property=\"og:title\" content=\"SYCON 2602\" \/>\n<meta property=\"og:description\" content=\"O SYCON 2602 \u00e9 um dispositivo de monitoramento de valor limite totalmente autom\u00e1tico para dureza total e dureza de carbonato. M\u00e9todo colorim\u00e9trico, 3 sa\u00eddas de rel\u00e9, sensor de cor autocalibr\u00e1vel, cart\u00e3o SD. Fabricado na Alemanha.\" \/>\n<meta property=\"og:url\" content=\"https:\/\/rls-wacon.de\/pt-br\/produkt\/sycon-2602\/\" \/>\n<meta property=\"og:site_name\" content=\"RLS Wacon analytics\" \/>\n<meta property=\"article:modified_time\" content=\"2026-03-25T14:50:24+00:00\" \/>\n<meta property=\"og:image\" content=\"https:\/\/rls-wacon.de\/wp-content\/uploads\/2023\/03\/Sycon-2602-im-Gehaeuse.png\" \/>\n\t<meta property=\"og:image:width\" content=\"1421\" \/>\n\t<meta property=\"og:image:height\" content=\"1292\" \/>\n\t<meta property=\"og:image:type\" content=\"image\/png\" \/>\n<meta name=\"twitter:card\" content=\"summary_large_image\" \/>\n<meta name=\"twitter:label1\" content=\"Disponibilidade\" \/>\n\t<meta name=\"twitter:data1\" content=\"Em Estoque\" \/>\n<script type=\"application\/ld+json\" class=\"yoast-schema-graph\">{\"@context\":\"https:\\\/\\\/schema.org\",\"@graph\":[{\"@type\":\"WebPage\",\"@id\":\"https:\\\/\\\/rls-wacon.de\\\/pt-br\\\/produkt\\\/sycon-2602\\\/\",\"url\":\"https:\\\/\\\/rls-wacon.de\\\/pt-br\\\/produkt\\\/sycon-2602\\\/\",\"name\":\"SYCON 2602 - RLS Wacon analytics\",\"isPartOf\":{\"@id\":\"https:\\\/\\\/rls-wacon.de\\\/#website\"},\"primaryImageOfPage\":{\"@id\":\"https:\\\/\\\/rls-wacon.de\\\/pt-br\\\/produkt\\\/sycon-2602\\\/#primaryimage\"},\"image\":{\"@id\":\"https:\\\/\\\/rls-wacon.de\\\/pt-br\\\/produkt\\\/sycon-2602\\\/#primaryimage\"},\"thumbnailUrl\":\"https:\\\/\\\/rls-wacon.de\\\/wp-content\\\/uploads\\\/2023\\\/03\\\/Sycon-2602-im-Gehaeuse.png\",\"datePublished\":\"2023-03-11T21:13:11+00:00\",\"dateModified\":\"2026-03-25T14:50:24+00:00\",\"description\":\"O SYCON 2602 \u00e9 um dispositivo de monitoramento de valor limite totalmente autom\u00e1tico para dureza total e dureza de carbonato. M\u00e9todo colorim\u00e9trico, 3 sa\u00eddas de rel\u00e9, sensor de cor autocalibr\u00e1vel, cart\u00e3o SD. Fabricado na Alemanha.\",\"breadcrumb\":{\"@id\":\"https:\\\/\\\/rls-wacon.de\\\/pt-br\\\/produkt\\\/sycon-2602\\\/#breadcrumb\"},\"inLanguage\":\"pt-BR\",\"potentialAction\":[{\"@type\":\"ReadAction\",\"target\":[\"https:\\\/\\\/rls-wacon.de\\\/pt-br\\\/produkt\\\/sycon-2602\\\/\"]}]},{\"@type\":\"ImageObject\",\"inLanguage\":\"pt-BR\",\"@id\":\"https:\\\/\\\/rls-wacon.de\\\/pt-br\\\/produkt\\\/sycon-2602\\\/#primaryimage\",\"url\":\"https:\\\/\\\/rls-wacon.de\\\/wp-content\\\/uploads\\\/2023\\\/03\\\/Sycon-2602-im-Gehaeuse.png\",\"contentUrl\":\"https:\\\/\\\/rls-wacon.de\\\/wp-content\\\/uploads\\\/2023\\\/03\\\/Sycon-2602-im-Gehaeuse.png\",\"width\":1421,\"height\":1292},{\"@type\":\"BreadcrumbList\",\"@id\":\"https:\\\/\\\/rls-wacon.de\\\/pt-br\\\/produkt\\\/sycon-2602\\\/#breadcrumb\",\"itemListElement\":[{\"@type\":\"ListItem\",\"position\":1,\"name\":\"Startseite\",\"item\":\"https:\\\/\\\/rls-wacon.de\\\/pt-br\\\/\"},{\"@type\":\"ListItem\",\"position\":2,\"name\":\"Produtos\",\"item\":\"https:\\\/\\\/rls-wacon.de\\\/shop\\\/\"},{\"@type\":\"ListItem\",\"position\":3,\"name\":\"SYCON 2602\"}]},{\"@type\":\"WebSite\",\"@id\":\"https:\\\/\\\/rls-wacon.de\\\/#website\",\"url\":\"https:\\\/\\\/rls-wacon.de\\\/\",\"name\":\"RLS Wacon analytics GmbH\",\"description\":\"Experts for water monitoring\",\"publisher\":{\"@id\":\"https:\\\/\\\/rls-wacon.de\\\/#organization\"},\"potentialAction\":[{\"@type\":\"SearchAction\",\"target\":{\"@type\":\"EntryPoint\",\"urlTemplate\":\"https:\\\/\\\/rls-wacon.de\\\/?s={search_term_string}\"},\"query-input\":{\"@type\":\"PropertyValueSpecification\",\"valueRequired\":true,\"valueName\":\"search_term_string\"}}],\"inLanguage\":\"pt-BR\"},{\"@type\":\"Organization\",\"@id\":\"https:\\\/\\\/rls-wacon.de\\\/#organization\",\"name\":\"RLS Wacon analytics GmbH\",\"url\":\"https:\\\/\\\/rls-wacon.de\\\/\",\"logo\":{\"@type\":\"ImageObject\",\"inLanguage\":\"pt-BR\",\"@id\":\"https:\\\/\\\/rls-wacon.de\\\/#\\\/schema\\\/logo\\\/image\\\/\",\"url\":\"https:\\\/\\\/rls-wacon.de\\\/wp-content\\\/uploads\\\/2022\\\/10\\\/RLSWacon-analytics-Logo-BR-RZ-9_17-768x1591.png\",\"contentUrl\":\"https:\\\/\\\/rls-wacon.de\\\/wp-content\\\/uploads\\\/2022\\\/10\\\/RLSWacon-analytics-Logo-BR-RZ-9_17-768x1591.png\",\"width\":768,\"height\":159,\"caption\":\"RLS Wacon analytics GmbH\"},\"image\":{\"@id\":\"https:\\\/\\\/rls-wacon.de\\\/#\\\/schema\\\/logo\\\/image\\\/\"}}]}<\/script>\n<meta property=\"og:availability\" content=\"instock\" \/>\n<meta property=\"product:availability\" content=\"instock\" \/>\n<meta property=\"product:retailer_item_id\" content=\"30-410160\" \/>\n<meta property=\"product:condition\" content=\"new\" \/>\n<!-- \/ Yoast SEO Premium plugin. -->","yoast_head_json":{"title":"SYCON 2602 - RLS Wacon analytics","description":"O SYCON 2602 \u00e9 um dispositivo de monitoramento de valor limite totalmente autom\u00e1tico para dureza total e dureza de carbonato. M\u00e9todo colorim\u00e9trico, 3 sa\u00eddas de rel\u00e9, sensor de cor autocalibr\u00e1vel, cart\u00e3o SD. Fabricado na Alemanha.","robots":{"index":"index","follow":"follow","max-snippet":"max-snippet:-1","max-image-preview":"max-image-preview:large","max-video-preview":"max-video-preview:-1"},"canonical":"https:\/\/rls-wacon.de\/pt-br\/produkt\/sycon-2602\/","og_locale":"pt_BR","og_type":"article","og_title":"SYCON 2602","og_description":"O SYCON 2602 \u00e9 um dispositivo de monitoramento de valor limite totalmente autom\u00e1tico para dureza total e dureza de carbonato. M\u00e9todo colorim\u00e9trico, 3 sa\u00eddas de rel\u00e9, sensor de cor autocalibr\u00e1vel, cart\u00e3o SD. Fabricado na Alemanha.","og_url":"https:\/\/rls-wacon.de\/pt-br\/produkt\/sycon-2602\/","og_site_name":"RLS Wacon analytics","article_modified_time":"2026-03-25T14:50:24+00:00","og_image":[{"width":1421,"height":1292,"url":"https:\/\/rls-wacon.de\/wp-content\/uploads\/2023\/03\/Sycon-2602-im-Gehaeuse.png","type":"image\/png"}],"twitter_card":"summary_large_image","twitter_misc":{"Disponibilidade":"Em Estoque"},"schema":{"@context":"https:\/\/schema.org","@graph":[{"@type":"WebPage","@id":"https:\/\/rls-wacon.de\/pt-br\/produkt\/sycon-2602\/","url":"https:\/\/rls-wacon.de\/pt-br\/produkt\/sycon-2602\/","name":"SYCON 2602 - RLS Wacon analytics","isPartOf":{"@id":"https:\/\/rls-wacon.de\/#website"},"primaryImageOfPage":{"@id":"https:\/\/rls-wacon.de\/pt-br\/produkt\/sycon-2602\/#primaryimage"},"image":{"@id":"https:\/\/rls-wacon.de\/pt-br\/produkt\/sycon-2602\/#primaryimage"},"thumbnailUrl":"https:\/\/rls-wacon.de\/wp-content\/uploads\/2023\/03\/Sycon-2602-im-Gehaeuse.png","datePublished":"2023-03-11T21:13:11+00:00","dateModified":"2026-03-25T14:50:24+00:00","description":"O SYCON 2602 \u00e9 um dispositivo de monitoramento de valor limite totalmente autom\u00e1tico para dureza total e dureza de carbonato. M\u00e9todo colorim\u00e9trico, 3 sa\u00eddas de rel\u00e9, sensor de cor autocalibr\u00e1vel, cart\u00e3o SD. Fabricado na Alemanha.","breadcrumb":{"@id":"https:\/\/rls-wacon.de\/pt-br\/produkt\/sycon-2602\/#breadcrumb"},"inLanguage":"pt-BR","potentialAction":[{"@type":"ReadAction","target":["https:\/\/rls-wacon.de\/pt-br\/produkt\/sycon-2602\/"]}]},{"@type":"ImageObject","inLanguage":"pt-BR","@id":"https:\/\/rls-wacon.de\/pt-br\/produkt\/sycon-2602\/#primaryimage","url":"https:\/\/rls-wacon.de\/wp-content\/uploads\/2023\/03\/Sycon-2602-im-Gehaeuse.png","contentUrl":"https:\/\/rls-wacon.de\/wp-content\/uploads\/2023\/03\/Sycon-2602-im-Gehaeuse.png","width":1421,"height":1292},{"@type":"BreadcrumbList","@id":"https:\/\/rls-wacon.de\/pt-br\/produkt\/sycon-2602\/#breadcrumb","itemListElement":[{"@type":"ListItem","position":1,"name":"Startseite","item":"https:\/\/rls-wacon.de\/pt-br\/"},{"@type":"ListItem","position":2,"name":"Produtos","item":"https:\/\/rls-wacon.de\/shop\/"},{"@type":"ListItem","position":3,"name":"SYCON 2602"}]},{"@type":"WebSite","@id":"https:\/\/rls-wacon.de\/#website","url":"https:\/\/rls-wacon.de\/","name":"RLS Wacon analytics GmbH","description":"Experts for water monitoring","publisher":{"@id":"https:\/\/rls-wacon.de\/#organization"},"potentialAction":[{"@type":"SearchAction","target":{"@type":"EntryPoint","urlTemplate":"https:\/\/rls-wacon.de\/?s={search_term_string}"},"query-input":{"@type":"PropertyValueSpecification","valueRequired":true,"valueName":"search_term_string"}}],"inLanguage":"pt-BR"},{"@type":"Organization","@id":"https:\/\/rls-wacon.de\/#organization","name":"RLS Wacon analytics GmbH","url":"https:\/\/rls-wacon.de\/","logo":{"@type":"ImageObject","inLanguage":"pt-BR","@id":"https:\/\/rls-wacon.de\/#\/schema\/logo\/image\/","url":"https:\/\/rls-wacon.de\/wp-content\/uploads\/2022\/10\/RLSWacon-analytics-Logo-BR-RZ-9_17-768x1591.png","contentUrl":"https:\/\/rls-wacon.de\/wp-content\/uploads\/2022\/10\/RLSWacon-analytics-Logo-BR-RZ-9_17-768x1591.png","width":768,"height":159,"caption":"RLS Wacon analytics GmbH"},"image":{"@id":"https:\/\/rls-wacon.de\/#\/schema\/logo\/image\/"}}]},"og_availability":"instock","product_availability":"instock","product_retailer_item_id":"30-410160","product_condition":"new"},"_links":{"self":[{"href":"https:\/\/rls-wacon.de\/pt-br\/wp-json\/wp\/v2\/product\/23991","targetHints":{"allow":["GET"]}}],"collection":[{"href":"https:\/\/rls-wacon.de\/pt-br\/wp-json\/wp\/v2\/product"}],"about":[{"href":"https:\/\/rls-wacon.de\/pt-br\/wp-json\/wp\/v2\/types\/product"}],"version-history":[{"count":3,"href":"https:\/\/rls-wacon.de\/pt-br\/wp-json\/wp\/v2\/product\/23991\/revisions"}],"predecessor-version":[{"id":31029,"href":"https:\/\/rls-wacon.de\/pt-br\/wp-json\/wp\/v2\/product\/23991\/revisions\/31029"}],"wp:featuredmedia":[{"embeddable":true,"href":"https:\/\/rls-wacon.de\/pt-br\/wp-json\/wp\/v2\/media\/27210"}],"wp:attachment":[{"href":"https:\/\/rls-wacon.de\/pt-br\/wp-json\/wp\/v2\/media?parent=23991"}],"wp:term":[{"taxonomy":"product_brand","embeddable":true,"href":"https:\/\/rls-wacon.de\/pt-br\/wp-json\/wp\/v2\/product_brand?post=23991"},{"taxonomy":"product_cat","embeddable":true,"href":"https:\/\/rls-wacon.de\/pt-br\/wp-json\/wp\/v2\/product_cat?post=23991"},{"taxonomy":"product_tag","embeddable":true,"href":"https:\/\/rls-wacon.de\/pt-br\/wp-json\/wp\/v2\/product_tag?post=23991"}],"curies":[{"name":"wp","href":"https:\/\/api.w.org\/{rel}","templated":true}]}}