{"id":23992,"date":"2023-03-11T22:13:12","date_gmt":"2023-03-11T21:13:12","guid":{"rendered":"https:\/\/rls-wacon.de\/produkt\/sycon-2702\/"},"modified":"2026-03-25T15:49:28","modified_gmt":"2026-03-25T14:49:28","slug":"sycon-2702","status":"publish","type":"product","link":"https:\/\/rls-wacon.de\/pt-br\/produkt\/sycon-2702\/","title":{"rendered":"SYCON 2702"},"content":{"rendered":"<h2 style=\"color: #0069b3;\">SYCON 2702 &#8211; Dispositivo de titula\u00e7\u00e3o para medir a dureza da \u00e1gua<\/h2>\n<h3 style=\"color: #0069b3;\">Por que a dureza da \u00e1gua precisa ser medida com precis\u00e3o?<\/h3>\n<p>Em muitas \u00e1reas de tratamento de \u00e1gua, o simples monitoramento do valor-limite n\u00e3o \u00e9 suficiente. Se voc\u00ea quiser operar um sistema de abrandamento da \u00e1gua ou um sistema de osmose reversa de forma econ\u00f4mica e segura, precisar\u00e1 de medi\u00e7\u00f5es exatas da dureza da \u00e1gua &#8211; e n\u00e3o apenas de uma declara\u00e7\u00e3o de bom\/ruim.  <strong>Somente com um valor quantitativo medido \u00e9 poss\u00edvel identificar tend\u00eancias, avaliar o desempenho do sistema e otimizar os ciclos de regenera\u00e7\u00e3o.<\/strong><\/p>\n<p>Um aumento gradual na dureza residual indica uma capacidade decrescente do trocador de \u00edons, muito antes de ocorrer um rompimento. Da mesma forma, o valor de reten\u00e7\u00e3o das membranas em um sistema de osmose reversa s\u00f3 pode ser avaliado de forma confi\u00e1vel se a dureza do permeado e da alimenta\u00e7\u00e3o forem conhecidas quantitativamente. A medi\u00e7\u00e3o precisa permite a manuten\u00e7\u00e3o preditiva e evita paradas n\u00e3o planejadas.  <\/p>\n<h3 style=\"color: #0069b3;\">O que \u00e9 o SYCON 2702?<\/h3>\n<p>O SYCON 2702 da RLS Wacon \u00e9 um dispositivo de titula\u00e7\u00e3o on-line totalmente autom\u00e1tico para a medi\u00e7\u00e3o quantitativa da dureza total ou dureza de carbonato (capacidade de \u00e1cido KS 4,3) em \u00e1gua industrial e de processo. Ao contr\u00e1rio do SYCON 2602, que fornece apenas uma declara\u00e7\u00e3o de valor limite, o SYCON 2702 determina o <strong>valor exato da dureza<\/strong> dentro da faixa de medi\u00e7\u00e3o selecionada para cada an\u00e1lise. Al\u00e9m disso, o dispositivo monitora um valor-limite livremente program\u00e1vel e sinaliza se ele foi excedido ou n\u00e3o por meio de sa\u00eddas de rel\u00e9 sem potencial.  <\/p>\n<p>O SYCON 2702 tem uma interface de corrente anal\u00f3gica (0-20 mA ou 4-20 mA) que pode emitir o valor medido de corrente ou o status do dispositivo para um PLC ou sistema de gerenciamento de edif\u00edcios. Isso o torna ideal para integra\u00e7\u00e3o em sistemas de controle e monitoramento de n\u00edvel superior. <\/p>\n<h3 style=\"color: #0069b3;\">Como funciona o SYCON 2702?<\/h3>\n<p>O SYCON 2702 funciona de acordo com o princ\u00edpio do <strong>m\u00e9todo de titula\u00e7\u00e3o colorim\u00e9trica<\/strong>. Para cada an\u00e1lise, uma amostra de \u00e1gua \u00e9 alimentada automaticamente na c\u00e9lula de medi\u00e7\u00e3o. O indicador (s\u00e9rie H25 para dureza total ou s\u00e9rie C25 para dureza de carbonato) \u00e9 ent\u00e3o dosado passo a passo na amostra. Um sensor RGB colorido e livre de manuten\u00e7\u00e3o, combinado com um LED branco de alto desempenho, avalia a mudan\u00e7a progressiva de cor.   <\/p>\n<p>O dispositivo calcula a concentra\u00e7\u00e3o exata de dureza da amostra de \u00e1gua a partir da quantidade dosada do indicador. Os valores medidos s\u00e3o mostrados no visor gr\u00e1fico colorido e registrados automaticamente em um cart\u00e3o SD. Al\u00e9m disso, o valor medido atual pode ser transmitido a um PLC por meio da sa\u00edda anal\u00f3gica de 4-20 mA.  <\/p>\n<p>Ap\u00f3s a medi\u00e7\u00e3o, a c\u00e9lula de medi\u00e7\u00e3o \u00e9 automaticamente lavada com a press\u00e3o da linha. O sensor de cor se calibra automaticamente contra a luz ambiente, a contamina\u00e7\u00e3o e a turbidez durante cada an\u00e1lise. Um autodiagn\u00f3stico integrado com monitoramento de plausibilidade dos dados do sensor garante seguran\u00e7a operacional adicional. Se os valores-limite forem excedidos, uma medi\u00e7\u00e3o de controle poder\u00e1 ser repetida automaticamente para evitar alarmes falsos causados por efeitos de contra-\u00edons.   <\/p>\n<h3 style=\"color: #0069b3;\">Precis\u00e3o e reprodutibilidade da medi\u00e7\u00e3o<\/h3>\n<p>O SYCON 2702 atinge uma precis\u00e3o de medi\u00e7\u00e3o de <strong>\u00b1 5 % do valor final da faixa de medi\u00e7\u00e3o<\/strong> do indicador usado com uma repetibilidade de <strong>\u00b1 2,5 %<\/strong>. O tempo de an\u00e1lise \u00e9 de aproximadamente 3 minutos, dependendo do grau de dureza e do tempo de enx\u00e1gue. Voc\u00ea pode fazer pelo menos 10.000 an\u00e1lises por frasco de 500 ml de indicador, com um consumo de menos de 0,05 ml por an\u00e1lise para \u00e1gua macia. Os valores medidos podem ser exibidos em seis unidades: \u00b0dH, \u00b0f, ppm CaCO\u2083, mmol\/l, \u00b0e e \u00b0Zh.   <\/p>\n<h3 style=\"color: #0069b3;\">Vantagens do SYCON 2702<\/h3>\n<ul class=\"feature-list\">\n<li>Determina\u00e7\u00e3o exata dos valores medidos pelo m\u00e9todo de titula\u00e7\u00e3o\n<p style=\"text-indent: 30px; font-style: italic;\">Determina\u00e7\u00e3o quantitativa da dureza da \u00e1gua &#8211; n\u00e3o apenas o valor limite, mas o valor real da dureza<\/p>\n<\/li>\n<li>Alta precis\u00e3o de medi\u00e7\u00e3o: \u00b1 5 %, repetibilidade \u00b1 2,5 %\n<p style=\"text-indent: 30px; font-style: italic;\">Resultados confi\u00e1veis para monitoramento e documenta\u00e7\u00e3o de processos<\/p>\n<\/li>\n<li>11 faixas de medi\u00e7\u00e3o para dureza total (0,012-30 \u00b0dH), 4 para dureza de carbonato (0,3-22,5 \u00b0dH)\n<p style=\"text-indent: 30px; font-style: italic;\">Ampla sele\u00e7\u00e3o de indicadores H25 e C25 para todas as aplica\u00e7\u00f5es<\/p>\n<\/li>\n<li>Sa\u00edda anal\u00f3gica 0\/4-20 mA para conex\u00e3o PLC\n<p style=\"text-indent: 30px; font-style: italic;\">Valor medido ou transmiss\u00e3o de status para o sistema de gerenciamento do edif\u00edcio, resolu\u00e7\u00e3o &lt; 100 \u00b5A, carga m\u00e1xima de 750 \u03a9 <\/p>\n<\/li>\n<li>Valor limite livremente program\u00e1vel com medi\u00e7\u00e3o de controle\n<p style=\"text-indent: 30px; font-style: italic;\">Repeti\u00e7\u00e3o autom\u00e1tica quando os valores-limite s\u00e3o excedidos para evitar alarmes falsos<\/p>\n<\/li>\n<li>Sensor colorido com autocalibra\u00e7\u00e3o\n<p style=\"text-indent: 30px; font-style: italic;\">Sem calibra\u00e7\u00e3o manual &#8211; compensa\u00e7\u00e3o autom\u00e1tica de luz ambiente, contamina\u00e7\u00e3o e turbidez<\/p>\n<\/li>\n<li>Consumo muito baixo de indicadores\n<p style=\"text-indent: 30px; font-style: italic;\">Menos de 0,05 ml por an\u00e1lise &#8211; pelo menos 10.000 an\u00e1lises por frasco de 500 ml<\/p>\n<\/li>\n<li>Tempo de an\u00e1lise r\u00e1pido de aproximadamente 3 minutos\n<p style=\"text-indent: 30px; font-style: italic;\">Possibilidade de intervalos de medi\u00e7\u00e3o mais frequentes do que com o m\u00e9todo de valor limite<\/p>\n<\/li>\n<li>Comissionamento simples usando o assistente de instala\u00e7\u00e3o\n<p style=\"text-indent: 30px; font-style: italic;\">Orienta\u00e7\u00e3o passo a passo no visor gr\u00e1fico em 9 idiomas<\/p>\n<\/li>\n<li>Baixo esfor\u00e7o de manuten\u00e7\u00e3o\n<p style=\"text-indent: 30px; font-style: italic;\">Tecnologia de bomba perist\u00e1ltica e enx\u00e1gue autom\u00e1tico &#8211; Manuten\u00e7\u00e3o definida a cada 2 anos ou 30.000 an\u00e1lises<\/p>\n<\/li>\n<li>Cart\u00e3o SD para registro completo dos valores medidos\n<p style=\"text-indent: 30px; font-style: italic;\">Todos os resultados da an\u00e1lise com registro de data e hora &#8211; tamb\u00e9m podem ser usados para atualiza\u00e7\u00f5es de software<\/p>\n<\/li>\n<\/ul>\n","protected":false},"excerpt":{"rendered":"<p>O SYCON 2702 \u00e9 um dispositivo de titula\u00e7\u00e3o para uso ideal em um sistema de abrandamento de \u00e1gua ou para proteger um sistema de osmose reversa. O valor-limite a ser monitorado e o intervalo de medi\u00e7\u00e3o podem ser programados livremente. Al\u00e9m disso, dois rel\u00e9s e uma interface de 4&#8230;20 mA permitem a conex\u00e3o a uma variedade de sistemas de controle. Os valores medidos s\u00e3o armazenados em um cart\u00e3o SD interno<\/p>\n","protected":false},"featured_media":27217,"template":"","meta":{"_acf_changed":false},"product_brand":[],"product_cat":[1483,1482,1475],"product_tag":[2608,2571,2569,1560,2565,1561,2294,2566,2607,2567],"class_list":{"0":"post-23992","1":"product","2":"type-product","3":"status-publish","4":"has-post-thumbnail","6":"product_cat-dureza-de-carbonato-pt-br","7":"product_cat-dureza-total-pt-br-2","8":"product_cat-sycon-pt-br","9":"product_tag-4-20ma","10":"product_tag-analise-da-agua","11":"product_tag-analise-on-line","12":"product_tag-dureza-da-agua","13":"product_tag-dureza-de-carbonato","14":"product_tag-dureza-total-pt-br","15":"product_tag-osmose-reversa","16":"product_tag-sistema-de-amaciamento","17":"product_tag-sycon-2702","18":"product_tag-titulacao","19":"pa_bauart-caixa-ip54","20":"pa_bauart-suporte-de-parede-ip43","22":"first","23":"instock","24":"featured","25":"shipping-taxable","26":"purchasable","27":"product-type-variable","28":"has-default-attributes"},"exclude_global_add_ons":[],"addons":[],"acf":[],"yoast_head":"<!-- This site is optimized with the Yoast SEO Premium plugin v27.3 (Yoast SEO v27.3) - https:\/\/yoast.com\/product\/yoast-seo-premium-wordpress\/ -->\n<title>SYCON 2702 - RLS Wacon analytics<\/title>\n<meta name=\"description\" content=\"O SYCON 2702 \u00e9 um dispositivo de titula\u00e7\u00e3o totalmente autom\u00e1tico para a medi\u00e7\u00e3o quantitativa da dureza da \u00e1gua. Precis\u00e3o de \u00b1 5 %, sa\u00edda anal\u00f3gica de 4-20 mA, sensor de cor autocalibr\u00e1vel. Fabricado na Alemanha.\" \/>\n<meta name=\"robots\" content=\"index, follow, max-snippet:-1, max-image-preview:large, max-video-preview:-1\" \/>\n<link rel=\"canonical\" href=\"https:\/\/rls-wacon.de\/pt-br\/produkt\/sycon-2702\/\" \/>\n<meta property=\"og:locale\" content=\"pt_BR\" \/>\n<meta property=\"og:type\" content=\"article\" \/>\n<meta property=\"og:title\" content=\"SYCON 2702\" \/>\n<meta property=\"og:description\" content=\"O SYCON 2702 \u00e9 um dispositivo de titula\u00e7\u00e3o totalmente autom\u00e1tico para a medi\u00e7\u00e3o quantitativa da dureza da \u00e1gua. Precis\u00e3o de \u00b1 5 %, sa\u00edda anal\u00f3gica de 4-20 mA, sensor de cor autocalibr\u00e1vel. Fabricado na Alemanha.\" \/>\n<meta property=\"og:url\" content=\"https:\/\/rls-wacon.de\/pt-br\/produkt\/sycon-2702\/\" \/>\n<meta property=\"og:site_name\" content=\"RLS Wacon analytics\" \/>\n<meta property=\"article:modified_time\" content=\"2026-03-25T14:49:28+00:00\" \/>\n<meta property=\"og:image\" content=\"https:\/\/rls-wacon.de\/wp-content\/uploads\/2023\/03\/Sycon-2702-im-Gehaeuse.png\" \/>\n\t<meta property=\"og:image:width\" content=\"1420\" \/>\n\t<meta property=\"og:image:height\" content=\"1288\" \/>\n\t<meta property=\"og:image:type\" content=\"image\/png\" \/>\n<meta name=\"twitter:card\" content=\"summary_large_image\" \/>\n<meta name=\"twitter:label1\" content=\"Disponibilidade\" \/>\n\t<meta name=\"twitter:data1\" content=\"Em Estoque\" \/>\n<script type=\"application\/ld+json\" class=\"yoast-schema-graph\">{\"@context\":\"https:\\\/\\\/schema.org\",\"@graph\":[{\"@type\":\"WebPage\",\"@id\":\"https:\\\/\\\/rls-wacon.de\\\/pt-br\\\/produkt\\\/sycon-2702\\\/\",\"url\":\"https:\\\/\\\/rls-wacon.de\\\/pt-br\\\/produkt\\\/sycon-2702\\\/\",\"name\":\"SYCON 2702 - RLS Wacon analytics\",\"isPartOf\":{\"@id\":\"https:\\\/\\\/rls-wacon.de\\\/#website\"},\"primaryImageOfPage\":{\"@id\":\"https:\\\/\\\/rls-wacon.de\\\/pt-br\\\/produkt\\\/sycon-2702\\\/#primaryimage\"},\"image\":{\"@id\":\"https:\\\/\\\/rls-wacon.de\\\/pt-br\\\/produkt\\\/sycon-2702\\\/#primaryimage\"},\"thumbnailUrl\":\"https:\\\/\\\/rls-wacon.de\\\/wp-content\\\/uploads\\\/2023\\\/03\\\/Sycon-2702-im-Gehaeuse.png\",\"datePublished\":\"2023-03-11T21:13:12+00:00\",\"dateModified\":\"2026-03-25T14:49:28+00:00\",\"description\":\"O SYCON 2702 \u00e9 um dispositivo de titula\u00e7\u00e3o totalmente autom\u00e1tico para a medi\u00e7\u00e3o quantitativa da dureza da \u00e1gua. Precis\u00e3o de \u00b1 5 %, sa\u00edda anal\u00f3gica de 4-20 mA, sensor de cor autocalibr\u00e1vel. Fabricado na Alemanha.\",\"breadcrumb\":{\"@id\":\"https:\\\/\\\/rls-wacon.de\\\/pt-br\\\/produkt\\\/sycon-2702\\\/#breadcrumb\"},\"inLanguage\":\"pt-BR\",\"potentialAction\":[{\"@type\":\"ReadAction\",\"target\":[\"https:\\\/\\\/rls-wacon.de\\\/pt-br\\\/produkt\\\/sycon-2702\\\/\"]}]},{\"@type\":\"ImageObject\",\"inLanguage\":\"pt-BR\",\"@id\":\"https:\\\/\\\/rls-wacon.de\\\/pt-br\\\/produkt\\\/sycon-2702\\\/#primaryimage\",\"url\":\"https:\\\/\\\/rls-wacon.de\\\/wp-content\\\/uploads\\\/2023\\\/03\\\/Sycon-2702-im-Gehaeuse.png\",\"contentUrl\":\"https:\\\/\\\/rls-wacon.de\\\/wp-content\\\/uploads\\\/2023\\\/03\\\/Sycon-2702-im-Gehaeuse.png\",\"width\":1420,\"height\":1288},{\"@type\":\"BreadcrumbList\",\"@id\":\"https:\\\/\\\/rls-wacon.de\\\/pt-br\\\/produkt\\\/sycon-2702\\\/#breadcrumb\",\"itemListElement\":[{\"@type\":\"ListItem\",\"position\":1,\"name\":\"Startseite\",\"item\":\"https:\\\/\\\/rls-wacon.de\\\/pt-br\\\/\"},{\"@type\":\"ListItem\",\"position\":2,\"name\":\"Produtos\",\"item\":\"https:\\\/\\\/rls-wacon.de\\\/shop\\\/\"},{\"@type\":\"ListItem\",\"position\":3,\"name\":\"SYCON 2702\"}]},{\"@type\":\"WebSite\",\"@id\":\"https:\\\/\\\/rls-wacon.de\\\/#website\",\"url\":\"https:\\\/\\\/rls-wacon.de\\\/\",\"name\":\"RLS Wacon analytics GmbH\",\"description\":\"Experts for water monitoring\",\"publisher\":{\"@id\":\"https:\\\/\\\/rls-wacon.de\\\/#organization\"},\"potentialAction\":[{\"@type\":\"SearchAction\",\"target\":{\"@type\":\"EntryPoint\",\"urlTemplate\":\"https:\\\/\\\/rls-wacon.de\\\/?s={search_term_string}\"},\"query-input\":{\"@type\":\"PropertyValueSpecification\",\"valueRequired\":true,\"valueName\":\"search_term_string\"}}],\"inLanguage\":\"pt-BR\"},{\"@type\":\"Organization\",\"@id\":\"https:\\\/\\\/rls-wacon.de\\\/#organization\",\"name\":\"RLS Wacon analytics GmbH\",\"url\":\"https:\\\/\\\/rls-wacon.de\\\/\",\"logo\":{\"@type\":\"ImageObject\",\"inLanguage\":\"pt-BR\",\"@id\":\"https:\\\/\\\/rls-wacon.de\\\/#\\\/schema\\\/logo\\\/image\\\/\",\"url\":\"https:\\\/\\\/rls-wacon.de\\\/wp-content\\\/uploads\\\/2022\\\/10\\\/RLSWacon-analytics-Logo-BR-RZ-9_17-768x1591.png\",\"contentUrl\":\"https:\\\/\\\/rls-wacon.de\\\/wp-content\\\/uploads\\\/2022\\\/10\\\/RLSWacon-analytics-Logo-BR-RZ-9_17-768x1591.png\",\"width\":768,\"height\":159,\"caption\":\"RLS Wacon analytics GmbH\"},\"image\":{\"@id\":\"https:\\\/\\\/rls-wacon.de\\\/#\\\/schema\\\/logo\\\/image\\\/\"}}]}<\/script>\n<meta property=\"og:availability\" content=\"instock\" \/>\n<meta property=\"product:availability\" content=\"instock\" \/>\n<meta property=\"product:retailer_item_id\" content=\"30-210162\" \/>\n<meta property=\"product:condition\" content=\"new\" \/>\n<!-- \/ Yoast SEO Premium plugin. -->","yoast_head_json":{"title":"SYCON 2702 - RLS Wacon analytics","description":"O SYCON 2702 \u00e9 um dispositivo de titula\u00e7\u00e3o totalmente autom\u00e1tico para a medi\u00e7\u00e3o quantitativa da dureza da \u00e1gua. Precis\u00e3o de \u00b1 5 %, sa\u00edda anal\u00f3gica de 4-20 mA, sensor de cor autocalibr\u00e1vel. Fabricado na Alemanha.","robots":{"index":"index","follow":"follow","max-snippet":"max-snippet:-1","max-image-preview":"max-image-preview:large","max-video-preview":"max-video-preview:-1"},"canonical":"https:\/\/rls-wacon.de\/pt-br\/produkt\/sycon-2702\/","og_locale":"pt_BR","og_type":"article","og_title":"SYCON 2702","og_description":"O SYCON 2702 \u00e9 um dispositivo de titula\u00e7\u00e3o totalmente autom\u00e1tico para a medi\u00e7\u00e3o quantitativa da dureza da \u00e1gua. Precis\u00e3o de \u00b1 5 %, sa\u00edda anal\u00f3gica de 4-20 mA, sensor de cor autocalibr\u00e1vel. Fabricado na Alemanha.","og_url":"https:\/\/rls-wacon.de\/pt-br\/produkt\/sycon-2702\/","og_site_name":"RLS Wacon analytics","article_modified_time":"2026-03-25T14:49:28+00:00","og_image":[{"width":1420,"height":1288,"url":"https:\/\/rls-wacon.de\/wp-content\/uploads\/2023\/03\/Sycon-2702-im-Gehaeuse.png","type":"image\/png"}],"twitter_card":"summary_large_image","twitter_misc":{"Disponibilidade":"Em Estoque"},"schema":{"@context":"https:\/\/schema.org","@graph":[{"@type":"WebPage","@id":"https:\/\/rls-wacon.de\/pt-br\/produkt\/sycon-2702\/","url":"https:\/\/rls-wacon.de\/pt-br\/produkt\/sycon-2702\/","name":"SYCON 2702 - RLS Wacon analytics","isPartOf":{"@id":"https:\/\/rls-wacon.de\/#website"},"primaryImageOfPage":{"@id":"https:\/\/rls-wacon.de\/pt-br\/produkt\/sycon-2702\/#primaryimage"},"image":{"@id":"https:\/\/rls-wacon.de\/pt-br\/produkt\/sycon-2702\/#primaryimage"},"thumbnailUrl":"https:\/\/rls-wacon.de\/wp-content\/uploads\/2023\/03\/Sycon-2702-im-Gehaeuse.png","datePublished":"2023-03-11T21:13:12+00:00","dateModified":"2026-03-25T14:49:28+00:00","description":"O SYCON 2702 \u00e9 um dispositivo de titula\u00e7\u00e3o totalmente autom\u00e1tico para a medi\u00e7\u00e3o quantitativa da dureza da \u00e1gua. Precis\u00e3o de \u00b1 5 %, sa\u00edda anal\u00f3gica de 4-20 mA, sensor de cor autocalibr\u00e1vel. Fabricado na Alemanha.","breadcrumb":{"@id":"https:\/\/rls-wacon.de\/pt-br\/produkt\/sycon-2702\/#breadcrumb"},"inLanguage":"pt-BR","potentialAction":[{"@type":"ReadAction","target":["https:\/\/rls-wacon.de\/pt-br\/produkt\/sycon-2702\/"]}]},{"@type":"ImageObject","inLanguage":"pt-BR","@id":"https:\/\/rls-wacon.de\/pt-br\/produkt\/sycon-2702\/#primaryimage","url":"https:\/\/rls-wacon.de\/wp-content\/uploads\/2023\/03\/Sycon-2702-im-Gehaeuse.png","contentUrl":"https:\/\/rls-wacon.de\/wp-content\/uploads\/2023\/03\/Sycon-2702-im-Gehaeuse.png","width":1420,"height":1288},{"@type":"BreadcrumbList","@id":"https:\/\/rls-wacon.de\/pt-br\/produkt\/sycon-2702\/#breadcrumb","itemListElement":[{"@type":"ListItem","position":1,"name":"Startseite","item":"https:\/\/rls-wacon.de\/pt-br\/"},{"@type":"ListItem","position":2,"name":"Produtos","item":"https:\/\/rls-wacon.de\/shop\/"},{"@type":"ListItem","position":3,"name":"SYCON 2702"}]},{"@type":"WebSite","@id":"https:\/\/rls-wacon.de\/#website","url":"https:\/\/rls-wacon.de\/","name":"RLS Wacon analytics GmbH","description":"Experts for water monitoring","publisher":{"@id":"https:\/\/rls-wacon.de\/#organization"},"potentialAction":[{"@type":"SearchAction","target":{"@type":"EntryPoint","urlTemplate":"https:\/\/rls-wacon.de\/?s={search_term_string}"},"query-input":{"@type":"PropertyValueSpecification","valueRequired":true,"valueName":"search_term_string"}}],"inLanguage":"pt-BR"},{"@type":"Organization","@id":"https:\/\/rls-wacon.de\/#organization","name":"RLS Wacon analytics GmbH","url":"https:\/\/rls-wacon.de\/","logo":{"@type":"ImageObject","inLanguage":"pt-BR","@id":"https:\/\/rls-wacon.de\/#\/schema\/logo\/image\/","url":"https:\/\/rls-wacon.de\/wp-content\/uploads\/2022\/10\/RLSWacon-analytics-Logo-BR-RZ-9_17-768x1591.png","contentUrl":"https:\/\/rls-wacon.de\/wp-content\/uploads\/2022\/10\/RLSWacon-analytics-Logo-BR-RZ-9_17-768x1591.png","width":768,"height":159,"caption":"RLS Wacon analytics GmbH"},"image":{"@id":"https:\/\/rls-wacon.de\/#\/schema\/logo\/image\/"}}]},"og_availability":"instock","product_availability":"instock","product_retailer_item_id":"30-210162","product_condition":"new"},"_links":{"self":[{"href":"https:\/\/rls-wacon.de\/pt-br\/wp-json\/wp\/v2\/product\/23992","targetHints":{"allow":["GET"]}}],"collection":[{"href":"https:\/\/rls-wacon.de\/pt-br\/wp-json\/wp\/v2\/product"}],"about":[{"href":"https:\/\/rls-wacon.de\/pt-br\/wp-json\/wp\/v2\/types\/product"}],"version-history":[{"count":3,"href":"https:\/\/rls-wacon.de\/pt-br\/wp-json\/wp\/v2\/product\/23992\/revisions"}],"predecessor-version":[{"id":31050,"href":"https:\/\/rls-wacon.de\/pt-br\/wp-json\/wp\/v2\/product\/23992\/revisions\/31050"}],"wp:featuredmedia":[{"embeddable":true,"href":"https:\/\/rls-wacon.de\/pt-br\/wp-json\/wp\/v2\/media\/27217"}],"wp:attachment":[{"href":"https:\/\/rls-wacon.de\/pt-br\/wp-json\/wp\/v2\/media?parent=23992"}],"wp:term":[{"taxonomy":"product_brand","embeddable":true,"href":"https:\/\/rls-wacon.de\/pt-br\/wp-json\/wp\/v2\/product_brand?post=23992"},{"taxonomy":"product_cat","embeddable":true,"href":"https:\/\/rls-wacon.de\/pt-br\/wp-json\/wp\/v2\/product_cat?post=23992"},{"taxonomy":"product_tag","embeddable":true,"href":"https:\/\/rls-wacon.de\/pt-br\/wp-json\/wp\/v2\/product_tag?post=23992"}],"curies":[{"name":"wp","href":"https:\/\/api.w.org\/{rel}","templated":true}]}}