{"id":24027,"date":"2023-03-11T22:13:13","date_gmt":"2023-03-11T21:13:13","guid":{"rendered":"https:\/\/rls-wacon.de\/produkt\/sycon-bob\/"},"modified":"2026-04-14T13:37:31","modified_gmt":"2026-04-14T11:37:31","slug":"sycon-bob","status":"publish","type":"product","link":"https:\/\/rls-wacon.de\/pt-br\/produkt\/sycon-bob\/","title":{"rendered":"SYCON BoB"},"content":{"rendered":"<h2 style=\"color: #0069b3;\">SYCON BoB &#8211; Analisador certificado pela T\u00dcV para sistemas de caldeiras a vapor<\/h2>\n<h3 style=\"color: #0069b3;\">Por que \u00e9 necess\u00e1rio o monitoramento certificado da dureza na casa da caldeira?<\/h3>\n<p>Os sistemas de caldeiras a vapor exigem muito da qualidade da \u00e1gua de alimenta\u00e7\u00e3o. Mesmo as menores quantidades de dureza residual podem levar a dep\u00f3sitos de calc\u00e1rio nas superf\u00edcies de aquecimento, resultando em superaquecimento, perda de desempenho e, no pior dos casos, danos \u00e0 caldeira. <strong>Portanto, o C\u00f3digo de Pr\u00e1tica W\u00dcV 100 da VdT\u00dcV exige o monitoramento cont\u00ednuo e automatizado da dureza da \u00e1gua usando dispositivos certificados, incluindo a op\u00e7\u00e3o de opera\u00e7\u00e3o aut\u00f4noma por 72 horas (BOB).<\/strong><\/p>\n<h3 style=\"color: #0069b3;\">O que \u00e9 o SYCON BoB?<\/h3>\n<p>O SYCON BoB da RLS Wacon \u00e9 um analisador on-line totalmente autom\u00e1tico para monitorar a dureza residual na \u00e1gua de alimenta\u00e7\u00e3o da caldeira e no condensado de retorno. Ele \u00e9 certificado de acordo com a folha de dados W\u00dcV 100 da VdT\u00dcV e, portanto, atende ao requisito de <strong>opera\u00e7\u00e3o sem supervis\u00e3o (BOB) por 72 horas<\/strong>.<\/p>\n<p>O dispositivo \u00e9 baseado na plataforma SYCON, j\u00e1 testada e aprovada, mas foi especialmente otimizado para uso em caldeiras a vapor: Rel\u00e9s pr\u00e9-configurados, um c\u00f3digo de acesso para prote\u00e7\u00e3o contra parametriza\u00e7\u00e3o incorreta, uma sonda BOB para monitoramento do n\u00edvel do indicador e um intervalo de manuten\u00e7\u00e3o reduzido garantem a m\u00e1xima confiabilidade operacional.<\/p>\n<h3 style=\"color: #0069b3;\">Como funciona o SYCON BoB?<\/h3>\n<p>O SYCON BoB funciona de acordo com o <strong>m\u00e9todo de titula\u00e7\u00e3o colorim\u00e9trica<\/strong>. Uma amostra de \u00e1gua \u00e9 alimentada automaticamente na c\u00e2mara de medi\u00e7\u00e3o e o indicador (H25-0,05 ou H25-0,1) \u00e9 adicionado em etapas. Um sensor \u00f3ptico detecta a mudan\u00e7a de cor e calcula a dureza residual da \u00e1gua.<\/p>\n<p>O <strong>sensor BOB<\/strong> integrado monitora continuamente o n\u00edvel de enchimento da garrafa indicadora. Assim que o conte\u00fado restante for suficiente para menos de 72 horas de opera\u00e7\u00e3o (aproximadamente 12% do n\u00edvel de enchimento), uma mensagem BOB \u00e9 emitida pelo rel\u00e9 2 e pelo visor. Isso garante que o suprimento do indicador seja completado em tempo h\u00e1bil.<\/p>\n<p>O tempo de an\u00e1lise \u00e9 de aproximadamente 3 minutos, com um consumo de indicador de apenas 0,05 ml por an\u00e1lise. Voc\u00ea pode fazer at\u00e9 10.000 an\u00e1lises com um frasco de 500 ml.<\/p>\n<h3 style=\"color: #0069b3;\">Recursos especiais em compara\u00e7\u00e3o com outros modelos SYCON<\/h3>\n<table class=\"h3-table\">\n<thead>\n<tr>\n<th style=\"background-color: #0069b3; color: #ffffff;\">Recurso<\/th>\n<th style=\"background-color: #0069b3; color: #ffffff;\">SYCON BoB<\/th>\n<th style=\"background-color: #0069b3; color: #ffffff;\">SYCON 2702\/2802<\/th>\n<\/tr>\n<\/thead>\n<tbody>\n<tr>\n<td><strong>Certifica\u00e7\u00e3o T\u00dcV (W\u00dcV 100)<\/strong><\/td>\n<td><strong>Sim<\/strong><\/td>\n<td>&#8211;<\/td>\n<\/tr>\n<tr>\n<td><strong>Sonda BOB (monitoramento de n\u00edvel de 72h)<\/strong><\/td>\n<td><strong>Sim<\/strong><\/td>\n<td>&#8211;<\/td>\n<\/tr>\n<tr>\n<td><strong>C\u00f3digo de acesso<\/strong><\/td>\n<td><strong>Sim<\/strong><\/td>\n<td>&#8211;<\/td>\n<\/tr>\n<tr>\n<td><strong>Rel\u00e9s pr\u00e9-configurados<\/strong><\/td>\n<td><strong>Sim (fia\u00e7\u00e3o padronizada)<\/strong><\/td>\n<td>Livremente configur\u00e1vel<\/td>\n<\/tr>\n<tr>\n<td><strong>Sele\u00e7\u00e3o do indicador<\/strong><\/td>\n<td>H25-0.05 ou H25-0.1 (fixo)<\/td>\n<td>Todos os indicadores H25\/C25<\/td>\n<\/tr>\n<tr>\n<td><strong>Intervalo de manuten\u00e7\u00e3o<\/strong><\/td>\n<td><strong>12 meses \/ 15.000 an\u00e1lises<\/strong><\/td>\n<td>24 meses \/ 30.000 an\u00e1lises<\/td>\n<\/tr>\n<tr>\n<td><strong>In\u00edcio da an\u00e1lise externa<\/strong><\/td>\n<td>&#8211; (n\u00e3o \u00e9 poss\u00edvel)<\/td>\n<td>Sim<\/td>\n<\/tr>\n<\/tbody>\n<\/table>\n<h3 style=\"color: #0069b3;\">Vantagens do SYCON BoB<\/h3>\n<ul class=\"feature-list\">\n<li>Certificado pela T\u00dcV de acordo com a folha de dados W\u00dcV 100 da VdT\u00dcV\n<p style=\"text-indent: 30px; font-style: italic;\">Atende aos requisitos legais para a opera\u00e7\u00e3o aut\u00f4noma de sistemas de caldeiras a vapor<\/p>\n<\/li>\n<li>Opera\u00e7\u00e3o BOB de 72 horas com monitoramento do n\u00edvel de enchimento\n<p style=\"text-indent: 30px; font-style: italic;\">A sonda BOB sinaliza em tempo h\u00e1bil quando o fornecimento do indicador precisa ser completado &#8211; pode ser estendido para at\u00e9 144 horas com um intervalo de medi\u00e7\u00e3o mais longo<\/p>\n<\/li>\n<li>C\u00f3digo de acesso para prote\u00e7\u00e3o contra parametriza\u00e7\u00e3o incorreta\n<p style=\"text-indent: 30px; font-style: italic;\">Bloqueia o acesso a configura\u00e7\u00f5es cr\u00edticas durante a opera\u00e7\u00e3o sem supervis\u00e3o<\/p>\n<\/li>\n<li>Rel\u00e9s pr\u00e9-configurados para instala\u00e7\u00e3o padronizada\n<p style=\"text-indent: 30px; font-style: italic;\">Valor limite, mensagem BOB, falha do dispositivo, an\u00e1lise ativa &#8211; O diagrama do terminal pode ser criado antecipadamente<\/p>\n<\/li>\n<li>Interface RS485 com Modbus RTU\n<p style=\"text-indent: 30px; font-style: italic;\">Integra\u00e7\u00e3o ao sistema de controle da caldeira e aos sistemas de controle de n\u00edvel superior<\/p>\n<\/li>\n<li>Sa\u00edda anal\u00f3gica 0\/4-20 mA\n<p style=\"text-indent: 30px; font-style: italic;\">Transmiss\u00e3o direta dos valores medidos para o controle do sistema<\/p>\n<\/li>\n<li>Caixa robusta (IP54, IK08)\n<p style=\"text-indent: 30px; font-style: italic;\">Adequado para as condi\u00e7\u00f5es ambientais adversas na casa da caldeira<\/p>\n<\/li>\n<li>Sensor colorido com autocalibra\u00e7\u00e3o\n<p style=\"text-indent: 30px; font-style: italic;\">Sem calibra\u00e7\u00e3o manual &#8211; compensa\u00e7\u00e3o autom\u00e1tica de luz ambiente, contamina\u00e7\u00e3o e turbidez<\/p>\n<\/li>\n<li>Consumo muito baixo de indicadores\n<p style=\"text-indent: 30px; font-style: italic;\">0,05 ml por an\u00e1lise &#8211; at\u00e9 10.000 an\u00e1lises por frasco de 500 ml<\/p>\n<\/li>\n<\/ul>\n","protected":false},"excerpt":{"rendered":"<p>SYCON BoB &#8211; Analisador certificado pela T\u00dcV para sistemas de caldeiras a vapor Por que \u00e9 necess\u00e1rio o monitoramento certificado da dureza na casa da caldeira? Os sistemas de caldeiras a vapor exigem muito da qualidade da \u00e1gua de alimenta\u00e7\u00e3o. Mesmo as menores quantidades de dureza residual podem levar a dep\u00f3sitos de calc\u00e1rio nas superf\u00edcies [&hellip;]<\/p>\n","protected":false},"featured_media":6315,"template":"","meta":{"_acf_changed":false},"product_brand":[],"product_cat":[1482,1475],"product_tag":[2289,2571,2569,2735,2397,2731,2575,2739,2740,2577,2733,2738,2737],"class_list":{"0":"post-24027","1":"product","2":"type-product","3":"status-publish","4":"has-post-thumbnail","6":"product_cat-dureza-total-pt-br-2","7":"product_cat-sycon-pt-br","8":"product_tag-agua-de-alimentacao-da-caldeira","9":"product_tag-analise-da-agua","10":"product_tag-analise-on-line","11":"product_tag-bob","12":"product_tag-caldeira-a-vapor","13":"product_tag-dureza-residual","14":"product_tag-modbus-rtu","15":"product_tag-mot","16":"product_tag-operacao-sem-supervisao","17":"product_tag-rs485","18":"product_tag-sycon-bob","19":"product_tag-vdtuev","20":"product_tag-wuev-100","22":"first","23":"instock","24":"featured","25":"shipping-taxable","26":"purchasable","27":"product-type-variable"},"exclude_global_add_ons":[],"addons":[],"acf":[],"yoast_head":"<!-- This site is optimized with the Yoast SEO Premium plugin v27.3 (Yoast SEO v27.4) - https:\/\/yoast.com\/product\/yoast-seo-premium-wordpress\/ -->\n<title>SYCON BoB - RLS Wacon analytics<\/title>\n<meta name=\"description\" content=\"O SYCON BoB \u00e9 um analisador on-line certificado pela T\u00dcV para sistemas de caldeiras a vapor. Opera\u00e7\u00e3o BOB 72h de acordo com W\u00dcV 100, RS485 Modbus RTU, 4 rel\u00e9s, 4-20 mA. Fabricado na Alemanha.\" \/>\n<meta name=\"robots\" content=\"index, follow, max-snippet:-1, max-image-preview:large, max-video-preview:-1\" \/>\n<link rel=\"canonical\" href=\"https:\/\/rls-wacon.de\/pt-br\/produkt\/sycon-bob\/\" \/>\n<meta property=\"og:locale\" content=\"pt_BR\" \/>\n<meta property=\"og:type\" content=\"article\" \/>\n<meta property=\"og:title\" content=\"SYCON BoB\" \/>\n<meta property=\"og:description\" content=\"O SYCON BoB \u00e9 um analisador on-line certificado pela T\u00dcV para sistemas de caldeiras a vapor. Opera\u00e7\u00e3o BOB 72h de acordo com W\u00dcV 100, RS485 Modbus RTU, 4 rel\u00e9s, 4-20 mA. Fabricado na Alemanha.\" \/>\n<meta property=\"og:url\" content=\"https:\/\/rls-wacon.de\/pt-br\/produkt\/sycon-bob\/\" \/>\n<meta property=\"og:site_name\" content=\"RLS Wacon analytics\" \/>\n<meta property=\"article:modified_time\" content=\"2026-04-14T11:37:31+00:00\" \/>\n<meta property=\"og:image\" content=\"https:\/\/rls-wacon.de\/wp-content\/uploads\/2023\/03\/sycon-bob-d.jpg\" \/>\n\t<meta property=\"og:image:width\" content=\"1920\" \/>\n\t<meta property=\"og:image:height\" content=\"1744\" \/>\n\t<meta property=\"og:image:type\" content=\"image\/jpeg\" \/>\n<meta name=\"twitter:card\" content=\"summary_large_image\" \/>\n<meta name=\"twitter:label1\" content=\"Disponibilidade\" \/>\n\t<meta name=\"twitter:data1\" content=\"Em Estoque\" \/>\n<script type=\"application\/ld+json\" class=\"yoast-schema-graph\">{\"@context\":\"https:\\\/\\\/schema.org\",\"@graph\":[{\"@type\":\"WebPage\",\"@id\":\"https:\\\/\\\/rls-wacon.de\\\/pt-br\\\/produkt\\\/sycon-bob\\\/\",\"url\":\"https:\\\/\\\/rls-wacon.de\\\/pt-br\\\/produkt\\\/sycon-bob\\\/\",\"name\":\"SYCON BoB - RLS Wacon analytics\",\"isPartOf\":{\"@id\":\"https:\\\/\\\/rls-wacon.de\\\/#website\"},\"primaryImageOfPage\":{\"@id\":\"https:\\\/\\\/rls-wacon.de\\\/pt-br\\\/produkt\\\/sycon-bob\\\/#primaryimage\"},\"image\":{\"@id\":\"https:\\\/\\\/rls-wacon.de\\\/pt-br\\\/produkt\\\/sycon-bob\\\/#primaryimage\"},\"thumbnailUrl\":\"https:\\\/\\\/rls-wacon.de\\\/wp-content\\\/uploads\\\/2023\\\/03\\\/sycon-bob-d.jpg\",\"datePublished\":\"2023-03-11T21:13:13+00:00\",\"dateModified\":\"2026-04-14T11:37:31+00:00\",\"description\":\"O SYCON BoB \u00e9 um analisador on-line certificado pela T\u00dcV para sistemas de caldeiras a vapor. Opera\u00e7\u00e3o BOB 72h de acordo com W\u00dcV 100, RS485 Modbus RTU, 4 rel\u00e9s, 4-20 mA. Fabricado na Alemanha.\",\"breadcrumb\":{\"@id\":\"https:\\\/\\\/rls-wacon.de\\\/pt-br\\\/produkt\\\/sycon-bob\\\/#breadcrumb\"},\"inLanguage\":\"pt-BR\",\"potentialAction\":[{\"@type\":\"ReadAction\",\"target\":[\"https:\\\/\\\/rls-wacon.de\\\/pt-br\\\/produkt\\\/sycon-bob\\\/\"]}]},{\"@type\":\"ImageObject\",\"inLanguage\":\"pt-BR\",\"@id\":\"https:\\\/\\\/rls-wacon.de\\\/pt-br\\\/produkt\\\/sycon-bob\\\/#primaryimage\",\"url\":\"https:\\\/\\\/rls-wacon.de\\\/wp-content\\\/uploads\\\/2023\\\/03\\\/sycon-bob-d.jpg\",\"contentUrl\":\"https:\\\/\\\/rls-wacon.de\\\/wp-content\\\/uploads\\\/2023\\\/03\\\/sycon-bob-d.jpg\",\"width\":1920,\"height\":1744,\"caption\":\"sycon-bob-d\"},{\"@type\":\"BreadcrumbList\",\"@id\":\"https:\\\/\\\/rls-wacon.de\\\/pt-br\\\/produkt\\\/sycon-bob\\\/#breadcrumb\",\"itemListElement\":[{\"@type\":\"ListItem\",\"position\":1,\"name\":\"Startseite\",\"item\":\"https:\\\/\\\/rls-wacon.de\\\/pt-br\\\/\"},{\"@type\":\"ListItem\",\"position\":2,\"name\":\"Produtos\",\"item\":\"https:\\\/\\\/rls-wacon.de\\\/shop\\\/\"},{\"@type\":\"ListItem\",\"position\":3,\"name\":\"SYCON BoB\"}]},{\"@type\":\"WebSite\",\"@id\":\"https:\\\/\\\/rls-wacon.de\\\/#website\",\"url\":\"https:\\\/\\\/rls-wacon.de\\\/\",\"name\":\"RLS Wacon analytics GmbH\",\"description\":\"Experts for water monitoring\",\"publisher\":{\"@id\":\"https:\\\/\\\/rls-wacon.de\\\/#organization\"},\"potentialAction\":[{\"@type\":\"SearchAction\",\"target\":{\"@type\":\"EntryPoint\",\"urlTemplate\":\"https:\\\/\\\/rls-wacon.de\\\/?s={search_term_string}\"},\"query-input\":{\"@type\":\"PropertyValueSpecification\",\"valueRequired\":true,\"valueName\":\"search_term_string\"}}],\"inLanguage\":\"pt-BR\"},{\"@type\":\"Organization\",\"@id\":\"https:\\\/\\\/rls-wacon.de\\\/#organization\",\"name\":\"RLS Wacon analytics GmbH\",\"url\":\"https:\\\/\\\/rls-wacon.de\\\/\",\"logo\":{\"@type\":\"ImageObject\",\"inLanguage\":\"pt-BR\",\"@id\":\"https:\\\/\\\/rls-wacon.de\\\/#\\\/schema\\\/logo\\\/image\\\/\",\"url\":\"https:\\\/\\\/rls-wacon.de\\\/wp-content\\\/uploads\\\/2022\\\/10\\\/RLSWacon-analytics-Logo-BR-RZ-9_17-768x1591.png\",\"contentUrl\":\"https:\\\/\\\/rls-wacon.de\\\/wp-content\\\/uploads\\\/2022\\\/10\\\/RLSWacon-analytics-Logo-BR-RZ-9_17-768x1591.png\",\"width\":768,\"height\":159,\"caption\":\"RLS Wacon analytics GmbH\"},\"image\":{\"@id\":\"https:\\\/\\\/rls-wacon.de\\\/#\\\/schema\\\/logo\\\/image\\\/\"}}]}<\/script>\n<meta property=\"og:availability\" content=\"instock\" \/>\n<meta property=\"product:availability\" content=\"instock\" \/>\n<meta property=\"product:retailer_item_id\" content=\"30-610164\" \/>\n<meta property=\"product:condition\" content=\"new\" \/>\n<!-- \/ Yoast SEO Premium plugin. -->","yoast_head_json":{"title":"SYCON BoB - RLS Wacon analytics","description":"O SYCON BoB \u00e9 um analisador on-line certificado pela T\u00dcV para sistemas de caldeiras a vapor. Opera\u00e7\u00e3o BOB 72h de acordo com W\u00dcV 100, RS485 Modbus RTU, 4 rel\u00e9s, 4-20 mA. Fabricado na Alemanha.","robots":{"index":"index","follow":"follow","max-snippet":"max-snippet:-1","max-image-preview":"max-image-preview:large","max-video-preview":"max-video-preview:-1"},"canonical":"https:\/\/rls-wacon.de\/pt-br\/produkt\/sycon-bob\/","og_locale":"pt_BR","og_type":"article","og_title":"SYCON BoB","og_description":"O SYCON BoB \u00e9 um analisador on-line certificado pela T\u00dcV para sistemas de caldeiras a vapor. Opera\u00e7\u00e3o BOB 72h de acordo com W\u00dcV 100, RS485 Modbus RTU, 4 rel\u00e9s, 4-20 mA. Fabricado na Alemanha.","og_url":"https:\/\/rls-wacon.de\/pt-br\/produkt\/sycon-bob\/","og_site_name":"RLS Wacon analytics","article_modified_time":"2026-04-14T11:37:31+00:00","og_image":[{"width":1920,"height":1744,"url":"https:\/\/rls-wacon.de\/wp-content\/uploads\/2023\/03\/sycon-bob-d.jpg","type":"image\/jpeg"}],"twitter_card":"summary_large_image","twitter_misc":{"Disponibilidade":"Em Estoque"},"schema":{"@context":"https:\/\/schema.org","@graph":[{"@type":"WebPage","@id":"https:\/\/rls-wacon.de\/pt-br\/produkt\/sycon-bob\/","url":"https:\/\/rls-wacon.de\/pt-br\/produkt\/sycon-bob\/","name":"SYCON BoB - RLS Wacon analytics","isPartOf":{"@id":"https:\/\/rls-wacon.de\/#website"},"primaryImageOfPage":{"@id":"https:\/\/rls-wacon.de\/pt-br\/produkt\/sycon-bob\/#primaryimage"},"image":{"@id":"https:\/\/rls-wacon.de\/pt-br\/produkt\/sycon-bob\/#primaryimage"},"thumbnailUrl":"https:\/\/rls-wacon.de\/wp-content\/uploads\/2023\/03\/sycon-bob-d.jpg","datePublished":"2023-03-11T21:13:13+00:00","dateModified":"2026-04-14T11:37:31+00:00","description":"O SYCON BoB \u00e9 um analisador on-line certificado pela T\u00dcV para sistemas de caldeiras a vapor. Opera\u00e7\u00e3o BOB 72h de acordo com W\u00dcV 100, RS485 Modbus RTU, 4 rel\u00e9s, 4-20 mA. Fabricado na Alemanha.","breadcrumb":{"@id":"https:\/\/rls-wacon.de\/pt-br\/produkt\/sycon-bob\/#breadcrumb"},"inLanguage":"pt-BR","potentialAction":[{"@type":"ReadAction","target":["https:\/\/rls-wacon.de\/pt-br\/produkt\/sycon-bob\/"]}]},{"@type":"ImageObject","inLanguage":"pt-BR","@id":"https:\/\/rls-wacon.de\/pt-br\/produkt\/sycon-bob\/#primaryimage","url":"https:\/\/rls-wacon.de\/wp-content\/uploads\/2023\/03\/sycon-bob-d.jpg","contentUrl":"https:\/\/rls-wacon.de\/wp-content\/uploads\/2023\/03\/sycon-bob-d.jpg","width":1920,"height":1744,"caption":"sycon-bob-d"},{"@type":"BreadcrumbList","@id":"https:\/\/rls-wacon.de\/pt-br\/produkt\/sycon-bob\/#breadcrumb","itemListElement":[{"@type":"ListItem","position":1,"name":"Startseite","item":"https:\/\/rls-wacon.de\/pt-br\/"},{"@type":"ListItem","position":2,"name":"Produtos","item":"https:\/\/rls-wacon.de\/shop\/"},{"@type":"ListItem","position":3,"name":"SYCON BoB"}]},{"@type":"WebSite","@id":"https:\/\/rls-wacon.de\/#website","url":"https:\/\/rls-wacon.de\/","name":"RLS Wacon analytics GmbH","description":"Experts for water monitoring","publisher":{"@id":"https:\/\/rls-wacon.de\/#organization"},"potentialAction":[{"@type":"SearchAction","target":{"@type":"EntryPoint","urlTemplate":"https:\/\/rls-wacon.de\/?s={search_term_string}"},"query-input":{"@type":"PropertyValueSpecification","valueRequired":true,"valueName":"search_term_string"}}],"inLanguage":"pt-BR"},{"@type":"Organization","@id":"https:\/\/rls-wacon.de\/#organization","name":"RLS Wacon analytics GmbH","url":"https:\/\/rls-wacon.de\/","logo":{"@type":"ImageObject","inLanguage":"pt-BR","@id":"https:\/\/rls-wacon.de\/#\/schema\/logo\/image\/","url":"https:\/\/rls-wacon.de\/wp-content\/uploads\/2022\/10\/RLSWacon-analytics-Logo-BR-RZ-9_17-768x1591.png","contentUrl":"https:\/\/rls-wacon.de\/wp-content\/uploads\/2022\/10\/RLSWacon-analytics-Logo-BR-RZ-9_17-768x1591.png","width":768,"height":159,"caption":"RLS Wacon analytics GmbH"},"image":{"@id":"https:\/\/rls-wacon.de\/#\/schema\/logo\/image\/"}}]},"og_availability":"instock","product_availability":"instock","product_retailer_item_id":"30-610164","product_condition":"new"},"_links":{"self":[{"href":"https:\/\/rls-wacon.de\/pt-br\/wp-json\/wp\/v2\/product\/24027","targetHints":{"allow":["GET"]}}],"collection":[{"href":"https:\/\/rls-wacon.de\/pt-br\/wp-json\/wp\/v2\/product"}],"about":[{"href":"https:\/\/rls-wacon.de\/pt-br\/wp-json\/wp\/v2\/types\/product"}],"version-history":[{"count":5,"href":"https:\/\/rls-wacon.de\/pt-br\/wp-json\/wp\/v2\/product\/24027\/revisions"}],"predecessor-version":[{"id":31324,"href":"https:\/\/rls-wacon.de\/pt-br\/wp-json\/wp\/v2\/product\/24027\/revisions\/31324"}],"wp:featuredmedia":[{"embeddable":true,"href":"https:\/\/rls-wacon.de\/pt-br\/wp-json\/wp\/v2\/media\/6315"}],"wp:attachment":[{"href":"https:\/\/rls-wacon.de\/pt-br\/wp-json\/wp\/v2\/media?parent=24027"}],"wp:term":[{"taxonomy":"product_brand","embeddable":true,"href":"https:\/\/rls-wacon.de\/pt-br\/wp-json\/wp\/v2\/product_brand?post=24027"},{"taxonomy":"product_cat","embeddable":true,"href":"https:\/\/rls-wacon.de\/pt-br\/wp-json\/wp\/v2\/product_cat?post=24027"},{"taxonomy":"product_tag","embeddable":true,"href":"https:\/\/rls-wacon.de\/pt-br\/wp-json\/wp\/v2\/product_tag?post=24027"}],"curies":[{"name":"wp","href":"https:\/\/api.w.org\/{rel}","templated":true}]}}