{"id":24044,"date":"2023-03-11T22:13:14","date_gmt":"2023-03-11T21:13:14","guid":{"rendered":"https:\/\/rls-wacon.de\/produkt\/sycon-sio2\/"},"modified":"2026-04-14T13:32:42","modified_gmt":"2026-04-14T11:32:42","slug":"sycon-sio2","status":"publish","type":"product","link":"https:\/\/rls-wacon.de\/pt-br\/produkt\/sycon-sio2\/","title":{"rendered":"SYCON SiO2"},"content":{"rendered":"<h2 style=\"color: #0069b3;\">SYCON SiO2 &#8211; Analisador on-line para medi\u00e7\u00e3o autom\u00e1tica da concentra\u00e7\u00e3o de silicato<\/h2>\n<h3 style=\"color: #0069b3;\">Por que o silicato precisa ser monitorado?<\/h3>\n<p>O silicato (SiO\u2082) \u00e9 um componente natural de muitos corpos d&#8217;\u00e1gua e entra nos processos industriais por meio da \u00e1gua bruta. Em baixas concentra\u00e7\u00f5es, o silicato \u00e9 impercept\u00edvel, mas com apenas alguns ppm, dep\u00f3sitos extremamente duros e semelhantes a vidro podem se formar nas p\u00e1s da turbina, membranas e trocadores de calor.  <strong>Esses dep\u00f3sitos s\u00e3o muito dif\u00edceis de remover e levam \u00e0 perda de desempenho, ao aumento do consumo de energia e a tempos de inatividade dispendiosos.<\/strong><\/p>\n<p>O monitoramento de silicato \u00e9 particularmente importante em usinas de energia, sistemas de \u00e1gua ultrapura e onde quer que sejam usados filtros de leito misto ou membranas de osmose reversa. O monitoramento on-line cont\u00ednuo reconhece o esgotamento do meio filtrante em um est\u00e1gio inicial e protege os componentes do sistema a jusante. <\/p>\n<h3 style=\"color: #0069b3;\">O que \u00e9 o SYCON SiO2?<\/h3>\n<p>O SYCON SiO2 da RLS Wacon \u00e9 um analisador on-line totalmente autom\u00e1tico para a determina\u00e7\u00e3o quantitativa da concentra\u00e7\u00e3o de silicato ou \u00e1cido sil\u00edcico na \u00e1gua de processo. Ele funciona de acordo com o m\u00e9todo colorim\u00e9trico e abrange um amplo espectro com duas faixas de medi\u00e7\u00e3o: desde o monitoramento de \u00e1gua ultrapura na faixa inferior de ppb at\u00e9 \u00e1gua de processo altamente contaminada com at\u00e9 150 ppm de SiO\u2082. <\/p>\n<p>O dispositivo oferece toda a gama de fun\u00e7\u00f5es da plataforma SYCON: quatro sa\u00eddas de rel\u00e9, Modbus RTU, sa\u00edda anal\u00f3gica 4-20 mA, duas entradas digitais e um visor gr\u00e1fico em 9 idiomas.<\/p>\n<h3 style=\"color: #0069b3;\">Como funciona o SYCON SiO2?<\/h3>\n<p>O SYCON SiO2 funciona de acordo com o <strong>m\u00e9todo colorim\u00e9trico<\/strong>. Uma amostra de \u00e1gua \u00e9 alimentada automaticamente na c\u00e2mara de medi\u00e7\u00e3o. Em seguida, os reagentes s\u00e3o adicionados: Tr\u00eas reagentes (Silicato-A, -B e -C) s\u00e3o usados na faixa de medi\u00e7\u00e3o LR (Low Range) e dois (Silicato-B e -C) na faixa de medi\u00e7\u00e3o HR (High Range). Os reagentes geram uma rea\u00e7\u00e3o de cor cuja intensidade \u00e9 proporcional \u00e0 concentra\u00e7\u00e3o de silicato. Um sensor \u00f3ptico avalia a intensidade da cor e calcula o valor medido.    <\/p>\n<p>Antes de cada medi\u00e7\u00e3o, o dispositivo executa automaticamente um ajuste do ponto zero para compensar as vari\u00e1veis de perturba\u00e7\u00e3o, como turbidez ou contamina\u00e7\u00e3o. O tempo de an\u00e1lise \u00e9 de aproximadamente 15 minutos. Os valores medidos s\u00e3o mostrados no visor e registrados automaticamente no cart\u00e3o SD.  <\/p>\n<h3 style=\"color: #0069b3;\">Duas faixas de medi\u00e7\u00e3o para diferentes requisitos<\/h3>\n<table class=\"h3-table\">\n<thead>\n<tr>\n<th style=\"background-color: #0069b3; color: #ffffff;\">Faixa de medi\u00e7\u00e3o<\/th>\n<th style=\"background-color: #0069b3; color: #ffffff;\">Faixa de medi\u00e7\u00e3o<\/th>\n<th style=\"background-color: #0069b3; color: #ffffff;\">Reagentes<\/th>\n<th style=\"background-color: #0069b3; color: #ffffff;\">Aplica\u00e7\u00e3o t\u00edpica<\/th>\n<\/tr>\n<\/thead>\n<tbody>\n<tr>\n<td><strong>LR (Faixa Baixa)<\/strong><\/td>\n<td>0,02-10 ppm SiO\u2082<\/td>\n<td>Silicato-A, -B, -C<\/td>\n<td>\u00c1gua ultrapura, monitoramento de filtro de leito misto, \u00e1gua de alimenta\u00e7\u00e3o de caldeira<\/td>\n<\/tr>\n<tr>\n<td><strong>HR (faixa alta)<\/strong><\/td>\n<td>10-150 ppm SiO\u2082<\/td>\n<td>Silicato-B, -C<\/td>\n<td>Monitoramento de \u00e1gua de processo, circuitos de resfriamento<\/td>\n<\/tr>\n<\/tbody>\n<\/table>\n<p>O valor medido pode ser exibido como silicato (Si) ou \u00e1cido sil\u00edcico (SiO\u2082) nas unidades mg\/l, ppm, \u00b5g\/l ou ppb.<\/p>\n<h3 style=\"color: #0069b3;\">Vantagens do SYCON SiO2<\/h3>\n<ul class=\"feature-list\">\n<li>Ampla faixa de medi\u00e7\u00e3o de 0,02 a 150 ppm de SiO\u2082\n<p style=\"text-indent: 30px; font-style: italic;\">Duas faixas de medi\u00e7\u00e3o (LR e HR) abrangem desde \u00e1gua ultrapura at\u00e9 \u00e1gua de processo altamente contaminada<\/p>\n<\/li>\n<li>Ajuste autom\u00e1tico do ponto zero antes de cada medi\u00e7\u00e3o\n<p style=\"text-indent: 30px; font-style: italic;\">Compensa a turbidez, a contamina\u00e7\u00e3o e a luz estranha &#8211; resultados confi\u00e1veis mesmo em condi\u00e7\u00f5es dif\u00edceis<\/p>\n<\/li>\n<li>Detec\u00e7\u00e3o precoce de exaust\u00e3o do filtro\n<p style=\"text-indent: 30px; font-style: italic;\">Ideal para monitorar filtros de leito misto &#8211; recomendado entre o filtro principal e o filtro de pol\u00edcia<\/p>\n<\/li>\n<li>Interface RS485 com Modbus RTU\n<p style=\"text-indent: 30px; font-style: italic;\">Integra\u00e7\u00e3o perfeita com sistemas PLC e SCADA para monitoramento centralizado de processos<\/p>\n<\/li>\n<li>4 sa\u00eddas de rel\u00e9 sem potencial\n<p style=\"text-indent: 30px; font-style: italic;\">Valor limite 1, valor limite 2, falha do dispositivo, an\u00e1lise ativa \/ v\u00e1lvula de \u00e1gua de resfriamento \/ mensagem de reagente<\/p>\n<\/li>\n<li>Caixa de pl\u00e1stico compacta e livre de corros\u00e3o\n<p style=\"text-indent: 30px; font-style: italic;\">Todos os componentes s\u00e3o facilmente acess\u00edveis &#8211; a manuten\u00e7\u00e3o da c\u00e2mara de medi\u00e7\u00e3o \u00e9 poss\u00edvel sem ferramentas<\/p>\n<\/li>\n<li>Sensor autocalibr\u00e1vel\n<p style=\"text-indent: 30px; font-style: italic;\">N\u00e3o \u00e9 necess\u00e1ria calibra\u00e7\u00e3o manual durante a opera\u00e7\u00e3o normal<\/p>\n<\/li>\n<li>Tela gr\u00e1fica de 9 idiomas com cart\u00e3o SD\n<p style=\"text-indent: 30px; font-style: italic;\">Registro completo, assistente de instala\u00e7\u00e3o, atualiza\u00e7\u00f5es de software via cart\u00e3o SD<\/p>\n<\/li>\n<\/ul>\n","protected":false},"excerpt":{"rendered":"<p>O SYCON SiO2 \u00e9 um analisador para monitorar o silicato na faixa de ppm.<br \/>\n\u00c9 necess\u00e1rio um conjunto de indicadores A, B e C para a medi\u00e7\u00e3o na faixa baixa (LR: 0,02-10 mg\/l).<br \/>\nPara concentra\u00e7\u00f5es mais altas (HR: 10-150 mg\/l), \u00e9 necess\u00e1rio um conjunto de indicadores B e C.<\/p>\n<p>Os recursos especiais do analisador SYCON SiO2 incluem<\/p>\n<ul>\n<li>Design compacto com componentes de f\u00e1cil acesso<\/li>\n<li>Manuten\u00e7\u00e3o da c\u00e9lula de medi\u00e7\u00e3o sem ferramentas<\/li>\n<li>Opera\u00e7\u00e3o simples e intuitiva por meio de 8 bot\u00f5es e tela grande<\/li>\n<li>Tecnologia de an\u00e1lise dur\u00e1vel e precisa<\/li>\n<li>Amplo equipamento padr\u00e3o<\/li>\n<\/ul>\n<p>As seguintes fun\u00e7\u00f5es s\u00e3o exibidas de forma confi\u00e1vel pelo analisador de silicato SYCON:<\/p>\n<ul>\n<li>Ajuste autom\u00e1tico do ponto zero antes de cada medi\u00e7\u00e3o<\/li>\n<li>Um valor limite ajust\u00e1vel individualmente para a fun\u00e7\u00e3o de alarme via rel\u00e9<\/li>\n<li>Interfaces para sa\u00edda de valores medidos\n<ul>\n<li>Valores medidos e registro no cart\u00e3o SD<\/li>\n<li>Modbus RTU<\/li>\n<li>Sa\u00edda anal\u00f3gica 4 &#8211; 20 mA para valor medido ou mensagens de status detalhadas<\/li>\n<li>Quatro sa\u00eddas de rel\u00e9 para mensagens individuais de alarme e aviso e para controlar outros componentes (por exemplo, bomba de amostragem para \u00e1gua de amostragem n\u00e3o pressurizada)<\/li>\n<\/ul>\n<\/li>\n<li>Duas entradas digitais program\u00e1veis<\/li>\n<\/ul>\n<p>&nbsp;<\/p>\n","protected":false},"featured_media":5451,"template":"","meta":{"_acf_changed":false},"product_brand":[],"product_cat":[1343,1475],"product_tag":[2702,2705,2571,2569,2293,2704,2575,2706,2577,2703,2701,2700],"class_list":{"0":"post-24044","1":"product","2":"type-product","3":"status-publish","4":"has-post-thumbnail","6":"product_cat-silicato-pt-br","7":"product_cat-sycon-pt-br","8":"product_tag-acido-silicico","9":"product_tag-agua-ultrapura","10":"product_tag-analise-da-agua","11":"product_tag-analise-on-line","12":"product_tag-estacao-de-energia","13":"product_tag-filtro-de-leito-misto","14":"product_tag-modbus-rtu","15":"product_tag-protecao-da-turbina","16":"product_tag-rs485","17":"product_tag-silica","18":"product_tag-silicato-2","19":"product_tag-sycon-sio2","21":"first","22":"instock","23":"shipping-taxable","24":"purchasable","25":"product-type-variable"},"exclude_global_add_ons":[],"addons":[],"acf":[],"yoast_head":"<!-- This site is optimized with the Yoast SEO Premium plugin v27.5 (Yoast SEO v27.5) - https:\/\/yoast.com\/product\/yoast-seo-premium-wordpress\/ -->\n<title>SYCON SiO2 - RLS Wacon analytics<\/title>\n<meta name=\"description\" content=\"O SYCON SiO2 \u00e9 um analisador on-line totalmente autom\u00e1tico para medir a concentra\u00e7\u00e3o de silicato (0,02-150 ppm). M\u00e9todo colorim\u00e9trico, RS485 Modbus RTU, 4 rel\u00e9s. Fabricado na Alemanha.\" \/>\n<meta name=\"robots\" content=\"index, follow, max-snippet:-1, max-image-preview:large, max-video-preview:-1\" \/>\n<link rel=\"canonical\" href=\"https:\/\/rls-wacon.de\/pt-br\/produkt\/sycon-sio2\/\" \/>\n<meta property=\"og:locale\" content=\"pt_BR\" \/>\n<meta property=\"og:type\" content=\"article\" \/>\n<meta property=\"og:title\" content=\"SYCON SiO2\" \/>\n<meta property=\"og:description\" content=\"O SYCON SiO2 \u00e9 um analisador on-line totalmente autom\u00e1tico para medir a concentra\u00e7\u00e3o de silicato (0,02-150 ppm). M\u00e9todo colorim\u00e9trico, RS485 Modbus RTU, 4 rel\u00e9s. Fabricado na Alemanha.\" \/>\n<meta property=\"og:url\" content=\"https:\/\/rls-wacon.de\/pt-br\/produkt\/sycon-sio2\/\" \/>\n<meta property=\"og:site_name\" content=\"RLS Wacon analytics\" \/>\n<meta property=\"article:modified_time\" content=\"2026-04-14T11:32:42+00:00\" \/>\n<meta property=\"og:image\" content=\"https:\/\/rls-wacon.de\/wp-content\/uploads\/2023\/03\/sycon-sio2.jpg\" \/>\n\t<meta property=\"og:image:width\" content=\"1920\" \/>\n\t<meta property=\"og:image:height\" content=\"1334\" \/>\n\t<meta property=\"og:image:type\" content=\"image\/jpeg\" \/>\n<meta name=\"twitter:card\" content=\"summary_large_image\" \/>\n<meta name=\"twitter:label1\" content=\"Disponibilidade\" \/>\n\t<meta name=\"twitter:data1\" content=\"Em Estoque\" \/>\n<script type=\"application\/ld+json\" class=\"yoast-schema-graph\">{\"@context\":\"https:\\\/\\\/schema.org\",\"@graph\":[{\"@type\":\"WebPage\",\"@id\":\"https:\\\/\\\/rls-wacon.de\\\/pt-br\\\/produkt\\\/sycon-sio2\\\/\",\"url\":\"https:\\\/\\\/rls-wacon.de\\\/pt-br\\\/produkt\\\/sycon-sio2\\\/\",\"name\":\"SYCON SiO2 - RLS Wacon analytics\",\"isPartOf\":{\"@id\":\"https:\\\/\\\/rls-wacon.de\\\/#website\"},\"primaryImageOfPage\":{\"@id\":\"https:\\\/\\\/rls-wacon.de\\\/pt-br\\\/produkt\\\/sycon-sio2\\\/#primaryimage\"},\"image\":{\"@id\":\"https:\\\/\\\/rls-wacon.de\\\/pt-br\\\/produkt\\\/sycon-sio2\\\/#primaryimage\"},\"thumbnailUrl\":\"https:\\\/\\\/rls-wacon.de\\\/wp-content\\\/uploads\\\/2023\\\/03\\\/sycon-sio2.jpg\",\"datePublished\":\"2023-03-11T21:13:14+00:00\",\"dateModified\":\"2026-04-14T11:32:42+00:00\",\"description\":\"O SYCON SiO2 \u00e9 um analisador on-line totalmente autom\u00e1tico para medir a concentra\u00e7\u00e3o de silicato (0,02-150 ppm). M\u00e9todo colorim\u00e9trico, RS485 Modbus RTU, 4 rel\u00e9s. Fabricado na Alemanha.\",\"breadcrumb\":{\"@id\":\"https:\\\/\\\/rls-wacon.de\\\/pt-br\\\/produkt\\\/sycon-sio2\\\/#breadcrumb\"},\"inLanguage\":\"pt-BR\",\"potentialAction\":[{\"@type\":\"ReadAction\",\"target\":[\"https:\\\/\\\/rls-wacon.de\\\/pt-br\\\/produkt\\\/sycon-sio2\\\/\"]}]},{\"@type\":\"ImageObject\",\"inLanguage\":\"pt-BR\",\"@id\":\"https:\\\/\\\/rls-wacon.de\\\/pt-br\\\/produkt\\\/sycon-sio2\\\/#primaryimage\",\"url\":\"https:\\\/\\\/rls-wacon.de\\\/wp-content\\\/uploads\\\/2023\\\/03\\\/sycon-sio2.jpg\",\"contentUrl\":\"https:\\\/\\\/rls-wacon.de\\\/wp-content\\\/uploads\\\/2023\\\/03\\\/sycon-sio2.jpg\",\"width\":1920,\"height\":1334,\"caption\":\"sycon-sio2\"},{\"@type\":\"BreadcrumbList\",\"@id\":\"https:\\\/\\\/rls-wacon.de\\\/pt-br\\\/produkt\\\/sycon-sio2\\\/#breadcrumb\",\"itemListElement\":[{\"@type\":\"ListItem\",\"position\":1,\"name\":\"Startseite\",\"item\":\"https:\\\/\\\/rls-wacon.de\\\/pt-br\\\/\"},{\"@type\":\"ListItem\",\"position\":2,\"name\":\"Produtos\",\"item\":\"https:\\\/\\\/rls-wacon.de\\\/shop\\\/\"},{\"@type\":\"ListItem\",\"position\":3,\"name\":\"SYCON SiO2\"}]},{\"@type\":\"WebSite\",\"@id\":\"https:\\\/\\\/rls-wacon.de\\\/#website\",\"url\":\"https:\\\/\\\/rls-wacon.de\\\/\",\"name\":\"RLS Wacon analytics GmbH\",\"description\":\"Experts for water monitoring\",\"publisher\":{\"@id\":\"https:\\\/\\\/rls-wacon.de\\\/#organization\"},\"potentialAction\":[{\"@type\":\"SearchAction\",\"target\":{\"@type\":\"EntryPoint\",\"urlTemplate\":\"https:\\\/\\\/rls-wacon.de\\\/?s={search_term_string}\"},\"query-input\":{\"@type\":\"PropertyValueSpecification\",\"valueRequired\":true,\"valueName\":\"search_term_string\"}}],\"inLanguage\":\"pt-BR\"},{\"@type\":\"Organization\",\"@id\":\"https:\\\/\\\/rls-wacon.de\\\/#organization\",\"name\":\"RLS Wacon analytics GmbH\",\"url\":\"https:\\\/\\\/rls-wacon.de\\\/\",\"logo\":{\"@type\":\"ImageObject\",\"inLanguage\":\"pt-BR\",\"@id\":\"https:\\\/\\\/rls-wacon.de\\\/#\\\/schema\\\/logo\\\/image\\\/\",\"url\":\"https:\\\/\\\/rls-wacon.de\\\/wp-content\\\/uploads\\\/2022\\\/10\\\/RLSWacon-analytics-Logo-BR-RZ-9_17-768x1591.png\",\"contentUrl\":\"https:\\\/\\\/rls-wacon.de\\\/wp-content\\\/uploads\\\/2022\\\/10\\\/RLSWacon-analytics-Logo-BR-RZ-9_17-768x1591.png\",\"width\":768,\"height\":159,\"caption\":\"RLS Wacon analytics GmbH\"},\"image\":{\"@id\":\"https:\\\/\\\/rls-wacon.de\\\/#\\\/schema\\\/logo\\\/image\\\/\"}}]}<\/script>\n<meta property=\"og:availability\" content=\"instock\" \/>\n<meta property=\"product:availability\" content=\"instock\" \/>\n<meta property=\"product:retailer_item_id\" content=\"30-000178\" \/>\n<meta property=\"product:condition\" content=\"new\" \/>\n<!-- \/ Yoast SEO Premium plugin. -->","yoast_head_json":{"title":"SYCON SiO2 - RLS Wacon analytics","description":"O SYCON SiO2 \u00e9 um analisador on-line totalmente autom\u00e1tico para medir a concentra\u00e7\u00e3o de silicato (0,02-150 ppm). M\u00e9todo colorim\u00e9trico, RS485 Modbus RTU, 4 rel\u00e9s. Fabricado na Alemanha.","robots":{"index":"index","follow":"follow","max-snippet":"max-snippet:-1","max-image-preview":"max-image-preview:large","max-video-preview":"max-video-preview:-1"},"canonical":"https:\/\/rls-wacon.de\/pt-br\/produkt\/sycon-sio2\/","og_locale":"pt_BR","og_type":"article","og_title":"SYCON SiO2","og_description":"O SYCON SiO2 \u00e9 um analisador on-line totalmente autom\u00e1tico para medir a concentra\u00e7\u00e3o de silicato (0,02-150 ppm). M\u00e9todo colorim\u00e9trico, RS485 Modbus RTU, 4 rel\u00e9s. Fabricado na Alemanha.","og_url":"https:\/\/rls-wacon.de\/pt-br\/produkt\/sycon-sio2\/","og_site_name":"RLS Wacon analytics","article_modified_time":"2026-04-14T11:32:42+00:00","og_image":[{"width":1920,"height":1334,"url":"https:\/\/rls-wacon.de\/wp-content\/uploads\/2023\/03\/sycon-sio2.jpg","type":"image\/jpeg"}],"twitter_card":"summary_large_image","twitter_misc":{"Disponibilidade":"Em Estoque"},"schema":{"@context":"https:\/\/schema.org","@graph":[{"@type":"WebPage","@id":"https:\/\/rls-wacon.de\/pt-br\/produkt\/sycon-sio2\/","url":"https:\/\/rls-wacon.de\/pt-br\/produkt\/sycon-sio2\/","name":"SYCON SiO2 - RLS Wacon analytics","isPartOf":{"@id":"https:\/\/rls-wacon.de\/#website"},"primaryImageOfPage":{"@id":"https:\/\/rls-wacon.de\/pt-br\/produkt\/sycon-sio2\/#primaryimage"},"image":{"@id":"https:\/\/rls-wacon.de\/pt-br\/produkt\/sycon-sio2\/#primaryimage"},"thumbnailUrl":"https:\/\/rls-wacon.de\/wp-content\/uploads\/2023\/03\/sycon-sio2.jpg","datePublished":"2023-03-11T21:13:14+00:00","dateModified":"2026-04-14T11:32:42+00:00","description":"O SYCON SiO2 \u00e9 um analisador on-line totalmente autom\u00e1tico para medir a concentra\u00e7\u00e3o de silicato (0,02-150 ppm). M\u00e9todo colorim\u00e9trico, RS485 Modbus RTU, 4 rel\u00e9s. Fabricado na Alemanha.","breadcrumb":{"@id":"https:\/\/rls-wacon.de\/pt-br\/produkt\/sycon-sio2\/#breadcrumb"},"inLanguage":"pt-BR","potentialAction":[{"@type":"ReadAction","target":["https:\/\/rls-wacon.de\/pt-br\/produkt\/sycon-sio2\/"]}]},{"@type":"ImageObject","inLanguage":"pt-BR","@id":"https:\/\/rls-wacon.de\/pt-br\/produkt\/sycon-sio2\/#primaryimage","url":"https:\/\/rls-wacon.de\/wp-content\/uploads\/2023\/03\/sycon-sio2.jpg","contentUrl":"https:\/\/rls-wacon.de\/wp-content\/uploads\/2023\/03\/sycon-sio2.jpg","width":1920,"height":1334,"caption":"sycon-sio2"},{"@type":"BreadcrumbList","@id":"https:\/\/rls-wacon.de\/pt-br\/produkt\/sycon-sio2\/#breadcrumb","itemListElement":[{"@type":"ListItem","position":1,"name":"Startseite","item":"https:\/\/rls-wacon.de\/pt-br\/"},{"@type":"ListItem","position":2,"name":"Produtos","item":"https:\/\/rls-wacon.de\/shop\/"},{"@type":"ListItem","position":3,"name":"SYCON SiO2"}]},{"@type":"WebSite","@id":"https:\/\/rls-wacon.de\/#website","url":"https:\/\/rls-wacon.de\/","name":"RLS Wacon analytics GmbH","description":"Experts for water monitoring","publisher":{"@id":"https:\/\/rls-wacon.de\/#organization"},"potentialAction":[{"@type":"SearchAction","target":{"@type":"EntryPoint","urlTemplate":"https:\/\/rls-wacon.de\/?s={search_term_string}"},"query-input":{"@type":"PropertyValueSpecification","valueRequired":true,"valueName":"search_term_string"}}],"inLanguage":"pt-BR"},{"@type":"Organization","@id":"https:\/\/rls-wacon.de\/#organization","name":"RLS Wacon analytics GmbH","url":"https:\/\/rls-wacon.de\/","logo":{"@type":"ImageObject","inLanguage":"pt-BR","@id":"https:\/\/rls-wacon.de\/#\/schema\/logo\/image\/","url":"https:\/\/rls-wacon.de\/wp-content\/uploads\/2022\/10\/RLSWacon-analytics-Logo-BR-RZ-9_17-768x1591.png","contentUrl":"https:\/\/rls-wacon.de\/wp-content\/uploads\/2022\/10\/RLSWacon-analytics-Logo-BR-RZ-9_17-768x1591.png","width":768,"height":159,"caption":"RLS Wacon analytics GmbH"},"image":{"@id":"https:\/\/rls-wacon.de\/#\/schema\/logo\/image\/"}}]},"og_availability":"instock","product_availability":"instock","product_retailer_item_id":"30-000178","product_condition":"new"},"_links":{"self":[{"href":"https:\/\/rls-wacon.de\/pt-br\/wp-json\/wp\/v2\/product\/24044","targetHints":{"allow":["GET"]}}],"collection":[{"href":"https:\/\/rls-wacon.de\/pt-br\/wp-json\/wp\/v2\/product"}],"about":[{"href":"https:\/\/rls-wacon.de\/pt-br\/wp-json\/wp\/v2\/types\/product"}],"version-history":[{"count":3,"href":"https:\/\/rls-wacon.de\/pt-br\/wp-json\/wp\/v2\/product\/24044\/revisions"}],"predecessor-version":[{"id":31308,"href":"https:\/\/rls-wacon.de\/pt-br\/wp-json\/wp\/v2\/product\/24044\/revisions\/31308"}],"wp:featuredmedia":[{"embeddable":true,"href":"https:\/\/rls-wacon.de\/pt-br\/wp-json\/wp\/v2\/media\/5451"}],"wp:attachment":[{"href":"https:\/\/rls-wacon.de\/pt-br\/wp-json\/wp\/v2\/media?parent=24044"}],"wp:term":[{"taxonomy":"product_brand","embeddable":true,"href":"https:\/\/rls-wacon.de\/pt-br\/wp-json\/wp\/v2\/product_brand?post=24044"},{"taxonomy":"product_cat","embeddable":true,"href":"https:\/\/rls-wacon.de\/pt-br\/wp-json\/wp\/v2\/product_cat?post=24044"},{"taxonomy":"product_tag","embeddable":true,"href":"https:\/\/rls-wacon.de\/pt-br\/wp-json\/wp\/v2\/product_tag?post=24044"}],"curies":[{"name":"wp","href":"https:\/\/api.w.org\/{rel}","templated":true}]}}