{"id":24123,"date":"2023-09-14T13:54:41","date_gmt":"2023-09-14T13:54:41","guid":{"rendered":"https:\/\/rls-wacon.de\/produkt\/resfriador-de-amostras-ac-400-com-valvulas-2\/"},"modified":"2026-02-16T23:37:09","modified_gmt":"2026-02-16T22:37:09","slug":"resfriador-de-amostras-ac-400-com-valvulas-2","status":"publish","type":"product","link":"https:\/\/rls-wacon.de\/pt-br\/produkt\/resfriador-de-amostras-ac-400-com-valvulas-2\/","title":{"rendered":"Resfriador de amostras AC 400 com v\u00e1lvulas"},"content":{"rendered":"<p>Nossos resfriadores de amostras da s\u00e9rie AC s\u00e3o ideais para a coleta manual de amostras de \u00e1gua que precisam ser resfriadas \u00e0 temperatura ambiente normal para fins anal\u00edticos. Os resfriadores de amostras da RLS Wacon s\u00e3o usados principalmente em opera\u00e7\u00f5es de caldeiras.<\/p>\n<p>Os recursos especiais dos resfriadores de amostras da s\u00e9rie AC incluem<\/p>\n<ul>\n<li>Resfriador de amostras, opcionalmente com ou sem v\u00e1lvula<\/li>\n<li>Design compacto<\/li>\n<li>Uso de a\u00e7o inoxid\u00e1vel de alta qualidade<\/li>\n<\/ul>\n<p>&nbsp;<\/p>\n<hr class=\"system-pagebreak\" title=\"Especifica\u00e7\u00f5es gerais\" \/>\n<table class=\"wacon-table\">\n<tbody>\n<tr>\n<td>Par\u00e2metros<\/td>\n<td>Valor \/ Faixa<\/td>\n<\/tr>\n<tr>\n<td>Peso<\/td>\n<td>3,7 kg sem v\u00e1lvulas \/ 4,18 kg com v\u00e1lvulas<\/td>\n<\/tr>\n<tr>\n<td>Dimens\u00f5es<\/td>\n<td>Corpo 100 x 448 mm \/ bobina de resfriamento 5 m x 8 mm<\/td>\n<\/tr>\n<tr>\n<td>material<\/td>\n<td>A\u00e7o inoxid\u00e1vel 1.4571, eletropolido<\/td>\n<\/tr>\n<\/tbody>\n<\/table>\n<hr class=\"system-pagebreak\" title=\"Dados t\u00e9cnicos\" \/>\n<table class=\"wacon-table\">\n<tbody>\n<tr>\n<td>Par\u00e2metros<\/td>\n<td>Valor \/ Faixa<\/td>\n<\/tr>\n<tr>\n<td>instala\u00e7\u00e3o<\/td>\n<td>Montagem na parede em salas fechadas<\/td>\n<\/tr>\n<tr>\n<td>Entrada de \u00e1gua de resfriamento<\/td>\n<td>8 mm<\/td>\n<\/tr>\n<tr>\n<td>Sa\u00edda de \u00e1gua de resfriamento<\/td>\n<td>Rosca externa de 1\/2<\/td>\n<\/tr>\n<tr>\n<td>Entrada de \u00e1gua de amostra<\/td>\n<td>8 mm<\/td>\n<\/tr>\n<tr>\n<td>Sa\u00edda de \u00e1gua da amostra<\/td>\n<td>8 mm<\/td>\n<\/tr>\n<tr>\n<td>Press\u00e3o nominal<\/td>\n<td>16 bar (sa\u00eddas abertas)<\/td>\n<\/tr>\n<tr>\n<td>Bobina de resfriamento<\/td>\n<td>16 bar<\/td>\n<\/tr>\n<tr>\n<td>Montagem<\/td>\n<td>2 dobras, espa\u00e7amento 54 mm, di\u00e2metro do parafuso 4 mm<\/td>\n<\/tr>\n<\/tbody>\n<\/table>\n<hr class=\"system-pagebreak\" title=\"Acess\u00f3rios\" \/>\n<table class=\"wacon-table\">\n<tbody>\n<tr>\n<td>N\u00famero do item<\/td>\n<td>Descri\u00e7\u00e3o do artigo<\/td>\n<\/tr>\n<tr>\n<td>30-012115<\/td>\n<td>V\u00e1lvula de \u00e1gua quente tipo HWV 400, VA, press\u00e3o de entrada m\u00e1xima de 200 bar, 250\u00b0C<\/td>\n<\/tr>\n<tr>\n<td>30-012125<\/td>\n<td>V\u00e1lvula de \u00e1gua fria tipo KWV 400, v\u00e1lvula de esfera de lat\u00e3o niquelado de 1\/2 pol<sup>. <\/sup>com conex\u00f5es de parafuso, press\u00e3o de entrada m\u00e1xima de 10 bar<\/td>\n<\/tr>\n<tr>\n<td><\/td>\n<td><\/td>\n<\/tr>\n<\/tbody>\n<\/table>\n","protected":false},"excerpt":{"rendered":"<p>Nossos resfriadores de amostras da s\u00e9rie AC s\u00e3o ideais para a coleta manual de amostras de \u00e1gua que precisam ser resfriadas \u00e0 temperatura ambiente normal para fins anal\u00edticos. Os resfriadores de amostras da RLS Wacon s\u00e3o usados principalmente em opera\u00e7\u00f5es de caldeiras.<\/p>\n<p>Os recursos especiais dos resfriadores de amostras da s\u00e9rie AC incluem<\/p>\n<ul>\n<li>Resfriador de amostras, opcionalmente com ou sem v\u00e1lvula<\/li>\n<li>Design compacto<\/li>\n<li>Uso de a\u00e7o inoxid\u00e1vel de alta qualidade<\/li>\n<\/ul>\n<p>&nbsp;<\/p>\n","protected":false},"featured_media":6755,"template":"","meta":{"_acf_changed":false},"product_brand":[],"product_cat":[1345],"product_tag":[],"class_list":{"0":"post-24123","1":"product","2":"type-product","3":"status-publish","4":"has-post-thumbnail","6":"product_cat-amostragem-e-resfriador","8":"first","9":"instock","10":"shipping-taxable","11":"purchasable","12":"product-type-simple"},"exclude_global_add_ons":[],"addons":[],"acf":[],"yoast_head":"<!-- This site is optimized with the Yoast SEO Premium plugin v27.3 (Yoast SEO v27.3) - https:\/\/yoast.com\/product\/yoast-seo-premium-wordpress\/ -->\n<title>Resfriador de amostras AC 400 com v\u00e1lvulas - RLS Wacon analytics<\/title>\n<meta name=\"description\" content=\"Nossos resfriadores de amostras da s\u00e9rie AC s\u00e3o ideais para a coleta manual de amostras de \u00e1gua que precisam ser resfriadas \u00e0 temperatura ambiente normal\u2026\" \/>\n<meta name=\"robots\" content=\"index, follow, max-snippet:-1, max-image-preview:large, max-video-preview:-1\" \/>\n<link rel=\"canonical\" href=\"https:\/\/rls-wacon.de\/pt-br\/produkt\/resfriador-de-amostras-ac-400-com-valvulas-2\/\" \/>\n<meta property=\"og:locale\" content=\"pt_BR\" \/>\n<meta property=\"og:type\" content=\"article\" \/>\n<meta property=\"og:title\" content=\"Resfriador de amostras AC 400 com v\u00e1lvulas\" \/>\n<meta property=\"og:description\" content=\"Nossos resfriadores de amostras da s\u00e9rie AC s\u00e3o ideais para a coleta manual de amostras de \u00e1gua que precisam ser resfriadas \u00e0 temperatura ambiente normal\u2026\" \/>\n<meta property=\"og:url\" content=\"https:\/\/rls-wacon.de\/pt-br\/produkt\/resfriador-de-amostras-ac-400-com-valvulas-2\/\" \/>\n<meta property=\"og:site_name\" content=\"RLS Wacon analytics\" \/>\n<meta property=\"article:modified_time\" content=\"2026-02-16T22:37:09+00:00\" \/>\n<meta property=\"og:image\" content=\"https:\/\/rls-wacon.de\/wp-content\/uploads\/2023\/09\/probenkuehler-ac-400-ohne-ventile_l.jpg\" \/>\n\t<meta property=\"og:image:width\" content=\"131\" \/>\n\t<meta property=\"og:image:height\" content=\"300\" \/>\n\t<meta property=\"og:image:type\" content=\"image\/jpeg\" \/>\n<meta name=\"twitter:card\" content=\"summary_large_image\" \/>\n<meta name=\"twitter:label1\" content=\"Pre\u00e7o\" \/>\n\t<meta name=\"twitter:data1\" content=\"9.999,00&nbsp;&euro;\" \/>\n\t<meta name=\"twitter:label2\" content=\"Disponibilidade\" \/>\n\t<meta name=\"twitter:data2\" content=\"Em Estoque\" \/>\n<script type=\"application\/ld+json\" class=\"yoast-schema-graph\">{\"@context\":\"https:\\\/\\\/schema.org\",\"@graph\":[{\"@type\":\"WebPage\",\"@id\":\"https:\\\/\\\/rls-wacon.de\\\/pt-br\\\/produkt\\\/resfriador-de-amostras-ac-400-com-valvulas-2\\\/\",\"url\":\"https:\\\/\\\/rls-wacon.de\\\/pt-br\\\/produkt\\\/resfriador-de-amostras-ac-400-com-valvulas-2\\\/\",\"name\":\"Resfriador de amostras AC 400 com v\u00e1lvulas - RLS Wacon analytics\",\"isPartOf\":{\"@id\":\"https:\\\/\\\/rls-wacon.de\\\/#website\"},\"primaryImageOfPage\":{\"@id\":\"https:\\\/\\\/rls-wacon.de\\\/pt-br\\\/produkt\\\/resfriador-de-amostras-ac-400-com-valvulas-2\\\/#primaryimage\"},\"image\":{\"@id\":\"https:\\\/\\\/rls-wacon.de\\\/pt-br\\\/produkt\\\/resfriador-de-amostras-ac-400-com-valvulas-2\\\/#primaryimage\"},\"thumbnailUrl\":\"https:\\\/\\\/rls-wacon.de\\\/wp-content\\\/uploads\\\/2023\\\/09\\\/probenkuehler-ac-400-ohne-ventile_l.jpg\",\"datePublished\":\"2023-09-14T13:54:41+00:00\",\"dateModified\":\"2026-02-16T22:37:09+00:00\",\"description\":\"Nossos resfriadores de amostras da s\u00e9rie AC s\u00e3o ideais para a coleta manual de amostras de \u00e1gua que precisam ser resfriadas \u00e0 temperatura ambiente normal\u2026\",\"breadcrumb\":{\"@id\":\"https:\\\/\\\/rls-wacon.de\\\/pt-br\\\/produkt\\\/resfriador-de-amostras-ac-400-com-valvulas-2\\\/#breadcrumb\"},\"inLanguage\":\"pt-BR\",\"potentialAction\":[{\"@type\":\"ReadAction\",\"target\":[\"https:\\\/\\\/rls-wacon.de\\\/pt-br\\\/produkt\\\/resfriador-de-amostras-ac-400-com-valvulas-2\\\/\"]}]},{\"@type\":\"ImageObject\",\"inLanguage\":\"pt-BR\",\"@id\":\"https:\\\/\\\/rls-wacon.de\\\/pt-br\\\/produkt\\\/resfriador-de-amostras-ac-400-com-valvulas-2\\\/#primaryimage\",\"url\":\"https:\\\/\\\/rls-wacon.de\\\/wp-content\\\/uploads\\\/2023\\\/09\\\/probenkuehler-ac-400-ohne-ventile_l.jpg\",\"contentUrl\":\"https:\\\/\\\/rls-wacon.de\\\/wp-content\\\/uploads\\\/2023\\\/09\\\/probenkuehler-ac-400-ohne-ventile_l.jpg\",\"width\":131,\"height\":300,\"caption\":\"Resfriador de amostras AC 400 sem v\u00e1lvulas\"},{\"@type\":\"BreadcrumbList\",\"@id\":\"https:\\\/\\\/rls-wacon.de\\\/pt-br\\\/produkt\\\/resfriador-de-amostras-ac-400-com-valvulas-2\\\/#breadcrumb\",\"itemListElement\":[{\"@type\":\"ListItem\",\"position\":1,\"name\":\"Startseite\",\"item\":\"https:\\\/\\\/rls-wacon.de\\\/pt-br\\\/\"},{\"@type\":\"ListItem\",\"position\":2,\"name\":\"Produtos\",\"item\":\"https:\\\/\\\/rls-wacon.de\\\/shop\\\/\"},{\"@type\":\"ListItem\",\"position\":3,\"name\":\"Resfriador de amostras AC 400 com v\u00e1lvulas\"}]},{\"@type\":\"WebSite\",\"@id\":\"https:\\\/\\\/rls-wacon.de\\\/#website\",\"url\":\"https:\\\/\\\/rls-wacon.de\\\/\",\"name\":\"RLS Wacon analytics GmbH\",\"description\":\"Experts for water monitoring\",\"publisher\":{\"@id\":\"https:\\\/\\\/rls-wacon.de\\\/#organization\"},\"potentialAction\":[{\"@type\":\"SearchAction\",\"target\":{\"@type\":\"EntryPoint\",\"urlTemplate\":\"https:\\\/\\\/rls-wacon.de\\\/?s={search_term_string}\"},\"query-input\":{\"@type\":\"PropertyValueSpecification\",\"valueRequired\":true,\"valueName\":\"search_term_string\"}}],\"inLanguage\":\"pt-BR\"},{\"@type\":\"Organization\",\"@id\":\"https:\\\/\\\/rls-wacon.de\\\/#organization\",\"name\":\"RLS Wacon analytics GmbH\",\"url\":\"https:\\\/\\\/rls-wacon.de\\\/\",\"logo\":{\"@type\":\"ImageObject\",\"inLanguage\":\"pt-BR\",\"@id\":\"https:\\\/\\\/rls-wacon.de\\\/#\\\/schema\\\/logo\\\/image\\\/\",\"url\":\"https:\\\/\\\/rls-wacon.de\\\/wp-content\\\/uploads\\\/2022\\\/10\\\/RLSWacon-analytics-Logo-BR-RZ-9_17-768x1591.png\",\"contentUrl\":\"https:\\\/\\\/rls-wacon.de\\\/wp-content\\\/uploads\\\/2022\\\/10\\\/RLSWacon-analytics-Logo-BR-RZ-9_17-768x1591.png\",\"width\":768,\"height\":159,\"caption\":\"RLS Wacon analytics GmbH\"},\"image\":{\"@id\":\"https:\\\/\\\/rls-wacon.de\\\/#\\\/schema\\\/logo\\\/image\\\/\"}}]}<\/script>\n<meta property=\"product:price:amount\" content=\"9999.00\" \/>\n<meta property=\"product:price:currency\" content=\"EUR\" \/>\n<meta property=\"og:availability\" content=\"instock\" \/>\n<meta property=\"product:availability\" content=\"instock\" \/>\n<meta property=\"product:condition\" content=\"new\" \/>\n<!-- \/ Yoast SEO Premium plugin. -->","yoast_head_json":{"title":"Resfriador de amostras AC 400 com v\u00e1lvulas - RLS Wacon analytics","description":"Nossos resfriadores de amostras da s\u00e9rie AC s\u00e3o ideais para a coleta manual de amostras de \u00e1gua que precisam ser resfriadas \u00e0 temperatura ambiente normal\u2026","robots":{"index":"index","follow":"follow","max-snippet":"max-snippet:-1","max-image-preview":"max-image-preview:large","max-video-preview":"max-video-preview:-1"},"canonical":"https:\/\/rls-wacon.de\/pt-br\/produkt\/resfriador-de-amostras-ac-400-com-valvulas-2\/","og_locale":"pt_BR","og_type":"article","og_title":"Resfriador de amostras AC 400 com v\u00e1lvulas","og_description":"Nossos resfriadores de amostras da s\u00e9rie AC s\u00e3o ideais para a coleta manual de amostras de \u00e1gua que precisam ser resfriadas \u00e0 temperatura ambiente normal\u2026","og_url":"https:\/\/rls-wacon.de\/pt-br\/produkt\/resfriador-de-amostras-ac-400-com-valvulas-2\/","og_site_name":"RLS Wacon analytics","article_modified_time":"2026-02-16T22:37:09+00:00","og_image":[{"width":131,"height":300,"url":"https:\/\/rls-wacon.de\/wp-content\/uploads\/2023\/09\/probenkuehler-ac-400-ohne-ventile_l.jpg","type":"image\/jpeg"}],"twitter_card":"summary_large_image","twitter_misc":{"Pre\u00e7o":"9.999,00&nbsp;&euro;","Disponibilidade":"Em Estoque"},"schema":{"@context":"https:\/\/schema.org","@graph":[{"@type":"WebPage","@id":"https:\/\/rls-wacon.de\/pt-br\/produkt\/resfriador-de-amostras-ac-400-com-valvulas-2\/","url":"https:\/\/rls-wacon.de\/pt-br\/produkt\/resfriador-de-amostras-ac-400-com-valvulas-2\/","name":"Resfriador de amostras AC 400 com v\u00e1lvulas - RLS Wacon analytics","isPartOf":{"@id":"https:\/\/rls-wacon.de\/#website"},"primaryImageOfPage":{"@id":"https:\/\/rls-wacon.de\/pt-br\/produkt\/resfriador-de-amostras-ac-400-com-valvulas-2\/#primaryimage"},"image":{"@id":"https:\/\/rls-wacon.de\/pt-br\/produkt\/resfriador-de-amostras-ac-400-com-valvulas-2\/#primaryimage"},"thumbnailUrl":"https:\/\/rls-wacon.de\/wp-content\/uploads\/2023\/09\/probenkuehler-ac-400-ohne-ventile_l.jpg","datePublished":"2023-09-14T13:54:41+00:00","dateModified":"2026-02-16T22:37:09+00:00","description":"Nossos resfriadores de amostras da s\u00e9rie AC s\u00e3o ideais para a coleta manual de amostras de \u00e1gua que precisam ser resfriadas \u00e0 temperatura ambiente normal\u2026","breadcrumb":{"@id":"https:\/\/rls-wacon.de\/pt-br\/produkt\/resfriador-de-amostras-ac-400-com-valvulas-2\/#breadcrumb"},"inLanguage":"pt-BR","potentialAction":[{"@type":"ReadAction","target":["https:\/\/rls-wacon.de\/pt-br\/produkt\/resfriador-de-amostras-ac-400-com-valvulas-2\/"]}]},{"@type":"ImageObject","inLanguage":"pt-BR","@id":"https:\/\/rls-wacon.de\/pt-br\/produkt\/resfriador-de-amostras-ac-400-com-valvulas-2\/#primaryimage","url":"https:\/\/rls-wacon.de\/wp-content\/uploads\/2023\/09\/probenkuehler-ac-400-ohne-ventile_l.jpg","contentUrl":"https:\/\/rls-wacon.de\/wp-content\/uploads\/2023\/09\/probenkuehler-ac-400-ohne-ventile_l.jpg","width":131,"height":300,"caption":"Resfriador de amostras AC 400 sem v\u00e1lvulas"},{"@type":"BreadcrumbList","@id":"https:\/\/rls-wacon.de\/pt-br\/produkt\/resfriador-de-amostras-ac-400-com-valvulas-2\/#breadcrumb","itemListElement":[{"@type":"ListItem","position":1,"name":"Startseite","item":"https:\/\/rls-wacon.de\/pt-br\/"},{"@type":"ListItem","position":2,"name":"Produtos","item":"https:\/\/rls-wacon.de\/shop\/"},{"@type":"ListItem","position":3,"name":"Resfriador de amostras AC 400 com v\u00e1lvulas"}]},{"@type":"WebSite","@id":"https:\/\/rls-wacon.de\/#website","url":"https:\/\/rls-wacon.de\/","name":"RLS Wacon analytics GmbH","description":"Experts for water monitoring","publisher":{"@id":"https:\/\/rls-wacon.de\/#organization"},"potentialAction":[{"@type":"SearchAction","target":{"@type":"EntryPoint","urlTemplate":"https:\/\/rls-wacon.de\/?s={search_term_string}"},"query-input":{"@type":"PropertyValueSpecification","valueRequired":true,"valueName":"search_term_string"}}],"inLanguage":"pt-BR"},{"@type":"Organization","@id":"https:\/\/rls-wacon.de\/#organization","name":"RLS Wacon analytics GmbH","url":"https:\/\/rls-wacon.de\/","logo":{"@type":"ImageObject","inLanguage":"pt-BR","@id":"https:\/\/rls-wacon.de\/#\/schema\/logo\/image\/","url":"https:\/\/rls-wacon.de\/wp-content\/uploads\/2022\/10\/RLSWacon-analytics-Logo-BR-RZ-9_17-768x1591.png","contentUrl":"https:\/\/rls-wacon.de\/wp-content\/uploads\/2022\/10\/RLSWacon-analytics-Logo-BR-RZ-9_17-768x1591.png","width":768,"height":159,"caption":"RLS Wacon analytics GmbH"},"image":{"@id":"https:\/\/rls-wacon.de\/#\/schema\/logo\/image\/"}}]},"product_price_amount":"9999.00","product_price_currency":"EUR","og_availability":"instock","product_availability":"instock","product_condition":"new"},"_links":{"self":[{"href":"https:\/\/rls-wacon.de\/pt-br\/wp-json\/wp\/v2\/product\/24123","targetHints":{"allow":["GET"]}}],"collection":[{"href":"https:\/\/rls-wacon.de\/pt-br\/wp-json\/wp\/v2\/product"}],"about":[{"href":"https:\/\/rls-wacon.de\/pt-br\/wp-json\/wp\/v2\/types\/product"}],"version-history":[{"count":1,"href":"https:\/\/rls-wacon.de\/pt-br\/wp-json\/wp\/v2\/product\/24123\/revisions"}],"predecessor-version":[{"id":29052,"href":"https:\/\/rls-wacon.de\/pt-br\/wp-json\/wp\/v2\/product\/24123\/revisions\/29052"}],"wp:featuredmedia":[{"embeddable":true,"href":"https:\/\/rls-wacon.de\/pt-br\/wp-json\/wp\/v2\/media\/6755"}],"wp:attachment":[{"href":"https:\/\/rls-wacon.de\/pt-br\/wp-json\/wp\/v2\/media?parent=24123"}],"wp:term":[{"taxonomy":"product_brand","embeddable":true,"href":"https:\/\/rls-wacon.de\/pt-br\/wp-json\/wp\/v2\/product_brand?post=24123"},{"taxonomy":"product_cat","embeddable":true,"href":"https:\/\/rls-wacon.de\/pt-br\/wp-json\/wp\/v2\/product_cat?post=24123"},{"taxonomy":"product_tag","embeddable":true,"href":"https:\/\/rls-wacon.de\/pt-br\/wp-json\/wp\/v2\/product_tag?post=24123"}],"curies":[{"name":"wp","href":"https:\/\/api.w.org\/{rel}","templated":true}]}}