{"id":29482,"date":"2026-03-11T11:21:07","date_gmt":"2026-03-11T10:21:07","guid":{"rendered":"https:\/\/rls-wacon.de\/produkt\/dureza-total-serie-h25\/"},"modified":"2026-03-18T15:27:17","modified_gmt":"2026-03-18T14:27:17","slug":"dureza-total-serie-h25","status":"publish","type":"product","link":"https:\/\/rls-wacon.de\/pt-br\/produkt\/dureza-total-serie-h25\/","title":{"rendered":"Dureza total S\u00e9rie H25"},"content":{"rendered":"<h2>Valor total do indicador S\u00e9rie H25<\/h2>\n<h3>Qual \u00e9 o valor total medido para voc\u00ea?<\/h3>\n<p>A dureza total (tamb\u00e9m dureza da \u00e1gua) descreve a concentra\u00e7\u00e3o de \u00edons alcalino-terrosos dissolvidos na \u00e1gua, especialmente c\u00e1lcio e magn\u00e9sio. A medi\u00e7\u00e3o confi\u00e1vel da dureza \u00e9 indispens\u00e1vel em muitas \u00e1reas de tratamento de \u00e1gua: <\/p>\n<ul class=\"feature-list\">\n<li><strong>\u00c1gua de alimenta\u00e7\u00e3o da caldeira e gera\u00e7\u00e3o de vapor:<\/strong> Mesmo pequenos res\u00edduos levam a dep\u00f3sitos de calc\u00e1rio (incrusta\u00e7\u00e3o), que podem prejudicar a transfer\u00eancia de calor e causar danos ao sistema.<\/li>\n<li><strong>Monitoramento do trocador de \u00edons:<\/strong> a medi\u00e7\u00e3o precisa da dureza permite a detec\u00e7\u00e3o antecipada de rupturas na resina e a regenera\u00e7\u00e3o com base nas necessidades.<\/li>\n<li><strong>Sistemas de osmose reversa:<\/strong> controle cont\u00ednuo da qualidade do permeado para proteger os processos posteriores.<\/li>\n<li><strong>Sistemas de \u00e1gua de resfriamento:<\/strong> Preven\u00e7\u00e3o de dep\u00f3sitos e corros\u00e3o em torres de resfriamento e trocadores de calor.<\/li>\n<li><strong>\u00c1gua pot\u00e1vel e de processo:<\/strong> monitoramento da qualidade da \u00e1gua de acordo com as especifica\u00e7\u00f5es operacionais.<\/li>\n<\/ul>\n<p>No tratamento de \u00e1gua industrial, o monitoramento preciso e cont\u00ednuo da dureza residual \u00e9 crucial para a opera\u00e7\u00e3o segura, eficiente e econ\u00f4mica da planta.<\/p>\n<h3>Como o indicador funciona?<\/h3>\n<p>Os indicadores H25 s\u00e3o reagentes de cor l\u00edquida para an\u00e1lise de \u00e1gua totalmente autom\u00e1tica com analisadores da s\u00e9rie SYCON da RLS Wacon. O princ\u00edpio de medi\u00e7\u00e3o \u00e9 baseado em uma rea\u00e7\u00e3o colorim\u00e9trica: <\/p>\n<p>O analisador coleta automaticamente uma amostra de \u00e1gua em intervalos livremente configur\u00e1veis, adiciona o indicador com precis\u00e3o e mede fotometricamente a cor resultante. A intensidade da cor \u00e9 diretamente proporcional \u00e0 concentra\u00e7\u00e3o de dureza na \u00e1gua. <\/p>\n<p>A amostragem e a an\u00e1lise totalmente autom\u00e1ticas eliminam erros operacionais e garantem um monitoramento ininterrupto 24 horas por dia, 7 dias por semana, mesmo em pontos de medi\u00e7\u00e3o de dif\u00edcil acesso.<\/p>\n<h3>Vantagens da s\u00e9rie H25<\/h3>\n<ul class=\"feature-list\">\n<li>11 n\u00edveis de concentra\u00e7\u00e3o de 0,02 a 10 \u00b0dH\n<p style=\"text-indent: 30px; font-style: italic;\">Sele\u00e7\u00e3o precisa para cada faixa de medi\u00e7\u00e3o e valor limite<\/p>\n<\/li>\n<li>Medi\u00e7\u00e3o totalmente autom\u00e1tica com analisadores SYCON\n<p style=\"text-indent: 30px; font-style: italic;\">Monitoramento 24 horas por dia, 7 dias por semana, sem interven\u00e7\u00e3o manual<\/p>\n<\/li>\n<li>Compat\u00edvel com SYCON 2602, 2702, 2802 e SYCON BoB\n<p style=\"text-indent: 30px; font-style: italic;\">Possibilidades flex\u00edveis de aplica\u00e7\u00e3o para dispositivos de valor limite e faixa de medi\u00e7\u00e3o<\/p>\n<\/li>\n<li>Mat\u00e9rias-primas de alta qualidade e nossa pr\u00f3pria receita\n<p style=\"text-indent: 30px; font-style: italic;\">Fabricado pela RLS Wacon &#8211; Fabricado na Alemanha<\/p>\n<\/li>\n<li>Produ\u00e7\u00e3o interna e calibra\u00e7\u00e3o de lotes individuais\n<p style=\"text-indent: 30px; font-style: italic;\">Alta qualidade e precis\u00e3o consistentes em cada entrega<\/p>\n<\/li>\n<li>Prazo de validade de 24 meses a partir da produ\u00e7\u00e3o\n<p style=\"text-indent: 30px; font-style: italic;\">Estocagem econ\u00f4mica e armazenamento flex\u00edvel<\/p>\n<\/li>\n<li>Dispon\u00edvel em frasco \u00fanico (500 ml) e embalagem de valor (4 \u00d7 500 ml)\n<p style=\"text-indent: 30px; font-style: italic;\">Tamanhos econ\u00f4micos de cont\u00eaineres para todas as necessidades<\/p>\n<\/li>\n<\/ul>\n","protected":false},"excerpt":{"rendered":"<p>Valor total do indicador S\u00e9rie H25 Qual \u00e9 o valor total medido para voc\u00ea? A dureza total (tamb\u00e9m dureza da \u00e1gua) descreve a concentra\u00e7\u00e3o de \u00edons alcalino-terrosos dissolvidos na \u00e1gua, especialmente c\u00e1lcio e magn\u00e9sio. A medi\u00e7\u00e3o confi\u00e1vel da dureza \u00e9 indispens\u00e1vel em muitas \u00e1reas de tratamento de \u00e1gua: \u00c1gua de alimenta\u00e7\u00e3o da caldeira e gera\u00e7\u00e3o [&hellip;]<\/p>\n","protected":false},"featured_media":5863,"template":"","meta":{"_acf_changed":false},"product_brand":[],"product_cat":[1482,1342],"product_tag":[],"class_list":{"0":"post-29482","1":"product","2":"type-product","3":"status-publish","4":"has-post-thumbnail","6":"product_cat-dureza-total-pt-br-2","7":"product_cat-indicadores-pt-br","9":"first","10":"instock","11":"shipping-taxable","12":"purchasable","13":"product-type-variable"},"exclude_global_add_ons":[],"addons":[],"acf":[],"yoast_head":"<!-- This site is optimized with the Yoast SEO Premium plugin v27.3 (Yoast SEO v27.3) - https:\/\/yoast.com\/product\/yoast-seo-premium-wordpress\/ -->\n<title>Dureza total S\u00e9rie H25 - RLS Wacon analytics<\/title>\n<meta name=\"description\" content=\"Os indicadores da s\u00e9rie H25 s\u00e3o indicadores para determinar a dureza residual ou\" \/>\n<meta name=\"robots\" content=\"index, follow, max-snippet:-1, max-image-preview:large, max-video-preview:-1\" \/>\n<link rel=\"canonical\" href=\"https:\/\/rls-wacon.de\/pt-br\/produkt\/dureza-total-serie-h25\/\" \/>\n<meta property=\"og:locale\" content=\"pt_BR\" \/>\n<meta property=\"og:type\" content=\"article\" \/>\n<meta property=\"og:title\" content=\"Dureza total S\u00e9rie H25\" \/>\n<meta property=\"og:description\" content=\"Os indicadores da s\u00e9rie H25 s\u00e3o indicadores para determinar a dureza residual ou\" \/>\n<meta property=\"og:url\" content=\"https:\/\/rls-wacon.de\/pt-br\/produkt\/dureza-total-serie-h25\/\" \/>\n<meta property=\"og:site_name\" content=\"RLS Wacon analytics\" \/>\n<meta property=\"article:modified_time\" content=\"2026-03-18T14:27:17+00:00\" \/>\n<meta property=\"og:image\" content=\"https:\/\/rls-wacon.de\/wp-content\/uploads\/2023\/03\/32-484155-Vorteilspackung-Indikator-H25-03-Gebinde-4-x-500-ml-scaled.jpg\" \/>\n\t<meta property=\"og:image:width\" content=\"2560\" \/>\n\t<meta property=\"og:image:height\" content=\"1707\" \/>\n\t<meta property=\"og:image:type\" content=\"image\/jpeg\" \/>\n<meta name=\"twitter:card\" content=\"summary_large_image\" \/>\n<meta name=\"twitter:label1\" content=\"Disponibilidade\" \/>\n\t<meta name=\"twitter:data1\" content=\"Em Estoque\" \/>\n<script type=\"application\/ld+json\" class=\"yoast-schema-graph\">{\"@context\":\"https:\\\/\\\/schema.org\",\"@graph\":[{\"@type\":\"WebPage\",\"@id\":\"https:\\\/\\\/rls-wacon.de\\\/pt-br\\\/produkt\\\/dureza-total-serie-h25\\\/\",\"url\":\"https:\\\/\\\/rls-wacon.de\\\/pt-br\\\/produkt\\\/dureza-total-serie-h25\\\/\",\"name\":\"Dureza total S\u00e9rie H25 - RLS Wacon analytics\",\"isPartOf\":{\"@id\":\"https:\\\/\\\/rls-wacon.de\\\/#website\"},\"primaryImageOfPage\":{\"@id\":\"https:\\\/\\\/rls-wacon.de\\\/pt-br\\\/produkt\\\/dureza-total-serie-h25\\\/#primaryimage\"},\"image\":{\"@id\":\"https:\\\/\\\/rls-wacon.de\\\/pt-br\\\/produkt\\\/dureza-total-serie-h25\\\/#primaryimage\"},\"thumbnailUrl\":\"https:\\\/\\\/rls-wacon.de\\\/wp-content\\\/uploads\\\/2023\\\/03\\\/32-484155-Vorteilspackung-Indikator-H25-03-Gebinde-4-x-500-ml-scaled.jpg\",\"datePublished\":\"2026-03-11T10:21:07+00:00\",\"dateModified\":\"2026-03-18T14:27:17+00:00\",\"description\":\"Os indicadores da s\u00e9rie H25 s\u00e3o indicadores para determinar a dureza residual ou\",\"breadcrumb\":{\"@id\":\"https:\\\/\\\/rls-wacon.de\\\/pt-br\\\/produkt\\\/dureza-total-serie-h25\\\/#breadcrumb\"},\"inLanguage\":\"pt-BR\",\"potentialAction\":[{\"@type\":\"ReadAction\",\"target\":[\"https:\\\/\\\/rls-wacon.de\\\/pt-br\\\/produkt\\\/dureza-total-serie-h25\\\/\"]}]},{\"@type\":\"ImageObject\",\"inLanguage\":\"pt-BR\",\"@id\":\"https:\\\/\\\/rls-wacon.de\\\/pt-br\\\/produkt\\\/dureza-total-serie-h25\\\/#primaryimage\",\"url\":\"https:\\\/\\\/rls-wacon.de\\\/wp-content\\\/uploads\\\/2023\\\/03\\\/32-484155-Vorteilspackung-Indikator-H25-03-Gebinde-4-x-500-ml-scaled.jpg\",\"contentUrl\":\"https:\\\/\\\/rls-wacon.de\\\/wp-content\\\/uploads\\\/2023\\\/03\\\/32-484155-Vorteilspackung-Indikator-H25-03-Gebinde-4-x-500-ml-scaled.jpg\",\"width\":2560,\"height\":1707,\"caption\":\"32-484155 Indicador Value pack H25 - 0,3 (recipiente 4 x 500 ml)\"},{\"@type\":\"BreadcrumbList\",\"@id\":\"https:\\\/\\\/rls-wacon.de\\\/pt-br\\\/produkt\\\/dureza-total-serie-h25\\\/#breadcrumb\",\"itemListElement\":[{\"@type\":\"ListItem\",\"position\":1,\"name\":\"Startseite\",\"item\":\"https:\\\/\\\/rls-wacon.de\\\/pt-br\\\/\"},{\"@type\":\"ListItem\",\"position\":2,\"name\":\"Produtos\",\"item\":\"https:\\\/\\\/rls-wacon.de\\\/shop\\\/\"},{\"@type\":\"ListItem\",\"position\":3,\"name\":\"Dureza total S\u00e9rie H25\"}]},{\"@type\":\"WebSite\",\"@id\":\"https:\\\/\\\/rls-wacon.de\\\/#website\",\"url\":\"https:\\\/\\\/rls-wacon.de\\\/\",\"name\":\"RLS Wacon analytics GmbH\",\"description\":\"Experts for water monitoring\",\"publisher\":{\"@id\":\"https:\\\/\\\/rls-wacon.de\\\/#organization\"},\"potentialAction\":[{\"@type\":\"SearchAction\",\"target\":{\"@type\":\"EntryPoint\",\"urlTemplate\":\"https:\\\/\\\/rls-wacon.de\\\/?s={search_term_string}\"},\"query-input\":{\"@type\":\"PropertyValueSpecification\",\"valueRequired\":true,\"valueName\":\"search_term_string\"}}],\"inLanguage\":\"pt-BR\"},{\"@type\":\"Organization\",\"@id\":\"https:\\\/\\\/rls-wacon.de\\\/#organization\",\"name\":\"RLS Wacon analytics GmbH\",\"url\":\"https:\\\/\\\/rls-wacon.de\\\/\",\"logo\":{\"@type\":\"ImageObject\",\"inLanguage\":\"pt-BR\",\"@id\":\"https:\\\/\\\/rls-wacon.de\\\/#\\\/schema\\\/logo\\\/image\\\/\",\"url\":\"https:\\\/\\\/rls-wacon.de\\\/wp-content\\\/uploads\\\/2022\\\/10\\\/RLSWacon-analytics-Logo-BR-RZ-9_17-768x1591.png\",\"contentUrl\":\"https:\\\/\\\/rls-wacon.de\\\/wp-content\\\/uploads\\\/2022\\\/10\\\/RLSWacon-analytics-Logo-BR-RZ-9_17-768x1591.png\",\"width\":768,\"height\":159,\"caption\":\"RLS Wacon analytics GmbH\"},\"image\":{\"@id\":\"https:\\\/\\\/rls-wacon.de\\\/#\\\/schema\\\/logo\\\/image\\\/\"}}]}<\/script>\n<meta property=\"og:availability\" content=\"instock\" \/>\n<meta property=\"product:availability\" content=\"instock\" \/>\n<meta property=\"product:condition\" content=\"new\" \/>\n<!-- \/ Yoast SEO Premium plugin. -->","yoast_head_json":{"title":"Dureza total S\u00e9rie H25 - RLS Wacon analytics","description":"Os indicadores da s\u00e9rie H25 s\u00e3o indicadores para determinar a dureza residual ou","robots":{"index":"index","follow":"follow","max-snippet":"max-snippet:-1","max-image-preview":"max-image-preview:large","max-video-preview":"max-video-preview:-1"},"canonical":"https:\/\/rls-wacon.de\/pt-br\/produkt\/dureza-total-serie-h25\/","og_locale":"pt_BR","og_type":"article","og_title":"Dureza total S\u00e9rie H25","og_description":"Os indicadores da s\u00e9rie H25 s\u00e3o indicadores para determinar a dureza residual ou","og_url":"https:\/\/rls-wacon.de\/pt-br\/produkt\/dureza-total-serie-h25\/","og_site_name":"RLS Wacon analytics","article_modified_time":"2026-03-18T14:27:17+00:00","og_image":[{"width":2560,"height":1707,"url":"https:\/\/rls-wacon.de\/wp-content\/uploads\/2023\/03\/32-484155-Vorteilspackung-Indikator-H25-03-Gebinde-4-x-500-ml-scaled.jpg","type":"image\/jpeg"}],"twitter_card":"summary_large_image","twitter_misc":{"Disponibilidade":"Em Estoque"},"schema":{"@context":"https:\/\/schema.org","@graph":[{"@type":"WebPage","@id":"https:\/\/rls-wacon.de\/pt-br\/produkt\/dureza-total-serie-h25\/","url":"https:\/\/rls-wacon.de\/pt-br\/produkt\/dureza-total-serie-h25\/","name":"Dureza total S\u00e9rie H25 - RLS Wacon analytics","isPartOf":{"@id":"https:\/\/rls-wacon.de\/#website"},"primaryImageOfPage":{"@id":"https:\/\/rls-wacon.de\/pt-br\/produkt\/dureza-total-serie-h25\/#primaryimage"},"image":{"@id":"https:\/\/rls-wacon.de\/pt-br\/produkt\/dureza-total-serie-h25\/#primaryimage"},"thumbnailUrl":"https:\/\/rls-wacon.de\/wp-content\/uploads\/2023\/03\/32-484155-Vorteilspackung-Indikator-H25-03-Gebinde-4-x-500-ml-scaled.jpg","datePublished":"2026-03-11T10:21:07+00:00","dateModified":"2026-03-18T14:27:17+00:00","description":"Os indicadores da s\u00e9rie H25 s\u00e3o indicadores para determinar a dureza residual ou","breadcrumb":{"@id":"https:\/\/rls-wacon.de\/pt-br\/produkt\/dureza-total-serie-h25\/#breadcrumb"},"inLanguage":"pt-BR","potentialAction":[{"@type":"ReadAction","target":["https:\/\/rls-wacon.de\/pt-br\/produkt\/dureza-total-serie-h25\/"]}]},{"@type":"ImageObject","inLanguage":"pt-BR","@id":"https:\/\/rls-wacon.de\/pt-br\/produkt\/dureza-total-serie-h25\/#primaryimage","url":"https:\/\/rls-wacon.de\/wp-content\/uploads\/2023\/03\/32-484155-Vorteilspackung-Indikator-H25-03-Gebinde-4-x-500-ml-scaled.jpg","contentUrl":"https:\/\/rls-wacon.de\/wp-content\/uploads\/2023\/03\/32-484155-Vorteilspackung-Indikator-H25-03-Gebinde-4-x-500-ml-scaled.jpg","width":2560,"height":1707,"caption":"32-484155 Indicador Value pack H25 - 0,3 (recipiente 4 x 500 ml)"},{"@type":"BreadcrumbList","@id":"https:\/\/rls-wacon.de\/pt-br\/produkt\/dureza-total-serie-h25\/#breadcrumb","itemListElement":[{"@type":"ListItem","position":1,"name":"Startseite","item":"https:\/\/rls-wacon.de\/pt-br\/"},{"@type":"ListItem","position":2,"name":"Produtos","item":"https:\/\/rls-wacon.de\/shop\/"},{"@type":"ListItem","position":3,"name":"Dureza total S\u00e9rie H25"}]},{"@type":"WebSite","@id":"https:\/\/rls-wacon.de\/#website","url":"https:\/\/rls-wacon.de\/","name":"RLS Wacon analytics GmbH","description":"Experts for water monitoring","publisher":{"@id":"https:\/\/rls-wacon.de\/#organization"},"potentialAction":[{"@type":"SearchAction","target":{"@type":"EntryPoint","urlTemplate":"https:\/\/rls-wacon.de\/?s={search_term_string}"},"query-input":{"@type":"PropertyValueSpecification","valueRequired":true,"valueName":"search_term_string"}}],"inLanguage":"pt-BR"},{"@type":"Organization","@id":"https:\/\/rls-wacon.de\/#organization","name":"RLS Wacon analytics GmbH","url":"https:\/\/rls-wacon.de\/","logo":{"@type":"ImageObject","inLanguage":"pt-BR","@id":"https:\/\/rls-wacon.de\/#\/schema\/logo\/image\/","url":"https:\/\/rls-wacon.de\/wp-content\/uploads\/2022\/10\/RLSWacon-analytics-Logo-BR-RZ-9_17-768x1591.png","contentUrl":"https:\/\/rls-wacon.de\/wp-content\/uploads\/2022\/10\/RLSWacon-analytics-Logo-BR-RZ-9_17-768x1591.png","width":768,"height":159,"caption":"RLS Wacon analytics GmbH"},"image":{"@id":"https:\/\/rls-wacon.de\/#\/schema\/logo\/image\/"}}]},"og_availability":"instock","product_availability":"instock","product_condition":"new"},"_links":{"self":[{"href":"https:\/\/rls-wacon.de\/pt-br\/wp-json\/wp\/v2\/product\/29482","targetHints":{"allow":["GET"]}}],"collection":[{"href":"https:\/\/rls-wacon.de\/pt-br\/wp-json\/wp\/v2\/product"}],"about":[{"href":"https:\/\/rls-wacon.de\/pt-br\/wp-json\/wp\/v2\/types\/product"}],"version-history":[{"count":2,"href":"https:\/\/rls-wacon.de\/pt-br\/wp-json\/wp\/v2\/product\/29482\/revisions"}],"predecessor-version":[{"id":29564,"href":"https:\/\/rls-wacon.de\/pt-br\/wp-json\/wp\/v2\/product\/29482\/revisions\/29564"}],"wp:featuredmedia":[{"embeddable":true,"href":"https:\/\/rls-wacon.de\/pt-br\/wp-json\/wp\/v2\/media\/5863"}],"wp:attachment":[{"href":"https:\/\/rls-wacon.de\/pt-br\/wp-json\/wp\/v2\/media?parent=29482"}],"wp:term":[{"taxonomy":"product_brand","embeddable":true,"href":"https:\/\/rls-wacon.de\/pt-br\/wp-json\/wp\/v2\/product_brand?post=29482"},{"taxonomy":"product_cat","embeddable":true,"href":"https:\/\/rls-wacon.de\/pt-br\/wp-json\/wp\/v2\/product_cat?post=29482"},{"taxonomy":"product_tag","embeddable":true,"href":"https:\/\/rls-wacon.de\/pt-br\/wp-json\/wp\/v2\/product_tag?post=29482"}],"curies":[{"name":"wp","href":"https:\/\/api.w.org\/{rel}","templated":true}]}}