{"id":30391,"date":"2026-03-17T15:56:49","date_gmt":"2026-03-17T14:56:49","guid":{"rendered":"https:\/\/rls-wacon.de\/produkt\/valor-total-da-serie-lhv\/"},"modified":"2026-04-16T15:32:21","modified_gmt":"2026-04-16T13:32:21","slug":"valor-total-da-serie-lhv","status":"publish","type":"product","link":"https:\/\/rls-wacon.de\/pt-br\/produkt\/valor-total-da-serie-lhv\/","title":{"rendered":"Valor total da s\u00e9rie LHV"},"content":{"rendered":"<h2>Indicador de dureza total S\u00e9rie LHV<\/h2>\n<h3>Por que a dureza total \u00e9 medida com o LHV?<\/h3>\n<p>A s\u00e9rie LHV foi desenvolvida especialmente para a medi\u00e7\u00e3o da dureza total com analisadores da s\u00e9rie LIMES. Os dispositivos LIMES funcionam puramente como monitores de valor limite e monitoram continuamente se um valor limite de dureza definido foi excedido ou n\u00e3o foi atingido. <\/p>\n<p>\u00c1reas t\u00edpicas de aplica\u00e7\u00e3o:<\/p>\n<ul class=\"feature-list\">\n<li><strong>Sistemas de amaciamento:<\/strong> Monitoramento da \u00e1gua de drenagem ap\u00f3s os trocadores de \u00edons &#8211; detec\u00e7\u00e3o imediata de ruptura de resina.<\/li>\n<li><strong>\u00c1gua de alimenta\u00e7\u00e3o da caldeira:<\/strong> certifique-se de que a dureza residual necess\u00e1ria seja mantida para evitar dep\u00f3sitos de calc\u00e1rio.<\/li>\n<li><strong>Sistemas de osmose reversa:<\/strong> controle cont\u00ednuo da qualidade do permeado.<\/li>\n<li><strong>Tratamento de \u00e1gua pot\u00e1vel:<\/strong> garantia de qualidade automatizada da dureza da \u00e1gua.<\/li>\n<\/ul>\n<p>O sistema LIMES oferece uma solu\u00e7\u00e3o econ\u00f4mica para o monitoramento autom\u00e1tico da dureza, que emite um alarme de forma confi\u00e1vel assim que um valor limite \u00e9 excedido.<\/p>\n<h3>Como o indicador funciona?<\/h3>\n<p>Os indicadores LHV s\u00e3o reagentes de cor l\u00edquida para monitoramento autom\u00e1tico do valor-limite com analisadores LIMES (LIMES Base, LIMES Plus). O dispositivo coleta automaticamente uma amostra de \u00e1gua, adiciona o indicador e avalia a rea\u00e7\u00e3o de cor. <\/p>\n<p>Ao contr\u00e1rio dos dispositivos de faixa de medi\u00e7\u00e3o, o sistema LIMES n\u00e3o fornece valores exatos de medi\u00e7\u00e3o, mas monitora se o valor limite definido est\u00e1 sendo respeitado. Um alarme \u00e9 sinalizado se o valor limite for excedido &#8211; ideal para o monitoramento confi\u00e1vel de sistemas de abrandamento de \u00e1gua. <\/p>\n<h3>Vantagens da s\u00e9rie LHV<\/h3>\n<ul class=\"feature-list\">\n<li>4 n\u00edveis de valor limite de 0,1 a 7 \u00b0dH\n<p style=\"text-indent: 30px; font-style: italic;\">Sensibilidade adequada para diferentes aplica\u00e7\u00f5es<\/p>\n<\/li>\n<li>Especialmente desenvolvido para analisadores LIMES\n<p style=\"text-indent: 30px; font-style: italic;\">Ajuste otimizado ao princ\u00edpio de medi\u00e7\u00e3o LIMES<\/p>\n<\/li>\n<li>Monitoramento confi\u00e1vel do valor limite 24 horas por dia\n<p style=\"text-indent: 30px; font-style: italic;\">Alarme imediato quando os valores-limite s\u00e3o excedidos<\/p>\n<\/li>\n<li>Garrafas de 750 ml &#8211; maior volume para maior vida \u00fatil\n<p style=\"text-indent: 30px; font-style: italic;\">Trocas de indicadores menos frequentes<\/p>\n<\/li>\n<li>Produ\u00e7\u00e3o interna e calibra\u00e7\u00e3o de lotes individuais\n<p style=\"text-indent: 30px; font-style: italic;\">Qualidade consistentemente alta &#8211; Fabricado na Alemanha<\/p>\n<\/li>\n<li>Prazo de validade de 24 meses a partir da produ\u00e7\u00e3o\n<p style=\"text-indent: 30px; font-style: italic;\">Armazenamento econ\u00f4mico<\/p>\n<\/li>\n<\/ul>\n","protected":false},"excerpt":{"rendered":"<p>Indicador de dureza total S\u00e9rie LHV Por que a dureza total \u00e9 medida com o LHV? A s\u00e9rie LHV foi desenvolvida especialmente para a medi\u00e7\u00e3o da dureza total com analisadores da s\u00e9rie LIMES. Os dispositivos LIMES funcionam puramente como monitores de valor limite e monitoram continuamente se um valor limite de dureza definido foi excedido [&hellip;]<\/p>\n","protected":false},"featured_media":6333,"template":"","meta":{"_acf_changed":false},"product_brand":[],"product_cat":[1474,1482,1342],"product_tag":[2282,2275,2276,2280,2281,2278,2279,2277,2274],"class_list":{"0":"post-30391","1":"product","2":"type-product","3":"status-publish","4":"has-post-thumbnail","6":"product_cat-analise-on-line","7":"product_cat-dureza-total-pt-br-2","8":"product_cat-indicadores-pt-br","9":"product_tag-amaciamento","10":"product_tag-dureza-da-agua-2","11":"product_tag-indicador","12":"product_tag-lhv","13":"product_tag-limes","14":"product_tag-tratamento-de-agua","15":"product_tag-trocador-de-ions","16":"product_tag-valor-limite","17":"product_tag-valor-total","19":"first","20":"instock","21":"shipping-taxable","22":"purchasable","23":"product-type-variable"},"exclude_global_add_ons":[],"addons":[],"acf":[],"yoast_head":"<!-- This site is optimized with the Yoast SEO Premium plugin v27.5 (Yoast SEO v27.5) - https:\/\/yoast.com\/product\/yoast-seo-premium-wordpress\/ -->\n<title>Indicador S\u00e9rie LHV | LIMES valores totais de monitoramento de valor limite | RLS Wacon<\/title>\n<meta name=\"description\" content=\"Indicador da s\u00e9rie LHV para monitoramento autom\u00e1tico do valor-limite da dureza total com analisadores LIMES. 4 n\u00edveis de limite (0,1-7 \u00b0dH), 750 ml. Fabricado na Alemanha.\" \/>\n<meta name=\"robots\" content=\"index, follow, max-snippet:-1, max-image-preview:large, max-video-preview:-1\" \/>\n<link rel=\"canonical\" href=\"https:\/\/rls-wacon.de\/pt-br\/produkt\/valor-total-da-serie-lhv\/\" \/>\n<meta property=\"og:locale\" content=\"pt_BR\" \/>\n<meta property=\"og:type\" content=\"article\" \/>\n<meta property=\"og:title\" content=\"Valor total da s\u00e9rie LHV\" \/>\n<meta property=\"og:description\" content=\"Indicador da s\u00e9rie LHV para monitoramento autom\u00e1tico do valor-limite da dureza total com analisadores LIMES. 4 n\u00edveis de limite (0,1-7 \u00b0dH), 750 ml. Fabricado na Alemanha.\" \/>\n<meta property=\"og:url\" content=\"https:\/\/rls-wacon.de\/pt-br\/produkt\/valor-total-da-serie-lhv\/\" \/>\n<meta property=\"og:site_name\" content=\"RLS Wacon analytics\" \/>\n<meta property=\"article:modified_time\" content=\"2026-04-16T13:32:21+00:00\" \/>\n<meta property=\"og:image\" content=\"https:\/\/rls-wacon.de\/wp-content\/uploads\/2023\/03\/indikator-lhv-0-1-scaled.jpg\" \/>\n\t<meta property=\"og:image:width\" content=\"2560\" \/>\n\t<meta property=\"og:image:height\" content=\"1707\" \/>\n\t<meta property=\"og:image:type\" content=\"image\/jpeg\" \/>\n<meta name=\"twitter:card\" content=\"summary_large_image\" \/>\n<meta name=\"twitter:label1\" content=\"Disponibilidade\" \/>\n\t<meta name=\"twitter:data1\" content=\"Em Estoque\" \/>\n<script type=\"application\/ld+json\" class=\"yoast-schema-graph\">{\"@context\":\"https:\\\/\\\/schema.org\",\"@graph\":[{\"@type\":\"WebPage\",\"@id\":\"https:\\\/\\\/rls-wacon.de\\\/pt-br\\\/produkt\\\/valor-total-da-serie-lhv\\\/\",\"url\":\"https:\\\/\\\/rls-wacon.de\\\/pt-br\\\/produkt\\\/valor-total-da-serie-lhv\\\/\",\"name\":\"Indicador S\u00e9rie LHV | LIMES valores totais de monitoramento de valor limite | RLS Wacon\",\"isPartOf\":{\"@id\":\"https:\\\/\\\/rls-wacon.de\\\/#website\"},\"primaryImageOfPage\":{\"@id\":\"https:\\\/\\\/rls-wacon.de\\\/pt-br\\\/produkt\\\/valor-total-da-serie-lhv\\\/#primaryimage\"},\"image\":{\"@id\":\"https:\\\/\\\/rls-wacon.de\\\/pt-br\\\/produkt\\\/valor-total-da-serie-lhv\\\/#primaryimage\"},\"thumbnailUrl\":\"https:\\\/\\\/rls-wacon.de\\\/wp-content\\\/uploads\\\/2023\\\/03\\\/indikator-lhv-0-1-scaled.jpg\",\"datePublished\":\"2026-03-17T14:56:49+00:00\",\"dateModified\":\"2026-04-16T13:32:21+00:00\",\"description\":\"Indicador da s\u00e9rie LHV para monitoramento autom\u00e1tico do valor-limite da dureza total com analisadores LIMES. 4 n\u00edveis de limite (0,1-7 \u00b0dH), 750 ml. Fabricado na Alemanha.\",\"breadcrumb\":{\"@id\":\"https:\\\/\\\/rls-wacon.de\\\/pt-br\\\/produkt\\\/valor-total-da-serie-lhv\\\/#breadcrumb\"},\"inLanguage\":\"pt-BR\",\"potentialAction\":[{\"@type\":\"ReadAction\",\"target\":[\"https:\\\/\\\/rls-wacon.de\\\/pt-br\\\/produkt\\\/valor-total-da-serie-lhv\\\/\"]}]},{\"@type\":\"ImageObject\",\"inLanguage\":\"pt-BR\",\"@id\":\"https:\\\/\\\/rls-wacon.de\\\/pt-br\\\/produkt\\\/valor-total-da-serie-lhv\\\/#primaryimage\",\"url\":\"https:\\\/\\\/rls-wacon.de\\\/wp-content\\\/uploads\\\/2023\\\/03\\\/indikator-lhv-0-1-scaled.jpg\",\"contentUrl\":\"https:\\\/\\\/rls-wacon.de\\\/wp-content\\\/uploads\\\/2023\\\/03\\\/indikator-lhv-0-1-scaled.jpg\",\"width\":2560,\"height\":1707,\"caption\":\"indicador-lhv-0-1\"},{\"@type\":\"BreadcrumbList\",\"@id\":\"https:\\\/\\\/rls-wacon.de\\\/pt-br\\\/produkt\\\/valor-total-da-serie-lhv\\\/#breadcrumb\",\"itemListElement\":[{\"@type\":\"ListItem\",\"position\":1,\"name\":\"Startseite\",\"item\":\"https:\\\/\\\/rls-wacon.de\\\/pt-br\\\/\"},{\"@type\":\"ListItem\",\"position\":2,\"name\":\"Produtos\",\"item\":\"https:\\\/\\\/rls-wacon.de\\\/shop\\\/\"},{\"@type\":\"ListItem\",\"position\":3,\"name\":\"Valor total da s\u00e9rie LHV\"}]},{\"@type\":\"WebSite\",\"@id\":\"https:\\\/\\\/rls-wacon.de\\\/#website\",\"url\":\"https:\\\/\\\/rls-wacon.de\\\/\",\"name\":\"RLS Wacon analytics GmbH\",\"description\":\"Experts for water monitoring\",\"publisher\":{\"@id\":\"https:\\\/\\\/rls-wacon.de\\\/#organization\"},\"potentialAction\":[{\"@type\":\"SearchAction\",\"target\":{\"@type\":\"EntryPoint\",\"urlTemplate\":\"https:\\\/\\\/rls-wacon.de\\\/?s={search_term_string}\"},\"query-input\":{\"@type\":\"PropertyValueSpecification\",\"valueRequired\":true,\"valueName\":\"search_term_string\"}}],\"inLanguage\":\"pt-BR\"},{\"@type\":\"Organization\",\"@id\":\"https:\\\/\\\/rls-wacon.de\\\/#organization\",\"name\":\"RLS Wacon analytics GmbH\",\"url\":\"https:\\\/\\\/rls-wacon.de\\\/\",\"logo\":{\"@type\":\"ImageObject\",\"inLanguage\":\"pt-BR\",\"@id\":\"https:\\\/\\\/rls-wacon.de\\\/#\\\/schema\\\/logo\\\/image\\\/\",\"url\":\"https:\\\/\\\/rls-wacon.de\\\/wp-content\\\/uploads\\\/2022\\\/10\\\/RLSWacon-analytics-Logo-BR-RZ-9_17-768x1591.png\",\"contentUrl\":\"https:\\\/\\\/rls-wacon.de\\\/wp-content\\\/uploads\\\/2022\\\/10\\\/RLSWacon-analytics-Logo-BR-RZ-9_17-768x1591.png\",\"width\":768,\"height\":159,\"caption\":\"RLS Wacon analytics GmbH\"},\"image\":{\"@id\":\"https:\\\/\\\/rls-wacon.de\\\/#\\\/schema\\\/logo\\\/image\\\/\"}}]}<\/script>\n<meta property=\"og:availability\" content=\"instock\" \/>\n<meta property=\"product:availability\" content=\"instock\" \/>\n<meta property=\"product:condition\" content=\"new\" \/>\n<!-- \/ Yoast SEO Premium plugin. -->","yoast_head_json":{"title":"Indicador S\u00e9rie LHV | LIMES valores totais de monitoramento de valor limite | RLS Wacon","description":"Indicador da s\u00e9rie LHV para monitoramento autom\u00e1tico do valor-limite da dureza total com analisadores LIMES. 4 n\u00edveis de limite (0,1-7 \u00b0dH), 750 ml. Fabricado na Alemanha.","robots":{"index":"index","follow":"follow","max-snippet":"max-snippet:-1","max-image-preview":"max-image-preview:large","max-video-preview":"max-video-preview:-1"},"canonical":"https:\/\/rls-wacon.de\/pt-br\/produkt\/valor-total-da-serie-lhv\/","og_locale":"pt_BR","og_type":"article","og_title":"Valor total da s\u00e9rie LHV","og_description":"Indicador da s\u00e9rie LHV para monitoramento autom\u00e1tico do valor-limite da dureza total com analisadores LIMES. 4 n\u00edveis de limite (0,1-7 \u00b0dH), 750 ml. Fabricado na Alemanha.","og_url":"https:\/\/rls-wacon.de\/pt-br\/produkt\/valor-total-da-serie-lhv\/","og_site_name":"RLS Wacon analytics","article_modified_time":"2026-04-16T13:32:21+00:00","og_image":[{"width":2560,"height":1707,"url":"https:\/\/rls-wacon.de\/wp-content\/uploads\/2023\/03\/indikator-lhv-0-1-scaled.jpg","type":"image\/jpeg"}],"twitter_card":"summary_large_image","twitter_misc":{"Disponibilidade":"Em Estoque"},"schema":{"@context":"https:\/\/schema.org","@graph":[{"@type":"WebPage","@id":"https:\/\/rls-wacon.de\/pt-br\/produkt\/valor-total-da-serie-lhv\/","url":"https:\/\/rls-wacon.de\/pt-br\/produkt\/valor-total-da-serie-lhv\/","name":"Indicador S\u00e9rie LHV | LIMES valores totais de monitoramento de valor limite | RLS Wacon","isPartOf":{"@id":"https:\/\/rls-wacon.de\/#website"},"primaryImageOfPage":{"@id":"https:\/\/rls-wacon.de\/pt-br\/produkt\/valor-total-da-serie-lhv\/#primaryimage"},"image":{"@id":"https:\/\/rls-wacon.de\/pt-br\/produkt\/valor-total-da-serie-lhv\/#primaryimage"},"thumbnailUrl":"https:\/\/rls-wacon.de\/wp-content\/uploads\/2023\/03\/indikator-lhv-0-1-scaled.jpg","datePublished":"2026-03-17T14:56:49+00:00","dateModified":"2026-04-16T13:32:21+00:00","description":"Indicador da s\u00e9rie LHV para monitoramento autom\u00e1tico do valor-limite da dureza total com analisadores LIMES. 4 n\u00edveis de limite (0,1-7 \u00b0dH), 750 ml. Fabricado na Alemanha.","breadcrumb":{"@id":"https:\/\/rls-wacon.de\/pt-br\/produkt\/valor-total-da-serie-lhv\/#breadcrumb"},"inLanguage":"pt-BR","potentialAction":[{"@type":"ReadAction","target":["https:\/\/rls-wacon.de\/pt-br\/produkt\/valor-total-da-serie-lhv\/"]}]},{"@type":"ImageObject","inLanguage":"pt-BR","@id":"https:\/\/rls-wacon.de\/pt-br\/produkt\/valor-total-da-serie-lhv\/#primaryimage","url":"https:\/\/rls-wacon.de\/wp-content\/uploads\/2023\/03\/indikator-lhv-0-1-scaled.jpg","contentUrl":"https:\/\/rls-wacon.de\/wp-content\/uploads\/2023\/03\/indikator-lhv-0-1-scaled.jpg","width":2560,"height":1707,"caption":"indicador-lhv-0-1"},{"@type":"BreadcrumbList","@id":"https:\/\/rls-wacon.de\/pt-br\/produkt\/valor-total-da-serie-lhv\/#breadcrumb","itemListElement":[{"@type":"ListItem","position":1,"name":"Startseite","item":"https:\/\/rls-wacon.de\/pt-br\/"},{"@type":"ListItem","position":2,"name":"Produtos","item":"https:\/\/rls-wacon.de\/shop\/"},{"@type":"ListItem","position":3,"name":"Valor total da s\u00e9rie LHV"}]},{"@type":"WebSite","@id":"https:\/\/rls-wacon.de\/#website","url":"https:\/\/rls-wacon.de\/","name":"RLS Wacon analytics GmbH","description":"Experts for water monitoring","publisher":{"@id":"https:\/\/rls-wacon.de\/#organization"},"potentialAction":[{"@type":"SearchAction","target":{"@type":"EntryPoint","urlTemplate":"https:\/\/rls-wacon.de\/?s={search_term_string}"},"query-input":{"@type":"PropertyValueSpecification","valueRequired":true,"valueName":"search_term_string"}}],"inLanguage":"pt-BR"},{"@type":"Organization","@id":"https:\/\/rls-wacon.de\/#organization","name":"RLS Wacon analytics GmbH","url":"https:\/\/rls-wacon.de\/","logo":{"@type":"ImageObject","inLanguage":"pt-BR","@id":"https:\/\/rls-wacon.de\/#\/schema\/logo\/image\/","url":"https:\/\/rls-wacon.de\/wp-content\/uploads\/2022\/10\/RLSWacon-analytics-Logo-BR-RZ-9_17-768x1591.png","contentUrl":"https:\/\/rls-wacon.de\/wp-content\/uploads\/2022\/10\/RLSWacon-analytics-Logo-BR-RZ-9_17-768x1591.png","width":768,"height":159,"caption":"RLS Wacon analytics GmbH"},"image":{"@id":"https:\/\/rls-wacon.de\/#\/schema\/logo\/image\/"}}]},"og_availability":"instock","product_availability":"instock","product_condition":"new"},"_links":{"self":[{"href":"https:\/\/rls-wacon.de\/pt-br\/wp-json\/wp\/v2\/product\/30391","targetHints":{"allow":["GET"]}}],"collection":[{"href":"https:\/\/rls-wacon.de\/pt-br\/wp-json\/wp\/v2\/product"}],"about":[{"href":"https:\/\/rls-wacon.de\/pt-br\/wp-json\/wp\/v2\/types\/product"}],"version-history":[{"count":2,"href":"https:\/\/rls-wacon.de\/pt-br\/wp-json\/wp\/v2\/product\/30391\/revisions"}],"predecessor-version":[{"id":31336,"href":"https:\/\/rls-wacon.de\/pt-br\/wp-json\/wp\/v2\/product\/30391\/revisions\/31336"}],"wp:featuredmedia":[{"embeddable":true,"href":"https:\/\/rls-wacon.de\/pt-br\/wp-json\/wp\/v2\/media\/6333"}],"wp:attachment":[{"href":"https:\/\/rls-wacon.de\/pt-br\/wp-json\/wp\/v2\/media?parent=30391"}],"wp:term":[{"taxonomy":"product_brand","embeddable":true,"href":"https:\/\/rls-wacon.de\/pt-br\/wp-json\/wp\/v2\/product_brand?post=30391"},{"taxonomy":"product_cat","embeddable":true,"href":"https:\/\/rls-wacon.de\/pt-br\/wp-json\/wp\/v2\/product_cat?post=30391"},{"taxonomy":"product_tag","embeddable":true,"href":"https:\/\/rls-wacon.de\/pt-br\/wp-json\/wp\/v2\/product_tag?post=30391"}],"curies":[{"name":"wp","href":"https:\/\/api.w.org\/{rel}","templated":true}]}}