{"id":30397,"date":"2026-03-17T14:34:26","date_gmt":"2026-03-17T13:34:26","guid":{"rendered":"https:\/\/rls-wacon.de\/produkt\/silicato\/"},"modified":"2026-04-16T15:28:19","modified_gmt":"2026-04-16T13:28:19","slug":"silicato","status":"publish","type":"product","link":"https:\/\/rls-wacon.de\/pt-br\/produkt\/silicato\/","title":{"rendered":"Silicato"},"content":{"rendered":"<h2>Silicato indicador<\/h2>\n<h3>Para que \u00e9 medido o silicato?<\/h3>\n<p>O silicato (SiO\u2082) \u00e9 um ingrediente dissolvido que ocorre em quase todas as \u00e1guas naturais. O monitoramento da concentra\u00e7\u00e3o de silicato \u00e9 particularmente importante nas seguintes \u00e1reas: <\/p>\n<ul class=\"feature-list\">\n<li><strong>Usinas de energia e gera\u00e7\u00e3o de vapor:<\/strong> Em altas temperaturas e press\u00f5es, o silicato forma dep\u00f3sitos extremamente duros, semelhantes a vidro, nas p\u00e1s da turbina e nos tubos de vapor. Esses dep\u00f3sitos s\u00e3o quase imposs\u00edveis de serem removidos e levam a perdas consider\u00e1veis de efici\u00eancia. <\/li>\n<li><strong>\u00c1gua de alimenta\u00e7\u00e3o da caldeira:<\/strong> mesmo baixas concentra\u00e7\u00f5es de silicato podem causar danos na faixa de alta press\u00e3o. Os valores-limite t\u00edpicos est\u00e3o na faixa de alguns \u00b5g\/litro. <\/li>\n<li><strong>Sistemas de osmose reversa:<\/strong> o silicato pode contaminar irreversivelmente as membranas (contamina\u00e7\u00e3o por s\u00edlica). O monitoramento do permeado protege voc\u00ea contra danos dispendiosos \u00e0 membrana. <\/li>\n<li><strong>Trocador de \u00edons de leito misto:<\/strong> controle da capacidade de troca &#8211; o silicato costuma ser um dos primeiros par\u00e2metros a se romper durante o esgotamento.<\/li>\n<\/ul>\n<h3>Como o indicador funciona?<\/h3>\n<p>Os indicadores de silicato consistem em um conjunto de reagentes com v\u00e1rios componentes para a determina\u00e7\u00e3o totalmente autom\u00e1tica de silicato com o analisador SYCON SiO\u2082. O analisador coleta automaticamente uma amostra de \u00e1gua, adiciona os reagentes na ordem e quantidade corretas e mede a colora\u00e7\u00e3o fotometricamente. <\/p>\n<p>H\u00e1 duas faixas de medi\u00e7\u00e3o dispon\u00edveis: Faixa Baixa (0,02-10 mg\/l) para a faixa de tra\u00e7os e Faixa Alta (10-150 mg\/l) para concentra\u00e7\u00f5es mais altas.<\/p>\n<h3>Vantagens dos indicadores de silicato<\/h3>\n<ul class=\"feature-list\">\n<li>Duas faixas de medi\u00e7\u00e3o: Faixa baixa (0,02-10 mg\/l) e faixa alta (10-150 mg\/l)\n<p style=\"text-indent: 30px; font-style: italic;\">Abrangido desde n\u00edveis de tra\u00e7os at\u00e9 altas concentra\u00e7\u00f5es<\/p>\n<\/li>\n<li>Medi\u00e7\u00e3o totalmente autom\u00e1tica com o SYCON SiO\u2082\n<p style=\"text-indent: 30px; font-style: italic;\">Monitoramento cont\u00ednuo de processos cr\u00edticos 24 horas por dia, 7 dias por semana<\/p>\n<\/li>\n<li>Conjuntos de reagentes com componentes coordenados\n<p style=\"text-indent: 30px; font-style: italic;\">Condi\u00e7\u00f5es ideais de rea\u00e7\u00e3o para resultados precisos<\/p>\n<\/li>\n<li>Mat\u00e9rias-primas de alta qualidade e nossa pr\u00f3pria receita\n<p style=\"text-indent: 30px; font-style: italic;\">Fabricado pela RLS Wacon &#8211; Fabricado na Alemanha<\/p>\n<\/li>\n<li>Calibra\u00e7\u00e3o de lote \u00fanico\n<p style=\"text-indent: 30px; font-style: italic;\">Alta precis\u00e3o consistente em cada entrega<\/p>\n<\/li>\n<li>Prazo de validade de 24 meses\n<p style=\"text-indent: 30px; font-style: italic;\">Armazenamento econ\u00f4mico<\/p>\n<\/li>\n<\/ul>\n","protected":false},"excerpt":{"rendered":"<p>Silicato indicador Para que \u00e9 medido o silicato? O silicato (SiO\u2082) \u00e9 um ingrediente dissolvido que ocorre em quase todas as \u00e1guas naturais. O monitoramento da concentra\u00e7\u00e3o de silicato \u00e9 particularmente importante nas seguintes \u00e1reas: Usinas de energia e gera\u00e7\u00e3o de vapor: Em altas temperaturas e press\u00f5es, o silicato forma dep\u00f3sitos extremamente duros, semelhantes a [&hellip;]<\/p>\n","protected":false},"featured_media":1272,"template":"","meta":{"_acf_changed":false},"product_brand":[],"product_cat":[1342,1343],"product_tag":[2289,2293,2276,2294,2292,2290,2288,2291,2278],"class_list":{"0":"post-30397","1":"product","2":"type-product","3":"status-publish","4":"has-post-thumbnail","6":"product_cat-indicadores-pt-br","7":"product_cat-silicato-pt-br","8":"product_tag-agua-de-alimentacao-da-caldeira","9":"product_tag-estacao-de-energia","10":"product_tag-indicador","11":"product_tag-osmose-reversa","12":"product_tag-reagente","13":"product_tag-silicato","14":"product_tag-sinal","15":"product_tag-sio2","16":"product_tag-tratamento-de-agua","18":"first","19":"instock","20":"shipping-taxable","21":"product-type-variable"},"exclude_global_add_ons":[],"addons":[],"acf":[],"yoast_head":"<!-- This site is optimized with the Yoast SEO Premium plugin v27.5 (Yoast SEO v27.5) - https:\/\/yoast.com\/product\/yoast-seo-premium-wordpress\/ -->\n<title>Indicador de silicato | Analisador SYCON SiO\u2082 | RLS Wacon<\/title>\n<meta name=\"description\" content=\"Conjunto de reagentes para determina\u00e7\u00e3o autom\u00e1tica de silicato com o SYCON SiO\u2082. Faixa baixa (0,02-10 mg\/l) e faixa alta (10-150 mg\/l). Fabricado na Alemanha.\" \/>\n<meta name=\"robots\" content=\"index, follow, max-snippet:-1, max-image-preview:large, max-video-preview:-1\" \/>\n<link rel=\"canonical\" href=\"https:\/\/rls-wacon.de\/pt-br\/produkt\/silicato\/\" \/>\n<meta property=\"og:locale\" content=\"pt_BR\" \/>\n<meta property=\"og:type\" content=\"article\" \/>\n<meta property=\"og:title\" content=\"Silicato\" \/>\n<meta property=\"og:description\" content=\"Conjunto de reagentes para determina\u00e7\u00e3o autom\u00e1tica de silicato com o SYCON SiO\u2082. Faixa baixa (0,02-10 mg\/l) e faixa alta (10-150 mg\/l). Fabricado na Alemanha.\" \/>\n<meta property=\"og:url\" content=\"https:\/\/rls-wacon.de\/pt-br\/produkt\/silicato\/\" \/>\n<meta property=\"og:site_name\" content=\"RLS Wacon analytics\" \/>\n<meta property=\"article:modified_time\" content=\"2026-04-16T13:28:19+00:00\" \/>\n<meta property=\"og:image\" content=\"https:\/\/rls-wacon.de\/wp-content\/uploads\/2023\/03\/32-010100-Indikatorset-Silicat-2-Flaschen-Reagenz-A-und-je-1-Flasche-B-und-C-scaled.jpg\" \/>\n\t<meta property=\"og:image:width\" content=\"2560\" \/>\n\t<meta property=\"og:image:height\" content=\"1707\" \/>\n\t<meta property=\"og:image:type\" content=\"image\/jpeg\" \/>\n<meta name=\"twitter:card\" content=\"summary_large_image\" \/>\n<meta name=\"twitter:label1\" content=\"Disponibilidade\" \/>\n\t<meta name=\"twitter:data1\" content=\"Em Estoque\" \/>\n<script type=\"application\/ld+json\" class=\"yoast-schema-graph\">{\"@context\":\"https:\\\/\\\/schema.org\",\"@graph\":[{\"@type\":\"WebPage\",\"@id\":\"https:\\\/\\\/rls-wacon.de\\\/pt-br\\\/produkt\\\/silicato\\\/\",\"url\":\"https:\\\/\\\/rls-wacon.de\\\/pt-br\\\/produkt\\\/silicato\\\/\",\"name\":\"Indicador de silicato | Analisador SYCON SiO\u2082 | RLS Wacon\",\"isPartOf\":{\"@id\":\"https:\\\/\\\/rls-wacon.de\\\/#website\"},\"primaryImageOfPage\":{\"@id\":\"https:\\\/\\\/rls-wacon.de\\\/pt-br\\\/produkt\\\/silicato\\\/#primaryimage\"},\"image\":{\"@id\":\"https:\\\/\\\/rls-wacon.de\\\/pt-br\\\/produkt\\\/silicato\\\/#primaryimage\"},\"thumbnailUrl\":\"https:\\\/\\\/rls-wacon.de\\\/wp-content\\\/uploads\\\/2023\\\/03\\\/32-010100-Indikatorset-Silicat-2-Flaschen-Reagenz-A-und-je-1-Flasche-B-und-C-scaled.jpg\",\"datePublished\":\"2026-03-17T13:34:26+00:00\",\"dateModified\":\"2026-04-16T13:28:19+00:00\",\"description\":\"Conjunto de reagentes para determina\u00e7\u00e3o autom\u00e1tica de silicato com o SYCON SiO\u2082. Faixa baixa (0,02-10 mg\\\/l) e faixa alta (10-150 mg\\\/l). Fabricado na Alemanha.\",\"breadcrumb\":{\"@id\":\"https:\\\/\\\/rls-wacon.de\\\/pt-br\\\/produkt\\\/silicato\\\/#breadcrumb\"},\"inLanguage\":\"pt-BR\",\"potentialAction\":[{\"@type\":\"ReadAction\",\"target\":[\"https:\\\/\\\/rls-wacon.de\\\/pt-br\\\/produkt\\\/silicato\\\/\"]}]},{\"@type\":\"ImageObject\",\"inLanguage\":\"pt-BR\",\"@id\":\"https:\\\/\\\/rls-wacon.de\\\/pt-br\\\/produkt\\\/silicato\\\/#primaryimage\",\"url\":\"https:\\\/\\\/rls-wacon.de\\\/wp-content\\\/uploads\\\/2023\\\/03\\\/32-010100-Indikatorset-Silicat-2-Flaschen-Reagenz-A-und-je-1-Flasche-B-und-C-scaled.jpg\",\"contentUrl\":\"https:\\\/\\\/rls-wacon.de\\\/wp-content\\\/uploads\\\/2023\\\/03\\\/32-010100-Indikatorset-Silicat-2-Flaschen-Reagenz-A-und-je-1-Flasche-B-und-C-scaled.jpg\",\"width\":2560,\"height\":1707,\"caption\":\"32-010100 Indikatorset Silicat (2 Flaschen Reagenz A, und je 1 Flasche B und C)\"},{\"@type\":\"BreadcrumbList\",\"@id\":\"https:\\\/\\\/rls-wacon.de\\\/pt-br\\\/produkt\\\/silicato\\\/#breadcrumb\",\"itemListElement\":[{\"@type\":\"ListItem\",\"position\":1,\"name\":\"Startseite\",\"item\":\"https:\\\/\\\/rls-wacon.de\\\/pt-br\\\/\"},{\"@type\":\"ListItem\",\"position\":2,\"name\":\"Produtos\",\"item\":\"https:\\\/\\\/rls-wacon.de\\\/shop\\\/\"},{\"@type\":\"ListItem\",\"position\":3,\"name\":\"Silicato\"}]},{\"@type\":\"WebSite\",\"@id\":\"https:\\\/\\\/rls-wacon.de\\\/#website\",\"url\":\"https:\\\/\\\/rls-wacon.de\\\/\",\"name\":\"RLS Wacon analytics GmbH\",\"description\":\"Experts for water monitoring\",\"publisher\":{\"@id\":\"https:\\\/\\\/rls-wacon.de\\\/#organization\"},\"potentialAction\":[{\"@type\":\"SearchAction\",\"target\":{\"@type\":\"EntryPoint\",\"urlTemplate\":\"https:\\\/\\\/rls-wacon.de\\\/?s={search_term_string}\"},\"query-input\":{\"@type\":\"PropertyValueSpecification\",\"valueRequired\":true,\"valueName\":\"search_term_string\"}}],\"inLanguage\":\"pt-BR\"},{\"@type\":\"Organization\",\"@id\":\"https:\\\/\\\/rls-wacon.de\\\/#organization\",\"name\":\"RLS Wacon analytics GmbH\",\"url\":\"https:\\\/\\\/rls-wacon.de\\\/\",\"logo\":{\"@type\":\"ImageObject\",\"inLanguage\":\"pt-BR\",\"@id\":\"https:\\\/\\\/rls-wacon.de\\\/#\\\/schema\\\/logo\\\/image\\\/\",\"url\":\"https:\\\/\\\/rls-wacon.de\\\/wp-content\\\/uploads\\\/2022\\\/10\\\/RLSWacon-analytics-Logo-BR-RZ-9_17-768x1591.png\",\"contentUrl\":\"https:\\\/\\\/rls-wacon.de\\\/wp-content\\\/uploads\\\/2022\\\/10\\\/RLSWacon-analytics-Logo-BR-RZ-9_17-768x1591.png\",\"width\":768,\"height\":159,\"caption\":\"RLS Wacon analytics GmbH\"},\"image\":{\"@id\":\"https:\\\/\\\/rls-wacon.de\\\/#\\\/schema\\\/logo\\\/image\\\/\"}}]}<\/script>\n<meta property=\"og:availability\" content=\"instock\" \/>\n<meta property=\"product:availability\" content=\"instock\" \/>\n<meta property=\"product:condition\" content=\"new\" \/>\n<!-- \/ Yoast SEO Premium plugin. -->","yoast_head_json":{"title":"Indicador de silicato | Analisador SYCON SiO\u2082 | RLS Wacon","description":"Conjunto de reagentes para determina\u00e7\u00e3o autom\u00e1tica de silicato com o SYCON SiO\u2082. Faixa baixa (0,02-10 mg\/l) e faixa alta (10-150 mg\/l). Fabricado na Alemanha.","robots":{"index":"index","follow":"follow","max-snippet":"max-snippet:-1","max-image-preview":"max-image-preview:large","max-video-preview":"max-video-preview:-1"},"canonical":"https:\/\/rls-wacon.de\/pt-br\/produkt\/silicato\/","og_locale":"pt_BR","og_type":"article","og_title":"Silicato","og_description":"Conjunto de reagentes para determina\u00e7\u00e3o autom\u00e1tica de silicato com o SYCON SiO\u2082. Faixa baixa (0,02-10 mg\/l) e faixa alta (10-150 mg\/l). Fabricado na Alemanha.","og_url":"https:\/\/rls-wacon.de\/pt-br\/produkt\/silicato\/","og_site_name":"RLS Wacon analytics","article_modified_time":"2026-04-16T13:28:19+00:00","og_image":[{"width":2560,"height":1707,"url":"https:\/\/rls-wacon.de\/wp-content\/uploads\/2023\/03\/32-010100-Indikatorset-Silicat-2-Flaschen-Reagenz-A-und-je-1-Flasche-B-und-C-scaled.jpg","type":"image\/jpeg"}],"twitter_card":"summary_large_image","twitter_misc":{"Disponibilidade":"Em Estoque"},"schema":{"@context":"https:\/\/schema.org","@graph":[{"@type":"WebPage","@id":"https:\/\/rls-wacon.de\/pt-br\/produkt\/silicato\/","url":"https:\/\/rls-wacon.de\/pt-br\/produkt\/silicato\/","name":"Indicador de silicato | Analisador SYCON SiO\u2082 | RLS Wacon","isPartOf":{"@id":"https:\/\/rls-wacon.de\/#website"},"primaryImageOfPage":{"@id":"https:\/\/rls-wacon.de\/pt-br\/produkt\/silicato\/#primaryimage"},"image":{"@id":"https:\/\/rls-wacon.de\/pt-br\/produkt\/silicato\/#primaryimage"},"thumbnailUrl":"https:\/\/rls-wacon.de\/wp-content\/uploads\/2023\/03\/32-010100-Indikatorset-Silicat-2-Flaschen-Reagenz-A-und-je-1-Flasche-B-und-C-scaled.jpg","datePublished":"2026-03-17T13:34:26+00:00","dateModified":"2026-04-16T13:28:19+00:00","description":"Conjunto de reagentes para determina\u00e7\u00e3o autom\u00e1tica de silicato com o SYCON SiO\u2082. Faixa baixa (0,02-10 mg\/l) e faixa alta (10-150 mg\/l). Fabricado na Alemanha.","breadcrumb":{"@id":"https:\/\/rls-wacon.de\/pt-br\/produkt\/silicato\/#breadcrumb"},"inLanguage":"pt-BR","potentialAction":[{"@type":"ReadAction","target":["https:\/\/rls-wacon.de\/pt-br\/produkt\/silicato\/"]}]},{"@type":"ImageObject","inLanguage":"pt-BR","@id":"https:\/\/rls-wacon.de\/pt-br\/produkt\/silicato\/#primaryimage","url":"https:\/\/rls-wacon.de\/wp-content\/uploads\/2023\/03\/32-010100-Indikatorset-Silicat-2-Flaschen-Reagenz-A-und-je-1-Flasche-B-und-C-scaled.jpg","contentUrl":"https:\/\/rls-wacon.de\/wp-content\/uploads\/2023\/03\/32-010100-Indikatorset-Silicat-2-Flaschen-Reagenz-A-und-je-1-Flasche-B-und-C-scaled.jpg","width":2560,"height":1707,"caption":"32-010100 Indikatorset Silicat (2 Flaschen Reagenz A, und je 1 Flasche B und C)"},{"@type":"BreadcrumbList","@id":"https:\/\/rls-wacon.de\/pt-br\/produkt\/silicato\/#breadcrumb","itemListElement":[{"@type":"ListItem","position":1,"name":"Startseite","item":"https:\/\/rls-wacon.de\/pt-br\/"},{"@type":"ListItem","position":2,"name":"Produtos","item":"https:\/\/rls-wacon.de\/shop\/"},{"@type":"ListItem","position":3,"name":"Silicato"}]},{"@type":"WebSite","@id":"https:\/\/rls-wacon.de\/#website","url":"https:\/\/rls-wacon.de\/","name":"RLS Wacon analytics GmbH","description":"Experts for water monitoring","publisher":{"@id":"https:\/\/rls-wacon.de\/#organization"},"potentialAction":[{"@type":"SearchAction","target":{"@type":"EntryPoint","urlTemplate":"https:\/\/rls-wacon.de\/?s={search_term_string}"},"query-input":{"@type":"PropertyValueSpecification","valueRequired":true,"valueName":"search_term_string"}}],"inLanguage":"pt-BR"},{"@type":"Organization","@id":"https:\/\/rls-wacon.de\/#organization","name":"RLS Wacon analytics GmbH","url":"https:\/\/rls-wacon.de\/","logo":{"@type":"ImageObject","inLanguage":"pt-BR","@id":"https:\/\/rls-wacon.de\/#\/schema\/logo\/image\/","url":"https:\/\/rls-wacon.de\/wp-content\/uploads\/2022\/10\/RLSWacon-analytics-Logo-BR-RZ-9_17-768x1591.png","contentUrl":"https:\/\/rls-wacon.de\/wp-content\/uploads\/2022\/10\/RLSWacon-analytics-Logo-BR-RZ-9_17-768x1591.png","width":768,"height":159,"caption":"RLS Wacon analytics GmbH"},"image":{"@id":"https:\/\/rls-wacon.de\/#\/schema\/logo\/image\/"}}]},"og_availability":"instock","product_availability":"instock","product_condition":"new"},"_links":{"self":[{"href":"https:\/\/rls-wacon.de\/pt-br\/wp-json\/wp\/v2\/product\/30397","targetHints":{"allow":["GET"]}}],"collection":[{"href":"https:\/\/rls-wacon.de\/pt-br\/wp-json\/wp\/v2\/product"}],"about":[{"href":"https:\/\/rls-wacon.de\/pt-br\/wp-json\/wp\/v2\/types\/product"}],"version-history":[{"count":1,"href":"https:\/\/rls-wacon.de\/pt-br\/wp-json\/wp\/v2\/product\/30397\/revisions"}],"predecessor-version":[{"id":30458,"href":"https:\/\/rls-wacon.de\/pt-br\/wp-json\/wp\/v2\/product\/30397\/revisions\/30458"}],"wp:featuredmedia":[{"embeddable":true,"href":"https:\/\/rls-wacon.de\/pt-br\/wp-json\/wp\/v2\/media\/1272"}],"wp:attachment":[{"href":"https:\/\/rls-wacon.de\/pt-br\/wp-json\/wp\/v2\/media?parent=30397"}],"wp:term":[{"taxonomy":"product_brand","embeddable":true,"href":"https:\/\/rls-wacon.de\/pt-br\/wp-json\/wp\/v2\/product_brand?post=30397"},{"taxonomy":"product_cat","embeddable":true,"href":"https:\/\/rls-wacon.de\/pt-br\/wp-json\/wp\/v2\/product_cat?post=30397"},{"taxonomy":"product_tag","embeddable":true,"href":"https:\/\/rls-wacon.de\/pt-br\/wp-json\/wp\/v2\/product_tag?post=30397"}],"curies":[{"name":"wp","href":"https:\/\/api.w.org\/{rel}","templated":true}]}}