{"id":30467,"date":"2026-03-17T12:27:47","date_gmt":"2026-03-17T11:27:47","guid":{"rendered":"https:\/\/rls-wacon.de\/produkt\/endurecedores-de-carbonato-serie-c25\/"},"modified":"2026-04-16T15:27:18","modified_gmt":"2026-04-16T13:27:18","slug":"endurecedores-de-carbonato-serie-c25","status":"publish","type":"product","link":"https:\/\/rls-wacon.de\/pt-br\/produkt\/endurecedores-de-carbonato-serie-c25\/","title":{"rendered":"Endurecedores de carbonato s\u00e9rie C25"},"content":{"rendered":"<h2>Valores de indicador de carbonato S\u00e9rie C25<\/h2>\n<h3>Para que serve o valor de carbonato medido?<\/h3>\n<p>O valor de carbonato (tamb\u00e9m conhecido como valor temporal) descreve a propor\u00e7\u00e3o do valor da \u00e1gua que \u00e9 causada por \u00edons de carbonato de hidrog\u00eanio (HCO\u2083-). O monitoramento dos n\u00edveis de carbonato \u00e9 crucial em muitas \u00e1reas de tratamento de \u00e1gua: <\/p>\n<ul class=\"feature-list\">\n<li><strong>Sistemas de \u00e1gua de resfriamento:<\/strong> Os valores de carbonato influenciam diretamente o equil\u00edbrio entre cal e \u00e1cido carb\u00f4nico. Valores excessivos levam \u00e0 precipita\u00e7\u00e3o de cal em torres de resfriamento e trocadores de calor. <\/li>\n<li><strong>\u00c1gua de alimenta\u00e7\u00e3o da caldeira:<\/strong> o carbonato de hidrog\u00eanio se decomp\u00f5e em carbonato e CO\u2082 durante o aquecimento, o que leva \u00e0 corros\u00e3o no sistema de vapor\/condensado.<\/li>\n<li><strong>Piscina e \u00e1gua para banho:<\/strong> o valor de carbonato \u00e9 um par\u00e2metro importante para o equil\u00edbrio da \u00e1gua de acordo com Langelier ou o \u00edndice LSI.<\/li>\n<li><strong>\u00c1gua pot\u00e1vel:<\/strong> o teor de carbonato influencia o sabor e a tend\u00eancia de forma\u00e7\u00e3o de calc\u00e1rio nas tubula\u00e7\u00f5es.<\/li>\n<\/ul>\n<h3>Como o indicador funciona?<\/h3>\n<p>Os indicadores C25 s\u00e3o reagentes de cor l\u00edquida para an\u00e1lise de \u00e1gua totalmente autom\u00e1tica com os analisadores da s\u00e9rie SYCON. O analisador SYCON coleta automaticamente uma amostra de \u00e1gua, adiciona o indicador com precis\u00e3o e mede fotometricamente a cor resultante. <\/p>\n<p>Dependendo do modo do dispositivo, o sistema opera como um monitor de valor limite (SYCON 2602) ou como um dispositivo de faixa de medi\u00e7\u00e3o (SYCON 2702, 2802) com sa\u00edda cont\u00ednua de valor medido.<\/p>\n<h3>Vantagens da s\u00e9rie C25<\/h3>\n<ul class=\"feature-list\">\n<li>4 n\u00edveis de concentra\u00e7\u00e3o de 1 a 3 \u00b0dKH\n<p style=\"text-indent: 30px; font-style: italic;\">Sele\u00e7\u00e3o personalizada para diferentes aplica\u00e7\u00f5es<\/p>\n<\/li>\n<li>Possibilidade de opera\u00e7\u00e3o do valor limite e da faixa de medi\u00e7\u00e3o\n<p style=\"text-indent: 30px; font-style: italic;\">Uso flex\u00edvel com SYCON 2602, 2702 e 2802<\/p>\n<\/li>\n<li>Medi\u00e7\u00e3o totalmente autom\u00e1tica 24 horas por dia\n<p style=\"text-indent: 30px; font-style: italic;\">Monitoramento sem vazamentos e sem interven\u00e7\u00e3o manual<\/p>\n<\/li>\n<li>Mat\u00e9rias-primas de alta qualidade e nossa pr\u00f3pria receita\n<p style=\"text-indent: 30px; font-style: italic;\">Fabricado pela RLS Wacon &#8211; Fabricado na Alemanha<\/p>\n<\/li>\n<li>Calibra\u00e7\u00e3o de lote \u00fanico\n<p style=\"text-indent: 30px; font-style: italic;\">Alta precis\u00e3o consistente em cada entrega<\/p>\n<\/li>\n<li>Prazo de validade de 24 meses, 500 ml e embalagem com 4 unidades dispon\u00edveis\n<p style=\"text-indent: 30px; font-style: italic;\">Tamanhos econ\u00f4micos de cont\u00eaineres para todas as necessidades<\/p>\n<\/li>\n<\/ul>\n","protected":false},"excerpt":{"rendered":"<p>Valores de indicador de carbonato S\u00e9rie C25 Para que serve o valor de carbonato medido? O valor de carbonato (tamb\u00e9m conhecido como valor temporal) descreve a propor\u00e7\u00e3o do valor da \u00e1gua que \u00e9 causada por \u00edons de carbonato de hidrog\u00eanio (HCO\u2083-). O monitoramento dos n\u00edveis de carbonato \u00e9 crucial em muitas \u00e1reas de tratamento de [&hellip;]<\/p>\n","protected":false},"featured_media":1242,"template":"","meta":{"_acf_changed":false},"product_brand":[],"product_cat":[1483,1342],"product_tag":[2289,2369,2368,2366,2276,2288,2278,2277,2367],"class_list":{"0":"post-30467","1":"product","2":"type-product","3":"status-publish","4":"has-post-thumbnail","6":"product_cat-dureza-de-carbonato-pt-br","7":"product_cat-indicadores-pt-br","8":"product_tag-agua-de-alimentacao-da-caldeira","9":"product_tag-agua-de-resfriamento","10":"product_tag-c25","11":"product_tag-faixa-de-medicao","12":"product_tag-indicador","13":"product_tag-sinal","14":"product_tag-tratamento-de-agua","15":"product_tag-valor-limite","16":"product_tag-valores-de-carbonato","18":"first","19":"instock","20":"shipping-taxable","21":"purchasable","22":"product-type-variable"},"exclude_global_add_ons":[],"addons":[],"acf":[],"yoast_head":"<!-- This site is optimized with the Yoast SEO Premium plugin v27.5 (Yoast SEO v27.5) - https:\/\/yoast.com\/product\/yoast-seo-premium-wordpress\/ -->\n<title>Valores de indicadores de carbonato S\u00e9rie C25 | Analisadores SYCON | RLS Wacon<\/title>\n<meta name=\"description\" content=\"Indicador da s\u00e9rie C25 para determina\u00e7\u00e3o autom\u00e1tica de valores de carbonato com analisadores SYCON. 4 n\u00edveis de concentra\u00e7\u00e3o (1-3 \u00b0dKH), 500 ml. Fabricado na Alemanha.\" \/>\n<meta name=\"robots\" content=\"index, follow, max-snippet:-1, max-image-preview:large, max-video-preview:-1\" \/>\n<link rel=\"canonical\" href=\"https:\/\/rls-wacon.de\/pt-br\/produkt\/endurecedores-de-carbonato-serie-c25\/\" \/>\n<meta property=\"og:locale\" content=\"pt_BR\" \/>\n<meta property=\"og:type\" content=\"article\" \/>\n<meta property=\"og:title\" content=\"Endurecedores de carbonato s\u00e9rie C25\" \/>\n<meta property=\"og:description\" content=\"Indicador da s\u00e9rie C25 para determina\u00e7\u00e3o autom\u00e1tica de valores de carbonato com analisadores SYCON. 4 n\u00edveis de concentra\u00e7\u00e3o (1-3 \u00b0dKH), 500 ml. Fabricado na Alemanha.\" \/>\n<meta property=\"og:url\" content=\"https:\/\/rls-wacon.de\/pt-br\/produkt\/endurecedores-de-carbonato-serie-c25\/\" \/>\n<meta property=\"og:site_name\" content=\"RLS Wacon analytics\" \/>\n<meta property=\"article:modified_time\" content=\"2026-04-16T13:27:18+00:00\" \/>\n<meta property=\"og:image\" content=\"https:\/\/rls-wacon.de\/wp-content\/uploads\/2023\/03\/32-086125-Indikator-C25-1-500ml-scaled.jpg\" \/>\n\t<meta property=\"og:image:width\" content=\"2560\" \/>\n\t<meta property=\"og:image:height\" content=\"1707\" \/>\n\t<meta property=\"og:image:type\" content=\"image\/jpeg\" \/>\n<meta name=\"twitter:card\" content=\"summary_large_image\" \/>\n<meta name=\"twitter:label1\" content=\"Disponibilidade\" \/>\n\t<meta name=\"twitter:data1\" content=\"Em Estoque\" \/>\n<script type=\"application\/ld+json\" class=\"yoast-schema-graph\">{\"@context\":\"https:\\\/\\\/schema.org\",\"@graph\":[{\"@type\":\"WebPage\",\"@id\":\"https:\\\/\\\/rls-wacon.de\\\/pt-br\\\/produkt\\\/endurecedores-de-carbonato-serie-c25\\\/\",\"url\":\"https:\\\/\\\/rls-wacon.de\\\/pt-br\\\/produkt\\\/endurecedores-de-carbonato-serie-c25\\\/\",\"name\":\"Valores de indicadores de carbonato S\u00e9rie C25 | Analisadores SYCON | RLS Wacon\",\"isPartOf\":{\"@id\":\"https:\\\/\\\/rls-wacon.de\\\/#website\"},\"primaryImageOfPage\":{\"@id\":\"https:\\\/\\\/rls-wacon.de\\\/pt-br\\\/produkt\\\/endurecedores-de-carbonato-serie-c25\\\/#primaryimage\"},\"image\":{\"@id\":\"https:\\\/\\\/rls-wacon.de\\\/pt-br\\\/produkt\\\/endurecedores-de-carbonato-serie-c25\\\/#primaryimage\"},\"thumbnailUrl\":\"https:\\\/\\\/rls-wacon.de\\\/wp-content\\\/uploads\\\/2023\\\/03\\\/32-086125-Indikator-C25-1-500ml-scaled.jpg\",\"datePublished\":\"2026-03-17T11:27:47+00:00\",\"dateModified\":\"2026-04-16T13:27:18+00:00\",\"description\":\"Indicador da s\u00e9rie C25 para determina\u00e7\u00e3o autom\u00e1tica de valores de carbonato com analisadores SYCON. 4 n\u00edveis de concentra\u00e7\u00e3o (1-3 \u00b0dKH), 500 ml. Fabricado na Alemanha.\",\"breadcrumb\":{\"@id\":\"https:\\\/\\\/rls-wacon.de\\\/pt-br\\\/produkt\\\/endurecedores-de-carbonato-serie-c25\\\/#breadcrumb\"},\"inLanguage\":\"pt-BR\",\"potentialAction\":[{\"@type\":\"ReadAction\",\"target\":[\"https:\\\/\\\/rls-wacon.de\\\/pt-br\\\/produkt\\\/endurecedores-de-carbonato-serie-c25\\\/\"]}]},{\"@type\":\"ImageObject\",\"inLanguage\":\"pt-BR\",\"@id\":\"https:\\\/\\\/rls-wacon.de\\\/pt-br\\\/produkt\\\/endurecedores-de-carbonato-serie-c25\\\/#primaryimage\",\"url\":\"https:\\\/\\\/rls-wacon.de\\\/wp-content\\\/uploads\\\/2023\\\/03\\\/32-086125-Indikator-C25-1-500ml-scaled.jpg\",\"contentUrl\":\"https:\\\/\\\/rls-wacon.de\\\/wp-content\\\/uploads\\\/2023\\\/03\\\/32-086125-Indikator-C25-1-500ml-scaled.jpg\",\"width\":2560,\"height\":1707,\"caption\":\"32-086125 Indikator C25 - 1 (500ml)\"},{\"@type\":\"BreadcrumbList\",\"@id\":\"https:\\\/\\\/rls-wacon.de\\\/pt-br\\\/produkt\\\/endurecedores-de-carbonato-serie-c25\\\/#breadcrumb\",\"itemListElement\":[{\"@type\":\"ListItem\",\"position\":1,\"name\":\"Startseite\",\"item\":\"https:\\\/\\\/rls-wacon.de\\\/pt-br\\\/\"},{\"@type\":\"ListItem\",\"position\":2,\"name\":\"Produtos\",\"item\":\"https:\\\/\\\/rls-wacon.de\\\/shop\\\/\"},{\"@type\":\"ListItem\",\"position\":3,\"name\":\"Endurecedores de carbonato s\u00e9rie C25\"}]},{\"@type\":\"WebSite\",\"@id\":\"https:\\\/\\\/rls-wacon.de\\\/#website\",\"url\":\"https:\\\/\\\/rls-wacon.de\\\/\",\"name\":\"RLS Wacon analytics GmbH\",\"description\":\"Experts for water monitoring\",\"publisher\":{\"@id\":\"https:\\\/\\\/rls-wacon.de\\\/#organization\"},\"potentialAction\":[{\"@type\":\"SearchAction\",\"target\":{\"@type\":\"EntryPoint\",\"urlTemplate\":\"https:\\\/\\\/rls-wacon.de\\\/?s={search_term_string}\"},\"query-input\":{\"@type\":\"PropertyValueSpecification\",\"valueRequired\":true,\"valueName\":\"search_term_string\"}}],\"inLanguage\":\"pt-BR\"},{\"@type\":\"Organization\",\"@id\":\"https:\\\/\\\/rls-wacon.de\\\/#organization\",\"name\":\"RLS Wacon analytics GmbH\",\"url\":\"https:\\\/\\\/rls-wacon.de\\\/\",\"logo\":{\"@type\":\"ImageObject\",\"inLanguage\":\"pt-BR\",\"@id\":\"https:\\\/\\\/rls-wacon.de\\\/#\\\/schema\\\/logo\\\/image\\\/\",\"url\":\"https:\\\/\\\/rls-wacon.de\\\/wp-content\\\/uploads\\\/2022\\\/10\\\/RLSWacon-analytics-Logo-BR-RZ-9_17-768x1591.png\",\"contentUrl\":\"https:\\\/\\\/rls-wacon.de\\\/wp-content\\\/uploads\\\/2022\\\/10\\\/RLSWacon-analytics-Logo-BR-RZ-9_17-768x1591.png\",\"width\":768,\"height\":159,\"caption\":\"RLS Wacon analytics GmbH\"},\"image\":{\"@id\":\"https:\\\/\\\/rls-wacon.de\\\/#\\\/schema\\\/logo\\\/image\\\/\"}}]}<\/script>\n<meta property=\"og:availability\" content=\"instock\" \/>\n<meta property=\"product:availability\" content=\"instock\" \/>\n<meta property=\"product:condition\" content=\"new\" \/>\n<!-- \/ Yoast SEO Premium plugin. -->","yoast_head_json":{"title":"Valores de indicadores de carbonato S\u00e9rie C25 | Analisadores SYCON | RLS Wacon","description":"Indicador da s\u00e9rie C25 para determina\u00e7\u00e3o autom\u00e1tica de valores de carbonato com analisadores SYCON. 4 n\u00edveis de concentra\u00e7\u00e3o (1-3 \u00b0dKH), 500 ml. Fabricado na Alemanha.","robots":{"index":"index","follow":"follow","max-snippet":"max-snippet:-1","max-image-preview":"max-image-preview:large","max-video-preview":"max-video-preview:-1"},"canonical":"https:\/\/rls-wacon.de\/pt-br\/produkt\/endurecedores-de-carbonato-serie-c25\/","og_locale":"pt_BR","og_type":"article","og_title":"Endurecedores de carbonato s\u00e9rie C25","og_description":"Indicador da s\u00e9rie C25 para determina\u00e7\u00e3o autom\u00e1tica de valores de carbonato com analisadores SYCON. 4 n\u00edveis de concentra\u00e7\u00e3o (1-3 \u00b0dKH), 500 ml. Fabricado na Alemanha.","og_url":"https:\/\/rls-wacon.de\/pt-br\/produkt\/endurecedores-de-carbonato-serie-c25\/","og_site_name":"RLS Wacon analytics","article_modified_time":"2026-04-16T13:27:18+00:00","og_image":[{"width":2560,"height":1707,"url":"https:\/\/rls-wacon.de\/wp-content\/uploads\/2023\/03\/32-086125-Indikator-C25-1-500ml-scaled.jpg","type":"image\/jpeg"}],"twitter_card":"summary_large_image","twitter_misc":{"Disponibilidade":"Em Estoque"},"schema":{"@context":"https:\/\/schema.org","@graph":[{"@type":"WebPage","@id":"https:\/\/rls-wacon.de\/pt-br\/produkt\/endurecedores-de-carbonato-serie-c25\/","url":"https:\/\/rls-wacon.de\/pt-br\/produkt\/endurecedores-de-carbonato-serie-c25\/","name":"Valores de indicadores de carbonato S\u00e9rie C25 | Analisadores SYCON | RLS Wacon","isPartOf":{"@id":"https:\/\/rls-wacon.de\/#website"},"primaryImageOfPage":{"@id":"https:\/\/rls-wacon.de\/pt-br\/produkt\/endurecedores-de-carbonato-serie-c25\/#primaryimage"},"image":{"@id":"https:\/\/rls-wacon.de\/pt-br\/produkt\/endurecedores-de-carbonato-serie-c25\/#primaryimage"},"thumbnailUrl":"https:\/\/rls-wacon.de\/wp-content\/uploads\/2023\/03\/32-086125-Indikator-C25-1-500ml-scaled.jpg","datePublished":"2026-03-17T11:27:47+00:00","dateModified":"2026-04-16T13:27:18+00:00","description":"Indicador da s\u00e9rie C25 para determina\u00e7\u00e3o autom\u00e1tica de valores de carbonato com analisadores SYCON. 4 n\u00edveis de concentra\u00e7\u00e3o (1-3 \u00b0dKH), 500 ml. Fabricado na Alemanha.","breadcrumb":{"@id":"https:\/\/rls-wacon.de\/pt-br\/produkt\/endurecedores-de-carbonato-serie-c25\/#breadcrumb"},"inLanguage":"pt-BR","potentialAction":[{"@type":"ReadAction","target":["https:\/\/rls-wacon.de\/pt-br\/produkt\/endurecedores-de-carbonato-serie-c25\/"]}]},{"@type":"ImageObject","inLanguage":"pt-BR","@id":"https:\/\/rls-wacon.de\/pt-br\/produkt\/endurecedores-de-carbonato-serie-c25\/#primaryimage","url":"https:\/\/rls-wacon.de\/wp-content\/uploads\/2023\/03\/32-086125-Indikator-C25-1-500ml-scaled.jpg","contentUrl":"https:\/\/rls-wacon.de\/wp-content\/uploads\/2023\/03\/32-086125-Indikator-C25-1-500ml-scaled.jpg","width":2560,"height":1707,"caption":"32-086125 Indikator C25 - 1 (500ml)"},{"@type":"BreadcrumbList","@id":"https:\/\/rls-wacon.de\/pt-br\/produkt\/endurecedores-de-carbonato-serie-c25\/#breadcrumb","itemListElement":[{"@type":"ListItem","position":1,"name":"Startseite","item":"https:\/\/rls-wacon.de\/pt-br\/"},{"@type":"ListItem","position":2,"name":"Produtos","item":"https:\/\/rls-wacon.de\/shop\/"},{"@type":"ListItem","position":3,"name":"Endurecedores de carbonato s\u00e9rie C25"}]},{"@type":"WebSite","@id":"https:\/\/rls-wacon.de\/#website","url":"https:\/\/rls-wacon.de\/","name":"RLS Wacon analytics GmbH","description":"Experts for water monitoring","publisher":{"@id":"https:\/\/rls-wacon.de\/#organization"},"potentialAction":[{"@type":"SearchAction","target":{"@type":"EntryPoint","urlTemplate":"https:\/\/rls-wacon.de\/?s={search_term_string}"},"query-input":{"@type":"PropertyValueSpecification","valueRequired":true,"valueName":"search_term_string"}}],"inLanguage":"pt-BR"},{"@type":"Organization","@id":"https:\/\/rls-wacon.de\/#organization","name":"RLS Wacon analytics GmbH","url":"https:\/\/rls-wacon.de\/","logo":{"@type":"ImageObject","inLanguage":"pt-BR","@id":"https:\/\/rls-wacon.de\/#\/schema\/logo\/image\/","url":"https:\/\/rls-wacon.de\/wp-content\/uploads\/2022\/10\/RLSWacon-analytics-Logo-BR-RZ-9_17-768x1591.png","contentUrl":"https:\/\/rls-wacon.de\/wp-content\/uploads\/2022\/10\/RLSWacon-analytics-Logo-BR-RZ-9_17-768x1591.png","width":768,"height":159,"caption":"RLS Wacon analytics GmbH"},"image":{"@id":"https:\/\/rls-wacon.de\/#\/schema\/logo\/image\/"}}]},"og_availability":"instock","product_availability":"instock","product_condition":"new"},"_links":{"self":[{"href":"https:\/\/rls-wacon.de\/pt-br\/wp-json\/wp\/v2\/product\/30467","targetHints":{"allow":["GET"]}}],"collection":[{"href":"https:\/\/rls-wacon.de\/pt-br\/wp-json\/wp\/v2\/product"}],"about":[{"href":"https:\/\/rls-wacon.de\/pt-br\/wp-json\/wp\/v2\/types\/product"}],"version-history":[{"count":1,"href":"https:\/\/rls-wacon.de\/pt-br\/wp-json\/wp\/v2\/product\/30467\/revisions"}],"predecessor-version":[{"id":31335,"href":"https:\/\/rls-wacon.de\/pt-br\/wp-json\/wp\/v2\/product\/30467\/revisions\/31335"}],"wp:featuredmedia":[{"embeddable":true,"href":"https:\/\/rls-wacon.de\/pt-br\/wp-json\/wp\/v2\/media\/1242"}],"wp:attachment":[{"href":"https:\/\/rls-wacon.de\/pt-br\/wp-json\/wp\/v2\/media?parent=30467"}],"wp:term":[{"taxonomy":"product_brand","embeddable":true,"href":"https:\/\/rls-wacon.de\/pt-br\/wp-json\/wp\/v2\/product_brand?post=30467"},{"taxonomy":"product_cat","embeddable":true,"href":"https:\/\/rls-wacon.de\/pt-br\/wp-json\/wp\/v2\/product_cat?post=30467"},{"taxonomy":"product_tag","embeddable":true,"href":"https:\/\/rls-wacon.de\/pt-br\/wp-json\/wp\/v2\/product_tag?post=30467"}],"curies":[{"name":"wp","href":"https:\/\/api.w.org\/{rel}","templated":true}]}}