{"id":30494,"date":"2026-03-17T14:31:56","date_gmt":"2026-03-17T13:31:56","guid":{"rendered":"https:\/\/rls-wacon.de\/produkt\/p-valor-serie-p25\/"},"modified":"2026-03-17T14:31:56","modified_gmt":"2026-03-17T13:31:56","slug":"p-valor-serie-p25","status":"publish","type":"product","link":"https:\/\/rls-wacon.de\/pt-br\/produkt\/p-valor-serie-p25\/","title":{"rendered":"p-valor S\u00e9rie P25"},"content":{"rendered":"<h2>Indicador p-valor S\u00e9rie P25<\/h2>\n<h3>Para que serve o valor de p?<\/h3>\n<p>O valor p (tamb\u00e9m capacidade \u00e1cida at\u00e9 pH 8,2 ou valor m\/alcalinidade) descreve a concentra\u00e7\u00e3o de \u00edons de hidr\u00f3xido e carbonato na \u00e1gua. \u00c9 um par\u00e2metro decisivo na qu\u00edmica da \u00e1gua da caldeira e da \u00e1gua de resfriamento: <\/p>\n<ul class=\"feature-list\">\n<li><strong>\u00c1gua da caldeira:<\/strong> O valor p \u00e9 um par\u00e2metro fundamental para a alcaliniza\u00e7\u00e3o correta. Valores muito baixos levam \u00e0 corros\u00e3o e valores muito altos podem causar problemas de forma\u00e7\u00e3o de espuma e transbordamento. <\/li>\n<li><strong>Sistemas de vapor e condensado:<\/strong> O monitoramento do valor p garante que a alcaliniza\u00e7\u00e3o permane\u00e7a dentro da faixa ideal.<\/li>\n<li><strong>Sistemas de \u00e1gua de resfriamento:<\/strong> O valor de p influencia o comportamento de corros\u00e3o e separa\u00e7\u00e3o do calc\u00e1rio.<\/li>\n<li><strong>\u00c1gua de processo industrial:<\/strong> controle da qu\u00edmica da \u00e1gua em circuitos fechados.<\/li>\n<\/ul>\n<h3>Como o indicador funciona?<\/h3>\n<p>Os indicadores P25 s\u00e3o reagentes de cor l\u00edquida para a determina\u00e7\u00e3o totalmente automatizada do valor p com o analisador SYCON P. O analisador coleta automaticamente uma amostra de \u00e1gua, adiciona o indicador com precis\u00e3o e mede a cor resultante fotometricamente. <\/p>\n<p>H\u00e1 duas faixas de medi\u00e7\u00e3o dispon\u00edveis: P25-5 para a faixa baixa (0,2-5,0 mmol\/l) e P25-20 para concentra\u00e7\u00f5es mais altas (0,8-20,0 mmol\/l).<\/p>\n<h3>Vantagens da s\u00e9rie P25<\/h3>\n<ul class=\"feature-list\">\n<li>Duas faixas de medi\u00e7\u00e3o: P25-5 (0,2-5 mmol\/l) e P25-20 (0,8-20 mmol\/l)\n<p style=\"text-indent: 30px; font-style: italic;\">Medi\u00e7\u00e3o precisa em uma ampla faixa de concentra\u00e7\u00e3o<\/p>\n<\/li>\n<li>Medi\u00e7\u00e3o totalmente autom\u00e1tica com o SYCON P\n<p style=\"text-indent: 30px; font-style: italic;\">Monitoramento cont\u00ednuo 24\/7 da qu\u00edmica da \u00e1gua da caldeira<\/p>\n<\/li>\n<li>Mat\u00e9rias-primas de alta qualidade e nossa pr\u00f3pria receita\n<p style=\"text-indent: 30px; font-style: italic;\">Fabricado pela RLS Wacon &#8211; Fabricado na Alemanha<\/p>\n<\/li>\n<li>Calibra\u00e7\u00e3o de lote \u00fanico\n<p style=\"text-indent: 30px; font-style: italic;\">Alta precis\u00e3o consistente em cada entrega<\/p>\n<\/li>\n<li>Dispon\u00edvel em frasco \u00fanico (500 ml) e embalagem de valor (4 \u00d7 500 ml)\n<p style=\"text-indent: 30px; font-style: italic;\">Tamanhos econ\u00f4micos de cont\u00eaineres para todas as necessidades<\/p>\n<\/li>\n<li>Prazo de validade de 24 meses\n<p style=\"text-indent: 30px; font-style: italic;\">Armazenamento econ\u00f4mico<\/p>\n<\/li>\n<\/ul>\n","protected":false},"excerpt":{"rendered":"<p>Indicador p-valor S\u00e9rie P25 Para que serve o valor de p? O valor p (tamb\u00e9m capacidade \u00e1cida at\u00e9 pH 8,2 ou valor m\/alcalinidade) descreve a concentra\u00e7\u00e3o de \u00edons de hidr\u00f3xido e carbonato na \u00e1gua. \u00c9 um par\u00e2metro decisivo na qu\u00edmica da \u00e1gua da caldeira e da \u00e1gua de resfriamento: \u00c1gua da caldeira: O valor p [&hellip;]<\/p>\n","protected":false},"featured_media":1539,"template":"","meta":{"_acf_changed":false},"product_brand":[],"product_cat":[1342,1485],"product_tag":[2394,2395,2397,2396,2276,2393,2288,2278,2392],"class_list":{"0":"post-30494","1":"product","2":"type-product","3":"status-publish","4":"has-post-thumbnail","6":"product_cat-indicadores-pt-br","7":"product_cat-valor-de-p","8":"product_tag-agua-da-caldeira","9":"product_tag-alcalinidade","10":"product_tag-caldeira-a-vapor","11":"product_tag-capacidade-de-acido","12":"product_tag-indicador","13":"product_tag-p25","14":"product_tag-sinal","15":"product_tag-tratamento-de-agua","16":"product_tag-valor-de-p","18":"first","19":"instock","20":"shipping-taxable","21":"purchasable","22":"product-type-variable"},"exclude_global_add_ons":[],"addons":[],"acf":[],"yoast_head":"<!-- This site is optimized with the Yoast SEO Premium plugin v27.3 (Yoast SEO v27.4) - https:\/\/yoast.com\/product\/yoast-seo-premium-wordpress\/ -->\n<title>Indicador p-valor S\u00e9rie P25 | Analisador SYCON P | RLS Wacon<\/title>\n<meta name=\"description\" content=\"Indicador da s\u00e9rie P25 para determina\u00e7\u00e3o autom\u00e1tica do valor p com o SYCON P. Duas faixas de medi\u00e7\u00e3o: P25-5 (0,2-5 mmol\/l) e P25-20 (0,8-20 mmol\/l). Fabricado na Alemanha.\" \/>\n<meta name=\"robots\" content=\"index, follow, max-snippet:-1, max-image-preview:large, max-video-preview:-1\" \/>\n<link rel=\"canonical\" href=\"https:\/\/rls-wacon.de\/pt-br\/produkt\/p-valor-serie-p25\/\" \/>\n<meta property=\"og:locale\" content=\"pt_BR\" \/>\n<meta property=\"og:type\" content=\"article\" \/>\n<meta property=\"og:title\" content=\"p-valor S\u00e9rie P25\" \/>\n<meta property=\"og:description\" content=\"Indicador da s\u00e9rie P25 para determina\u00e7\u00e3o autom\u00e1tica do valor p com o SYCON P. Duas faixas de medi\u00e7\u00e3o: P25-5 (0,2-5 mmol\/l) e P25-20 (0,8-20 mmol\/l). Fabricado na Alemanha.\" \/>\n<meta property=\"og:url\" content=\"https:\/\/rls-wacon.de\/pt-br\/produkt\/p-valor-serie-p25\/\" \/>\n<meta property=\"og:site_name\" content=\"RLS Wacon analytics\" \/>\n<meta property=\"og:image\" content=\"https:\/\/rls-wacon.de\/wp-content\/uploads\/2023\/03\/reagent-p25-5-scaled.jpg\" \/>\n\t<meta property=\"og:image:width\" content=\"2560\" \/>\n\t<meta property=\"og:image:height\" content=\"1707\" \/>\n\t<meta property=\"og:image:type\" content=\"image\/jpeg\" \/>\n<meta name=\"twitter:card\" content=\"summary_large_image\" \/>\n<meta name=\"twitter:label1\" content=\"Disponibilidade\" \/>\n\t<meta name=\"twitter:data1\" content=\"Em Estoque\" \/>\n<script type=\"application\/ld+json\" class=\"yoast-schema-graph\">{\"@context\":\"https:\\\/\\\/schema.org\",\"@graph\":[{\"@type\":\"WebPage\",\"@id\":\"https:\\\/\\\/rls-wacon.de\\\/pt-br\\\/produkt\\\/p-valor-serie-p25\\\/\",\"url\":\"https:\\\/\\\/rls-wacon.de\\\/pt-br\\\/produkt\\\/p-valor-serie-p25\\\/\",\"name\":\"Indicador p-valor S\u00e9rie P25 | Analisador SYCON P | RLS Wacon\",\"isPartOf\":{\"@id\":\"https:\\\/\\\/rls-wacon.de\\\/#website\"},\"primaryImageOfPage\":{\"@id\":\"https:\\\/\\\/rls-wacon.de\\\/pt-br\\\/produkt\\\/p-valor-serie-p25\\\/#primaryimage\"},\"image\":{\"@id\":\"https:\\\/\\\/rls-wacon.de\\\/pt-br\\\/produkt\\\/p-valor-serie-p25\\\/#primaryimage\"},\"thumbnailUrl\":\"https:\\\/\\\/rls-wacon.de\\\/wp-content\\\/uploads\\\/2023\\\/03\\\/reagent-p25-5-scaled.jpg\",\"datePublished\":\"2026-03-17T13:31:56+00:00\",\"description\":\"Indicador da s\u00e9rie P25 para determina\u00e7\u00e3o autom\u00e1tica do valor p com o SYCON P. Duas faixas de medi\u00e7\u00e3o: P25-5 (0,2-5 mmol\\\/l) e P25-20 (0,8-20 mmol\\\/l). Fabricado na Alemanha.\",\"breadcrumb\":{\"@id\":\"https:\\\/\\\/rls-wacon.de\\\/pt-br\\\/produkt\\\/p-valor-serie-p25\\\/#breadcrumb\"},\"inLanguage\":\"pt-BR\",\"potentialAction\":[{\"@type\":\"ReadAction\",\"target\":[\"https:\\\/\\\/rls-wacon.de\\\/pt-br\\\/produkt\\\/p-valor-serie-p25\\\/\"]}]},{\"@type\":\"ImageObject\",\"inLanguage\":\"pt-BR\",\"@id\":\"https:\\\/\\\/rls-wacon.de\\\/pt-br\\\/produkt\\\/p-valor-serie-p25\\\/#primaryimage\",\"url\":\"https:\\\/\\\/rls-wacon.de\\\/wp-content\\\/uploads\\\/2023\\\/03\\\/reagent-p25-5-scaled.jpg\",\"contentUrl\":\"https:\\\/\\\/rls-wacon.de\\\/wp-content\\\/uploads\\\/2023\\\/03\\\/reagent-p25-5-scaled.jpg\",\"width\":2560,\"height\":1707,\"caption\":\"reagent-p25-5\"},{\"@type\":\"BreadcrumbList\",\"@id\":\"https:\\\/\\\/rls-wacon.de\\\/pt-br\\\/produkt\\\/p-valor-serie-p25\\\/#breadcrumb\",\"itemListElement\":[{\"@type\":\"ListItem\",\"position\":1,\"name\":\"Startseite\",\"item\":\"https:\\\/\\\/rls-wacon.de\\\/pt-br\\\/\"},{\"@type\":\"ListItem\",\"position\":2,\"name\":\"Produtos\",\"item\":\"https:\\\/\\\/rls-wacon.de\\\/shop\\\/\"},{\"@type\":\"ListItem\",\"position\":3,\"name\":\"p-valor S\u00e9rie P25\"}]},{\"@type\":\"WebSite\",\"@id\":\"https:\\\/\\\/rls-wacon.de\\\/#website\",\"url\":\"https:\\\/\\\/rls-wacon.de\\\/\",\"name\":\"RLS Wacon analytics GmbH\",\"description\":\"Experts for water monitoring\",\"publisher\":{\"@id\":\"https:\\\/\\\/rls-wacon.de\\\/#organization\"},\"potentialAction\":[{\"@type\":\"SearchAction\",\"target\":{\"@type\":\"EntryPoint\",\"urlTemplate\":\"https:\\\/\\\/rls-wacon.de\\\/?s={search_term_string}\"},\"query-input\":{\"@type\":\"PropertyValueSpecification\",\"valueRequired\":true,\"valueName\":\"search_term_string\"}}],\"inLanguage\":\"pt-BR\"},{\"@type\":\"Organization\",\"@id\":\"https:\\\/\\\/rls-wacon.de\\\/#organization\",\"name\":\"RLS Wacon analytics GmbH\",\"url\":\"https:\\\/\\\/rls-wacon.de\\\/\",\"logo\":{\"@type\":\"ImageObject\",\"inLanguage\":\"pt-BR\",\"@id\":\"https:\\\/\\\/rls-wacon.de\\\/#\\\/schema\\\/logo\\\/image\\\/\",\"url\":\"https:\\\/\\\/rls-wacon.de\\\/wp-content\\\/uploads\\\/2022\\\/10\\\/RLSWacon-analytics-Logo-BR-RZ-9_17-768x1591.png\",\"contentUrl\":\"https:\\\/\\\/rls-wacon.de\\\/wp-content\\\/uploads\\\/2022\\\/10\\\/RLSWacon-analytics-Logo-BR-RZ-9_17-768x1591.png\",\"width\":768,\"height\":159,\"caption\":\"RLS Wacon analytics GmbH\"},\"image\":{\"@id\":\"https:\\\/\\\/rls-wacon.de\\\/#\\\/schema\\\/logo\\\/image\\\/\"}}]}<\/script>\n<meta property=\"og:availability\" content=\"instock\" \/>\n<meta property=\"product:availability\" content=\"instock\" \/>\n<meta property=\"product:condition\" content=\"new\" \/>\n<!-- \/ Yoast SEO Premium plugin. -->","yoast_head_json":{"title":"Indicador p-valor S\u00e9rie P25 | Analisador SYCON P | RLS Wacon","description":"Indicador da s\u00e9rie P25 para determina\u00e7\u00e3o autom\u00e1tica do valor p com o SYCON P. Duas faixas de medi\u00e7\u00e3o: P25-5 (0,2-5 mmol\/l) e P25-20 (0,8-20 mmol\/l). Fabricado na Alemanha.","robots":{"index":"index","follow":"follow","max-snippet":"max-snippet:-1","max-image-preview":"max-image-preview:large","max-video-preview":"max-video-preview:-1"},"canonical":"https:\/\/rls-wacon.de\/pt-br\/produkt\/p-valor-serie-p25\/","og_locale":"pt_BR","og_type":"article","og_title":"p-valor S\u00e9rie P25","og_description":"Indicador da s\u00e9rie P25 para determina\u00e7\u00e3o autom\u00e1tica do valor p com o SYCON P. Duas faixas de medi\u00e7\u00e3o: P25-5 (0,2-5 mmol\/l) e P25-20 (0,8-20 mmol\/l). Fabricado na Alemanha.","og_url":"https:\/\/rls-wacon.de\/pt-br\/produkt\/p-valor-serie-p25\/","og_site_name":"RLS Wacon analytics","og_image":[{"width":2560,"height":1707,"url":"https:\/\/rls-wacon.de\/wp-content\/uploads\/2023\/03\/reagent-p25-5-scaled.jpg","type":"image\/jpeg"}],"twitter_card":"summary_large_image","twitter_misc":{"Disponibilidade":"Em Estoque"},"schema":{"@context":"https:\/\/schema.org","@graph":[{"@type":"WebPage","@id":"https:\/\/rls-wacon.de\/pt-br\/produkt\/p-valor-serie-p25\/","url":"https:\/\/rls-wacon.de\/pt-br\/produkt\/p-valor-serie-p25\/","name":"Indicador p-valor S\u00e9rie P25 | Analisador SYCON P | RLS Wacon","isPartOf":{"@id":"https:\/\/rls-wacon.de\/#website"},"primaryImageOfPage":{"@id":"https:\/\/rls-wacon.de\/pt-br\/produkt\/p-valor-serie-p25\/#primaryimage"},"image":{"@id":"https:\/\/rls-wacon.de\/pt-br\/produkt\/p-valor-serie-p25\/#primaryimage"},"thumbnailUrl":"https:\/\/rls-wacon.de\/wp-content\/uploads\/2023\/03\/reagent-p25-5-scaled.jpg","datePublished":"2026-03-17T13:31:56+00:00","description":"Indicador da s\u00e9rie P25 para determina\u00e7\u00e3o autom\u00e1tica do valor p com o SYCON P. Duas faixas de medi\u00e7\u00e3o: P25-5 (0,2-5 mmol\/l) e P25-20 (0,8-20 mmol\/l). Fabricado na Alemanha.","breadcrumb":{"@id":"https:\/\/rls-wacon.de\/pt-br\/produkt\/p-valor-serie-p25\/#breadcrumb"},"inLanguage":"pt-BR","potentialAction":[{"@type":"ReadAction","target":["https:\/\/rls-wacon.de\/pt-br\/produkt\/p-valor-serie-p25\/"]}]},{"@type":"ImageObject","inLanguage":"pt-BR","@id":"https:\/\/rls-wacon.de\/pt-br\/produkt\/p-valor-serie-p25\/#primaryimage","url":"https:\/\/rls-wacon.de\/wp-content\/uploads\/2023\/03\/reagent-p25-5-scaled.jpg","contentUrl":"https:\/\/rls-wacon.de\/wp-content\/uploads\/2023\/03\/reagent-p25-5-scaled.jpg","width":2560,"height":1707,"caption":"reagent-p25-5"},{"@type":"BreadcrumbList","@id":"https:\/\/rls-wacon.de\/pt-br\/produkt\/p-valor-serie-p25\/#breadcrumb","itemListElement":[{"@type":"ListItem","position":1,"name":"Startseite","item":"https:\/\/rls-wacon.de\/pt-br\/"},{"@type":"ListItem","position":2,"name":"Produtos","item":"https:\/\/rls-wacon.de\/shop\/"},{"@type":"ListItem","position":3,"name":"p-valor S\u00e9rie P25"}]},{"@type":"WebSite","@id":"https:\/\/rls-wacon.de\/#website","url":"https:\/\/rls-wacon.de\/","name":"RLS Wacon analytics GmbH","description":"Experts for water monitoring","publisher":{"@id":"https:\/\/rls-wacon.de\/#organization"},"potentialAction":[{"@type":"SearchAction","target":{"@type":"EntryPoint","urlTemplate":"https:\/\/rls-wacon.de\/?s={search_term_string}"},"query-input":{"@type":"PropertyValueSpecification","valueRequired":true,"valueName":"search_term_string"}}],"inLanguage":"pt-BR"},{"@type":"Organization","@id":"https:\/\/rls-wacon.de\/#organization","name":"RLS Wacon analytics GmbH","url":"https:\/\/rls-wacon.de\/","logo":{"@type":"ImageObject","inLanguage":"pt-BR","@id":"https:\/\/rls-wacon.de\/#\/schema\/logo\/image\/","url":"https:\/\/rls-wacon.de\/wp-content\/uploads\/2022\/10\/RLSWacon-analytics-Logo-BR-RZ-9_17-768x1591.png","contentUrl":"https:\/\/rls-wacon.de\/wp-content\/uploads\/2022\/10\/RLSWacon-analytics-Logo-BR-RZ-9_17-768x1591.png","width":768,"height":159,"caption":"RLS Wacon analytics GmbH"},"image":{"@id":"https:\/\/rls-wacon.de\/#\/schema\/logo\/image\/"}}]},"og_availability":"instock","product_availability":"instock","product_condition":"new"},"_links":{"self":[{"href":"https:\/\/rls-wacon.de\/pt-br\/wp-json\/wp\/v2\/product\/30494","targetHints":{"allow":["GET"]}}],"collection":[{"href":"https:\/\/rls-wacon.de\/pt-br\/wp-json\/wp\/v2\/product"}],"about":[{"href":"https:\/\/rls-wacon.de\/pt-br\/wp-json\/wp\/v2\/types\/product"}],"version-history":[{"count":0,"href":"https:\/\/rls-wacon.de\/pt-br\/wp-json\/wp\/v2\/product\/30494\/revisions"}],"wp:featuredmedia":[{"embeddable":true,"href":"https:\/\/rls-wacon.de\/pt-br\/wp-json\/wp\/v2\/media\/1539"}],"wp:attachment":[{"href":"https:\/\/rls-wacon.de\/pt-br\/wp-json\/wp\/v2\/media?parent=30494"}],"wp:term":[{"taxonomy":"product_brand","embeddable":true,"href":"https:\/\/rls-wacon.de\/pt-br\/wp-json\/wp\/v2\/product_brand?post=30494"},{"taxonomy":"product_cat","embeddable":true,"href":"https:\/\/rls-wacon.de\/pt-br\/wp-json\/wp\/v2\/product_cat?post=30494"},{"taxonomy":"product_tag","embeddable":true,"href":"https:\/\/rls-wacon.de\/pt-br\/wp-json\/wp\/v2\/product_tag?post=30494"}],"curies":[{"name":"wp","href":"https:\/\/api.w.org\/{rel}","templated":true}]}}