{"id":30845,"date":"2026-03-19T16:16:44","date_gmt":"2026-03-19T15:16:44","guid":{"rendered":"https:\/\/rls-wacon.de\/produkt\/monitoramento-de-velocidade-rc3\/"},"modified":"2026-03-19T16:16:44","modified_gmt":"2026-03-19T15:16:44","slug":"monitoramento-de-velocidade-rc3","status":"publish","type":"product","link":"https:\/\/rls-wacon.de\/pt-br\/produkt\/monitoramento-de-velocidade-rc3\/","title":{"rendered":"Monitoramento de velocidade RC3"},"content":{"rendered":"<h2 style=\"color: #df0029;\">Monitoramento de velocidade RC3 para escadas rolantes<\/h2>\n<h3 style=\"color: #df0029;\">Por que a velocidade \u00e9 monitorada nas escadas rolantes?<\/h3>\n<p>O monitoramento de velocidade \u00e9 um elemento cr\u00edtico de seguran\u00e7a em todas as escadas rolantes. De acordo com a norma europeia EN 115:2008, as escadas rolantes devem ser equipadas com um sistema confi\u00e1vel de monitoramento de velocidade que desligue o motor imediatamente em caso de desvios perigosos de velocidade. <strong>Uma velocidade incorreta pode levar a acidentes graves<\/strong>, seja por acelera\u00e7\u00e3o repentina (excesso de velocidade), frenagem inesperada (falta de velocidade) ou invers\u00e3o de dire\u00e7\u00e3o. <\/p>\n<p>O monitor de velocidade RC3 da RLS Wacon \u00e9 um componente de seguran\u00e7a testado pela T\u00dcV que tem sido usado com sucesso em escadas rolantes e esteiras rolantes em todo o mundo h\u00e1 muitos anos. Ele monitora de forma confi\u00e1vel tr\u00eas faixas de velocidade e reconhece quatro condi\u00e7\u00f5es de risco diferentes, cada uma das quais faz com que o motor da escada rolante seja desligado imediatamente. <\/p>\n<h3 style=\"color: #df0029;\">Como funciona o sistema de monitoramento de velocidade RC3?<\/h3>\n<p>O RC3 detecta a velocidade do motor da escada rolante por meio de duas chaves de proximidade indutivas (sensores NAMUR), que s\u00e3o fixadas no volante do motor. Os sensores s\u00e3o alimentados com 9 V CC diretamente do dispositivo (m\u00e1x. 50 mA por sa\u00edda) e n\u00e3o requerem uma fonte de tens\u00e3o externa. Tanto os sensores de 2 fios (NAMUR) quanto os de 3 fios podem ser adaptados.  <\/p>\n<p>O dispositivo monitora continuamente tr\u00eas faixas de velocidade e diferencia entre quatro crit\u00e9rios de desligamento:<\/p>\n<table class=\"h3-table\">\n<thead>\n<tr>\n<th style=\"background-color: #df0029; color: #ffffff;\">Crit\u00e9rio de desligamento<\/th>\n<th style=\"background-color: #df0029; color: #ffffff;\">Valor limite<\/th>\n<th style=\"background-color: #df0029; color: #ffffff;\">Rea\u00e7\u00e3o<\/th>\n<\/tr>\n<\/thead>\n<tbody>\n<tr>\n<td><strong>Baixa velocidade<\/strong><\/td>\n<td>&lt; 19,5 % <sub>RPM<\/sub><\/td>\n<td>Desligamento ap\u00f3s 2,6 segundos<\/td>\n<\/tr>\n<tr>\n<td><strong>Excesso de velocidade<\/strong><\/td>\n<td>&gt; 117 % <sub>RPMN<\/sub><\/td>\n<td>Desligamento imediato<\/td>\n<\/tr>\n<tr>\n<td><strong>Invers\u00e3o do sentido de rota\u00e7\u00e3o<\/strong><\/td>\n<td>Queda de &gt; 19,5 % para &lt; 19,5 % <sub>UPMNENN<\/sub><\/td>\n<td>Desligamento imediato<\/td>\n<\/tr>\n<tr>\n<td><strong>Falha no sensor<\/strong><\/td>\n<td>Curto-circuito, interrup\u00e7\u00e3o, oscila\u00e7\u00e3o<\/td>\n<td>Desligamento imediato<\/td>\n<\/tr>\n<\/tbody>\n<\/table>\n<p>Toda vez que a tens\u00e3o da rede el\u00e9trica \u00e9 ligada, o RC3 executa um autoteste autom\u00e1tico (m\u00e1x. 2,8 segundos). Os sensores s\u00e3o desligados e todas as quatro condi\u00e7\u00f5es de desligamento s\u00e3o simuladas por um gerador de varredura interno. Somente ap\u00f3s um autoteste bem-sucedido e o fechamento do contato do contator do motor \u00e9 que o LED verde &#8220;NORMAL&#8221; se acende e os rel\u00e9s de sa\u00edda ativam o motor.  <\/p>\n<p>A sa\u00edda de seguran\u00e7a para o controle da escada cont\u00e9m dois contatos normalmente abertos sem potencial (terminais 17\/18) conectados em s\u00e9rie internamente, que s\u00e3o ligados \u00e0 cadeia de seguran\u00e7a e protegidos contra sobrecarga com o fus\u00edvel F2 (2 Atr.). A faixa de terminais STATUS tamb\u00e9m tem contatos livres de potencial para o sinal de status (NORMAL\/FAULT) e um sinal de sensor condicionado (sa\u00edda do optoacoplador). <\/p>\n<p>A primeira falha que leva ao desligamento \u00e9 indicada por um dos quatro LEDs no painel frontal (LO, HI, SENS FAIL, NORMAL). O dispositivo s\u00f3 pode ser reiniciado pressionando-se o bot\u00e3o RESET &#8211; localmente ou por meio da entrada RESET externa (pino 1\/2) &#8211; depois de ter sido verificado por pessoal qualificado. Caso ocorra uma falha no sensor ou um erro interno, n\u00e3o ser\u00e1 poss\u00edvel reiniciar o dispositivo sem uma solu\u00e7\u00e3o pr\u00e9via de problemas.  <\/p>\n<h3 style=\"color: #df0029;\">Frequ\u00eancias nominais de sensores dispon\u00edveis<\/h3>\n<p>O RC3 est\u00e1 dispon\u00edvel em seis diferentes frequ\u00eancias nominais de sensor. A frequ\u00eancia nominal corresponde \u00e0 frequ\u00eancia de pulso do sensor a 100% da velocidade nominal do motor da escada rolante: <\/p>\n<table class=\"h3-table\">\n<thead>\n<tr>\n<th style=\"background-color: #df0029; color: #ffffff;\">Frequ\u00eancia nominal<\/th>\n<th style=\"background-color: #df0029; color: #ffffff;\">Item n\u00ba. Vertical<\/th>\n<th style=\"background-color: #df0029; color: #ffffff;\">Item n\u00ba horizontal <\/th>\n<\/tr>\n<\/thead>\n<tbody>\n<tr>\n<td>66\u2154 Hz<\/td>\n<td>80-200300<\/td>\n<td>80-200304<\/td>\n<\/tr>\n<tr>\n<td>80 Hz<\/td>\n<td>80-200303<\/td>\n<td>80-200305<\/td>\n<\/tr>\n<tr>\n<td>100 Hz<\/td>\n<td>80-200301<\/td>\n<td>80-200306<\/td>\n<\/tr>\n<tr>\n<td>250 Hz<\/td>\n<td>80-200302<\/td>\n<td>80-200307<\/td>\n<\/tr>\n<tr>\n<td>333 Hz<\/td>\n<td>80-200311<\/td>\n<td>80-200314<\/td>\n<\/tr>\n<tr>\n<td>500 Hz<\/td>\n<td>80-200315<\/td>\n<td>80-200316<\/td>\n<\/tr>\n<\/tbody>\n<\/table>\n<h3 style=\"color: #df0029;\">Vantagens do monitoramento de velocidade RC3<\/h3>\n<ul class=\"feature-list\">\n<li>Testado pelo T\u00dcV de acordo com a norma EN 115:2008\n<p style=\"text-indent: 30px; font-style: italic;\">Seguran\u00e7a certificada para uso em escadas rolantes, de acordo com o padr\u00e3o europeu<\/p>\n<\/li>\n<li>Seis frequ\u00eancias nominais de sensor dispon\u00edveis\n<p style=\"text-indent: 30px; font-style: italic;\">66\u2154, 80, 100, 250, 333 e 500 Hz &#8211; adequado para v\u00e1rias rela\u00e7\u00f5es de transmiss\u00e3o e n\u00fameros de cames<\/p>\n<\/li>\n<li>Autoteste autom\u00e1tico toda vez que o dispositivo \u00e9 ligado\n<p style=\"text-indent: 30px; font-style: italic;\">Todas as quatro condi\u00e7\u00f5es de desligamento s\u00e3o simuladas internamente &#8211; seguran\u00e7a operacional m\u00e1xima<\/p>\n<\/li>\n<li>Quatro crit\u00e9rios de desligamento independentes\n<p style=\"text-indent: 30px; font-style: italic;\">Velocidade insuficiente, velocidade excessiva, invers\u00e3o do sentido de rota\u00e7\u00e3o e falha do sensor s\u00e3o detectados de forma confi\u00e1vel<\/p>\n<\/li>\n<li>Design compacto com montagem em trilho DIN\n<p style=\"text-indent: 30px; font-style: italic;\">64 \u00d7 104 \u00d7 135 mm &#8211; f\u00e1cil instala\u00e7\u00e3o no gabinete do switch, vertical ou horizontal<\/p>\n<\/li>\n<li>Baixo consumo de energia abaixo de 5 VA\n<p style=\"text-indent: 30px; font-style: italic;\">Efici\u00eancia energ\u00e9tica em opera\u00e7\u00e3o cont\u00ednua a 230 V CA<\/p>\n<\/li>\n<li>Alimenta\u00e7\u00e3o integrada do sensor 9 V CC\n<p style=\"text-indent: 30px; font-style: italic;\">N\u00e3o \u00e9 necess\u00e1ria nenhuma fonte de tens\u00e3o externa para os sensores de proximidade &#8211; Compat\u00edvel com 2 fios (NAMUR) e 3 fios<\/p>\n<\/li>\n<\/ul>\n","protected":false},"excerpt":{"rendered":"<p>Monitoramento de velocidade RC3 para escadas rolantes Por que a velocidade \u00e9 monitorada nas escadas rolantes? O monitoramento de velocidade \u00e9 um elemento cr\u00edtico de seguran\u00e7a em todas as escadas rolantes. De acordo com a norma europeia EN 115:2008, as escadas rolantes devem ser equipadas com um sistema confi\u00e1vel de monitoramento de velocidade que desligue [&hellip;]<\/p>\n","protected":false},"featured_media":2832,"template":"","meta":{"_acf_changed":false},"product_brand":[],"product_cat":[446],"product_tag":[2446,2450,2449,2448,2452,2453,2447,2451],"class_list":{"0":"post-30845","1":"product","2":"type-product","3":"status-publish","4":"has-post-thumbnail","6":"product_cat-drehzahlueberwachung","7":"product_tag-drehzahlueberwachung","8":"product_tag-en-115","9":"product_tag-fahrsteig","10":"product_tag-fahrtreppe","11":"product_tag-geschwindigkeitsueberwachung","12":"product_tag-namur","13":"product_tag-rc3","14":"product_tag-sensorueberwachung","15":"pa_einbaurichtung-horizontal","16":"pa_einbaurichtung-vertikal","18":"first","19":"instock","20":"shipping-taxable","21":"purchasable","22":"product-type-variable"},"exclude_global_add_ons":[],"addons":[],"acf":[],"yoast_head":"<!-- This site is optimized with the Yoast SEO Premium plugin v27.3 (Yoast SEO v27.4) - https:\/\/yoast.com\/product\/yoast-seo-premium-wordpress\/ -->\n<title>Monitoramento de velocidade RC3 para escadas rolantes | testado por T\u00dcV | RLS Wacon<\/title>\n<meta name=\"description\" content=\"Monitor de velocidade RC3 para motores de escada rolante. Testado pelo T\u00dcV de acordo com a norma EN 115:2008, seis frequ\u00eancias nominais, autoteste autom\u00e1tico, montagem em trilho DIN. Fabricado na Alemanha.\" \/>\n<meta name=\"robots\" content=\"index, follow, max-snippet:-1, max-image-preview:large, max-video-preview:-1\" \/>\n<link rel=\"canonical\" href=\"https:\/\/rls-wacon.de\/pt-br\/produkt\/monitoramento-de-velocidade-rc3\/\" \/>\n<meta property=\"og:locale\" content=\"pt_BR\" \/>\n<meta property=\"og:type\" content=\"article\" \/>\n<meta property=\"og:title\" content=\"Monitoramento de velocidade RC3\" \/>\n<meta property=\"og:description\" content=\"Monitor de velocidade RC3 para motores de escada rolante. Testado pelo T\u00dcV de acordo com a norma EN 115:2008, seis frequ\u00eancias nominais, autoteste autom\u00e1tico, montagem em trilho DIN. Fabricado na Alemanha.\" \/>\n<meta property=\"og:url\" content=\"https:\/\/rls-wacon.de\/pt-br\/produkt\/monitoramento-de-velocidade-rc3\/\" \/>\n<meta property=\"og:site_name\" content=\"RLS Wacon analytics\" \/>\n<meta property=\"og:image\" content=\"https:\/\/rls-wacon.de\/wp-content\/uploads\/2023\/10\/drehzahlueberwachung-rc3-66-hz-vertikaler-einbau.2_f.jpg\" \/>\n\t<meta property=\"og:image:width\" content=\"1920\" \/>\n\t<meta property=\"og:image:height\" content=\"1357\" \/>\n\t<meta property=\"og:image:type\" content=\"image\/jpeg\" \/>\n<meta name=\"twitter:card\" content=\"summary_large_image\" \/>\n<meta name=\"twitter:label1\" content=\"Disponibilidade\" \/>\n\t<meta name=\"twitter:data1\" content=\"Em Estoque\" \/>\n<script type=\"application\/ld+json\" class=\"yoast-schema-graph\">{\"@context\":\"https:\\\/\\\/schema.org\",\"@graph\":[{\"@type\":\"WebPage\",\"@id\":\"https:\\\/\\\/rls-wacon.de\\\/pt-br\\\/produkt\\\/monitoramento-de-velocidade-rc3\\\/\",\"url\":\"https:\\\/\\\/rls-wacon.de\\\/pt-br\\\/produkt\\\/monitoramento-de-velocidade-rc3\\\/\",\"name\":\"Monitoramento de velocidade RC3 para escadas rolantes | testado por T\u00dcV | RLS Wacon\",\"isPartOf\":{\"@id\":\"https:\\\/\\\/rls-wacon.de\\\/#website\"},\"primaryImageOfPage\":{\"@id\":\"https:\\\/\\\/rls-wacon.de\\\/pt-br\\\/produkt\\\/monitoramento-de-velocidade-rc3\\\/#primaryimage\"},\"image\":{\"@id\":\"https:\\\/\\\/rls-wacon.de\\\/pt-br\\\/produkt\\\/monitoramento-de-velocidade-rc3\\\/#primaryimage\"},\"thumbnailUrl\":\"https:\\\/\\\/rls-wacon.de\\\/wp-content\\\/uploads\\\/2023\\\/10\\\/drehzahlueberwachung-rc3-66-hz-vertikaler-einbau.2_f.jpg\",\"datePublished\":\"2026-03-19T15:16:44+00:00\",\"description\":\"Monitor de velocidade RC3 para motores de escada rolante. Testado pelo T\u00dcV de acordo com a norma EN 115:2008, seis frequ\u00eancias nominais, autoteste autom\u00e1tico, montagem em trilho DIN. Fabricado na Alemanha.\",\"breadcrumb\":{\"@id\":\"https:\\\/\\\/rls-wacon.de\\\/pt-br\\\/produkt\\\/monitoramento-de-velocidade-rc3\\\/#breadcrumb\"},\"inLanguage\":\"pt-BR\",\"potentialAction\":[{\"@type\":\"ReadAction\",\"target\":[\"https:\\\/\\\/rls-wacon.de\\\/pt-br\\\/produkt\\\/monitoramento-de-velocidade-rc3\\\/\"]}]},{\"@type\":\"ImageObject\",\"inLanguage\":\"pt-BR\",\"@id\":\"https:\\\/\\\/rls-wacon.de\\\/pt-br\\\/produkt\\\/monitoramento-de-velocidade-rc3\\\/#primaryimage\",\"url\":\"https:\\\/\\\/rls-wacon.de\\\/wp-content\\\/uploads\\\/2023\\\/10\\\/drehzahlueberwachung-rc3-66-hz-vertikaler-einbau.2_f.jpg\",\"contentUrl\":\"https:\\\/\\\/rls-wacon.de\\\/wp-content\\\/uploads\\\/2023\\\/10\\\/drehzahlueberwachung-rc3-66-hz-vertikaler-einbau.2_f.jpg\",\"width\":1920,\"height\":1357,\"caption\":\"Drehzahl\u00fcberwachung RC3\"},{\"@type\":\"BreadcrumbList\",\"@id\":\"https:\\\/\\\/rls-wacon.de\\\/pt-br\\\/produkt\\\/monitoramento-de-velocidade-rc3\\\/#breadcrumb\",\"itemListElement\":[{\"@type\":\"ListItem\",\"position\":1,\"name\":\"Startseite\",\"item\":\"https:\\\/\\\/rls-wacon.de\\\/pt-br\\\/\"},{\"@type\":\"ListItem\",\"position\":2,\"name\":\"Produtos\",\"item\":\"https:\\\/\\\/rls-wacon.de\\\/shop\\\/\"},{\"@type\":\"ListItem\",\"position\":3,\"name\":\"Monitoramento de velocidade RC3\"}]},{\"@type\":\"WebSite\",\"@id\":\"https:\\\/\\\/rls-wacon.de\\\/#website\",\"url\":\"https:\\\/\\\/rls-wacon.de\\\/\",\"name\":\"RLS Wacon analytics GmbH\",\"description\":\"Experts for water monitoring\",\"publisher\":{\"@id\":\"https:\\\/\\\/rls-wacon.de\\\/#organization\"},\"potentialAction\":[{\"@type\":\"SearchAction\",\"target\":{\"@type\":\"EntryPoint\",\"urlTemplate\":\"https:\\\/\\\/rls-wacon.de\\\/?s={search_term_string}\"},\"query-input\":{\"@type\":\"PropertyValueSpecification\",\"valueRequired\":true,\"valueName\":\"search_term_string\"}}],\"inLanguage\":\"pt-BR\"},{\"@type\":\"Organization\",\"@id\":\"https:\\\/\\\/rls-wacon.de\\\/#organization\",\"name\":\"RLS Wacon analytics GmbH\",\"url\":\"https:\\\/\\\/rls-wacon.de\\\/\",\"logo\":{\"@type\":\"ImageObject\",\"inLanguage\":\"pt-BR\",\"@id\":\"https:\\\/\\\/rls-wacon.de\\\/#\\\/schema\\\/logo\\\/image\\\/\",\"url\":\"https:\\\/\\\/rls-wacon.de\\\/wp-content\\\/uploads\\\/2022\\\/10\\\/RLSWacon-analytics-Logo-BR-RZ-9_17-768x1591.png\",\"contentUrl\":\"https:\\\/\\\/rls-wacon.de\\\/wp-content\\\/uploads\\\/2022\\\/10\\\/RLSWacon-analytics-Logo-BR-RZ-9_17-768x1591.png\",\"width\":768,\"height\":159,\"caption\":\"RLS Wacon analytics GmbH\"},\"image\":{\"@id\":\"https:\\\/\\\/rls-wacon.de\\\/#\\\/schema\\\/logo\\\/image\\\/\"}}]}<\/script>\n<meta property=\"og:availability\" content=\"instock\" \/>\n<meta property=\"product:availability\" content=\"instock\" \/>\n<meta property=\"product:condition\" content=\"new\" \/>\n<!-- \/ Yoast SEO Premium plugin. -->","yoast_head_json":{"title":"Monitoramento de velocidade RC3 para escadas rolantes | testado por T\u00dcV | RLS Wacon","description":"Monitor de velocidade RC3 para motores de escada rolante. Testado pelo T\u00dcV de acordo com a norma EN 115:2008, seis frequ\u00eancias nominais, autoteste autom\u00e1tico, montagem em trilho DIN. Fabricado na Alemanha.","robots":{"index":"index","follow":"follow","max-snippet":"max-snippet:-1","max-image-preview":"max-image-preview:large","max-video-preview":"max-video-preview:-1"},"canonical":"https:\/\/rls-wacon.de\/pt-br\/produkt\/monitoramento-de-velocidade-rc3\/","og_locale":"pt_BR","og_type":"article","og_title":"Monitoramento de velocidade RC3","og_description":"Monitor de velocidade RC3 para motores de escada rolante. Testado pelo T\u00dcV de acordo com a norma EN 115:2008, seis frequ\u00eancias nominais, autoteste autom\u00e1tico, montagem em trilho DIN. Fabricado na Alemanha.","og_url":"https:\/\/rls-wacon.de\/pt-br\/produkt\/monitoramento-de-velocidade-rc3\/","og_site_name":"RLS Wacon analytics","og_image":[{"width":1920,"height":1357,"url":"https:\/\/rls-wacon.de\/wp-content\/uploads\/2023\/10\/drehzahlueberwachung-rc3-66-hz-vertikaler-einbau.2_f.jpg","type":"image\/jpeg"}],"twitter_card":"summary_large_image","twitter_misc":{"Disponibilidade":"Em Estoque"},"schema":{"@context":"https:\/\/schema.org","@graph":[{"@type":"WebPage","@id":"https:\/\/rls-wacon.de\/pt-br\/produkt\/monitoramento-de-velocidade-rc3\/","url":"https:\/\/rls-wacon.de\/pt-br\/produkt\/monitoramento-de-velocidade-rc3\/","name":"Monitoramento de velocidade RC3 para escadas rolantes | testado por T\u00dcV | RLS Wacon","isPartOf":{"@id":"https:\/\/rls-wacon.de\/#website"},"primaryImageOfPage":{"@id":"https:\/\/rls-wacon.de\/pt-br\/produkt\/monitoramento-de-velocidade-rc3\/#primaryimage"},"image":{"@id":"https:\/\/rls-wacon.de\/pt-br\/produkt\/monitoramento-de-velocidade-rc3\/#primaryimage"},"thumbnailUrl":"https:\/\/rls-wacon.de\/wp-content\/uploads\/2023\/10\/drehzahlueberwachung-rc3-66-hz-vertikaler-einbau.2_f.jpg","datePublished":"2026-03-19T15:16:44+00:00","description":"Monitor de velocidade RC3 para motores de escada rolante. Testado pelo T\u00dcV de acordo com a norma EN 115:2008, seis frequ\u00eancias nominais, autoteste autom\u00e1tico, montagem em trilho DIN. Fabricado na Alemanha.","breadcrumb":{"@id":"https:\/\/rls-wacon.de\/pt-br\/produkt\/monitoramento-de-velocidade-rc3\/#breadcrumb"},"inLanguage":"pt-BR","potentialAction":[{"@type":"ReadAction","target":["https:\/\/rls-wacon.de\/pt-br\/produkt\/monitoramento-de-velocidade-rc3\/"]}]},{"@type":"ImageObject","inLanguage":"pt-BR","@id":"https:\/\/rls-wacon.de\/pt-br\/produkt\/monitoramento-de-velocidade-rc3\/#primaryimage","url":"https:\/\/rls-wacon.de\/wp-content\/uploads\/2023\/10\/drehzahlueberwachung-rc3-66-hz-vertikaler-einbau.2_f.jpg","contentUrl":"https:\/\/rls-wacon.de\/wp-content\/uploads\/2023\/10\/drehzahlueberwachung-rc3-66-hz-vertikaler-einbau.2_f.jpg","width":1920,"height":1357,"caption":"Drehzahl\u00fcberwachung RC3"},{"@type":"BreadcrumbList","@id":"https:\/\/rls-wacon.de\/pt-br\/produkt\/monitoramento-de-velocidade-rc3\/#breadcrumb","itemListElement":[{"@type":"ListItem","position":1,"name":"Startseite","item":"https:\/\/rls-wacon.de\/pt-br\/"},{"@type":"ListItem","position":2,"name":"Produtos","item":"https:\/\/rls-wacon.de\/shop\/"},{"@type":"ListItem","position":3,"name":"Monitoramento de velocidade RC3"}]},{"@type":"WebSite","@id":"https:\/\/rls-wacon.de\/#website","url":"https:\/\/rls-wacon.de\/","name":"RLS Wacon analytics GmbH","description":"Experts for water monitoring","publisher":{"@id":"https:\/\/rls-wacon.de\/#organization"},"potentialAction":[{"@type":"SearchAction","target":{"@type":"EntryPoint","urlTemplate":"https:\/\/rls-wacon.de\/?s={search_term_string}"},"query-input":{"@type":"PropertyValueSpecification","valueRequired":true,"valueName":"search_term_string"}}],"inLanguage":"pt-BR"},{"@type":"Organization","@id":"https:\/\/rls-wacon.de\/#organization","name":"RLS Wacon analytics GmbH","url":"https:\/\/rls-wacon.de\/","logo":{"@type":"ImageObject","inLanguage":"pt-BR","@id":"https:\/\/rls-wacon.de\/#\/schema\/logo\/image\/","url":"https:\/\/rls-wacon.de\/wp-content\/uploads\/2022\/10\/RLSWacon-analytics-Logo-BR-RZ-9_17-768x1591.png","contentUrl":"https:\/\/rls-wacon.de\/wp-content\/uploads\/2022\/10\/RLSWacon-analytics-Logo-BR-RZ-9_17-768x1591.png","width":768,"height":159,"caption":"RLS Wacon analytics GmbH"},"image":{"@id":"https:\/\/rls-wacon.de\/#\/schema\/logo\/image\/"}}]},"og_availability":"instock","product_availability":"instock","product_condition":"new"},"_links":{"self":[{"href":"https:\/\/rls-wacon.de\/pt-br\/wp-json\/wp\/v2\/product\/30845","targetHints":{"allow":["GET"]}}],"collection":[{"href":"https:\/\/rls-wacon.de\/pt-br\/wp-json\/wp\/v2\/product"}],"about":[{"href":"https:\/\/rls-wacon.de\/pt-br\/wp-json\/wp\/v2\/types\/product"}],"version-history":[{"count":0,"href":"https:\/\/rls-wacon.de\/pt-br\/wp-json\/wp\/v2\/product\/30845\/revisions"}],"wp:featuredmedia":[{"embeddable":true,"href":"https:\/\/rls-wacon.de\/pt-br\/wp-json\/wp\/v2\/media\/2832"}],"wp:attachment":[{"href":"https:\/\/rls-wacon.de\/pt-br\/wp-json\/wp\/v2\/media?parent=30845"}],"wp:term":[{"taxonomy":"product_brand","embeddable":true,"href":"https:\/\/rls-wacon.de\/pt-br\/wp-json\/wp\/v2\/product_brand?post=30845"},{"taxonomy":"product_cat","embeddable":true,"href":"https:\/\/rls-wacon.de\/pt-br\/wp-json\/wp\/v2\/product_cat?post=30845"},{"taxonomy":"product_tag","embeddable":true,"href":"https:\/\/rls-wacon.de\/pt-br\/wp-json\/wp\/v2\/product_tag?post=30845"}],"curies":[{"name":"wp","href":"https:\/\/api.w.org\/{rel}","templated":true}]}}