{"id":30913,"date":"2026-03-24T13:10:25","date_gmt":"2026-03-24T12:10:25","guid":{"rendered":"https:\/\/rls-wacon.de\/produkt\/sensor-de-precipitacao-irss88\/"},"modified":"2026-03-24T13:10:25","modified_gmt":"2026-03-24T12:10:25","slug":"sensor-de-precipitacao-irss88","status":"publish","type":"product","link":"https:\/\/rls-wacon.de\/pt-br\/produkt\/sensor-de-precipitacao-irss88\/","title":{"rendered":"Sensor de precipita\u00e7\u00e3o IRSS88"},"content":{"rendered":"<h2 style=\"color: #df0029;\">Sensores de precipita\u00e7\u00e3o IRSS88 e IRSS88T &#8211; Detec\u00e7\u00e3o confi\u00e1vel de todos os tipos de precipita\u00e7\u00e3o<\/h2>\n<h3 style=\"color: #df0029;\">Por que \u00e9 usado um sensor de precipita\u00e7\u00e3o?<\/h3>\n<p>A detec\u00e7\u00e3o confi\u00e1vel de precipita\u00e7\u00e3o \u00e9 crucial em muitas \u00e1reas de aplica\u00e7\u00e3o, desde a tecnologia de controle de tr\u00e1fego at\u00e9 as esta\u00e7\u00f5es de tratamento de esgoto e o gerenciamento de edif\u00edcios.  <strong>A detec\u00e7\u00e3o incorreta ou atrasada de precipita\u00e7\u00e3o pode levar a acidentes, processos ineficientes ou danos \u00e0 propriedade.<\/strong><\/p>\n<p>Os sensores de precipita\u00e7\u00e3o IRSS88 e IRSS88T da RLS Wacon s\u00e3o detectores optoeletr\u00f4nicos de precipita\u00e7\u00e3o usados com sucesso h\u00e1 anos em sistemas de controle de tr\u00e1fego, esta\u00e7\u00f5es de tratamento de esgoto e gerenciamento de edif\u00edcios em todo o mundo. Eles detectam de forma confi\u00e1vel todos os tipos de precipita\u00e7\u00e3o atmosf\u00e9rica &#8211; chuva, garoa, granizo e neve &#8211; e impressionam por sua resposta instant\u00e2nea e extrema robustez. O IRSS88T tamb\u00e9m oferece medi\u00e7\u00e3o de temperatura integrada com resolu\u00e7\u00e3o de 0,1 \u00b0C, sa\u00eddas de rel\u00e9 sem potencial e uma interface RS232.  <\/p>\n<h3 style=\"color: #df0029;\">Como funcionam os sensores de precipita\u00e7\u00e3o IRSS88 \/ IRSS88T?<\/h3>\n<p>Com base em um princ\u00edpio de barreira de luz com tecnologia de infravermelho de alto desempenho, os sensores geram uma \u00e1rea de detec\u00e7\u00e3o ativa de aproximadamente 120 \u00d7 25 mm. Essa \u00e1rea \u00e9 suficiente para detectar de forma confi\u00e1vel at\u00e9 mesmo baixas densidades de precipita\u00e7\u00e3o com os menores tamanhos de part\u00edculas.<\/p>\n<p>O princ\u00edpio optoeletr\u00f4nico reage instantaneamente \u00e0s part\u00edculas que passam pela zona do sensor. Os microeletr\u00f4nicos altamente sens\u00edveis s\u00e3o insens\u00edveis a qualquer tipo de luz interferente, at\u00e9 mesmo \u00e0 luz solar intensa. O inv\u00f3lucro totalmente met\u00e1lico garante uma prote\u00e7\u00e3o eficaz contra a radia\u00e7\u00e3o HF.  <\/p>\n<h3 style=\"color: #df0029;\">Sa\u00eddas de sinal IRSS88<\/h3>\n<p>O IRSS88 tem tr\u00eas sa\u00eddas de sinal:<\/p>\n<table class=\"h3-table\">\n<thead>\n<tr>\n<th style=\"background-color: #df0029; color: #ffffff;\">Sa\u00edda<\/th>\n<th style=\"background-color: #df0029; color: #ffffff;\">Designa\u00e7\u00e3o<\/th>\n<th style=\"background-color: #df0029; color: #ffffff;\">Fun\u00e7\u00e3o<\/th>\n<\/tr>\n<\/thead>\n<tbody>\n<tr>\n<td><strong>POUT<\/strong><\/td>\n<td>Sa\u00edda de pulso<\/td>\n<td>Sa\u00edda de pulso n\u00e3o ponderada &#8211; comporta-se proporcionalmente ao tempo de interrup\u00e7\u00e3o do feixe de infravermelho<\/td>\n<\/tr>\n<tr>\n<td><strong>SOUT<\/strong><\/td>\n<td>Sa\u00edda avaliada<\/td>\n<td>Ativada se o n\u00famero definido de pulsos (1-15) for excedido em uma janela de tempo de aproximadamente 95 s<\/td>\n<\/tr>\n<tr>\n<td><strong>SACT<\/strong><\/td>\n<td>Sinal ativo do sensor<\/td>\n<td>Sinaliza a funcionalidade do sensor &#8211; fica BAIXO em caso de contamina\u00e7\u00e3o ou ocupa\u00e7\u00e3o permanente (&gt; 4 s)<\/td>\n<\/tr>\n<\/tbody>\n<\/table>\n<p>Todas as sa\u00eddas s\u00e3o projetadas como coletores abertos PNP e exigem resistores de pull-down (recomendado: 1-10 k\u03a9). Todas as sa\u00eddas s\u00e3o \u00e0 prova de curto-circuito. <\/p>\n<h3 style=\"color: #df0029;\">Fun\u00e7\u00f5es adicionais do IRSS88T<\/h3>\n<p>O IRSS88T cont\u00e9m um sensor de temperatura separado em um acess\u00f3rio de alum\u00ednio na carca\u00e7a do n\u00facleo. Isso possibilita medir a temperatura ambiente com uma precis\u00e3o de 0,1 \u00b0C e controlar uma sa\u00edda de comuta\u00e7\u00e3o sem potencial por meio de uma fun\u00e7\u00e3o de histerese de comuta\u00e7\u00e3o. A histerese pode ser definida conforme necess\u00e1rio entre 0 \u00b0C e 9 \u00b0C usando duas chaves seletoras rotativas.  <\/p>\n<table class=\"h3-table\">\n<thead>\n<tr>\n<th style=\"background-color: #df0029; color: #ffffff;\">Sa\u00edda \/ Interface<\/th>\n<th style=\"background-color: #df0029; color: #ffffff;\">Fun\u00e7\u00e3o<\/th>\n<\/tr>\n<\/thead>\n<tbody>\n<tr>\n<td><strong>Rel\u00e9 de temperatura<\/strong><\/td>\n<td>Sa\u00edda de comuta\u00e7\u00e3o sem potencial &#8211; fecha quando a temperatura cai abaixo do limite de temperatura definido (T_ON), abre quando T_ON + D_T_OFF<\/td>\n<\/tr>\n<tr>\n<td><strong>Rel\u00e9 de precipita\u00e7\u00e3o<\/strong><\/td>\n<td>Sa\u00edda de comuta\u00e7\u00e3o livre de potencial &#8211; fecha quando a precipita\u00e7\u00e3o \u00e9 detectada (per\u00edodo de avalia\u00e7\u00e3o de aproximadamente 95 s)<\/td>\n<\/tr>\n<tr>\n<td><strong>Sa\u00edda anal\u00f3gica de temperatura<\/strong><\/td>\n<td>10 mV por 1 \u00b0C, refer\u00eancia 2,73 V a 0 \u00b0C<\/td>\n<\/tr>\n<tr>\n<td><strong>Interface RS232<\/strong><\/td>\n<td>Sa\u00edda serial de dados de status no formato ASCII (9600 baud, 8N1)<\/td>\n<\/tr>\n<\/tbody>\n<\/table>\n<h3 style=\"color: #df0029;\">Limite de resposta ajust\u00e1vel<\/h3>\n<p>O limite de resposta da sa\u00edda ponderada SOUT pode ser definido para 1 a 15 pulsos por intervalo de tempo (aprox. 95 s) usando uma chave rotativa na placa de circuito do receptor. Isso permite que a sinaliza\u00e7\u00e3o de quantidades insignificantes de precipita\u00e7\u00e3o seja suprimida de forma direcionada. A configura\u00e7\u00e3o de f\u00e1brica \u00e9 de 4 pulsos.  <\/p>\n<h3 style=\"color: #df0029;\">Vantagens dos sensores de precipita\u00e7\u00e3o IRSS88 \/ IRSS88T<\/h3>\n<ul class=\"feature-list\">\n<li>Detec\u00e7\u00e3o confi\u00e1vel de todos os tipos de precipita\u00e7\u00e3o\n<p style=\"text-indent: 30px; font-style: italic;\">Chuva, garoa, granizo e neve s\u00e3o detectados de forma confi\u00e1vel, mesmo com o menor tamanho de part\u00edcula<\/p>\n<\/li>\n<li>Rea\u00e7\u00e3o sem atraso\n<p style=\"text-indent: 30px; font-style: italic;\">O princ\u00edpio optoeletr\u00f4nico reage imediatamente \u00e0s part\u00edculas na zona do sensor<\/p>\n<\/li>\n<li>Caixa de a\u00e7o inoxid\u00e1vel extremamente robusta com classe de prote\u00e7\u00e3o IP68\n<p style=\"text-indent: 30px; font-style: italic;\">Caixa imperme\u00e1vel totalmente met\u00e1lica feita de a\u00e7o inoxid\u00e1vel (V2A) &#8211; adequada para condi\u00e7\u00f5es ambientais extremas<\/p>\n<\/li>\n<li>Insens\u00edvel a interfer\u00eancias de luz\n<p style=\"text-indent: 30px; font-style: italic;\">Opera\u00e7\u00e3o confi\u00e1vel mesmo sob luz solar intensa gra\u00e7as \u00e0 tecnologia IR altamente seletiva<\/p>\n<\/li>\n<li>Sa\u00edda de alarme para sujeira\n<p style=\"text-indent: 30px; font-style: italic;\">A sa\u00edda SACT informa ao operador se as janelas do sensor estiverem muito sujas ou com gelo<\/p>\n<\/li>\n<li>Possibilidade de cabo de conex\u00e3o de at\u00e9 1.000 m\n<p style=\"text-indent: 30px; font-style: italic;\">A ampla faixa de tens\u00e3o operacional (9-18 V CC) e o baixo consumo de corrente permitem longas extens\u00f5es de cabos<\/p>\n<\/li>\n<li>Limite de resposta ajust\u00e1vel\n<p style=\"text-indent: 30px; font-style: italic;\">Chave rotativa para 1-15 pulsos por intervalo de tempo &#8211; quantidades insignificantes de precipita\u00e7\u00e3o podem ser suprimidas<\/p>\n<\/li>\n<li>IRSS88T: medi\u00e7\u00e3o de temperatura integrada com resolu\u00e7\u00e3o de 0,1 \u00b0C\n<p style=\"text-indent: 30px; font-style: italic;\">Sensor de temperatura separado com histerese de comuta\u00e7\u00e3o ajust\u00e1vel, sa\u00edda de temperatura anal\u00f3gica e protocolo de dados RS232<\/p>\n<\/li>\n<\/ul>\n","protected":false},"excerpt":{"rendered":"<p>Sensores de precipita\u00e7\u00e3o IRSS88 e IRSS88T &#8211; Detec\u00e7\u00e3o confi\u00e1vel de todos os tipos de precipita\u00e7\u00e3o Por que \u00e9 usado um sensor de precipita\u00e7\u00e3o? A detec\u00e7\u00e3o confi\u00e1vel de precipita\u00e7\u00e3o \u00e9 crucial em muitas \u00e1reas de aplica\u00e7\u00e3o, desde a tecnologia de controle de tr\u00e1fego at\u00e9 as esta\u00e7\u00f5es de tratamento de esgoto e o gerenciamento de edif\u00edcios. A [&hellip;]<\/p>\n","protected":false},"featured_media":15513,"template":"","meta":{"_acf_changed":false},"product_brand":[],"product_cat":[1418],"product_tag":[2523,2524,2520,2527,2528,2526,2529,2521,2522,2519,2525],"class_list":{"0":"post-30913","1":"product","2":"type-product","3":"status-publish","4":"has-post-thumbnail","6":"product_cat-sensores-de-precipitacao","7":"product_tag-infravermelho","8":"product_tag-ip68","9":"product_tag-irss88","10":"product_tag-irss88t","11":"product_tag-medicao-de-temperatura","12":"product_tag-meteorologia","13":"product_tag-rs232","14":"product_tag-sensor-de-chuva","15":"product_tag-sensor-de-neve","16":"product_tag-sensor-de-precipitacao","17":"product_tag-tecnologia-de-controle-de-trafego","19":"first","20":"instock","21":"shipping-taxable","22":"purchasable","23":"product-type-variable"},"exclude_global_add_ons":[],"addons":[],"acf":[],"yoast_head":"<!-- This site is optimized with the Yoast SEO Premium plugin v27.3 (Yoast SEO v27.4) - https:\/\/yoast.com\/product\/yoast-seo-premium-wordpress\/ -->\n<title>Sensor de precipita\u00e7\u00e3o IRSS88 \/ IRSS88T | A\u00e7o inoxid\u00e1vel | RLS Wacon<\/title>\n<meta name=\"description\" content=\"Sensores de precipita\u00e7\u00e3o IRSS88 e IRSS88T - detectores optoeletr\u00f4nicos para chuva, neve, granizo e garoa. Carca\u00e7a de a\u00e7o inoxid\u00e1vel, detec\u00e7\u00e3o instant\u00e2nea. IRSS88T com medi\u00e7\u00e3o de temperatura e RS232. Fabricado na Alemanha.\" \/>\n<meta name=\"robots\" content=\"index, follow, max-snippet:-1, max-image-preview:large, max-video-preview:-1\" \/>\n<link rel=\"canonical\" href=\"https:\/\/rls-wacon.de\/pt-br\/produkt\/sensor-de-precipitacao-irss88\/\" \/>\n<meta property=\"og:locale\" content=\"pt_BR\" \/>\n<meta property=\"og:type\" content=\"article\" \/>\n<meta property=\"og:title\" content=\"Sensor de precipita\u00e7\u00e3o IRSS88\" \/>\n<meta property=\"og:description\" content=\"Sensores de precipita\u00e7\u00e3o IRSS88 e IRSS88T - detectores optoeletr\u00f4nicos para chuva, neve, granizo e garoa. Carca\u00e7a de a\u00e7o inoxid\u00e1vel, detec\u00e7\u00e3o instant\u00e2nea. IRSS88T com medi\u00e7\u00e3o de temperatura e RS232. Fabricado na Alemanha.\" \/>\n<meta property=\"og:url\" content=\"https:\/\/rls-wacon.de\/pt-br\/produkt\/sensor-de-precipitacao-irss88\/\" \/>\n<meta property=\"og:site_name\" content=\"RLS Wacon analytics\" \/>\n<meta property=\"og:image\" content=\"https:\/\/rls-wacon.de\/wp-content\/uploads\/2023\/10\/IRSS88.webp\" \/>\n\t<meta property=\"og:image:width\" content=\"1417\" \/>\n\t<meta property=\"og:image:height\" content=\"1104\" \/>\n\t<meta property=\"og:image:type\" content=\"image\/webp\" \/>\n<meta name=\"twitter:card\" content=\"summary_large_image\" \/>\n<meta name=\"twitter:label1\" content=\"Disponibilidade\" \/>\n\t<meta name=\"twitter:data1\" content=\"Em Estoque\" \/>\n<script type=\"application\/ld+json\" class=\"yoast-schema-graph\">{\"@context\":\"https:\\\/\\\/schema.org\",\"@graph\":[{\"@type\":\"WebPage\",\"@id\":\"https:\\\/\\\/rls-wacon.de\\\/pt-br\\\/produkt\\\/sensor-de-precipitacao-irss88\\\/\",\"url\":\"https:\\\/\\\/rls-wacon.de\\\/pt-br\\\/produkt\\\/sensor-de-precipitacao-irss88\\\/\",\"name\":\"Sensor de precipita\u00e7\u00e3o IRSS88 \\\/ IRSS88T | A\u00e7o inoxid\u00e1vel | RLS Wacon\",\"isPartOf\":{\"@id\":\"https:\\\/\\\/rls-wacon.de\\\/#website\"},\"primaryImageOfPage\":{\"@id\":\"https:\\\/\\\/rls-wacon.de\\\/pt-br\\\/produkt\\\/sensor-de-precipitacao-irss88\\\/#primaryimage\"},\"image\":{\"@id\":\"https:\\\/\\\/rls-wacon.de\\\/pt-br\\\/produkt\\\/sensor-de-precipitacao-irss88\\\/#primaryimage\"},\"thumbnailUrl\":\"https:\\\/\\\/rls-wacon.de\\\/wp-content\\\/uploads\\\/2023\\\/10\\\/IRSS88.webp\",\"datePublished\":\"2026-03-24T12:10:25+00:00\",\"description\":\"Sensores de precipita\u00e7\u00e3o IRSS88 e IRSS88T - detectores optoeletr\u00f4nicos para chuva, neve, granizo e garoa. Carca\u00e7a de a\u00e7o inoxid\u00e1vel, detec\u00e7\u00e3o instant\u00e2nea. IRSS88T com medi\u00e7\u00e3o de temperatura e RS232. Fabricado na Alemanha.\",\"breadcrumb\":{\"@id\":\"https:\\\/\\\/rls-wacon.de\\\/pt-br\\\/produkt\\\/sensor-de-precipitacao-irss88\\\/#breadcrumb\"},\"inLanguage\":\"pt-BR\",\"potentialAction\":[{\"@type\":\"ReadAction\",\"target\":[\"https:\\\/\\\/rls-wacon.de\\\/pt-br\\\/produkt\\\/sensor-de-precipitacao-irss88\\\/\"]}]},{\"@type\":\"ImageObject\",\"inLanguage\":\"pt-BR\",\"@id\":\"https:\\\/\\\/rls-wacon.de\\\/pt-br\\\/produkt\\\/sensor-de-precipitacao-irss88\\\/#primaryimage\",\"url\":\"https:\\\/\\\/rls-wacon.de\\\/wp-content\\\/uploads\\\/2023\\\/10\\\/IRSS88.webp\",\"contentUrl\":\"https:\\\/\\\/rls-wacon.de\\\/wp-content\\\/uploads\\\/2023\\\/10\\\/IRSS88.webp\",\"width\":1417,\"height\":1104,\"caption\":\"Niederschlagssensor IRSS88\"},{\"@type\":\"BreadcrumbList\",\"@id\":\"https:\\\/\\\/rls-wacon.de\\\/pt-br\\\/produkt\\\/sensor-de-precipitacao-irss88\\\/#breadcrumb\",\"itemListElement\":[{\"@type\":\"ListItem\",\"position\":1,\"name\":\"Startseite\",\"item\":\"https:\\\/\\\/rls-wacon.de\\\/pt-br\\\/\"},{\"@type\":\"ListItem\",\"position\":2,\"name\":\"Produtos\",\"item\":\"https:\\\/\\\/rls-wacon.de\\\/shop\\\/\"},{\"@type\":\"ListItem\",\"position\":3,\"name\":\"Sensor de precipita\u00e7\u00e3o IRSS88\"}]},{\"@type\":\"WebSite\",\"@id\":\"https:\\\/\\\/rls-wacon.de\\\/#website\",\"url\":\"https:\\\/\\\/rls-wacon.de\\\/\",\"name\":\"RLS Wacon analytics GmbH\",\"description\":\"Experts for water monitoring\",\"publisher\":{\"@id\":\"https:\\\/\\\/rls-wacon.de\\\/#organization\"},\"potentialAction\":[{\"@type\":\"SearchAction\",\"target\":{\"@type\":\"EntryPoint\",\"urlTemplate\":\"https:\\\/\\\/rls-wacon.de\\\/?s={search_term_string}\"},\"query-input\":{\"@type\":\"PropertyValueSpecification\",\"valueRequired\":true,\"valueName\":\"search_term_string\"}}],\"inLanguage\":\"pt-BR\"},{\"@type\":\"Organization\",\"@id\":\"https:\\\/\\\/rls-wacon.de\\\/#organization\",\"name\":\"RLS Wacon analytics GmbH\",\"url\":\"https:\\\/\\\/rls-wacon.de\\\/\",\"logo\":{\"@type\":\"ImageObject\",\"inLanguage\":\"pt-BR\",\"@id\":\"https:\\\/\\\/rls-wacon.de\\\/#\\\/schema\\\/logo\\\/image\\\/\",\"url\":\"https:\\\/\\\/rls-wacon.de\\\/wp-content\\\/uploads\\\/2022\\\/10\\\/RLSWacon-analytics-Logo-BR-RZ-9_17-768x1591.png\",\"contentUrl\":\"https:\\\/\\\/rls-wacon.de\\\/wp-content\\\/uploads\\\/2022\\\/10\\\/RLSWacon-analytics-Logo-BR-RZ-9_17-768x1591.png\",\"width\":768,\"height\":159,\"caption\":\"RLS Wacon analytics GmbH\"},\"image\":{\"@id\":\"https:\\\/\\\/rls-wacon.de\\\/#\\\/schema\\\/logo\\\/image\\\/\"}}]}<\/script>\n<meta property=\"og:availability\" content=\"instock\" \/>\n<meta property=\"product:availability\" content=\"instock\" \/>\n<meta property=\"product:condition\" content=\"new\" \/>\n<!-- \/ Yoast SEO Premium plugin. -->","yoast_head_json":{"title":"Sensor de precipita\u00e7\u00e3o IRSS88 \/ IRSS88T | A\u00e7o inoxid\u00e1vel | RLS Wacon","description":"Sensores de precipita\u00e7\u00e3o IRSS88 e IRSS88T - detectores optoeletr\u00f4nicos para chuva, neve, granizo e garoa. Carca\u00e7a de a\u00e7o inoxid\u00e1vel, detec\u00e7\u00e3o instant\u00e2nea. IRSS88T com medi\u00e7\u00e3o de temperatura e RS232. Fabricado na Alemanha.","robots":{"index":"index","follow":"follow","max-snippet":"max-snippet:-1","max-image-preview":"max-image-preview:large","max-video-preview":"max-video-preview:-1"},"canonical":"https:\/\/rls-wacon.de\/pt-br\/produkt\/sensor-de-precipitacao-irss88\/","og_locale":"pt_BR","og_type":"article","og_title":"Sensor de precipita\u00e7\u00e3o IRSS88","og_description":"Sensores de precipita\u00e7\u00e3o IRSS88 e IRSS88T - detectores optoeletr\u00f4nicos para chuva, neve, granizo e garoa. Carca\u00e7a de a\u00e7o inoxid\u00e1vel, detec\u00e7\u00e3o instant\u00e2nea. IRSS88T com medi\u00e7\u00e3o de temperatura e RS232. Fabricado na Alemanha.","og_url":"https:\/\/rls-wacon.de\/pt-br\/produkt\/sensor-de-precipitacao-irss88\/","og_site_name":"RLS Wacon analytics","og_image":[{"width":1417,"height":1104,"url":"https:\/\/rls-wacon.de\/wp-content\/uploads\/2023\/10\/IRSS88.webp","type":"image\/webp"}],"twitter_card":"summary_large_image","twitter_misc":{"Disponibilidade":"Em Estoque"},"schema":{"@context":"https:\/\/schema.org","@graph":[{"@type":"WebPage","@id":"https:\/\/rls-wacon.de\/pt-br\/produkt\/sensor-de-precipitacao-irss88\/","url":"https:\/\/rls-wacon.de\/pt-br\/produkt\/sensor-de-precipitacao-irss88\/","name":"Sensor de precipita\u00e7\u00e3o IRSS88 \/ IRSS88T | A\u00e7o inoxid\u00e1vel | RLS Wacon","isPartOf":{"@id":"https:\/\/rls-wacon.de\/#website"},"primaryImageOfPage":{"@id":"https:\/\/rls-wacon.de\/pt-br\/produkt\/sensor-de-precipitacao-irss88\/#primaryimage"},"image":{"@id":"https:\/\/rls-wacon.de\/pt-br\/produkt\/sensor-de-precipitacao-irss88\/#primaryimage"},"thumbnailUrl":"https:\/\/rls-wacon.de\/wp-content\/uploads\/2023\/10\/IRSS88.webp","datePublished":"2026-03-24T12:10:25+00:00","description":"Sensores de precipita\u00e7\u00e3o IRSS88 e IRSS88T - detectores optoeletr\u00f4nicos para chuva, neve, granizo e garoa. Carca\u00e7a de a\u00e7o inoxid\u00e1vel, detec\u00e7\u00e3o instant\u00e2nea. IRSS88T com medi\u00e7\u00e3o de temperatura e RS232. Fabricado na Alemanha.","breadcrumb":{"@id":"https:\/\/rls-wacon.de\/pt-br\/produkt\/sensor-de-precipitacao-irss88\/#breadcrumb"},"inLanguage":"pt-BR","potentialAction":[{"@type":"ReadAction","target":["https:\/\/rls-wacon.de\/pt-br\/produkt\/sensor-de-precipitacao-irss88\/"]}]},{"@type":"ImageObject","inLanguage":"pt-BR","@id":"https:\/\/rls-wacon.de\/pt-br\/produkt\/sensor-de-precipitacao-irss88\/#primaryimage","url":"https:\/\/rls-wacon.de\/wp-content\/uploads\/2023\/10\/IRSS88.webp","contentUrl":"https:\/\/rls-wacon.de\/wp-content\/uploads\/2023\/10\/IRSS88.webp","width":1417,"height":1104,"caption":"Niederschlagssensor IRSS88"},{"@type":"BreadcrumbList","@id":"https:\/\/rls-wacon.de\/pt-br\/produkt\/sensor-de-precipitacao-irss88\/#breadcrumb","itemListElement":[{"@type":"ListItem","position":1,"name":"Startseite","item":"https:\/\/rls-wacon.de\/pt-br\/"},{"@type":"ListItem","position":2,"name":"Produtos","item":"https:\/\/rls-wacon.de\/shop\/"},{"@type":"ListItem","position":3,"name":"Sensor de precipita\u00e7\u00e3o IRSS88"}]},{"@type":"WebSite","@id":"https:\/\/rls-wacon.de\/#website","url":"https:\/\/rls-wacon.de\/","name":"RLS Wacon analytics GmbH","description":"Experts for water monitoring","publisher":{"@id":"https:\/\/rls-wacon.de\/#organization"},"potentialAction":[{"@type":"SearchAction","target":{"@type":"EntryPoint","urlTemplate":"https:\/\/rls-wacon.de\/?s={search_term_string}"},"query-input":{"@type":"PropertyValueSpecification","valueRequired":true,"valueName":"search_term_string"}}],"inLanguage":"pt-BR"},{"@type":"Organization","@id":"https:\/\/rls-wacon.de\/#organization","name":"RLS Wacon analytics GmbH","url":"https:\/\/rls-wacon.de\/","logo":{"@type":"ImageObject","inLanguage":"pt-BR","@id":"https:\/\/rls-wacon.de\/#\/schema\/logo\/image\/","url":"https:\/\/rls-wacon.de\/wp-content\/uploads\/2022\/10\/RLSWacon-analytics-Logo-BR-RZ-9_17-768x1591.png","contentUrl":"https:\/\/rls-wacon.de\/wp-content\/uploads\/2022\/10\/RLSWacon-analytics-Logo-BR-RZ-9_17-768x1591.png","width":768,"height":159,"caption":"RLS Wacon analytics GmbH"},"image":{"@id":"https:\/\/rls-wacon.de\/#\/schema\/logo\/image\/"}}]},"og_availability":"instock","product_availability":"instock","product_condition":"new"},"_links":{"self":[{"href":"https:\/\/rls-wacon.de\/pt-br\/wp-json\/wp\/v2\/product\/30913","targetHints":{"allow":["GET"]}}],"collection":[{"href":"https:\/\/rls-wacon.de\/pt-br\/wp-json\/wp\/v2\/product"}],"about":[{"href":"https:\/\/rls-wacon.de\/pt-br\/wp-json\/wp\/v2\/types\/product"}],"version-history":[{"count":0,"href":"https:\/\/rls-wacon.de\/pt-br\/wp-json\/wp\/v2\/product\/30913\/revisions"}],"wp:featuredmedia":[{"embeddable":true,"href":"https:\/\/rls-wacon.de\/pt-br\/wp-json\/wp\/v2\/media\/15513"}],"wp:attachment":[{"href":"https:\/\/rls-wacon.de\/pt-br\/wp-json\/wp\/v2\/media?parent=30913"}],"wp:term":[{"taxonomy":"product_brand","embeddable":true,"href":"https:\/\/rls-wacon.de\/pt-br\/wp-json\/wp\/v2\/product_brand?post=30913"},{"taxonomy":"product_cat","embeddable":true,"href":"https:\/\/rls-wacon.de\/pt-br\/wp-json\/wp\/v2\/product_cat?post=30913"},{"taxonomy":"product_tag","embeddable":true,"href":"https:\/\/rls-wacon.de\/pt-br\/wp-json\/wp\/v2\/product_tag?post=30913"}],"curies":[{"name":"wp","href":"https:\/\/api.w.org\/{rel}","templated":true}]}}